{"id":1087,"date":"2022-04-28T09:58:46","date_gmt":"2022-04-28T09:58:46","guid":{"rendered":"https:\/\/aprh.zalox.pt\/?page_id=1087"},"modified":"2022-05-09T17:25:06","modified_gmt":"2022-05-09T17:25:06","slug":"cnaia","status":"publish","type":"page","link":"https:\/\/aprh.pt\/pt\/infoteca\/associacoes\/cnaia\/","title":{"rendered":"CNAIA"},"content":{"rendered":"\t\t<div data-elementor-type=\"wp-page\" data-elementor-id=\"1087\" class=\"elementor elementor-1087\" data-elementor-post-type=\"page\">\n\t\t\t\t\t\t<section class=\"elementor-section elementor-top-section elementor-element elementor-element-2c35e642 elementor-section-full_width elementor-section-height-default elementor-section-height-default\" data-id=\"2c35e642\" data-element_type=\"section\" data-settings=\"{&quot;background_background&quot;:&quot;classic&quot;}\">\n\t\t\t\t\t\t<div class=\"elementor-container elementor-column-gap-no\">\n\t\t\t\t\t<div class=\"elementor-column elementor-col-100 elementor-top-column elementor-element elementor-element-5e334288\" data-id=\"5e334288\" data-element_type=\"column\">\n\t\t\t<div class=\"elementor-widget-wrap elementor-element-populated\">\n\t\t\t\t\t\t<section class=\"elementor-section elementor-inner-section elementor-element elementor-element-46647987 elementor-section-boxed elementor-section-height-default elementor-section-height-default\" data-id=\"46647987\" data-element_type=\"section\">\n\t\t\t\t\t\t<div class=\"elementor-container elementor-column-gap-no\">\n\t\t\t\t\t<div class=\"elementor-column elementor-col-100 elementor-inner-column elementor-element elementor-element-37b7bf6\" data-id=\"37b7bf6\" data-element_type=\"column\">\n\t\t\t<div class=\"elementor-widget-wrap elementor-element-populated\">\n\t\t\t\t\t\t<div class=\"elementor-element elementor-element-4288ef37 elementor-align-left elementor-widget elementor-widget-global elementor-global-553 elementor-widget-breadcrumbs\" data-id=\"4288ef37\" data-element_type=\"widget\" data-widget_type=\"breadcrumbs.default\">\n\t\t\t\t<div class=\"elementor-widget-container\">\n\t\t\t<p id=\"breadcrumbs\"><span><span><a href=\"https:\/\/aprh.pt\/pt\/\">Home<\/a><\/span><\/span><\/p>\t\t<\/div>\n\t\t\t\t<\/div>\n\t\t\t\t\t<\/div>\n\t\t<\/div>\n\t\t\t\t\t<\/div>\n\t\t<\/section>\n\t\t\t\t\t<\/div>\n\t\t<\/div>\n\t\t\t\t\t<\/div>\n\t\t<\/section>\n\t\t\t\t<section class=\"elementor-section elementor-top-section elementor-element elementor-element-18eeb8a1 elementor-section-boxed elementor-section-height-default elementor-section-height-default\" data-id=\"18eeb8a1\" data-element_type=\"section\">\n\t\t\t\t\t\t<div class=\"elementor-container elementor-column-gap-no\">\n\t\t\t\t\t<div class=\"elementor-column elementor-col-100 elementor-top-column elementor-element elementor-element-4b65a02a\" data-id=\"4b65a02a\" data-element_type=\"column\">\n\t\t\t<div class=\"elementor-widget-wrap elementor-element-populated\">\n\t\t\t\t\t\t<div class=\"elementor-element elementor-element-38b72e89 elementor-widget elementor-widget-global elementor-global-475 elementor-widget-spacer\" data-id=\"38b72e89\" data-element_type=\"widget\" data-widget_type=\"spacer.default\">\n\t\t\t\t<div class=\"elementor-widget-container\">\n\t\t\t\t\t<div class=\"elementor-spacer\">\n\t\t\t<div class=\"elementor-spacer-inner\"><\/div>\n\t\t<\/div>\n\t\t\t\t<\/div>\n\t\t\t\t<\/div>\n\t\t\t\t\t<\/div>\n\t\t<\/div>\n\t\t\t\t\t<\/div>\n\t\t<\/section>\n\t\t\t\t<section class=\"elementor-section elementor-top-section elementor-element elementor-element-755ac1b1 elementor-section-boxed elementor-section-height-default elementor-section-height-default\" data-id=\"755ac1b1\" data-element_type=\"section\">\n\t\t\t\t\t\t<div class=\"elementor-container elementor-column-gap-no\">\n\t\t\t\t\t<div class=\"elementor-column elementor-col-25 elementor-top-column elementor-element elementor-element-4e3e89c9\" data-id=\"4e3e89c9\" data-element_type=\"column\">\n\t\t\t<div class=\"elementor-widget-wrap elementor-element-populated\">\n\t\t\t\t\t\t<div class=\"elementor-element elementor-element-6846e39 elementor-widget elementor-widget-image\" data-id=\"6846e39\" data-element_type=\"widget\" data-widget_type=\"image.default\">\n\t\t\t\t<div class=\"elementor-widget-container\">\n\t\t\t\t\t\t\t\t\t\t\t\t\t<img decoding=\"async\" width=\"260\" height=\"170\" src=\"https:\/\/aprh.pt\/wp-content\/uploads\/2022\/04\/CNAIA.png\" class=\"attachment-large size-large wp-image-1066\" alt=\"\" \/>\t\t\t\t\t\t\t\t\t\t\t\t\t<\/div>\n\t\t\t\t<\/div>\n\t\t\t\t\t<\/div>\n\t\t<\/div>\n\t\t\t\t<div class=\"elementor-column elementor-col-50 elementor-top-column elementor-element elementor-element-11074c9a\" data-id=\"11074c9a\" data-element_type=\"column\">\n\t\t\t<div class=\"elementor-widget-wrap elementor-element-populated\">\n\t\t\t\t\t\t<section class=\"elementor-section elementor-inner-section elementor-element elementor-element-b750de8 elementor-section-content-middle elementor-section-boxed elementor-section-height-default elementor-section-height-default\" data-id=\"b750de8\" data-element_type=\"section\">\n\t\t\t\t\t\t<div class=\"elementor-container elementor-column-gap-no\">\n\t\t\t\t\t<div class=\"elementor-column elementor-col-33 elementor-inner-column elementor-element elementor-element-979e924\" data-id=\"979e924\" data-element_type=\"column\">\n\t\t\t<div class=\"elementor-widget-wrap elementor-element-populated\">\n\t\t\t\t\t\t<div class=\"elementor-element elementor-element-5b17025 elementor-widget elementor-widget-image\" data-id=\"5b17025\" data-element_type=\"widget\" data-widget_type=\"image.default\">\n\t\t\t\t<div class=\"elementor-widget-container\">\n\t\t\t\t\t\t\t\t\t\t\t\t\t\t<a href=\"https:\/\/aprh.pt\/pt\/\">\n\t\t\t\t\t\t\t<img decoding=\"async\" width=\"181\" height=\"80\" src=\"https:\/\/aprh.pt\/wp-content\/uploads\/2022\/04\/logotipo.png\" class=\"attachment-large size-large wp-image-17\" alt=\"\" \/>\t\t\t\t\t\t\t\t<\/a>\n\t\t\t\t\t\t\t\t\t\t\t\t\t<\/div>\n\t\t\t\t<\/div>\n\t\t\t\t\t<\/div>\n\t\t<\/div>\n\t\t\t\t<div class=\"elementor-column elementor-col-33 elementor-inner-column elementor-element elementor-element-3cc09de\" data-id=\"3cc09de\" data-element_type=\"column\">\n\t\t\t<div class=\"elementor-widget-wrap elementor-element-populated\">\n\t\t\t\t\t\t<div class=\"elementor-element elementor-element-e2ec640 elementor-widget elementor-widget-image\" data-id=\"e2ec640\" data-element_type=\"widget\" data-widget_type=\"image.default\">\n\t\t\t\t<div class=\"elementor-widget-container\">\n\t\t\t\t\t\t\t\t\t\t\t\t\t\t<a href=\"http:\/\/apesb.org\/\" target=\"_blank\">\n\t\t\t\t\t\t\t<img decoding=\"async\" width=\"260\" height=\"170\" src=\"https:\/\/aprh.pt\/wp-content\/uploads\/2022\/04\/logo_apesb.png\" class=\"attachment-large size-large wp-image-1074\" alt=\"Associa\u00e7\u00e3o Portuguesa de Engenharia Sanit\u00e1ria e Ambiental\" \/>\t\t\t\t\t\t\t\t<\/a>\n\t\t\t\t\t\t\t\t\t\t\t\t\t<\/div>\n\t\t\t\t<\/div>\n\t\t\t\t\t<\/div>\n\t\t<\/div>\n\t\t\t\t<div class=\"elementor-column elementor-col-33 elementor-inner-column elementor-element elementor-element-6e2fd49\" data-id=\"6e2fd49\" data-element_type=\"column\">\n\t\t\t<div class=\"elementor-widget-wrap elementor-element-populated\">\n\t\t\t\t\t\t<div class=\"elementor-element elementor-element-49e6b63 elementor-widget elementor-widget-image\" data-id=\"49e6b63\" data-element_type=\"widget\" data-widget_type=\"image.default\">\n\t\t\t\t<div class=\"elementor-widget-container\">\n\t\t\t\t\t\t\t\t\t\t\t\t\t\t<a href=\"https:\/\/www.apda.pt\/pt\/?p=pt\/\" target=\"_blank\">\n\t\t\t\t\t\t\t<img loading=\"lazy\" decoding=\"async\" width=\"230\" height=\"150\" src=\"https:\/\/aprh.pt\/wp-content\/uploads\/2022\/04\/logo_apda.png\" class=\"attachment-large size-large wp-image-1072\" alt=\"Associa\u00e7\u00e3o Portuguesa de Distribui\u00e7\u00e3o e Drenagem de \u00c1guas\" \/>\t\t\t\t\t\t\t\t<\/a>\n\t\t\t\t\t\t\t\t\t\t\t\t\t<\/div>\n\t\t\t\t<\/div>\n\t\t\t\t\t<\/div>\n\t\t<\/div>\n\t\t\t\t\t<\/div>\n\t\t<\/section>\n\t\t\t\t<div class=\"elementor-element elementor-element-682dad7e elementor-widget elementor-widget-heading\" data-id=\"682dad7e\" data-element_type=\"widget\" data-widget_type=\"heading.default\">\n\t\t\t\t<div class=\"elementor-widget-container\">\n\t\t\t<h2 class=\"elementor-heading-title elementor-size-default\">A CNAIA \u00e9 a Comiss\u00e3o Nacional da Associa\u00e7\u00e3o Internacional da \u00c1gua, tendo como como objectivos:<\/h2>\t\t<\/div>\n\t\t\t\t<\/div>\n\t\t\t\t<div class=\"elementor-element elementor-element-3b5967dd elementor-widget elementor-widget-text-editor\" data-id=\"3b5967dd\" data-element_type=\"widget\" data-widget_type=\"text-editor.default\">\n\t\t\t\t<div class=\"elementor-widget-container\">\n\t\t\t\t\t\t\t<ol><li>assegurar a representa\u00e7\u00e3o de Portugal nos \u00f3rg\u00e3os dirigentes da IWA &#8211; International Water Association, de acordo com a constitui\u00e7\u00e3o e estatutos desta Associa\u00e7\u00e3o, ou em resposta a solicita\u00e7\u00e3es expressas da mesma;<\/li><li>dinamizar a participa\u00e7\u00e3o de Portugal nas diversas actividades da IWA, em particular, nos Specialist Groups e nos Interest Groups;<\/li><li>designar relatores nacionais, respons\u00e1veis pela elabora\u00e7\u00e3o das contribui\u00e7\u00e3es nacionais para os International Reports apresentados nos Congressos Mundiais bienais;<\/li><li>promover a discuss\u00e3o e a aprecia\u00e7\u00e3o de processos de decis\u00e3o, ou documentos importantes da actividade da IWA;<\/li><li>veicular as posi\u00e7\u00f5es portuguesas e promover a defesa dos interesses nacionais no sector nos fora internacionais, atrav\u00e9s da IWA;<\/li><li>promover as publica\u00e7\u00f5es da IWA e a angaria\u00e7\u00e3o de novos membros e divulgar junto do meio cient\u00edfico e t\u00e9cnico nacional as actividades da IWA, nomeadamente os Congressos Mundiais, fomentando a participa\u00e7\u00e3o de t\u00e9cnicos portugueses;<\/li><li>promover interc\u00e2mbio t\u00e9cnico-cient\u00edfico com Associa\u00e7\u00f5es cong\u00e9neres de pa\u00edses de l\u00edngua portuguesa.<\/li><\/ol>\t\t\t\t\t\t<\/div>\n\t\t\t\t<\/div>\n\t\t\t\t<div class=\"elementor-element elementor-element-3ffa7e1 elementor-widget elementor-widget-heading\" data-id=\"3ffa7e1\" data-element_type=\"widget\" data-widget_type=\"heading.default\">\n\t\t\t\t<div class=\"elementor-widget-container\">\n\t\t\t<h2 class=\"elementor-heading-title elementor-size-default\">Quem constitui e como est\u00e1 organizada a CNAIA?<\/h2>\t\t<\/div>\n\t\t\t\t<\/div>\n\t\t\t\t<div class=\"elementor-element elementor-element-45f6a79 elementor-widget elementor-widget-text-editor\" data-id=\"45f6a79\" data-element_type=\"widget\" data-widget_type=\"text-editor.default\">\n\t\t\t\t<div class=\"elementor-widget-container\">\n\t\t\t\t\t\t\t<p>A CNAIA \u00e9 constitu\u00edda pela\u00a0<strong>Associa\u00e7\u00e3o Portuguesa de Distribui\u00e7\u00e3o e Drenagem de \u00c1guas (APDA)<\/strong>, pela\u00a0<strong>Associa\u00e7\u00e3o Portuguesa de Engenharia Sanit\u00e1ria e Ambiental (APESB)<\/strong>\u00a0e pela\u00a0<strong>Associa\u00e7\u00e3o Portuguesa dos Recursos H\u00eddricos (APRH)<\/strong>. A CNAIA \u00e9 organizada com base numa Comiss\u00e3o Plen\u00e1ria e numa Comiss\u00e3o Executiva. S\u00e3o membros da CNAIA:<\/p><ol><li>os elementos que integram a Comiss\u00e3o Executiva;<\/li><li>dois membros designados por cada uma das tr\u00eas Associa\u00e7\u00f5es Coordenadoras;<\/li><li>os representantes portugueses na estrutura da IWA;<\/li><li>outros membros portugueses dos \u00f3rg\u00e3os dirigentes da IWA;<\/li><li>todos os presidentes da Comiss\u00e3o Executiva nos mandatos anteriores.<\/li><\/ol>\t\t\t\t\t\t<\/div>\n\t\t\t\t<\/div>\n\t\t\t\t<div class=\"elementor-element elementor-element-6f738dc elementor-widget elementor-widget-heading\" data-id=\"6f738dc\" data-element_type=\"widget\" data-widget_type=\"heading.default\">\n\t\t\t\t<div class=\"elementor-widget-container\">\n\t\t\t<h2 class=\"elementor-heading-title elementor-size-default\">Quem financia a CNAIA?\n<\/h2>\t\t<\/div>\n\t\t\t\t<\/div>\n\t\t\t\t<div class=\"elementor-element elementor-element-c55a50c elementor-widget elementor-widget-text-editor\" data-id=\"c55a50c\" data-element_type=\"widget\" data-widget_type=\"text-editor.default\">\n\t\t\t\t<div class=\"elementor-widget-container\">\n\t\t\t\t\t\t\t<p>Os custos de funcionamento da CNAIA, com destaque para o pagamento da representa\u00e7\u00e3o na IWA e para as despesas de participa\u00e7\u00e3o nas reuni\u00f5es do \u201cGoverning Board\u201d, s\u00e3o suportados pelas tr\u00eas associa\u00e7\u00f5es fundadoras, por um conjunto seleccionado de patrocinadores e por fundos angariados atrav\u00e9s de ac\u00e7\u00f5es promovidas pela pr\u00f3pria CNAIA.<\/p>\t\t\t\t\t\t<\/div>\n\t\t\t\t<\/div>\n\t\t\t\t<div class=\"elementor-element elementor-element-1710252 elementor-widget elementor-widget-heading\" data-id=\"1710252\" data-element_type=\"widget\" data-widget_type=\"heading.default\">\n\t\t\t\t<div class=\"elementor-widget-container\">\n\t\t\t<h2 class=\"elementor-heading-title elementor-size-default\">Informa\u00e7\u00f5es:<\/h2>\t\t<\/div>\n\t\t\t\t<\/div>\n\t\t\t\t<div class=\"elementor-element elementor-element-04b895e elementor-widget elementor-widget-text-editor\" data-id=\"04b895e\" data-element_type=\"widget\" data-widget_type=\"text-editor.default\">\n\t\t\t\t<div class=\"elementor-widget-container\">\n\t\t\t\t\t\t\t<p>Secretariado da CNAIA 2014\/2016 CNAIA &#8211; Comiss\u00e3o Nacional da Associa\u00e7\u00e3o Internacional da \u00c1gua<\/p><p>a\/c &#8211; Associa\u00e7\u00e3o Portuguesa de Engenharia Sanit\u00e1ria e Ambiental (APESB)<\/p><p>LNEC-DHA-NES, Av. do Brasil 101<\/p><p>1700-066 Lisboa<\/p><p>Portugal Tel: +351 218 443 849<\/p><p>Fax: +351 218 443 048<\/p><p>Email:<span id=\"cloak75e0c4f9cf6833b5321b212cce5fe8b4\"><a href=\"mailto:apesb@apesb.org\">apesb@apesb.org<\/a><\/span><\/p><p><br \/>Web:\u00a0<a href=\"http:\/\/apesb.org\/pt\/\" target=\"_blank\" rel=\"noopener\">www.apesb.org<\/a>\u00a0<\/p>\t\t\t\t\t\t<\/div>\n\t\t\t\t<\/div>\n\t\t\t\t\t<\/div>\n\t\t<\/div>\n\t\t\t\t<div class=\"elementor-column elementor-col-25 elementor-top-column elementor-element elementor-element-39211f1f elementor-hidden-tablet elementor-hidden-mobile\" data-id=\"39211f1f\" data-element_type=\"column\">\n\t\t\t<div class=\"elementor-widget-wrap\">\n\t\t\t\t\t\t\t<\/div>\n\t\t<\/div>\n\t\t\t\t\t<\/div>\n\t\t<\/section>\n\t\t\t\t<section class=\"elementor-section elementor-top-section elementor-element elementor-element-23736c7d elementor-section-boxed elementor-section-height-default elementor-section-height-default\" data-id=\"23736c7d\" data-element_type=\"section\">\n\t\t\t\t\t\t<div class=\"elementor-container elementor-column-gap-no\">\n\t\t\t\t\t<div class=\"elementor-column elementor-col-100 elementor-top-column elementor-element elementor-element-6bad0c04\" data-id=\"6bad0c04\" data-element_type=\"column\">\n\t\t\t<div class=\"elementor-widget-wrap elementor-element-populated\">\n\t\t\t\t\t\t<div class=\"elementor-element elementor-element-1f9e9703 elementor-widget elementor-widget-global elementor-global-500 elementor-widget-spacer\" data-id=\"1f9e9703\" data-element_type=\"widget\" data-widget_type=\"spacer.default\">\n\t\t\t\t<div class=\"elementor-widget-container\">\n\t\t\t\t\t<div class=\"elementor-spacer\">\n\t\t\t<div class=\"elementor-spacer-inner\"><\/div>\n\t\t<\/div>\n\t\t\t\t<\/div>\n\t\t\t\t<\/div>\n\t\t\t\t\t<\/div>\n\t\t<\/div>\n\t\t\t\t\t<\/div>\n\t\t<\/section>\n\t\t\t\t<\/div>\n\t\t","protected":false},"excerpt":{"rendered":"<p>A CNAIA \u00e9 a Comiss\u00e3o Nacional da Associa\u00e7\u00e3o Internacional da \u00c1gua, tendo como como objectivos: assegurar a representa\u00e7\u00e3o de Portugal nos \u00f3rg\u00e3os dirigentes da IWA &#8211; International Water Association, de acordo com a constitui\u00e7\u00e3o e estatutos desta Associa\u00e7\u00e3o, ou em resposta a solicita\u00e7\u00e3es expressas da mesma; dinamizar a participa\u00e7\u00e3o de Portugal nas diversas actividades da [&hellip;]<\/p>\n","protected":false},"author":1,"featured_media":0,"parent":179,"menu_order":0,"comment_status":"closed","ping_status":"closed","template":"","meta":{"footnotes":""},"class_list":["post-1087","page","type-page","status-publish","hentry"],"yoast_head":"<!-- This site is optimized with the Yoast SEO plugin v23.8 - https:\/\/yoast.com\/wordpress\/plugins\/seo\/ -->\n<title>CNAIA - APRH<\/title>\n<meta name=\"robots\" content=\"index, follow, max-snippet:-1, max-image-preview:large, max-video-preview:-1\" \/>\n<link rel=\"canonical\" href=\"https:\/\/aprh.pt\/pt\/infoteca\/associacoes\/cnaia\/\" \/>\n<meta property=\"og:locale\" content=\"pt_PT\" \/>\n<meta property=\"og:type\" content=\"article\" \/>\n<meta property=\"og:title\" content=\"CNAIA - APRH\" \/>\n<meta property=\"og:description\" content=\"A CNAIA \u00e9 a Comiss\u00e3o Nacional da Associa\u00e7\u00e3o Internacional da \u00c1gua, tendo como como objectivos: assegurar a representa\u00e7\u00e3o de Portugal nos \u00f3rg\u00e3os dirigentes da IWA &#8211; International Water Association, de acordo com a constitui\u00e7\u00e3o e estatutos desta Associa\u00e7\u00e3o, ou em resposta a solicita\u00e7\u00e3es expressas da mesma; dinamizar a participa\u00e7\u00e3o de Portugal nas diversas actividades da [&hellip;]\" \/>\n<meta property=\"og:url\" content=\"https:\/\/aprh.pt\/pt\/infoteca\/associacoes\/cnaia\/\" \/>\n<meta property=\"og:site_name\" content=\"APRH\" \/>\n<meta property=\"article:modified_time\" content=\"2022-05-09T17:25:06+00:00\" \/>\n<meta property=\"og:image\" content=\"https:\/\/aprh.zalox.pt\/wp-content\/uploads\/2022\/04\/CNAIA.png\" \/>\n<meta name=\"twitter:card\" content=\"summary_large_image\" \/>\n<meta name=\"twitter:label1\" content=\"Tempo estimado de leitura\" \/>\n\t<meta name=\"twitter:data1\" content=\"3 minutos\" \/>\n<script type=\"application\/ld+json\" class=\"yoast-schema-graph\">{\"@context\":\"https:\/\/schema.org\",\"@graph\":[{\"@type\":\"WebPage\",\"@id\":\"https:\/\/aprh.pt\/pt\/infoteca\/associacoes\/cnaia\/\",\"url\":\"https:\/\/aprh.pt\/pt\/infoteca\/associacoes\/cnaia\/\",\"name\":\"CNAIA - APRH\",\"isPartOf\":{\"@id\":\"https:\/\/aprh.pt\/pt\/#website\"},\"primaryImageOfPage\":{\"@id\":\"https:\/\/aprh.pt\/pt\/infoteca\/associacoes\/cnaia\/#primaryimage\"},\"image\":{\"@id\":\"https:\/\/aprh.pt\/pt\/infoteca\/associacoes\/cnaia\/#primaryimage\"},\"thumbnailUrl\":\"https:\/\/aprh.zalox.pt\/wp-content\/uploads\/2022\/04\/CNAIA.png\",\"datePublished\":\"2022-04-28T09:58:46+00:00\",\"dateModified\":\"2022-05-09T17:25:06+00:00\",\"breadcrumb\":{\"@id\":\"https:\/\/aprh.pt\/pt\/infoteca\/associacoes\/cnaia\/#breadcrumb\"},\"inLanguage\":\"pt-PT\",\"potentialAction\":[{\"@type\":\"ReadAction\",\"target\":[\"https:\/\/aprh.pt\/pt\/infoteca\/associacoes\/cnaia\/\"]}]},{\"@type\":\"ImageObject\",\"inLanguage\":\"pt-PT\",\"@id\":\"https:\/\/aprh.pt\/pt\/infoteca\/associacoes\/cnaia\/#primaryimage\",\"url\":\"https:\/\/aprh.zalox.pt\/wp-content\/uploads\/2022\/04\/CNAIA.png\",\"contentUrl\":\"https:\/\/aprh.zalox.pt\/wp-content\/uploads\/2022\/04\/CNAIA.png\"},{\"@type\":\"BreadcrumbList\",\"@id\":\"https:\/\/aprh.pt\/pt\/infoteca\/associacoes\/cnaia\/#breadcrumb\",\"itemListElement\":[{\"@type\":\"ListItem\",\"position\":1,\"name\":\"Home\",\"item\":\"https:\/\/aprh.pt\/pt\/\"},{\"@type\":\"ListItem\",\"position\":2,\"name\":\"Infoteca\",\"item\":\"https:\/\/aprh.pt\/pt\/infoteca\/\"},{\"@type\":\"ListItem\",\"position\":3,\"name\":\"Associa\u00e7\u00f5es\",\"item\":\"https:\/\/aprh.pt\/pt\/infoteca\/associacoes\/\"},{\"@type\":\"ListItem\",\"position\":4,\"name\":\"CNAIA\"}]},{\"@type\":\"WebSite\",\"@id\":\"https:\/\/aprh.pt\/pt\/#website\",\"url\":\"https:\/\/aprh.pt\/pt\/\",\"name\":\"APRH\",\"description\":\"Associa\u00e7\u00e3o Portuguesa dos Recursos H\u00eddricos\",\"publisher\":{\"@id\":\"https:\/\/aprh.pt\/pt\/#organization\"},\"potentialAction\":[{\"@type\":\"SearchAction\",\"target\":{\"@type\":\"EntryPoint\",\"urlTemplate\":\"https:\/\/aprh.pt\/pt\/?s={search_term_string}\"},\"query-input\":{\"@type\":\"PropertyValueSpecification\",\"valueRequired\":true,\"valueName\":\"search_term_string\"}}],\"inLanguage\":\"pt-PT\"},{\"@type\":\"Organization\",\"@id\":\"https:\/\/aprh.pt\/pt\/#organization\",\"name\":\"APRH\",\"url\":\"https:\/\/aprh.pt\/pt\/\",\"logo\":{\"@type\":\"ImageObject\",\"inLanguage\":\"pt-PT\",\"@id\":\"https:\/\/aprh.pt\/pt\/#\/schema\/logo\/image\/\",\"url\":\"https:\/\/aprh.pt\/wp-content\/uploads\/2022\/04\/logotipo.png\",\"contentUrl\":\"https:\/\/aprh.pt\/wp-content\/uploads\/2022\/04\/logotipo.png\",\"width\":181,\"height\":80,\"caption\":\"APRH\"},\"image\":{\"@id\":\"https:\/\/aprh.pt\/pt\/#\/schema\/logo\/image\/\"}}]}<\/script>\n<!-- \/ Yoast SEO plugin. -->","yoast_head_json":{"title":"CNAIA - APRH","robots":{"index":"index","follow":"follow","max-snippet":"max-snippet:-1","max-image-preview":"max-image-preview:large","max-video-preview":"max-video-preview:-1"},"canonical":"https:\/\/aprh.pt\/pt\/infoteca\/associacoes\/cnaia\/","og_locale":"pt_PT","og_type":"article","og_title":"CNAIA - APRH","og_description":"A CNAIA \u00e9 a Comiss\u00e3o Nacional da Associa\u00e7\u00e3o Internacional da \u00c1gua, tendo como como objectivos: assegurar a representa\u00e7\u00e3o de Portugal nos \u00f3rg\u00e3os dirigentes da IWA &#8211; International Water Association, de acordo com a constitui\u00e7\u00e3o e estatutos desta Associa\u00e7\u00e3o, ou em resposta a solicita\u00e7\u00e3es expressas da mesma; dinamizar a participa\u00e7\u00e3o de Portugal nas diversas actividades da [&hellip;]","og_url":"https:\/\/aprh.pt\/pt\/infoteca\/associacoes\/cnaia\/","og_site_name":"APRH","article_modified_time":"2022-05-09T17:25:06+00:00","og_image":[{"url":"https:\/\/aprh.zalox.pt\/wp-content\/uploads\/2022\/04\/CNAIA.png"}],"twitter_card":"summary_large_image","twitter_misc":{"Tempo estimado de leitura":"3 minutos"},"schema":{"@context":"https:\/\/schema.org","@graph":[{"@type":"WebPage","@id":"https:\/\/aprh.pt\/pt\/infoteca\/associacoes\/cnaia\/","url":"https:\/\/aprh.pt\/pt\/infoteca\/associacoes\/cnaia\/","name":"CNAIA - APRH","isPartOf":{"@id":"https:\/\/aprh.pt\/pt\/#website"},"primaryImageOfPage":{"@id":"https:\/\/aprh.pt\/pt\/infoteca\/associacoes\/cnaia\/#primaryimage"},"image":{"@id":"https:\/\/aprh.pt\/pt\/infoteca\/associacoes\/cnaia\/#primaryimage"},"thumbnailUrl":"https:\/\/aprh.zalox.pt\/wp-content\/uploads\/2022\/04\/CNAIA.png","datePublished":"2022-04-28T09:58:46+00:00","dateModified":"2022-05-09T17:25:06+00:00","breadcrumb":{"@id":"https:\/\/aprh.pt\/pt\/infoteca\/associacoes\/cnaia\/#breadcrumb"},"inLanguage":"pt-PT","potentialAction":[{"@type":"ReadAction","target":["https:\/\/aprh.pt\/pt\/infoteca\/associacoes\/cnaia\/"]}]},{"@type":"ImageObject","inLanguage":"pt-PT","@id":"https:\/\/aprh.pt\/pt\/infoteca\/associacoes\/cnaia\/#primaryimage","url":"https:\/\/aprh.zalox.pt\/wp-content\/uploads\/2022\/04\/CNAIA.png","contentUrl":"https:\/\/aprh.zalox.pt\/wp-content\/uploads\/2022\/04\/CNAIA.png"},{"@type":"BreadcrumbList","@id":"https:\/\/aprh.pt\/pt\/infoteca\/associacoes\/cnaia\/#breadcrumb","itemListElement":[{"@type":"ListItem","position":1,"name":"Home","item":"https:\/\/aprh.pt\/pt\/"},{"@type":"ListItem","position":2,"name":"Infoteca","item":"https:\/\/aprh.pt\/pt\/infoteca\/"},{"@type":"ListItem","position":3,"name":"Associa\u00e7\u00f5es","item":"https:\/\/aprh.pt\/pt\/infoteca\/associacoes\/"},{"@type":"ListItem","position":4,"name":"CNAIA"}]},{"@type":"WebSite","@id":"https:\/\/aprh.pt\/pt\/#website","url":"https:\/\/aprh.pt\/pt\/","name":"APRH","description":"Associa\u00e7\u00e3o Portuguesa dos Recursos H\u00eddricos","publisher":{"@id":"https:\/\/aprh.pt\/pt\/#organization"},"potentialAction":[{"@type":"SearchAction","target":{"@type":"EntryPoint","urlTemplate":"https:\/\/aprh.pt\/pt\/?s={search_term_string}"},"query-input":{"@type":"PropertyValueSpecification","valueRequired":true,"valueName":"search_term_string"}}],"inLanguage":"pt-PT"},{"@type":"Organization","@id":"https:\/\/aprh.pt\/pt\/#organization","name":"APRH","url":"https:\/\/aprh.pt\/pt\/","logo":{"@type":"ImageObject","inLanguage":"pt-PT","@id":"https:\/\/aprh.pt\/pt\/#\/schema\/logo\/image\/","url":"https:\/\/aprh.pt\/wp-content\/uploads\/2022\/04\/logotipo.png","contentUrl":"https:\/\/aprh.pt\/wp-content\/uploads\/2022\/04\/logotipo.png","width":181,"height":80,"caption":"APRH"},"image":{"@id":"https:\/\/aprh.pt\/pt\/#\/schema\/logo\/image\/"}}]}},"_links":{"self":[{"href":"https:\/\/aprh.pt\/pt\/wp-json\/wp\/v2\/pages\/1087","targetHints":{"allow":["GET"]}}],"collection":[{"href":"https:\/\/aprh.pt\/pt\/wp-json\/wp\/v2\/pages"}],"about":[{"href":"https:\/\/aprh.pt\/pt\/wp-json\/wp\/v2\/types\/page"}],"author":[{"embeddable":true,"href":"https:\/\/aprh.pt\/pt\/wp-json\/wp\/v2\/users\/1"}],"replies":[{"embeddable":true,"href":"https:\/\/aprh.pt\/pt\/wp-json\/wp\/v2\/comments?post=1087"}],"version-history":[{"count":10,"href":"https:\/\/aprh.pt\/pt\/wp-json\/wp\/v2\/pages\/1087\/revisions"}],"predecessor-version":[{"id":2213,"href":"https:\/\/aprh.pt\/pt\/wp-json\/wp\/v2\/pages\/1087\/revisions\/2213"}],"up":[{"embeddable":true,"href":"https:\/\/aprh.pt\/pt\/wp-json\/wp\/v2\/pages\/179"}],"wp:attachment":[{"href":"https:\/\/aprh.pt\/pt\/wp-json\/wp\/v2\/media?parent=1087"}],"curies":[{"name":"wp","href":"https:\/\/api.w.org\/{rel}","templated":true}]}}