{"id":1344,"date":"2022-05-02T10:38:59","date_gmt":"2022-05-02T10:38:59","guid":{"rendered":"https:\/\/aprh.zalox.pt\/?page_id=1344"},"modified":"2023-08-08T11:24:35","modified_gmt":"2023-08-08T11:24:35","slug":"orgaos-sociais-1988-89","status":"publish","type":"page","link":"https:\/\/aprh.pt\/pt\/quem-somos\/historia\/orgaos-sociais-1988-89\/","title":{"rendered":"Org\u00e3os Sociais 1988\/89\u00a0"},"content":{"rendered":"\t\t<div data-elementor-type=\"wp-page\" data-elementor-id=\"1344\" class=\"elementor elementor-1344\" data-elementor-post-type=\"page\">\n\t\t\t\t\t\t<section class=\"elementor-section elementor-top-section elementor-element elementor-element-6b76a765 elementor-section-boxed elementor-section-height-default elementor-section-height-default\" data-id=\"6b76a765\" data-element_type=\"section\">\n\t\t\t\t\t\t<div class=\"elementor-container elementor-column-gap-default\">\n\t\t\t\t\t<div class=\"elementor-column elementor-col-100 elementor-top-column elementor-element elementor-element-27407225\" data-id=\"27407225\" data-element_type=\"column\">\n\t\t\t<div class=\"elementor-widget-wrap elementor-element-populated\">\n\t\t\t\t\t\t<div class=\"elementor-element elementor-element-669ac67b elementor-widget elementor-widget-global elementor-global-475 elementor-widget-spacer\" data-id=\"669ac67b\" data-element_type=\"widget\" data-widget_type=\"spacer.default\">\n\t\t\t\t<div class=\"elementor-widget-container\">\n\t\t\t\t\t<div class=\"elementor-spacer\">\n\t\t\t<div class=\"elementor-spacer-inner\"><\/div>\n\t\t<\/div>\n\t\t\t\t<\/div>\n\t\t\t\t<\/div>\n\t\t\t\t\t<\/div>\n\t\t<\/div>\n\t\t\t\t\t<\/div>\n\t\t<\/section>\n\t\t\t\t<section class=\"elementor-section elementor-top-section elementor-element elementor-element-37a93374 elementor-section-boxed elementor-section-height-default elementor-section-height-default\" data-id=\"37a93374\" data-element_type=\"section\">\n\t\t\t\t\t\t<div class=\"elementor-container elementor-column-gap-no\">\n\t\t\t\t\t<div class=\"elementor-column elementor-col-25 elementor-top-column elementor-element elementor-element-1099e65c\" data-id=\"1099e65c\" data-element_type=\"column\">\n\t\t\t<div class=\"elementor-widget-wrap elementor-element-populated\">\n\t\t\t\t\t\t<div class=\"elementor-element elementor-element-7a35621a elementor-widget elementor-widget-heading\" data-id=\"7a35621a\" data-element_type=\"widget\" data-widget_type=\"heading.default\">\n\t\t\t\t<div class=\"elementor-widget-container\">\n\t\t\t<h3 class=\"elementor-heading-title elementor-size-default\">Mesa da Assembleia Geral<\/h3>\t\t<\/div>\n\t\t\t\t<\/div>\n\t\t\t\t<div class=\"elementor-element elementor-element-34dd0372 elementor-widget elementor-widget-text-editor\" data-id=\"34dd0372\" data-element_type=\"widget\" data-widget_type=\"text-editor.default\">\n\t\t\t\t<div class=\"elementor-widget-container\">\n\t\t\t\t\t\t\t<h6>Jos\u00e9 Carlos da Costa Miranda &#8211; Presidente<\/h6><h6>Ant\u00f3nio Morais Sarmento &#8211; Vogal<\/h6><h6>Ant\u00f3nio Am\u00edlcar Os\u00f3rio Rebelo da Silva &#8211; Vogal<\/h6>\t\t\t\t\t\t<\/div>\n\t\t\t\t<\/div>\n\t\t\t\t\t<\/div>\n\t\t<\/div>\n\t\t\t\t<div class=\"elementor-column elementor-col-25 elementor-top-column elementor-element elementor-element-12b4a08\" data-id=\"12b4a08\" data-element_type=\"column\">\n\t\t\t<div class=\"elementor-widget-wrap elementor-element-populated\">\n\t\t\t\t\t\t<div class=\"elementor-element elementor-element-fd4afe1 elementor-widget elementor-widget-heading\" data-id=\"fd4afe1\" data-element_type=\"widget\" data-widget_type=\"heading.default\">\n\t\t\t\t<div class=\"elementor-widget-container\">\n\t\t\t<h3 class=\"elementor-heading-title elementor-size-default\">Conselho Geral<\/h3>\t\t<\/div>\n\t\t\t\t<\/div>\n\t\t\t\t\t<\/div>\n\t\t<\/div>\n\t\t\t\t<div class=\"elementor-column elementor-col-25 elementor-top-column elementor-element elementor-element-59a0f406\" data-id=\"59a0f406\" data-element_type=\"column\">\n\t\t\t<div class=\"elementor-widget-wrap elementor-element-populated\">\n\t\t\t\t\t\t<div class=\"elementor-element elementor-element-2ea3a701 elementor-widget elementor-widget-heading\" data-id=\"2ea3a701\" data-element_type=\"widget\" data-widget_type=\"heading.default\">\n\t\t\t\t<div class=\"elementor-widget-container\">\n\t\t\t<h3 class=\"elementor-heading-title elementor-size-default\">Comiss\u00e3o Directiva<\/h3>\t\t<\/div>\n\t\t\t\t<\/div>\n\t\t\t\t<div class=\"elementor-element elementor-element-45539773 elementor-widget elementor-widget-text-editor\" data-id=\"45539773\" data-element_type=\"widget\" data-widget_type=\"text-editor.default\">\n\t\t\t\t<div class=\"elementor-widget-container\">\n\t\t\t\t\t\t\t<h6>Vera Bruto da Costa &#8211; Presidente<\/h6><h6>Jo\u00e3o Bau &#8211; Vice-Presidente<\/h6><h6>Jos\u00e9 Tom\u00e1s Froes da Veiga Frade &#8211; Vice-Presidente<\/h6><h6>Maria Helena Lima Santos &#8211; Tesoureira<\/h6><h6>Ant\u00f3nio Alberto Nascimento Pinheiro &#8211; Secret\u00e1rio<\/h6>\t\t\t\t\t\t<\/div>\n\t\t\t\t<\/div>\n\t\t\t\t\t<\/div>\n\t\t<\/div>\n\t\t\t\t<div class=\"elementor-column elementor-col-25 elementor-top-column elementor-element elementor-element-1a295791\" data-id=\"1a295791\" data-element_type=\"column\">\n\t\t\t<div class=\"elementor-widget-wrap elementor-element-populated\">\n\t\t\t\t\t\t<div class=\"elementor-element elementor-element-4202ca17 elementor-widget elementor-widget-heading\" data-id=\"4202ca17\" data-element_type=\"widget\" data-widget_type=\"heading.default\">\n\t\t\t\t<div class=\"elementor-widget-container\">\n\t\t\t<h3 class=\"elementor-heading-title elementor-size-default\">Conselho Fiscal<\/h3>\t\t<\/div>\n\t\t\t\t<\/div>\n\t\t\t\t<div class=\"elementor-element elementor-element-4c560dfd elementor-widget elementor-widget-text-editor\" data-id=\"4c560dfd\" data-element_type=\"widget\" data-widget_type=\"text-editor.default\">\n\t\t\t\t<div class=\"elementor-widget-container\">\n\t\t\t\t\t\t\t<h6>Jos\u00e9 Alberto de Almeida Costa &#8211; Presidente<\/h6><h6>Fernando Mafra Pereira dos Santos &#8211; Vogal<\/h6><h6>Alfredo Augusto Cunhal Gon\u00e7alves Ferreira &#8211; Vogal<\/h6>\t\t\t\t\t\t<\/div>\n\t\t\t\t<\/div>\n\t\t\t\t\t<\/div>\n\t\t<\/div>\n\t\t\t\t\t<\/div>\n\t\t<\/section>\n\t\t\t\t<section class=\"elementor-section elementor-top-section elementor-element elementor-element-7bc242fa elementor-section-boxed elementor-section-height-default elementor-section-height-default\" data-id=\"7bc242fa\" data-element_type=\"section\">\n\t\t\t\t\t\t<div class=\"elementor-container elementor-column-gap-no\">\n\t\t\t\t\t<div class=\"elementor-column elementor-col-100 elementor-top-column elementor-element elementor-element-5e074544\" data-id=\"5e074544\" data-element_type=\"column\">\n\t\t\t<div class=\"elementor-widget-wrap elementor-element-populated\">\n\t\t\t\t\t\t<div class=\"elementor-element elementor-element-3c9874f4 elementor-widget elementor-widget-heading\" data-id=\"3c9874f4\" data-element_type=\"widget\" data-widget_type=\"heading.default\">\n\t\t\t\t<div class=\"elementor-widget-container\">\n\t\t\t<h2 class=\"elementor-heading-title elementor-size-default\">N\u00facleos <br> Regionais<\/h2>\t\t<\/div>\n\t\t\t\t<\/div>\n\t\t\t\t\t<\/div>\n\t\t<\/div>\n\t\t\t\t\t<\/div>\n\t\t<\/section>\n\t\t\t\t<section class=\"elementor-section elementor-top-section elementor-element elementor-element-1cf0a2b elementor-section-boxed elementor-section-height-default elementor-section-height-default\" data-id=\"1cf0a2b\" data-element_type=\"section\">\n\t\t\t\t\t\t<div class=\"elementor-container elementor-column-gap-no\">\n\t\t\t\t\t<div class=\"elementor-column elementor-col-25 elementor-top-column elementor-element elementor-element-678b457f\" data-id=\"678b457f\" data-element_type=\"column\">\n\t\t\t<div class=\"elementor-widget-wrap elementor-element-populated\">\n\t\t\t\t\t\t<div class=\"elementor-element elementor-element-6610ade3 elementor-widget elementor-widget-heading\" data-id=\"6610ade3\" data-element_type=\"widget\" data-widget_type=\"heading.default\">\n\t\t\t\t<div class=\"elementor-widget-container\">\n\t\t\t<h3 class=\"elementor-heading-title elementor-size-default\">N\u00facleo Regional do Norte (NRN)\n<\/h3>\t\t<\/div>\n\t\t\t\t<\/div>\n\t\t\t\t<div class=\"elementor-element elementor-element-2837a066 elementor-widget elementor-widget-text-editor\" data-id=\"2837a066\" data-element_type=\"widget\" data-widget_type=\"text-editor.default\">\n\t\t\t\t<div class=\"elementor-widget-container\">\n\t\t\t\t\t\t\t<h6>Armando dos Santos Paup\u00e9rio &#8211; Presidente<\/h6><h6>Jos\u00e9 Carlos Tent\u00fagal Valente &#8211; Vogal<\/h6><h6>Joaquim Pereira Lopes &#8211; Vogal<\/h6><h6>Jos\u00e9 Manuel Dias da Silva &#8211;\u00a0Vogal<\/h6><h6>Lu\u00eds Soares Barbosa &#8211;\u00a0Vogal<\/h6>\t\t\t\t\t\t<\/div>\n\t\t\t\t<\/div>\n\t\t\t\t\t<\/div>\n\t\t<\/div>\n\t\t\t\t<div class=\"elementor-column elementor-col-25 elementor-top-column elementor-element elementor-element-60dd0f52\" data-id=\"60dd0f52\" data-element_type=\"column\">\n\t\t\t<div class=\"elementor-widget-wrap elementor-element-populated\">\n\t\t\t\t\t\t<div class=\"elementor-element elementor-element-5df88cf0 elementor-widget elementor-widget-heading\" data-id=\"5df88cf0\" data-element_type=\"widget\" data-widget_type=\"heading.default\">\n\t\t\t\t<div class=\"elementor-widget-container\">\n\t\t\t<h3 class=\"elementor-heading-title elementor-size-default\">N\u00facleo Regional do Centro (NRC)\nComiss\u00e3o Instaladora<\/h3>\t\t<\/div>\n\t\t\t\t<\/div>\n\t\t\t\t<div class=\"elementor-element elementor-element-6e5169f0 elementor-widget elementor-widget-text-editor\" data-id=\"6e5169f0\" data-element_type=\"widget\" data-widget_type=\"text-editor.default\">\n\t\t\t\t<div class=\"elementor-widget-container\">\n\t\t\t\t\t\t\t<h6>Fernando Jos\u00e9 Azevedo Sobral &#8211; Presidente<\/h6><h6>Armando da Costa Duarte &#8211; Vogal<\/h6><h6>Ant\u00f3nio N- Luz Rainho &#8211; Vogal<\/h6><h6>Maria Madalena Vasconcelos &#8211; Vogal<\/h6><h6>Albino J\u00falio Silva Pereira &#8211; Vogal<\/h6>\t\t\t\t\t\t<\/div>\n\t\t\t\t<\/div>\n\t\t\t\t\t<\/div>\n\t\t<\/div>\n\t\t\t\t<div class=\"elementor-column elementor-col-25 elementor-top-column elementor-element elementor-element-2083872\" data-id=\"2083872\" data-element_type=\"column\">\n\t\t\t<div class=\"elementor-widget-wrap elementor-element-populated\">\n\t\t\t\t\t\t<div class=\"elementor-element elementor-element-61fedf4 elementor-widget elementor-widget-heading\" data-id=\"61fedf4\" data-element_type=\"widget\" data-widget_type=\"heading.default\">\n\t\t\t\t<div class=\"elementor-widget-container\">\n\t\t\t<h3 class=\"elementor-heading-title elementor-size-default\">N\u00facleo Regional do Sul (NRS)<\/h3>\t\t<\/div>\n\t\t\t\t<\/div>\n\t\t\t\t<div class=\"elementor-element elementor-element-cf56e31 elementor-widget elementor-widget-text-editor\" data-id=\"cf56e31\" data-element_type=\"widget\" data-widget_type=\"text-editor.default\">\n\t\t\t\t<div class=\"elementor-widget-container\">\n\t\t\t\t\t\t\t<h6>David Oliveira Assoreira &#8211; Presidente<\/h6><h6>Jos\u00e9 Campos Correia &#8211; Vogal<\/h6><h6>Lu\u00eds Gaspar de Freitas &#8211; Vogal<\/h6><h6>Hemet\u00e9rio J. Antunes Monteiro &#8211; Vogal<\/h6><h6>Ant\u00f3nio Andr\u00e9 Matoso Pereira &#8211; Vogal<\/h6>\t\t\t\t\t\t<\/div>\n\t\t\t\t<\/div>\n\t\t\t\t\t<\/div>\n\t\t<\/div>\n\t\t\t\t<div class=\"elementor-column elementor-col-25 elementor-top-column elementor-element elementor-element-c215a8a\" data-id=\"c215a8a\" data-element_type=\"column\">\n\t\t\t<div class=\"elementor-widget-wrap\">\n\t\t\t\t\t\t\t<\/div>\n\t\t<\/div>\n\t\t\t\t\t<\/div>\n\t\t<\/section>\n\t\t\t\t<section class=\"elementor-section elementor-top-section elementor-element elementor-element-3ee7dc68 elementor-section-boxed elementor-section-height-default elementor-section-height-default\" data-id=\"3ee7dc68\" data-element_type=\"section\">\n\t\t\t\t\t\t<div class=\"elementor-container elementor-column-gap-default\">\n\t\t\t\t\t<div class=\"elementor-column elementor-col-100 elementor-top-column elementor-element elementor-element-129b2e1c\" data-id=\"129b2e1c\" data-element_type=\"column\">\n\t\t\t<div class=\"elementor-widget-wrap elementor-element-populated\">\n\t\t\t\t\t\t<div class=\"elementor-element elementor-element-1c36767b elementor-widget elementor-widget-global elementor-global-500 elementor-widget-spacer\" data-id=\"1c36767b\" data-element_type=\"widget\" data-widget_type=\"spacer.default\">\n\t\t\t\t<div class=\"elementor-widget-container\">\n\t\t\t\t\t<div class=\"elementor-spacer\">\n\t\t\t<div class=\"elementor-spacer-inner\"><\/div>\n\t\t<\/div>\n\t\t\t\t<\/div>\n\t\t\t\t<\/div>\n\t\t\t\t\t<\/div>\n\t\t<\/div>\n\t\t\t\t\t<\/div>\n\t\t<\/section>\n\t\t\t\t<\/div>\n\t\t","protected":false},"excerpt":{"rendered":"<p>Mesa da Assembleia Geral Jos\u00e9 Carlos da Costa Miranda &#8211; Presidente Ant\u00f3nio Morais Sarmento &#8211; Vogal Ant\u00f3nio Am\u00edlcar Os\u00f3rio Rebelo da Silva &#8211; Vogal Conselho Geral Comiss\u00e3o Directiva Vera Bruto da Costa &#8211; Presidente Jo\u00e3o Bau &#8211; Vice-Presidente Jos\u00e9 Tom\u00e1s Froes da Veiga Frade &#8211; Vice-Presidente Maria Helena Lima Santos &#8211; Tesoureira Ant\u00f3nio Alberto Nascimento [&hellip;]<\/p>\n","protected":false},"author":1,"featured_media":0,"parent":45468,"menu_order":0,"comment_status":"closed","ping_status":"closed","template":"","meta":{"footnotes":""},"class_list":["post-1344","page","type-page","status-publish","hentry"],"yoast_head":"<!-- This site is optimized with the Yoast SEO plugin v23.8 - https:\/\/yoast.com\/wordpress\/plugins\/seo\/ -->\n<title>Org\u00e3os Sociais 1988\/89\u00a0 - APRH<\/title>\n<meta name=\"robots\" content=\"index, follow, max-snippet:-1, max-image-preview:large, max-video-preview:-1\" \/>\n<link rel=\"canonical\" href=\"https:\/\/aprh.pt\/pt\/quem-somos\/historia\/orgaos-sociais-1988-89\/\" \/>\n<meta property=\"og:locale\" content=\"pt_PT\" \/>\n<meta property=\"og:type\" content=\"article\" \/>\n<meta property=\"og:title\" content=\"Org\u00e3os Sociais 1988\/89\u00a0 - APRH\" \/>\n<meta property=\"og:description\" content=\"Mesa da Assembleia Geral Jos\u00e9 Carlos da Costa Miranda &#8211; Presidente Ant\u00f3nio Morais Sarmento &#8211; Vogal Ant\u00f3nio Am\u00edlcar Os\u00f3rio Rebelo da Silva &#8211; Vogal Conselho Geral Comiss\u00e3o Directiva Vera Bruto da Costa &#8211; Presidente Jo\u00e3o Bau &#8211; Vice-Presidente Jos\u00e9 Tom\u00e1s Froes da Veiga Frade &#8211; Vice-Presidente Maria Helena Lima Santos &#8211; Tesoureira Ant\u00f3nio Alberto Nascimento [&hellip;]\" \/>\n<meta property=\"og:url\" content=\"https:\/\/aprh.pt\/pt\/quem-somos\/historia\/orgaos-sociais-1988-89\/\" \/>\n<meta property=\"og:site_name\" content=\"APRH\" \/>\n<meta property=\"article:modified_time\" content=\"2023-08-08T11:24:35+00:00\" \/>\n<meta name=\"twitter:card\" content=\"summary_large_image\" \/>\n<meta name=\"twitter:label1\" content=\"Tempo estimado de leitura\" \/>\n\t<meta name=\"twitter:data1\" content=\"1 minuto\" \/>\n<script type=\"application\/ld+json\" class=\"yoast-schema-graph\">{\"@context\":\"https:\/\/schema.org\",\"@graph\":[{\"@type\":\"WebPage\",\"@id\":\"https:\/\/aprh.pt\/pt\/quem-somos\/historia\/orgaos-sociais-1988-89\/\",\"url\":\"https:\/\/aprh.pt\/pt\/quem-somos\/historia\/orgaos-sociais-1988-89\/\",\"name\":\"Org\u00e3os Sociais 1988\/89\u00a0 - APRH\",\"isPartOf\":{\"@id\":\"https:\/\/aprh.pt\/pt\/#website\"},\"datePublished\":\"2022-05-02T10:38:59+00:00\",\"dateModified\":\"2023-08-08T11:24:35+00:00\",\"breadcrumb\":{\"@id\":\"https:\/\/aprh.pt\/pt\/quem-somos\/historia\/orgaos-sociais-1988-89\/#breadcrumb\"},\"inLanguage\":\"pt-PT\",\"potentialAction\":[{\"@type\":\"ReadAction\",\"target\":[\"https:\/\/aprh.pt\/pt\/quem-somos\/historia\/orgaos-sociais-1988-89\/\"]}]},{\"@type\":\"BreadcrumbList\",\"@id\":\"https:\/\/aprh.pt\/pt\/quem-somos\/historia\/orgaos-sociais-1988-89\/#breadcrumb\",\"itemListElement\":[{\"@type\":\"ListItem\",\"position\":1,\"name\":\"Home\",\"item\":\"https:\/\/aprh.pt\/pt\/\"},{\"@type\":\"ListItem\",\"position\":2,\"name\":\"Quem somos\",\"item\":\"https:\/\/aprh.pt\/pt\/quem-somos\/\"},{\"@type\":\"ListItem\",\"position\":3,\"name\":\"Hist\u00f3ria\",\"item\":\"https:\/\/aprh.pt\/pt\/quem-somos\/historia\/\"},{\"@type\":\"ListItem\",\"position\":4,\"name\":\"Org\u00e3os Sociais 1988\/89\u00a0\"}]},{\"@type\":\"WebSite\",\"@id\":\"https:\/\/aprh.pt\/pt\/#website\",\"url\":\"https:\/\/aprh.pt\/pt\/\",\"name\":\"APRH\",\"description\":\"Associa\u00e7\u00e3o Portuguesa dos Recursos H\u00eddricos\",\"publisher\":{\"@id\":\"https:\/\/aprh.pt\/pt\/#organization\"},\"potentialAction\":[{\"@type\":\"SearchAction\",\"target\":{\"@type\":\"EntryPoint\",\"urlTemplate\":\"https:\/\/aprh.pt\/pt\/?s={search_term_string}\"},\"query-input\":{\"@type\":\"PropertyValueSpecification\",\"valueRequired\":true,\"valueName\":\"search_term_string\"}}],\"inLanguage\":\"pt-PT\"},{\"@type\":\"Organization\",\"@id\":\"https:\/\/aprh.pt\/pt\/#organization\",\"name\":\"APRH\",\"url\":\"https:\/\/aprh.pt\/pt\/\",\"logo\":{\"@type\":\"ImageObject\",\"inLanguage\":\"pt-PT\",\"@id\":\"https:\/\/aprh.pt\/pt\/#\/schema\/logo\/image\/\",\"url\":\"https:\/\/aprh.pt\/wp-content\/uploads\/2022\/04\/logotipo.png\",\"contentUrl\":\"https:\/\/aprh.pt\/wp-content\/uploads\/2022\/04\/logotipo.png\",\"width\":181,\"height\":80,\"caption\":\"APRH\"},\"image\":{\"@id\":\"https:\/\/aprh.pt\/pt\/#\/schema\/logo\/image\/\"}}]}<\/script>\n<!-- \/ Yoast SEO plugin. -->","yoast_head_json":{"title":"Org\u00e3os Sociais 1988\/89\u00a0 - APRH","robots":{"index":"index","follow":"follow","max-snippet":"max-snippet:-1","max-image-preview":"max-image-preview:large","max-video-preview":"max-video-preview:-1"},"canonical":"https:\/\/aprh.pt\/pt\/quem-somos\/historia\/orgaos-sociais-1988-89\/","og_locale":"pt_PT","og_type":"article","og_title":"Org\u00e3os Sociais 1988\/89\u00a0 - APRH","og_description":"Mesa da Assembleia Geral Jos\u00e9 Carlos da Costa Miranda &#8211; Presidente Ant\u00f3nio Morais Sarmento &#8211; Vogal Ant\u00f3nio Am\u00edlcar Os\u00f3rio Rebelo da Silva &#8211; Vogal Conselho Geral Comiss\u00e3o Directiva Vera Bruto da Costa &#8211; Presidente Jo\u00e3o Bau &#8211; Vice-Presidente Jos\u00e9 Tom\u00e1s Froes da Veiga Frade &#8211; Vice-Presidente Maria Helena Lima Santos &#8211; Tesoureira Ant\u00f3nio Alberto Nascimento [&hellip;]","og_url":"https:\/\/aprh.pt\/pt\/quem-somos\/historia\/orgaos-sociais-1988-89\/","og_site_name":"APRH","article_modified_time":"2023-08-08T11:24:35+00:00","twitter_card":"summary_large_image","twitter_misc":{"Tempo estimado de leitura":"1 minuto"},"schema":{"@context":"https:\/\/schema.org","@graph":[{"@type":"WebPage","@id":"https:\/\/aprh.pt\/pt\/quem-somos\/historia\/orgaos-sociais-1988-89\/","url":"https:\/\/aprh.pt\/pt\/quem-somos\/historia\/orgaos-sociais-1988-89\/","name":"Org\u00e3os Sociais 1988\/89\u00a0 - APRH","isPartOf":{"@id":"https:\/\/aprh.pt\/pt\/#website"},"datePublished":"2022-05-02T10:38:59+00:00","dateModified":"2023-08-08T11:24:35+00:00","breadcrumb":{"@id":"https:\/\/aprh.pt\/pt\/quem-somos\/historia\/orgaos-sociais-1988-89\/#breadcrumb"},"inLanguage":"pt-PT","potentialAction":[{"@type":"ReadAction","target":["https:\/\/aprh.pt\/pt\/quem-somos\/historia\/orgaos-sociais-1988-89\/"]}]},{"@type":"BreadcrumbList","@id":"https:\/\/aprh.pt\/pt\/quem-somos\/historia\/orgaos-sociais-1988-89\/#breadcrumb","itemListElement":[{"@type":"ListItem","position":1,"name":"Home","item":"https:\/\/aprh.pt\/pt\/"},{"@type":"ListItem","position":2,"name":"Quem somos","item":"https:\/\/aprh.pt\/pt\/quem-somos\/"},{"@type":"ListItem","position":3,"name":"Hist\u00f3ria","item":"https:\/\/aprh.pt\/pt\/quem-somos\/historia\/"},{"@type":"ListItem","position":4,"name":"Org\u00e3os Sociais 1988\/89\u00a0"}]},{"@type":"WebSite","@id":"https:\/\/aprh.pt\/pt\/#website","url":"https:\/\/aprh.pt\/pt\/","name":"APRH","description":"Associa\u00e7\u00e3o Portuguesa dos Recursos H\u00eddricos","publisher":{"@id":"https:\/\/aprh.pt\/pt\/#organization"},"potentialAction":[{"@type":"SearchAction","target":{"@type":"EntryPoint","urlTemplate":"https:\/\/aprh.pt\/pt\/?s={search_term_string}"},"query-input":{"@type":"PropertyValueSpecification","valueRequired":true,"valueName":"search_term_string"}}],"inLanguage":"pt-PT"},{"@type":"Organization","@id":"https:\/\/aprh.pt\/pt\/#organization","name":"APRH","url":"https:\/\/aprh.pt\/pt\/","logo":{"@type":"ImageObject","inLanguage":"pt-PT","@id":"https:\/\/aprh.pt\/pt\/#\/schema\/logo\/image\/","url":"https:\/\/aprh.pt\/wp-content\/uploads\/2022\/04\/logotipo.png","contentUrl":"https:\/\/aprh.pt\/wp-content\/uploads\/2022\/04\/logotipo.png","width":181,"height":80,"caption":"APRH"},"image":{"@id":"https:\/\/aprh.pt\/pt\/#\/schema\/logo\/image\/"}}]}},"_links":{"self":[{"href":"https:\/\/aprh.pt\/pt\/wp-json\/wp\/v2\/pages\/1344","targetHints":{"allow":["GET"]}}],"collection":[{"href":"https:\/\/aprh.pt\/pt\/wp-json\/wp\/v2\/pages"}],"about":[{"href":"https:\/\/aprh.pt\/pt\/wp-json\/wp\/v2\/types\/page"}],"author":[{"embeddable":true,"href":"https:\/\/aprh.pt\/pt\/wp-json\/wp\/v2\/users\/1"}],"replies":[{"embeddable":true,"href":"https:\/\/aprh.pt\/pt\/wp-json\/wp\/v2\/comments?post=1344"}],"version-history":[{"count":26,"href":"https:\/\/aprh.pt\/pt\/wp-json\/wp\/v2\/pages\/1344\/revisions"}],"predecessor-version":[{"id":68929,"href":"https:\/\/aprh.pt\/pt\/wp-json\/wp\/v2\/pages\/1344\/revisions\/68929"}],"up":[{"embeddable":true,"href":"https:\/\/aprh.pt\/pt\/wp-json\/wp\/v2\/pages\/45468"}],"wp:attachment":[{"href":"https:\/\/aprh.pt\/pt\/wp-json\/wp\/v2\/media?parent=1344"}],"curies":[{"name":"wp","href":"https:\/\/api.w.org\/{rel}","templated":true}]}}