{"id":176,"date":"2022-04-06T09:38:47","date_gmt":"2022-04-06T09:38:47","guid":{"rendered":"https:\/\/aprh.zalox.pt\/?page_id=176"},"modified":"2022-06-22T11:10:49","modified_gmt":"2022-06-22T11:10:49","slug":"anuncios","status":"publish","type":"page","link":"https:\/\/aprh.pt\/pt\/infoteca\/anuncios\/","title":{"rendered":"An\u00fancios"},"content":{"rendered":"\t\t<div data-elementor-type=\"wp-page\" data-elementor-id=\"176\" class=\"elementor elementor-176\" data-elementor-post-type=\"page\">\n\t\t\t\t\t\t<section class=\"elementor-section elementor-top-section elementor-element elementor-element-b2ce3b6 elementor-section-full_width elementor-section-height-default elementor-section-height-default\" data-id=\"b2ce3b6\" data-element_type=\"section\" data-settings=\"{&quot;background_background&quot;:&quot;classic&quot;}\">\n\t\t\t\t\t\t<div class=\"elementor-container elementor-column-gap-no\">\n\t\t\t\t\t<div class=\"elementor-column elementor-col-100 elementor-top-column elementor-element elementor-element-15fa382\" data-id=\"15fa382\" data-element_type=\"column\">\n\t\t\t<div class=\"elementor-widget-wrap elementor-element-populated\">\n\t\t\t\t\t\t<section class=\"elementor-section elementor-inner-section elementor-element elementor-element-62662b8 elementor-section-boxed elementor-section-height-default elementor-section-height-default\" data-id=\"62662b8\" data-element_type=\"section\">\n\t\t\t\t\t\t<div class=\"elementor-container elementor-column-gap-no\">\n\t\t\t\t\t<div class=\"elementor-column elementor-col-100 elementor-inner-column elementor-element elementor-element-6d362a3\" data-id=\"6d362a3\" data-element_type=\"column\">\n\t\t\t<div class=\"elementor-widget-wrap elementor-element-populated\">\n\t\t\t\t\t\t<div class=\"elementor-element elementor-element-b7e9f97 elementor-align-left elementor-widget elementor-widget-global elementor-global-553 elementor-widget-breadcrumbs\" data-id=\"b7e9f97\" data-element_type=\"widget\" data-widget_type=\"breadcrumbs.default\">\n\t\t\t\t<div class=\"elementor-widget-container\">\n\t\t\t<p id=\"breadcrumbs\"><span><span><a href=\"https:\/\/aprh.pt\/pt\/\">Home<\/a><\/span><\/span><\/p>\t\t<\/div>\n\t\t\t\t<\/div>\n\t\t\t\t\t<\/div>\n\t\t<\/div>\n\t\t\t\t\t<\/div>\n\t\t<\/section>\n\t\t\t\t\t<\/div>\n\t\t<\/div>\n\t\t\t\t\t<\/div>\n\t\t<\/section>\n\t\t\t\t<section class=\"elementor-section elementor-top-section elementor-element elementor-element-5d290bf elementor-section-boxed elementor-section-height-default elementor-section-height-default\" data-id=\"5d290bf\" data-element_type=\"section\">\n\t\t\t\t\t\t<div class=\"elementor-container elementor-column-gap-no\">\n\t\t\t\t\t<div class=\"elementor-column elementor-col-100 elementor-top-column elementor-element elementor-element-39354ce\" data-id=\"39354ce\" data-element_type=\"column\">\n\t\t\t<div class=\"elementor-widget-wrap elementor-element-populated\">\n\t\t\t\t\t\t<div class=\"elementor-element elementor-element-ec45db1 elementor-widget elementor-widget-global elementor-global-475 elementor-widget-spacer\" data-id=\"ec45db1\" data-element_type=\"widget\" data-widget_type=\"spacer.default\">\n\t\t\t\t<div class=\"elementor-widget-container\">\n\t\t\t\t\t<div class=\"elementor-spacer\">\n\t\t\t<div class=\"elementor-spacer-inner\"><\/div>\n\t\t<\/div>\n\t\t\t\t<\/div>\n\t\t\t\t<\/div>\n\t\t\t\t\t<\/div>\n\t\t<\/div>\n\t\t\t\t\t<\/div>\n\t\t<\/section>\n\t\t\t\t<section class=\"elementor-section elementor-top-section elementor-element elementor-element-f79c157 elementor-section-boxed elementor-section-height-default elementor-section-height-default\" data-id=\"f79c157\" data-element_type=\"section\">\n\t\t\t\t\t\t<div class=\"elementor-container elementor-column-gap-no\">\n\t\t\t\t\t<div class=\"elementor-column elementor-col-50 elementor-top-column elementor-element elementor-element-6bb9927\" data-id=\"6bb9927\" data-element_type=\"column\">\n\t\t\t<div class=\"elementor-widget-wrap elementor-element-populated\">\n\t\t\t\t\t\t<div class=\"elementor-element elementor-element-6cc156b elementor-widget elementor-widget-image\" data-id=\"6cc156b\" data-element_type=\"widget\" data-widget_type=\"image.default\">\n\t\t\t\t<div class=\"elementor-widget-container\">\n\t\t\t\t\t\t\t\t\t\t\t\t\t<img fetchpriority=\"high\" decoding=\"async\" width=\"799\" height=\"600\" src=\"https:\/\/aprh.pt\/wp-content\/uploads\/2022\/04\/curso-renovaveis2020.jpg\" class=\"attachment-large size-large wp-image-1233\" alt=\"\" srcset=\"https:\/\/aprh.pt\/wp-content\/uploads\/2022\/04\/curso-renovaveis2020.jpg 799w, https:\/\/aprh.pt\/wp-content\/uploads\/2022\/04\/curso-renovaveis2020-300x225.jpg 300w, https:\/\/aprh.pt\/wp-content\/uploads\/2022\/04\/curso-renovaveis2020-768x577.jpg 768w\" sizes=\"(max-width: 799px) 100vw, 799px\" \/>\t\t\t\t\t\t\t\t\t\t\t\t\t<\/div>\n\t\t\t\t<\/div>\n\t\t\t\t\t<\/div>\n\t\t<\/div>\n\t\t\t\t<div class=\"elementor-column elementor-col-50 elementor-top-column elementor-element elementor-element-3a4047b\" data-id=\"3a4047b\" data-element_type=\"column\">\n\t\t\t<div class=\"elementor-widget-wrap elementor-element-populated\">\n\t\t\t\t\t\t<div class=\"elementor-element elementor-element-96fc35f elementor-widget elementor-widget-text-editor\" data-id=\"96fc35f\" data-element_type=\"widget\" data-widget_type=\"text-editor.default\">\n\t\t\t\t<div class=\"elementor-widget-container\">\n\t\t\t\t\t\t\t<p>2.\u00aa Edi\u00e7\u00e3o do PERSA-Programa Avan\u00e7ado Energias Renov\u00e1veis no Setor da \u00c1gua<\/p><p>Est\u00e3o abertas as inscri\u00e7\u00f5es para o curso da Academia das \u00c1guas Livres da EPAL que proporciona compet\u00eancias t\u00e9cnicas e de gest\u00e3o no dom\u00ednio das diversas energias renov\u00e1veis, designadamente fotovoltaica, solar t\u00e9rmica, e\u00f3lica, h\u00eddrica e biog\u00e1s, a quadros licenciados, de um modo orientado para as especificidades do setor e preparando os participantes para as oportunidades da transi\u00e7\u00e3o energ\u00e9tica e da descarboniza\u00e7\u00e3o do mesmo. Esta edi\u00e7\u00e3o conta com um novo m\u00f3dulo dedicado ao hidrog\u00e9nio verde. Saiba mais em <a href=\"https:\/\/bit.ly\/3e6rShF\" target=\"_blank\" rel=\"noopener\">https:\/\/bit.ly\/3e6rShF<\/a><\/p>\t\t\t\t\t\t<\/div>\n\t\t\t\t<\/div>\n\t\t\t\t\t<\/div>\n\t\t<\/div>\n\t\t\t\t\t<\/div>\n\t\t<\/section>\n\t\t\t\t<section class=\"elementor-section elementor-top-section elementor-element elementor-element-e2ee60e elementor-section-boxed elementor-section-height-default elementor-section-height-default\" data-id=\"e2ee60e\" data-element_type=\"section\">\n\t\t\t\t\t\t<div class=\"elementor-container elementor-column-gap-no\">\n\t\t\t\t\t<div class=\"elementor-column elementor-col-50 elementor-top-column elementor-element elementor-element-b28ab7f\" data-id=\"b28ab7f\" data-element_type=\"column\">\n\t\t\t<div class=\"elementor-widget-wrap elementor-element-populated\">\n\t\t\t\t\t\t<div class=\"elementor-element elementor-element-b597675 elementor-widget elementor-widget-video\" data-id=\"b597675\" data-element_type=\"widget\" data-settings=\"{&quot;video_type&quot;:&quot;hosted&quot;,&quot;controls&quot;:&quot;yes&quot;}\" data-widget_type=\"video.default\">\n\t\t\t\t<div class=\"elementor-widget-container\">\n\t\t\t\t\t<div class=\"e-hosted-video elementor-wrapper elementor-open-inline\">\n\t\t\t\t\t<video class=\"elementor-video\" src=\"https:\/\/aprh.pt\/wp-content\/uploads\/2022\/04\/ProAguas_Medium.mp4\" controls=\"\" preload=\"metadata\" controlsList=\"nodownload\"><\/video>\n\t\t\t\t<\/div>\n\t\t\t\t<\/div>\n\t\t\t\t<\/div>\n\t\t\t\t\t<\/div>\n\t\t<\/div>\n\t\t\t\t<div class=\"elementor-column elementor-col-50 elementor-top-column elementor-element elementor-element-0b5adef\" data-id=\"0b5adef\" data-element_type=\"column\">\n\t\t\t<div class=\"elementor-widget-wrap elementor-element-populated\">\n\t\t\t\t\t\t<div class=\"elementor-element elementor-element-dae9282 elementor-widget elementor-widget-text-editor\" data-id=\"dae9282\" data-element_type=\"widget\" data-widget_type=\"text-editor.default\">\n\t\t\t\t<div class=\"elementor-widget-container\">\n\t\t\t\t\t\t\t<p>Vai iniciar-se o ProAguas: Programa avan\u00e7ado de gest\u00e3o de servi\u00e7os de \u00e1guas<\/p><p>No passado dia 16 de julho foi apresentado no LNEC o ProAguas: Programa avan\u00e7ado de gest\u00e3o de servi\u00e7os de \u00e1guas. A cerim\u00f3nia contou com a presen\u00e7a do Secret\u00e1rio de Estado do Ambiente, podendo ver em cima uma declara\u00e7\u00e3o alusiva.<\/p><p>Este programa, de \u00e2mbito multidisciplinar, visa o refor\u00e7o da capacita\u00e7\u00e3o das entidades gestoras portuguesas, nomeadamente de pequena e m\u00e9dia dimens\u00e3o, que prestam servi\u00e7os de abastecimento de \u00e1gua e de gest\u00e3o de \u00e1guas residuais e pluviais.<\/p><p>O ProAguas est\u00e1 estruturado em 48 m\u00f3dulos e 72 horas de forma\u00e7\u00e3o presencial, distribu\u00eddos por 3 semanas temporalmente diferidas, a realizar em cinco locais distintos no Continente.<\/p><p>Destina-se a decisores pol\u00edticos, dirigentes e quadros com responsabilidades na gest\u00e3o destes servi\u00e7os.<\/p><p>O primeiro curso de forma\u00e7\u00e3o, a realizar pelo LNEC\/LIS-Water em parceria com a APRH e a APESB, decorrer\u00e1 em Condeixa-a-Nova nas semanas 24-27 de setembro, 15-18 de outubro e 12-15 de novembro de 2019. As inscri\u00e7\u00f5es ser\u00e3o abertas ainda esta semana. O custo de inscri\u00e7\u00e3o \u00e9 suportado quase na totalidade pelo Fundo Ambiental.<\/p>\t\t\t\t\t\t<\/div>\n\t\t\t\t<\/div>\n\t\t\t\t\t<\/div>\n\t\t<\/div>\n\t\t\t\t\t<\/div>\n\t\t<\/section>\n\t\t\t\t<section class=\"elementor-section elementor-top-section elementor-element elementor-element-67246c2 elementor-section-boxed elementor-section-height-default elementor-section-height-default\" data-id=\"67246c2\" data-element_type=\"section\">\n\t\t\t\t\t\t<div class=\"elementor-container elementor-column-gap-no\">\n\t\t\t\t\t<div class=\"elementor-column elementor-col-50 elementor-top-column elementor-element elementor-element-c438143\" data-id=\"c438143\" data-element_type=\"column\">\n\t\t\t<div class=\"elementor-widget-wrap elementor-element-populated\">\n\t\t\t\t\t\t<div class=\"elementor-element elementor-element-34fb0f2 elementor-widget elementor-widget-image\" data-id=\"34fb0f2\" data-element_type=\"widget\" data-widget_type=\"image.default\">\n\t\t\t\t<div class=\"elementor-widget-container\">\n\t\t\t\t\t\t\t\t\t\t\t\t\t<img decoding=\"async\" width=\"500\" height=\"179\" src=\"https:\/\/aprh.pt\/wp-content\/uploads\/2022\/04\/aarhus.jpg\" class=\"attachment-large size-large wp-image-1242\" alt=\"\" srcset=\"https:\/\/aprh.pt\/wp-content\/uploads\/2022\/04\/aarhus.jpg 500w, https:\/\/aprh.pt\/wp-content\/uploads\/2022\/04\/aarhus-300x107.jpg 300w\" sizes=\"(max-width: 500px) 100vw, 500px\" \/>\t\t\t\t\t\t\t\t\t\t\t\t\t<\/div>\n\t\t\t\t<\/div>\n\t\t\t\t\t<\/div>\n\t\t<\/div>\n\t\t\t\t<div class=\"elementor-column elementor-col-50 elementor-top-column elementor-element elementor-element-9cba50d\" data-id=\"9cba50d\" data-element_type=\"column\">\n\t\t\t<div class=\"elementor-widget-wrap elementor-element-populated\">\n\t\t\t\t\t\t<div class=\"elementor-element elementor-element-dd41a8e elementor-widget elementor-widget-text-editor\" data-id=\"dd41a8e\" data-element_type=\"widget\" data-widget_type=\"text-editor.default\">\n\t\t\t\t<div class=\"elementor-widget-container\">\n\t\t\t\t\t\t\t<p>The preliminary programme for WETPOL 2019 and SWS Europe Chapter Meeting is now available on our\u00a0<a href=\"http:\/\/www.wetpol.com\/\" target=\"_parent\">website<\/a>\u00a0and on\u00a0<a href=\"https:\/\/events.au.dk\/WetPolRegistration\/preliminary-programme.html\" target=\"_parent\">the registration site<\/a>. The programme includes more than 230 oral presentations, which are organised in four parallel sessions, as well as 70 poster presentations.\u00a0<br \/>Registration for both the conference and the pre-conference post-graduate course is still open at the website but do not hesitate as deadline on 5 June 2019 is approaching fast.<\/p>\t\t\t\t\t\t<\/div>\n\t\t\t\t<\/div>\n\t\t\t\t\t<\/div>\n\t\t<\/div>\n\t\t\t\t\t<\/div>\n\t\t<\/section>\n\t\t\t\t<section class=\"elementor-section elementor-top-section elementor-element elementor-element-4b7274e elementor-section-boxed elementor-section-height-default elementor-section-height-default\" data-id=\"4b7274e\" data-element_type=\"section\">\n\t\t\t\t\t\t<div class=\"elementor-container elementor-column-gap-default\">\n\t\t\t\t\t<div class=\"elementor-column elementor-col-100 elementor-top-column elementor-element elementor-element-b8705be\" data-id=\"b8705be\" data-element_type=\"column\">\n\t\t\t<div class=\"elementor-widget-wrap elementor-element-populated\">\n\t\t\t\t\t\t<div class=\"elementor-element elementor-element-09c2df5 elementor-widget elementor-widget-global elementor-global-500 elementor-widget-spacer\" data-id=\"09c2df5\" data-element_type=\"widget\" data-widget_type=\"spacer.default\">\n\t\t\t\t<div class=\"elementor-widget-container\">\n\t\t\t\t\t<div class=\"elementor-spacer\">\n\t\t\t<div class=\"elementor-spacer-inner\"><\/div>\n\t\t<\/div>\n\t\t\t\t<\/div>\n\t\t\t\t<\/div>\n\t\t\t\t\t<\/div>\n\t\t<\/div>\n\t\t\t\t\t<\/div>\n\t\t<\/section>\n\t\t\t\t<\/div>\n\t\t","protected":false},"excerpt":{"rendered":"<p>2.\u00aa Edi\u00e7\u00e3o do PERSA-Programa Avan\u00e7ado Energias Renov\u00e1veis no Setor da \u00c1gua Est\u00e3o abertas as inscri\u00e7\u00f5es para o curso da Academia das \u00c1guas Livres da EPAL que proporciona compet\u00eancias t\u00e9cnicas e de gest\u00e3o no dom\u00ednio das diversas energias renov\u00e1veis, designadamente fotovoltaica, solar t\u00e9rmica, e\u00f3lica, h\u00eddrica e biog\u00e1s, a quadros licenciados, de um modo orientado para as [&hellip;]<\/p>\n","protected":false},"author":1,"featured_media":0,"parent":43073,"menu_order":0,"comment_status":"closed","ping_status":"closed","template":"","meta":{"footnotes":""},"class_list":["post-176","page","type-page","status-publish","hentry"],"yoast_head":"<!-- This site is optimized with the Yoast SEO plugin v23.8 - https:\/\/yoast.com\/wordpress\/plugins\/seo\/ -->\n<title>An\u00fancios - APRH<\/title>\n<meta name=\"robots\" content=\"index, follow, max-snippet:-1, max-image-preview:large, max-video-preview:-1\" \/>\n<link rel=\"canonical\" href=\"https:\/\/aprh.pt\/pt\/infoteca\/anuncios\/\" \/>\n<meta property=\"og:locale\" content=\"pt_PT\" \/>\n<meta property=\"og:type\" content=\"article\" \/>\n<meta property=\"og:title\" content=\"An\u00fancios - APRH\" \/>\n<meta property=\"og:description\" content=\"2.\u00aa Edi\u00e7\u00e3o do PERSA-Programa Avan\u00e7ado Energias Renov\u00e1veis no Setor da \u00c1gua Est\u00e3o abertas as inscri\u00e7\u00f5es para o curso da Academia das \u00c1guas Livres da EPAL que proporciona compet\u00eancias t\u00e9cnicas e de gest\u00e3o no dom\u00ednio das diversas energias renov\u00e1veis, designadamente fotovoltaica, solar t\u00e9rmica, e\u00f3lica, h\u00eddrica e biog\u00e1s, a quadros licenciados, de um modo orientado para as [&hellip;]\" \/>\n<meta property=\"og:url\" content=\"https:\/\/aprh.pt\/pt\/infoteca\/anuncios\/\" \/>\n<meta property=\"og:site_name\" content=\"APRH\" \/>\n<meta property=\"article:modified_time\" content=\"2022-06-22T11:10:49+00:00\" \/>\n<meta property=\"og:image\" content=\"https:\/\/aprh.zalox.pt\/wp-content\/uploads\/2022\/04\/curso-renovaveis2020.jpg\" \/>\n<meta name=\"twitter:card\" content=\"summary_large_image\" \/>\n<meta name=\"twitter:label1\" content=\"Tempo estimado de leitura\" \/>\n\t<meta name=\"twitter:data1\" content=\"3 minutos\" \/>\n<script type=\"application\/ld+json\" class=\"yoast-schema-graph\">{\"@context\":\"https:\/\/schema.org\",\"@graph\":[{\"@type\":\"WebPage\",\"@id\":\"https:\/\/aprh.pt\/pt\/infoteca\/anuncios\/\",\"url\":\"https:\/\/aprh.pt\/pt\/infoteca\/anuncios\/\",\"name\":\"An\u00fancios - APRH\",\"isPartOf\":{\"@id\":\"https:\/\/aprh.pt\/pt\/#website\"},\"primaryImageOfPage\":{\"@id\":\"https:\/\/aprh.pt\/pt\/infoteca\/anuncios\/#primaryimage\"},\"image\":{\"@id\":\"https:\/\/aprh.pt\/pt\/infoteca\/anuncios\/#primaryimage\"},\"thumbnailUrl\":\"https:\/\/aprh.zalox.pt\/wp-content\/uploads\/2022\/04\/curso-renovaveis2020.jpg\",\"datePublished\":\"2022-04-06T09:38:47+00:00\",\"dateModified\":\"2022-06-22T11:10:49+00:00\",\"breadcrumb\":{\"@id\":\"https:\/\/aprh.pt\/pt\/infoteca\/anuncios\/#breadcrumb\"},\"inLanguage\":\"pt-PT\",\"potentialAction\":[{\"@type\":\"ReadAction\",\"target\":[\"https:\/\/aprh.pt\/pt\/infoteca\/anuncios\/\"]}]},{\"@type\":\"ImageObject\",\"inLanguage\":\"pt-PT\",\"@id\":\"https:\/\/aprh.pt\/pt\/infoteca\/anuncios\/#primaryimage\",\"url\":\"https:\/\/aprh.zalox.pt\/wp-content\/uploads\/2022\/04\/curso-renovaveis2020.jpg\",\"contentUrl\":\"https:\/\/aprh.zalox.pt\/wp-content\/uploads\/2022\/04\/curso-renovaveis2020.jpg\"},{\"@type\":\"BreadcrumbList\",\"@id\":\"https:\/\/aprh.pt\/pt\/infoteca\/anuncios\/#breadcrumb\",\"itemListElement\":[{\"@type\":\"ListItem\",\"position\":1,\"name\":\"Home\",\"item\":\"https:\/\/aprh.pt\/pt\/\"},{\"@type\":\"ListItem\",\"position\":2,\"name\":\"Infoteca\",\"item\":\"https:\/\/aprh.pt\/pt\/infoteca\/\"},{\"@type\":\"ListItem\",\"position\":3,\"name\":\"An\u00fancios\"}]},{\"@type\":\"WebSite\",\"@id\":\"https:\/\/aprh.pt\/pt\/#website\",\"url\":\"https:\/\/aprh.pt\/pt\/\",\"name\":\"APRH\",\"description\":\"Associa\u00e7\u00e3o Portuguesa dos Recursos H\u00eddricos\",\"publisher\":{\"@id\":\"https:\/\/aprh.pt\/pt\/#organization\"},\"potentialAction\":[{\"@type\":\"SearchAction\",\"target\":{\"@type\":\"EntryPoint\",\"urlTemplate\":\"https:\/\/aprh.pt\/pt\/?s={search_term_string}\"},\"query-input\":{\"@type\":\"PropertyValueSpecification\",\"valueRequired\":true,\"valueName\":\"search_term_string\"}}],\"inLanguage\":\"pt-PT\"},{\"@type\":\"Organization\",\"@id\":\"https:\/\/aprh.pt\/pt\/#organization\",\"name\":\"APRH\",\"url\":\"https:\/\/aprh.pt\/pt\/\",\"logo\":{\"@type\":\"ImageObject\",\"inLanguage\":\"pt-PT\",\"@id\":\"https:\/\/aprh.pt\/pt\/#\/schema\/logo\/image\/\",\"url\":\"https:\/\/aprh.pt\/wp-content\/uploads\/2022\/04\/logotipo.png\",\"contentUrl\":\"https:\/\/aprh.pt\/wp-content\/uploads\/2022\/04\/logotipo.png\",\"width\":181,\"height\":80,\"caption\":\"APRH\"},\"image\":{\"@id\":\"https:\/\/aprh.pt\/pt\/#\/schema\/logo\/image\/\"}}]}<\/script>\n<!-- \/ Yoast SEO plugin. -->","yoast_head_json":{"title":"An\u00fancios - APRH","robots":{"index":"index","follow":"follow","max-snippet":"max-snippet:-1","max-image-preview":"max-image-preview:large","max-video-preview":"max-video-preview:-1"},"canonical":"https:\/\/aprh.pt\/pt\/infoteca\/anuncios\/","og_locale":"pt_PT","og_type":"article","og_title":"An\u00fancios - APRH","og_description":"2.\u00aa Edi\u00e7\u00e3o do PERSA-Programa Avan\u00e7ado Energias Renov\u00e1veis no Setor da \u00c1gua Est\u00e3o abertas as inscri\u00e7\u00f5es para o curso da Academia das \u00c1guas Livres da EPAL que proporciona compet\u00eancias t\u00e9cnicas e de gest\u00e3o no dom\u00ednio das diversas energias renov\u00e1veis, designadamente fotovoltaica, solar t\u00e9rmica, e\u00f3lica, h\u00eddrica e biog\u00e1s, a quadros licenciados, de um modo orientado para as [&hellip;]","og_url":"https:\/\/aprh.pt\/pt\/infoteca\/anuncios\/","og_site_name":"APRH","article_modified_time":"2022-06-22T11:10:49+00:00","og_image":[{"url":"https:\/\/aprh.zalox.pt\/wp-content\/uploads\/2022\/04\/curso-renovaveis2020.jpg"}],"twitter_card":"summary_large_image","twitter_misc":{"Tempo estimado de leitura":"3 minutos"},"schema":{"@context":"https:\/\/schema.org","@graph":[{"@type":"WebPage","@id":"https:\/\/aprh.pt\/pt\/infoteca\/anuncios\/","url":"https:\/\/aprh.pt\/pt\/infoteca\/anuncios\/","name":"An\u00fancios - APRH","isPartOf":{"@id":"https:\/\/aprh.pt\/pt\/#website"},"primaryImageOfPage":{"@id":"https:\/\/aprh.pt\/pt\/infoteca\/anuncios\/#primaryimage"},"image":{"@id":"https:\/\/aprh.pt\/pt\/infoteca\/anuncios\/#primaryimage"},"thumbnailUrl":"https:\/\/aprh.zalox.pt\/wp-content\/uploads\/2022\/04\/curso-renovaveis2020.jpg","datePublished":"2022-04-06T09:38:47+00:00","dateModified":"2022-06-22T11:10:49+00:00","breadcrumb":{"@id":"https:\/\/aprh.pt\/pt\/infoteca\/anuncios\/#breadcrumb"},"inLanguage":"pt-PT","potentialAction":[{"@type":"ReadAction","target":["https:\/\/aprh.pt\/pt\/infoteca\/anuncios\/"]}]},{"@type":"ImageObject","inLanguage":"pt-PT","@id":"https:\/\/aprh.pt\/pt\/infoteca\/anuncios\/#primaryimage","url":"https:\/\/aprh.zalox.pt\/wp-content\/uploads\/2022\/04\/curso-renovaveis2020.jpg","contentUrl":"https:\/\/aprh.zalox.pt\/wp-content\/uploads\/2022\/04\/curso-renovaveis2020.jpg"},{"@type":"BreadcrumbList","@id":"https:\/\/aprh.pt\/pt\/infoteca\/anuncios\/#breadcrumb","itemListElement":[{"@type":"ListItem","position":1,"name":"Home","item":"https:\/\/aprh.pt\/pt\/"},{"@type":"ListItem","position":2,"name":"Infoteca","item":"https:\/\/aprh.pt\/pt\/infoteca\/"},{"@type":"ListItem","position":3,"name":"An\u00fancios"}]},{"@type":"WebSite","@id":"https:\/\/aprh.pt\/pt\/#website","url":"https:\/\/aprh.pt\/pt\/","name":"APRH","description":"Associa\u00e7\u00e3o Portuguesa dos Recursos H\u00eddricos","publisher":{"@id":"https:\/\/aprh.pt\/pt\/#organization"},"potentialAction":[{"@type":"SearchAction","target":{"@type":"EntryPoint","urlTemplate":"https:\/\/aprh.pt\/pt\/?s={search_term_string}"},"query-input":{"@type":"PropertyValueSpecification","valueRequired":true,"valueName":"search_term_string"}}],"inLanguage":"pt-PT"},{"@type":"Organization","@id":"https:\/\/aprh.pt\/pt\/#organization","name":"APRH","url":"https:\/\/aprh.pt\/pt\/","logo":{"@type":"ImageObject","inLanguage":"pt-PT","@id":"https:\/\/aprh.pt\/pt\/#\/schema\/logo\/image\/","url":"https:\/\/aprh.pt\/wp-content\/uploads\/2022\/04\/logotipo.png","contentUrl":"https:\/\/aprh.pt\/wp-content\/uploads\/2022\/04\/logotipo.png","width":181,"height":80,"caption":"APRH"},"image":{"@id":"https:\/\/aprh.pt\/pt\/#\/schema\/logo\/image\/"}}]}},"_links":{"self":[{"href":"https:\/\/aprh.pt\/pt\/wp-json\/wp\/v2\/pages\/176","targetHints":{"allow":["GET"]}}],"collection":[{"href":"https:\/\/aprh.pt\/pt\/wp-json\/wp\/v2\/pages"}],"about":[{"href":"https:\/\/aprh.pt\/pt\/wp-json\/wp\/v2\/types\/page"}],"author":[{"embeddable":true,"href":"https:\/\/aprh.pt\/pt\/wp-json\/wp\/v2\/users\/1"}],"replies":[{"embeddable":true,"href":"https:\/\/aprh.pt\/pt\/wp-json\/wp\/v2\/comments?post=176"}],"version-history":[{"count":14,"href":"https:\/\/aprh.pt\/pt\/wp-json\/wp\/v2\/pages\/176\/revisions"}],"predecessor-version":[{"id":1850,"href":"https:\/\/aprh.pt\/pt\/wp-json\/wp\/v2\/pages\/176\/revisions\/1850"}],"up":[{"embeddable":true,"href":"https:\/\/aprh.pt\/pt\/wp-json\/wp\/v2\/pages\/43073"}],"wp:attachment":[{"href":"https:\/\/aprh.pt\/pt\/wp-json\/wp\/v2\/media?parent=176"}],"curies":[{"name":"wp","href":"https:\/\/api.w.org\/{rel}","templated":true}]}}