{"id":182,"date":"2022-04-06T09:45:40","date_gmt":"2022-04-06T09:45:40","guid":{"rendered":"https:\/\/aprh.zalox.pt\/?page_id=182"},"modified":"2022-09-28T11:49:23","modified_gmt":"2022-09-28T11:49:23","slug":"politica-da-agua-em-portugal","status":"publish","type":"page","link":"https:\/\/aprh.pt\/pt\/infoteca\/politica-da-agua-em-portugal\/","title":{"rendered":"Politica da \u00c1gua em Portugal"},"content":{"rendered":"\t\t<div data-elementor-type=\"wp-page\" data-elementor-id=\"182\" class=\"elementor elementor-182\" data-elementor-post-type=\"page\">\n\t\t\t\t\t\t<section class=\"elementor-section elementor-top-section elementor-element elementor-element-794b1135 elementor-section-boxed elementor-section-height-default elementor-section-height-default\" data-id=\"794b1135\" data-element_type=\"section\">\n\t\t\t\t\t\t<div class=\"elementor-container elementor-column-gap-no\">\n\t\t\t\t\t<div class=\"elementor-column elementor-col-100 elementor-top-column elementor-element elementor-element-11f6134f\" data-id=\"11f6134f\" data-element_type=\"column\">\n\t\t\t<div class=\"elementor-widget-wrap elementor-element-populated\">\n\t\t\t\t\t\t<div class=\"elementor-element elementor-element-4447268a elementor-widget elementor-widget-global elementor-global-475 elementor-widget-spacer\" data-id=\"4447268a\" data-element_type=\"widget\" data-widget_type=\"spacer.default\">\n\t\t\t\t<div class=\"elementor-widget-container\">\n\t\t\t\t\t<div class=\"elementor-spacer\">\n\t\t\t<div class=\"elementor-spacer-inner\"><\/div>\n\t\t<\/div>\n\t\t\t\t<\/div>\n\t\t\t\t<\/div>\n\t\t\t\t\t<\/div>\n\t\t<\/div>\n\t\t\t\t\t<\/div>\n\t\t<\/section>\n\t\t\t\t<section class=\"elementor-section elementor-top-section elementor-element elementor-element-133d5cf3 elementor-section-boxed elementor-section-height-default elementor-section-height-default\" data-id=\"133d5cf3\" data-element_type=\"section\">\n\t\t\t\t\t\t<div class=\"elementor-container elementor-column-gap-no\">\n\t\t\t\t\t<div class=\"elementor-column elementor-col-25 elementor-top-column elementor-element elementor-element-25a4a85d\" data-id=\"25a4a85d\" data-element_type=\"column\">\n\t\t\t<div class=\"elementor-widget-wrap elementor-element-populated\">\n\t\t\t\t\t\t<div class=\"elementor-element elementor-element-8022751 elementor-widget elementor-widget-heading\" data-id=\"8022751\" data-element_type=\"widget\" data-widget_type=\"heading.default\">\n\t\t\t\t<div class=\"elementor-widget-container\">\n\t\t\t<h2 class=\"elementor-heading-title elementor-size-default\">Politica da \u00c1gua em Portugal<\/h2>\t\t<\/div>\n\t\t\t\t<\/div>\n\t\t\t\t\t<\/div>\n\t\t<\/div>\n\t\t\t\t<div class=\"elementor-column elementor-col-50 elementor-top-column elementor-element elementor-element-7b95a14c\" data-id=\"7b95a14c\" data-element_type=\"column\">\n\t\t\t<div class=\"elementor-widget-wrap elementor-element-populated\">\n\t\t\t\t\t\t<div class=\"elementor-element elementor-element-4427ab88 elementor-widget elementor-widget-text-editor\" data-id=\"4427ab88\" data-element_type=\"widget\" data-widget_type=\"text-editor.default\">\n\t\t\t\t<div class=\"elementor-widget-container\">\n\t\t\t\t\t\t\t<p>No \u00e2mbito do lema do\u00a015\u00ba Congresso da \u00c1gua\u00a0e na sequ\u00eancia do repto lan\u00e7ado na\u00a0<a href=\"https:\/\/www.aprh.pt\/Newsletter\/newsletter_93_Marco.html\" target=\"_blank\" rel=\"noopener noreferrer\">Newsletter de dia 27 de Mar\u00e7o<\/a>, iremos disponibilizar esta semana os 3 primeiros textos que nos forem enviados. O envio destes textos deve ser feito para o\u00a0<span id=\"cloakc2aecc977ac151a12799f4f383204db7\"><a href=\"mailto:aprh@aprh.pt\">e-mail geral da APRH<\/a><\/span>. O convite \u00e9 estendido a todos os participantes inscrito no Congresso ir\u00e1 manter-se em pr\u00f3ximas semanas sobre os temas relevantes do Congresso.<\/p>\t\t\t\t\t\t<\/div>\n\t\t\t\t<\/div>\n\t\t\t\t<div class=\"elementor-element elementor-element-26d3b9ed elementor-widget elementor-widget-heading\" data-id=\"26d3b9ed\" data-element_type=\"widget\" data-widget_type=\"heading.default\">\n\t\t\t\t<div class=\"elementor-widget-container\">\n\t\t\t<h2 class=\"elementor-heading-title elementor-size-default\">Contributos para uma Politica da \u00c1gua em Portugal<\/h2>\t\t<\/div>\n\t\t\t\t<\/div>\n\t\t\t\t<div class=\"elementor-element elementor-element-7e74948a elementor-widget elementor-widget-text-editor\" data-id=\"7e74948a\" data-element_type=\"widget\" data-widget_type=\"text-editor.default\">\n\t\t\t\t<div class=\"elementor-widget-container\">\n\t\t\t\t\t\t\t<p><a href=\"https:\/\/www.aprh.pt\/images\/stories\/pdf\/Pol%C3%ADticaAguaPortugal_JMB.pdf\" target=\"_blank\" rel=\"noopener noreferrer\"><strong>O que deve ser o futuro da pol\u00edtica da \u00e1gua em Portugal no p\u00f3s-pandemia<br \/><\/strong><\/a><\/p><p><em>Jaime Melo Baptista, Presidente do Conselho de Administra\u00e7\u00e3o da LIS-Water e Investigador Coordenador do LNEC<\/em><\/p><p><em>Rita Amaral, Colaboradora da LIS-Water e do LNEC<\/em><\/p><p>Mar\u00e7o 2020<\/p>\t\t\t\t\t\t<\/div>\n\t\t\t\t<\/div>\n\t\t\t\t<div class=\"elementor-element elementor-element-25fa9c8c elementor-widget elementor-widget-heading\" data-id=\"25fa9c8c\" data-element_type=\"widget\" data-widget_type=\"heading.default\">\n\t\t\t\t<div class=\"elementor-widget-container\">\n\t\t\t<h2 class=\"elementor-heading-title elementor-size-default\">O Futuro da \u00c1gua \u2022 Desafios do Setor e Papel dos Engenheiros<\/h2>\t\t<\/div>\n\t\t\t\t<\/div>\n\t\t\t\t<div class=\"elementor-element elementor-element-c324a85 elementor-widget elementor-widget-image\" data-id=\"c324a85\" data-element_type=\"widget\" data-widget_type=\"image.default\">\n\t\t\t\t<div class=\"elementor-widget-container\">\n\t\t\t\t\t\t\t\t\t\t\t\t\t<img fetchpriority=\"high\" decoding=\"async\" width=\"242\" height=\"300\" src=\"https:\/\/aprh.pt\/wp-content\/uploads\/2022\/05\/jorgecardosoconcalves-242x300.jpg\" class=\"attachment-medium size-medium wp-image-2230\" alt=\"\" srcset=\"https:\/\/aprh.pt\/wp-content\/uploads\/2022\/05\/jorgecardosoconcalves-242x300.jpg 242w, https:\/\/aprh.pt\/wp-content\/uploads\/2022\/05\/jorgecardosoconcalves.jpg 307w\" sizes=\"(max-width: 242px) 100vw, 242px\" \/>\t\t\t\t\t\t\t\t\t\t\t\t\t<\/div>\n\t\t\t\t<\/div>\n\t\t\t\t<div class=\"elementor-element elementor-element-6c1451ff elementor-widget elementor-widget-text-editor\" data-id=\"6c1451ff\" data-element_type=\"widget\" data-widget_type=\"text-editor.default\">\n\t\t\t\t<div class=\"elementor-widget-container\">\n\t\t\t\t\t\t\t<p><strong>Jorge Cardoso Gon\u00e7alves<\/strong>\u00a0\u2022 Nota biogr\u00e1fica<\/p><p>Jorge Cardoso Gon\u00e7alves \u00e9 Doutorado (<em>PhD<\/em>) e Mestre (<em>MSc<\/em>) em Engenharia Civil (Especializa\u00e7\u00e3o Hidr\u00e1ulica) pela FEUP. A tese de doutoramento intitula-se \u201cGest\u00e3o Operacional de Infraestruturas Hidr\u00e1ulicas\u201d. A tese de mestrado aborda a tem\u00e1tica dos \u201cConsumos de \u00c1gua\u201d. Tem forma\u00e7\u00e3o em gest\u00e3o, designadamente: Programa Geral de Gest\u00e3o Intensivo (Porto Business School) e Programa Avan\u00e7ado de Gest\u00e3o dos Servi\u00e7os de \u00c1guas (LNEC\/LIS-Water).<\/p><p>Iniciou a carreira profissional em 2014 na Iperforma (Engenheiro Projetista de instala\u00e7\u00f5es e infraestruturas hidr\u00e1ulicas). Desde 2016 trabalha com a \u00c1guas do Norte, S.A. (Gestor Operacional de Infraestruturas Hidr\u00e1ulicas). Como profissional liberal efetua trabalhos de consultoria.<\/p><p>Autor e co-autor de diversos trabalhos na \u00e1rea de \u201cInfraestruturas Hidr\u00e1ulicas\u201d, esteve presente em diversos eventos, participando como orador ou co-organizador de parte deles.<\/p>\t\t\t\t\t\t<\/div>\n\t\t\t\t<\/div>\n\t\t\t\t\t<\/div>\n\t\t<\/div>\n\t\t\t\t<div class=\"elementor-column elementor-col-25 elementor-top-column elementor-element elementor-element-41e389e0 elementor-hidden-tablet elementor-hidden-mobile\" data-id=\"41e389e0\" data-element_type=\"column\">\n\t\t\t<div class=\"elementor-widget-wrap\">\n\t\t\t\t\t\t\t<\/div>\n\t\t<\/div>\n\t\t\t\t\t<\/div>\n\t\t<\/section>\n\t\t\t\t<section class=\"elementor-section elementor-top-section elementor-element elementor-element-26f75ed7 elementor-section-boxed elementor-section-height-default elementor-section-height-default\" data-id=\"26f75ed7\" data-element_type=\"section\">\n\t\t\t\t\t\t<div class=\"elementor-container elementor-column-gap-no\">\n\t\t\t\t\t<div class=\"elementor-column elementor-col-100 elementor-top-column elementor-element elementor-element-5e9a9bcd\" data-id=\"5e9a9bcd\" data-element_type=\"column\">\n\t\t\t<div class=\"elementor-widget-wrap elementor-element-populated\">\n\t\t\t\t\t\t<div class=\"elementor-element elementor-element-9794dd7 elementor-widget elementor-widget-global elementor-global-500 elementor-widget-spacer\" data-id=\"9794dd7\" data-element_type=\"widget\" data-widget_type=\"spacer.default\">\n\t\t\t\t<div class=\"elementor-widget-container\">\n\t\t\t\t\t<div class=\"elementor-spacer\">\n\t\t\t<div class=\"elementor-spacer-inner\"><\/div>\n\t\t<\/div>\n\t\t\t\t<\/div>\n\t\t\t\t<\/div>\n\t\t\t\t\t<\/div>\n\t\t<\/div>\n\t\t\t\t\t<\/div>\n\t\t<\/section>\n\t\t\t\t<\/div>\n\t\t","protected":false},"excerpt":{"rendered":"<p>Politica da \u00c1gua em Portugal No \u00e2mbito do lema do\u00a015\u00ba Congresso da \u00c1gua\u00a0e na sequ\u00eancia do repto lan\u00e7ado na\u00a0Newsletter de dia 27 de Mar\u00e7o, iremos disponibilizar esta semana os 3 primeiros textos que nos forem enviados. O envio destes textos deve ser feito para o\u00a0e-mail geral da APRH. O convite \u00e9 estendido a todos os [&hellip;]<\/p>\n","protected":false},"author":1,"featured_media":0,"parent":43073,"menu_order":0,"comment_status":"closed","ping_status":"closed","template":"","meta":{"footnotes":""},"class_list":["post-182","page","type-page","status-publish","hentry"],"yoast_head":"<!-- This site is optimized with the Yoast SEO plugin v23.8 - https:\/\/yoast.com\/wordpress\/plugins\/seo\/ -->\n<title>Politica da \u00c1gua em Portugal - APRH<\/title>\n<meta name=\"robots\" content=\"index, follow, max-snippet:-1, max-image-preview:large, max-video-preview:-1\" \/>\n<link rel=\"canonical\" href=\"https:\/\/aprh.pt\/pt\/infoteca\/politica-da-agua-em-portugal\/\" \/>\n<meta property=\"og:locale\" content=\"pt_PT\" \/>\n<meta property=\"og:type\" content=\"article\" \/>\n<meta property=\"og:title\" content=\"Politica da \u00c1gua em Portugal - APRH\" \/>\n<meta property=\"og:description\" content=\"Politica da \u00c1gua em Portugal No \u00e2mbito do lema do\u00a015\u00ba Congresso da \u00c1gua\u00a0e na sequ\u00eancia do repto lan\u00e7ado na\u00a0Newsletter de dia 27 de Mar\u00e7o, iremos disponibilizar esta semana os 3 primeiros textos que nos forem enviados. O envio destes textos deve ser feito para o\u00a0e-mail geral da APRH. O convite \u00e9 estendido a todos os [&hellip;]\" \/>\n<meta property=\"og:url\" content=\"https:\/\/aprh.pt\/pt\/infoteca\/politica-da-agua-em-portugal\/\" \/>\n<meta property=\"og:site_name\" content=\"APRH\" \/>\n<meta property=\"article:modified_time\" content=\"2022-09-28T11:49:23+00:00\" \/>\n<meta property=\"og:image\" content=\"https:\/\/aprh.zalox.pt\/wp-content\/uploads\/2022\/05\/jorgecardosoconcalves-242x300.jpg\" \/>\n<meta name=\"twitter:card\" content=\"summary_large_image\" \/>\n<meta name=\"twitter:label1\" content=\"Tempo estimado de leitura\" \/>\n\t<meta name=\"twitter:data1\" content=\"2 minutos\" \/>\n<script type=\"application\/ld+json\" class=\"yoast-schema-graph\">{\"@context\":\"https:\/\/schema.org\",\"@graph\":[{\"@type\":\"WebPage\",\"@id\":\"https:\/\/aprh.pt\/pt\/infoteca\/politica-da-agua-em-portugal\/\",\"url\":\"https:\/\/aprh.pt\/pt\/infoteca\/politica-da-agua-em-portugal\/\",\"name\":\"Politica da \u00c1gua em Portugal - APRH\",\"isPartOf\":{\"@id\":\"https:\/\/aprh.pt\/pt\/#website\"},\"primaryImageOfPage\":{\"@id\":\"https:\/\/aprh.pt\/pt\/infoteca\/politica-da-agua-em-portugal\/#primaryimage\"},\"image\":{\"@id\":\"https:\/\/aprh.pt\/pt\/infoteca\/politica-da-agua-em-portugal\/#primaryimage\"},\"thumbnailUrl\":\"https:\/\/aprh.zalox.pt\/wp-content\/uploads\/2022\/05\/jorgecardosoconcalves-242x300.jpg\",\"datePublished\":\"2022-04-06T09:45:40+00:00\",\"dateModified\":\"2022-09-28T11:49:23+00:00\",\"breadcrumb\":{\"@id\":\"https:\/\/aprh.pt\/pt\/infoteca\/politica-da-agua-em-portugal\/#breadcrumb\"},\"inLanguage\":\"pt-PT\",\"potentialAction\":[{\"@type\":\"ReadAction\",\"target\":[\"https:\/\/aprh.pt\/pt\/infoteca\/politica-da-agua-em-portugal\/\"]}]},{\"@type\":\"ImageObject\",\"inLanguage\":\"pt-PT\",\"@id\":\"https:\/\/aprh.pt\/pt\/infoteca\/politica-da-agua-em-portugal\/#primaryimage\",\"url\":\"https:\/\/aprh.zalox.pt\/wp-content\/uploads\/2022\/05\/jorgecardosoconcalves-242x300.jpg\",\"contentUrl\":\"https:\/\/aprh.zalox.pt\/wp-content\/uploads\/2022\/05\/jorgecardosoconcalves-242x300.jpg\"},{\"@type\":\"BreadcrumbList\",\"@id\":\"https:\/\/aprh.pt\/pt\/infoteca\/politica-da-agua-em-portugal\/#breadcrumb\",\"itemListElement\":[{\"@type\":\"ListItem\",\"position\":1,\"name\":\"Home\",\"item\":\"https:\/\/aprh.pt\/pt\/\"},{\"@type\":\"ListItem\",\"position\":2,\"name\":\"Infoteca\",\"item\":\"https:\/\/aprh.pt\/pt\/infoteca\/\"},{\"@type\":\"ListItem\",\"position\":3,\"name\":\"Politica da \u00c1gua em Portugal\"}]},{\"@type\":\"WebSite\",\"@id\":\"https:\/\/aprh.pt\/pt\/#website\",\"url\":\"https:\/\/aprh.pt\/pt\/\",\"name\":\"APRH\",\"description\":\"Associa\u00e7\u00e3o Portuguesa dos Recursos H\u00eddricos\",\"publisher\":{\"@id\":\"https:\/\/aprh.pt\/pt\/#organization\"},\"potentialAction\":[{\"@type\":\"SearchAction\",\"target\":{\"@type\":\"EntryPoint\",\"urlTemplate\":\"https:\/\/aprh.pt\/pt\/?s={search_term_string}\"},\"query-input\":{\"@type\":\"PropertyValueSpecification\",\"valueRequired\":true,\"valueName\":\"search_term_string\"}}],\"inLanguage\":\"pt-PT\"},{\"@type\":\"Organization\",\"@id\":\"https:\/\/aprh.pt\/pt\/#organization\",\"name\":\"APRH\",\"url\":\"https:\/\/aprh.pt\/pt\/\",\"logo\":{\"@type\":\"ImageObject\",\"inLanguage\":\"pt-PT\",\"@id\":\"https:\/\/aprh.pt\/pt\/#\/schema\/logo\/image\/\",\"url\":\"https:\/\/aprh.pt\/wp-content\/uploads\/2022\/04\/logotipo.png\",\"contentUrl\":\"https:\/\/aprh.pt\/wp-content\/uploads\/2022\/04\/logotipo.png\",\"width\":181,\"height\":80,\"caption\":\"APRH\"},\"image\":{\"@id\":\"https:\/\/aprh.pt\/pt\/#\/schema\/logo\/image\/\"}}]}<\/script>\n<!-- \/ Yoast SEO plugin. -->","yoast_head_json":{"title":"Politica da \u00c1gua em Portugal - APRH","robots":{"index":"index","follow":"follow","max-snippet":"max-snippet:-1","max-image-preview":"max-image-preview:large","max-video-preview":"max-video-preview:-1"},"canonical":"https:\/\/aprh.pt\/pt\/infoteca\/politica-da-agua-em-portugal\/","og_locale":"pt_PT","og_type":"article","og_title":"Politica da \u00c1gua em Portugal - APRH","og_description":"Politica da \u00c1gua em Portugal No \u00e2mbito do lema do\u00a015\u00ba Congresso da \u00c1gua\u00a0e na sequ\u00eancia do repto lan\u00e7ado na\u00a0Newsletter de dia 27 de Mar\u00e7o, iremos disponibilizar esta semana os 3 primeiros textos que nos forem enviados. O envio destes textos deve ser feito para o\u00a0e-mail geral da APRH. O convite \u00e9 estendido a todos os [&hellip;]","og_url":"https:\/\/aprh.pt\/pt\/infoteca\/politica-da-agua-em-portugal\/","og_site_name":"APRH","article_modified_time":"2022-09-28T11:49:23+00:00","og_image":[{"url":"https:\/\/aprh.zalox.pt\/wp-content\/uploads\/2022\/05\/jorgecardosoconcalves-242x300.jpg"}],"twitter_card":"summary_large_image","twitter_misc":{"Tempo estimado de leitura":"2 minutos"},"schema":{"@context":"https:\/\/schema.org","@graph":[{"@type":"WebPage","@id":"https:\/\/aprh.pt\/pt\/infoteca\/politica-da-agua-em-portugal\/","url":"https:\/\/aprh.pt\/pt\/infoteca\/politica-da-agua-em-portugal\/","name":"Politica da \u00c1gua em Portugal - APRH","isPartOf":{"@id":"https:\/\/aprh.pt\/pt\/#website"},"primaryImageOfPage":{"@id":"https:\/\/aprh.pt\/pt\/infoteca\/politica-da-agua-em-portugal\/#primaryimage"},"image":{"@id":"https:\/\/aprh.pt\/pt\/infoteca\/politica-da-agua-em-portugal\/#primaryimage"},"thumbnailUrl":"https:\/\/aprh.zalox.pt\/wp-content\/uploads\/2022\/05\/jorgecardosoconcalves-242x300.jpg","datePublished":"2022-04-06T09:45:40+00:00","dateModified":"2022-09-28T11:49:23+00:00","breadcrumb":{"@id":"https:\/\/aprh.pt\/pt\/infoteca\/politica-da-agua-em-portugal\/#breadcrumb"},"inLanguage":"pt-PT","potentialAction":[{"@type":"ReadAction","target":["https:\/\/aprh.pt\/pt\/infoteca\/politica-da-agua-em-portugal\/"]}]},{"@type":"ImageObject","inLanguage":"pt-PT","@id":"https:\/\/aprh.pt\/pt\/infoteca\/politica-da-agua-em-portugal\/#primaryimage","url":"https:\/\/aprh.zalox.pt\/wp-content\/uploads\/2022\/05\/jorgecardosoconcalves-242x300.jpg","contentUrl":"https:\/\/aprh.zalox.pt\/wp-content\/uploads\/2022\/05\/jorgecardosoconcalves-242x300.jpg"},{"@type":"BreadcrumbList","@id":"https:\/\/aprh.pt\/pt\/infoteca\/politica-da-agua-em-portugal\/#breadcrumb","itemListElement":[{"@type":"ListItem","position":1,"name":"Home","item":"https:\/\/aprh.pt\/pt\/"},{"@type":"ListItem","position":2,"name":"Infoteca","item":"https:\/\/aprh.pt\/pt\/infoteca\/"},{"@type":"ListItem","position":3,"name":"Politica da \u00c1gua em Portugal"}]},{"@type":"WebSite","@id":"https:\/\/aprh.pt\/pt\/#website","url":"https:\/\/aprh.pt\/pt\/","name":"APRH","description":"Associa\u00e7\u00e3o Portuguesa dos Recursos H\u00eddricos","publisher":{"@id":"https:\/\/aprh.pt\/pt\/#organization"},"potentialAction":[{"@type":"SearchAction","target":{"@type":"EntryPoint","urlTemplate":"https:\/\/aprh.pt\/pt\/?s={search_term_string}"},"query-input":{"@type":"PropertyValueSpecification","valueRequired":true,"valueName":"search_term_string"}}],"inLanguage":"pt-PT"},{"@type":"Organization","@id":"https:\/\/aprh.pt\/pt\/#organization","name":"APRH","url":"https:\/\/aprh.pt\/pt\/","logo":{"@type":"ImageObject","inLanguage":"pt-PT","@id":"https:\/\/aprh.pt\/pt\/#\/schema\/logo\/image\/","url":"https:\/\/aprh.pt\/wp-content\/uploads\/2022\/04\/logotipo.png","contentUrl":"https:\/\/aprh.pt\/wp-content\/uploads\/2022\/04\/logotipo.png","width":181,"height":80,"caption":"APRH"},"image":{"@id":"https:\/\/aprh.pt\/pt\/#\/schema\/logo\/image\/"}}]}},"_links":{"self":[{"href":"https:\/\/aprh.pt\/pt\/wp-json\/wp\/v2\/pages\/182","targetHints":{"allow":["GET"]}}],"collection":[{"href":"https:\/\/aprh.pt\/pt\/wp-json\/wp\/v2\/pages"}],"about":[{"href":"https:\/\/aprh.pt\/pt\/wp-json\/wp\/v2\/types\/page"}],"author":[{"embeddable":true,"href":"https:\/\/aprh.pt\/pt\/wp-json\/wp\/v2\/users\/1"}],"replies":[{"embeddable":true,"href":"https:\/\/aprh.pt\/pt\/wp-json\/wp\/v2\/comments?post=182"}],"version-history":[{"count":13,"href":"https:\/\/aprh.pt\/pt\/wp-json\/wp\/v2\/pages\/182\/revisions"}],"predecessor-version":[{"id":48732,"href":"https:\/\/aprh.pt\/pt\/wp-json\/wp\/v2\/pages\/182\/revisions\/48732"}],"up":[{"embeddable":true,"href":"https:\/\/aprh.pt\/pt\/wp-json\/wp\/v2\/pages\/43073"}],"wp:attachment":[{"href":"https:\/\/aprh.pt\/pt\/wp-json\/wp\/v2\/media?parent=182"}],"curies":[{"name":"wp","href":"https:\/\/api.w.org\/{rel}","templated":true}]}}