{"id":183,"date":"2022-04-06T09:44:31","date_gmt":"2022-04-06T09:44:31","guid":{"rendered":"https:\/\/aprh.zalox.pt\/?page_id=183"},"modified":"2022-06-22T11:47:52","modified_gmt":"2022-06-22T11:47:52","slug":"planeamento-de-rh","status":"publish","type":"page","link":"https:\/\/aprh.pt\/pt\/infoteca\/planeamento-de-rh\/","title":{"rendered":"Planeamento de RH"},"content":{"rendered":"\t\t<div data-elementor-type=\"wp-page\" data-elementor-id=\"183\" class=\"elementor elementor-183\" data-elementor-post-type=\"page\">\n\t\t\t\t\t\t<section class=\"elementor-section elementor-top-section elementor-element elementor-element-57e87543 elementor-section-full_width elementor-section-height-default elementor-section-height-default\" data-id=\"57e87543\" data-element_type=\"section\" data-settings=\"{&quot;background_background&quot;:&quot;classic&quot;}\">\n\t\t\t\t\t\t<div class=\"elementor-container elementor-column-gap-no\">\n\t\t\t\t\t<div class=\"elementor-column elementor-col-100 elementor-top-column elementor-element elementor-element-30851589\" data-id=\"30851589\" data-element_type=\"column\">\n\t\t\t<div class=\"elementor-widget-wrap elementor-element-populated\">\n\t\t\t\t\t\t<section class=\"elementor-section elementor-inner-section elementor-element elementor-element-1243fd73 elementor-section-boxed elementor-section-height-default elementor-section-height-default\" data-id=\"1243fd73\" data-element_type=\"section\">\n\t\t\t\t\t\t<div class=\"elementor-container elementor-column-gap-no\">\n\t\t\t\t\t<div class=\"elementor-column elementor-col-100 elementor-inner-column elementor-element elementor-element-487f1e56\" data-id=\"487f1e56\" data-element_type=\"column\">\n\t\t\t<div class=\"elementor-widget-wrap elementor-element-populated\">\n\t\t\t\t\t\t<div class=\"elementor-element elementor-element-2770e564 elementor-align-left elementor-widget elementor-widget-global elementor-global-553 elementor-widget-breadcrumbs\" data-id=\"2770e564\" data-element_type=\"widget\" data-widget_type=\"breadcrumbs.default\">\n\t\t\t\t<div class=\"elementor-widget-container\">\n\t\t\t<p id=\"breadcrumbs\"><span><span><a href=\"https:\/\/aprh.pt\/pt\/\">Home<\/a><\/span><\/span><\/p>\t\t<\/div>\n\t\t\t\t<\/div>\n\t\t\t\t\t<\/div>\n\t\t<\/div>\n\t\t\t\t\t<\/div>\n\t\t<\/section>\n\t\t\t\t\t<\/div>\n\t\t<\/div>\n\t\t\t\t\t<\/div>\n\t\t<\/section>\n\t\t\t\t<section class=\"elementor-section elementor-top-section elementor-element elementor-element-30729413 elementor-section-boxed elementor-section-height-default elementor-section-height-default\" data-id=\"30729413\" data-element_type=\"section\">\n\t\t\t\t\t\t<div class=\"elementor-container elementor-column-gap-no\">\n\t\t\t\t\t<div class=\"elementor-column elementor-col-100 elementor-top-column elementor-element elementor-element-1310f4fb\" data-id=\"1310f4fb\" data-element_type=\"column\">\n\t\t\t<div class=\"elementor-widget-wrap elementor-element-populated\">\n\t\t\t\t\t\t<div class=\"elementor-element elementor-element-50cf28f9 elementor-widget elementor-widget-global elementor-global-475 elementor-widget-spacer\" data-id=\"50cf28f9\" data-element_type=\"widget\" data-widget_type=\"spacer.default\">\n\t\t\t\t<div class=\"elementor-widget-container\">\n\t\t\t\t\t<div class=\"elementor-spacer\">\n\t\t\t<div class=\"elementor-spacer-inner\"><\/div>\n\t\t<\/div>\n\t\t\t\t<\/div>\n\t\t\t\t<\/div>\n\t\t\t\t\t<\/div>\n\t\t<\/div>\n\t\t\t\t\t<\/div>\n\t\t<\/section>\n\t\t\t\t<section class=\"elementor-section elementor-top-section elementor-element elementor-element-f6df55c elementor-section-boxed elementor-section-height-default elementor-section-height-default\" data-id=\"f6df55c\" data-element_type=\"section\">\n\t\t\t\t\t\t<div class=\"elementor-container elementor-column-gap-no\">\n\t\t\t\t\t<div class=\"elementor-column elementor-col-25 elementor-top-column elementor-element elementor-element-c98cf18\" data-id=\"c98cf18\" data-element_type=\"column\">\n\t\t\t<div class=\"elementor-widget-wrap elementor-element-populated\">\n\t\t\t\t\t\t<div class=\"elementor-element elementor-element-a123133 elementor-widget elementor-widget-heading\" data-id=\"a123133\" data-element_type=\"widget\" data-widget_type=\"heading.default\">\n\t\t\t\t<div class=\"elementor-widget-container\">\n\t\t\t<h2 class=\"elementor-heading-title elementor-size-default\">Planos de Gest\u00e3o de Regi\u00e3o Hidrogr\u00e1fica (PGRH)\n<\/h2>\t\t<\/div>\n\t\t\t\t<\/div>\n\t\t\t\t\t<\/div>\n\t\t<\/div>\n\t\t\t\t<div class=\"elementor-column elementor-col-50 elementor-top-column elementor-element elementor-element-5b74886\" data-id=\"5b74886\" data-element_type=\"column\">\n\t\t\t<div class=\"elementor-widget-wrap elementor-element-populated\">\n\t\t\t\t\t\t<div class=\"elementor-element elementor-element-ec18673 elementor-widget elementor-widget-text-editor\" data-id=\"ec18673\" data-element_type=\"widget\" data-widget_type=\"text-editor.default\">\n\t\t\t\t<div class=\"elementor-widget-container\">\n\t\t\t\t\t\t\t<p align=\"left\">Fonte: APA &#8211; Ag\u00eancia Portuguesa do Ambiente<\/p>\t\t\t\t\t\t<\/div>\n\t\t\t\t<\/div>\n\t\t\t\t<div class=\"elementor-element elementor-element-a01b98b elementor-widget elementor-widget-heading\" data-id=\"a01b98b\" data-element_type=\"widget\" data-widget_type=\"heading.default\">\n\t\t\t\t<div class=\"elementor-widget-container\">\n\t\t\t<h2 class=\"elementor-heading-title elementor-size-default\">Enquadramento legal\n<\/h2>\t\t<\/div>\n\t\t\t\t<\/div>\n\t\t\t\t<div class=\"elementor-element elementor-element-7be32d0 elementor-widget elementor-widget-text-editor\" data-id=\"7be32d0\" data-element_type=\"widget\" data-widget_type=\"text-editor.default\">\n\t\t\t\t<div class=\"elementor-widget-container\">\n\t\t\t\t\t\t\t<p>A Lei da \u00c1gua (LA &#8211; Lei n.\u00ba 58\/2005, de 29 de Dezembro) transp\u00f4s para a ordem jur\u00eddica nacional a Diretiva Quadro da \u00c1gua (DQA &#8211; Diretiva 2000\/60\/CE, do Parlamento Europeu e do Conselho, de 23 de Outubro), que estabelece um quadro de a\u00e7\u00e3o comunit\u00e1ria no dom\u00ednio da pol\u00edtica da \u00e1gua. Tem por objectivo proteger as massas de \u00e1gua superficiais interiores, costeiras e de transi\u00e7\u00e3o, e subterr\u00e2neas.<\/p><p>A DQA\/ LA estipula como objectivos ambientais o bom estado, ou o bom potencial, das massas de \u00e1gua, que devem ser atingidos at\u00e9 2015, atrav\u00e9s da aplica\u00e7\u00e3o dos programas de medidas especificados nos planos de gest\u00e3o das regi\u00f5es hidrogr\u00e1ficas.<\/p><p align=\"left\">A regi\u00e3o hidrogr\u00e1fica, constitu\u00edda por uma ou mais bacias hidrogr\u00e1ficas, \u00e9 a unidade territorial de gest\u00e3o da \u00e1gua.<\/p><p>A compet\u00eancia para elabora\u00e7\u00e3o dos planos de gest\u00e3o de regi\u00e3o hidrogr\u00e1fica, enquanto instrumentos de planeamento dos recursos h\u00eddricos que visam a gest\u00e3o, a prote\u00e7\u00e3o e a valoriza\u00e7\u00e3o ambiental, social e econ\u00f3mica das \u00e1guas ao n\u00edvel das bacias hidrogr\u00e1ficas integradas numa regi\u00e3o hidrogr\u00e1fica, est\u00e1 cometida \u00e0 Ag\u00eancia Portuguesa do Ambiente, I.P.<\/p><p>Os PGRH est\u00e3o sujeitos ao parecer do Conselho de Regi\u00e3o Hidrogr\u00e1fica e \u00e0 aprova\u00e7\u00e3o da Autoridade Nacional da \u00c1gua (APA, I.P.)\u00a0<\/p>\t\t\t\t\t\t<\/div>\n\t\t\t\t<\/div>\n\t\t\t\t<div class=\"elementor-element elementor-element-4bef8f1 elementor-widget elementor-widget-heading\" data-id=\"4bef8f1\" data-element_type=\"widget\" data-widget_type=\"heading.default\">\n\t\t\t\t<div class=\"elementor-widget-container\">\n\t\t\t<h2 class=\"elementor-heading-title elementor-size-default\">Objetivos dos PGRH\n<\/h2>\t\t<\/div>\n\t\t\t\t<\/div>\n\t\t\t\t<div class=\"elementor-element elementor-element-9358892 elementor-widget elementor-widget-text-editor\" data-id=\"9358892\" data-element_type=\"widget\" data-widget_type=\"text-editor.default\">\n\t\t\t\t<div class=\"elementor-widget-container\">\n\t\t\t\t\t\t\t<p align=\"left\">O planeamento das \u00e1guas visa fundamentar e orientar a prote\u00e7\u00e3o e a gest\u00e3o das \u00e1guas e a compatibiliza\u00e7\u00e3o das suas utiliza\u00e7\u00f5es com as suas disponibilidades de forma a:<\/p><ol type=\"a\"><li>Garantir a sua utiliza\u00e7\u00e3o sustent\u00e1vel, assegurando a satisfa\u00e7\u00e3o das necessidades das gera\u00e7\u00f5es atuais, sem comprometer as gera\u00e7\u00f5es futuras;<\/li><li>Proporcionar crit\u00e9rios de afecta\u00e7\u00e3o aos v\u00e1rios tipos de usos pretendidos, tendo em conta o valor econ\u00f3mico de cada um deles, bem como assegurar a harmoniza\u00e7\u00e3o da gest\u00e3o das \u00e1guas com o desenvolvimento regional e as pol\u00edticas sectoriais, os direitos individuais e os interesses locais;<\/li><li>Fixar as normas de qualidade ambiental e os crit\u00e9rios relativos \u00e0 avalia\u00e7\u00e3o do estado das \u00e1guas.<\/li><\/ol><p align=\"left\">Nos termos da DQA e da Lei da \u00c1gua, o planeamento de gest\u00e3o dos recursos h\u00eddricos est\u00e1 estruturado em ciclos de 6 anos. Os primeiros PGRH elaborados no \u00e2mbito deste quadro legal, est\u00e3o vigentes no per\u00edodo de 2009 a 2015. Os programas de medidas devem ser revistos e atualizados at\u00e9 2015 e posteriormente de seis em seis anos.<\/p><p align=\"left\">Todos os\u00a0<a href=\"https:\/\/www.apambiente.pt\/index.php?ref=16&amp;subref=7&amp;sub2ref=9&amp;sub3ref=834#pgbh-tabela\" target=\"_blank\" rel=\"noopener\">Planos de Gest\u00e3o de Regi\u00e3o Hidrogr\u00e1fica<\/a>\u00a0do continente, referentes ao 1.\u00ba ciclo, est\u00e3o conclu\u00eddos, contemplando os contributos obtidos na participa\u00e7\u00e3o p\u00fablica. Obtiveram parecer favor\u00e1vel un\u00e2nime por todos os Conselhos de Regi\u00e3o Hidrogr\u00e1fica e foram aprovados pela Autoridade Nacional da \u00c1gua (APA, I.P.).<\/p><p align=\"left\">Foram tamb\u00e9m reportados \u00e0 Comiss\u00e3o Europeia e carregados no Sistema de Informa\u00e7\u00e3o sobre a \u00c1gua para a Europa (WISE).<\/p>\t\t\t\t\t\t<\/div>\n\t\t\t\t<\/div>\n\t\t\t\t<div class=\"elementor-element elementor-element-0a9574b elementor-widget elementor-widget-heading\" data-id=\"0a9574b\" data-element_type=\"widget\" data-widget_type=\"heading.default\">\n\t\t\t\t<div class=\"elementor-widget-container\">\n\t\t\t<h2 class=\"elementor-heading-title elementor-size-default\">2.\u00ba ciclo de PGBH\n<\/h2>\t\t<\/div>\n\t\t\t\t<\/div>\n\t\t\t\t<div class=\"elementor-element elementor-element-d5c03bc elementor-widget elementor-widget-text-editor\" data-id=\"d5c03bc\" data-element_type=\"widget\" data-widget_type=\"text-editor.default\">\n\t\t\t\t<div class=\"elementor-widget-container\">\n\t\t\t\t\t\t\t<div class=\"body\"><div class=\"content \"><div class=\"main container\"><div class=\"row\"><p>Cumprindo o calend\u00e1rio da DQA\/LA, a APA iniciou a 22 de Dezembro a elabora\u00e7\u00e3o do 2.\u00ba ciclo de Planos de Gest\u00e3o de Bacia Hidrogr\u00e1fica.<\/p><div class=\"row\"><div class=\"col-sm-12 col-xs-12\"><div class=\"item-page\"><div class=\"page-article\"><div class=\"row\"><div class=\"col-sm-12\"><div class=\"content\"><p>Cada ciclo de planos implica uma s\u00e9rie de passos de elabora\u00e7\u00e3o, atualiza\u00e7\u00e3o, revis\u00e3o, e eventual estabelecimento de novas medidas.<\/p><p>Encontra-se atualmente em\u00a0<strong>consulta p\u00fablica<\/strong>\u00a0o\u00a0<a href=\"http:\/\/www.apambiente.pt\/_zdata\/Politicas\/Agua\/PlaneamentoeGestao\/Documentos\/Calendario%20CP_PGRH_II.pdf\">calend\u00e1rio e o programa de trabalhos<\/a>\u00a0do 2\u00ba ciclo de planos de gest\u00e3o de regi\u00e3o hidrogr\u00e1fica.<\/p><p>Para mais informa\u00e7\u00f5es: http:\/\/www.apambiente.pt\u00a0<\/p><\/div><\/div><\/div><\/div><\/div><\/div><\/div><p>\u00a0<\/p><\/div><\/div><\/div><\/div>\t\t\t\t\t\t<\/div>\n\t\t\t\t<\/div>\n\t\t\t\t\t<\/div>\n\t\t<\/div>\n\t\t\t\t<div class=\"elementor-column elementor-col-25 elementor-top-column elementor-element elementor-element-da88df3 elementor-hidden-tablet elementor-hidden-mobile\" data-id=\"da88df3\" data-element_type=\"column\">\n\t\t\t<div class=\"elementor-widget-wrap\">\n\t\t\t\t\t\t\t<\/div>\n\t\t<\/div>\n\t\t\t\t\t<\/div>\n\t\t<\/section>\n\t\t\t\t<section class=\"elementor-section elementor-top-section elementor-element elementor-element-32726bc2 elementor-section-boxed elementor-section-height-default elementor-section-height-default\" data-id=\"32726bc2\" data-element_type=\"section\">\n\t\t\t\t\t\t<div class=\"elementor-container elementor-column-gap-no\">\n\t\t\t\t\t<div class=\"elementor-column elementor-col-100 elementor-top-column elementor-element elementor-element-79769c27\" data-id=\"79769c27\" data-element_type=\"column\">\n\t\t\t<div class=\"elementor-widget-wrap elementor-element-populated\">\n\t\t\t\t\t\t<div class=\"elementor-element elementor-element-62d16b49 elementor-widget elementor-widget-global elementor-global-500 elementor-widget-spacer\" data-id=\"62d16b49\" data-element_type=\"widget\" data-widget_type=\"spacer.default\">\n\t\t\t\t<div class=\"elementor-widget-container\">\n\t\t\t\t\t<div class=\"elementor-spacer\">\n\t\t\t<div class=\"elementor-spacer-inner\"><\/div>\n\t\t<\/div>\n\t\t\t\t<\/div>\n\t\t\t\t<\/div>\n\t\t\t\t\t<\/div>\n\t\t<\/div>\n\t\t\t\t\t<\/div>\n\t\t<\/section>\n\t\t\t\t<\/div>\n\t\t","protected":false},"excerpt":{"rendered":"<p>Planos de Gest\u00e3o de Regi\u00e3o Hidrogr\u00e1fica (PGRH) Fonte: APA &#8211; Ag\u00eancia Portuguesa do Ambiente Enquadramento legal A Lei da \u00c1gua (LA &#8211; Lei n.\u00ba 58\/2005, de 29 de Dezembro) transp\u00f4s para a ordem jur\u00eddica nacional a Diretiva Quadro da \u00c1gua (DQA &#8211; Diretiva 2000\/60\/CE, do Parlamento Europeu e do Conselho, de 23 de Outubro), que [&hellip;]<\/p>\n","protected":false},"author":1,"featured_media":0,"parent":43073,"menu_order":0,"comment_status":"closed","ping_status":"closed","template":"","meta":{"footnotes":""},"class_list":["post-183","page","type-page","status-publish","hentry"],"yoast_head":"<!-- This site is optimized with the Yoast SEO plugin v23.8 - https:\/\/yoast.com\/wordpress\/plugins\/seo\/ -->\n<title>Planeamento de RH - APRH<\/title>\n<meta name=\"robots\" content=\"index, follow, max-snippet:-1, max-image-preview:large, max-video-preview:-1\" \/>\n<link rel=\"canonical\" href=\"https:\/\/aprh.pt\/pt\/infoteca\/planeamento-de-rh\/\" \/>\n<meta property=\"og:locale\" content=\"pt_PT\" \/>\n<meta property=\"og:type\" content=\"article\" \/>\n<meta property=\"og:title\" content=\"Planeamento de RH - APRH\" \/>\n<meta property=\"og:description\" content=\"Planos de Gest\u00e3o de Regi\u00e3o Hidrogr\u00e1fica (PGRH) Fonte: APA &#8211; Ag\u00eancia Portuguesa do Ambiente Enquadramento legal A Lei da \u00c1gua (LA &#8211; Lei n.\u00ba 58\/2005, de 29 de Dezembro) transp\u00f4s para a ordem jur\u00eddica nacional a Diretiva Quadro da \u00c1gua (DQA &#8211; Diretiva 2000\/60\/CE, do Parlamento Europeu e do Conselho, de 23 de Outubro), que [&hellip;]\" \/>\n<meta property=\"og:url\" content=\"https:\/\/aprh.pt\/pt\/infoteca\/planeamento-de-rh\/\" \/>\n<meta property=\"og:site_name\" content=\"APRH\" \/>\n<meta property=\"article:modified_time\" content=\"2022-06-22T11:47:52+00:00\" \/>\n<meta name=\"twitter:card\" content=\"summary_large_image\" \/>\n<meta name=\"twitter:label1\" content=\"Tempo estimado de leitura\" \/>\n\t<meta name=\"twitter:data1\" content=\"3 minutos\" \/>\n<script type=\"application\/ld+json\" class=\"yoast-schema-graph\">{\"@context\":\"https:\/\/schema.org\",\"@graph\":[{\"@type\":\"WebPage\",\"@id\":\"https:\/\/aprh.pt\/pt\/infoteca\/planeamento-de-rh\/\",\"url\":\"https:\/\/aprh.pt\/pt\/infoteca\/planeamento-de-rh\/\",\"name\":\"Planeamento de RH - APRH\",\"isPartOf\":{\"@id\":\"https:\/\/aprh.pt\/pt\/#website\"},\"datePublished\":\"2022-04-06T09:44:31+00:00\",\"dateModified\":\"2022-06-22T11:47:52+00:00\",\"breadcrumb\":{\"@id\":\"https:\/\/aprh.pt\/pt\/infoteca\/planeamento-de-rh\/#breadcrumb\"},\"inLanguage\":\"pt-PT\",\"potentialAction\":[{\"@type\":\"ReadAction\",\"target\":[\"https:\/\/aprh.pt\/pt\/infoteca\/planeamento-de-rh\/\"]}]},{\"@type\":\"BreadcrumbList\",\"@id\":\"https:\/\/aprh.pt\/pt\/infoteca\/planeamento-de-rh\/#breadcrumb\",\"itemListElement\":[{\"@type\":\"ListItem\",\"position\":1,\"name\":\"Home\",\"item\":\"https:\/\/aprh.pt\/pt\/\"},{\"@type\":\"ListItem\",\"position\":2,\"name\":\"Infoteca\",\"item\":\"https:\/\/aprh.pt\/pt\/infoteca\/\"},{\"@type\":\"ListItem\",\"position\":3,\"name\":\"Planeamento de RH\"}]},{\"@type\":\"WebSite\",\"@id\":\"https:\/\/aprh.pt\/pt\/#website\",\"url\":\"https:\/\/aprh.pt\/pt\/\",\"name\":\"APRH\",\"description\":\"Associa\u00e7\u00e3o Portuguesa dos Recursos H\u00eddricos\",\"publisher\":{\"@id\":\"https:\/\/aprh.pt\/pt\/#organization\"},\"potentialAction\":[{\"@type\":\"SearchAction\",\"target\":{\"@type\":\"EntryPoint\",\"urlTemplate\":\"https:\/\/aprh.pt\/pt\/?s={search_term_string}\"},\"query-input\":{\"@type\":\"PropertyValueSpecification\",\"valueRequired\":true,\"valueName\":\"search_term_string\"}}],\"inLanguage\":\"pt-PT\"},{\"@type\":\"Organization\",\"@id\":\"https:\/\/aprh.pt\/pt\/#organization\",\"name\":\"APRH\",\"url\":\"https:\/\/aprh.pt\/pt\/\",\"logo\":{\"@type\":\"ImageObject\",\"inLanguage\":\"pt-PT\",\"@id\":\"https:\/\/aprh.pt\/pt\/#\/schema\/logo\/image\/\",\"url\":\"https:\/\/aprh.pt\/wp-content\/uploads\/2022\/04\/logotipo.png\",\"contentUrl\":\"https:\/\/aprh.pt\/wp-content\/uploads\/2022\/04\/logotipo.png\",\"width\":181,\"height\":80,\"caption\":\"APRH\"},\"image\":{\"@id\":\"https:\/\/aprh.pt\/pt\/#\/schema\/logo\/image\/\"}}]}<\/script>\n<!-- \/ Yoast SEO plugin. -->","yoast_head_json":{"title":"Planeamento de RH - APRH","robots":{"index":"index","follow":"follow","max-snippet":"max-snippet:-1","max-image-preview":"max-image-preview:large","max-video-preview":"max-video-preview:-1"},"canonical":"https:\/\/aprh.pt\/pt\/infoteca\/planeamento-de-rh\/","og_locale":"pt_PT","og_type":"article","og_title":"Planeamento de RH - APRH","og_description":"Planos de Gest\u00e3o de Regi\u00e3o Hidrogr\u00e1fica (PGRH) Fonte: APA &#8211; Ag\u00eancia Portuguesa do Ambiente Enquadramento legal A Lei da \u00c1gua (LA &#8211; Lei n.\u00ba 58\/2005, de 29 de Dezembro) transp\u00f4s para a ordem jur\u00eddica nacional a Diretiva Quadro da \u00c1gua (DQA &#8211; Diretiva 2000\/60\/CE, do Parlamento Europeu e do Conselho, de 23 de Outubro), que [&hellip;]","og_url":"https:\/\/aprh.pt\/pt\/infoteca\/planeamento-de-rh\/","og_site_name":"APRH","article_modified_time":"2022-06-22T11:47:52+00:00","twitter_card":"summary_large_image","twitter_misc":{"Tempo estimado de leitura":"3 minutos"},"schema":{"@context":"https:\/\/schema.org","@graph":[{"@type":"WebPage","@id":"https:\/\/aprh.pt\/pt\/infoteca\/planeamento-de-rh\/","url":"https:\/\/aprh.pt\/pt\/infoteca\/planeamento-de-rh\/","name":"Planeamento de RH - APRH","isPartOf":{"@id":"https:\/\/aprh.pt\/pt\/#website"},"datePublished":"2022-04-06T09:44:31+00:00","dateModified":"2022-06-22T11:47:52+00:00","breadcrumb":{"@id":"https:\/\/aprh.pt\/pt\/infoteca\/planeamento-de-rh\/#breadcrumb"},"inLanguage":"pt-PT","potentialAction":[{"@type":"ReadAction","target":["https:\/\/aprh.pt\/pt\/infoteca\/planeamento-de-rh\/"]}]},{"@type":"BreadcrumbList","@id":"https:\/\/aprh.pt\/pt\/infoteca\/planeamento-de-rh\/#breadcrumb","itemListElement":[{"@type":"ListItem","position":1,"name":"Home","item":"https:\/\/aprh.pt\/pt\/"},{"@type":"ListItem","position":2,"name":"Infoteca","item":"https:\/\/aprh.pt\/pt\/infoteca\/"},{"@type":"ListItem","position":3,"name":"Planeamento de RH"}]},{"@type":"WebSite","@id":"https:\/\/aprh.pt\/pt\/#website","url":"https:\/\/aprh.pt\/pt\/","name":"APRH","description":"Associa\u00e7\u00e3o Portuguesa dos Recursos H\u00eddricos","publisher":{"@id":"https:\/\/aprh.pt\/pt\/#organization"},"potentialAction":[{"@type":"SearchAction","target":{"@type":"EntryPoint","urlTemplate":"https:\/\/aprh.pt\/pt\/?s={search_term_string}"},"query-input":{"@type":"PropertyValueSpecification","valueRequired":true,"valueName":"search_term_string"}}],"inLanguage":"pt-PT"},{"@type":"Organization","@id":"https:\/\/aprh.pt\/pt\/#organization","name":"APRH","url":"https:\/\/aprh.pt\/pt\/","logo":{"@type":"ImageObject","inLanguage":"pt-PT","@id":"https:\/\/aprh.pt\/pt\/#\/schema\/logo\/image\/","url":"https:\/\/aprh.pt\/wp-content\/uploads\/2022\/04\/logotipo.png","contentUrl":"https:\/\/aprh.pt\/wp-content\/uploads\/2022\/04\/logotipo.png","width":181,"height":80,"caption":"APRH"},"image":{"@id":"https:\/\/aprh.pt\/pt\/#\/schema\/logo\/image\/"}}]}},"_links":{"self":[{"href":"https:\/\/aprh.pt\/pt\/wp-json\/wp\/v2\/pages\/183","targetHints":{"allow":["GET"]}}],"collection":[{"href":"https:\/\/aprh.pt\/pt\/wp-json\/wp\/v2\/pages"}],"about":[{"href":"https:\/\/aprh.pt\/pt\/wp-json\/wp\/v2\/types\/page"}],"author":[{"embeddable":true,"href":"https:\/\/aprh.pt\/pt\/wp-json\/wp\/v2\/users\/1"}],"replies":[{"embeddable":true,"href":"https:\/\/aprh.pt\/pt\/wp-json\/wp\/v2\/comments?post=183"}],"version-history":[{"count":4,"href":"https:\/\/aprh.pt\/pt\/wp-json\/wp\/v2\/pages\/183\/revisions"}],"predecessor-version":[{"id":2173,"href":"https:\/\/aprh.pt\/pt\/wp-json\/wp\/v2\/pages\/183\/revisions\/2173"}],"up":[{"embeddable":true,"href":"https:\/\/aprh.pt\/pt\/wp-json\/wp\/v2\/pages\/43073"}],"wp:attachment":[{"href":"https:\/\/aprh.pt\/pt\/wp-json\/wp\/v2\/media?parent=183"}],"curies":[{"name":"wp","href":"https:\/\/api.w.org\/{rel}","templated":true}]}}