{"id":2004,"date":"2022-05-09T11:39:35","date_gmt":"2022-05-09T11:39:35","guid":{"rendered":"https:\/\/aprh.zalox.pt\/?page_id=2004"},"modified":"2023-01-02T10:19:40","modified_gmt":"2023-01-02T10:19:40","slug":"fernando-hoyaux-sequeira-ribeiro","status":"publish","type":"page","link":"https:\/\/aprh.pt\/pt\/socios\/perfis\/fernando-hoyaux-sequeira-ribeiro\/","title":{"rendered":"Fernando Hoyaux Sequeira Ribeiro"},"content":{"rendered":"\t\t<div data-elementor-type=\"wp-page\" data-elementor-id=\"2004\" class=\"elementor elementor-2004\" data-elementor-post-type=\"page\">\n\t\t\t\t\t\t<section class=\"elementor-section elementor-top-section elementor-element elementor-element-11c663a9 elementor-section-boxed elementor-section-height-default elementor-section-height-default\" data-id=\"11c663a9\" data-element_type=\"section\">\n\t\t\t\t\t\t<div class=\"elementor-container elementor-column-gap-no\">\n\t\t\t\t\t<div class=\"elementor-column elementor-col-100 elementor-top-column elementor-element elementor-element-9dc3204\" data-id=\"9dc3204\" data-element_type=\"column\">\n\t\t\t<div class=\"elementor-widget-wrap elementor-element-populated\">\n\t\t\t\t\t\t<div class=\"elementor-element elementor-element-4ba668d0 elementor-widget elementor-widget-global elementor-global-475 elementor-widget-spacer\" data-id=\"4ba668d0\" data-element_type=\"widget\" data-widget_type=\"spacer.default\">\n\t\t\t\t<div class=\"elementor-widget-container\">\n\t\t\t\t\t<div class=\"elementor-spacer\">\n\t\t\t<div class=\"elementor-spacer-inner\"><\/div>\n\t\t<\/div>\n\t\t\t\t<\/div>\n\t\t\t\t<\/div>\n\t\t\t\t\t<\/div>\n\t\t<\/div>\n\t\t\t\t\t<\/div>\n\t\t<\/section>\n\t\t\t\t<section class=\"elementor-section elementor-top-section elementor-element elementor-element-7c7d60fd elementor-section-boxed elementor-section-height-default elementor-section-height-default\" data-id=\"7c7d60fd\" data-element_type=\"section\">\n\t\t\t\t\t\t<div class=\"elementor-container elementor-column-gap-no\">\n\t\t\t\t\t<div class=\"elementor-column elementor-col-25 elementor-top-column elementor-element elementor-element-79e5effd\" data-id=\"79e5effd\" data-element_type=\"column\">\n\t\t\t<div class=\"elementor-widget-wrap elementor-element-populated\">\n\t\t\t\t\t\t<div class=\"elementor-element elementor-element-925651c elementor-widget elementor-widget-heading\" data-id=\"925651c\" data-element_type=\"widget\" data-widget_type=\"heading.default\">\n\t\t\t\t<div class=\"elementor-widget-container\">\n\t\t\t<h2 class=\"elementor-heading-title elementor-size-default\">Associados da APRH<\/h2>\t\t<\/div>\n\t\t\t\t<\/div>\n\t\t\t\t\t<\/div>\n\t\t<\/div>\n\t\t\t\t<div class=\"elementor-column elementor-col-50 elementor-top-column elementor-element elementor-element-22b9d127\" data-id=\"22b9d127\" data-element_type=\"column\">\n\t\t\t<div class=\"elementor-widget-wrap elementor-element-populated\">\n\t\t\t\t\t\t<div class=\"elementor-element elementor-element-3655814 elementor-widget elementor-widget-image\" data-id=\"3655814\" data-element_type=\"widget\" data-widget_type=\"image.default\">\n\t\t\t\t<div class=\"elementor-widget-container\">\n\t\t\t\t\t\t\t\t\t\t\t\t\t<img decoding=\"async\" width=\"200\" height=\"224\" src=\"https:\/\/aprh.pt\/wp-content\/uploads\/2022\/05\/fernando-ribeiro.jpg\" class=\"attachment-medium size-medium wp-image-2013\" alt=\"\" \/>\t\t\t\t\t\t\t\t\t\t\t\t\t<\/div>\n\t\t\t\t<\/div>\n\t\t\t\t<div class=\"elementor-element elementor-element-432adfcc elementor-widget elementor-widget-heading\" data-id=\"432adfcc\" data-element_type=\"widget\" data-widget_type=\"heading.default\">\n\t\t\t\t<div class=\"elementor-widget-container\">\n\t\t\t<h2 class=\"elementor-heading-title elementor-size-default\">Fernando Hoyaux Sequeira Ribeiro<\/h2>\t\t<\/div>\n\t\t\t\t<\/div>\n\t\t\t\t<div class=\"elementor-element elementor-element-6150c706 remover_marcadores elementor-widget elementor-widget-text-editor\" data-id=\"6150c706\" data-element_type=\"widget\" data-widget_type=\"text-editor.default\">\n\t\t\t\t<div class=\"elementor-widget-container\">\n\t\t\t\t\t\t\t<ul><li>Associado 59<\/li><li>Email: sequeiraribeiro@yahoo.fr<\/li><li>Data de nascimento: 1945\/10\/27<\/li><li>Nacionalidade: Portuguesa<\/li><li>P\u00e1gina pessoal: &#8211;<\/li><\/ul>\t\t\t\t\t\t<\/div>\n\t\t\t\t<\/div>\n\t\t\t\t<div class=\"elementor-element elementor-element-5909f14c elementor-widget elementor-widget-heading\" data-id=\"5909f14c\" data-element_type=\"widget\" data-widget_type=\"heading.default\">\n\t\t\t\t<div class=\"elementor-widget-container\">\n\t\t\t<h2 class=\"elementor-heading-title elementor-size-default\">Forma\u00e7\u00e3o<\/h2>\t\t<\/div>\n\t\t\t\t<\/div>\n\t\t\t\t<div class=\"elementor-element elementor-element-19136a9 remover_marcadores elementor-widget elementor-widget-text-editor\" data-id=\"19136a9\" data-element_type=\"widget\" data-widget_type=\"text-editor.default\">\n\t\t\t\t<div class=\"elementor-widget-container\">\n\t\t\t\t\t\t\t<ul><li>Curso: Engenheiro Civil<\/li><li>Estabelecimento de ensino: Instituto Superior T\u00e9cnico<\/li><li>Ano de conclus\u00e3o: 1968\/10\/16<\/li><li>Graus acad\u00e9micos: Licenciatura pr\u00e9-bolonha<\/li><li>Especializa\u00e7\u00f5es: Hidr\u00e1ulica Urbana<\/li><\/ul>\t\t\t\t\t\t<\/div>\n\t\t\t\t<\/div>\n\t\t\t\t<div class=\"elementor-element elementor-element-d592ae7 elementor-widget elementor-widget-heading\" data-id=\"d592ae7\" data-element_type=\"widget\" data-widget_type=\"heading.default\">\n\t\t\t\t<div class=\"elementor-widget-container\">\n\t\t\t<h2 class=\"elementor-heading-title elementor-size-default\">Actividade profissional atual<\/h2>\t\t<\/div>\n\t\t\t\t<\/div>\n\t\t\t\t<div class=\"elementor-element elementor-element-6792261 remover_marcadores elementor-widget elementor-widget-text-editor\" data-id=\"6792261\" data-element_type=\"widget\" data-widget_type=\"text-editor.default\">\n\t\t\t\t<div class=\"elementor-widget-container\">\n\t\t\t\t\t\t\t<ul><li>Entidade: Consultoria em profiss\u00e3o liberal<\/li><\/ul>\t\t\t\t\t\t<\/div>\n\t\t\t\t<\/div>\n\t\t\t\t<div class=\"elementor-element elementor-element-71c0bb7 elementor-widget elementor-widget-heading\" data-id=\"71c0bb7\" data-element_type=\"widget\" data-widget_type=\"heading.default\">\n\t\t\t\t<div class=\"elementor-widget-container\">\n\t\t\t<h2 class=\"elementor-heading-title elementor-size-default\">Actividade profissional atual<\/h2>\t\t<\/div>\n\t\t\t\t<\/div>\n\t\t\t\t<div class=\"elementor-element elementor-element-1df069a remover_marcadores elementor-widget elementor-widget-text-editor\" data-id=\"1df069a\" data-element_type=\"widget\" data-widget_type=\"text-editor.default\">\n\t\t\t\t<div class=\"elementor-widget-container\">\n\t\t\t\t\t\t\t<ul><li>Entidade: HIDROPROJECTO<\/li><li>Fun\u00e7\u00f5es: Consultoria<\/li><\/ul>\t\t\t\t\t\t<\/div>\n\t\t\t\t<\/div>\n\t\t\t\t\t<\/div>\n\t\t<\/div>\n\t\t\t\t<div class=\"elementor-column elementor-col-25 elementor-top-column elementor-element elementor-element-232afe55 elementor-hidden-tablet elementor-hidden-mobile\" data-id=\"232afe55\" data-element_type=\"column\">\n\t\t\t<div class=\"elementor-widget-wrap\">\n\t\t\t\t\t\t\t<\/div>\n\t\t<\/div>\n\t\t\t\t\t<\/div>\n\t\t<\/section>\n\t\t\t\t<section class=\"elementor-section elementor-top-section elementor-element elementor-element-5eb803be elementor-section-boxed elementor-section-height-default elementor-section-height-default\" data-id=\"5eb803be\" data-element_type=\"section\">\n\t\t\t\t\t\t<div class=\"elementor-container elementor-column-gap-no\">\n\t\t\t\t\t<div class=\"elementor-column elementor-col-100 elementor-top-column elementor-element elementor-element-2d338dc1\" data-id=\"2d338dc1\" data-element_type=\"column\">\n\t\t\t<div class=\"elementor-widget-wrap elementor-element-populated\">\n\t\t\t\t\t\t<div class=\"elementor-element elementor-element-67df24e elementor-widget elementor-widget-global elementor-global-500 elementor-widget-spacer\" data-id=\"67df24e\" data-element_type=\"widget\" data-widget_type=\"spacer.default\">\n\t\t\t\t<div class=\"elementor-widget-container\">\n\t\t\t\t\t<div class=\"elementor-spacer\">\n\t\t\t<div class=\"elementor-spacer-inner\"><\/div>\n\t\t<\/div>\n\t\t\t\t<\/div>\n\t\t\t\t<\/div>\n\t\t\t\t\t<\/div>\n\t\t<\/div>\n\t\t\t\t\t<\/div>\n\t\t<\/section>\n\t\t\t\t<\/div>\n\t\t","protected":false},"excerpt":{"rendered":"<p>Associados da APRH Fernando Hoyaux Sequeira Ribeiro Associado 59 Email: sequeiraribeiro@yahoo.fr Data de nascimento: 1945\/10\/27 Nacionalidade: Portuguesa P\u00e1gina pessoal: &#8211; Forma\u00e7\u00e3o Curso: Engenheiro Civil Estabelecimento de ensino: Instituto Superior T\u00e9cnico Ano de conclus\u00e3o: 1968\/10\/16 Graus acad\u00e9micos: Licenciatura pr\u00e9-bolonha Especializa\u00e7\u00f5es: Hidr\u00e1ulica Urbana Actividade profissional atual Entidade: Consultoria em profiss\u00e3o liberal Actividade profissional atual Entidade: HIDROPROJECTO Fun\u00e7\u00f5es: [&hellip;]<\/p>\n","protected":false},"author":1,"featured_media":0,"parent":150,"menu_order":0,"comment_status":"closed","ping_status":"closed","template":"","meta":{"footnotes":""},"class_list":["post-2004","page","type-page","status-publish","hentry"],"yoast_head":"<!-- This site is optimized with the Yoast SEO plugin v23.8 - https:\/\/yoast.com\/wordpress\/plugins\/seo\/ -->\n<title>Fernando Hoyaux Sequeira Ribeiro - APRH<\/title>\n<meta name=\"robots\" content=\"index, follow, max-snippet:-1, max-image-preview:large, max-video-preview:-1\" \/>\n<link rel=\"canonical\" href=\"https:\/\/aprh.pt\/pt\/socios\/perfis\/fernando-hoyaux-sequeira-ribeiro\/\" \/>\n<meta property=\"og:locale\" content=\"pt_PT\" \/>\n<meta property=\"og:type\" content=\"article\" \/>\n<meta property=\"og:title\" content=\"Fernando Hoyaux Sequeira Ribeiro - APRH\" \/>\n<meta property=\"og:description\" content=\"Associados da APRH Fernando Hoyaux Sequeira Ribeiro Associado 59 Email: sequeiraribeiro@yahoo.fr Data de nascimento: 1945\/10\/27 Nacionalidade: Portuguesa P\u00e1gina pessoal: &#8211; Forma\u00e7\u00e3o Curso: Engenheiro Civil Estabelecimento de ensino: Instituto Superior T\u00e9cnico Ano de conclus\u00e3o: 1968\/10\/16 Graus acad\u00e9micos: Licenciatura pr\u00e9-bolonha Especializa\u00e7\u00f5es: Hidr\u00e1ulica Urbana Actividade profissional atual Entidade: Consultoria em profiss\u00e3o liberal Actividade profissional atual Entidade: HIDROPROJECTO Fun\u00e7\u00f5es: [&hellip;]\" \/>\n<meta property=\"og:url\" content=\"https:\/\/aprh.pt\/pt\/socios\/perfis\/fernando-hoyaux-sequeira-ribeiro\/\" \/>\n<meta property=\"og:site_name\" content=\"APRH\" \/>\n<meta property=\"article:modified_time\" content=\"2023-01-02T10:19:40+00:00\" \/>\n<meta property=\"og:image\" content=\"https:\/\/www.aprh.pt\/wp-content\/uploads\/2022\/05\/fernando-ribeiro.jpg\" \/>\n<meta name=\"twitter:card\" content=\"summary_large_image\" \/>\n<meta name=\"twitter:label1\" content=\"Tempo estimado de leitura\" \/>\n\t<meta name=\"twitter:data1\" content=\"1 minuto\" \/>\n<script type=\"application\/ld+json\" class=\"yoast-schema-graph\">{\"@context\":\"https:\/\/schema.org\",\"@graph\":[{\"@type\":\"WebPage\",\"@id\":\"https:\/\/aprh.pt\/pt\/socios\/perfis\/fernando-hoyaux-sequeira-ribeiro\/\",\"url\":\"https:\/\/aprh.pt\/pt\/socios\/perfis\/fernando-hoyaux-sequeira-ribeiro\/\",\"name\":\"Fernando Hoyaux Sequeira Ribeiro - APRH\",\"isPartOf\":{\"@id\":\"https:\/\/aprh.pt\/pt\/#website\"},\"primaryImageOfPage\":{\"@id\":\"https:\/\/aprh.pt\/pt\/socios\/perfis\/fernando-hoyaux-sequeira-ribeiro\/#primaryimage\"},\"image\":{\"@id\":\"https:\/\/aprh.pt\/pt\/socios\/perfis\/fernando-hoyaux-sequeira-ribeiro\/#primaryimage\"},\"thumbnailUrl\":\"https:\/\/www.aprh.pt\/wp-content\/uploads\/2022\/05\/fernando-ribeiro.jpg\",\"datePublished\":\"2022-05-09T11:39:35+00:00\",\"dateModified\":\"2023-01-02T10:19:40+00:00\",\"breadcrumb\":{\"@id\":\"https:\/\/aprh.pt\/pt\/socios\/perfis\/fernando-hoyaux-sequeira-ribeiro\/#breadcrumb\"},\"inLanguage\":\"pt-PT\",\"potentialAction\":[{\"@type\":\"ReadAction\",\"target\":[\"https:\/\/aprh.pt\/pt\/socios\/perfis\/fernando-hoyaux-sequeira-ribeiro\/\"]}]},{\"@type\":\"ImageObject\",\"inLanguage\":\"pt-PT\",\"@id\":\"https:\/\/aprh.pt\/pt\/socios\/perfis\/fernando-hoyaux-sequeira-ribeiro\/#primaryimage\",\"url\":\"https:\/\/www.aprh.pt\/wp-content\/uploads\/2022\/05\/fernando-ribeiro.jpg\",\"contentUrl\":\"https:\/\/www.aprh.pt\/wp-content\/uploads\/2022\/05\/fernando-ribeiro.jpg\"},{\"@type\":\"BreadcrumbList\",\"@id\":\"https:\/\/aprh.pt\/pt\/socios\/perfis\/fernando-hoyaux-sequeira-ribeiro\/#breadcrumb\",\"itemListElement\":[{\"@type\":\"ListItem\",\"position\":1,\"name\":\"Home\",\"item\":\"https:\/\/aprh.pt\/pt\/\"},{\"@type\":\"ListItem\",\"position\":2,\"name\":\"Associados\",\"item\":\"https:\/\/aprh.pt\/pt\/socios\/\"},{\"@type\":\"ListItem\",\"position\":3,\"name\":\"Perfis\",\"item\":\"https:\/\/aprh.pt\/pt\/socios\/perfis\/\"},{\"@type\":\"ListItem\",\"position\":4,\"name\":\"Fernando Hoyaux Sequeira Ribeiro\"}]},{\"@type\":\"WebSite\",\"@id\":\"https:\/\/aprh.pt\/pt\/#website\",\"url\":\"https:\/\/aprh.pt\/pt\/\",\"name\":\"APRH\",\"description\":\"Associa\u00e7\u00e3o Portuguesa dos Recursos H\u00eddricos\",\"publisher\":{\"@id\":\"https:\/\/aprh.pt\/pt\/#organization\"},\"potentialAction\":[{\"@type\":\"SearchAction\",\"target\":{\"@type\":\"EntryPoint\",\"urlTemplate\":\"https:\/\/aprh.pt\/pt\/?s={search_term_string}\"},\"query-input\":{\"@type\":\"PropertyValueSpecification\",\"valueRequired\":true,\"valueName\":\"search_term_string\"}}],\"inLanguage\":\"pt-PT\"},{\"@type\":\"Organization\",\"@id\":\"https:\/\/aprh.pt\/pt\/#organization\",\"name\":\"APRH\",\"url\":\"https:\/\/aprh.pt\/pt\/\",\"logo\":{\"@type\":\"ImageObject\",\"inLanguage\":\"pt-PT\",\"@id\":\"https:\/\/aprh.pt\/pt\/#\/schema\/logo\/image\/\",\"url\":\"https:\/\/aprh.pt\/wp-content\/uploads\/2022\/04\/logotipo.png\",\"contentUrl\":\"https:\/\/aprh.pt\/wp-content\/uploads\/2022\/04\/logotipo.png\",\"width\":181,\"height\":80,\"caption\":\"APRH\"},\"image\":{\"@id\":\"https:\/\/aprh.pt\/pt\/#\/schema\/logo\/image\/\"}}]}<\/script>\n<!-- \/ Yoast SEO plugin. -->","yoast_head_json":{"title":"Fernando Hoyaux Sequeira Ribeiro - APRH","robots":{"index":"index","follow":"follow","max-snippet":"max-snippet:-1","max-image-preview":"max-image-preview:large","max-video-preview":"max-video-preview:-1"},"canonical":"https:\/\/aprh.pt\/pt\/socios\/perfis\/fernando-hoyaux-sequeira-ribeiro\/","og_locale":"pt_PT","og_type":"article","og_title":"Fernando Hoyaux Sequeira Ribeiro - APRH","og_description":"Associados da APRH Fernando Hoyaux Sequeira Ribeiro Associado 59 Email: sequeiraribeiro@yahoo.fr Data de nascimento: 1945\/10\/27 Nacionalidade: Portuguesa P\u00e1gina pessoal: &#8211; Forma\u00e7\u00e3o Curso: Engenheiro Civil Estabelecimento de ensino: Instituto Superior T\u00e9cnico Ano de conclus\u00e3o: 1968\/10\/16 Graus acad\u00e9micos: Licenciatura pr\u00e9-bolonha Especializa\u00e7\u00f5es: Hidr\u00e1ulica Urbana Actividade profissional atual Entidade: Consultoria em profiss\u00e3o liberal Actividade profissional atual Entidade: HIDROPROJECTO Fun\u00e7\u00f5es: [&hellip;]","og_url":"https:\/\/aprh.pt\/pt\/socios\/perfis\/fernando-hoyaux-sequeira-ribeiro\/","og_site_name":"APRH","article_modified_time":"2023-01-02T10:19:40+00:00","og_image":[{"url":"https:\/\/www.aprh.pt\/wp-content\/uploads\/2022\/05\/fernando-ribeiro.jpg"}],"twitter_card":"summary_large_image","twitter_misc":{"Tempo estimado de leitura":"1 minuto"},"schema":{"@context":"https:\/\/schema.org","@graph":[{"@type":"WebPage","@id":"https:\/\/aprh.pt\/pt\/socios\/perfis\/fernando-hoyaux-sequeira-ribeiro\/","url":"https:\/\/aprh.pt\/pt\/socios\/perfis\/fernando-hoyaux-sequeira-ribeiro\/","name":"Fernando Hoyaux Sequeira Ribeiro - APRH","isPartOf":{"@id":"https:\/\/aprh.pt\/pt\/#website"},"primaryImageOfPage":{"@id":"https:\/\/aprh.pt\/pt\/socios\/perfis\/fernando-hoyaux-sequeira-ribeiro\/#primaryimage"},"image":{"@id":"https:\/\/aprh.pt\/pt\/socios\/perfis\/fernando-hoyaux-sequeira-ribeiro\/#primaryimage"},"thumbnailUrl":"https:\/\/www.aprh.pt\/wp-content\/uploads\/2022\/05\/fernando-ribeiro.jpg","datePublished":"2022-05-09T11:39:35+00:00","dateModified":"2023-01-02T10:19:40+00:00","breadcrumb":{"@id":"https:\/\/aprh.pt\/pt\/socios\/perfis\/fernando-hoyaux-sequeira-ribeiro\/#breadcrumb"},"inLanguage":"pt-PT","potentialAction":[{"@type":"ReadAction","target":["https:\/\/aprh.pt\/pt\/socios\/perfis\/fernando-hoyaux-sequeira-ribeiro\/"]}]},{"@type":"ImageObject","inLanguage":"pt-PT","@id":"https:\/\/aprh.pt\/pt\/socios\/perfis\/fernando-hoyaux-sequeira-ribeiro\/#primaryimage","url":"https:\/\/www.aprh.pt\/wp-content\/uploads\/2022\/05\/fernando-ribeiro.jpg","contentUrl":"https:\/\/www.aprh.pt\/wp-content\/uploads\/2022\/05\/fernando-ribeiro.jpg"},{"@type":"BreadcrumbList","@id":"https:\/\/aprh.pt\/pt\/socios\/perfis\/fernando-hoyaux-sequeira-ribeiro\/#breadcrumb","itemListElement":[{"@type":"ListItem","position":1,"name":"Home","item":"https:\/\/aprh.pt\/pt\/"},{"@type":"ListItem","position":2,"name":"Associados","item":"https:\/\/aprh.pt\/pt\/socios\/"},{"@type":"ListItem","position":3,"name":"Perfis","item":"https:\/\/aprh.pt\/pt\/socios\/perfis\/"},{"@type":"ListItem","position":4,"name":"Fernando Hoyaux Sequeira Ribeiro"}]},{"@type":"WebSite","@id":"https:\/\/aprh.pt\/pt\/#website","url":"https:\/\/aprh.pt\/pt\/","name":"APRH","description":"Associa\u00e7\u00e3o Portuguesa dos Recursos H\u00eddricos","publisher":{"@id":"https:\/\/aprh.pt\/pt\/#organization"},"potentialAction":[{"@type":"SearchAction","target":{"@type":"EntryPoint","urlTemplate":"https:\/\/aprh.pt\/pt\/?s={search_term_string}"},"query-input":{"@type":"PropertyValueSpecification","valueRequired":true,"valueName":"search_term_string"}}],"inLanguage":"pt-PT"},{"@type":"Organization","@id":"https:\/\/aprh.pt\/pt\/#organization","name":"APRH","url":"https:\/\/aprh.pt\/pt\/","logo":{"@type":"ImageObject","inLanguage":"pt-PT","@id":"https:\/\/aprh.pt\/pt\/#\/schema\/logo\/image\/","url":"https:\/\/aprh.pt\/wp-content\/uploads\/2022\/04\/logotipo.png","contentUrl":"https:\/\/aprh.pt\/wp-content\/uploads\/2022\/04\/logotipo.png","width":181,"height":80,"caption":"APRH"},"image":{"@id":"https:\/\/aprh.pt\/pt\/#\/schema\/logo\/image\/"}}]}},"_links":{"self":[{"href":"https:\/\/aprh.pt\/pt\/wp-json\/wp\/v2\/pages\/2004","targetHints":{"allow":["GET"]}}],"collection":[{"href":"https:\/\/aprh.pt\/pt\/wp-json\/wp\/v2\/pages"}],"about":[{"href":"https:\/\/aprh.pt\/pt\/wp-json\/wp\/v2\/types\/page"}],"author":[{"embeddable":true,"href":"https:\/\/aprh.pt\/pt\/wp-json\/wp\/v2\/users\/1"}],"replies":[{"embeddable":true,"href":"https:\/\/aprh.pt\/pt\/wp-json\/wp\/v2\/comments?post=2004"}],"version-history":[{"count":22,"href":"https:\/\/aprh.pt\/pt\/wp-json\/wp\/v2\/pages\/2004\/revisions"}],"predecessor-version":[{"id":62021,"href":"https:\/\/aprh.pt\/pt\/wp-json\/wp\/v2\/pages\/2004\/revisions\/62021"}],"up":[{"embeddable":true,"href":"https:\/\/aprh.pt\/pt\/wp-json\/wp\/v2\/pages\/150"}],"wp:attachment":[{"href":"https:\/\/aprh.pt\/pt\/wp-json\/wp\/v2\/media?parent=2004"}],"curies":[{"name":"wp","href":"https:\/\/api.w.org\/{rel}","templated":true}]}}