{"id":2284,"date":"2022-05-10T10:22:43","date_gmt":"2022-05-10T10:22:43","guid":{"rendered":"https:\/\/aprh.zalox.pt\/?page_id=2284"},"modified":"2023-01-02T10:20:30","modified_gmt":"2023-01-02T10:20:30","slug":"duarte-manuel-melo-amorim-da-cunha","status":"publish","type":"page","link":"https:\/\/aprh.pt\/pt\/socios\/perfis\/duarte-manuel-melo-amorim-da-cunha\/","title":{"rendered":"Duarte Manuel Melo Amorim da Cunha"},"content":{"rendered":"\t\t<div data-elementor-type=\"wp-page\" data-elementor-id=\"2284\" class=\"elementor elementor-2284\" data-elementor-post-type=\"page\">\n\t\t\t\t\t\t<section class=\"elementor-section elementor-top-section elementor-element elementor-element-27135182 elementor-section-boxed elementor-section-height-default elementor-section-height-default\" data-id=\"27135182\" data-element_type=\"section\">\n\t\t\t\t\t\t<div class=\"elementor-container elementor-column-gap-no\">\n\t\t\t\t\t<div class=\"elementor-column elementor-col-100 elementor-top-column elementor-element elementor-element-38e89c65\" data-id=\"38e89c65\" data-element_type=\"column\">\n\t\t\t<div class=\"elementor-widget-wrap elementor-element-populated\">\n\t\t\t\t\t\t<div class=\"elementor-element elementor-element-77064b1a elementor-widget elementor-widget-global elementor-global-475 elementor-widget-spacer\" data-id=\"77064b1a\" data-element_type=\"widget\" data-widget_type=\"spacer.default\">\n\t\t\t\t<div class=\"elementor-widget-container\">\n\t\t\t\t\t<div class=\"elementor-spacer\">\n\t\t\t<div class=\"elementor-spacer-inner\"><\/div>\n\t\t<\/div>\n\t\t\t\t<\/div>\n\t\t\t\t<\/div>\n\t\t\t\t\t<\/div>\n\t\t<\/div>\n\t\t\t\t\t<\/div>\n\t\t<\/section>\n\t\t\t\t<section class=\"elementor-section elementor-top-section elementor-element elementor-element-233bf94a elementor-section-boxed elementor-section-height-default elementor-section-height-default\" data-id=\"233bf94a\" data-element_type=\"section\">\n\t\t\t\t\t\t<div class=\"elementor-container elementor-column-gap-no\">\n\t\t\t\t\t<div class=\"elementor-column elementor-col-25 elementor-top-column elementor-element elementor-element-7a200396\" data-id=\"7a200396\" data-element_type=\"column\">\n\t\t\t<div class=\"elementor-widget-wrap elementor-element-populated\">\n\t\t\t\t\t\t<div class=\"elementor-element elementor-element-6fe230fa elementor-widget elementor-widget-heading\" data-id=\"6fe230fa\" data-element_type=\"widget\" data-widget_type=\"heading.default\">\n\t\t\t\t<div class=\"elementor-widget-container\">\n\t\t\t<h2 class=\"elementor-heading-title elementor-size-default\">Associados da APRH<\/h2>\t\t<\/div>\n\t\t\t\t<\/div>\n\t\t\t\t\t<\/div>\n\t\t<\/div>\n\t\t\t\t<div class=\"elementor-column elementor-col-50 elementor-top-column elementor-element elementor-element-161a4a1d\" data-id=\"161a4a1d\" data-element_type=\"column\">\n\t\t\t<div class=\"elementor-widget-wrap elementor-element-populated\">\n\t\t\t\t\t\t<div class=\"elementor-element elementor-element-7fd26b13 elementor-widget elementor-widget-image\" data-id=\"7fd26b13\" data-element_type=\"widget\" data-widget_type=\"image.default\">\n\t\t\t\t<div class=\"elementor-widget-container\">\n\t\t\t\t\t\t\t\t\t\t\t\t\t<img fetchpriority=\"high\" decoding=\"async\" width=\"200\" height=\"251\" src=\"https:\/\/aprh.pt\/wp-content\/uploads\/2022\/05\/duarte-cunha.png\" class=\"attachment-medium size-medium wp-image-2287\" alt=\"Duarte Manuel Melo Amorim da Cunha\" \/>\t\t\t\t\t\t\t\t\t\t\t\t\t<\/div>\n\t\t\t\t<\/div>\n\t\t\t\t<div class=\"elementor-element elementor-element-f00b2ea elementor-widget elementor-widget-heading\" data-id=\"f00b2ea\" data-element_type=\"widget\" data-widget_type=\"heading.default\">\n\t\t\t\t<div class=\"elementor-widget-container\">\n\t\t\t<h2 class=\"elementor-heading-title elementor-size-default\">Duarte Manuel Melo Amorim da Cunha<\/h2>\t\t<\/div>\n\t\t\t\t<\/div>\n\t\t\t\t<div class=\"elementor-element elementor-element-412b9823 remover_marcadores elementor-widget elementor-widget-text-editor\" data-id=\"412b9823\" data-element_type=\"widget\" data-widget_type=\"text-editor.default\">\n\t\t\t\t<div class=\"elementor-widget-container\">\n\t\t\t\t\t\t\t<ul><li>Associado 352<\/li><li>Email: <a href=\"mailto:duartemanuelcunha@gmail.com\">duartemanuelcunha@gmail.com<\/a><\/li><li>Data de nascimento: 1949\/10\/27<\/li><li>Nacionalidade: Portuguesa<\/li><li>P\u00e1gina pessoal: &#8211;<\/li><\/ul>\t\t\t\t\t\t<\/div>\n\t\t\t\t<\/div>\n\t\t\t\t<div class=\"elementor-element elementor-element-61fc3508 elementor-widget elementor-widget-heading\" data-id=\"61fc3508\" data-element_type=\"widget\" data-widget_type=\"heading.default\">\n\t\t\t\t<div class=\"elementor-widget-container\">\n\t\t\t<h2 class=\"elementor-heading-title elementor-size-default\">Forma\u00e7\u00e3o<\/h2>\t\t<\/div>\n\t\t\t\t<\/div>\n\t\t\t\t<div class=\"elementor-element elementor-element-51cd50a6 remover_marcadores elementor-widget elementor-widget-text-editor\" data-id=\"51cd50a6\" data-element_type=\"widget\" data-widget_type=\"text-editor.default\">\n\t\t\t\t<div class=\"elementor-widget-container\">\n\t\t\t\t\t\t\t<ul><li>Curso: Engenharia Civil (Ramo Urbaniza\u00e7\u00e3o e Transportes)<\/li><li>Estabelecimento de ensino: Instituto Superior T\u00e9cnico<\/li><li>Ano de conclus\u00e3o: 1975\/03\/10<\/li><li>Graus acad\u00e9micos: Mestre<\/li><li>Especializa\u00e7\u00f5es: Urbaniza\u00e7\u00e3o e Transportes<\/li><\/ul>\t\t\t\t\t\t<\/div>\n\t\t\t\t<\/div>\n\t\t\t\t<div class=\"elementor-element elementor-element-125feff6 elementor-widget elementor-widget-heading\" data-id=\"125feff6\" data-element_type=\"widget\" data-widget_type=\"heading.default\">\n\t\t\t\t<div class=\"elementor-widget-container\">\n\t\t\t<h2 class=\"elementor-heading-title elementor-size-default\">Actividade profissional atual<\/h2>\t\t<\/div>\n\t\t\t\t<\/div>\n\t\t\t\t<div class=\"elementor-element elementor-element-78bfbaf6 remover_marcadores elementor-widget elementor-widget-text-editor\" data-id=\"78bfbaf6\" data-element_type=\"widget\" data-widget_type=\"text-editor.default\">\n\t\t\t\t<div class=\"elementor-widget-container\">\n\t\t\t\t\t\t\t<ul><li>Entidade: Reformado da Fun\u00e7\u00e3o P\u00fablica &#8211; Profissional livre<\/li><li>Fun\u00e7\u00f5es: Elabora\u00e7\u00e3o de Pareceres, Projectos, Processos de Procedimentos, Fiscaliza\u00e7\u00f5es, etc.<\/li><\/ul>\t\t\t\t\t\t<\/div>\n\t\t\t\t<\/div>\n\t\t\t\t<div class=\"elementor-element elementor-element-1a3c29b5 elementor-widget elementor-widget-heading\" data-id=\"1a3c29b5\" data-element_type=\"widget\" data-widget_type=\"heading.default\">\n\t\t\t\t<div class=\"elementor-widget-container\">\n\t\t\t<h2 class=\"elementor-heading-title elementor-size-default\">\u00c1reas de interesse preferencial no dom\u00ednio dos recursos h\u00eddricos\n<\/h2>\t\t<\/div>\n\t\t\t\t<\/div>\n\t\t\t\t<div class=\"elementor-element elementor-element-9b90d52 remover_marcadores elementor-widget elementor-widget-text-editor\" data-id=\"9b90d52\" data-element_type=\"widget\" data-widget_type=\"text-editor.default\">\n\t\t\t\t<div class=\"elementor-widget-container\">\n\t\t\t\t\t\t\t<p>Abastecimento de \u00e1gua, \u00e1guas residuais dom\u00e9sticas e \u00e1guas pluviais<\/p>\t\t\t\t\t\t<\/div>\n\t\t\t\t<\/div>\n\t\t\t\t<div class=\"elementor-element elementor-element-c8b3a71 elementor-widget elementor-widget-heading\" data-id=\"c8b3a71\" data-element_type=\"widget\" data-widget_type=\"heading.default\">\n\t\t\t\t<div class=\"elementor-widget-container\">\n\t\t\t<h2 class=\"elementor-heading-title elementor-size-default\">Principais associa\u00e7\u00f5es profissionais a que pertence\n\n<\/h2>\t\t<\/div>\n\t\t\t\t<\/div>\n\t\t\t\t<div class=\"elementor-element elementor-element-3bc19d68 remover_marcadores elementor-widget elementor-widget-text-editor\" data-id=\"3bc19d68\" data-element_type=\"widget\" data-widget_type=\"text-editor.default\">\n\t\t\t\t<div class=\"elementor-widget-container\">\n\t\t\t\t\t\t\t<p>Actividade liberal<\/p>\t\t\t\t\t\t<\/div>\n\t\t\t\t<\/div>\n\t\t\t\t\t<\/div>\n\t\t<\/div>\n\t\t\t\t<div class=\"elementor-column elementor-col-25 elementor-top-column elementor-element elementor-element-6ac3b68a elementor-hidden-tablet elementor-hidden-mobile\" data-id=\"6ac3b68a\" data-element_type=\"column\">\n\t\t\t<div class=\"elementor-widget-wrap\">\n\t\t\t\t\t\t\t<\/div>\n\t\t<\/div>\n\t\t\t\t\t<\/div>\n\t\t<\/section>\n\t\t\t\t<section class=\"elementor-section elementor-top-section elementor-element elementor-element-107c23b5 elementor-section-boxed elementor-section-height-default elementor-section-height-default\" data-id=\"107c23b5\" data-element_type=\"section\">\n\t\t\t\t\t\t<div class=\"elementor-container elementor-column-gap-no\">\n\t\t\t\t\t<div class=\"elementor-column elementor-col-100 elementor-top-column elementor-element elementor-element-530a1028\" data-id=\"530a1028\" data-element_type=\"column\">\n\t\t\t<div class=\"elementor-widget-wrap elementor-element-populated\">\n\t\t\t\t\t\t<div class=\"elementor-element elementor-element-4a61c46f elementor-widget elementor-widget-global elementor-global-500 elementor-widget-spacer\" data-id=\"4a61c46f\" data-element_type=\"widget\" data-widget_type=\"spacer.default\">\n\t\t\t\t<div class=\"elementor-widget-container\">\n\t\t\t\t\t<div class=\"elementor-spacer\">\n\t\t\t<div class=\"elementor-spacer-inner\"><\/div>\n\t\t<\/div>\n\t\t\t\t<\/div>\n\t\t\t\t<\/div>\n\t\t\t\t\t<\/div>\n\t\t<\/div>\n\t\t\t\t\t<\/div>\n\t\t<\/section>\n\t\t\t\t<\/div>\n\t\t","protected":false},"excerpt":{"rendered":"<p>Associados da APRH Duarte Manuel Melo Amorim da Cunha Associado 352 Email: duartemanuelcunha@gmail.com Data de nascimento: 1949\/10\/27 Nacionalidade: Portuguesa P\u00e1gina pessoal: &#8211; Forma\u00e7\u00e3o Curso: Engenharia Civil (Ramo Urbaniza\u00e7\u00e3o e Transportes) Estabelecimento de ensino: Instituto Superior T\u00e9cnico Ano de conclus\u00e3o: 1975\/03\/10 Graus acad\u00e9micos: Mestre Especializa\u00e7\u00f5es: Urbaniza\u00e7\u00e3o e Transportes Actividade profissional atual Entidade: Reformado da Fun\u00e7\u00e3o P\u00fablica [&hellip;]<\/p>\n","protected":false},"author":1,"featured_media":0,"parent":150,"menu_order":0,"comment_status":"closed","ping_status":"closed","template":"","meta":{"footnotes":""},"class_list":["post-2284","page","type-page","status-publish","hentry"],"yoast_head":"<!-- This site is optimized with the Yoast SEO plugin v23.8 - https:\/\/yoast.com\/wordpress\/plugins\/seo\/ -->\n<title>Duarte Manuel Melo Amorim da Cunha - APRH<\/title>\n<meta name=\"robots\" content=\"index, follow, max-snippet:-1, max-image-preview:large, max-video-preview:-1\" \/>\n<link rel=\"canonical\" href=\"https:\/\/aprh.pt\/pt\/socios\/perfis\/duarte-manuel-melo-amorim-da-cunha\/\" \/>\n<meta property=\"og:locale\" content=\"pt_PT\" \/>\n<meta property=\"og:type\" content=\"article\" \/>\n<meta property=\"og:title\" content=\"Duarte Manuel Melo Amorim da Cunha - APRH\" \/>\n<meta property=\"og:description\" content=\"Associados da APRH Duarte Manuel Melo Amorim da Cunha Associado 352 Email: duartemanuelcunha@gmail.com Data de nascimento: 1949\/10\/27 Nacionalidade: Portuguesa P\u00e1gina pessoal: &#8211; Forma\u00e7\u00e3o Curso: Engenharia Civil (Ramo Urbaniza\u00e7\u00e3o e Transportes) Estabelecimento de ensino: Instituto Superior T\u00e9cnico Ano de conclus\u00e3o: 1975\/03\/10 Graus acad\u00e9micos: Mestre Especializa\u00e7\u00f5es: Urbaniza\u00e7\u00e3o e Transportes Actividade profissional atual Entidade: Reformado da Fun\u00e7\u00e3o P\u00fablica [&hellip;]\" \/>\n<meta property=\"og:url\" content=\"https:\/\/aprh.pt\/pt\/socios\/perfis\/duarte-manuel-melo-amorim-da-cunha\/\" \/>\n<meta property=\"og:site_name\" content=\"APRH\" \/>\n<meta property=\"article:modified_time\" content=\"2023-01-02T10:20:30+00:00\" \/>\n<meta property=\"og:image\" content=\"https:\/\/www.aprh.pt\/wp-content\/uploads\/2022\/05\/duarte-cunha.png\" \/>\n<meta name=\"twitter:card\" content=\"summary_large_image\" \/>\n<meta name=\"twitter:label1\" content=\"Tempo estimado de leitura\" \/>\n\t<meta name=\"twitter:data1\" content=\"1 minuto\" \/>\n<script type=\"application\/ld+json\" class=\"yoast-schema-graph\">{\"@context\":\"https:\/\/schema.org\",\"@graph\":[{\"@type\":\"WebPage\",\"@id\":\"https:\/\/aprh.pt\/pt\/socios\/perfis\/duarte-manuel-melo-amorim-da-cunha\/\",\"url\":\"https:\/\/aprh.pt\/pt\/socios\/perfis\/duarte-manuel-melo-amorim-da-cunha\/\",\"name\":\"Duarte Manuel Melo Amorim da Cunha - APRH\",\"isPartOf\":{\"@id\":\"https:\/\/aprh.pt\/pt\/#website\"},\"primaryImageOfPage\":{\"@id\":\"https:\/\/aprh.pt\/pt\/socios\/perfis\/duarte-manuel-melo-amorim-da-cunha\/#primaryimage\"},\"image\":{\"@id\":\"https:\/\/aprh.pt\/pt\/socios\/perfis\/duarte-manuel-melo-amorim-da-cunha\/#primaryimage\"},\"thumbnailUrl\":\"https:\/\/www.aprh.pt\/wp-content\/uploads\/2022\/05\/duarte-cunha.png\",\"datePublished\":\"2022-05-10T10:22:43+00:00\",\"dateModified\":\"2023-01-02T10:20:30+00:00\",\"breadcrumb\":{\"@id\":\"https:\/\/aprh.pt\/pt\/socios\/perfis\/duarte-manuel-melo-amorim-da-cunha\/#breadcrumb\"},\"inLanguage\":\"pt-PT\",\"potentialAction\":[{\"@type\":\"ReadAction\",\"target\":[\"https:\/\/aprh.pt\/pt\/socios\/perfis\/duarte-manuel-melo-amorim-da-cunha\/\"]}]},{\"@type\":\"ImageObject\",\"inLanguage\":\"pt-PT\",\"@id\":\"https:\/\/aprh.pt\/pt\/socios\/perfis\/duarte-manuel-melo-amorim-da-cunha\/#primaryimage\",\"url\":\"https:\/\/www.aprh.pt\/wp-content\/uploads\/2022\/05\/duarte-cunha.png\",\"contentUrl\":\"https:\/\/www.aprh.pt\/wp-content\/uploads\/2022\/05\/duarte-cunha.png\"},{\"@type\":\"BreadcrumbList\",\"@id\":\"https:\/\/aprh.pt\/pt\/socios\/perfis\/duarte-manuel-melo-amorim-da-cunha\/#breadcrumb\",\"itemListElement\":[{\"@type\":\"ListItem\",\"position\":1,\"name\":\"Home\",\"item\":\"https:\/\/aprh.pt\/pt\/\"},{\"@type\":\"ListItem\",\"position\":2,\"name\":\"Associados\",\"item\":\"https:\/\/aprh.pt\/pt\/socios\/\"},{\"@type\":\"ListItem\",\"position\":3,\"name\":\"Perfis\",\"item\":\"https:\/\/aprh.pt\/pt\/socios\/perfis\/\"},{\"@type\":\"ListItem\",\"position\":4,\"name\":\"Duarte Manuel Melo Amorim da Cunha\"}]},{\"@type\":\"WebSite\",\"@id\":\"https:\/\/aprh.pt\/pt\/#website\",\"url\":\"https:\/\/aprh.pt\/pt\/\",\"name\":\"APRH\",\"description\":\"Associa\u00e7\u00e3o Portuguesa dos Recursos H\u00eddricos\",\"publisher\":{\"@id\":\"https:\/\/aprh.pt\/pt\/#organization\"},\"potentialAction\":[{\"@type\":\"SearchAction\",\"target\":{\"@type\":\"EntryPoint\",\"urlTemplate\":\"https:\/\/aprh.pt\/pt\/?s={search_term_string}\"},\"query-input\":{\"@type\":\"PropertyValueSpecification\",\"valueRequired\":true,\"valueName\":\"search_term_string\"}}],\"inLanguage\":\"pt-PT\"},{\"@type\":\"Organization\",\"@id\":\"https:\/\/aprh.pt\/pt\/#organization\",\"name\":\"APRH\",\"url\":\"https:\/\/aprh.pt\/pt\/\",\"logo\":{\"@type\":\"ImageObject\",\"inLanguage\":\"pt-PT\",\"@id\":\"https:\/\/aprh.pt\/pt\/#\/schema\/logo\/image\/\",\"url\":\"https:\/\/aprh.pt\/wp-content\/uploads\/2022\/04\/logotipo.png\",\"contentUrl\":\"https:\/\/aprh.pt\/wp-content\/uploads\/2022\/04\/logotipo.png\",\"width\":181,\"height\":80,\"caption\":\"APRH\"},\"image\":{\"@id\":\"https:\/\/aprh.pt\/pt\/#\/schema\/logo\/image\/\"}}]}<\/script>\n<!-- \/ Yoast SEO plugin. -->","yoast_head_json":{"title":"Duarte Manuel Melo Amorim da Cunha - APRH","robots":{"index":"index","follow":"follow","max-snippet":"max-snippet:-1","max-image-preview":"max-image-preview:large","max-video-preview":"max-video-preview:-1"},"canonical":"https:\/\/aprh.pt\/pt\/socios\/perfis\/duarte-manuel-melo-amorim-da-cunha\/","og_locale":"pt_PT","og_type":"article","og_title":"Duarte Manuel Melo Amorim da Cunha - APRH","og_description":"Associados da APRH Duarte Manuel Melo Amorim da Cunha Associado 352 Email: duartemanuelcunha@gmail.com Data de nascimento: 1949\/10\/27 Nacionalidade: Portuguesa P\u00e1gina pessoal: &#8211; Forma\u00e7\u00e3o Curso: Engenharia Civil (Ramo Urbaniza\u00e7\u00e3o e Transportes) Estabelecimento de ensino: Instituto Superior T\u00e9cnico Ano de conclus\u00e3o: 1975\/03\/10 Graus acad\u00e9micos: Mestre Especializa\u00e7\u00f5es: Urbaniza\u00e7\u00e3o e Transportes Actividade profissional atual Entidade: Reformado da Fun\u00e7\u00e3o P\u00fablica [&hellip;]","og_url":"https:\/\/aprh.pt\/pt\/socios\/perfis\/duarte-manuel-melo-amorim-da-cunha\/","og_site_name":"APRH","article_modified_time":"2023-01-02T10:20:30+00:00","og_image":[{"url":"https:\/\/www.aprh.pt\/wp-content\/uploads\/2022\/05\/duarte-cunha.png"}],"twitter_card":"summary_large_image","twitter_misc":{"Tempo estimado de leitura":"1 minuto"},"schema":{"@context":"https:\/\/schema.org","@graph":[{"@type":"WebPage","@id":"https:\/\/aprh.pt\/pt\/socios\/perfis\/duarte-manuel-melo-amorim-da-cunha\/","url":"https:\/\/aprh.pt\/pt\/socios\/perfis\/duarte-manuel-melo-amorim-da-cunha\/","name":"Duarte Manuel Melo Amorim da Cunha - APRH","isPartOf":{"@id":"https:\/\/aprh.pt\/pt\/#website"},"primaryImageOfPage":{"@id":"https:\/\/aprh.pt\/pt\/socios\/perfis\/duarte-manuel-melo-amorim-da-cunha\/#primaryimage"},"image":{"@id":"https:\/\/aprh.pt\/pt\/socios\/perfis\/duarte-manuel-melo-amorim-da-cunha\/#primaryimage"},"thumbnailUrl":"https:\/\/www.aprh.pt\/wp-content\/uploads\/2022\/05\/duarte-cunha.png","datePublished":"2022-05-10T10:22:43+00:00","dateModified":"2023-01-02T10:20:30+00:00","breadcrumb":{"@id":"https:\/\/aprh.pt\/pt\/socios\/perfis\/duarte-manuel-melo-amorim-da-cunha\/#breadcrumb"},"inLanguage":"pt-PT","potentialAction":[{"@type":"ReadAction","target":["https:\/\/aprh.pt\/pt\/socios\/perfis\/duarte-manuel-melo-amorim-da-cunha\/"]}]},{"@type":"ImageObject","inLanguage":"pt-PT","@id":"https:\/\/aprh.pt\/pt\/socios\/perfis\/duarte-manuel-melo-amorim-da-cunha\/#primaryimage","url":"https:\/\/www.aprh.pt\/wp-content\/uploads\/2022\/05\/duarte-cunha.png","contentUrl":"https:\/\/www.aprh.pt\/wp-content\/uploads\/2022\/05\/duarte-cunha.png"},{"@type":"BreadcrumbList","@id":"https:\/\/aprh.pt\/pt\/socios\/perfis\/duarte-manuel-melo-amorim-da-cunha\/#breadcrumb","itemListElement":[{"@type":"ListItem","position":1,"name":"Home","item":"https:\/\/aprh.pt\/pt\/"},{"@type":"ListItem","position":2,"name":"Associados","item":"https:\/\/aprh.pt\/pt\/socios\/"},{"@type":"ListItem","position":3,"name":"Perfis","item":"https:\/\/aprh.pt\/pt\/socios\/perfis\/"},{"@type":"ListItem","position":4,"name":"Duarte Manuel Melo Amorim da Cunha"}]},{"@type":"WebSite","@id":"https:\/\/aprh.pt\/pt\/#website","url":"https:\/\/aprh.pt\/pt\/","name":"APRH","description":"Associa\u00e7\u00e3o Portuguesa dos Recursos H\u00eddricos","publisher":{"@id":"https:\/\/aprh.pt\/pt\/#organization"},"potentialAction":[{"@type":"SearchAction","target":{"@type":"EntryPoint","urlTemplate":"https:\/\/aprh.pt\/pt\/?s={search_term_string}"},"query-input":{"@type":"PropertyValueSpecification","valueRequired":true,"valueName":"search_term_string"}}],"inLanguage":"pt-PT"},{"@type":"Organization","@id":"https:\/\/aprh.pt\/pt\/#organization","name":"APRH","url":"https:\/\/aprh.pt\/pt\/","logo":{"@type":"ImageObject","inLanguage":"pt-PT","@id":"https:\/\/aprh.pt\/pt\/#\/schema\/logo\/image\/","url":"https:\/\/aprh.pt\/wp-content\/uploads\/2022\/04\/logotipo.png","contentUrl":"https:\/\/aprh.pt\/wp-content\/uploads\/2022\/04\/logotipo.png","width":181,"height":80,"caption":"APRH"},"image":{"@id":"https:\/\/aprh.pt\/pt\/#\/schema\/logo\/image\/"}}]}},"_links":{"self":[{"href":"https:\/\/aprh.pt\/pt\/wp-json\/wp\/v2\/pages\/2284","targetHints":{"allow":["GET"]}}],"collection":[{"href":"https:\/\/aprh.pt\/pt\/wp-json\/wp\/v2\/pages"}],"about":[{"href":"https:\/\/aprh.pt\/pt\/wp-json\/wp\/v2\/types\/page"}],"author":[{"embeddable":true,"href":"https:\/\/aprh.pt\/pt\/wp-json\/wp\/v2\/users\/1"}],"replies":[{"embeddable":true,"href":"https:\/\/aprh.pt\/pt\/wp-json\/wp\/v2\/comments?post=2284"}],"version-history":[{"count":10,"href":"https:\/\/aprh.pt\/pt\/wp-json\/wp\/v2\/pages\/2284\/revisions"}],"predecessor-version":[{"id":62027,"href":"https:\/\/aprh.pt\/pt\/wp-json\/wp\/v2\/pages\/2284\/revisions\/62027"}],"up":[{"embeddable":true,"href":"https:\/\/aprh.pt\/pt\/wp-json\/wp\/v2\/pages\/150"}],"wp:attachment":[{"href":"https:\/\/aprh.pt\/pt\/wp-json\/wp\/v2\/media?parent=2284"}],"curies":[{"name":"wp","href":"https:\/\/api.w.org\/{rel}","templated":true}]}}