{"id":2314,"date":"2022-05-10T10:41:36","date_gmt":"2022-05-10T10:41:36","guid":{"rendered":"https:\/\/aprh.zalox.pt\/?page_id=2314"},"modified":"2023-01-02T10:22:39","modified_gmt":"2023-01-02T10:22:39","slug":"teresa-e-leitao","status":"publish","type":"page","link":"https:\/\/aprh.pt\/pt\/socios\/perfis\/teresa-e-leitao\/","title":{"rendered":"Teresa E. Leit\u00e3o"},"content":{"rendered":"\t\t<div data-elementor-type=\"wp-page\" data-elementor-id=\"2314\" class=\"elementor elementor-2314\" data-elementor-post-type=\"page\">\n\t\t\t\t\t\t<section class=\"elementor-section elementor-top-section elementor-element elementor-element-610d9606 elementor-section-boxed elementor-section-height-default elementor-section-height-default\" data-id=\"610d9606\" data-element_type=\"section\">\n\t\t\t\t\t\t<div class=\"elementor-container elementor-column-gap-no\">\n\t\t\t\t\t<div class=\"elementor-column elementor-col-100 elementor-top-column elementor-element elementor-element-6028597e\" data-id=\"6028597e\" data-element_type=\"column\">\n\t\t\t<div class=\"elementor-widget-wrap elementor-element-populated\">\n\t\t\t\t\t\t<div class=\"elementor-element elementor-element-368af324 elementor-widget elementor-widget-global elementor-global-475 elementor-widget-spacer\" data-id=\"368af324\" data-element_type=\"widget\" data-widget_type=\"spacer.default\">\n\t\t\t\t<div class=\"elementor-widget-container\">\n\t\t\t\t\t<div class=\"elementor-spacer\">\n\t\t\t<div class=\"elementor-spacer-inner\"><\/div>\n\t\t<\/div>\n\t\t\t\t<\/div>\n\t\t\t\t<\/div>\n\t\t\t\t\t<\/div>\n\t\t<\/div>\n\t\t\t\t\t<\/div>\n\t\t<\/section>\n\t\t\t\t<section class=\"elementor-section elementor-top-section elementor-element elementor-element-783c7bc7 elementor-section-boxed elementor-section-height-default elementor-section-height-default\" data-id=\"783c7bc7\" data-element_type=\"section\">\n\t\t\t\t\t\t<div class=\"elementor-container elementor-column-gap-no\">\n\t\t\t\t\t<div class=\"elementor-column elementor-col-25 elementor-top-column elementor-element elementor-element-6c0f8169\" data-id=\"6c0f8169\" data-element_type=\"column\">\n\t\t\t<div class=\"elementor-widget-wrap elementor-element-populated\">\n\t\t\t\t\t\t<div class=\"elementor-element elementor-element-2ffd9017 elementor-widget elementor-widget-heading\" data-id=\"2ffd9017\" data-element_type=\"widget\" data-widget_type=\"heading.default\">\n\t\t\t\t<div class=\"elementor-widget-container\">\n\t\t\t<h2 class=\"elementor-heading-title elementor-size-default\">Associados da APRH<\/h2>\t\t<\/div>\n\t\t\t\t<\/div>\n\t\t\t\t\t<\/div>\n\t\t<\/div>\n\t\t\t\t<div class=\"elementor-column elementor-col-50 elementor-top-column elementor-element elementor-element-393f671b\" data-id=\"393f671b\" data-element_type=\"column\">\n\t\t\t<div class=\"elementor-widget-wrap elementor-element-populated\">\n\t\t\t\t\t\t<div class=\"elementor-element elementor-element-60ca6c68 elementor-widget elementor-widget-image\" data-id=\"60ca6c68\" data-element_type=\"widget\" data-widget_type=\"image.default\">\n\t\t\t\t<div class=\"elementor-widget-container\">\n\t\t\t\t\t\t\t\t\t\t\t\t\t<img decoding=\"async\" width=\"200\" height=\"222\" src=\"https:\/\/aprh.pt\/wp-content\/uploads\/2022\/05\/teresa-leitao.jpeg\" class=\"attachment-medium size-medium wp-image-2318\" alt=\"Teresa E. Leit\u00e3o\" \/>\t\t\t\t\t\t\t\t\t\t\t\t\t<\/div>\n\t\t\t\t<\/div>\n\t\t\t\t<div class=\"elementor-element elementor-element-8ce4a65 elementor-widget elementor-widget-heading\" data-id=\"8ce4a65\" data-element_type=\"widget\" data-widget_type=\"heading.default\">\n\t\t\t\t<div class=\"elementor-widget-container\">\n\t\t\t<h2 class=\"elementor-heading-title elementor-size-default\">Teresa E. Leit\u00e3o<\/h2>\t\t<\/div>\n\t\t\t\t<\/div>\n\t\t\t\t<div class=\"elementor-element elementor-element-6a863248 remover_marcadores elementor-widget elementor-widget-text-editor\" data-id=\"6a863248\" data-element_type=\"widget\" data-widget_type=\"text-editor.default\">\n\t\t\t\t<div class=\"elementor-widget-container\">\n\t\t\t\t\t\t\t<ul><li>Associado 911<\/li><li>Email: <a href=\"mailto:tleitao@lnec.pt\">tleitao@lnec.pt<\/a><\/li><li>Data de nascimento: 1966\/08\/09<\/li><li>Nacionalidade: Portuguesa<\/li><li>P\u00e1gina pessoal: <a href=\"https:\/\/www.linkedin.com\/in\/teresa-leitao-98782b24\" target=\"_blank\" rel=\"noopener\">https:\/\/www.linkedin.com\/in\/teresa-leitao-98782b24<\/a><\/li><\/ul>\t\t\t\t\t\t<\/div>\n\t\t\t\t<\/div>\n\t\t\t\t<div class=\"elementor-element elementor-element-41c95f2b elementor-widget elementor-widget-heading\" data-id=\"41c95f2b\" data-element_type=\"widget\" data-widget_type=\"heading.default\">\n\t\t\t\t<div class=\"elementor-widget-container\">\n\t\t\t<h2 class=\"elementor-heading-title elementor-size-default\">Forma\u00e7\u00e3o<\/h2>\t\t<\/div>\n\t\t\t\t<\/div>\n\t\t\t\t<div class=\"elementor-element elementor-element-271794a6 remover_marcadores elementor-widget elementor-widget-text-editor\" data-id=\"271794a6\" data-element_type=\"widget\" data-widget_type=\"text-editor.default\">\n\t\t\t\t<div class=\"elementor-widget-container\">\n\t\t\t\t\t\t\t<ul><li>Curso: Geologia<\/li><li>Estabelecimento de ensino: Universidade de Coimbra<\/li><li>Ano de conclus\u00e3o: 1988\/09\/01<\/li><li>Graus acad\u00e9micos: Doutoramento<\/li><li>Especializa\u00e7\u00f5es: Gest\u00e3o integrada da qualidade da \u00e1gua, em particular das \u00e1guas subterr\u00e2neas; Estudos hidrogeol\u00f3gicos, hidrogeoqu\u00edmicos e gest\u00e3o de recarga induzida de aqu\u00edferos (MAR); Monitoriza\u00e7\u00e3o e modela\u00e7\u00e3o num\u00e9rica e f\u00edsica (escala de laborat\u00f3rio e de demonstra\u00e7\u00e3o) de \u00e1guas subterr\u00e2neas; Preven\u00e7\u00e3o, controlo, an\u00e1lise do risco e reabilita\u00e7\u00e3o da polui\u00e7\u00e3o (solos, zona vadosa e \u00e1guas subterr\u00e2neas)<\/li><\/ul>\t\t\t\t\t\t<\/div>\n\t\t\t\t<\/div>\n\t\t\t\t<div class=\"elementor-element elementor-element-d54ada6 elementor-widget elementor-widget-heading\" data-id=\"d54ada6\" data-element_type=\"widget\" data-widget_type=\"heading.default\">\n\t\t\t\t<div class=\"elementor-widget-container\">\n\t\t\t<h2 class=\"elementor-heading-title elementor-size-default\">Actividade profissional atual<\/h2>\t\t<\/div>\n\t\t\t\t<\/div>\n\t\t\t\t<div class=\"elementor-element elementor-element-e028e3c remover_marcadores elementor-widget elementor-widget-text-editor\" data-id=\"e028e3c\" data-element_type=\"widget\" data-widget_type=\"text-editor.default\">\n\t\t\t\t<div class=\"elementor-widget-container\">\n\t\t\t\t\t\t\t<ul><li>Entidade: LNEC<\/li><li>Fun\u00e7\u00f5es: Investigadora Principal com Habilita\u00e7\u00e3o<\/li><\/ul>\t\t\t\t\t\t<\/div>\n\t\t\t\t<\/div>\n\t\t\t\t<div class=\"elementor-element elementor-element-1a30f6a6 elementor-widget elementor-widget-heading\" data-id=\"1a30f6a6\" data-element_type=\"widget\" data-widget_type=\"heading.default\">\n\t\t\t\t<div class=\"elementor-widget-container\">\n\t\t\t<h2 class=\"elementor-heading-title elementor-size-default\">Actividade profissional anterior relacionada com os recursos h\u00eddricos\n<\/h2>\t\t<\/div>\n\t\t\t\t<\/div>\n\t\t\t\t<div class=\"elementor-element elementor-element-63a06d2c remover_marcadores elementor-widget elementor-widget-text-editor\" data-id=\"63a06d2c\" data-element_type=\"widget\" data-widget_type=\"text-editor.default\">\n\t\t\t\t<div class=\"elementor-widget-container\">\n\t\t\t\t\t\t\t<ul><li>Entidade: Sondagens e Funda\u00e7\u00f5es A.CAVACO, Lda.<\/li><li>Fun\u00e7\u00f5es:\u00a0Estagi\u00e1ria<\/li><\/ul>\t\t\t\t\t\t<\/div>\n\t\t\t\t<\/div>\n\t\t\t\t<div class=\"elementor-element elementor-element-a3cf4e2 elementor-widget elementor-widget-heading\" data-id=\"a3cf4e2\" data-element_type=\"widget\" data-widget_type=\"heading.default\">\n\t\t\t\t<div class=\"elementor-widget-container\">\n\t\t\t<h2 class=\"elementor-heading-title elementor-size-default\">\u00c1reas de interesse preferencial no dom\u00ednio dos recursos h\u00eddricos\n<\/h2>\t\t<\/div>\n\t\t\t\t<\/div>\n\t\t\t\t<div class=\"elementor-element elementor-element-a328f47 remover_marcadores elementor-widget elementor-widget-text-editor\" data-id=\"a328f47\" data-element_type=\"widget\" data-widget_type=\"text-editor.default\">\n\t\t\t\t<div class=\"elementor-widget-container\">\n\t\t\t\t\t\t\t<p>Gest\u00e3o integrada da qualidade da \u00e1gua, em particular das \u00e1guas subterr\u00e2neas<\/p>\t\t\t\t\t\t<\/div>\n\t\t\t\t<\/div>\n\t\t\t\t<div class=\"elementor-element elementor-element-8fa97d7 elementor-widget elementor-widget-heading\" data-id=\"8fa97d7\" data-element_type=\"widget\" data-widget_type=\"heading.default\">\n\t\t\t\t<div class=\"elementor-widget-container\">\n\t\t\t<h2 class=\"elementor-heading-title elementor-size-default\">Principais associa\u00e7\u00f5es profissionais a que pertence\n<\/h2>\t\t<\/div>\n\t\t\t\t<\/div>\n\t\t\t\t<div class=\"elementor-element elementor-element-dccba86 remover_marcadores elementor-widget elementor-widget-text-editor\" data-id=\"dccba86\" data-element_type=\"widget\" data-widget_type=\"text-editor.default\">\n\t\t\t\t<div class=\"elementor-widget-container\">\n\t\t\t\t\t\t\t<p>APRH, AIH<\/p>\t\t\t\t\t\t<\/div>\n\t\t\t\t<\/div>\n\t\t\t\t\t<\/div>\n\t\t<\/div>\n\t\t\t\t<div class=\"elementor-column elementor-col-25 elementor-top-column elementor-element elementor-element-62ffe6c2 elementor-hidden-tablet elementor-hidden-mobile\" data-id=\"62ffe6c2\" data-element_type=\"column\">\n\t\t\t<div class=\"elementor-widget-wrap\">\n\t\t\t\t\t\t\t<\/div>\n\t\t<\/div>\n\t\t\t\t\t<\/div>\n\t\t<\/section>\n\t\t\t\t<section class=\"elementor-section elementor-top-section elementor-element elementor-element-2e94c933 elementor-section-boxed elementor-section-height-default elementor-section-height-default\" data-id=\"2e94c933\" data-element_type=\"section\">\n\t\t\t\t\t\t<div class=\"elementor-container elementor-column-gap-no\">\n\t\t\t\t\t<div class=\"elementor-column elementor-col-100 elementor-top-column elementor-element elementor-element-52f31fc8\" data-id=\"52f31fc8\" data-element_type=\"column\">\n\t\t\t<div class=\"elementor-widget-wrap elementor-element-populated\">\n\t\t\t\t\t\t<div class=\"elementor-element elementor-element-639b0c36 elementor-widget elementor-widget-global elementor-global-500 elementor-widget-spacer\" data-id=\"639b0c36\" data-element_type=\"widget\" data-widget_type=\"spacer.default\">\n\t\t\t\t<div class=\"elementor-widget-container\">\n\t\t\t\t\t<div class=\"elementor-spacer\">\n\t\t\t<div class=\"elementor-spacer-inner\"><\/div>\n\t\t<\/div>\n\t\t\t\t<\/div>\n\t\t\t\t<\/div>\n\t\t\t\t\t<\/div>\n\t\t<\/div>\n\t\t\t\t\t<\/div>\n\t\t<\/section>\n\t\t\t\t<\/div>\n\t\t","protected":false},"excerpt":{"rendered":"<p>Associados da APRH Teresa E. Leit\u00e3o Associado 911 Email: tleitao@lnec.pt Data de nascimento: 1966\/08\/09 Nacionalidade: Portuguesa P\u00e1gina pessoal: https:\/\/www.linkedin.com\/in\/teresa-leitao-98782b24 Forma\u00e7\u00e3o Curso: Geologia Estabelecimento de ensino: Universidade de Coimbra Ano de conclus\u00e3o: 1988\/09\/01 Graus acad\u00e9micos: Doutoramento Especializa\u00e7\u00f5es: Gest\u00e3o integrada da qualidade da \u00e1gua, em particular das \u00e1guas subterr\u00e2neas; Estudos hidrogeol\u00f3gicos, hidrogeoqu\u00edmicos e gest\u00e3o de recarga induzida [&hellip;]<\/p>\n","protected":false},"author":1,"featured_media":0,"parent":150,"menu_order":0,"comment_status":"closed","ping_status":"closed","template":"","meta":{"footnotes":""},"class_list":["post-2314","page","type-page","status-publish","hentry"],"yoast_head":"<!-- This site is optimized with the Yoast SEO plugin v23.8 - https:\/\/yoast.com\/wordpress\/plugins\/seo\/ -->\n<title>Teresa E. Leit\u00e3o - APRH<\/title>\n<meta name=\"robots\" content=\"index, follow, max-snippet:-1, max-image-preview:large, max-video-preview:-1\" \/>\n<link rel=\"canonical\" href=\"https:\/\/aprh.pt\/pt\/socios\/perfis\/teresa-e-leitao\/\" \/>\n<meta property=\"og:locale\" content=\"pt_PT\" \/>\n<meta property=\"og:type\" content=\"article\" \/>\n<meta property=\"og:title\" content=\"Teresa E. Leit\u00e3o - APRH\" \/>\n<meta property=\"og:description\" content=\"Associados da APRH Teresa E. Leit\u00e3o Associado 911 Email: tleitao@lnec.pt Data de nascimento: 1966\/08\/09 Nacionalidade: Portuguesa P\u00e1gina pessoal: https:\/\/www.linkedin.com\/in\/teresa-leitao-98782b24 Forma\u00e7\u00e3o Curso: Geologia Estabelecimento de ensino: Universidade de Coimbra Ano de conclus\u00e3o: 1988\/09\/01 Graus acad\u00e9micos: Doutoramento Especializa\u00e7\u00f5es: Gest\u00e3o integrada da qualidade da \u00e1gua, em particular das \u00e1guas subterr\u00e2neas; Estudos hidrogeol\u00f3gicos, hidrogeoqu\u00edmicos e gest\u00e3o de recarga induzida [&hellip;]\" \/>\n<meta property=\"og:url\" content=\"https:\/\/aprh.pt\/pt\/socios\/perfis\/teresa-e-leitao\/\" \/>\n<meta property=\"og:site_name\" content=\"APRH\" \/>\n<meta property=\"article:modified_time\" content=\"2023-01-02T10:22:39+00:00\" \/>\n<meta property=\"og:image\" content=\"https:\/\/www.aprh.pt\/wp-content\/uploads\/2022\/05\/teresa-leitao.jpeg\" \/>\n<meta name=\"twitter:card\" content=\"summary_large_image\" \/>\n<meta name=\"twitter:label1\" content=\"Tempo estimado de leitura\" \/>\n\t<meta name=\"twitter:data1\" content=\"1 minuto\" \/>\n<script type=\"application\/ld+json\" class=\"yoast-schema-graph\">{\"@context\":\"https:\/\/schema.org\",\"@graph\":[{\"@type\":\"WebPage\",\"@id\":\"https:\/\/aprh.pt\/pt\/socios\/perfis\/teresa-e-leitao\/\",\"url\":\"https:\/\/aprh.pt\/pt\/socios\/perfis\/teresa-e-leitao\/\",\"name\":\"Teresa E. Leit\u00e3o - APRH\",\"isPartOf\":{\"@id\":\"https:\/\/aprh.pt\/pt\/#website\"},\"primaryImageOfPage\":{\"@id\":\"https:\/\/aprh.pt\/pt\/socios\/perfis\/teresa-e-leitao\/#primaryimage\"},\"image\":{\"@id\":\"https:\/\/aprh.pt\/pt\/socios\/perfis\/teresa-e-leitao\/#primaryimage\"},\"thumbnailUrl\":\"https:\/\/www.aprh.pt\/wp-content\/uploads\/2022\/05\/teresa-leitao.jpeg\",\"datePublished\":\"2022-05-10T10:41:36+00:00\",\"dateModified\":\"2023-01-02T10:22:39+00:00\",\"breadcrumb\":{\"@id\":\"https:\/\/aprh.pt\/pt\/socios\/perfis\/teresa-e-leitao\/#breadcrumb\"},\"inLanguage\":\"pt-PT\",\"potentialAction\":[{\"@type\":\"ReadAction\",\"target\":[\"https:\/\/aprh.pt\/pt\/socios\/perfis\/teresa-e-leitao\/\"]}]},{\"@type\":\"ImageObject\",\"inLanguage\":\"pt-PT\",\"@id\":\"https:\/\/aprh.pt\/pt\/socios\/perfis\/teresa-e-leitao\/#primaryimage\",\"url\":\"https:\/\/www.aprh.pt\/wp-content\/uploads\/2022\/05\/teresa-leitao.jpeg\",\"contentUrl\":\"https:\/\/www.aprh.pt\/wp-content\/uploads\/2022\/05\/teresa-leitao.jpeg\"},{\"@type\":\"BreadcrumbList\",\"@id\":\"https:\/\/aprh.pt\/pt\/socios\/perfis\/teresa-e-leitao\/#breadcrumb\",\"itemListElement\":[{\"@type\":\"ListItem\",\"position\":1,\"name\":\"Home\",\"item\":\"https:\/\/aprh.pt\/pt\/\"},{\"@type\":\"ListItem\",\"position\":2,\"name\":\"Associados\",\"item\":\"https:\/\/aprh.pt\/pt\/socios\/\"},{\"@type\":\"ListItem\",\"position\":3,\"name\":\"Perfis\",\"item\":\"https:\/\/aprh.pt\/pt\/socios\/perfis\/\"},{\"@type\":\"ListItem\",\"position\":4,\"name\":\"Teresa E. Leit\u00e3o\"}]},{\"@type\":\"WebSite\",\"@id\":\"https:\/\/aprh.pt\/pt\/#website\",\"url\":\"https:\/\/aprh.pt\/pt\/\",\"name\":\"APRH\",\"description\":\"Associa\u00e7\u00e3o Portuguesa dos Recursos H\u00eddricos\",\"publisher\":{\"@id\":\"https:\/\/aprh.pt\/pt\/#organization\"},\"potentialAction\":[{\"@type\":\"SearchAction\",\"target\":{\"@type\":\"EntryPoint\",\"urlTemplate\":\"https:\/\/aprh.pt\/pt\/?s={search_term_string}\"},\"query-input\":{\"@type\":\"PropertyValueSpecification\",\"valueRequired\":true,\"valueName\":\"search_term_string\"}}],\"inLanguage\":\"pt-PT\"},{\"@type\":\"Organization\",\"@id\":\"https:\/\/aprh.pt\/pt\/#organization\",\"name\":\"APRH\",\"url\":\"https:\/\/aprh.pt\/pt\/\",\"logo\":{\"@type\":\"ImageObject\",\"inLanguage\":\"pt-PT\",\"@id\":\"https:\/\/aprh.pt\/pt\/#\/schema\/logo\/image\/\",\"url\":\"https:\/\/aprh.pt\/wp-content\/uploads\/2022\/04\/logotipo.png\",\"contentUrl\":\"https:\/\/aprh.pt\/wp-content\/uploads\/2022\/04\/logotipo.png\",\"width\":181,\"height\":80,\"caption\":\"APRH\"},\"image\":{\"@id\":\"https:\/\/aprh.pt\/pt\/#\/schema\/logo\/image\/\"}}]}<\/script>\n<!-- \/ Yoast SEO plugin. -->","yoast_head_json":{"title":"Teresa E. Leit\u00e3o - APRH","robots":{"index":"index","follow":"follow","max-snippet":"max-snippet:-1","max-image-preview":"max-image-preview:large","max-video-preview":"max-video-preview:-1"},"canonical":"https:\/\/aprh.pt\/pt\/socios\/perfis\/teresa-e-leitao\/","og_locale":"pt_PT","og_type":"article","og_title":"Teresa E. Leit\u00e3o - APRH","og_description":"Associados da APRH Teresa E. Leit\u00e3o Associado 911 Email: tleitao@lnec.pt Data de nascimento: 1966\/08\/09 Nacionalidade: Portuguesa P\u00e1gina pessoal: https:\/\/www.linkedin.com\/in\/teresa-leitao-98782b24 Forma\u00e7\u00e3o Curso: Geologia Estabelecimento de ensino: Universidade de Coimbra Ano de conclus\u00e3o: 1988\/09\/01 Graus acad\u00e9micos: Doutoramento Especializa\u00e7\u00f5es: Gest\u00e3o integrada da qualidade da \u00e1gua, em particular das \u00e1guas subterr\u00e2neas; Estudos hidrogeol\u00f3gicos, hidrogeoqu\u00edmicos e gest\u00e3o de recarga induzida [&hellip;]","og_url":"https:\/\/aprh.pt\/pt\/socios\/perfis\/teresa-e-leitao\/","og_site_name":"APRH","article_modified_time":"2023-01-02T10:22:39+00:00","og_image":[{"url":"https:\/\/www.aprh.pt\/wp-content\/uploads\/2022\/05\/teresa-leitao.jpeg"}],"twitter_card":"summary_large_image","twitter_misc":{"Tempo estimado de leitura":"1 minuto"},"schema":{"@context":"https:\/\/schema.org","@graph":[{"@type":"WebPage","@id":"https:\/\/aprh.pt\/pt\/socios\/perfis\/teresa-e-leitao\/","url":"https:\/\/aprh.pt\/pt\/socios\/perfis\/teresa-e-leitao\/","name":"Teresa E. Leit\u00e3o - APRH","isPartOf":{"@id":"https:\/\/aprh.pt\/pt\/#website"},"primaryImageOfPage":{"@id":"https:\/\/aprh.pt\/pt\/socios\/perfis\/teresa-e-leitao\/#primaryimage"},"image":{"@id":"https:\/\/aprh.pt\/pt\/socios\/perfis\/teresa-e-leitao\/#primaryimage"},"thumbnailUrl":"https:\/\/www.aprh.pt\/wp-content\/uploads\/2022\/05\/teresa-leitao.jpeg","datePublished":"2022-05-10T10:41:36+00:00","dateModified":"2023-01-02T10:22:39+00:00","breadcrumb":{"@id":"https:\/\/aprh.pt\/pt\/socios\/perfis\/teresa-e-leitao\/#breadcrumb"},"inLanguage":"pt-PT","potentialAction":[{"@type":"ReadAction","target":["https:\/\/aprh.pt\/pt\/socios\/perfis\/teresa-e-leitao\/"]}]},{"@type":"ImageObject","inLanguage":"pt-PT","@id":"https:\/\/aprh.pt\/pt\/socios\/perfis\/teresa-e-leitao\/#primaryimage","url":"https:\/\/www.aprh.pt\/wp-content\/uploads\/2022\/05\/teresa-leitao.jpeg","contentUrl":"https:\/\/www.aprh.pt\/wp-content\/uploads\/2022\/05\/teresa-leitao.jpeg"},{"@type":"BreadcrumbList","@id":"https:\/\/aprh.pt\/pt\/socios\/perfis\/teresa-e-leitao\/#breadcrumb","itemListElement":[{"@type":"ListItem","position":1,"name":"Home","item":"https:\/\/aprh.pt\/pt\/"},{"@type":"ListItem","position":2,"name":"Associados","item":"https:\/\/aprh.pt\/pt\/socios\/"},{"@type":"ListItem","position":3,"name":"Perfis","item":"https:\/\/aprh.pt\/pt\/socios\/perfis\/"},{"@type":"ListItem","position":4,"name":"Teresa E. Leit\u00e3o"}]},{"@type":"WebSite","@id":"https:\/\/aprh.pt\/pt\/#website","url":"https:\/\/aprh.pt\/pt\/","name":"APRH","description":"Associa\u00e7\u00e3o Portuguesa dos Recursos H\u00eddricos","publisher":{"@id":"https:\/\/aprh.pt\/pt\/#organization"},"potentialAction":[{"@type":"SearchAction","target":{"@type":"EntryPoint","urlTemplate":"https:\/\/aprh.pt\/pt\/?s={search_term_string}"},"query-input":{"@type":"PropertyValueSpecification","valueRequired":true,"valueName":"search_term_string"}}],"inLanguage":"pt-PT"},{"@type":"Organization","@id":"https:\/\/aprh.pt\/pt\/#organization","name":"APRH","url":"https:\/\/aprh.pt\/pt\/","logo":{"@type":"ImageObject","inLanguage":"pt-PT","@id":"https:\/\/aprh.pt\/pt\/#\/schema\/logo\/image\/","url":"https:\/\/aprh.pt\/wp-content\/uploads\/2022\/04\/logotipo.png","contentUrl":"https:\/\/aprh.pt\/wp-content\/uploads\/2022\/04\/logotipo.png","width":181,"height":80,"caption":"APRH"},"image":{"@id":"https:\/\/aprh.pt\/pt\/#\/schema\/logo\/image\/"}}]}},"_links":{"self":[{"href":"https:\/\/aprh.pt\/pt\/wp-json\/wp\/v2\/pages\/2314","targetHints":{"allow":["GET"]}}],"collection":[{"href":"https:\/\/aprh.pt\/pt\/wp-json\/wp\/v2\/pages"}],"about":[{"href":"https:\/\/aprh.pt\/pt\/wp-json\/wp\/v2\/types\/page"}],"author":[{"embeddable":true,"href":"https:\/\/aprh.pt\/pt\/wp-json\/wp\/v2\/users\/1"}],"replies":[{"embeddable":true,"href":"https:\/\/aprh.pt\/pt\/wp-json\/wp\/v2\/comments?post=2314"}],"version-history":[{"count":10,"href":"https:\/\/aprh.pt\/pt\/wp-json\/wp\/v2\/pages\/2314\/revisions"}],"predecessor-version":[{"id":62045,"href":"https:\/\/aprh.pt\/pt\/wp-json\/wp\/v2\/pages\/2314\/revisions\/62045"}],"up":[{"embeddable":true,"href":"https:\/\/aprh.pt\/pt\/wp-json\/wp\/v2\/pages\/150"}],"wp:attachment":[{"href":"https:\/\/aprh.pt\/pt\/wp-json\/wp\/v2\/media?parent=2314"}],"curies":[{"name":"wp","href":"https:\/\/api.w.org\/{rel}","templated":true}]}}