{"id":2345,"date":"2022-05-10T10:56:48","date_gmt":"2022-05-10T10:56:48","guid":{"rendered":"https:\/\/aprh.zalox.pt\/?page_id=2345"},"modified":"2023-01-02T10:25:27","modified_gmt":"2023-01-02T10:25:27","slug":"martinho-murteira","status":"publish","type":"page","link":"https:\/\/aprh.pt\/pt\/socios\/perfis\/martinho-murteira\/","title":{"rendered":"Martinho Murteira"},"content":{"rendered":"\t\t<div data-elementor-type=\"wp-page\" data-elementor-id=\"2345\" class=\"elementor elementor-2345\" data-elementor-post-type=\"page\">\n\t\t\t\t\t\t<section class=\"elementor-section elementor-top-section elementor-element elementor-element-6a7c680a elementor-section-boxed elementor-section-height-default elementor-section-height-default\" data-id=\"6a7c680a\" data-element_type=\"section\">\n\t\t\t\t\t\t<div class=\"elementor-container elementor-column-gap-no\">\n\t\t\t\t\t<div class=\"elementor-column elementor-col-100 elementor-top-column elementor-element elementor-element-f524f6a\" data-id=\"f524f6a\" data-element_type=\"column\">\n\t\t\t<div class=\"elementor-widget-wrap elementor-element-populated\">\n\t\t\t\t\t\t<div class=\"elementor-element elementor-element-3f11c02 elementor-widget elementor-widget-global elementor-global-475 elementor-widget-spacer\" data-id=\"3f11c02\" data-element_type=\"widget\" data-widget_type=\"spacer.default\">\n\t\t\t\t<div class=\"elementor-widget-container\">\n\t\t\t\t\t<div class=\"elementor-spacer\">\n\t\t\t<div class=\"elementor-spacer-inner\"><\/div>\n\t\t<\/div>\n\t\t\t\t<\/div>\n\t\t\t\t<\/div>\n\t\t\t\t\t<\/div>\n\t\t<\/div>\n\t\t\t\t\t<\/div>\n\t\t<\/section>\n\t\t\t\t<section class=\"elementor-section elementor-top-section elementor-element elementor-element-1ba629eb elementor-section-boxed elementor-section-height-default elementor-section-height-default\" data-id=\"1ba629eb\" data-element_type=\"section\">\n\t\t\t\t\t\t<div class=\"elementor-container elementor-column-gap-no\">\n\t\t\t\t\t<div class=\"elementor-column elementor-col-25 elementor-top-column elementor-element elementor-element-2b97fdc8\" data-id=\"2b97fdc8\" data-element_type=\"column\">\n\t\t\t<div class=\"elementor-widget-wrap elementor-element-populated\">\n\t\t\t\t\t\t<div class=\"elementor-element elementor-element-ddc6069 elementor-widget elementor-widget-heading\" data-id=\"ddc6069\" data-element_type=\"widget\" data-widget_type=\"heading.default\">\n\t\t\t\t<div class=\"elementor-widget-container\">\n\t\t\t<h2 class=\"elementor-heading-title elementor-size-default\">Associados da APRH<\/h2>\t\t<\/div>\n\t\t\t\t<\/div>\n\t\t\t\t\t<\/div>\n\t\t<\/div>\n\t\t\t\t<div class=\"elementor-column elementor-col-50 elementor-top-column elementor-element elementor-element-1f8cdf90\" data-id=\"1f8cdf90\" data-element_type=\"column\">\n\t\t\t<div class=\"elementor-widget-wrap elementor-element-populated\">\n\t\t\t\t\t\t<div class=\"elementor-element elementor-element-a2e73f6 elementor-widget elementor-widget-image\" data-id=\"a2e73f6\" data-element_type=\"widget\" data-widget_type=\"image.default\">\n\t\t\t\t<div class=\"elementor-widget-container\">\n\t\t\t\t\t\t\t\t\t\t\t\t\t<img decoding=\"async\" width=\"200\" height=\"200\" src=\"https:\/\/aprh.pt\/wp-content\/uploads\/2022\/05\/martinho-murteira.jpeg\" class=\"attachment-medium size-medium wp-image-2348\" alt=\"Martinho Murteira\" srcset=\"https:\/\/aprh.pt\/wp-content\/uploads\/2022\/05\/martinho-murteira.jpeg 200w, https:\/\/aprh.pt\/wp-content\/uploads\/2022\/05\/martinho-murteira-150x150.jpeg 150w\" sizes=\"(max-width: 200px) 100vw, 200px\" \/>\t\t\t\t\t\t\t\t\t\t\t\t\t<\/div>\n\t\t\t\t<\/div>\n\t\t\t\t<div class=\"elementor-element elementor-element-50d26c37 elementor-widget elementor-widget-heading\" data-id=\"50d26c37\" data-element_type=\"widget\" data-widget_type=\"heading.default\">\n\t\t\t\t<div class=\"elementor-widget-container\">\n\t\t\t<h2 class=\"elementor-heading-title elementor-size-default\">Martinho Murteira<\/h2>\t\t<\/div>\n\t\t\t\t<\/div>\n\t\t\t\t<div class=\"elementor-element elementor-element-79571d4e remover_marcadores elementor-widget elementor-widget-text-editor\" data-id=\"79571d4e\" data-element_type=\"widget\" data-widget_type=\"text-editor.default\">\n\t\t\t\t<div class=\"elementor-widget-container\">\n\t\t\t\t\t\t\t<ul><li>Associado 1135<\/li><li>Email: <a href=\"mailto:martinho.murteira@gmail.com\">martinho.murteira@gmail.com<\/a><\/li><li>Data de nascimento: 1972\/11\/06<\/li><li>Nacionalidade: Portuguesa<\/li><li>P\u00e1gina pessoal: <a href=\"https:\/\/www.linkedin.com\/in\/martinho-murteira\/\" target=\"_blank\" rel=\"noopener\">https:\/\/www.linkedin.com\/in\/martinho-murteira\/<\/a><\/li><\/ul>\t\t\t\t\t\t<\/div>\n\t\t\t\t<\/div>\n\t\t\t\t<div class=\"elementor-element elementor-element-71a5fa09 elementor-widget elementor-widget-heading\" data-id=\"71a5fa09\" data-element_type=\"widget\" data-widget_type=\"heading.default\">\n\t\t\t\t<div class=\"elementor-widget-container\">\n\t\t\t<h2 class=\"elementor-heading-title elementor-size-default\">Forma\u00e7\u00e3o<\/h2>\t\t<\/div>\n\t\t\t\t<\/div>\n\t\t\t\t<div class=\"elementor-element elementor-element-8ed082f remover_marcadores elementor-widget elementor-widget-text-editor\" data-id=\"8ed082f\" data-element_type=\"widget\" data-widget_type=\"text-editor.default\">\n\t\t\t\t<div class=\"elementor-widget-container\">\n\t\t\t\t\t\t\t<ul><li>Curso: Engenharia de Recursos H\u00eddricos<\/li><li>Estabelecimento de ensino: Universidade de \u00c9vora<\/li><li>Ano de conclus\u00e3o: 1998\/06\/01<\/li><li>Graus acad\u00e9micos: Grau de Mestre, Geoci\u00eancias, \u00e1rea de especializa\u00e7\u00e3o em Ambiente e Ordenamento, Universidade de Coimbra (2010); Grau de Mestre, Engenharia dos Recursos H\u00eddricos, \u00e1rea de especializa\u00e7\u00e3o em Planeamento e Gest\u00e3o da \u00c1gua, Universidade de \u00c9vora (2010); P\u00f3s-Gradua\u00e7\u00e3o em Administra\u00e7\u00e3o P\u00fablica e Desenvolvimento Regional na perspectiva das Comunidades Europeias, Universidade de \u00c9vora (2000)<\/li><li>Especializa\u00e7\u00f5es: Ambiente e Ordenamento; Planeamento e Gest\u00e3o da \u00c1gua<\/li><\/ul>\t\t\t\t\t\t<\/div>\n\t\t\t\t<\/div>\n\t\t\t\t<div class=\"elementor-element elementor-element-56b780a1 elementor-widget elementor-widget-heading\" data-id=\"56b780a1\" data-element_type=\"widget\" data-widget_type=\"heading.default\">\n\t\t\t\t<div class=\"elementor-widget-container\">\n\t\t\t<h2 class=\"elementor-heading-title elementor-size-default\">Actividade profissional atual<\/h2>\t\t<\/div>\n\t\t\t\t<\/div>\n\t\t\t\t<div class=\"elementor-element elementor-element-256affb remover_marcadores elementor-widget elementor-widget-text-editor\" data-id=\"256affb\" data-element_type=\"widget\" data-widget_type=\"text-editor.default\">\n\t\t\t\t<div class=\"elementor-widget-container\">\n\t\t\t\t\t\t\t<ul><li>Entidade: EDIA S.A.<\/li><li>Fun\u00e7\u00f5es: Engenheiro de Recursos H\u00eddricos<\/li><\/ul>\t\t\t\t\t\t<\/div>\n\t\t\t\t<\/div>\n\t\t\t\t<div class=\"elementor-element elementor-element-7666d2b1 elementor-widget elementor-widget-heading\" data-id=\"7666d2b1\" data-element_type=\"widget\" data-widget_type=\"heading.default\">\n\t\t\t\t<div class=\"elementor-widget-container\">\n\t\t\t<h2 class=\"elementor-heading-title elementor-size-default\">Actividade profissional anterior relacionada com os recursos h\u00eddricos\n<\/h2>\t\t<\/div>\n\t\t\t\t<\/div>\n\t\t\t\t<div class=\"elementor-element elementor-element-26fa2ee remover_marcadores elementor-widget elementor-widget-text-editor\" data-id=\"26fa2ee\" data-element_type=\"widget\" data-widget_type=\"text-editor.default\">\n\t\t\t\t<div class=\"elementor-widget-container\">\n\t\t\t\t\t\t\t<ul><li>Entidade: DRAOT-Alentejo<\/li><li>Fun\u00e7\u00f5es: T\u00e9cnico superior<\/li><\/ul>\t\t\t\t\t\t<\/div>\n\t\t\t\t<\/div>\n\t\t\t\t<div class=\"elementor-element elementor-element-3e5c36e elementor-widget elementor-widget-heading\" data-id=\"3e5c36e\" data-element_type=\"widget\" data-widget_type=\"heading.default\">\n\t\t\t\t<div class=\"elementor-widget-container\">\n\t\t\t<h2 class=\"elementor-heading-title elementor-size-default\">\u00c1reas de interesse preferencial no dom\u00ednio dos recursos h\u00eddricos\n<\/h2>\t\t<\/div>\n\t\t\t\t<\/div>\n\t\t\t\t<div class=\"elementor-element elementor-element-1b329a38 remover_marcadores elementor-widget elementor-widget-text-editor\" data-id=\"1b329a38\" data-element_type=\"widget\" data-widget_type=\"text-editor.default\">\n\t\t\t\t<div class=\"elementor-widget-container\">\n\t\t\t\t\t\t\t<p>Avalia\u00e7\u00e3o quantitativa e qualitativa das massas de \u00e1gua; Gest\u00e3o do dom\u00ednio h\u00eddrico; Monitoriza\u00e7\u00e3o ambiental; Explora\u00e7\u00e3o e gest\u00e3o dos recursos h\u00eddricos subterr\u00e2neos;<\/p>\t\t\t\t\t\t<\/div>\n\t\t\t\t<\/div>\n\t\t\t\t<div class=\"elementor-element elementor-element-2e5d08d elementor-widget elementor-widget-heading\" data-id=\"2e5d08d\" data-element_type=\"widget\" data-widget_type=\"heading.default\">\n\t\t\t\t<div class=\"elementor-widget-container\">\n\t\t\t<h2 class=\"elementor-heading-title elementor-size-default\">Principais associa\u00e7\u00f5es profissionais a que pertence<\/h2>\t\t<\/div>\n\t\t\t\t<\/div>\n\t\t\t\t<div class=\"elementor-element elementor-element-8d2ad0c remover_marcadores elementor-widget elementor-widget-text-editor\" data-id=\"8d2ad0c\" data-element_type=\"widget\" data-widget_type=\"text-editor.default\">\n\t\t\t\t<div class=\"elementor-widget-container\">\n\t\t\t\t\t\t\t<ul><li><p>Ordem dos Engenheiros<\/p><\/li><\/ul>\t\t\t\t\t\t<\/div>\n\t\t\t\t<\/div>\n\t\t\t\t\t<\/div>\n\t\t<\/div>\n\t\t\t\t<div class=\"elementor-column elementor-col-25 elementor-top-column elementor-element elementor-element-f8c1a19 elementor-hidden-tablet elementor-hidden-mobile\" data-id=\"f8c1a19\" data-element_type=\"column\">\n\t\t\t<div class=\"elementor-widget-wrap\">\n\t\t\t\t\t\t\t<\/div>\n\t\t<\/div>\n\t\t\t\t\t<\/div>\n\t\t<\/section>\n\t\t\t\t<section class=\"elementor-section elementor-top-section elementor-element elementor-element-5858d1a2 elementor-section-boxed elementor-section-height-default elementor-section-height-default\" data-id=\"5858d1a2\" data-element_type=\"section\">\n\t\t\t\t\t\t<div class=\"elementor-container elementor-column-gap-no\">\n\t\t\t\t\t<div class=\"elementor-column elementor-col-100 elementor-top-column elementor-element elementor-element-3827b86a\" data-id=\"3827b86a\" data-element_type=\"column\">\n\t\t\t<div class=\"elementor-widget-wrap elementor-element-populated\">\n\t\t\t\t\t\t<div class=\"elementor-element elementor-element-21620b21 elementor-widget elementor-widget-global elementor-global-500 elementor-widget-spacer\" data-id=\"21620b21\" data-element_type=\"widget\" data-widget_type=\"spacer.default\">\n\t\t\t\t<div class=\"elementor-widget-container\">\n\t\t\t\t\t<div class=\"elementor-spacer\">\n\t\t\t<div class=\"elementor-spacer-inner\"><\/div>\n\t\t<\/div>\n\t\t\t\t<\/div>\n\t\t\t\t<\/div>\n\t\t\t\t\t<\/div>\n\t\t<\/div>\n\t\t\t\t\t<\/div>\n\t\t<\/section>\n\t\t\t\t<\/div>\n\t\t","protected":false},"excerpt":{"rendered":"<p>Associados da APRH Martinho Murteira Associado 1135 Email: martinho.murteira@gmail.com Data de nascimento: 1972\/11\/06 Nacionalidade: Portuguesa P\u00e1gina pessoal: https:\/\/www.linkedin.com\/in\/martinho-murteira\/ Forma\u00e7\u00e3o Curso: Engenharia de Recursos H\u00eddricos Estabelecimento de ensino: Universidade de \u00c9vora Ano de conclus\u00e3o: 1998\/06\/01 Graus acad\u00e9micos: Grau de Mestre, Geoci\u00eancias, \u00e1rea de especializa\u00e7\u00e3o em Ambiente e Ordenamento, Universidade de Coimbra (2010); Grau de Mestre, Engenharia [&hellip;]<\/p>\n","protected":false},"author":1,"featured_media":0,"parent":150,"menu_order":0,"comment_status":"closed","ping_status":"closed","template":"","meta":{"footnotes":""},"class_list":["post-2345","page","type-page","status-publish","hentry"],"yoast_head":"<!-- This site is optimized with the Yoast SEO plugin v23.8 - https:\/\/yoast.com\/wordpress\/plugins\/seo\/ -->\n<title>Martinho Murteira - APRH<\/title>\n<meta name=\"robots\" content=\"index, follow, max-snippet:-1, max-image-preview:large, max-video-preview:-1\" \/>\n<link rel=\"canonical\" href=\"https:\/\/aprh.pt\/pt\/socios\/perfis\/martinho-murteira\/\" \/>\n<meta property=\"og:locale\" content=\"pt_PT\" \/>\n<meta property=\"og:type\" content=\"article\" \/>\n<meta property=\"og:title\" content=\"Martinho Murteira - APRH\" \/>\n<meta property=\"og:description\" content=\"Associados da APRH Martinho Murteira Associado 1135 Email: martinho.murteira@gmail.com Data de nascimento: 1972\/11\/06 Nacionalidade: Portuguesa P\u00e1gina pessoal: https:\/\/www.linkedin.com\/in\/martinho-murteira\/ Forma\u00e7\u00e3o Curso: Engenharia de Recursos H\u00eddricos Estabelecimento de ensino: Universidade de \u00c9vora Ano de conclus\u00e3o: 1998\/06\/01 Graus acad\u00e9micos: Grau de Mestre, Geoci\u00eancias, \u00e1rea de especializa\u00e7\u00e3o em Ambiente e Ordenamento, Universidade de Coimbra (2010); Grau de Mestre, Engenharia [&hellip;]\" \/>\n<meta property=\"og:url\" content=\"https:\/\/aprh.pt\/pt\/socios\/perfis\/martinho-murteira\/\" \/>\n<meta property=\"og:site_name\" content=\"APRH\" \/>\n<meta property=\"article:modified_time\" content=\"2023-01-02T10:25:27+00:00\" \/>\n<meta property=\"og:image\" content=\"https:\/\/www.aprh.pt\/wp-content\/uploads\/2022\/05\/martinho-murteira.jpeg\" \/>\n<meta name=\"twitter:card\" content=\"summary_large_image\" \/>\n<meta name=\"twitter:label1\" content=\"Tempo estimado de leitura\" \/>\n\t<meta name=\"twitter:data1\" content=\"2 minutos\" \/>\n<script type=\"application\/ld+json\" class=\"yoast-schema-graph\">{\"@context\":\"https:\/\/schema.org\",\"@graph\":[{\"@type\":\"WebPage\",\"@id\":\"https:\/\/aprh.pt\/pt\/socios\/perfis\/martinho-murteira\/\",\"url\":\"https:\/\/aprh.pt\/pt\/socios\/perfis\/martinho-murteira\/\",\"name\":\"Martinho Murteira - APRH\",\"isPartOf\":{\"@id\":\"https:\/\/aprh.pt\/pt\/#website\"},\"primaryImageOfPage\":{\"@id\":\"https:\/\/aprh.pt\/pt\/socios\/perfis\/martinho-murteira\/#primaryimage\"},\"image\":{\"@id\":\"https:\/\/aprh.pt\/pt\/socios\/perfis\/martinho-murteira\/#primaryimage\"},\"thumbnailUrl\":\"https:\/\/www.aprh.pt\/wp-content\/uploads\/2022\/05\/martinho-murteira.jpeg\",\"datePublished\":\"2022-05-10T10:56:48+00:00\",\"dateModified\":\"2023-01-02T10:25:27+00:00\",\"breadcrumb\":{\"@id\":\"https:\/\/aprh.pt\/pt\/socios\/perfis\/martinho-murteira\/#breadcrumb\"},\"inLanguage\":\"pt-PT\",\"potentialAction\":[{\"@type\":\"ReadAction\",\"target\":[\"https:\/\/aprh.pt\/pt\/socios\/perfis\/martinho-murteira\/\"]}]},{\"@type\":\"ImageObject\",\"inLanguage\":\"pt-PT\",\"@id\":\"https:\/\/aprh.pt\/pt\/socios\/perfis\/martinho-murteira\/#primaryimage\",\"url\":\"https:\/\/www.aprh.pt\/wp-content\/uploads\/2022\/05\/martinho-murteira.jpeg\",\"contentUrl\":\"https:\/\/www.aprh.pt\/wp-content\/uploads\/2022\/05\/martinho-murteira.jpeg\"},{\"@type\":\"BreadcrumbList\",\"@id\":\"https:\/\/aprh.pt\/pt\/socios\/perfis\/martinho-murteira\/#breadcrumb\",\"itemListElement\":[{\"@type\":\"ListItem\",\"position\":1,\"name\":\"Home\",\"item\":\"https:\/\/aprh.pt\/pt\/\"},{\"@type\":\"ListItem\",\"position\":2,\"name\":\"Associados\",\"item\":\"https:\/\/aprh.pt\/pt\/socios\/\"},{\"@type\":\"ListItem\",\"position\":3,\"name\":\"Perfis\",\"item\":\"https:\/\/aprh.pt\/pt\/socios\/perfis\/\"},{\"@type\":\"ListItem\",\"position\":4,\"name\":\"Martinho Murteira\"}]},{\"@type\":\"WebSite\",\"@id\":\"https:\/\/aprh.pt\/pt\/#website\",\"url\":\"https:\/\/aprh.pt\/pt\/\",\"name\":\"APRH\",\"description\":\"Associa\u00e7\u00e3o Portuguesa dos Recursos H\u00eddricos\",\"publisher\":{\"@id\":\"https:\/\/aprh.pt\/pt\/#organization\"},\"potentialAction\":[{\"@type\":\"SearchAction\",\"target\":{\"@type\":\"EntryPoint\",\"urlTemplate\":\"https:\/\/aprh.pt\/pt\/?s={search_term_string}\"},\"query-input\":{\"@type\":\"PropertyValueSpecification\",\"valueRequired\":true,\"valueName\":\"search_term_string\"}}],\"inLanguage\":\"pt-PT\"},{\"@type\":\"Organization\",\"@id\":\"https:\/\/aprh.pt\/pt\/#organization\",\"name\":\"APRH\",\"url\":\"https:\/\/aprh.pt\/pt\/\",\"logo\":{\"@type\":\"ImageObject\",\"inLanguage\":\"pt-PT\",\"@id\":\"https:\/\/aprh.pt\/pt\/#\/schema\/logo\/image\/\",\"url\":\"https:\/\/aprh.pt\/wp-content\/uploads\/2022\/04\/logotipo.png\",\"contentUrl\":\"https:\/\/aprh.pt\/wp-content\/uploads\/2022\/04\/logotipo.png\",\"width\":181,\"height\":80,\"caption\":\"APRH\"},\"image\":{\"@id\":\"https:\/\/aprh.pt\/pt\/#\/schema\/logo\/image\/\"}}]}<\/script>\n<!-- \/ Yoast SEO plugin. -->","yoast_head_json":{"title":"Martinho Murteira - APRH","robots":{"index":"index","follow":"follow","max-snippet":"max-snippet:-1","max-image-preview":"max-image-preview:large","max-video-preview":"max-video-preview:-1"},"canonical":"https:\/\/aprh.pt\/pt\/socios\/perfis\/martinho-murteira\/","og_locale":"pt_PT","og_type":"article","og_title":"Martinho Murteira - APRH","og_description":"Associados da APRH Martinho Murteira Associado 1135 Email: martinho.murteira@gmail.com Data de nascimento: 1972\/11\/06 Nacionalidade: Portuguesa P\u00e1gina pessoal: https:\/\/www.linkedin.com\/in\/martinho-murteira\/ Forma\u00e7\u00e3o Curso: Engenharia de Recursos H\u00eddricos Estabelecimento de ensino: Universidade de \u00c9vora Ano de conclus\u00e3o: 1998\/06\/01 Graus acad\u00e9micos: Grau de Mestre, Geoci\u00eancias, \u00e1rea de especializa\u00e7\u00e3o em Ambiente e Ordenamento, Universidade de Coimbra (2010); Grau de Mestre, Engenharia [&hellip;]","og_url":"https:\/\/aprh.pt\/pt\/socios\/perfis\/martinho-murteira\/","og_site_name":"APRH","article_modified_time":"2023-01-02T10:25:27+00:00","og_image":[{"url":"https:\/\/www.aprh.pt\/wp-content\/uploads\/2022\/05\/martinho-murteira.jpeg"}],"twitter_card":"summary_large_image","twitter_misc":{"Tempo estimado de leitura":"2 minutos"},"schema":{"@context":"https:\/\/schema.org","@graph":[{"@type":"WebPage","@id":"https:\/\/aprh.pt\/pt\/socios\/perfis\/martinho-murteira\/","url":"https:\/\/aprh.pt\/pt\/socios\/perfis\/martinho-murteira\/","name":"Martinho Murteira - APRH","isPartOf":{"@id":"https:\/\/aprh.pt\/pt\/#website"},"primaryImageOfPage":{"@id":"https:\/\/aprh.pt\/pt\/socios\/perfis\/martinho-murteira\/#primaryimage"},"image":{"@id":"https:\/\/aprh.pt\/pt\/socios\/perfis\/martinho-murteira\/#primaryimage"},"thumbnailUrl":"https:\/\/www.aprh.pt\/wp-content\/uploads\/2022\/05\/martinho-murteira.jpeg","datePublished":"2022-05-10T10:56:48+00:00","dateModified":"2023-01-02T10:25:27+00:00","breadcrumb":{"@id":"https:\/\/aprh.pt\/pt\/socios\/perfis\/martinho-murteira\/#breadcrumb"},"inLanguage":"pt-PT","potentialAction":[{"@type":"ReadAction","target":["https:\/\/aprh.pt\/pt\/socios\/perfis\/martinho-murteira\/"]}]},{"@type":"ImageObject","inLanguage":"pt-PT","@id":"https:\/\/aprh.pt\/pt\/socios\/perfis\/martinho-murteira\/#primaryimage","url":"https:\/\/www.aprh.pt\/wp-content\/uploads\/2022\/05\/martinho-murteira.jpeg","contentUrl":"https:\/\/www.aprh.pt\/wp-content\/uploads\/2022\/05\/martinho-murteira.jpeg"},{"@type":"BreadcrumbList","@id":"https:\/\/aprh.pt\/pt\/socios\/perfis\/martinho-murteira\/#breadcrumb","itemListElement":[{"@type":"ListItem","position":1,"name":"Home","item":"https:\/\/aprh.pt\/pt\/"},{"@type":"ListItem","position":2,"name":"Associados","item":"https:\/\/aprh.pt\/pt\/socios\/"},{"@type":"ListItem","position":3,"name":"Perfis","item":"https:\/\/aprh.pt\/pt\/socios\/perfis\/"},{"@type":"ListItem","position":4,"name":"Martinho Murteira"}]},{"@type":"WebSite","@id":"https:\/\/aprh.pt\/pt\/#website","url":"https:\/\/aprh.pt\/pt\/","name":"APRH","description":"Associa\u00e7\u00e3o Portuguesa dos Recursos H\u00eddricos","publisher":{"@id":"https:\/\/aprh.pt\/pt\/#organization"},"potentialAction":[{"@type":"SearchAction","target":{"@type":"EntryPoint","urlTemplate":"https:\/\/aprh.pt\/pt\/?s={search_term_string}"},"query-input":{"@type":"PropertyValueSpecification","valueRequired":true,"valueName":"search_term_string"}}],"inLanguage":"pt-PT"},{"@type":"Organization","@id":"https:\/\/aprh.pt\/pt\/#organization","name":"APRH","url":"https:\/\/aprh.pt\/pt\/","logo":{"@type":"ImageObject","inLanguage":"pt-PT","@id":"https:\/\/aprh.pt\/pt\/#\/schema\/logo\/image\/","url":"https:\/\/aprh.pt\/wp-content\/uploads\/2022\/04\/logotipo.png","contentUrl":"https:\/\/aprh.pt\/wp-content\/uploads\/2022\/04\/logotipo.png","width":181,"height":80,"caption":"APRH"},"image":{"@id":"https:\/\/aprh.pt\/pt\/#\/schema\/logo\/image\/"}}]}},"_links":{"self":[{"href":"https:\/\/aprh.pt\/pt\/wp-json\/wp\/v2\/pages\/2345","targetHints":{"allow":["GET"]}}],"collection":[{"href":"https:\/\/aprh.pt\/pt\/wp-json\/wp\/v2\/pages"}],"about":[{"href":"https:\/\/aprh.pt\/pt\/wp-json\/wp\/v2\/types\/page"}],"author":[{"embeddable":true,"href":"https:\/\/aprh.pt\/pt\/wp-json\/wp\/v2\/users\/1"}],"replies":[{"embeddable":true,"href":"https:\/\/aprh.pt\/pt\/wp-json\/wp\/v2\/comments?post=2345"}],"version-history":[{"count":10,"href":"https:\/\/aprh.pt\/pt\/wp-json\/wp\/v2\/pages\/2345\/revisions"}],"predecessor-version":[{"id":62066,"href":"https:\/\/aprh.pt\/pt\/wp-json\/wp\/v2\/pages\/2345\/revisions\/62066"}],"up":[{"embeddable":true,"href":"https:\/\/aprh.pt\/pt\/wp-json\/wp\/v2\/pages\/150"}],"wp:attachment":[{"href":"https:\/\/aprh.pt\/pt\/wp-json\/wp\/v2\/media?parent=2345"}],"curies":[{"name":"wp","href":"https:\/\/api.w.org\/{rel}","templated":true}]}}