{"id":2365,"date":"2022-05-10T11:11:43","date_gmt":"2022-05-10T11:11:43","guid":{"rendered":"https:\/\/aprh.zalox.pt\/?page_id=2365"},"modified":"2023-01-02T10:26:48","modified_gmt":"2023-01-02T10:26:48","slug":"rui-cortes","status":"publish","type":"page","link":"https:\/\/aprh.pt\/pt\/socios\/perfis\/rui-cortes\/","title":{"rendered":"Rui Cortes"},"content":{"rendered":"\t\t<div data-elementor-type=\"wp-page\" data-elementor-id=\"2365\" class=\"elementor elementor-2365\" data-elementor-post-type=\"page\">\n\t\t\t\t\t\t<section class=\"elementor-section elementor-top-section elementor-element elementor-element-1ce437b8 elementor-section-boxed elementor-section-height-default elementor-section-height-default\" data-id=\"1ce437b8\" data-element_type=\"section\">\n\t\t\t\t\t\t<div class=\"elementor-container elementor-column-gap-no\">\n\t\t\t\t\t<div class=\"elementor-column elementor-col-100 elementor-top-column elementor-element elementor-element-6c54e2f6\" data-id=\"6c54e2f6\" data-element_type=\"column\">\n\t\t\t<div class=\"elementor-widget-wrap elementor-element-populated\">\n\t\t\t\t\t\t<div class=\"elementor-element elementor-element-66040016 elementor-widget elementor-widget-global elementor-global-475 elementor-widget-spacer\" data-id=\"66040016\" data-element_type=\"widget\" data-widget_type=\"spacer.default\">\n\t\t\t\t<div class=\"elementor-widget-container\">\n\t\t\t\t\t<div class=\"elementor-spacer\">\n\t\t\t<div class=\"elementor-spacer-inner\"><\/div>\n\t\t<\/div>\n\t\t\t\t<\/div>\n\t\t\t\t<\/div>\n\t\t\t\t\t<\/div>\n\t\t<\/div>\n\t\t\t\t\t<\/div>\n\t\t<\/section>\n\t\t\t\t<section class=\"elementor-section elementor-top-section elementor-element elementor-element-37a161e1 elementor-section-boxed elementor-section-height-default elementor-section-height-default\" data-id=\"37a161e1\" data-element_type=\"section\">\n\t\t\t\t\t\t<div class=\"elementor-container elementor-column-gap-no\">\n\t\t\t\t\t<div class=\"elementor-column elementor-col-25 elementor-top-column elementor-element elementor-element-4dea4d75\" data-id=\"4dea4d75\" data-element_type=\"column\">\n\t\t\t<div class=\"elementor-widget-wrap elementor-element-populated\">\n\t\t\t\t\t\t<div class=\"elementor-element elementor-element-6530f080 elementor-widget elementor-widget-heading\" data-id=\"6530f080\" data-element_type=\"widget\" data-widget_type=\"heading.default\">\n\t\t\t\t<div class=\"elementor-widget-container\">\n\t\t\t<h2 class=\"elementor-heading-title elementor-size-default\">Associados da APRH<\/h2>\t\t<\/div>\n\t\t\t\t<\/div>\n\t\t\t\t\t<\/div>\n\t\t<\/div>\n\t\t\t\t<div class=\"elementor-column elementor-col-50 elementor-top-column elementor-element elementor-element-5439899\" data-id=\"5439899\" data-element_type=\"column\">\n\t\t\t<div class=\"elementor-widget-wrap elementor-element-populated\">\n\t\t\t\t\t\t<div class=\"elementor-element elementor-element-2fa71bd7 elementor-widget elementor-widget-image\" data-id=\"2fa71bd7\" data-element_type=\"widget\" data-widget_type=\"image.default\">\n\t\t\t\t<div class=\"elementor-widget-container\">\n\t\t\t\t\t\t\t\t\t\t\t\t\t<img decoding=\"async\" width=\"200\" height=\"191\" src=\"https:\/\/aprh.pt\/wp-content\/uploads\/2022\/05\/rui-cortes.jpeg\" class=\"attachment-medium_large size-medium_large wp-image-2368\" alt=\"Rui Cortes\" \/>\t\t\t\t\t\t\t\t\t\t\t\t\t<\/div>\n\t\t\t\t<\/div>\n\t\t\t\t<div class=\"elementor-element elementor-element-42b1e485 elementor-widget elementor-widget-heading\" data-id=\"42b1e485\" data-element_type=\"widget\" data-widget_type=\"heading.default\">\n\t\t\t\t<div class=\"elementor-widget-container\">\n\t\t\t<h2 class=\"elementor-heading-title elementor-size-default\">Rui Cortes<\/h2>\t\t<\/div>\n\t\t\t\t<\/div>\n\t\t\t\t<div class=\"elementor-element elementor-element-30009293 remover_marcadores elementor-widget elementor-widget-text-editor\" data-id=\"30009293\" data-element_type=\"widget\" data-widget_type=\"text-editor.default\">\n\t\t\t\t<div class=\"elementor-widget-container\">\n\t\t\t\t\t\t\t<ul><li>Associado 1232<\/li><li>Email: <a href=\"mailto:rcortes@utad.pt\">rcortes@utad.pt<\/a><\/li><li>Data de nascimento: 1954\/01\/29<\/li><li>Nacionalidade: Portuguesa<\/li><li>P\u00e1gina pessoal: <a href=\"https:\/\/www.linkedin.com\/in\/rui-cortes-b5018729\/\" target=\"_blank\" rel=\"noopener\">https:\/\/www.linkedin.com\/in\/rui-cortes-b5018729\/<\/a><\/li><\/ul>\t\t\t\t\t\t<\/div>\n\t\t\t\t<\/div>\n\t\t\t\t<div class=\"elementor-element elementor-element-60f281b elementor-widget elementor-widget-heading\" data-id=\"60f281b\" data-element_type=\"widget\" data-widget_type=\"heading.default\">\n\t\t\t\t<div class=\"elementor-widget-container\">\n\t\t\t<h2 class=\"elementor-heading-title elementor-size-default\">Forma\u00e7\u00e3o<\/h2>\t\t<\/div>\n\t\t\t\t<\/div>\n\t\t\t\t<div class=\"elementor-element elementor-element-711c3f3b remover_marcadores elementor-widget elementor-widget-text-editor\" data-id=\"711c3f3b\" data-element_type=\"widget\" data-widget_type=\"text-editor.default\">\n\t\t\t\t<div class=\"elementor-widget-container\">\n\t\t\t\t\t\t\t<ul><li>Curso: Engenharia Florestal<\/li><li>Estabelecimento de ensino: Instituto Superior de Agronomia<\/li><li>Ano de conclus\u00e3o: 1998\/07\/31<\/li><li>Graus acad\u00e9micos: Doutoramento; Agrega\u00e7\u00e3o<\/li><li>Especializa\u00e7\u00f5es: Recursos H\u00eddricos<\/li><\/ul>\t\t\t\t\t\t<\/div>\n\t\t\t\t<\/div>\n\t\t\t\t<div class=\"elementor-element elementor-element-319a6722 elementor-widget elementor-widget-heading\" data-id=\"319a6722\" data-element_type=\"widget\" data-widget_type=\"heading.default\">\n\t\t\t\t<div class=\"elementor-widget-container\">\n\t\t\t<h2 class=\"elementor-heading-title elementor-size-default\">Actividade profissional atual<\/h2>\t\t<\/div>\n\t\t\t\t<\/div>\n\t\t\t\t<div class=\"elementor-element elementor-element-4444d8e remover_marcadores elementor-widget elementor-widget-text-editor\" data-id=\"4444d8e\" data-element_type=\"widget\" data-widget_type=\"text-editor.default\">\n\t\t\t\t<div class=\"elementor-widget-container\">\n\t\t\t\t\t\t\t<ul><li>Entidade: Universidade de Tr\u00e1s-os-Montes e Alto Douro<\/li><li>Fun\u00e7\u00f5es:\u00a0Professor e Investigador no Centro de Investiga\u00e7\u00e3o de Tecnologias Ambientais e Biol\u00f3gicas<\/li><\/ul>\t\t\t\t\t\t<\/div>\n\t\t\t\t<\/div>\n\t\t\t\t<div class=\"elementor-element elementor-element-5e194407 elementor-widget elementor-widget-heading\" data-id=\"5e194407\" data-element_type=\"widget\" data-widget_type=\"heading.default\">\n\t\t\t\t<div class=\"elementor-widget-container\">\n\t\t\t<h2 class=\"elementor-heading-title elementor-size-default\">\u00c1reas de interesse preferencial no dom\u00ednio dos recursos h\u00eddricos\n<\/h2>\t\t<\/div>\n\t\t\t\t<\/div>\n\t\t\t\t<div class=\"elementor-element elementor-element-31fe8598 remover_marcadores elementor-widget elementor-widget-text-editor\" data-id=\"31fe8598\" data-element_type=\"widget\" data-widget_type=\"text-editor.default\">\n\t\t\t\t<div class=\"elementor-widget-container\">\n\t\t\t\t\t\t\t<ul><li>Ecologia de ecossistemas aqu\u00e1ticos. Monitoriza\u00e7\u00e3o ecol\u00f3gica da qualidade da \u00e1gua e funcionamento ecol\u00f3gico dos ecossistemas. Ordenamento de Bacias Hidrogr\u00e1ficas. Requalifica\u00e7\u00e3o de cursos de \u00e1gua (com especial incid\u00eancia na utiliza\u00e7\u00e3o de Engenharia Natural e Infra-estruturas Verdes-Azuis. Avalia\u00e7\u00e3o do Impacte Ambiental em Recursos H\u00eddricos.<\/li><\/ul>\t\t\t\t\t\t<\/div>\n\t\t\t\t<\/div>\n\t\t\t\t<div class=\"elementor-element elementor-element-c63db2d elementor-widget elementor-widget-heading\" data-id=\"c63db2d\" data-element_type=\"widget\" data-widget_type=\"heading.default\">\n\t\t\t\t<div class=\"elementor-widget-container\">\n\t\t\t<h2 class=\"elementor-heading-title elementor-size-default\">Principais associa\u00e7\u00f5es profissionais a que pertence\n<\/h2>\t\t<\/div>\n\t\t\t\t<\/div>\n\t\t\t\t<div class=\"elementor-element elementor-element-6fc8678 remover_marcadores elementor-widget elementor-widget-text-editor\" data-id=\"6fc8678\" data-element_type=\"widget\" data-widget_type=\"text-editor.default\">\n\t\t\t\t<div class=\"elementor-widget-container\">\n\t\t\t\t\t\t\t<ul><li><p>Associa\u00e7\u00e3o Ib\u00e9rica de Limnologia; Centro Ib\u00e9rico de Restaura\u00e7\u00e3o Fluvial; Quercus<\/p><\/li><\/ul>\t\t\t\t\t\t<\/div>\n\t\t\t\t<\/div>\n\t\t\t\t\t<\/div>\n\t\t<\/div>\n\t\t\t\t<div class=\"elementor-column elementor-col-25 elementor-top-column elementor-element elementor-element-7465eb4e elementor-hidden-tablet elementor-hidden-mobile\" data-id=\"7465eb4e\" data-element_type=\"column\">\n\t\t\t<div class=\"elementor-widget-wrap\">\n\t\t\t\t\t\t\t<\/div>\n\t\t<\/div>\n\t\t\t\t\t<\/div>\n\t\t<\/section>\n\t\t\t\t<section class=\"elementor-section elementor-top-section elementor-element elementor-element-318fe3d2 elementor-section-boxed elementor-section-height-default elementor-section-height-default\" data-id=\"318fe3d2\" data-element_type=\"section\">\n\t\t\t\t\t\t<div class=\"elementor-container elementor-column-gap-no\">\n\t\t\t\t\t<div class=\"elementor-column elementor-col-100 elementor-top-column elementor-element elementor-element-3a28bbac\" data-id=\"3a28bbac\" data-element_type=\"column\">\n\t\t\t<div class=\"elementor-widget-wrap elementor-element-populated\">\n\t\t\t\t\t\t<div class=\"elementor-element elementor-element-7bffe54 elementor-widget elementor-widget-global elementor-global-500 elementor-widget-spacer\" data-id=\"7bffe54\" data-element_type=\"widget\" data-widget_type=\"spacer.default\">\n\t\t\t\t<div class=\"elementor-widget-container\">\n\t\t\t\t\t<div class=\"elementor-spacer\">\n\t\t\t<div class=\"elementor-spacer-inner\"><\/div>\n\t\t<\/div>\n\t\t\t\t<\/div>\n\t\t\t\t<\/div>\n\t\t\t\t\t<\/div>\n\t\t<\/div>\n\t\t\t\t\t<\/div>\n\t\t<\/section>\n\t\t\t\t<\/div>\n\t\t","protected":false},"excerpt":{"rendered":"<p>Associados da APRH Rui Cortes Associado 1232 Email: rcortes@utad.pt Data de nascimento: 1954\/01\/29 Nacionalidade: Portuguesa P\u00e1gina pessoal: https:\/\/www.linkedin.com\/in\/rui-cortes-b5018729\/ Forma\u00e7\u00e3o Curso: Engenharia Florestal Estabelecimento de ensino: Instituto Superior de Agronomia Ano de conclus\u00e3o: 1998\/07\/31 Graus acad\u00e9micos: Doutoramento; Agrega\u00e7\u00e3o Especializa\u00e7\u00f5es: Recursos H\u00eddricos Actividade profissional atual Entidade: Universidade de Tr\u00e1s-os-Montes e Alto Douro Fun\u00e7\u00f5es:\u00a0Professor e Investigador no Centro [&hellip;]<\/p>\n","protected":false},"author":1,"featured_media":0,"parent":150,"menu_order":0,"comment_status":"closed","ping_status":"closed","template":"","meta":{"footnotes":""},"class_list":["post-2365","page","type-page","status-publish","hentry"],"yoast_head":"<!-- This site is optimized with the Yoast SEO plugin v23.8 - https:\/\/yoast.com\/wordpress\/plugins\/seo\/ -->\n<title>Rui Cortes - APRH<\/title>\n<meta name=\"robots\" content=\"index, follow, max-snippet:-1, max-image-preview:large, max-video-preview:-1\" \/>\n<link rel=\"canonical\" href=\"https:\/\/aprh.pt\/pt\/socios\/perfis\/rui-cortes\/\" \/>\n<meta property=\"og:locale\" content=\"pt_PT\" \/>\n<meta property=\"og:type\" content=\"article\" \/>\n<meta property=\"og:title\" content=\"Rui Cortes - APRH\" \/>\n<meta property=\"og:description\" content=\"Associados da APRH Rui Cortes Associado 1232 Email: rcortes@utad.pt Data de nascimento: 1954\/01\/29 Nacionalidade: Portuguesa P\u00e1gina pessoal: https:\/\/www.linkedin.com\/in\/rui-cortes-b5018729\/ Forma\u00e7\u00e3o Curso: Engenharia Florestal Estabelecimento de ensino: Instituto Superior de Agronomia Ano de conclus\u00e3o: 1998\/07\/31 Graus acad\u00e9micos: Doutoramento; Agrega\u00e7\u00e3o Especializa\u00e7\u00f5es: Recursos H\u00eddricos Actividade profissional atual Entidade: Universidade de Tr\u00e1s-os-Montes e Alto Douro Fun\u00e7\u00f5es:\u00a0Professor e Investigador no Centro [&hellip;]\" \/>\n<meta property=\"og:url\" content=\"https:\/\/aprh.pt\/pt\/socios\/perfis\/rui-cortes\/\" \/>\n<meta property=\"og:site_name\" content=\"APRH\" \/>\n<meta property=\"article:modified_time\" content=\"2023-01-02T10:26:48+00:00\" \/>\n<meta property=\"og:image\" content=\"https:\/\/www.aprh.pt\/wp-content\/uploads\/2022\/05\/rui-cortes.jpeg\" \/>\n<meta name=\"twitter:card\" content=\"summary_large_image\" \/>\n<meta name=\"twitter:label1\" content=\"Tempo estimado de leitura\" \/>\n\t<meta name=\"twitter:data1\" content=\"1 minuto\" \/>\n<script type=\"application\/ld+json\" class=\"yoast-schema-graph\">{\"@context\":\"https:\/\/schema.org\",\"@graph\":[{\"@type\":\"WebPage\",\"@id\":\"https:\/\/aprh.pt\/pt\/socios\/perfis\/rui-cortes\/\",\"url\":\"https:\/\/aprh.pt\/pt\/socios\/perfis\/rui-cortes\/\",\"name\":\"Rui Cortes - APRH\",\"isPartOf\":{\"@id\":\"https:\/\/aprh.pt\/pt\/#website\"},\"primaryImageOfPage\":{\"@id\":\"https:\/\/aprh.pt\/pt\/socios\/perfis\/rui-cortes\/#primaryimage\"},\"image\":{\"@id\":\"https:\/\/aprh.pt\/pt\/socios\/perfis\/rui-cortes\/#primaryimage\"},\"thumbnailUrl\":\"https:\/\/www.aprh.pt\/wp-content\/uploads\/2022\/05\/rui-cortes.jpeg\",\"datePublished\":\"2022-05-10T11:11:43+00:00\",\"dateModified\":\"2023-01-02T10:26:48+00:00\",\"breadcrumb\":{\"@id\":\"https:\/\/aprh.pt\/pt\/socios\/perfis\/rui-cortes\/#breadcrumb\"},\"inLanguage\":\"pt-PT\",\"potentialAction\":[{\"@type\":\"ReadAction\",\"target\":[\"https:\/\/aprh.pt\/pt\/socios\/perfis\/rui-cortes\/\"]}]},{\"@type\":\"ImageObject\",\"inLanguage\":\"pt-PT\",\"@id\":\"https:\/\/aprh.pt\/pt\/socios\/perfis\/rui-cortes\/#primaryimage\",\"url\":\"https:\/\/www.aprh.pt\/wp-content\/uploads\/2022\/05\/rui-cortes.jpeg\",\"contentUrl\":\"https:\/\/www.aprh.pt\/wp-content\/uploads\/2022\/05\/rui-cortes.jpeg\"},{\"@type\":\"BreadcrumbList\",\"@id\":\"https:\/\/aprh.pt\/pt\/socios\/perfis\/rui-cortes\/#breadcrumb\",\"itemListElement\":[{\"@type\":\"ListItem\",\"position\":1,\"name\":\"Home\",\"item\":\"https:\/\/aprh.pt\/pt\/\"},{\"@type\":\"ListItem\",\"position\":2,\"name\":\"Associados\",\"item\":\"https:\/\/aprh.pt\/pt\/socios\/\"},{\"@type\":\"ListItem\",\"position\":3,\"name\":\"Perfis\",\"item\":\"https:\/\/aprh.pt\/pt\/socios\/perfis\/\"},{\"@type\":\"ListItem\",\"position\":4,\"name\":\"Rui Cortes\"}]},{\"@type\":\"WebSite\",\"@id\":\"https:\/\/aprh.pt\/pt\/#website\",\"url\":\"https:\/\/aprh.pt\/pt\/\",\"name\":\"APRH\",\"description\":\"Associa\u00e7\u00e3o Portuguesa dos Recursos H\u00eddricos\",\"publisher\":{\"@id\":\"https:\/\/aprh.pt\/pt\/#organization\"},\"potentialAction\":[{\"@type\":\"SearchAction\",\"target\":{\"@type\":\"EntryPoint\",\"urlTemplate\":\"https:\/\/aprh.pt\/pt\/?s={search_term_string}\"},\"query-input\":{\"@type\":\"PropertyValueSpecification\",\"valueRequired\":true,\"valueName\":\"search_term_string\"}}],\"inLanguage\":\"pt-PT\"},{\"@type\":\"Organization\",\"@id\":\"https:\/\/aprh.pt\/pt\/#organization\",\"name\":\"APRH\",\"url\":\"https:\/\/aprh.pt\/pt\/\",\"logo\":{\"@type\":\"ImageObject\",\"inLanguage\":\"pt-PT\",\"@id\":\"https:\/\/aprh.pt\/pt\/#\/schema\/logo\/image\/\",\"url\":\"https:\/\/aprh.pt\/wp-content\/uploads\/2022\/04\/logotipo.png\",\"contentUrl\":\"https:\/\/aprh.pt\/wp-content\/uploads\/2022\/04\/logotipo.png\",\"width\":181,\"height\":80,\"caption\":\"APRH\"},\"image\":{\"@id\":\"https:\/\/aprh.pt\/pt\/#\/schema\/logo\/image\/\"}}]}<\/script>\n<!-- \/ Yoast SEO plugin. -->","yoast_head_json":{"title":"Rui Cortes - APRH","robots":{"index":"index","follow":"follow","max-snippet":"max-snippet:-1","max-image-preview":"max-image-preview:large","max-video-preview":"max-video-preview:-1"},"canonical":"https:\/\/aprh.pt\/pt\/socios\/perfis\/rui-cortes\/","og_locale":"pt_PT","og_type":"article","og_title":"Rui Cortes - APRH","og_description":"Associados da APRH Rui Cortes Associado 1232 Email: rcortes@utad.pt Data de nascimento: 1954\/01\/29 Nacionalidade: Portuguesa P\u00e1gina pessoal: https:\/\/www.linkedin.com\/in\/rui-cortes-b5018729\/ Forma\u00e7\u00e3o Curso: Engenharia Florestal Estabelecimento de ensino: Instituto Superior de Agronomia Ano de conclus\u00e3o: 1998\/07\/31 Graus acad\u00e9micos: Doutoramento; Agrega\u00e7\u00e3o Especializa\u00e7\u00f5es: Recursos H\u00eddricos Actividade profissional atual Entidade: Universidade de Tr\u00e1s-os-Montes e Alto Douro Fun\u00e7\u00f5es:\u00a0Professor e Investigador no Centro [&hellip;]","og_url":"https:\/\/aprh.pt\/pt\/socios\/perfis\/rui-cortes\/","og_site_name":"APRH","article_modified_time":"2023-01-02T10:26:48+00:00","og_image":[{"url":"https:\/\/www.aprh.pt\/wp-content\/uploads\/2022\/05\/rui-cortes.jpeg"}],"twitter_card":"summary_large_image","twitter_misc":{"Tempo estimado de leitura":"1 minuto"},"schema":{"@context":"https:\/\/schema.org","@graph":[{"@type":"WebPage","@id":"https:\/\/aprh.pt\/pt\/socios\/perfis\/rui-cortes\/","url":"https:\/\/aprh.pt\/pt\/socios\/perfis\/rui-cortes\/","name":"Rui Cortes - APRH","isPartOf":{"@id":"https:\/\/aprh.pt\/pt\/#website"},"primaryImageOfPage":{"@id":"https:\/\/aprh.pt\/pt\/socios\/perfis\/rui-cortes\/#primaryimage"},"image":{"@id":"https:\/\/aprh.pt\/pt\/socios\/perfis\/rui-cortes\/#primaryimage"},"thumbnailUrl":"https:\/\/www.aprh.pt\/wp-content\/uploads\/2022\/05\/rui-cortes.jpeg","datePublished":"2022-05-10T11:11:43+00:00","dateModified":"2023-01-02T10:26:48+00:00","breadcrumb":{"@id":"https:\/\/aprh.pt\/pt\/socios\/perfis\/rui-cortes\/#breadcrumb"},"inLanguage":"pt-PT","potentialAction":[{"@type":"ReadAction","target":["https:\/\/aprh.pt\/pt\/socios\/perfis\/rui-cortes\/"]}]},{"@type":"ImageObject","inLanguage":"pt-PT","@id":"https:\/\/aprh.pt\/pt\/socios\/perfis\/rui-cortes\/#primaryimage","url":"https:\/\/www.aprh.pt\/wp-content\/uploads\/2022\/05\/rui-cortes.jpeg","contentUrl":"https:\/\/www.aprh.pt\/wp-content\/uploads\/2022\/05\/rui-cortes.jpeg"},{"@type":"BreadcrumbList","@id":"https:\/\/aprh.pt\/pt\/socios\/perfis\/rui-cortes\/#breadcrumb","itemListElement":[{"@type":"ListItem","position":1,"name":"Home","item":"https:\/\/aprh.pt\/pt\/"},{"@type":"ListItem","position":2,"name":"Associados","item":"https:\/\/aprh.pt\/pt\/socios\/"},{"@type":"ListItem","position":3,"name":"Perfis","item":"https:\/\/aprh.pt\/pt\/socios\/perfis\/"},{"@type":"ListItem","position":4,"name":"Rui Cortes"}]},{"@type":"WebSite","@id":"https:\/\/aprh.pt\/pt\/#website","url":"https:\/\/aprh.pt\/pt\/","name":"APRH","description":"Associa\u00e7\u00e3o Portuguesa dos Recursos H\u00eddricos","publisher":{"@id":"https:\/\/aprh.pt\/pt\/#organization"},"potentialAction":[{"@type":"SearchAction","target":{"@type":"EntryPoint","urlTemplate":"https:\/\/aprh.pt\/pt\/?s={search_term_string}"},"query-input":{"@type":"PropertyValueSpecification","valueRequired":true,"valueName":"search_term_string"}}],"inLanguage":"pt-PT"},{"@type":"Organization","@id":"https:\/\/aprh.pt\/pt\/#organization","name":"APRH","url":"https:\/\/aprh.pt\/pt\/","logo":{"@type":"ImageObject","inLanguage":"pt-PT","@id":"https:\/\/aprh.pt\/pt\/#\/schema\/logo\/image\/","url":"https:\/\/aprh.pt\/wp-content\/uploads\/2022\/04\/logotipo.png","contentUrl":"https:\/\/aprh.pt\/wp-content\/uploads\/2022\/04\/logotipo.png","width":181,"height":80,"caption":"APRH"},"image":{"@id":"https:\/\/aprh.pt\/pt\/#\/schema\/logo\/image\/"}}]}},"_links":{"self":[{"href":"https:\/\/aprh.pt\/pt\/wp-json\/wp\/v2\/pages\/2365","targetHints":{"allow":["GET"]}}],"collection":[{"href":"https:\/\/aprh.pt\/pt\/wp-json\/wp\/v2\/pages"}],"about":[{"href":"https:\/\/aprh.pt\/pt\/wp-json\/wp\/v2\/types\/page"}],"author":[{"embeddable":true,"href":"https:\/\/aprh.pt\/pt\/wp-json\/wp\/v2\/users\/1"}],"replies":[{"embeddable":true,"href":"https:\/\/aprh.pt\/pt\/wp-json\/wp\/v2\/comments?post=2365"}],"version-history":[{"count":10,"href":"https:\/\/aprh.pt\/pt\/wp-json\/wp\/v2\/pages\/2365\/revisions"}],"predecessor-version":[{"id":62078,"href":"https:\/\/aprh.pt\/pt\/wp-json\/wp\/v2\/pages\/2365\/revisions\/62078"}],"up":[{"embeddable":true,"href":"https:\/\/aprh.pt\/pt\/wp-json\/wp\/v2\/pages\/150"}],"wp:attachment":[{"href":"https:\/\/aprh.pt\/pt\/wp-json\/wp\/v2\/media?parent=2365"}],"curies":[{"name":"wp","href":"https:\/\/api.w.org\/{rel}","templated":true}]}}