{"id":2535,"date":"2022-05-10T13:44:17","date_gmt":"2022-05-10T13:44:17","guid":{"rendered":"https:\/\/aprh.zalox.pt\/?page_id=2535"},"modified":"2023-01-11T16:52:21","modified_gmt":"2023-01-11T16:52:21","slug":"tiago-joao-fazeres-marques-ferradosa","status":"publish","type":"page","link":"https:\/\/aprh.pt\/pt\/socios\/perfis\/tiago-joao-fazeres-marques-ferradosa\/","title":{"rendered":"Tiago Jo\u00e3o Fazeres Marques Ferradosa"},"content":{"rendered":"\t\t<div data-elementor-type=\"wp-page\" data-elementor-id=\"2535\" class=\"elementor elementor-2535\" data-elementor-post-type=\"page\">\n\t\t\t\t\t\t<section class=\"elementor-section elementor-top-section elementor-element elementor-element-44ebdbe0 elementor-section-boxed elementor-section-height-default elementor-section-height-default\" data-id=\"44ebdbe0\" data-element_type=\"section\">\n\t\t\t\t\t\t<div class=\"elementor-container elementor-column-gap-no\">\n\t\t\t\t\t<div class=\"elementor-column elementor-col-100 elementor-top-column elementor-element elementor-element-6f3b3215\" data-id=\"6f3b3215\" data-element_type=\"column\">\n\t\t\t<div class=\"elementor-widget-wrap elementor-element-populated\">\n\t\t\t\t\t\t<div class=\"elementor-element elementor-element-1f773991 elementor-widget elementor-widget-global elementor-global-475 elementor-widget-spacer\" data-id=\"1f773991\" data-element_type=\"widget\" data-widget_type=\"spacer.default\">\n\t\t\t\t<div class=\"elementor-widget-container\">\n\t\t\t\t\t<div class=\"elementor-spacer\">\n\t\t\t<div class=\"elementor-spacer-inner\"><\/div>\n\t\t<\/div>\n\t\t\t\t<\/div>\n\t\t\t\t<\/div>\n\t\t\t\t\t<\/div>\n\t\t<\/div>\n\t\t\t\t\t<\/div>\n\t\t<\/section>\n\t\t\t\t<section class=\"elementor-section elementor-top-section elementor-element elementor-element-65f979bc elementor-section-boxed elementor-section-height-default elementor-section-height-default\" data-id=\"65f979bc\" data-element_type=\"section\">\n\t\t\t\t\t\t<div class=\"elementor-container elementor-column-gap-no\">\n\t\t\t\t\t<div class=\"elementor-column elementor-col-25 elementor-top-column elementor-element elementor-element-bfdceea\" data-id=\"bfdceea\" data-element_type=\"column\">\n\t\t\t<div class=\"elementor-widget-wrap elementor-element-populated\">\n\t\t\t\t\t\t<div class=\"elementor-element elementor-element-5cc9d391 elementor-widget elementor-widget-heading\" data-id=\"5cc9d391\" data-element_type=\"widget\" data-widget_type=\"heading.default\">\n\t\t\t\t<div class=\"elementor-widget-container\">\n\t\t\t<h2 class=\"elementor-heading-title elementor-size-default\">Associados da APRH<\/h2>\t\t<\/div>\n\t\t\t\t<\/div>\n\t\t\t\t\t<\/div>\n\t\t<\/div>\n\t\t\t\t<div class=\"elementor-column elementor-col-50 elementor-top-column elementor-element elementor-element-69bfa95\" data-id=\"69bfa95\" data-element_type=\"column\">\n\t\t\t<div class=\"elementor-widget-wrap elementor-element-populated\">\n\t\t\t\t\t\t<div class=\"elementor-element elementor-element-2af4a9e elementor-widget elementor-widget-image\" data-id=\"2af4a9e\" data-element_type=\"widget\" data-widget_type=\"image.default\">\n\t\t\t\t<div class=\"elementor-widget-container\">\n\t\t\t\t\t\t\t\t\t\t\t\t\t<img fetchpriority=\"high\" decoding=\"async\" width=\"240\" height=\"300\" src=\"https:\/\/aprh.pt\/wp-content\/uploads\/2023\/01\/Tiago-a-Sorrir-Tiago-Ferradosa-240x300.jpg\" class=\"attachment-medium size-medium wp-image-62371\" alt=\"\" srcset=\"https:\/\/aprh.pt\/wp-content\/uploads\/2023\/01\/Tiago-a-Sorrir-Tiago-Ferradosa-240x300.jpg 240w, https:\/\/aprh.pt\/wp-content\/uploads\/2023\/01\/Tiago-a-Sorrir-Tiago-Ferradosa.jpg 480w\" sizes=\"(max-width: 240px) 100vw, 240px\" \/>\t\t\t\t\t\t\t\t\t\t\t\t\t<\/div>\n\t\t\t\t<\/div>\n\t\t\t\t<div class=\"elementor-element elementor-element-595b14d5 elementor-widget elementor-widget-heading\" data-id=\"595b14d5\" data-element_type=\"widget\" data-widget_type=\"heading.default\">\n\t\t\t\t<div class=\"elementor-widget-container\">\n\t\t\t<h2 class=\"elementor-heading-title elementor-size-default\">Tiago Fazeres Ferradosa<\/h2>\t\t<\/div>\n\t\t\t\t<\/div>\n\t\t\t\t<div class=\"elementor-element elementor-element-624d579e remover_marcadores elementor-widget elementor-widget-text-editor\" data-id=\"624d579e\" data-element_type=\"widget\" data-widget_type=\"text-editor.default\">\n\t\t\t\t<div class=\"elementor-widget-container\">\n\t\t\t\t\t\t\t<ul><li>Associado 1819<\/li><li>Email: <a href=\"mailto:tferradosa@fe.up.pt\"><span data-sheets-value=\"{&quot;1&quot;:2,&quot;2&quot;:&quot;tferradosa@fe.up.pt&quot;}\" data-sheets-userformat=\"{&quot;2&quot;:513,&quot;3&quot;:{&quot;1&quot;:0},&quot;12&quot;:0}\">tferradosa@fe.up.pt<\/span><\/a><\/li><li>Data de nascimento: 1989\/07\/18<\/li><li>Nacionalidade: Portuguesa<\/li><li>P\u00e1gina pessoal: <a href=\"https:\/\/sigarra.up.pt\/feup\/pt\/func_geral.formview?p_codigo=533983\" target=\"_blank\" rel=\"noopener\">https:\/\/sigarra.up.pt\/feup\/pt\/func_geral.formview?p_codigo=533983<\/a><\/li><\/ul>\t\t\t\t\t\t<\/div>\n\t\t\t\t<\/div>\n\t\t\t\t<div class=\"elementor-element elementor-element-78d0cd67 elementor-widget elementor-widget-heading\" data-id=\"78d0cd67\" data-element_type=\"widget\" data-widget_type=\"heading.default\">\n\t\t\t\t<div class=\"elementor-widget-container\">\n\t\t\t<h2 class=\"elementor-heading-title elementor-size-default\">Forma\u00e7\u00e3o<\/h2>\t\t<\/div>\n\t\t\t\t<\/div>\n\t\t\t\t<div class=\"elementor-element elementor-element-2de66ce5 remover_marcadores elementor-widget elementor-widget-text-editor\" data-id=\"2de66ce5\" data-element_type=\"widget\" data-widget_type=\"text-editor.default\">\n\t\t\t\t<div class=\"elementor-widget-container\">\n\t\t\t\t\t\t\t<ul><li>Curso: Engenharia Civil<\/li><li>Estabelecimento de ensino: <span data-sheets-value=\"{&quot;1&quot;:2,&quot;2&quot;:&quot;FEUP&quot;}\" data-sheets-userformat=\"{&quot;2&quot;:513,&quot;3&quot;:{&quot;1&quot;:0},&quot;12&quot;:0}\">FEUP<\/span><\/li><li>Ano de conclus\u00e3o: 2018\/09\/10<\/li><li>Graus acad\u00e9micos: Doutoramento<\/li><li>Especializa\u00e7\u00f5es: <span data-sheets-value=\"{&quot;1&quot;:2,&quot;2&quot;:&quot;Engenharia Offshore, Hidr\u00e1ulica Mar\u00edtima, \u00c1gua e Energia, Modela\u00e7\u00e3o de extremos&quot;}\" data-sheets-userformat=\"{&quot;2&quot;:513,&quot;3&quot;:{&quot;1&quot;:0},&quot;12&quot;:0}\">Engenharia Offshore, Hidr\u00e1ulica Mar\u00edtima, \u00c1gua e Energia, Modela\u00e7\u00e3o de extremos<\/span><\/li><\/ul>\t\t\t\t\t\t<\/div>\n\t\t\t\t<\/div>\n\t\t\t\t<div class=\"elementor-element elementor-element-2ad69613 elementor-widget elementor-widget-heading\" data-id=\"2ad69613\" data-element_type=\"widget\" data-widget_type=\"heading.default\">\n\t\t\t\t<div class=\"elementor-widget-container\">\n\t\t\t<h2 class=\"elementor-heading-title elementor-size-default\">Actividade profissional atual<\/h2>\t\t<\/div>\n\t\t\t\t<\/div>\n\t\t\t\t<div class=\"elementor-element elementor-element-697e9ce1 remover_marcadores elementor-widget elementor-widget-text-editor\" data-id=\"697e9ce1\" data-element_type=\"widget\" data-widget_type=\"text-editor.default\">\n\t\t\t\t<div class=\"elementor-widget-container\">\n\t\t\t\t\t\t\t<ul><li>Entidade: FEUP<\/li><li>Fun\u00e7\u00f5es: <span data-sheets-value=\"{&quot;1&quot;:2,&quot;2&quot;:&quot;Professor&quot;}\" data-sheets-userformat=\"{&quot;2&quot;:513,&quot;3&quot;:{&quot;1&quot;:0},&quot;12&quot;:0}\">Professor<\/span><\/li><\/ul>\t\t\t\t\t\t<\/div>\n\t\t\t\t<\/div>\n\t\t\t\t<div class=\"elementor-element elementor-element-77419c4 elementor-widget elementor-widget-heading\" data-id=\"77419c4\" data-element_type=\"widget\" data-widget_type=\"heading.default\">\n\t\t\t\t<div class=\"elementor-widget-container\">\n\t\t\t<h2 class=\"elementor-heading-title elementor-size-default\">\u00c1reas de interesse preferencial no dom\u00ednio dos recursos h\u00eddricos\n<\/h2>\t\t<\/div>\n\t\t\t\t<\/div>\n\t\t\t\t<div class=\"elementor-element elementor-element-7839592 remover_marcadores elementor-widget elementor-widget-text-editor\" data-id=\"7839592\" data-element_type=\"widget\" data-widget_type=\"text-editor.default\">\n\t\t\t\t<div class=\"elementor-widget-container\">\n\t\t\t\t\t\t\t<p><span data-sheets-value=\"{&quot;1&quot;:2,&quot;2&quot;:&quot;An\u00e1lise de Risco de Recursos H\u00eddricos, Engenharia Offshore e Hidr\u00e1ulica Mar\u00edtima, \u00c1gua e Energia&quot;}\" data-sheets-userformat=\"{&quot;2&quot;:769,&quot;3&quot;:{&quot;1&quot;:0},&quot;11&quot;:4,&quot;12&quot;:0}\">An\u00e1lise de Risco de Recursos H\u00eddricos, Engenharia Offshore e Hidr\u00e1ulica Mar\u00edtima, \u00c1gua e Energia<\/span><\/p>\t\t\t\t\t\t<\/div>\n\t\t\t\t<\/div>\n\t\t\t\t<div class=\"elementor-element elementor-element-4e55fa2 elementor-widget elementor-widget-heading\" data-id=\"4e55fa2\" data-element_type=\"widget\" data-widget_type=\"heading.default\">\n\t\t\t\t<div class=\"elementor-widget-container\">\n\t\t\t<h2 class=\"elementor-heading-title elementor-size-default\">Principais associa\u00e7\u00f5es profissionais a que pertence\n<\/h2>\t\t<\/div>\n\t\t\t\t<\/div>\n\t\t\t\t<div class=\"elementor-element elementor-element-ed63924 remover_marcadores elementor-widget elementor-widget-text-editor\" data-id=\"ed63924\" data-element_type=\"widget\" data-widget_type=\"text-editor.default\">\n\t\t\t\t<div class=\"elementor-widget-container\">\n\t\t\t\t\t\t\t<p><span data-sheets-value=\"{&quot;1&quot;:2,&quot;2&quot;:&quot;APRH, ISSMGE, ICE, IAHR&quot;}\" data-sheets-userformat=\"{&quot;2&quot;:769,&quot;3&quot;:{&quot;1&quot;:0},&quot;11&quot;:4,&quot;12&quot;:0}\">APRH, ISSMGE, ICE, IAHR<\/span><\/p>\t\t\t\t\t\t<\/div>\n\t\t\t\t<\/div>\n\t\t\t\t\t<\/div>\n\t\t<\/div>\n\t\t\t\t<div class=\"elementor-column elementor-col-25 elementor-top-column elementor-element elementor-element-4333b4d5 elementor-hidden-tablet elementor-hidden-mobile\" data-id=\"4333b4d5\" data-element_type=\"column\">\n\t\t\t<div class=\"elementor-widget-wrap\">\n\t\t\t\t\t\t\t<\/div>\n\t\t<\/div>\n\t\t\t\t\t<\/div>\n\t\t<\/section>\n\t\t\t\t<section class=\"elementor-section elementor-top-section elementor-element elementor-element-1b73f4cf elementor-section-boxed elementor-section-height-default elementor-section-height-default\" data-id=\"1b73f4cf\" data-element_type=\"section\">\n\t\t\t\t\t\t<div class=\"elementor-container elementor-column-gap-no\">\n\t\t\t\t\t<div class=\"elementor-column elementor-col-100 elementor-top-column elementor-element elementor-element-6701772e\" data-id=\"6701772e\" data-element_type=\"column\">\n\t\t\t<div class=\"elementor-widget-wrap elementor-element-populated\">\n\t\t\t\t\t\t<div class=\"elementor-element elementor-element-18269aa2 elementor-widget elementor-widget-global elementor-global-500 elementor-widget-spacer\" data-id=\"18269aa2\" data-element_type=\"widget\" data-widget_type=\"spacer.default\">\n\t\t\t\t<div class=\"elementor-widget-container\">\n\t\t\t\t\t<div class=\"elementor-spacer\">\n\t\t\t<div class=\"elementor-spacer-inner\"><\/div>\n\t\t<\/div>\n\t\t\t\t<\/div>\n\t\t\t\t<\/div>\n\t\t\t\t\t<\/div>\n\t\t<\/div>\n\t\t\t\t\t<\/div>\n\t\t<\/section>\n\t\t\t\t<\/div>\n\t\t","protected":false},"excerpt":{"rendered":"<p>Associados da APRH Tiago Fazeres Ferradosa Associado 1819 Email: tferradosa@fe.up.pt Data de nascimento: 1989\/07\/18 Nacionalidade: Portuguesa P\u00e1gina pessoal: https:\/\/sigarra.up.pt\/feup\/pt\/func_geral.formview?p_codigo=533983 Forma\u00e7\u00e3o Curso: Engenharia Civil Estabelecimento de ensino: FEUP Ano de conclus\u00e3o: 2018\/09\/10 Graus acad\u00e9micos: Doutoramento Especializa\u00e7\u00f5es: Engenharia Offshore, Hidr\u00e1ulica Mar\u00edtima, \u00c1gua e Energia, Modela\u00e7\u00e3o de extremos Actividade profissional atual Entidade: FEUP Fun\u00e7\u00f5es: Professor \u00c1reas de interesse [&hellip;]<\/p>\n","protected":false},"author":1,"featured_media":0,"parent":150,"menu_order":0,"comment_status":"closed","ping_status":"closed","template":"","meta":{"footnotes":""},"class_list":["post-2535","page","type-page","status-publish","hentry"],"yoast_head":"<!-- This site is optimized with the Yoast SEO plugin v23.8 - https:\/\/yoast.com\/wordpress\/plugins\/seo\/ -->\n<title>Tiago Jo\u00e3o Fazeres Marques Ferradosa - APRH<\/title>\n<meta name=\"robots\" content=\"index, follow, max-snippet:-1, max-image-preview:large, max-video-preview:-1\" \/>\n<link rel=\"canonical\" href=\"https:\/\/aprh.pt\/pt\/socios\/perfis\/tiago-joao-fazeres-marques-ferradosa\/\" \/>\n<meta property=\"og:locale\" content=\"pt_PT\" \/>\n<meta property=\"og:type\" content=\"article\" \/>\n<meta property=\"og:title\" content=\"Tiago Jo\u00e3o Fazeres Marques Ferradosa - APRH\" \/>\n<meta property=\"og:description\" content=\"Associados da APRH Tiago Fazeres Ferradosa Associado 1819 Email: tferradosa@fe.up.pt Data de nascimento: 1989\/07\/18 Nacionalidade: Portuguesa P\u00e1gina pessoal: https:\/\/sigarra.up.pt\/feup\/pt\/func_geral.formview?p_codigo=533983 Forma\u00e7\u00e3o Curso: Engenharia Civil Estabelecimento de ensino: FEUP Ano de conclus\u00e3o: 2018\/09\/10 Graus acad\u00e9micos: Doutoramento Especializa\u00e7\u00f5es: Engenharia Offshore, Hidr\u00e1ulica Mar\u00edtima, \u00c1gua e Energia, Modela\u00e7\u00e3o de extremos Actividade profissional atual Entidade: FEUP Fun\u00e7\u00f5es: Professor \u00c1reas de interesse [&hellip;]\" \/>\n<meta property=\"og:url\" content=\"https:\/\/aprh.pt\/pt\/socios\/perfis\/tiago-joao-fazeres-marques-ferradosa\/\" \/>\n<meta property=\"og:site_name\" content=\"APRH\" \/>\n<meta property=\"article:modified_time\" content=\"2023-01-11T16:52:21+00:00\" \/>\n<meta property=\"og:image\" content=\"https:\/\/www.aprh.pt\/wp-content\/uploads\/2023\/01\/Tiago-a-Sorrir-Tiago-Ferradosa-240x300.jpg\" \/>\n<meta name=\"twitter:card\" content=\"summary_large_image\" \/>\n<meta name=\"twitter:label1\" content=\"Tempo estimado de leitura\" \/>\n\t<meta name=\"twitter:data1\" content=\"1 minuto\" \/>\n<script type=\"application\/ld+json\" class=\"yoast-schema-graph\">{\"@context\":\"https:\/\/schema.org\",\"@graph\":[{\"@type\":\"WebPage\",\"@id\":\"https:\/\/aprh.pt\/pt\/socios\/perfis\/tiago-joao-fazeres-marques-ferradosa\/\",\"url\":\"https:\/\/aprh.pt\/pt\/socios\/perfis\/tiago-joao-fazeres-marques-ferradosa\/\",\"name\":\"Tiago Jo\u00e3o Fazeres Marques Ferradosa - APRH\",\"isPartOf\":{\"@id\":\"https:\/\/aprh.pt\/pt\/#website\"},\"primaryImageOfPage\":{\"@id\":\"https:\/\/aprh.pt\/pt\/socios\/perfis\/tiago-joao-fazeres-marques-ferradosa\/#primaryimage\"},\"image\":{\"@id\":\"https:\/\/aprh.pt\/pt\/socios\/perfis\/tiago-joao-fazeres-marques-ferradosa\/#primaryimage\"},\"thumbnailUrl\":\"https:\/\/www.aprh.pt\/wp-content\/uploads\/2023\/01\/Tiago-a-Sorrir-Tiago-Ferradosa-240x300.jpg\",\"datePublished\":\"2022-05-10T13:44:17+00:00\",\"dateModified\":\"2023-01-11T16:52:21+00:00\",\"breadcrumb\":{\"@id\":\"https:\/\/aprh.pt\/pt\/socios\/perfis\/tiago-joao-fazeres-marques-ferradosa\/#breadcrumb\"},\"inLanguage\":\"pt-PT\",\"potentialAction\":[{\"@type\":\"ReadAction\",\"target\":[\"https:\/\/aprh.pt\/pt\/socios\/perfis\/tiago-joao-fazeres-marques-ferradosa\/\"]}]},{\"@type\":\"ImageObject\",\"inLanguage\":\"pt-PT\",\"@id\":\"https:\/\/aprh.pt\/pt\/socios\/perfis\/tiago-joao-fazeres-marques-ferradosa\/#primaryimage\",\"url\":\"https:\/\/www.aprh.pt\/wp-content\/uploads\/2023\/01\/Tiago-a-Sorrir-Tiago-Ferradosa-240x300.jpg\",\"contentUrl\":\"https:\/\/www.aprh.pt\/wp-content\/uploads\/2023\/01\/Tiago-a-Sorrir-Tiago-Ferradosa-240x300.jpg\"},{\"@type\":\"BreadcrumbList\",\"@id\":\"https:\/\/aprh.pt\/pt\/socios\/perfis\/tiago-joao-fazeres-marques-ferradosa\/#breadcrumb\",\"itemListElement\":[{\"@type\":\"ListItem\",\"position\":1,\"name\":\"Home\",\"item\":\"https:\/\/aprh.pt\/pt\/\"},{\"@type\":\"ListItem\",\"position\":2,\"name\":\"Associados\",\"item\":\"https:\/\/aprh.pt\/pt\/socios\/\"},{\"@type\":\"ListItem\",\"position\":3,\"name\":\"Perfis\",\"item\":\"https:\/\/aprh.pt\/pt\/socios\/perfis\/\"},{\"@type\":\"ListItem\",\"position\":4,\"name\":\"Tiago Jo\u00e3o Fazeres Marques Ferradosa\"}]},{\"@type\":\"WebSite\",\"@id\":\"https:\/\/aprh.pt\/pt\/#website\",\"url\":\"https:\/\/aprh.pt\/pt\/\",\"name\":\"APRH\",\"description\":\"Associa\u00e7\u00e3o Portuguesa dos Recursos H\u00eddricos\",\"publisher\":{\"@id\":\"https:\/\/aprh.pt\/pt\/#organization\"},\"potentialAction\":[{\"@type\":\"SearchAction\",\"target\":{\"@type\":\"EntryPoint\",\"urlTemplate\":\"https:\/\/aprh.pt\/pt\/?s={search_term_string}\"},\"query-input\":{\"@type\":\"PropertyValueSpecification\",\"valueRequired\":true,\"valueName\":\"search_term_string\"}}],\"inLanguage\":\"pt-PT\"},{\"@type\":\"Organization\",\"@id\":\"https:\/\/aprh.pt\/pt\/#organization\",\"name\":\"APRH\",\"url\":\"https:\/\/aprh.pt\/pt\/\",\"logo\":{\"@type\":\"ImageObject\",\"inLanguage\":\"pt-PT\",\"@id\":\"https:\/\/aprh.pt\/pt\/#\/schema\/logo\/image\/\",\"url\":\"https:\/\/aprh.pt\/wp-content\/uploads\/2022\/04\/logotipo.png\",\"contentUrl\":\"https:\/\/aprh.pt\/wp-content\/uploads\/2022\/04\/logotipo.png\",\"width\":181,\"height\":80,\"caption\":\"APRH\"},\"image\":{\"@id\":\"https:\/\/aprh.pt\/pt\/#\/schema\/logo\/image\/\"}}]}<\/script>\n<!-- \/ Yoast SEO plugin. -->","yoast_head_json":{"title":"Tiago Jo\u00e3o Fazeres Marques Ferradosa - APRH","robots":{"index":"index","follow":"follow","max-snippet":"max-snippet:-1","max-image-preview":"max-image-preview:large","max-video-preview":"max-video-preview:-1"},"canonical":"https:\/\/aprh.pt\/pt\/socios\/perfis\/tiago-joao-fazeres-marques-ferradosa\/","og_locale":"pt_PT","og_type":"article","og_title":"Tiago Jo\u00e3o Fazeres Marques Ferradosa - APRH","og_description":"Associados da APRH Tiago Fazeres Ferradosa Associado 1819 Email: tferradosa@fe.up.pt Data de nascimento: 1989\/07\/18 Nacionalidade: Portuguesa P\u00e1gina pessoal: https:\/\/sigarra.up.pt\/feup\/pt\/func_geral.formview?p_codigo=533983 Forma\u00e7\u00e3o Curso: Engenharia Civil Estabelecimento de ensino: FEUP Ano de conclus\u00e3o: 2018\/09\/10 Graus acad\u00e9micos: Doutoramento Especializa\u00e7\u00f5es: Engenharia Offshore, Hidr\u00e1ulica Mar\u00edtima, \u00c1gua e Energia, Modela\u00e7\u00e3o de extremos Actividade profissional atual Entidade: FEUP Fun\u00e7\u00f5es: Professor \u00c1reas de interesse [&hellip;]","og_url":"https:\/\/aprh.pt\/pt\/socios\/perfis\/tiago-joao-fazeres-marques-ferradosa\/","og_site_name":"APRH","article_modified_time":"2023-01-11T16:52:21+00:00","og_image":[{"url":"https:\/\/www.aprh.pt\/wp-content\/uploads\/2023\/01\/Tiago-a-Sorrir-Tiago-Ferradosa-240x300.jpg"}],"twitter_card":"summary_large_image","twitter_misc":{"Tempo estimado de leitura":"1 minuto"},"schema":{"@context":"https:\/\/schema.org","@graph":[{"@type":"WebPage","@id":"https:\/\/aprh.pt\/pt\/socios\/perfis\/tiago-joao-fazeres-marques-ferradosa\/","url":"https:\/\/aprh.pt\/pt\/socios\/perfis\/tiago-joao-fazeres-marques-ferradosa\/","name":"Tiago Jo\u00e3o Fazeres Marques Ferradosa - APRH","isPartOf":{"@id":"https:\/\/aprh.pt\/pt\/#website"},"primaryImageOfPage":{"@id":"https:\/\/aprh.pt\/pt\/socios\/perfis\/tiago-joao-fazeres-marques-ferradosa\/#primaryimage"},"image":{"@id":"https:\/\/aprh.pt\/pt\/socios\/perfis\/tiago-joao-fazeres-marques-ferradosa\/#primaryimage"},"thumbnailUrl":"https:\/\/www.aprh.pt\/wp-content\/uploads\/2023\/01\/Tiago-a-Sorrir-Tiago-Ferradosa-240x300.jpg","datePublished":"2022-05-10T13:44:17+00:00","dateModified":"2023-01-11T16:52:21+00:00","breadcrumb":{"@id":"https:\/\/aprh.pt\/pt\/socios\/perfis\/tiago-joao-fazeres-marques-ferradosa\/#breadcrumb"},"inLanguage":"pt-PT","potentialAction":[{"@type":"ReadAction","target":["https:\/\/aprh.pt\/pt\/socios\/perfis\/tiago-joao-fazeres-marques-ferradosa\/"]}]},{"@type":"ImageObject","inLanguage":"pt-PT","@id":"https:\/\/aprh.pt\/pt\/socios\/perfis\/tiago-joao-fazeres-marques-ferradosa\/#primaryimage","url":"https:\/\/www.aprh.pt\/wp-content\/uploads\/2023\/01\/Tiago-a-Sorrir-Tiago-Ferradosa-240x300.jpg","contentUrl":"https:\/\/www.aprh.pt\/wp-content\/uploads\/2023\/01\/Tiago-a-Sorrir-Tiago-Ferradosa-240x300.jpg"},{"@type":"BreadcrumbList","@id":"https:\/\/aprh.pt\/pt\/socios\/perfis\/tiago-joao-fazeres-marques-ferradosa\/#breadcrumb","itemListElement":[{"@type":"ListItem","position":1,"name":"Home","item":"https:\/\/aprh.pt\/pt\/"},{"@type":"ListItem","position":2,"name":"Associados","item":"https:\/\/aprh.pt\/pt\/socios\/"},{"@type":"ListItem","position":3,"name":"Perfis","item":"https:\/\/aprh.pt\/pt\/socios\/perfis\/"},{"@type":"ListItem","position":4,"name":"Tiago Jo\u00e3o Fazeres Marques Ferradosa"}]},{"@type":"WebSite","@id":"https:\/\/aprh.pt\/pt\/#website","url":"https:\/\/aprh.pt\/pt\/","name":"APRH","description":"Associa\u00e7\u00e3o Portuguesa dos Recursos H\u00eddricos","publisher":{"@id":"https:\/\/aprh.pt\/pt\/#organization"},"potentialAction":[{"@type":"SearchAction","target":{"@type":"EntryPoint","urlTemplate":"https:\/\/aprh.pt\/pt\/?s={search_term_string}"},"query-input":{"@type":"PropertyValueSpecification","valueRequired":true,"valueName":"search_term_string"}}],"inLanguage":"pt-PT"},{"@type":"Organization","@id":"https:\/\/aprh.pt\/pt\/#organization","name":"APRH","url":"https:\/\/aprh.pt\/pt\/","logo":{"@type":"ImageObject","inLanguage":"pt-PT","@id":"https:\/\/aprh.pt\/pt\/#\/schema\/logo\/image\/","url":"https:\/\/aprh.pt\/wp-content\/uploads\/2022\/04\/logotipo.png","contentUrl":"https:\/\/aprh.pt\/wp-content\/uploads\/2022\/04\/logotipo.png","width":181,"height":80,"caption":"APRH"},"image":{"@id":"https:\/\/aprh.pt\/pt\/#\/schema\/logo\/image\/"}}]}},"_links":{"self":[{"href":"https:\/\/aprh.pt\/pt\/wp-json\/wp\/v2\/pages\/2535","targetHints":{"allow":["GET"]}}],"collection":[{"href":"https:\/\/aprh.pt\/pt\/wp-json\/wp\/v2\/pages"}],"about":[{"href":"https:\/\/aprh.pt\/pt\/wp-json\/wp\/v2\/types\/page"}],"author":[{"embeddable":true,"href":"https:\/\/aprh.pt\/pt\/wp-json\/wp\/v2\/users\/1"}],"replies":[{"embeddable":true,"href":"https:\/\/aprh.pt\/pt\/wp-json\/wp\/v2\/comments?post=2535"}],"version-history":[{"count":13,"href":"https:\/\/aprh.pt\/pt\/wp-json\/wp\/v2\/pages\/2535\/revisions"}],"predecessor-version":[{"id":62378,"href":"https:\/\/aprh.pt\/pt\/wp-json\/wp\/v2\/pages\/2535\/revisions\/62378"}],"up":[{"embeddable":true,"href":"https:\/\/aprh.pt\/pt\/wp-json\/wp\/v2\/pages\/150"}],"wp:attachment":[{"href":"https:\/\/aprh.pt\/pt\/wp-json\/wp\/v2\/media?parent=2535"}],"curies":[{"name":"wp","href":"https:\/\/api.w.org\/{rel}","templated":true}]}}