{"id":2546,"date":"2022-05-10T13:50:19","date_gmt":"2022-05-10T13:50:19","guid":{"rendered":"https:\/\/aprh.zalox.pt\/?page_id=2546"},"modified":"2026-04-08T13:54:31","modified_gmt":"2026-04-08T13:54:31","slug":"ana-margarida-bento","status":"publish","type":"page","link":"https:\/\/aprh.pt\/pt\/socios\/perfis\/ana-margarida-bento\/","title":{"rendered":"Ana Margarida Bento"},"content":{"rendered":"\t\t<div data-elementor-type=\"wp-page\" data-elementor-id=\"2546\" class=\"elementor elementor-2546\" data-elementor-post-type=\"page\">\n\t\t\t\t\t\t<section class=\"elementor-section elementor-top-section elementor-element elementor-element-59e2fa23 elementor-section-boxed elementor-section-height-default elementor-section-height-default\" data-id=\"59e2fa23\" data-element_type=\"section\">\n\t\t\t\t\t\t<div class=\"elementor-container elementor-column-gap-no\">\n\t\t\t\t\t<div class=\"elementor-column elementor-col-100 elementor-top-column elementor-element elementor-element-1424010e\" data-id=\"1424010e\" data-element_type=\"column\">\n\t\t\t<div class=\"elementor-widget-wrap elementor-element-populated\">\n\t\t\t\t\t\t<div class=\"elementor-element elementor-element-2c62a0c9 elementor-widget elementor-widget-global elementor-global-475 elementor-widget-spacer\" data-id=\"2c62a0c9\" data-element_type=\"widget\" data-widget_type=\"spacer.default\">\n\t\t\t\t<div class=\"elementor-widget-container\">\n\t\t\t\t\t<div class=\"elementor-spacer\">\n\t\t\t<div class=\"elementor-spacer-inner\"><\/div>\n\t\t<\/div>\n\t\t\t\t<\/div>\n\t\t\t\t<\/div>\n\t\t\t\t\t<\/div>\n\t\t<\/div>\n\t\t\t\t\t<\/div>\n\t\t<\/section>\n\t\t\t\t<section class=\"elementor-section elementor-top-section elementor-element elementor-element-7efe9088 elementor-section-boxed elementor-section-height-default elementor-section-height-default\" data-id=\"7efe9088\" data-element_type=\"section\">\n\t\t\t\t\t\t<div class=\"elementor-container elementor-column-gap-no\">\n\t\t\t\t\t<div class=\"elementor-column elementor-col-25 elementor-top-column elementor-element elementor-element-10c71fa6\" data-id=\"10c71fa6\" data-element_type=\"column\">\n\t\t\t<div class=\"elementor-widget-wrap elementor-element-populated\">\n\t\t\t\t\t\t<div class=\"elementor-element elementor-element-2c181b89 elementor-widget elementor-widget-heading\" data-id=\"2c181b89\" data-element_type=\"widget\" data-widget_type=\"heading.default\">\n\t\t\t\t<div class=\"elementor-widget-container\">\n\t\t\t<h2 class=\"elementor-heading-title elementor-size-default\">Associados da APRH<\/h2>\t\t<\/div>\n\t\t\t\t<\/div>\n\t\t\t\t\t<\/div>\n\t\t<\/div>\n\t\t\t\t<div class=\"elementor-column elementor-col-50 elementor-top-column elementor-element elementor-element-7d61faae\" data-id=\"7d61faae\" data-element_type=\"column\">\n\t\t\t<div class=\"elementor-widget-wrap elementor-element-populated\">\n\t\t\t\t\t\t<div class=\"elementor-element elementor-element-33354725 elementor-widget elementor-widget-image\" data-id=\"33354725\" data-element_type=\"widget\" data-widget_type=\"image.default\">\n\t\t\t\t<div class=\"elementor-widget-container\">\n\t\t\t\t\t\t\t\t\t\t\t\t\t<img decoding=\"async\" width=\"200\" height=\"200\" src=\"https:\/\/aprh.pt\/wp-content\/uploads\/2022\/05\/ana-bento.jpeg\" class=\"attachment-medium size-medium wp-image-2549\" alt=\"Ana Margarida Bento\" srcset=\"https:\/\/aprh.pt\/wp-content\/uploads\/2022\/05\/ana-bento.jpeg 200w, https:\/\/aprh.pt\/wp-content\/uploads\/2022\/05\/ana-bento-150x150.jpeg 150w\" sizes=\"(max-width: 200px) 100vw, 200px\" \/>\t\t\t\t\t\t\t\t\t\t\t\t\t<\/div>\n\t\t\t\t<\/div>\n\t\t\t\t<div class=\"elementor-element elementor-element-160f463f elementor-widget elementor-widget-heading\" data-id=\"160f463f\" data-element_type=\"widget\" data-widget_type=\"heading.default\">\n\t\t\t\t<div class=\"elementor-widget-container\">\n\t\t\t<h2 class=\"elementor-heading-title elementor-size-default\">Ana Margarida Bento<\/h2>\t\t<\/div>\n\t\t\t\t<\/div>\n\t\t\t\t<div class=\"elementor-element elementor-element-6b2875b9 remover_marcadores elementor-widget elementor-widget-text-editor\" data-id=\"6b2875b9\" data-element_type=\"widget\" data-widget_type=\"text-editor.default\">\n\t\t\t\t<div class=\"elementor-widget-container\">\n\t\t\t\t\t\t\t<ul><li>Associado 1827<\/li><li>Email: <a href=\"mailto:ana.mbento@outlook.com\">ana.mbento@outlook.com<\/a><\/li><li>Data de nascimento: 1989\/10\/11<\/li><li>Nacionalidade: Portuguesa<\/li><li>P\u00e1gina pessoal: <a href=\"https:\/\/www.linkedin.com\/in\/anamargaridabento\" target=\"_blank\" rel=\"noopener\">https:\/\/www.linkedin.com\/in\/anamargaridabento<\/a><\/li><\/ul>\t\t\t\t\t\t<\/div>\n\t\t\t\t<\/div>\n\t\t\t\t<div class=\"elementor-element elementor-element-39285f09 elementor-widget elementor-widget-heading\" data-id=\"39285f09\" data-element_type=\"widget\" data-widget_type=\"heading.default\">\n\t\t\t\t<div class=\"elementor-widget-container\">\n\t\t\t<h2 class=\"elementor-heading-title elementor-size-default\">Forma\u00e7\u00e3o<\/h2>\t\t<\/div>\n\t\t\t\t<\/div>\n\t\t\t\t<div class=\"elementor-element elementor-element-796563a5 remover_marcadores elementor-widget elementor-widget-text-editor\" data-id=\"796563a5\" data-element_type=\"widget\" data-widget_type=\"text-editor.default\">\n\t\t\t\t<div class=\"elementor-widget-container\">\n\t\t\t\t\t\t\t<ul><li>Curso: Engenharia Civil<\/li><li>Estabelecimento de ensino: Instituto Superior T\u00e9cnico<\/li><li>Ano de conclus\u00e3o: 2021\/01\/29<\/li><li>Graus acad\u00e9micos: Doutoramento em Engenharia Civil<\/li><li>Especializa\u00e7\u00f5es: Hidr\u00e1ulica e Recursos H\u00eddricos<\/li><\/ul>\t\t\t\t\t\t<\/div>\n\t\t\t\t<\/div>\n\t\t\t\t<div class=\"elementor-element elementor-element-5cce0067 elementor-widget elementor-widget-heading\" data-id=\"5cce0067\" data-element_type=\"widget\" data-widget_type=\"heading.default\">\n\t\t\t\t<div class=\"elementor-widget-container\">\n\t\t\t<h2 class=\"elementor-heading-title elementor-size-default\">Actividade profissional atual<\/h2>\t\t<\/div>\n\t\t\t\t<\/div>\n\t\t\t\t<div class=\"elementor-element elementor-element-37b1dcbe remover_marcadores elementor-widget elementor-widget-text-editor\" data-id=\"37b1dcbe\" data-element_type=\"widget\" data-widget_type=\"text-editor.default\">\n\t\t\t\t<div class=\"elementor-widget-container\">\n\t\t\t\t\t\t\t<ul><li>Centro Interdisciplinar de Investiga\u00e7\u00e3o Marinha e Ambiental (CIIMAR) &amp; Faculdade de Engenharia da Universidade do Porto (FEUP)<\/li><li>Fun\u00e7\u00f5es: Investigadora P\u00f3s-doutoral<\/li><li>Instituto para a Sustentabilidade e Inova\u00e7\u00e3o em Estruturas de Engenharia (ISISE)<\/li><li>Fun\u00e7\u00f5es: Bolseira P\u00f3s-doutoral\u00a0<\/li><li>Laborat\u00f3rio Nacional de Engenharia Civil (LNEC)<\/li><li>Fun\u00e7\u00f5es: Estudante de Doutoramento<\/li><\/ul>\t\t\t\t\t\t<\/div>\n\t\t\t\t<\/div>\n\t\t\t\t<div class=\"elementor-element elementor-element-8c30ff4 elementor-widget elementor-widget-heading\" data-id=\"8c30ff4\" data-element_type=\"widget\" data-widget_type=\"heading.default\">\n\t\t\t\t<div class=\"elementor-widget-container\">\n\t\t\t<h2 class=\"elementor-heading-title elementor-size-default\">\u00c1reas de interesse preferencial no dom\u00ednio dos recursos h\u00eddricos\n<\/h2>\t\t<\/div>\n\t\t\t\t<\/div>\n\t\t\t\t<div class=\"elementor-element elementor-element-6f6f80d4 remover_marcadores elementor-widget elementor-widget-text-editor\" data-id=\"6f6f80d4\" data-element_type=\"widget\" data-widget_type=\"text-editor.default\">\n\t\t\t\t<div class=\"elementor-widget-container\">\n\t\t\t\t\t\t\t<ul><li>Hidr\u00e1ulica fluvial e mar\u00edtima<\/li><\/ul>\t\t\t\t\t\t<\/div>\n\t\t\t\t<\/div>\n\t\t\t\t<div class=\"elementor-element elementor-element-a18237a elementor-widget elementor-widget-heading\" data-id=\"a18237a\" data-element_type=\"widget\" data-widget_type=\"heading.default\">\n\t\t\t\t<div class=\"elementor-widget-container\">\n\t\t\t<h2 class=\"elementor-heading-title elementor-size-default\">Principais associa\u00e7\u00f5es profissionais a que pertence\n<\/h2>\t\t<\/div>\n\t\t\t\t<\/div>\n\t\t\t\t<div class=\"elementor-element elementor-element-536b82e remover_marcadores elementor-widget elementor-widget-text-editor\" data-id=\"536b82e\" data-element_type=\"widget\" data-widget_type=\"text-editor.default\">\n\t\t\t\t<div class=\"elementor-widget-container\">\n\t\t\t\t\t\t\t<ul><li>FOAM@PT;<\/li><li>Ordem dos Engenheiros;<\/li><li>International Association for Hydro-Environment Engineering and Research (IAHR PT YPN);<\/li><li>Associa\u00e7\u00e3o Portuguesa de Classifica\u00e7\u00e3o e An\u00e1lise de Dados (CLAD);<\/li><li>Comiss\u00e3o Especializada de \u00c1gua e Energia (CEAE), da APRH;<\/li><li>Comiss\u00e3o Especializada de Hidr\u00e1ulica Fluvial (CEHF), da APRH;<\/li><li>International Association for Bridge and Structural Engineering (IABSE)<\/li><\/ul>\t\t\t\t\t\t<\/div>\n\t\t\t\t<\/div>\n\t\t\t\t\t<\/div>\n\t\t<\/div>\n\t\t\t\t<div class=\"elementor-column elementor-col-25 elementor-top-column elementor-element elementor-element-215a4e55 elementor-hidden-tablet elementor-hidden-mobile\" data-id=\"215a4e55\" data-element_type=\"column\">\n\t\t\t<div class=\"elementor-widget-wrap\">\n\t\t\t\t\t\t\t<\/div>\n\t\t<\/div>\n\t\t\t\t\t<\/div>\n\t\t<\/section>\n\t\t\t\t<section class=\"elementor-section elementor-top-section elementor-element elementor-element-299d5984 elementor-section-boxed elementor-section-height-default elementor-section-height-default\" data-id=\"299d5984\" data-element_type=\"section\">\n\t\t\t\t\t\t<div class=\"elementor-container elementor-column-gap-no\">\n\t\t\t\t\t<div class=\"elementor-column elementor-col-100 elementor-top-column elementor-element elementor-element-6af6790b\" data-id=\"6af6790b\" data-element_type=\"column\">\n\t\t\t<div class=\"elementor-widget-wrap elementor-element-populated\">\n\t\t\t\t\t\t<div class=\"elementor-element elementor-element-5ef1528d elementor-widget elementor-widget-global elementor-global-500 elementor-widget-spacer\" data-id=\"5ef1528d\" data-element_type=\"widget\" data-widget_type=\"spacer.default\">\n\t\t\t\t<div class=\"elementor-widget-container\">\n\t\t\t\t\t<div class=\"elementor-spacer\">\n\t\t\t<div class=\"elementor-spacer-inner\"><\/div>\n\t\t<\/div>\n\t\t\t\t<\/div>\n\t\t\t\t<\/div>\n\t\t\t\t\t<\/div>\n\t\t<\/div>\n\t\t\t\t\t<\/div>\n\t\t<\/section>\n\t\t\t\t<\/div>\n\t\t","protected":false},"excerpt":{"rendered":"<p>Associados da APRH Ana Margarida Bento Associado 1827 Email: ana.mbento@outlook.com Data de nascimento: 1989\/10\/11 Nacionalidade: Portuguesa P\u00e1gina pessoal: https:\/\/www.linkedin.com\/in\/anamargaridabento Forma\u00e7\u00e3o Curso: Engenharia Civil Estabelecimento de ensino: Instituto Superior T\u00e9cnico Ano de conclus\u00e3o: 2021\/01\/29 Graus acad\u00e9micos: Doutoramento em Engenharia Civil Especializa\u00e7\u00f5es: Hidr\u00e1ulica e Recursos H\u00eddricos Actividade profissional atual Centro Interdisciplinar de Investiga\u00e7\u00e3o Marinha e Ambiental (CIIMAR) [&hellip;]<\/p>\n","protected":false},"author":1,"featured_media":0,"parent":150,"menu_order":0,"comment_status":"closed","ping_status":"closed","template":"","meta":{"footnotes":""},"class_list":["post-2546","page","type-page","status-publish","hentry"],"yoast_head":"<!-- This site is optimized with the Yoast SEO plugin v23.8 - https:\/\/yoast.com\/wordpress\/plugins\/seo\/ -->\n<title>Ana Margarida Bento - APRH<\/title>\n<meta name=\"robots\" content=\"index, follow, max-snippet:-1, max-image-preview:large, max-video-preview:-1\" \/>\n<link rel=\"canonical\" href=\"https:\/\/aprh.pt\/pt\/socios\/perfis\/ana-margarida-bento\/\" \/>\n<meta property=\"og:locale\" content=\"pt_PT\" \/>\n<meta property=\"og:type\" content=\"article\" \/>\n<meta property=\"og:title\" content=\"Ana Margarida Bento - APRH\" \/>\n<meta property=\"og:description\" content=\"Associados da APRH Ana Margarida Bento Associado 1827 Email: ana.mbento@outlook.com Data de nascimento: 1989\/10\/11 Nacionalidade: Portuguesa P\u00e1gina pessoal: https:\/\/www.linkedin.com\/in\/anamargaridabento Forma\u00e7\u00e3o Curso: Engenharia Civil Estabelecimento de ensino: Instituto Superior T\u00e9cnico Ano de conclus\u00e3o: 2021\/01\/29 Graus acad\u00e9micos: Doutoramento em Engenharia Civil Especializa\u00e7\u00f5es: Hidr\u00e1ulica e Recursos H\u00eddricos Actividade profissional atual Centro Interdisciplinar de Investiga\u00e7\u00e3o Marinha e Ambiental (CIIMAR) [&hellip;]\" \/>\n<meta property=\"og:url\" content=\"https:\/\/aprh.pt\/pt\/socios\/perfis\/ana-margarida-bento\/\" \/>\n<meta property=\"og:site_name\" content=\"APRH\" \/>\n<meta property=\"article:modified_time\" content=\"2026-04-08T13:54:31+00:00\" \/>\n<meta property=\"og:image\" content=\"https:\/\/aprh.pt\/wp-content\/uploads\/2022\/05\/ana-bento.jpeg\" \/>\n\t<meta property=\"og:image:width\" content=\"200\" \/>\n\t<meta property=\"og:image:height\" content=\"200\" \/>\n\t<meta property=\"og:image:type\" content=\"image\/jpeg\" \/>\n<meta name=\"twitter:card\" content=\"summary_large_image\" \/>\n<meta name=\"twitter:label1\" content=\"Tempo estimado de leitura\" \/>\n\t<meta name=\"twitter:data1\" content=\"2 minutos\" \/>\n<script type=\"application\/ld+json\" class=\"yoast-schema-graph\">{\"@context\":\"https:\/\/schema.org\",\"@graph\":[{\"@type\":\"WebPage\",\"@id\":\"https:\/\/aprh.pt\/pt\/socios\/perfis\/ana-margarida-bento\/\",\"url\":\"https:\/\/aprh.pt\/pt\/socios\/perfis\/ana-margarida-bento\/\",\"name\":\"Ana Margarida Bento - APRH\",\"isPartOf\":{\"@id\":\"https:\/\/aprh.pt\/pt\/#website\"},\"primaryImageOfPage\":{\"@id\":\"https:\/\/aprh.pt\/pt\/socios\/perfis\/ana-margarida-bento\/#primaryimage\"},\"image\":{\"@id\":\"https:\/\/aprh.pt\/pt\/socios\/perfis\/ana-margarida-bento\/#primaryimage\"},\"thumbnailUrl\":\"https:\/\/aprh.pt\/wp-content\/uploads\/2022\/05\/ana-bento.jpeg\",\"datePublished\":\"2022-05-10T13:50:19+00:00\",\"dateModified\":\"2026-04-08T13:54:31+00:00\",\"breadcrumb\":{\"@id\":\"https:\/\/aprh.pt\/pt\/socios\/perfis\/ana-margarida-bento\/#breadcrumb\"},\"inLanguage\":\"pt-PT\",\"potentialAction\":[{\"@type\":\"ReadAction\",\"target\":[\"https:\/\/aprh.pt\/pt\/socios\/perfis\/ana-margarida-bento\/\"]}]},{\"@type\":\"ImageObject\",\"inLanguage\":\"pt-PT\",\"@id\":\"https:\/\/aprh.pt\/pt\/socios\/perfis\/ana-margarida-bento\/#primaryimage\",\"url\":\"https:\/\/aprh.pt\/wp-content\/uploads\/2022\/05\/ana-bento.jpeg\",\"contentUrl\":\"https:\/\/aprh.pt\/wp-content\/uploads\/2022\/05\/ana-bento.jpeg\"},{\"@type\":\"BreadcrumbList\",\"@id\":\"https:\/\/aprh.pt\/pt\/socios\/perfis\/ana-margarida-bento\/#breadcrumb\",\"itemListElement\":[{\"@type\":\"ListItem\",\"position\":1,\"name\":\"Home\",\"item\":\"https:\/\/aprh.pt\/pt\/\"},{\"@type\":\"ListItem\",\"position\":2,\"name\":\"Associados\",\"item\":\"https:\/\/aprh.pt\/pt\/socios\/\"},{\"@type\":\"ListItem\",\"position\":3,\"name\":\"Perfis\",\"item\":\"https:\/\/aprh.pt\/pt\/socios\/perfis\/\"},{\"@type\":\"ListItem\",\"position\":4,\"name\":\"Ana Margarida Bento\"}]},{\"@type\":\"WebSite\",\"@id\":\"https:\/\/aprh.pt\/pt\/#website\",\"url\":\"https:\/\/aprh.pt\/pt\/\",\"name\":\"APRH\",\"description\":\"Associa\u00e7\u00e3o Portuguesa dos Recursos H\u00eddricos\",\"publisher\":{\"@id\":\"https:\/\/aprh.pt\/pt\/#organization\"},\"potentialAction\":[{\"@type\":\"SearchAction\",\"target\":{\"@type\":\"EntryPoint\",\"urlTemplate\":\"https:\/\/aprh.pt\/pt\/?s={search_term_string}\"},\"query-input\":{\"@type\":\"PropertyValueSpecification\",\"valueRequired\":true,\"valueName\":\"search_term_string\"}}],\"inLanguage\":\"pt-PT\"},{\"@type\":\"Organization\",\"@id\":\"https:\/\/aprh.pt\/pt\/#organization\",\"name\":\"APRH\",\"url\":\"https:\/\/aprh.pt\/pt\/\",\"logo\":{\"@type\":\"ImageObject\",\"inLanguage\":\"pt-PT\",\"@id\":\"https:\/\/aprh.pt\/pt\/#\/schema\/logo\/image\/\",\"url\":\"https:\/\/aprh.pt\/wp-content\/uploads\/2022\/04\/logotipo.png\",\"contentUrl\":\"https:\/\/aprh.pt\/wp-content\/uploads\/2022\/04\/logotipo.png\",\"width\":181,\"height\":80,\"caption\":\"APRH\"},\"image\":{\"@id\":\"https:\/\/aprh.pt\/pt\/#\/schema\/logo\/image\/\"}}]}<\/script>\n<!-- \/ Yoast SEO plugin. -->","yoast_head_json":{"title":"Ana Margarida Bento - APRH","robots":{"index":"index","follow":"follow","max-snippet":"max-snippet:-1","max-image-preview":"max-image-preview:large","max-video-preview":"max-video-preview:-1"},"canonical":"https:\/\/aprh.pt\/pt\/socios\/perfis\/ana-margarida-bento\/","og_locale":"pt_PT","og_type":"article","og_title":"Ana Margarida Bento - APRH","og_description":"Associados da APRH Ana Margarida Bento Associado 1827 Email: ana.mbento@outlook.com Data de nascimento: 1989\/10\/11 Nacionalidade: Portuguesa P\u00e1gina pessoal: https:\/\/www.linkedin.com\/in\/anamargaridabento Forma\u00e7\u00e3o Curso: Engenharia Civil Estabelecimento de ensino: Instituto Superior T\u00e9cnico Ano de conclus\u00e3o: 2021\/01\/29 Graus acad\u00e9micos: Doutoramento em Engenharia Civil Especializa\u00e7\u00f5es: Hidr\u00e1ulica e Recursos H\u00eddricos Actividade profissional atual Centro Interdisciplinar de Investiga\u00e7\u00e3o Marinha e Ambiental (CIIMAR) [&hellip;]","og_url":"https:\/\/aprh.pt\/pt\/socios\/perfis\/ana-margarida-bento\/","og_site_name":"APRH","article_modified_time":"2026-04-08T13:54:31+00:00","og_image":[{"width":200,"height":200,"url":"https:\/\/aprh.pt\/wp-content\/uploads\/2022\/05\/ana-bento.jpeg","type":"image\/jpeg"}],"twitter_card":"summary_large_image","twitter_misc":{"Tempo estimado de leitura":"2 minutos"},"schema":{"@context":"https:\/\/schema.org","@graph":[{"@type":"WebPage","@id":"https:\/\/aprh.pt\/pt\/socios\/perfis\/ana-margarida-bento\/","url":"https:\/\/aprh.pt\/pt\/socios\/perfis\/ana-margarida-bento\/","name":"Ana Margarida Bento - APRH","isPartOf":{"@id":"https:\/\/aprh.pt\/pt\/#website"},"primaryImageOfPage":{"@id":"https:\/\/aprh.pt\/pt\/socios\/perfis\/ana-margarida-bento\/#primaryimage"},"image":{"@id":"https:\/\/aprh.pt\/pt\/socios\/perfis\/ana-margarida-bento\/#primaryimage"},"thumbnailUrl":"https:\/\/aprh.pt\/wp-content\/uploads\/2022\/05\/ana-bento.jpeg","datePublished":"2022-05-10T13:50:19+00:00","dateModified":"2026-04-08T13:54:31+00:00","breadcrumb":{"@id":"https:\/\/aprh.pt\/pt\/socios\/perfis\/ana-margarida-bento\/#breadcrumb"},"inLanguage":"pt-PT","potentialAction":[{"@type":"ReadAction","target":["https:\/\/aprh.pt\/pt\/socios\/perfis\/ana-margarida-bento\/"]}]},{"@type":"ImageObject","inLanguage":"pt-PT","@id":"https:\/\/aprh.pt\/pt\/socios\/perfis\/ana-margarida-bento\/#primaryimage","url":"https:\/\/aprh.pt\/wp-content\/uploads\/2022\/05\/ana-bento.jpeg","contentUrl":"https:\/\/aprh.pt\/wp-content\/uploads\/2022\/05\/ana-bento.jpeg"},{"@type":"BreadcrumbList","@id":"https:\/\/aprh.pt\/pt\/socios\/perfis\/ana-margarida-bento\/#breadcrumb","itemListElement":[{"@type":"ListItem","position":1,"name":"Home","item":"https:\/\/aprh.pt\/pt\/"},{"@type":"ListItem","position":2,"name":"Associados","item":"https:\/\/aprh.pt\/pt\/socios\/"},{"@type":"ListItem","position":3,"name":"Perfis","item":"https:\/\/aprh.pt\/pt\/socios\/perfis\/"},{"@type":"ListItem","position":4,"name":"Ana Margarida Bento"}]},{"@type":"WebSite","@id":"https:\/\/aprh.pt\/pt\/#website","url":"https:\/\/aprh.pt\/pt\/","name":"APRH","description":"Associa\u00e7\u00e3o Portuguesa dos Recursos H\u00eddricos","publisher":{"@id":"https:\/\/aprh.pt\/pt\/#organization"},"potentialAction":[{"@type":"SearchAction","target":{"@type":"EntryPoint","urlTemplate":"https:\/\/aprh.pt\/pt\/?s={search_term_string}"},"query-input":{"@type":"PropertyValueSpecification","valueRequired":true,"valueName":"search_term_string"}}],"inLanguage":"pt-PT"},{"@type":"Organization","@id":"https:\/\/aprh.pt\/pt\/#organization","name":"APRH","url":"https:\/\/aprh.pt\/pt\/","logo":{"@type":"ImageObject","inLanguage":"pt-PT","@id":"https:\/\/aprh.pt\/pt\/#\/schema\/logo\/image\/","url":"https:\/\/aprh.pt\/wp-content\/uploads\/2022\/04\/logotipo.png","contentUrl":"https:\/\/aprh.pt\/wp-content\/uploads\/2022\/04\/logotipo.png","width":181,"height":80,"caption":"APRH"},"image":{"@id":"https:\/\/aprh.pt\/pt\/#\/schema\/logo\/image\/"}}]}},"_links":{"self":[{"href":"https:\/\/aprh.pt\/pt\/wp-json\/wp\/v2\/pages\/2546","targetHints":{"allow":["GET"]}}],"collection":[{"href":"https:\/\/aprh.pt\/pt\/wp-json\/wp\/v2\/pages"}],"about":[{"href":"https:\/\/aprh.pt\/pt\/wp-json\/wp\/v2\/types\/page"}],"author":[{"embeddable":true,"href":"https:\/\/aprh.pt\/pt\/wp-json\/wp\/v2\/users\/1"}],"replies":[{"embeddable":true,"href":"https:\/\/aprh.pt\/pt\/wp-json\/wp\/v2\/comments?post=2546"}],"version-history":[{"count":28,"href":"https:\/\/aprh.pt\/pt\/wp-json\/wp\/v2\/pages\/2546\/revisions"}],"predecessor-version":[{"id":84564,"href":"https:\/\/aprh.pt\/pt\/wp-json\/wp\/v2\/pages\/2546\/revisions\/84564"}],"up":[{"embeddable":true,"href":"https:\/\/aprh.pt\/pt\/wp-json\/wp\/v2\/pages\/150"}],"wp:attachment":[{"href":"https:\/\/aprh.pt\/pt\/wp-json\/wp\/v2\/media?parent=2546"}],"curies":[{"name":"wp","href":"https:\/\/api.w.org\/{rel}","templated":true}]}}