{"id":2598,"date":"2022-05-10T14:13:11","date_gmt":"2022-05-10T14:13:11","guid":{"rendered":"https:\/\/aprh.zalox.pt\/?page_id=2598"},"modified":"2023-01-02T10:39:47","modified_gmt":"2023-01-02T10:39:47","slug":"marcia-lima","status":"publish","type":"page","link":"https:\/\/aprh.pt\/pt\/socios\/perfis\/marcia-lima\/","title":{"rendered":"M\u00e1rcia Lima"},"content":{"rendered":"\t\t<div data-elementor-type=\"wp-page\" data-elementor-id=\"2598\" class=\"elementor elementor-2598\" data-elementor-post-type=\"page\">\n\t\t\t\t\t\t<section class=\"elementor-section elementor-top-section elementor-element elementor-element-4bb30a6 elementor-section-boxed elementor-section-height-default elementor-section-height-default\" data-id=\"4bb30a6\" data-element_type=\"section\">\n\t\t\t\t\t\t<div class=\"elementor-container elementor-column-gap-no\">\n\t\t\t\t\t<div class=\"elementor-column elementor-col-100 elementor-top-column elementor-element elementor-element-891cace\" data-id=\"891cace\" data-element_type=\"column\">\n\t\t\t<div class=\"elementor-widget-wrap elementor-element-populated\">\n\t\t\t\t\t\t<div class=\"elementor-element elementor-element-524be318 elementor-widget elementor-widget-global elementor-global-475 elementor-widget-spacer\" data-id=\"524be318\" data-element_type=\"widget\" data-widget_type=\"spacer.default\">\n\t\t\t\t<div class=\"elementor-widget-container\">\n\t\t\t\t\t<div class=\"elementor-spacer\">\n\t\t\t<div class=\"elementor-spacer-inner\"><\/div>\n\t\t<\/div>\n\t\t\t\t<\/div>\n\t\t\t\t<\/div>\n\t\t\t\t\t<\/div>\n\t\t<\/div>\n\t\t\t\t\t<\/div>\n\t\t<\/section>\n\t\t\t\t<section class=\"elementor-section elementor-top-section elementor-element elementor-element-2a64a36a elementor-section-boxed elementor-section-height-default elementor-section-height-default\" data-id=\"2a64a36a\" data-element_type=\"section\">\n\t\t\t\t\t\t<div class=\"elementor-container elementor-column-gap-no\">\n\t\t\t\t\t<div class=\"elementor-column elementor-col-25 elementor-top-column elementor-element elementor-element-13c00c04\" data-id=\"13c00c04\" data-element_type=\"column\">\n\t\t\t<div class=\"elementor-widget-wrap elementor-element-populated\">\n\t\t\t\t\t\t<div class=\"elementor-element elementor-element-19cfd41c elementor-widget elementor-widget-heading\" data-id=\"19cfd41c\" data-element_type=\"widget\" data-widget_type=\"heading.default\">\n\t\t\t\t<div class=\"elementor-widget-container\">\n\t\t\t<h2 class=\"elementor-heading-title elementor-size-default\">Associados da APRH<\/h2>\t\t<\/div>\n\t\t\t\t<\/div>\n\t\t\t\t\t<\/div>\n\t\t<\/div>\n\t\t\t\t<div class=\"elementor-column elementor-col-50 elementor-top-column elementor-element elementor-element-30204ce8\" data-id=\"30204ce8\" data-element_type=\"column\">\n\t\t\t<div class=\"elementor-widget-wrap elementor-element-populated\">\n\t\t\t\t\t\t<div class=\"elementor-element elementor-element-4fb6d40c elementor-widget elementor-widget-image\" data-id=\"4fb6d40c\" data-element_type=\"widget\" data-widget_type=\"image.default\">\n\t\t\t\t<div class=\"elementor-widget-container\">\n\t\t\t\t\t\t\t\t\t\t\t\t\t<img fetchpriority=\"high\" decoding=\"async\" width=\"188\" height=\"300\" src=\"https:\/\/aprh.pt\/wp-content\/uploads\/2022\/05\/MS1859-188x300.jpeg\" class=\"attachment-medium size-medium wp-image-2602\" alt=\"M\u00e1rcia Lima\" srcset=\"https:\/\/aprh.pt\/wp-content\/uploads\/2022\/05\/MS1859-188x300.jpeg 188w, https:\/\/aprh.pt\/wp-content\/uploads\/2022\/05\/MS1859.jpeg 361w\" sizes=\"(max-width: 188px) 100vw, 188px\" \/>\t\t\t\t\t\t\t\t\t\t\t\t\t<\/div>\n\t\t\t\t<\/div>\n\t\t\t\t<div class=\"elementor-element elementor-element-521f553d elementor-widget elementor-widget-heading\" data-id=\"521f553d\" data-element_type=\"widget\" data-widget_type=\"heading.default\">\n\t\t\t\t<div class=\"elementor-widget-container\">\n\t\t\t<h2 class=\"elementor-heading-title elementor-size-default\">M\u00e1rcia Lima<\/h2>\t\t<\/div>\n\t\t\t\t<\/div>\n\t\t\t\t<div class=\"elementor-element elementor-element-25fd30ec remover_marcadores elementor-widget elementor-widget-text-editor\" data-id=\"25fd30ec\" data-element_type=\"widget\" data-widget_type=\"text-editor.default\">\n\t\t\t\t<div class=\"elementor-widget-container\">\n\t\t\t\t\t\t\t<ul><li>Associado 1859<\/li><li>Email: <a href=\"mailto:marcia.lima@ua.pt\">marcia.lima@ua.pt<\/a><\/li><li>Data de nascimento: 1988\/08\/15<\/li><li>Nacionalidade: Portuguesa<\/li><li>P\u00e1gina pessoal: <a class=\"in-cell-link\" href=\"http:\/\/linkedin.com\/in\/marcia-lima\" target=\"_blank\" rel=\"noopener noreferrer\">linkedin.com\/in\/marcia-lima<\/a><\/li><\/ul>\t\t\t\t\t\t<\/div>\n\t\t\t\t<\/div>\n\t\t\t\t<div class=\"elementor-element elementor-element-5f73e8e1 elementor-widget elementor-widget-heading\" data-id=\"5f73e8e1\" data-element_type=\"widget\" data-widget_type=\"heading.default\">\n\t\t\t\t<div class=\"elementor-widget-container\">\n\t\t\t<h2 class=\"elementor-heading-title elementor-size-default\">Forma\u00e7\u00e3o<\/h2>\t\t<\/div>\n\t\t\t\t<\/div>\n\t\t\t\t<div class=\"elementor-element elementor-element-13416a73 remover_marcadores elementor-widget elementor-widget-text-editor\" data-id=\"13416a73\" data-element_type=\"widget\" data-widget_type=\"text-editor.default\">\n\t\t\t\t<div class=\"elementor-widget-container\">\n\t\t\t\t\t\t\t<ul><li>Curso: Engenharia Civil<\/li><li>Estabelecimento de ensino: Universidade de Aveiro<\/li><li>Ano de conclus\u00e3o: 2018\/05\/07<\/li><li>Graus acad\u00e9micos: Doutoramento<\/li><li>Especializa\u00e7\u00f5es: Engenharia Costeira e Portu\u00e1ria<\/li><\/ul>\t\t\t\t\t\t<\/div>\n\t\t\t\t<\/div>\n\t\t\t\t<div class=\"elementor-element elementor-element-706bc83d elementor-widget elementor-widget-heading\" data-id=\"706bc83d\" data-element_type=\"widget\" data-widget_type=\"heading.default\">\n\t\t\t\t<div class=\"elementor-widget-container\">\n\t\t\t<h2 class=\"elementor-heading-title elementor-size-default\">Actividade profissional atual<\/h2>\t\t<\/div>\n\t\t\t\t<\/div>\n\t\t\t\t<div class=\"elementor-element elementor-element-5532c439 remover_marcadores elementor-widget elementor-widget-text-editor\" data-id=\"5532c439\" data-element_type=\"widget\" data-widget_type=\"text-editor.default\">\n\t\t\t\t<div class=\"elementor-widget-container\">\n\t\t\t\t\t\t\t<ul><li>Entidade: <span data-sheets-value=\"{&quot;1&quot;:2,&quot;2&quot;:&quot;Universidade de Aveiro&quot;}\" data-sheets-userformat=\"{&quot;2&quot;:513,&quot;3&quot;:{&quot;1&quot;:0},&quot;12&quot;:0}\">Universidade de Aveiro<\/span><br \/>Fun\u00e7\u00f5es: Investigadora<\/li><\/ul>\t\t\t\t\t\t<\/div>\n\t\t\t\t<\/div>\n\t\t\t\t<div class=\"elementor-element elementor-element-229eeac2 elementor-widget elementor-widget-heading\" data-id=\"229eeac2\" data-element_type=\"widget\" data-widget_type=\"heading.default\">\n\t\t\t\t<div class=\"elementor-widget-container\">\n\t\t\t<h2 class=\"elementor-heading-title elementor-size-default\">\u00c1reas de interesse preferencial no dom\u00ednio dos recursos h\u00eddricos\n<\/h2>\t\t<\/div>\n\t\t\t\t<\/div>\n\t\t\t\t<div class=\"elementor-element elementor-element-3a9f6516 remover_marcadores elementor-widget elementor-widget-text-editor\" data-id=\"3a9f6516\" data-element_type=\"widget\" data-widget_type=\"text-editor.default\">\n\t\t\t\t<div class=\"elementor-widget-container\">\n\t\t\t\t\t\t\t<ul><li><p><span data-sheets-value=\"{&quot;1&quot;:2,&quot;2&quot;:&quot;Gest\u00e3o das zonas Costeiras e do Mar&quot;}\" data-sheets-userformat=\"{&quot;2&quot;:513,&quot;3&quot;:{&quot;1&quot;:0},&quot;12&quot;:0}\">Gest\u00e3o das zonas Costeiras e do Mar<\/span><\/p><\/li><\/ul>\t\t\t\t\t\t<\/div>\n\t\t\t\t<\/div>\n\t\t\t\t<div class=\"elementor-element elementor-element-ed40dc7 elementor-widget elementor-widget-heading\" data-id=\"ed40dc7\" data-element_type=\"widget\" data-widget_type=\"heading.default\">\n\t\t\t\t<div class=\"elementor-widget-container\">\n\t\t\t<h2 class=\"elementor-heading-title elementor-size-default\">Principais associa\u00e7\u00f5es profissionais a que pertence\n<\/h2>\t\t<\/div>\n\t\t\t\t<\/div>\n\t\t\t\t<div class=\"elementor-element elementor-element-088200d remover_marcadores elementor-widget elementor-widget-text-editor\" data-id=\"088200d\" data-element_type=\"widget\" data-widget_type=\"text-editor.default\">\n\t\t\t\t<div class=\"elementor-widget-container\">\n\t\t\t\t\t\t\t<ul><li><p><span data-sheets-value=\"{&quot;1&quot;:2,&quot;2&quot;:&quot;Ordem dos Engenheiros, PIANC&quot;}\" data-sheets-userformat=\"{&quot;2&quot;:513,&quot;3&quot;:{&quot;1&quot;:0},&quot;12&quot;:0}\">Ordem dos Engenheiros, PIANC<\/span><\/p><\/li><\/ul>\t\t\t\t\t\t<\/div>\n\t\t\t\t<\/div>\n\t\t\t\t\t<\/div>\n\t\t<\/div>\n\t\t\t\t<div class=\"elementor-column elementor-col-25 elementor-top-column elementor-element elementor-element-7abef15a elementor-hidden-tablet elementor-hidden-mobile\" data-id=\"7abef15a\" data-element_type=\"column\">\n\t\t\t<div class=\"elementor-widget-wrap\">\n\t\t\t\t\t\t\t<\/div>\n\t\t<\/div>\n\t\t\t\t\t<\/div>\n\t\t<\/section>\n\t\t\t\t<section class=\"elementor-section elementor-top-section elementor-element elementor-element-af2c869 elementor-section-boxed elementor-section-height-default elementor-section-height-default\" data-id=\"af2c869\" data-element_type=\"section\">\n\t\t\t\t\t\t<div class=\"elementor-container elementor-column-gap-no\">\n\t\t\t\t\t<div class=\"elementor-column elementor-col-100 elementor-top-column elementor-element elementor-element-39f9820f\" data-id=\"39f9820f\" data-element_type=\"column\">\n\t\t\t<div class=\"elementor-widget-wrap elementor-element-populated\">\n\t\t\t\t\t\t<div class=\"elementor-element elementor-element-5d037545 elementor-widget elementor-widget-global elementor-global-500 elementor-widget-spacer\" data-id=\"5d037545\" data-element_type=\"widget\" data-widget_type=\"spacer.default\">\n\t\t\t\t<div class=\"elementor-widget-container\">\n\t\t\t\t\t<div class=\"elementor-spacer\">\n\t\t\t<div class=\"elementor-spacer-inner\"><\/div>\n\t\t<\/div>\n\t\t\t\t<\/div>\n\t\t\t\t<\/div>\n\t\t\t\t\t<\/div>\n\t\t<\/div>\n\t\t\t\t\t<\/div>\n\t\t<\/section>\n\t\t\t\t<\/div>\n\t\t","protected":false},"excerpt":{"rendered":"<p>Associados da APRH M\u00e1rcia Lima Associado 1859 Email: marcia.lima@ua.pt Data de nascimento: 1988\/08\/15 Nacionalidade: Portuguesa P\u00e1gina pessoal: linkedin.com\/in\/marcia-lima Forma\u00e7\u00e3o Curso: Engenharia Civil Estabelecimento de ensino: Universidade de Aveiro Ano de conclus\u00e3o: 2018\/05\/07 Graus acad\u00e9micos: Doutoramento Especializa\u00e7\u00f5es: Engenharia Costeira e Portu\u00e1ria Actividade profissional atual Entidade: Universidade de AveiroFun\u00e7\u00f5es: Investigadora \u00c1reas de interesse preferencial no dom\u00ednio dos [&hellip;]<\/p>\n","protected":false},"author":1,"featured_media":0,"parent":150,"menu_order":0,"comment_status":"closed","ping_status":"closed","template":"","meta":{"footnotes":""},"class_list":["post-2598","page","type-page","status-publish","hentry"],"yoast_head":"<!-- This site is optimized with the Yoast SEO plugin v23.8 - https:\/\/yoast.com\/wordpress\/plugins\/seo\/ -->\n<title>M\u00e1rcia Lima - APRH<\/title>\n<meta name=\"robots\" content=\"index, follow, max-snippet:-1, max-image-preview:large, max-video-preview:-1\" \/>\n<link rel=\"canonical\" href=\"https:\/\/aprh.pt\/pt\/socios\/perfis\/marcia-lima\/\" \/>\n<meta property=\"og:locale\" content=\"pt_PT\" \/>\n<meta property=\"og:type\" content=\"article\" \/>\n<meta property=\"og:title\" content=\"M\u00e1rcia Lima - APRH\" \/>\n<meta property=\"og:description\" content=\"Associados da APRH M\u00e1rcia Lima Associado 1859 Email: marcia.lima@ua.pt Data de nascimento: 1988\/08\/15 Nacionalidade: Portuguesa P\u00e1gina pessoal: linkedin.com\/in\/marcia-lima Forma\u00e7\u00e3o Curso: Engenharia Civil Estabelecimento de ensino: Universidade de Aveiro Ano de conclus\u00e3o: 2018\/05\/07 Graus acad\u00e9micos: Doutoramento Especializa\u00e7\u00f5es: Engenharia Costeira e Portu\u00e1ria Actividade profissional atual Entidade: Universidade de AveiroFun\u00e7\u00f5es: Investigadora \u00c1reas de interesse preferencial no dom\u00ednio dos [&hellip;]\" \/>\n<meta property=\"og:url\" content=\"https:\/\/aprh.pt\/pt\/socios\/perfis\/marcia-lima\/\" \/>\n<meta property=\"og:site_name\" content=\"APRH\" \/>\n<meta property=\"article:modified_time\" content=\"2023-01-02T10:39:47+00:00\" \/>\n<meta property=\"og:image\" content=\"https:\/\/www.aprh.pt\/wp-content\/uploads\/2022\/05\/MS1859-188x300.jpeg\" \/>\n<meta name=\"twitter:card\" content=\"summary_large_image\" \/>\n<meta name=\"twitter:label1\" content=\"Tempo estimado de leitura\" \/>\n\t<meta name=\"twitter:data1\" content=\"1 minuto\" \/>\n<script type=\"application\/ld+json\" class=\"yoast-schema-graph\">{\"@context\":\"https:\/\/schema.org\",\"@graph\":[{\"@type\":\"WebPage\",\"@id\":\"https:\/\/aprh.pt\/pt\/socios\/perfis\/marcia-lima\/\",\"url\":\"https:\/\/aprh.pt\/pt\/socios\/perfis\/marcia-lima\/\",\"name\":\"M\u00e1rcia Lima - APRH\",\"isPartOf\":{\"@id\":\"https:\/\/aprh.pt\/pt\/#website\"},\"primaryImageOfPage\":{\"@id\":\"https:\/\/aprh.pt\/pt\/socios\/perfis\/marcia-lima\/#primaryimage\"},\"image\":{\"@id\":\"https:\/\/aprh.pt\/pt\/socios\/perfis\/marcia-lima\/#primaryimage\"},\"thumbnailUrl\":\"https:\/\/www.aprh.pt\/wp-content\/uploads\/2022\/05\/MS1859-188x300.jpeg\",\"datePublished\":\"2022-05-10T14:13:11+00:00\",\"dateModified\":\"2023-01-02T10:39:47+00:00\",\"breadcrumb\":{\"@id\":\"https:\/\/aprh.pt\/pt\/socios\/perfis\/marcia-lima\/#breadcrumb\"},\"inLanguage\":\"pt-PT\",\"potentialAction\":[{\"@type\":\"ReadAction\",\"target\":[\"https:\/\/aprh.pt\/pt\/socios\/perfis\/marcia-lima\/\"]}]},{\"@type\":\"ImageObject\",\"inLanguage\":\"pt-PT\",\"@id\":\"https:\/\/aprh.pt\/pt\/socios\/perfis\/marcia-lima\/#primaryimage\",\"url\":\"https:\/\/www.aprh.pt\/wp-content\/uploads\/2022\/05\/MS1859-188x300.jpeg\",\"contentUrl\":\"https:\/\/www.aprh.pt\/wp-content\/uploads\/2022\/05\/MS1859-188x300.jpeg\"},{\"@type\":\"BreadcrumbList\",\"@id\":\"https:\/\/aprh.pt\/pt\/socios\/perfis\/marcia-lima\/#breadcrumb\",\"itemListElement\":[{\"@type\":\"ListItem\",\"position\":1,\"name\":\"Home\",\"item\":\"https:\/\/aprh.pt\/pt\/\"},{\"@type\":\"ListItem\",\"position\":2,\"name\":\"Associados\",\"item\":\"https:\/\/aprh.pt\/pt\/socios\/\"},{\"@type\":\"ListItem\",\"position\":3,\"name\":\"Perfis\",\"item\":\"https:\/\/aprh.pt\/pt\/socios\/perfis\/\"},{\"@type\":\"ListItem\",\"position\":4,\"name\":\"M\u00e1rcia Lima\"}]},{\"@type\":\"WebSite\",\"@id\":\"https:\/\/aprh.pt\/pt\/#website\",\"url\":\"https:\/\/aprh.pt\/pt\/\",\"name\":\"APRH\",\"description\":\"Associa\u00e7\u00e3o Portuguesa dos Recursos H\u00eddricos\",\"publisher\":{\"@id\":\"https:\/\/aprh.pt\/pt\/#organization\"},\"potentialAction\":[{\"@type\":\"SearchAction\",\"target\":{\"@type\":\"EntryPoint\",\"urlTemplate\":\"https:\/\/aprh.pt\/pt\/?s={search_term_string}\"},\"query-input\":{\"@type\":\"PropertyValueSpecification\",\"valueRequired\":true,\"valueName\":\"search_term_string\"}}],\"inLanguage\":\"pt-PT\"},{\"@type\":\"Organization\",\"@id\":\"https:\/\/aprh.pt\/pt\/#organization\",\"name\":\"APRH\",\"url\":\"https:\/\/aprh.pt\/pt\/\",\"logo\":{\"@type\":\"ImageObject\",\"inLanguage\":\"pt-PT\",\"@id\":\"https:\/\/aprh.pt\/pt\/#\/schema\/logo\/image\/\",\"url\":\"https:\/\/aprh.pt\/wp-content\/uploads\/2022\/04\/logotipo.png\",\"contentUrl\":\"https:\/\/aprh.pt\/wp-content\/uploads\/2022\/04\/logotipo.png\",\"width\":181,\"height\":80,\"caption\":\"APRH\"},\"image\":{\"@id\":\"https:\/\/aprh.pt\/pt\/#\/schema\/logo\/image\/\"}}]}<\/script>\n<!-- \/ Yoast SEO plugin. -->","yoast_head_json":{"title":"M\u00e1rcia Lima - APRH","robots":{"index":"index","follow":"follow","max-snippet":"max-snippet:-1","max-image-preview":"max-image-preview:large","max-video-preview":"max-video-preview:-1"},"canonical":"https:\/\/aprh.pt\/pt\/socios\/perfis\/marcia-lima\/","og_locale":"pt_PT","og_type":"article","og_title":"M\u00e1rcia Lima - APRH","og_description":"Associados da APRH M\u00e1rcia Lima Associado 1859 Email: marcia.lima@ua.pt Data de nascimento: 1988\/08\/15 Nacionalidade: Portuguesa P\u00e1gina pessoal: linkedin.com\/in\/marcia-lima Forma\u00e7\u00e3o Curso: Engenharia Civil Estabelecimento de ensino: Universidade de Aveiro Ano de conclus\u00e3o: 2018\/05\/07 Graus acad\u00e9micos: Doutoramento Especializa\u00e7\u00f5es: Engenharia Costeira e Portu\u00e1ria Actividade profissional atual Entidade: Universidade de AveiroFun\u00e7\u00f5es: Investigadora \u00c1reas de interesse preferencial no dom\u00ednio dos [&hellip;]","og_url":"https:\/\/aprh.pt\/pt\/socios\/perfis\/marcia-lima\/","og_site_name":"APRH","article_modified_time":"2023-01-02T10:39:47+00:00","og_image":[{"url":"https:\/\/www.aprh.pt\/wp-content\/uploads\/2022\/05\/MS1859-188x300.jpeg"}],"twitter_card":"summary_large_image","twitter_misc":{"Tempo estimado de leitura":"1 minuto"},"schema":{"@context":"https:\/\/schema.org","@graph":[{"@type":"WebPage","@id":"https:\/\/aprh.pt\/pt\/socios\/perfis\/marcia-lima\/","url":"https:\/\/aprh.pt\/pt\/socios\/perfis\/marcia-lima\/","name":"M\u00e1rcia Lima - APRH","isPartOf":{"@id":"https:\/\/aprh.pt\/pt\/#website"},"primaryImageOfPage":{"@id":"https:\/\/aprh.pt\/pt\/socios\/perfis\/marcia-lima\/#primaryimage"},"image":{"@id":"https:\/\/aprh.pt\/pt\/socios\/perfis\/marcia-lima\/#primaryimage"},"thumbnailUrl":"https:\/\/www.aprh.pt\/wp-content\/uploads\/2022\/05\/MS1859-188x300.jpeg","datePublished":"2022-05-10T14:13:11+00:00","dateModified":"2023-01-02T10:39:47+00:00","breadcrumb":{"@id":"https:\/\/aprh.pt\/pt\/socios\/perfis\/marcia-lima\/#breadcrumb"},"inLanguage":"pt-PT","potentialAction":[{"@type":"ReadAction","target":["https:\/\/aprh.pt\/pt\/socios\/perfis\/marcia-lima\/"]}]},{"@type":"ImageObject","inLanguage":"pt-PT","@id":"https:\/\/aprh.pt\/pt\/socios\/perfis\/marcia-lima\/#primaryimage","url":"https:\/\/www.aprh.pt\/wp-content\/uploads\/2022\/05\/MS1859-188x300.jpeg","contentUrl":"https:\/\/www.aprh.pt\/wp-content\/uploads\/2022\/05\/MS1859-188x300.jpeg"},{"@type":"BreadcrumbList","@id":"https:\/\/aprh.pt\/pt\/socios\/perfis\/marcia-lima\/#breadcrumb","itemListElement":[{"@type":"ListItem","position":1,"name":"Home","item":"https:\/\/aprh.pt\/pt\/"},{"@type":"ListItem","position":2,"name":"Associados","item":"https:\/\/aprh.pt\/pt\/socios\/"},{"@type":"ListItem","position":3,"name":"Perfis","item":"https:\/\/aprh.pt\/pt\/socios\/perfis\/"},{"@type":"ListItem","position":4,"name":"M\u00e1rcia Lima"}]},{"@type":"WebSite","@id":"https:\/\/aprh.pt\/pt\/#website","url":"https:\/\/aprh.pt\/pt\/","name":"APRH","description":"Associa\u00e7\u00e3o Portuguesa dos Recursos H\u00eddricos","publisher":{"@id":"https:\/\/aprh.pt\/pt\/#organization"},"potentialAction":[{"@type":"SearchAction","target":{"@type":"EntryPoint","urlTemplate":"https:\/\/aprh.pt\/pt\/?s={search_term_string}"},"query-input":{"@type":"PropertyValueSpecification","valueRequired":true,"valueName":"search_term_string"}}],"inLanguage":"pt-PT"},{"@type":"Organization","@id":"https:\/\/aprh.pt\/pt\/#organization","name":"APRH","url":"https:\/\/aprh.pt\/pt\/","logo":{"@type":"ImageObject","inLanguage":"pt-PT","@id":"https:\/\/aprh.pt\/pt\/#\/schema\/logo\/image\/","url":"https:\/\/aprh.pt\/wp-content\/uploads\/2022\/04\/logotipo.png","contentUrl":"https:\/\/aprh.pt\/wp-content\/uploads\/2022\/04\/logotipo.png","width":181,"height":80,"caption":"APRH"},"image":{"@id":"https:\/\/aprh.pt\/pt\/#\/schema\/logo\/image\/"}}]}},"_links":{"self":[{"href":"https:\/\/aprh.pt\/pt\/wp-json\/wp\/v2\/pages\/2598","targetHints":{"allow":["GET"]}}],"collection":[{"href":"https:\/\/aprh.pt\/pt\/wp-json\/wp\/v2\/pages"}],"about":[{"href":"https:\/\/aprh.pt\/pt\/wp-json\/wp\/v2\/types\/page"}],"author":[{"embeddable":true,"href":"https:\/\/aprh.pt\/pt\/wp-json\/wp\/v2\/users\/1"}],"replies":[{"embeddable":true,"href":"https:\/\/aprh.pt\/pt\/wp-json\/wp\/v2\/comments?post=2598"}],"version-history":[{"count":10,"href":"https:\/\/aprh.pt\/pt\/wp-json\/wp\/v2\/pages\/2598\/revisions"}],"predecessor-version":[{"id":62198,"href":"https:\/\/aprh.pt\/pt\/wp-json\/wp\/v2\/pages\/2598\/revisions\/62198"}],"up":[{"embeddable":true,"href":"https:\/\/aprh.pt\/pt\/wp-json\/wp\/v2\/pages\/150"}],"wp:attachment":[{"href":"https:\/\/aprh.pt\/pt\/wp-json\/wp\/v2\/media?parent=2598"}],"curies":[{"name":"wp","href":"https:\/\/api.w.org\/{rel}","templated":true}]}}