{"id":2839,"date":"2022-05-11T09:40:43","date_gmt":"2022-05-11T09:40:43","guid":{"rendered":"https:\/\/aprh.zalox.pt\/?page_id=2839"},"modified":"2022-10-11T14:18:57","modified_gmt":"2022-10-11T14:18:57","slug":"noticias-2021","status":"publish","type":"page","link":"https:\/\/aprh.pt\/pt\/noticias-2021\/","title":{"rendered":"2021"},"content":{"rendered":"\t\t<div data-elementor-type=\"wp-page\" data-elementor-id=\"2839\" class=\"elementor elementor-2839\" data-elementor-post-type=\"page\">\n\t\t\t\t\t\t<section class=\"elementor-section elementor-top-section elementor-element elementor-element-0a75923 elementor-section-content-middle elementor-section-boxed elementor-section-height-default elementor-section-height-default\" data-id=\"0a75923\" data-element_type=\"section\">\n\t\t\t\t\t\t<div class=\"elementor-container elementor-column-gap-no\">\n\t\t\t\t\t<div class=\"elementor-column elementor-col-50 elementor-top-column elementor-element elementor-element-0cde6d0\" data-id=\"0cde6d0\" data-element_type=\"column\">\n\t\t\t<div class=\"elementor-widget-wrap elementor-element-populated\">\n\t\t\t\t\t\t<div class=\"elementor-element elementor-element-26f5544 elementor-widget elementor-widget-heading\" data-id=\"26f5544\" data-element_type=\"widget\" data-widget_type=\"heading.default\">\n\t\t\t\t<div class=\"elementor-widget-container\">\n\t\t\t<h2 class=\"elementor-heading-title elementor-size-default\">Not\u00edcias 2021<\/h2>\t\t<\/div>\n\t\t\t\t<\/div>\n\t\t\t\t\t<\/div>\n\t\t<\/div>\n\t\t\t\t<div class=\"elementor-column elementor-col-50 elementor-top-column elementor-element elementor-element-901cf17\" data-id=\"901cf17\" data-element_type=\"column\">\n\t\t\t<div class=\"elementor-widget-wrap elementor-element-populated\">\n\t\t\t\t\t\t<div class=\"elementor-element elementor-element-93d5cc4 elementor-nav-menu__align-end elementor-nav-menu--dropdown-none nav_items_drop_direita elementor-widget elementor-widget-nav-menu\" data-id=\"93d5cc4\" data-element_type=\"widget\" data-settings=\"{&quot;layout&quot;:&quot;horizontal&quot;,&quot;submenu_icon&quot;:{&quot;value&quot;:&quot;&lt;i class=\\&quot;fas fa-caret-down\\&quot;&gt;&lt;\\\/i&gt;&quot;,&quot;library&quot;:&quot;fa-solid&quot;}}\" data-widget_type=\"nav-menu.default\">\n\t\t\t\t<div class=\"elementor-widget-container\">\n\t\t\t\t\t\t<nav aria-label=\"Menu\" class=\"elementor-nav-menu--main elementor-nav-menu__container elementor-nav-menu--layout-horizontal e--pointer-underline e--animation-fade\">\n\t\t\t\t<ul id=\"menu-1-93d5cc4\" class=\"elementor-nav-menu\"><li class=\"menu-item menu-item-type-custom menu-item-object-custom menu-item-has-children menu-item-44591\"><a href=\"#\" class=\"elementor-item elementor-item-anchor\">Escolha o ano<\/a>\n<ul class=\"sub-menu elementor-nav-menu--dropdown\">\n\t<li class=\"menu-item menu-item-type-post_type menu-item-object-page menu-item-84136\"><a href=\"https:\/\/aprh.pt\/pt\/noticias-2026\/\" class=\"elementor-sub-item\">2026<\/a><\/li>\n\t<li class=\"menu-item menu-item-type-post_type menu-item-object-page menu-item-84129\"><a href=\"https:\/\/aprh.pt\/pt\/noticias-2025\/\" class=\"elementor-sub-item\">2025<\/a><\/li>\n\t<li class=\"menu-item menu-item-type-post_type menu-item-object-page menu-item-73047\"><a href=\"https:\/\/aprh.pt\/pt\/noticias-2024\/\" class=\"elementor-sub-item\">2024<\/a><\/li>\n\t<li class=\"menu-item menu-item-type-post_type menu-item-object-page menu-item-73048\"><a href=\"https:\/\/aprh.pt\/pt\/noticias-2023\/\" class=\"elementor-sub-item\">2023<\/a><\/li>\n\t<li class=\"menu-item menu-item-type-post_type menu-item-object-page menu-item-73075\"><a href=\"https:\/\/aprh.pt\/pt\/noticias-2022\/\" class=\"elementor-sub-item\">2022<\/a><\/li>\n\t<li class=\"menu-item menu-item-type-post_type menu-item-object-page menu-item-73074\"><a href=\"https:\/\/aprh.pt\/pt\/noticias-2021\/\" class=\"elementor-sub-item\">2021<\/a><\/li>\n\t<li class=\"menu-item menu-item-type-post_type menu-item-object-page menu-item-73073\"><a href=\"https:\/\/aprh.pt\/pt\/noticias-2020\/\" class=\"elementor-sub-item\">2020<\/a><\/li>\n\t<li class=\"menu-item menu-item-type-post_type menu-item-object-page menu-item-73072\"><a href=\"https:\/\/aprh.pt\/pt\/noticias-2019\/\" class=\"elementor-sub-item\">2019<\/a><\/li>\n\t<li class=\"menu-item menu-item-type-post_type menu-item-object-page menu-item-73071\"><a href=\"https:\/\/aprh.pt\/pt\/noticias-2018\/\" class=\"elementor-sub-item\">2018<\/a><\/li>\n\t<li class=\"menu-item menu-item-type-post_type menu-item-object-page menu-item-73070\"><a href=\"https:\/\/aprh.pt\/pt\/noticias-2017\/\" class=\"elementor-sub-item\">2017<\/a><\/li>\n<\/ul>\n<\/li>\n<\/ul>\t\t\t<\/nav>\n\t\t\t\t\t\t<nav class=\"elementor-nav-menu--dropdown elementor-nav-menu__container\" aria-hidden=\"true\">\n\t\t\t\t<ul id=\"menu-2-93d5cc4\" class=\"elementor-nav-menu\"><li class=\"menu-item menu-item-type-custom menu-item-object-custom menu-item-has-children menu-item-44591\"><a href=\"#\" class=\"elementor-item elementor-item-anchor\" tabindex=\"-1\">Escolha o ano<\/a>\n<ul class=\"sub-menu elementor-nav-menu--dropdown\">\n\t<li class=\"menu-item menu-item-type-post_type menu-item-object-page menu-item-84136\"><a href=\"https:\/\/aprh.pt\/pt\/noticias-2026\/\" class=\"elementor-sub-item\" tabindex=\"-1\">2026<\/a><\/li>\n\t<li class=\"menu-item menu-item-type-post_type menu-item-object-page menu-item-84129\"><a href=\"https:\/\/aprh.pt\/pt\/noticias-2025\/\" class=\"elementor-sub-item\" tabindex=\"-1\">2025<\/a><\/li>\n\t<li class=\"menu-item menu-item-type-post_type menu-item-object-page menu-item-73047\"><a href=\"https:\/\/aprh.pt\/pt\/noticias-2024\/\" class=\"elementor-sub-item\" tabindex=\"-1\">2024<\/a><\/li>\n\t<li class=\"menu-item menu-item-type-post_type menu-item-object-page menu-item-73048\"><a href=\"https:\/\/aprh.pt\/pt\/noticias-2023\/\" class=\"elementor-sub-item\" tabindex=\"-1\">2023<\/a><\/li>\n\t<li class=\"menu-item menu-item-type-post_type menu-item-object-page menu-item-73075\"><a href=\"https:\/\/aprh.pt\/pt\/noticias-2022\/\" class=\"elementor-sub-item\" tabindex=\"-1\">2022<\/a><\/li>\n\t<li class=\"menu-item menu-item-type-post_type menu-item-object-page menu-item-73074\"><a href=\"https:\/\/aprh.pt\/pt\/noticias-2021\/\" class=\"elementor-sub-item\" tabindex=\"-1\">2021<\/a><\/li>\n\t<li class=\"menu-item menu-item-type-post_type menu-item-object-page menu-item-73073\"><a href=\"https:\/\/aprh.pt\/pt\/noticias-2020\/\" class=\"elementor-sub-item\" tabindex=\"-1\">2020<\/a><\/li>\n\t<li class=\"menu-item menu-item-type-post_type menu-item-object-page menu-item-73072\"><a href=\"https:\/\/aprh.pt\/pt\/noticias-2019\/\" class=\"elementor-sub-item\" tabindex=\"-1\">2019<\/a><\/li>\n\t<li class=\"menu-item menu-item-type-post_type menu-item-object-page menu-item-73071\"><a href=\"https:\/\/aprh.pt\/pt\/noticias-2018\/\" class=\"elementor-sub-item\" tabindex=\"-1\">2018<\/a><\/li>\n\t<li class=\"menu-item menu-item-type-post_type menu-item-object-page menu-item-73070\"><a href=\"https:\/\/aprh.pt\/pt\/noticias-2017\/\" class=\"elementor-sub-item\" tabindex=\"-1\">2017<\/a><\/li>\n<\/ul>\n<\/li>\n<\/ul>\t\t\t<\/nav>\n\t\t\t\t<\/div>\n\t\t\t\t<\/div>\n\t\t\t\t\t<\/div>\n\t\t<\/div>\n\t\t\t\t\t<\/div>\n\t\t<\/section>\n\t\t\t\t<section class=\"elementor-section elementor-top-section elementor-element elementor-element-eb6d6d1 elementor-section-boxed elementor-section-height-default elementor-section-height-default\" data-id=\"eb6d6d1\" data-element_type=\"section\">\n\t\t\t\t\t\t<div class=\"elementor-container elementor-column-gap-no\">\n\t\t\t\t\t<div class=\"elementor-column elementor-col-100 elementor-top-column elementor-element elementor-element-02a2903\" data-id=\"02a2903\" data-element_type=\"column\">\n\t\t\t<div class=\"elementor-widget-wrap elementor-element-populated\">\n\t\t\t\t\t\t<div class=\"elementor-element elementor-element-a80f0a8 elementor-grid-2 elementor-posts--align-left elementor-posts--thumbnail-left elementor-grid-tablet-1 noticias_anteriores elementor-grid-mobile-1 elementor-widget elementor-widget-posts\" data-id=\"a80f0a8\" data-element_type=\"widget\" data-settings=\"{&quot;classic_columns&quot;:&quot;2&quot;,&quot;classic_row_gap&quot;:{&quot;unit&quot;:&quot;px&quot;,&quot;size&quot;:0,&quot;sizes&quot;:[]},&quot;classic_columns_tablet&quot;:&quot;1&quot;,&quot;classic_columns_mobile&quot;:&quot;1&quot;,&quot;classic_row_gap_tablet&quot;:{&quot;unit&quot;:&quot;px&quot;,&quot;size&quot;:&quot;&quot;,&quot;sizes&quot;:[]},&quot;classic_row_gap_mobile&quot;:{&quot;unit&quot;:&quot;px&quot;,&quot;size&quot;:&quot;&quot;,&quot;sizes&quot;:[]}}\" data-widget_type=\"posts.classic\">\n\t\t\t\t<div class=\"elementor-widget-container\">\n\t\t\t\t\t<div class=\"elementor-posts-container elementor-posts elementor-posts--skin-classic elementor-grid\">\n\t\t\t\t<article class=\"elementor-post elementor-grid-item post-7600 post type-post status-publish format-standard has-post-thumbnail hentry category-146\">\n\t\t\t\t<a class=\"elementor-post__thumbnail__link\" href=\"https:\/\/aprh.pt\/pt\/eventos\/noticias\/2021\/pandda\/\" tabindex=\"-1\" >\n\t\t\t<div class=\"elementor-post__thumbnail\"><img fetchpriority=\"high\" decoding=\"async\" width=\"211\" height=\"300\" src=\"https:\/\/aprh.pt\/wp-content\/uploads\/2021\/10\/banner_telm-211x300.jpg\" class=\"attachment-medium size-medium wp-image-48761\" alt=\"\" srcset=\"https:\/\/aprh.pt\/wp-content\/uploads\/2021\/10\/banner_telm-211x300.jpg 211w, https:\/\/aprh.pt\/wp-content\/uploads\/2021\/10\/banner_telm-722x1024.jpg 722w, https:\/\/aprh.pt\/wp-content\/uploads\/2021\/10\/banner_telm-768x1089.jpg 768w, https:\/\/aprh.pt\/wp-content\/uploads\/2021\/10\/banner_telm-1083x1536.jpg 1083w, https:\/\/aprh.pt\/wp-content\/uploads\/2021\/10\/banner_telm-1444x2048.jpg 1444w, https:\/\/aprh.pt\/wp-content\/uploads\/2021\/10\/banner_telm.jpg 1749w\" sizes=\"(max-width: 211px) 100vw, 211px\" \/><\/div>\n\t\t<\/a>\n\t\t\t\t<div class=\"elementor-post__text\">\n\t\t\t\t<h2 class=\"elementor-post__title\">\n\t\t\t<a href=\"https:\/\/aprh.pt\/pt\/eventos\/noticias\/2021\/pandda\/\" >\n\t\t\t\tPANDDA &#8211; Os Cidad\u00e3os como Promotores da Sustentabilidade da \u00c1gua\t\t\t<\/a>\n\t\t<\/h2>\n\t\t\n\t\t<a class=\"elementor-post__read-more\" href=\"https:\/\/aprh.pt\/pt\/eventos\/noticias\/2021\/pandda\/\" aria-label=\"Read more about PANDDA &#8211; Os Cidad\u00e3os como Promotores da Sustentabilidade da \u00c1gua\" tabindex=\"-1\" >\n\t\t\tSaber Mais -&gt;\t\t<\/a>\n\n\t\t\t\t<\/div>\n\t\t\t\t<\/article>\n\t\t\t\t<\/div>\n\t\t\n\t\t\t\t<\/div>\n\t\t\t\t<\/div>\n\t\t\t\t\t<\/div>\n\t\t<\/div>\n\t\t\t\t\t<\/div>\n\t\t<\/section>\n\t\t\t\t<section class=\"elementor-section elementor-top-section elementor-element elementor-element-04e3b9a elementor-section-boxed elementor-section-height-default elementor-section-height-default\" data-id=\"04e3b9a\" data-element_type=\"section\">\n\t\t\t\t\t\t<div class=\"elementor-container elementor-column-gap-no\">\n\t\t\t\t\t<div class=\"elementor-column elementor-col-100 elementor-top-column elementor-element elementor-element-86a487f\" data-id=\"86a487f\" data-element_type=\"column\">\n\t\t\t<div class=\"elementor-widget-wrap elementor-element-populated\">\n\t\t\t\t\t\t<div class=\"elementor-element elementor-element-3190636 elementor-widget elementor-widget-global elementor-global-500 elementor-widget-spacer\" data-id=\"3190636\" data-element_type=\"widget\" data-widget_type=\"spacer.default\">\n\t\t\t\t<div class=\"elementor-widget-container\">\n\t\t\t\t\t<div class=\"elementor-spacer\">\n\t\t\t<div class=\"elementor-spacer-inner\"><\/div>\n\t\t<\/div>\n\t\t\t\t<\/div>\n\t\t\t\t<\/div>\n\t\t\t\t\t<\/div>\n\t\t<\/div>\n\t\t\t\t\t<\/div>\n\t\t<\/section>\n\t\t\t\t<\/div>\n\t\t","protected":false},"excerpt":{"rendered":"<p>Not\u00edcias 2021<\/p>\n","protected":false},"author":1,"featured_media":0,"parent":0,"menu_order":0,"comment_status":"closed","ping_status":"closed","template":"","meta":{"footnotes":""},"class_list":["post-2839","page","type-page","status-publish","hentry"],"yoast_head":"<!-- This site is optimized with the Yoast SEO plugin v23.8 - https:\/\/yoast.com\/wordpress\/plugins\/seo\/ -->\n<title>2021 - APRH<\/title>\n<meta name=\"robots\" content=\"index, follow, max-snippet:-1, max-image-preview:large, max-video-preview:-1\" \/>\n<link rel=\"canonical\" href=\"https:\/\/aprh.pt\/pt\/noticias-2021\/\" \/>\n<meta property=\"og:locale\" content=\"pt_PT\" \/>\n<meta property=\"og:type\" content=\"article\" \/>\n<meta property=\"og:title\" content=\"2021 - APRH\" \/>\n<meta property=\"og:description\" content=\"Not\u00edcias 2021\" \/>\n<meta property=\"og:url\" content=\"https:\/\/aprh.pt\/pt\/noticias-2021\/\" \/>\n<meta property=\"og:site_name\" content=\"APRH\" \/>\n<meta property=\"article:modified_time\" content=\"2022-10-11T14:18:57+00:00\" \/>\n<meta name=\"twitter:card\" content=\"summary_large_image\" \/>\n<meta name=\"twitter:label1\" content=\"Tempo estimado de leitura\" \/>\n\t<meta name=\"twitter:data1\" content=\"1 minuto\" \/>\n<script type=\"application\/ld+json\" class=\"yoast-schema-graph\">{\"@context\":\"https:\/\/schema.org\",\"@graph\":[{\"@type\":\"WebPage\",\"@id\":\"https:\/\/aprh.pt\/pt\/noticias-2021\/\",\"url\":\"https:\/\/aprh.pt\/pt\/noticias-2021\/\",\"name\":\"2021 - APRH\",\"isPartOf\":{\"@id\":\"https:\/\/aprh.pt\/pt\/#website\"},\"datePublished\":\"2022-05-11T09:40:43+00:00\",\"dateModified\":\"2022-10-11T14:18:57+00:00\",\"breadcrumb\":{\"@id\":\"https:\/\/aprh.pt\/pt\/noticias-2021\/#breadcrumb\"},\"inLanguage\":\"pt-PT\",\"potentialAction\":[{\"@type\":\"ReadAction\",\"target\":[\"https:\/\/aprh.pt\/pt\/noticias-2021\/\"]}]},{\"@type\":\"BreadcrumbList\",\"@id\":\"https:\/\/aprh.pt\/pt\/noticias-2021\/#breadcrumb\",\"itemListElement\":[{\"@type\":\"ListItem\",\"position\":1,\"name\":\"Home\",\"item\":\"https:\/\/aprh.pt\/pt\/\"},{\"@type\":\"ListItem\",\"position\":2,\"name\":\"2021\"}]},{\"@type\":\"WebSite\",\"@id\":\"https:\/\/aprh.pt\/pt\/#website\",\"url\":\"https:\/\/aprh.pt\/pt\/\",\"name\":\"APRH\",\"description\":\"Associa\u00e7\u00e3o Portuguesa dos Recursos H\u00eddricos\",\"publisher\":{\"@id\":\"https:\/\/aprh.pt\/pt\/#organization\"},\"potentialAction\":[{\"@type\":\"SearchAction\",\"target\":{\"@type\":\"EntryPoint\",\"urlTemplate\":\"https:\/\/aprh.pt\/pt\/?s={search_term_string}\"},\"query-input\":{\"@type\":\"PropertyValueSpecification\",\"valueRequired\":true,\"valueName\":\"search_term_string\"}}],\"inLanguage\":\"pt-PT\"},{\"@type\":\"Organization\",\"@id\":\"https:\/\/aprh.pt\/pt\/#organization\",\"name\":\"APRH\",\"url\":\"https:\/\/aprh.pt\/pt\/\",\"logo\":{\"@type\":\"ImageObject\",\"inLanguage\":\"pt-PT\",\"@id\":\"https:\/\/aprh.pt\/pt\/#\/schema\/logo\/image\/\",\"url\":\"https:\/\/aprh.pt\/wp-content\/uploads\/2022\/04\/logotipo.png\",\"contentUrl\":\"https:\/\/aprh.pt\/wp-content\/uploads\/2022\/04\/logotipo.png\",\"width\":181,\"height\":80,\"caption\":\"APRH\"},\"image\":{\"@id\":\"https:\/\/aprh.pt\/pt\/#\/schema\/logo\/image\/\"}}]}<\/script>\n<!-- \/ Yoast SEO plugin. -->","yoast_head_json":{"title":"2021 - APRH","robots":{"index":"index","follow":"follow","max-snippet":"max-snippet:-1","max-image-preview":"max-image-preview:large","max-video-preview":"max-video-preview:-1"},"canonical":"https:\/\/aprh.pt\/pt\/noticias-2021\/","og_locale":"pt_PT","og_type":"article","og_title":"2021 - APRH","og_description":"Not\u00edcias 2021","og_url":"https:\/\/aprh.pt\/pt\/noticias-2021\/","og_site_name":"APRH","article_modified_time":"2022-10-11T14:18:57+00:00","twitter_card":"summary_large_image","twitter_misc":{"Tempo estimado de leitura":"1 minuto"},"schema":{"@context":"https:\/\/schema.org","@graph":[{"@type":"WebPage","@id":"https:\/\/aprh.pt\/pt\/noticias-2021\/","url":"https:\/\/aprh.pt\/pt\/noticias-2021\/","name":"2021 - APRH","isPartOf":{"@id":"https:\/\/aprh.pt\/pt\/#website"},"datePublished":"2022-05-11T09:40:43+00:00","dateModified":"2022-10-11T14:18:57+00:00","breadcrumb":{"@id":"https:\/\/aprh.pt\/pt\/noticias-2021\/#breadcrumb"},"inLanguage":"pt-PT","potentialAction":[{"@type":"ReadAction","target":["https:\/\/aprh.pt\/pt\/noticias-2021\/"]}]},{"@type":"BreadcrumbList","@id":"https:\/\/aprh.pt\/pt\/noticias-2021\/#breadcrumb","itemListElement":[{"@type":"ListItem","position":1,"name":"Home","item":"https:\/\/aprh.pt\/pt\/"},{"@type":"ListItem","position":2,"name":"2021"}]},{"@type":"WebSite","@id":"https:\/\/aprh.pt\/pt\/#website","url":"https:\/\/aprh.pt\/pt\/","name":"APRH","description":"Associa\u00e7\u00e3o Portuguesa dos Recursos H\u00eddricos","publisher":{"@id":"https:\/\/aprh.pt\/pt\/#organization"},"potentialAction":[{"@type":"SearchAction","target":{"@type":"EntryPoint","urlTemplate":"https:\/\/aprh.pt\/pt\/?s={search_term_string}"},"query-input":{"@type":"PropertyValueSpecification","valueRequired":true,"valueName":"search_term_string"}}],"inLanguage":"pt-PT"},{"@type":"Organization","@id":"https:\/\/aprh.pt\/pt\/#organization","name":"APRH","url":"https:\/\/aprh.pt\/pt\/","logo":{"@type":"ImageObject","inLanguage":"pt-PT","@id":"https:\/\/aprh.pt\/pt\/#\/schema\/logo\/image\/","url":"https:\/\/aprh.pt\/wp-content\/uploads\/2022\/04\/logotipo.png","contentUrl":"https:\/\/aprh.pt\/wp-content\/uploads\/2022\/04\/logotipo.png","width":181,"height":80,"caption":"APRH"},"image":{"@id":"https:\/\/aprh.pt\/pt\/#\/schema\/logo\/image\/"}}]}},"_links":{"self":[{"href":"https:\/\/aprh.pt\/pt\/wp-json\/wp\/v2\/pages\/2839","targetHints":{"allow":["GET"]}}],"collection":[{"href":"https:\/\/aprh.pt\/pt\/wp-json\/wp\/v2\/pages"}],"about":[{"href":"https:\/\/aprh.pt\/pt\/wp-json\/wp\/v2\/types\/page"}],"author":[{"embeddable":true,"href":"https:\/\/aprh.pt\/pt\/wp-json\/wp\/v2\/users\/1"}],"replies":[{"embeddable":true,"href":"https:\/\/aprh.pt\/pt\/wp-json\/wp\/v2\/comments?post=2839"}],"version-history":[{"count":26,"href":"https:\/\/aprh.pt\/pt\/wp-json\/wp\/v2\/pages\/2839\/revisions"}],"predecessor-version":[{"id":61508,"href":"https:\/\/aprh.pt\/pt\/wp-json\/wp\/v2\/pages\/2839\/revisions\/61508"}],"wp:attachment":[{"href":"https:\/\/aprh.pt\/pt\/wp-json\/wp\/v2\/media?parent=2839"}],"curies":[{"name":"wp","href":"https:\/\/api.w.org\/{rel}","templated":true}]}}