{"id":3,"date":"2022-04-05T08:20:30","date_gmt":"2022-04-05T08:20:30","guid":{"rendered":"https:\/\/aprh.zalox.pt\/?page_id=3"},"modified":"2022-09-20T13:21:03","modified_gmt":"2022-09-20T13:21:03","slug":"politica-de-privacidade-da-aprh","status":"publish","type":"page","link":"https:\/\/aprh.pt\/pt\/politica-de-privacidade-da-aprh\/","title":{"rendered":"Pol\u00edtica de privacidade da APRH"},"content":{"rendered":"\t\t<div data-elementor-type=\"wp-page\" data-elementor-id=\"3\" class=\"elementor elementor-3\" data-elementor-post-type=\"page\">\n\t\t\t\t\t\t<section class=\"elementor-section elementor-top-section elementor-element elementor-element-216b17f6 elementor-section-boxed elementor-section-height-default elementor-section-height-default\" data-id=\"216b17f6\" data-element_type=\"section\">\n\t\t\t\t\t\t<div class=\"elementor-container elementor-column-gap-no\">\n\t\t\t\t\t<div class=\"elementor-column elementor-col-100 elementor-top-column elementor-element elementor-element-7f7ad52d\" data-id=\"7f7ad52d\" data-element_type=\"column\">\n\t\t\t<div class=\"elementor-widget-wrap elementor-element-populated\">\n\t\t\t\t\t\t<div class=\"elementor-element elementor-element-30d64e7d elementor-widget elementor-widget-global elementor-global-475 elementor-widget-spacer\" data-id=\"30d64e7d\" data-element_type=\"widget\" data-widget_type=\"spacer.default\">\n\t\t\t\t<div class=\"elementor-widget-container\">\n\t\t\t\t\t<div class=\"elementor-spacer\">\n\t\t\t<div class=\"elementor-spacer-inner\"><\/div>\n\t\t<\/div>\n\t\t\t\t<\/div>\n\t\t\t\t<\/div>\n\t\t\t\t\t<\/div>\n\t\t<\/div>\n\t\t\t\t\t<\/div>\n\t\t<\/section>\n\t\t\t\t<section class=\"elementor-section elementor-top-section elementor-element elementor-element-366e42cf elementor-section-boxed elementor-section-height-default elementor-section-height-default\" data-id=\"366e42cf\" data-element_type=\"section\">\n\t\t\t\t\t\t<div class=\"elementor-container elementor-column-gap-no\">\n\t\t\t\t\t<div class=\"elementor-column elementor-col-25 elementor-top-column elementor-element elementor-element-2727bbea\" data-id=\"2727bbea\" data-element_type=\"column\">\n\t\t\t<div class=\"elementor-widget-wrap elementor-element-populated\">\n\t\t\t\t\t\t<div class=\"elementor-element elementor-element-14c338b9 elementor-widget elementor-widget-heading\" data-id=\"14c338b9\" data-element_type=\"widget\" data-widget_type=\"heading.default\">\n\t\t\t\t<div class=\"elementor-widget-container\">\n\t\t\t<h2 class=\"elementor-heading-title elementor-size-default\">Pol\u00edtica de Privacidade<\/h2>\t\t<\/div>\n\t\t\t\t<\/div>\n\t\t\t\t\t<\/div>\n\t\t<\/div>\n\t\t\t\t<div class=\"elementor-column elementor-col-50 elementor-top-column elementor-element elementor-element-12a7d50c\" data-id=\"12a7d50c\" data-element_type=\"column\">\n\t\t\t<div class=\"elementor-widget-wrap elementor-element-populated\">\n\t\t\t\t\t\t<div class=\"elementor-element elementor-element-668e460e elementor-widget elementor-widget-text-editor\" data-id=\"668e460e\" data-element_type=\"widget\" data-widget_type=\"text-editor.default\">\n\t\t\t\t<div class=\"elementor-widget-container\">\n\t\t\t\t\t\t\t<p>A Associa\u00e7\u00e3o Portuguesa dos Recursos H\u00eddricos (APRH) \u00e9 uma associa\u00e7\u00e3o de utilidade p\u00fablica sem fins lucrativos que integra associados singulares e colectivos.<\/p><p>A nossa sede fica em Lisboa, no LNEC (Laborat\u00f3rio Nacional de Engenharia Civil), e as nossas atividades s\u00e3o orientadas por uma Comiss\u00e3o Diretiva e os restantes org\u00e3os sociais da APRH (<a href=\"https:\/\/aprh.pt\/estrutura-funcional\">https:\/\/aprh.pt\/estrutura-funcional<\/a>).<\/p><p>Esta pol\u00edtica de privacidade explica como usamos a informa\u00e7\u00e3o pessoal dos associados e n\u00e3o associados.<\/p><p>T\u00f3picos abrangidos por esta pol\u00edtica:<\/p><ul><li>O nosso compromisso consigo em rela\u00e7\u00e3o \u00e0 informa\u00e7\u00e3o disponibilizada pela APRH<\/li><li>Que informa\u00e7\u00e3o recolhemos acerca dos nossos utilizadores?<\/li><li>Como usamos essa informa\u00e7\u00e3o acerca de si?<\/li><li>Como protegemos os seus dados?<\/li><li>Acesso \u00e0 sua informa\u00e7\u00e3o e corre\u00e7\u00e3o da mesma<\/li><li>Mudan\u00e7as \u00e0 nossa pol\u00edtica de privacidade<\/li><li>Como nos contactar?<\/li><\/ul>\t\t\t\t\t\t<\/div>\n\t\t\t\t<\/div>\n\t\t\t\t<div class=\"elementor-element elementor-element-74dc74f elementor-widget elementor-widget-heading\" data-id=\"74dc74f\" data-element_type=\"widget\" data-widget_type=\"heading.default\">\n\t\t\t\t<div class=\"elementor-widget-container\">\n\t\t\t<h2 class=\"elementor-heading-title elementor-size-default\">O nosso compromisso consigo em rela\u00e7\u00e3o \u00e0 informa\u00e7\u00e3o disponibilizada pela APRH\n\n<\/h2>\t\t<\/div>\n\t\t\t\t<\/div>\n\t\t\t\t<div class=\"elementor-element elementor-element-559d34b6 elementor-widget elementor-widget-text-editor\" data-id=\"559d34b6\" data-element_type=\"widget\" data-widget_type=\"text-editor.default\">\n\t\t\t\t<div class=\"elementor-widget-container\">\n\t\t\t\t\t\t\t<p>A APRH est\u00e1 investida em proteger e respeitar a sua privacidade.<\/p><p>N\u00f3s cumpriremos com o Regulamento Geral de Prote\u00e7\u00e3o de Dados (RGPD) quando processarmos os seus dados.<\/p><p>Ao disponibilizar as suas informa\u00e7\u00f5es pessoais \u00e0 APRH concorda com a compila\u00e7\u00e3o, grava\u00e7\u00e3o e uso desses dados por n\u00f3s em acordo com esta Pol\u00edtica de Privacidade.<\/p><p>Mais detalhes sobre o RGPD poder\u00e3o ser encontrados no site &#8216;<a href=\"https:\/\/protecao-dados.pt\/o-regulamento\/\" target=\"_blank\" rel=\"noopener\">Prote\u00e7\u00e3o de Dados<\/a>&#8216;\u00a0e no site &#8216;<a href=\"https:\/\/www.cnpd.pt\/\" target=\"_blank\" rel=\"noopener\">Comiss\u00e3o Nacional de Prote\u00e7\u00e3o de Dados<\/a>&#8216;. Para os diversos motivos da aplica\u00e7\u00e3o do RGPD, a APRH \u00e9 a respons\u00e1vel pela utiliza\u00e7\u00e3o dos seus dados.<\/p><p>N\u00f3s reservamo-nos o direito de emendar esta Pol\u00edtica de Privacidade, se tal for necess\u00e1rio, sem a obriga\u00e7\u00e3o de aviso com anteced\u00eancia. \u00c9 aconselhado a consultar o nosso site www.aprh.pt para qualquer altera\u00e7\u00e3o a esta Pol\u00edtica de Privacidade.<\/p>\t\t\t\t\t\t<\/div>\n\t\t\t\t<\/div>\n\t\t\t\t<div class=\"elementor-element elementor-element-80e8076 elementor-widget elementor-widget-heading\" data-id=\"80e8076\" data-element_type=\"widget\" data-widget_type=\"heading.default\">\n\t\t\t\t<div class=\"elementor-widget-container\">\n\t\t\t<h2 class=\"elementor-heading-title elementor-size-default\">Que informa\u00e7\u00e3o recolhemos acerca dos nossos utilizadores?\n\n<\/h2>\t\t<\/div>\n\t\t\t\t<\/div>\n\t\t\t\t<div class=\"elementor-element elementor-element-615be825 elementor-widget elementor-widget-text-editor\" data-id=\"615be825\" data-element_type=\"widget\" data-widget_type=\"text-editor.default\">\n\t\t\t\t<div class=\"elementor-widget-container\">\n\t\t\t\t\t\t\t<p>Recebemos e processamos informa\u00e7\u00e3o pessoal dos nossos associados relativa \u00e0s quotiza\u00e7\u00f5es, inscri\u00e7\u00f5es em eventos e correspond\u00eancia geral, e dos nossos n\u00e3o associados, inscri\u00e7\u00f5es em eventos e correspond\u00eancia geral.<\/p><p>Para os utilizadores do nosso site, a informa\u00e7\u00e3o recolhida \u00e9 processada pelo Google Analytics apenas para as m\u00e9tricas da aflu\u00eancia ao nosso site.<\/p>\t\t\t\t\t\t<\/div>\n\t\t\t\t<\/div>\n\t\t\t\t<div class=\"elementor-element elementor-element-40cfc125 elementor-widget elementor-widget-heading\" data-id=\"40cfc125\" data-element_type=\"widget\" data-widget_type=\"heading.default\">\n\t\t\t\t<div class=\"elementor-widget-container\">\n\t\t\t<h2 class=\"elementor-heading-title elementor-size-default\">Como usamos essa informa\u00e7\u00e3o acerca de si?\n\n\n<\/h2>\t\t<\/div>\n\t\t\t\t<\/div>\n\t\t\t\t<div class=\"elementor-element elementor-element-a0c522a elementor-widget elementor-widget-text-editor\" data-id=\"a0c522a\" data-element_type=\"widget\" data-widget_type=\"text-editor.default\">\n\t\t\t\t<div class=\"elementor-widget-container\">\n\t\t\t\t\t\t\t<p>A informa\u00e7\u00e3o pessoal \u00e9 armazenada e processada em acordo com o RGPD. N\u00f3s n\u00e3o divulgamos a sua informa\u00e7\u00e3o pessoal a terceiros.<\/p><p>N\u00f3s gostar\u00edamos de lhe enviar informa\u00e7\u00e3o acerca da atividade da APRH, que n\u00f3s acreditamos ser do melhor interesse para si. Pode vir a receber estas informa\u00e7\u00f5es se j\u00e1 deu o seu consentimento atrav\u00e9s do preenchimento do\u00a0<a href=\"https:\/\/docs.google.com\/forms\/d\/e\/1FAIpQLSciHQ9oPEzx58OhEJixNicWepisH4Hnkx329I2ekTDbFvXCUA\/viewform\" target=\"_blank\" rel=\"noopener\">question\u00e1rio<\/a>\u00a0ou se existe um leg\u00edtimo interesse de lhe enviar alguma informa\u00e7\u00e3o acerca de servi\u00e7os ou oportunidades relativas \u00e0s atividades da APRH.<\/p><p>Pode remover-se da lista de correspond\u00eancia da APRH a qualquer momento, bastando para isso comunicar essa inten\u00e7\u00e3o para\u00a0<a href=\"mailto:aprh@aprh.pt\" target=\"_blank\" rel=\"noopener\">aprh@aprh.pt<\/a><\/p>\t\t\t\t\t\t<\/div>\n\t\t\t\t<\/div>\n\t\t\t\t<div class=\"elementor-element elementor-element-7322ac3 elementor-widget elementor-widget-heading\" data-id=\"7322ac3\" data-element_type=\"widget\" data-widget_type=\"heading.default\">\n\t\t\t\t<div class=\"elementor-widget-container\">\n\t\t\t<h2 class=\"elementor-heading-title elementor-size-default\">Como protegemos os seus dados?\n\n<\/h2>\t\t<\/div>\n\t\t\t\t<\/div>\n\t\t\t\t<div class=\"elementor-element elementor-element-0119739 elementor-widget elementor-widget-text-editor\" data-id=\"0119739\" data-element_type=\"widget\" data-widget_type=\"text-editor.default\">\n\t\t\t\t<div class=\"elementor-widget-container\">\n\t\t\t\t\t\t\t<p>N\u00f3s protegemos os seus dados de usos il\u00edcitos e n\u00e3o autorizados.<\/p><p>N\u00f3s guardamos os seus dados nos nossos sistemas pelo tempo necess\u00e1rio para cumprir com as nossas obriga\u00e7\u00f5es legais. Ser\u00e1 notificado caso exista alguma quebra de seguran\u00e7a que ponha em causa os seus dados e o possa expor a algum risco.<\/p><p>Todas as informa\u00e7\u00f5es financeiras que guardamos sobre si ser\u00e3o seguramente destru\u00eddas uma vez que j\u00e1 n\u00e3o sejam necess\u00e1rias e obrigadas a serem armazenadas.<\/p>\t\t\t\t\t\t<\/div>\n\t\t\t\t<\/div>\n\t\t\t\t<div class=\"elementor-element elementor-element-73df8ed elementor-widget elementor-widget-heading\" data-id=\"73df8ed\" data-element_type=\"widget\" data-widget_type=\"heading.default\">\n\t\t\t\t<div class=\"elementor-widget-container\">\n\t\t\t<h2 class=\"elementor-heading-title elementor-size-default\">Acesso \u00e0 sua informa\u00e7\u00e3o e corre\u00e7\u00e3o da mesma\n\n\n\n<\/h2>\t\t<\/div>\n\t\t\t\t<\/div>\n\t\t\t\t<div class=\"elementor-element elementor-element-d0daf02 elementor-widget elementor-widget-text-editor\" data-id=\"d0daf02\" data-element_type=\"widget\" data-widget_type=\"text-editor.default\">\n\t\t\t\t<div class=\"elementor-widget-container\">\n\t\t\t\t\t\t\t<p>Tem o direito de pedir uma c\u00f3pia de toda a informa\u00e7\u00e3o que guardamos sobre si. N\u00f3s queremos ter a certeza que a sua informa\u00e7\u00e3o \u00e9 correta e atualizada. Pode pedir-nos para corrigir ou remover informa\u00e7\u00e3o que pense ser incorreta.<\/p><p>Se desejar uma c\u00f3pia de parte ou toda a sua informa\u00e7\u00e3o pessoal, por favor envie email (<span id=\"cloak022aea5630889fe78ccf90bd84fc2ec9\"><a href=\"mailto:aprh@aprh.pt\">aprh@aprh.pt<\/a><\/span>) ou correspond\u00eancia (APRH &#8211; a\/c LNEC &#8211; Av. do Brasil, 101 &#8211; 1700-066 LISBOA). O \u00fanico encargo que ter\u00e1 \u00e9 o pagamento do envio de correspond\u00eancia<\/p>\t\t\t\t\t\t<\/div>\n\t\t\t\t<\/div>\n\t\t\t\t<div class=\"elementor-element elementor-element-b94fd34 elementor-widget elementor-widget-heading\" data-id=\"b94fd34\" data-element_type=\"widget\" data-widget_type=\"heading.default\">\n\t\t\t\t<div class=\"elementor-widget-container\">\n\t\t\t<h2 class=\"elementor-heading-title elementor-size-default\">Mudan\u00e7as \u00e0 nossa pol\u00edtica de privacidade\n\n<\/h2>\t\t<\/div>\n\t\t\t\t<\/div>\n\t\t\t\t<div class=\"elementor-element elementor-element-d669270 elementor-widget elementor-widget-text-editor\" data-id=\"d669270\" data-element_type=\"widget\" data-widget_type=\"text-editor.default\">\n\t\t\t\t<div class=\"elementor-widget-container\">\n\t\t\t\t\t\t\t<p>N\u00f3s mantemos a nossa Pol\u00edtica de Privacidade sobre regular revis\u00e3o e colocaremos eventuais emendas nesta mesma p\u00e1gina. Esta Pol\u00edtica de Privacidade foi emendada em 25 de maio de 2018.<\/p>\t\t\t\t\t\t<\/div>\n\t\t\t\t<\/div>\n\t\t\t\t<div class=\"elementor-element elementor-element-b528b74 elementor-widget elementor-widget-heading\" data-id=\"b528b74\" data-element_type=\"widget\" data-widget_type=\"heading.default\">\n\t\t\t\t<div class=\"elementor-widget-container\">\n\t\t\t<h2 class=\"elementor-heading-title elementor-size-default\">Como nos contactar?\n\n<\/h2>\t\t<\/div>\n\t\t\t\t<\/div>\n\t\t\t\t<div class=\"elementor-element elementor-element-8091458 elementor-widget elementor-widget-text-editor\" data-id=\"8091458\" data-element_type=\"widget\" data-widget_type=\"text-editor.default\">\n\t\t\t\t<div class=\"elementor-widget-container\">\n\t\t\t\t\t\t\t<p>Se tem alguma quest\u00e3o acerca da nossa Pol\u00edtica de Privacidade ou informa\u00e7\u00e3o que guardamos acerca de si, por favor, n\u00e3o hesite em contactar-nos por email (<a href=\"mailto:aprh@aprh.pt\" target=\"_blank\" rel=\"noopener\">aprh@aprh.pt<\/a>) ou telefone (21 844 34 28) ou correspond\u00eancia (APRH &#8211; a\/c LNEC &#8211; Av. do Brasil, 101 &#8211; 1700-066 LISBOA).<\/p>\t\t\t\t\t\t<\/div>\n\t\t\t\t<\/div>\n\t\t\t\t\t<\/div>\n\t\t<\/div>\n\t\t\t\t<div class=\"elementor-column elementor-col-25 elementor-top-column elementor-element elementor-element-79fe239e elementor-hidden-tablet elementor-hidden-mobile\" data-id=\"79fe239e\" data-element_type=\"column\">\n\t\t\t<div class=\"elementor-widget-wrap\">\n\t\t\t\t\t\t\t<\/div>\n\t\t<\/div>\n\t\t\t\t\t<\/div>\n\t\t<\/section>\n\t\t\t\t<section class=\"elementor-section elementor-top-section elementor-element elementor-element-5f2dab9 elementor-section-boxed elementor-section-height-default elementor-section-height-default\" data-id=\"5f2dab9\" data-element_type=\"section\">\n\t\t\t\t\t\t<div class=\"elementor-container elementor-column-gap-no\">\n\t\t\t\t\t<div class=\"elementor-column elementor-col-100 elementor-top-column elementor-element elementor-element-136f57e6\" data-id=\"136f57e6\" data-element_type=\"column\">\n\t\t\t<div class=\"elementor-widget-wrap elementor-element-populated\">\n\t\t\t\t\t\t<div class=\"elementor-element elementor-element-72e1c24 elementor-widget elementor-widget-global elementor-global-500 elementor-widget-spacer\" data-id=\"72e1c24\" data-element_type=\"widget\" data-widget_type=\"spacer.default\">\n\t\t\t\t<div class=\"elementor-widget-container\">\n\t\t\t\t\t<div class=\"elementor-spacer\">\n\t\t\t<div class=\"elementor-spacer-inner\"><\/div>\n\t\t<\/div>\n\t\t\t\t<\/div>\n\t\t\t\t<\/div>\n\t\t\t\t\t<\/div>\n\t\t<\/div>\n\t\t\t\t\t<\/div>\n\t\t<\/section>\n\t\t\t\t<\/div>\n\t\t","protected":false},"excerpt":{"rendered":"<p>Pol\u00edtica de Privacidade A Associa\u00e7\u00e3o Portuguesa dos Recursos H\u00eddricos (APRH) \u00e9 uma associa\u00e7\u00e3o de utilidade p\u00fablica sem fins lucrativos que integra associados singulares e colectivos. A nossa sede fica em Lisboa, no LNEC (Laborat\u00f3rio Nacional de Engenharia Civil), e as nossas atividades s\u00e3o orientadas por uma Comiss\u00e3o Diretiva e os restantes org\u00e3os sociais da APRH [&hellip;]<\/p>\n","protected":false},"author":1,"featured_media":0,"parent":0,"menu_order":0,"comment_status":"closed","ping_status":"closed","template":"","meta":{"footnotes":""},"class_list":["post-3","page","type-page","status-publish","hentry"],"yoast_head":"<!-- This site is optimized with the Yoast SEO plugin v23.8 - https:\/\/yoast.com\/wordpress\/plugins\/seo\/ -->\n<title>Pol\u00edtica de privacidade da APRH - APRH<\/title>\n<meta name=\"robots\" content=\"index, follow, max-snippet:-1, max-image-preview:large, max-video-preview:-1\" \/>\n<link rel=\"canonical\" href=\"https:\/\/aprh.pt\/pt\/politica-de-privacidade-da-aprh\/\" \/>\n<meta property=\"og:locale\" content=\"pt_PT\" \/>\n<meta property=\"og:type\" content=\"article\" \/>\n<meta property=\"og:title\" content=\"Pol\u00edtica de privacidade da APRH - APRH\" \/>\n<meta property=\"og:description\" content=\"Pol\u00edtica de Privacidade A Associa\u00e7\u00e3o Portuguesa dos Recursos H\u00eddricos (APRH) \u00e9 uma associa\u00e7\u00e3o de utilidade p\u00fablica sem fins lucrativos que integra associados singulares e colectivos. A nossa sede fica em Lisboa, no LNEC (Laborat\u00f3rio Nacional de Engenharia Civil), e as nossas atividades s\u00e3o orientadas por uma Comiss\u00e3o Diretiva e os restantes org\u00e3os sociais da APRH [&hellip;]\" \/>\n<meta property=\"og:url\" content=\"https:\/\/aprh.pt\/pt\/politica-de-privacidade-da-aprh\/\" \/>\n<meta property=\"og:site_name\" content=\"APRH\" \/>\n<meta property=\"article:modified_time\" content=\"2022-09-20T13:21:03+00:00\" \/>\n<meta name=\"twitter:card\" content=\"summary_large_image\" \/>\n<meta name=\"twitter:label1\" content=\"Tempo estimado de leitura\" \/>\n\t<meta name=\"twitter:data1\" content=\"4 minutos\" \/>\n<script type=\"application\/ld+json\" class=\"yoast-schema-graph\">{\"@context\":\"https:\/\/schema.org\",\"@graph\":[{\"@type\":\"WebPage\",\"@id\":\"https:\/\/aprh.pt\/pt\/politica-de-privacidade-da-aprh\/\",\"url\":\"https:\/\/aprh.pt\/pt\/politica-de-privacidade-da-aprh\/\",\"name\":\"Pol\u00edtica de privacidade da APRH - APRH\",\"isPartOf\":{\"@id\":\"https:\/\/aprh.pt\/pt\/#website\"},\"datePublished\":\"2022-04-05T08:20:30+00:00\",\"dateModified\":\"2022-09-20T13:21:03+00:00\",\"breadcrumb\":{\"@id\":\"https:\/\/aprh.pt\/pt\/politica-de-privacidade-da-aprh\/#breadcrumb\"},\"inLanguage\":\"pt-PT\",\"potentialAction\":[{\"@type\":\"ReadAction\",\"target\":[\"https:\/\/aprh.pt\/pt\/politica-de-privacidade-da-aprh\/\"]}]},{\"@type\":\"BreadcrumbList\",\"@id\":\"https:\/\/aprh.pt\/pt\/politica-de-privacidade-da-aprh\/#breadcrumb\",\"itemListElement\":[{\"@type\":\"ListItem\",\"position\":1,\"name\":\"Home\",\"item\":\"https:\/\/aprh.pt\/pt\/\"},{\"@type\":\"ListItem\",\"position\":2,\"name\":\"Pol\u00edtica de privacidade da APRH\"}]},{\"@type\":\"WebSite\",\"@id\":\"https:\/\/aprh.pt\/pt\/#website\",\"url\":\"https:\/\/aprh.pt\/pt\/\",\"name\":\"APRH\",\"description\":\"Associa\u00e7\u00e3o Portuguesa dos Recursos H\u00eddricos\",\"publisher\":{\"@id\":\"https:\/\/aprh.pt\/pt\/#organization\"},\"potentialAction\":[{\"@type\":\"SearchAction\",\"target\":{\"@type\":\"EntryPoint\",\"urlTemplate\":\"https:\/\/aprh.pt\/pt\/?s={search_term_string}\"},\"query-input\":{\"@type\":\"PropertyValueSpecification\",\"valueRequired\":true,\"valueName\":\"search_term_string\"}}],\"inLanguage\":\"pt-PT\"},{\"@type\":\"Organization\",\"@id\":\"https:\/\/aprh.pt\/pt\/#organization\",\"name\":\"APRH\",\"url\":\"https:\/\/aprh.pt\/pt\/\",\"logo\":{\"@type\":\"ImageObject\",\"inLanguage\":\"pt-PT\",\"@id\":\"https:\/\/aprh.pt\/pt\/#\/schema\/logo\/image\/\",\"url\":\"https:\/\/aprh.pt\/wp-content\/uploads\/2022\/04\/logotipo.png\",\"contentUrl\":\"https:\/\/aprh.pt\/wp-content\/uploads\/2022\/04\/logotipo.png\",\"width\":181,\"height\":80,\"caption\":\"APRH\"},\"image\":{\"@id\":\"https:\/\/aprh.pt\/pt\/#\/schema\/logo\/image\/\"}}]}<\/script>\n<!-- \/ Yoast SEO plugin. -->","yoast_head_json":{"title":"Pol\u00edtica de privacidade da APRH - APRH","robots":{"index":"index","follow":"follow","max-snippet":"max-snippet:-1","max-image-preview":"max-image-preview:large","max-video-preview":"max-video-preview:-1"},"canonical":"https:\/\/aprh.pt\/pt\/politica-de-privacidade-da-aprh\/","og_locale":"pt_PT","og_type":"article","og_title":"Pol\u00edtica de privacidade da APRH - APRH","og_description":"Pol\u00edtica de Privacidade A Associa\u00e7\u00e3o Portuguesa dos Recursos H\u00eddricos (APRH) \u00e9 uma associa\u00e7\u00e3o de utilidade p\u00fablica sem fins lucrativos que integra associados singulares e colectivos. A nossa sede fica em Lisboa, no LNEC (Laborat\u00f3rio Nacional de Engenharia Civil), e as nossas atividades s\u00e3o orientadas por uma Comiss\u00e3o Diretiva e os restantes org\u00e3os sociais da APRH [&hellip;]","og_url":"https:\/\/aprh.pt\/pt\/politica-de-privacidade-da-aprh\/","og_site_name":"APRH","article_modified_time":"2022-09-20T13:21:03+00:00","twitter_card":"summary_large_image","twitter_misc":{"Tempo estimado de leitura":"4 minutos"},"schema":{"@context":"https:\/\/schema.org","@graph":[{"@type":"WebPage","@id":"https:\/\/aprh.pt\/pt\/politica-de-privacidade-da-aprh\/","url":"https:\/\/aprh.pt\/pt\/politica-de-privacidade-da-aprh\/","name":"Pol\u00edtica de privacidade da APRH - APRH","isPartOf":{"@id":"https:\/\/aprh.pt\/pt\/#website"},"datePublished":"2022-04-05T08:20:30+00:00","dateModified":"2022-09-20T13:21:03+00:00","breadcrumb":{"@id":"https:\/\/aprh.pt\/pt\/politica-de-privacidade-da-aprh\/#breadcrumb"},"inLanguage":"pt-PT","potentialAction":[{"@type":"ReadAction","target":["https:\/\/aprh.pt\/pt\/politica-de-privacidade-da-aprh\/"]}]},{"@type":"BreadcrumbList","@id":"https:\/\/aprh.pt\/pt\/politica-de-privacidade-da-aprh\/#breadcrumb","itemListElement":[{"@type":"ListItem","position":1,"name":"Home","item":"https:\/\/aprh.pt\/pt\/"},{"@type":"ListItem","position":2,"name":"Pol\u00edtica de privacidade da APRH"}]},{"@type":"WebSite","@id":"https:\/\/aprh.pt\/pt\/#website","url":"https:\/\/aprh.pt\/pt\/","name":"APRH","description":"Associa\u00e7\u00e3o Portuguesa dos Recursos H\u00eddricos","publisher":{"@id":"https:\/\/aprh.pt\/pt\/#organization"},"potentialAction":[{"@type":"SearchAction","target":{"@type":"EntryPoint","urlTemplate":"https:\/\/aprh.pt\/pt\/?s={search_term_string}"},"query-input":{"@type":"PropertyValueSpecification","valueRequired":true,"valueName":"search_term_string"}}],"inLanguage":"pt-PT"},{"@type":"Organization","@id":"https:\/\/aprh.pt\/pt\/#organization","name":"APRH","url":"https:\/\/aprh.pt\/pt\/","logo":{"@type":"ImageObject","inLanguage":"pt-PT","@id":"https:\/\/aprh.pt\/pt\/#\/schema\/logo\/image\/","url":"https:\/\/aprh.pt\/wp-content\/uploads\/2022\/04\/logotipo.png","contentUrl":"https:\/\/aprh.pt\/wp-content\/uploads\/2022\/04\/logotipo.png","width":181,"height":80,"caption":"APRH"},"image":{"@id":"https:\/\/aprh.pt\/pt\/#\/schema\/logo\/image\/"}}]}},"_links":{"self":[{"href":"https:\/\/aprh.pt\/pt\/wp-json\/wp\/v2\/pages\/3","targetHints":{"allow":["GET"]}}],"collection":[{"href":"https:\/\/aprh.pt\/pt\/wp-json\/wp\/v2\/pages"}],"about":[{"href":"https:\/\/aprh.pt\/pt\/wp-json\/wp\/v2\/types\/page"}],"author":[{"embeddable":true,"href":"https:\/\/aprh.pt\/pt\/wp-json\/wp\/v2\/users\/1"}],"replies":[{"embeddable":true,"href":"https:\/\/aprh.pt\/pt\/wp-json\/wp\/v2\/comments?post=3"}],"version-history":[{"count":25,"href":"https:\/\/aprh.pt\/pt\/wp-json\/wp\/v2\/pages\/3\/revisions"}],"predecessor-version":[{"id":47729,"href":"https:\/\/aprh.pt\/pt\/wp-json\/wp\/v2\/pages\/3\/revisions\/47729"}],"wp:attachment":[{"href":"https:\/\/aprh.pt\/pt\/wp-json\/wp\/v2\/media?parent=3"}],"curies":[{"name":"wp","href":"https:\/\/api.w.org\/{rel}","templated":true}]}}