{"id":45,"date":"2022-04-05T16:35:50","date_gmt":"2022-04-05T16:35:50","guid":{"rendered":"https:\/\/aprh.zalox.pt\/?page_id=45"},"modified":"2022-06-21T09:18:35","modified_gmt":"2022-06-21T09:18:35","slug":"missao-e-atribuicoes","status":"publish","type":"page","link":"https:\/\/aprh.pt\/pt\/missao-e-atribuicoes\/","title":{"rendered":"Miss\u00e3o e Atribui\u00e7\u00f5es"},"content":{"rendered":"\t\t<div data-elementor-type=\"wp-page\" data-elementor-id=\"45\" class=\"elementor elementor-45\" data-elementor-post-type=\"page\">\n\t\t\t\t\t\t<section class=\"elementor-section elementor-top-section elementor-element elementor-element-346cce21 elementor-section-full_width elementor-section-height-default elementor-section-height-default\" data-id=\"346cce21\" data-element_type=\"section\" data-settings=\"{&quot;background_background&quot;:&quot;classic&quot;}\">\n\t\t\t\t\t\t<div class=\"elementor-container elementor-column-gap-no\">\n\t\t\t\t\t<div class=\"elementor-column elementor-col-100 elementor-top-column elementor-element elementor-element-44e00c55\" data-id=\"44e00c55\" data-element_type=\"column\">\n\t\t\t<div class=\"elementor-widget-wrap elementor-element-populated\">\n\t\t\t\t\t\t<section class=\"elementor-section elementor-inner-section elementor-element elementor-element-774cd22e elementor-section-boxed elementor-section-height-default elementor-section-height-default\" data-id=\"774cd22e\" data-element_type=\"section\">\n\t\t\t\t\t\t<div class=\"elementor-container elementor-column-gap-no\">\n\t\t\t\t\t<div class=\"elementor-column elementor-col-100 elementor-inner-column elementor-element elementor-element-c19ce74\" data-id=\"c19ce74\" data-element_type=\"column\">\n\t\t\t<div class=\"elementor-widget-wrap elementor-element-populated\">\n\t\t\t\t\t\t<div class=\"elementor-element elementor-element-761fdd71 elementor-align-left elementor-widget elementor-widget-global elementor-global-553 elementor-widget-breadcrumbs\" data-id=\"761fdd71\" data-element_type=\"widget\" data-widget_type=\"breadcrumbs.default\">\n\t\t\t\t<div class=\"elementor-widget-container\">\n\t\t\t<p id=\"breadcrumbs\"><span><span><a href=\"https:\/\/aprh.pt\/pt\/\">Home<\/a><\/span><\/span><\/p>\t\t<\/div>\n\t\t\t\t<\/div>\n\t\t\t\t\t<\/div>\n\t\t<\/div>\n\t\t\t\t\t<\/div>\n\t\t<\/section>\n\t\t\t\t\t<\/div>\n\t\t<\/div>\n\t\t\t\t\t<\/div>\n\t\t<\/section>\n\t\t\t\t<section class=\"elementor-section elementor-top-section elementor-element elementor-element-493d649 elementor-section-boxed elementor-section-height-default elementor-section-height-default\" data-id=\"493d649\" data-element_type=\"section\">\n\t\t\t\t\t\t<div class=\"elementor-container elementor-column-gap-default\">\n\t\t\t\t\t<div class=\"elementor-column elementor-col-100 elementor-top-column elementor-element elementor-element-490bb87d\" data-id=\"490bb87d\" data-element_type=\"column\">\n\t\t\t<div class=\"elementor-widget-wrap elementor-element-populated\">\n\t\t\t\t\t\t<div class=\"elementor-element elementor-element-107a2e6b elementor-widget elementor-widget-global elementor-global-475 elementor-widget-spacer\" data-id=\"107a2e6b\" data-element_type=\"widget\" data-widget_type=\"spacer.default\">\n\t\t\t\t<div class=\"elementor-widget-container\">\n\t\t\t\t\t<div class=\"elementor-spacer\">\n\t\t\t<div class=\"elementor-spacer-inner\"><\/div>\n\t\t<\/div>\n\t\t\t\t<\/div>\n\t\t\t\t<\/div>\n\t\t\t\t\t<\/div>\n\t\t<\/div>\n\t\t\t\t\t<\/div>\n\t\t<\/section>\n\t\t\t\t<section class=\"elementor-section elementor-top-section elementor-element elementor-element-cd70009 elementor-section-boxed elementor-section-height-default elementor-section-height-default\" data-id=\"cd70009\" data-element_type=\"section\">\n\t\t\t\t\t\t<div class=\"elementor-container elementor-column-gap-no\">\n\t\t\t\t\t<div class=\"elementor-column elementor-col-25 elementor-top-column elementor-element elementor-element-22b614b\" data-id=\"22b614b\" data-element_type=\"column\">\n\t\t\t<div class=\"elementor-widget-wrap elementor-element-populated\">\n\t\t\t\t\t\t<div class=\"elementor-element elementor-element-fe3a122 elementor-widget elementor-widget-heading\" data-id=\"fe3a122\" data-element_type=\"widget\" data-widget_type=\"heading.default\">\n\t\t\t\t<div class=\"elementor-widget-container\">\n\t\t\t<h1 class=\"elementor-heading-title elementor-size-default\">A Miss\u00e3o...\n<\/h1>\t\t<\/div>\n\t\t\t\t<\/div>\n\t\t\t\t\t<\/div>\n\t\t<\/div>\n\t\t\t\t<div class=\"elementor-column elementor-col-50 elementor-top-column elementor-element elementor-element-55d7e71\" data-id=\"55d7e71\" data-element_type=\"column\">\n\t\t\t<div class=\"elementor-widget-wrap elementor-element-populated\">\n\t\t\t\t\t\t<div class=\"elementor-element elementor-element-e59bd69 elementor-widget elementor-widget-text-editor\" data-id=\"e59bd69\" data-element_type=\"widget\" data-widget_type=\"text-editor.default\">\n\t\t\t\t<div class=\"elementor-widget-container\">\n\t\t\t\t\t\t\t<p>Estimular o tratamento multissectorial e interdisciplinar dos assuntos relacionados com a quantidade e a qualidade das \u00e1guas interiores, estuarinas e costeiras, tanto superficiais como subterr\u00e2neas, constituindo um f\u00f3rum para profissionais de diversas forma\u00e7\u00f5es e sectores de actividade com interven\u00e7\u00e3o no dom\u00ednio dos recursos h\u00eddricos.\u00a0\u00a0<\/p>\t\t\t\t\t\t<\/div>\n\t\t\t\t<\/div>\n\t\t\t\t<div class=\"elementor-element elementor-element-ea720eb elementor-widget elementor-widget-heading\" data-id=\"ea720eb\" data-element_type=\"widget\" data-widget_type=\"heading.default\">\n\t\t\t\t<div class=\"elementor-widget-container\">\n\t\t\t<h2 class=\"elementor-heading-title elementor-size-default\">Os Objectivos\u2026\n<\/h2>\t\t<\/div>\n\t\t\t\t<\/div>\n\t\t\t\t<div class=\"elementor-element elementor-element-7e0c36e elementor-widget elementor-widget-text-editor\" data-id=\"7e0c36e\" data-element_type=\"widget\" data-widget_type=\"text-editor.default\">\n\t\t\t\t<div class=\"elementor-widget-container\">\n\t\t\t\t\t\t\t<p>A promo\u00e7\u00e3o do progresso do conhecimento e a discuss\u00e3o dos problemas relativos aos recursos h\u00eddricos nos dom\u00ednios do planeamento, da gest\u00e3o, do desenvolvimento, da administra\u00e7\u00e3o, da ci\u00eancia, da tecnologia, da investiga\u00e7\u00e3o e do ensino;<\/p><p>A\u00a0dinamiza\u00e7\u00e3o e o apoio a iniciativas que contribuam para a coopera\u00e7\u00e3o e para o di\u00e1logo entre os diferentes intervenientes com vista \u00e0 resolu\u00e7\u00e3o dos problemas existentes no dom\u00ednio dos recursos h\u00eddricos;<\/p><p>A\u00a0participa\u00e7\u00e3o em ac\u00e7\u00f5es de divulga\u00e7\u00e3o dos princ\u00edpios fundamentais de uma pol\u00edtica adequada \u00e0 gest\u00e3o dos recursos h\u00eddricos;<\/p><p>A\u00a0colabora\u00e7\u00e3o com associa\u00e7\u00f5es cong\u00e9neres e a dinamiza\u00e7\u00e3o da participa\u00e7\u00e3o portuguesa em programas internacionais, no dom\u00ednio dos recursos h\u00eddricos com interesse para o Pa\u00eds.<\/p>\t\t\t\t\t\t<\/div>\n\t\t\t\t<\/div>\n\t\t\t\t<div class=\"elementor-element elementor-element-304fe74 elementor-widget elementor-widget-heading\" data-id=\"304fe74\" data-element_type=\"widget\" data-widget_type=\"heading.default\">\n\t\t\t\t<div class=\"elementor-widget-container\">\n\t\t\t<h2 class=\"elementor-heading-title elementor-size-default\"> As Atribui\u00e7\u00f5es...\n<\/h2>\t\t<\/div>\n\t\t\t\t<\/div>\n\t\t\t\t<div class=\"elementor-element elementor-element-acced7c elementor-widget elementor-widget-text-editor\" data-id=\"acced7c\" data-element_type=\"widget\" data-widget_type=\"text-editor.default\">\n\t\t\t\t<div class=\"elementor-widget-container\">\n\t\t\t\t\t\t\t<div class=\"body\"><div class=\"content   \"><div class=\"main container\"><div class=\"row\"><main id=\"content\" class=\"col-md-12\"><div class=\"row\"><div class=\"col-sm-12 col-xs-12\"><div class=\"item-page\"><div class=\"page-article\"><div class=\"row\"><div class=\"col-sm-12\"><div class=\"content\"><p>Organizar reuni\u00f5es, col\u00f3quios, visitas de estudo e outras actividades similares, nos planos nacional e internacional;<\/p><p>Incentivar a realiza\u00e7\u00e3o de ac\u00e7\u00f5es de forma\u00e7\u00e3o e de actualiza\u00e7\u00e3o cient\u00edfica e tecnol\u00f3gica;<\/p><p>Promover ac\u00e7\u00f5es de informa\u00e7\u00e3o e de conhecimento interdisciplinar e intersectorial, nomeadamente atrav\u00e9s da publica\u00e7\u00e3o de um boletim informativo;<\/p><p>Promover a elabora\u00e7\u00e3o e a divulga\u00e7\u00e3o de trabalhos t\u00e9cnicos e cient\u00edficos, nomeadamente atrav\u00e9s da publica\u00e7\u00e3o de uma revista;<\/p><p>Fazer-se representar em comiss\u00f5es consultivas ou deliberativas constitu\u00eddas por iniciativa de entidades p\u00fablicas ou privadas de utilidade p\u00fablica, quando para tal for solicitada;<\/p><p>Fomentar a an\u00e1lise e solu\u00e7\u00e3o de quest\u00f5es fundamentais, dentro das suas \u00e1reas de interesse mais relevantes, atrav\u00e9s da ac\u00e7\u00e3o de comiss\u00f5es especializadas;<\/p><p>Estudar problemas espec\u00edficos sobre os quais a associa\u00e7\u00e3o tenha sido consultada ou entenda dever pronunciar-se, com eventual recurso \u00e0 constitui\u00e7\u00e3o de grupos de trabalho;<\/p><p>Apoiar o funcionamento de comiss\u00f5es portuguesas de associa\u00e7\u00f5es internacionais, cujos objectivos se identifiquem com os da APRH.<\/p><\/div><\/div><\/div><\/div><\/div><\/div><\/div><\/main><\/div><\/div><\/div><\/div>\t\t\t\t\t\t<\/div>\n\t\t\t\t<\/div>\n\t\t\t\t\t<\/div>\n\t\t<\/div>\n\t\t\t\t<div class=\"elementor-column elementor-col-25 elementor-top-column elementor-element elementor-element-7305e9d elementor-hidden-tablet elementor-hidden-mobile\" data-id=\"7305e9d\" data-element_type=\"column\">\n\t\t\t<div class=\"elementor-widget-wrap\">\n\t\t\t\t\t\t\t<\/div>\n\t\t<\/div>\n\t\t\t\t\t<\/div>\n\t\t<\/section>\n\t\t\t\t<section class=\"elementor-section elementor-top-section elementor-element elementor-element-604558b2 elementor-section-boxed elementor-section-height-default elementor-section-height-default\" data-id=\"604558b2\" data-element_type=\"section\">\n\t\t\t\t\t\t<div class=\"elementor-container elementor-column-gap-default\">\n\t\t\t\t\t<div class=\"elementor-column elementor-col-100 elementor-top-column elementor-element elementor-element-71a03749\" data-id=\"71a03749\" data-element_type=\"column\">\n\t\t\t<div class=\"elementor-widget-wrap elementor-element-populated\">\n\t\t\t\t\t\t<div class=\"elementor-element elementor-element-237b7e11 elementor-widget elementor-widget-global elementor-global-500 elementor-widget-spacer\" data-id=\"237b7e11\" data-element_type=\"widget\" data-widget_type=\"spacer.default\">\n\t\t\t\t<div class=\"elementor-widget-container\">\n\t\t\t\t\t<div class=\"elementor-spacer\">\n\t\t\t<div class=\"elementor-spacer-inner\"><\/div>\n\t\t<\/div>\n\t\t\t\t<\/div>\n\t\t\t\t<\/div>\n\t\t\t\t\t<\/div>\n\t\t<\/div>\n\t\t\t\t\t<\/div>\n\t\t<\/section>\n\t\t\t\t<\/div>\n\t\t","protected":false},"excerpt":{"rendered":"<p>A Miss\u00e3o&#8230; Estimular o tratamento multissectorial e interdisciplinar dos assuntos relacionados com a quantidade e a qualidade das \u00e1guas interiores, estuarinas e costeiras, tanto superficiais como subterr\u00e2neas, constituindo um f\u00f3rum para profissionais de diversas forma\u00e7\u00f5es e sectores de actividade com interven\u00e7\u00e3o no dom\u00ednio dos recursos h\u00eddricos.\u00a0\u00a0 Os Objectivos\u2026 A promo\u00e7\u00e3o do progresso do conhecimento e [&hellip;]<\/p>\n","protected":false},"author":1,"featured_media":0,"parent":0,"menu_order":0,"comment_status":"closed","ping_status":"closed","template":"","meta":{"footnotes":""},"class_list":["post-45","page","type-page","status-publish","hentry"],"yoast_head":"<!-- This site is optimized with the Yoast SEO plugin v23.8 - https:\/\/yoast.com\/wordpress\/plugins\/seo\/ -->\n<title>Miss\u00e3o e Atribui\u00e7\u00f5es - APRH<\/title>\n<meta name=\"robots\" content=\"index, follow, max-snippet:-1, max-image-preview:large, max-video-preview:-1\" \/>\n<link rel=\"canonical\" href=\"https:\/\/aprh.pt\/pt\/missao-e-atribuicoes\/\" \/>\n<meta property=\"og:locale\" content=\"pt_PT\" \/>\n<meta property=\"og:type\" content=\"article\" \/>\n<meta property=\"og:title\" content=\"Miss\u00e3o e Atribui\u00e7\u00f5es - APRH\" \/>\n<meta property=\"og:description\" content=\"A Miss\u00e3o&#8230; Estimular o tratamento multissectorial e interdisciplinar dos assuntos relacionados com a quantidade e a qualidade das \u00e1guas interiores, estuarinas e costeiras, tanto superficiais como subterr\u00e2neas, constituindo um f\u00f3rum para profissionais de diversas forma\u00e7\u00f5es e sectores de actividade com interven\u00e7\u00e3o no dom\u00ednio dos recursos h\u00eddricos.\u00a0\u00a0 Os Objectivos\u2026 A promo\u00e7\u00e3o do progresso do conhecimento e [&hellip;]\" \/>\n<meta property=\"og:url\" content=\"https:\/\/aprh.pt\/pt\/missao-e-atribuicoes\/\" \/>\n<meta property=\"og:site_name\" content=\"APRH\" \/>\n<meta property=\"article:modified_time\" content=\"2022-06-21T09:18:35+00:00\" \/>\n<meta name=\"twitter:card\" content=\"summary_large_image\" \/>\n<meta name=\"twitter:label1\" content=\"Tempo estimado de leitura\" \/>\n\t<meta name=\"twitter:data1\" content=\"2 minutos\" \/>\n<script type=\"application\/ld+json\" class=\"yoast-schema-graph\">{\"@context\":\"https:\/\/schema.org\",\"@graph\":[{\"@type\":\"WebPage\",\"@id\":\"https:\/\/aprh.pt\/pt\/missao-e-atribuicoes\/\",\"url\":\"https:\/\/aprh.pt\/pt\/missao-e-atribuicoes\/\",\"name\":\"Miss\u00e3o e Atribui\u00e7\u00f5es - APRH\",\"isPartOf\":{\"@id\":\"https:\/\/aprh.pt\/pt\/#website\"},\"datePublished\":\"2022-04-05T16:35:50+00:00\",\"dateModified\":\"2022-06-21T09:18:35+00:00\",\"breadcrumb\":{\"@id\":\"https:\/\/aprh.pt\/pt\/missao-e-atribuicoes\/#breadcrumb\"},\"inLanguage\":\"pt-PT\",\"potentialAction\":[{\"@type\":\"ReadAction\",\"target\":[\"https:\/\/aprh.pt\/pt\/missao-e-atribuicoes\/\"]}]},{\"@type\":\"BreadcrumbList\",\"@id\":\"https:\/\/aprh.pt\/pt\/missao-e-atribuicoes\/#breadcrumb\",\"itemListElement\":[{\"@type\":\"ListItem\",\"position\":1,\"name\":\"Home\",\"item\":\"https:\/\/aprh.pt\/pt\/\"},{\"@type\":\"ListItem\",\"position\":2,\"name\":\"Miss\u00e3o e Atribui\u00e7\u00f5es\"}]},{\"@type\":\"WebSite\",\"@id\":\"https:\/\/aprh.pt\/pt\/#website\",\"url\":\"https:\/\/aprh.pt\/pt\/\",\"name\":\"APRH\",\"description\":\"Associa\u00e7\u00e3o Portuguesa dos Recursos H\u00eddricos\",\"publisher\":{\"@id\":\"https:\/\/aprh.pt\/pt\/#organization\"},\"potentialAction\":[{\"@type\":\"SearchAction\",\"target\":{\"@type\":\"EntryPoint\",\"urlTemplate\":\"https:\/\/aprh.pt\/pt\/?s={search_term_string}\"},\"query-input\":{\"@type\":\"PropertyValueSpecification\",\"valueRequired\":true,\"valueName\":\"search_term_string\"}}],\"inLanguage\":\"pt-PT\"},{\"@type\":\"Organization\",\"@id\":\"https:\/\/aprh.pt\/pt\/#organization\",\"name\":\"APRH\",\"url\":\"https:\/\/aprh.pt\/pt\/\",\"logo\":{\"@type\":\"ImageObject\",\"inLanguage\":\"pt-PT\",\"@id\":\"https:\/\/aprh.pt\/pt\/#\/schema\/logo\/image\/\",\"url\":\"https:\/\/aprh.pt\/wp-content\/uploads\/2022\/04\/logotipo.png\",\"contentUrl\":\"https:\/\/aprh.pt\/wp-content\/uploads\/2022\/04\/logotipo.png\",\"width\":181,\"height\":80,\"caption\":\"APRH\"},\"image\":{\"@id\":\"https:\/\/aprh.pt\/pt\/#\/schema\/logo\/image\/\"}}]}<\/script>\n<!-- \/ Yoast SEO plugin. -->","yoast_head_json":{"title":"Miss\u00e3o e Atribui\u00e7\u00f5es - APRH","robots":{"index":"index","follow":"follow","max-snippet":"max-snippet:-1","max-image-preview":"max-image-preview:large","max-video-preview":"max-video-preview:-1"},"canonical":"https:\/\/aprh.pt\/pt\/missao-e-atribuicoes\/","og_locale":"pt_PT","og_type":"article","og_title":"Miss\u00e3o e Atribui\u00e7\u00f5es - APRH","og_description":"A Miss\u00e3o&#8230; Estimular o tratamento multissectorial e interdisciplinar dos assuntos relacionados com a quantidade e a qualidade das \u00e1guas interiores, estuarinas e costeiras, tanto superficiais como subterr\u00e2neas, constituindo um f\u00f3rum para profissionais de diversas forma\u00e7\u00f5es e sectores de actividade com interven\u00e7\u00e3o no dom\u00ednio dos recursos h\u00eddricos.\u00a0\u00a0 Os Objectivos\u2026 A promo\u00e7\u00e3o do progresso do conhecimento e [&hellip;]","og_url":"https:\/\/aprh.pt\/pt\/missao-e-atribuicoes\/","og_site_name":"APRH","article_modified_time":"2022-06-21T09:18:35+00:00","twitter_card":"summary_large_image","twitter_misc":{"Tempo estimado de leitura":"2 minutos"},"schema":{"@context":"https:\/\/schema.org","@graph":[{"@type":"WebPage","@id":"https:\/\/aprh.pt\/pt\/missao-e-atribuicoes\/","url":"https:\/\/aprh.pt\/pt\/missao-e-atribuicoes\/","name":"Miss\u00e3o e Atribui\u00e7\u00f5es - APRH","isPartOf":{"@id":"https:\/\/aprh.pt\/pt\/#website"},"datePublished":"2022-04-05T16:35:50+00:00","dateModified":"2022-06-21T09:18:35+00:00","breadcrumb":{"@id":"https:\/\/aprh.pt\/pt\/missao-e-atribuicoes\/#breadcrumb"},"inLanguage":"pt-PT","potentialAction":[{"@type":"ReadAction","target":["https:\/\/aprh.pt\/pt\/missao-e-atribuicoes\/"]}]},{"@type":"BreadcrumbList","@id":"https:\/\/aprh.pt\/pt\/missao-e-atribuicoes\/#breadcrumb","itemListElement":[{"@type":"ListItem","position":1,"name":"Home","item":"https:\/\/aprh.pt\/pt\/"},{"@type":"ListItem","position":2,"name":"Miss\u00e3o e Atribui\u00e7\u00f5es"}]},{"@type":"WebSite","@id":"https:\/\/aprh.pt\/pt\/#website","url":"https:\/\/aprh.pt\/pt\/","name":"APRH","description":"Associa\u00e7\u00e3o Portuguesa dos Recursos H\u00eddricos","publisher":{"@id":"https:\/\/aprh.pt\/pt\/#organization"},"potentialAction":[{"@type":"SearchAction","target":{"@type":"EntryPoint","urlTemplate":"https:\/\/aprh.pt\/pt\/?s={search_term_string}"},"query-input":{"@type":"PropertyValueSpecification","valueRequired":true,"valueName":"search_term_string"}}],"inLanguage":"pt-PT"},{"@type":"Organization","@id":"https:\/\/aprh.pt\/pt\/#organization","name":"APRH","url":"https:\/\/aprh.pt\/pt\/","logo":{"@type":"ImageObject","inLanguage":"pt-PT","@id":"https:\/\/aprh.pt\/pt\/#\/schema\/logo\/image\/","url":"https:\/\/aprh.pt\/wp-content\/uploads\/2022\/04\/logotipo.png","contentUrl":"https:\/\/aprh.pt\/wp-content\/uploads\/2022\/04\/logotipo.png","width":181,"height":80,"caption":"APRH"},"image":{"@id":"https:\/\/aprh.pt\/pt\/#\/schema\/logo\/image\/"}}]}},"_links":{"self":[{"href":"https:\/\/aprh.pt\/pt\/wp-json\/wp\/v2\/pages\/45","targetHints":{"allow":["GET"]}}],"collection":[{"href":"https:\/\/aprh.pt\/pt\/wp-json\/wp\/v2\/pages"}],"about":[{"href":"https:\/\/aprh.pt\/pt\/wp-json\/wp\/v2\/types\/page"}],"author":[{"embeddable":true,"href":"https:\/\/aprh.pt\/pt\/wp-json\/wp\/v2\/users\/1"}],"replies":[{"embeddable":true,"href":"https:\/\/aprh.pt\/pt\/wp-json\/wp\/v2\/comments?post=45"}],"version-history":[{"count":13,"href":"https:\/\/aprh.pt\/pt\/wp-json\/wp\/v2\/pages\/45\/revisions"}],"predecessor-version":[{"id":7775,"href":"https:\/\/aprh.pt\/pt\/wp-json\/wp\/v2\/pages\/45\/revisions\/7775"}],"wp:attachment":[{"href":"https:\/\/aprh.pt\/pt\/wp-json\/wp\/v2\/media?parent=45"}],"curies":[{"name":"wp","href":"https:\/\/api.w.org\/{rel}","templated":true}]}}