{"id":48773,"date":"2022-09-28T16:00:48","date_gmt":"2022-09-28T16:00:48","guid":{"rendered":"https:\/\/aprh.zalox.pt\/?page_id=48773"},"modified":"2024-04-15T15:23:57","modified_gmt":"2024-04-15T15:23:57","slug":"noticias-2022","status":"publish","type":"page","link":"https:\/\/aprh.pt\/pt\/noticias-2022\/","title":{"rendered":"2022"},"content":{"rendered":"\t\t<div data-elementor-type=\"wp-page\" data-elementor-id=\"48773\" class=\"elementor elementor-48773\" data-elementor-post-type=\"page\">\n\t\t\t\t\t\t<section class=\"elementor-section elementor-top-section elementor-element elementor-element-0a75923 elementor-section-content-middle elementor-section-boxed elementor-section-height-default elementor-section-height-default\" data-id=\"0a75923\" data-element_type=\"section\">\n\t\t\t\t\t\t<div class=\"elementor-container elementor-column-gap-no\">\n\t\t\t\t\t<div class=\"elementor-column elementor-col-50 elementor-top-column elementor-element elementor-element-0cde6d0\" data-id=\"0cde6d0\" data-element_type=\"column\">\n\t\t\t<div class=\"elementor-widget-wrap elementor-element-populated\">\n\t\t\t\t\t\t<div class=\"elementor-element elementor-element-26f5544 elementor-widget elementor-widget-heading\" data-id=\"26f5544\" data-element_type=\"widget\" data-widget_type=\"heading.default\">\n\t\t\t\t<div class=\"elementor-widget-container\">\n\t\t\t<h2 class=\"elementor-heading-title elementor-size-default\">Not\u00edcias 2022<\/h2>\t\t<\/div>\n\t\t\t\t<\/div>\n\t\t\t\t\t<\/div>\n\t\t<\/div>\n\t\t\t\t<div class=\"elementor-column elementor-col-50 elementor-top-column elementor-element elementor-element-901cf17\" data-id=\"901cf17\" data-element_type=\"column\">\n\t\t\t<div class=\"elementor-widget-wrap elementor-element-populated\">\n\t\t\t\t\t\t<div class=\"elementor-element elementor-element-93d5cc4 elementor-nav-menu__align-end elementor-nav-menu--dropdown-none nav_items_drop_direita elementor-widget elementor-widget-nav-menu\" data-id=\"93d5cc4\" data-element_type=\"widget\" data-settings=\"{&quot;layout&quot;:&quot;horizontal&quot;,&quot;submenu_icon&quot;:{&quot;value&quot;:&quot;&lt;i class=\\&quot;fas fa-caret-down\\&quot;&gt;&lt;\\\/i&gt;&quot;,&quot;library&quot;:&quot;fa-solid&quot;}}\" data-widget_type=\"nav-menu.default\">\n\t\t\t\t<div class=\"elementor-widget-container\">\n\t\t\t\t\t\t<nav aria-label=\"Menu\" class=\"elementor-nav-menu--main elementor-nav-menu__container elementor-nav-menu--layout-horizontal e--pointer-underline e--animation-fade\">\n\t\t\t\t<ul id=\"menu-1-93d5cc4\" class=\"elementor-nav-menu\"><li class=\"menu-item menu-item-type-custom menu-item-object-custom menu-item-has-children menu-item-44591\"><a href=\"#\" class=\"elementor-item elementor-item-anchor\">Escolha o ano<\/a>\n<ul class=\"sub-menu elementor-nav-menu--dropdown\">\n\t<li class=\"menu-item menu-item-type-post_type menu-item-object-page menu-item-84136\"><a href=\"https:\/\/aprh.pt\/pt\/noticias-2026\/\" class=\"elementor-sub-item\">2026<\/a><\/li>\n\t<li class=\"menu-item menu-item-type-post_type menu-item-object-page menu-item-84129\"><a href=\"https:\/\/aprh.pt\/pt\/noticias-2025\/\" class=\"elementor-sub-item\">2025<\/a><\/li>\n\t<li class=\"menu-item menu-item-type-post_type menu-item-object-page menu-item-73047\"><a href=\"https:\/\/aprh.pt\/pt\/noticias-2024\/\" class=\"elementor-sub-item\">2024<\/a><\/li>\n\t<li class=\"menu-item menu-item-type-post_type menu-item-object-page menu-item-73048\"><a href=\"https:\/\/aprh.pt\/pt\/noticias-2023\/\" class=\"elementor-sub-item\">2023<\/a><\/li>\n\t<li class=\"menu-item menu-item-type-post_type menu-item-object-page menu-item-73075\"><a href=\"https:\/\/aprh.pt\/pt\/noticias-2022\/\" class=\"elementor-sub-item\">2022<\/a><\/li>\n\t<li class=\"menu-item menu-item-type-post_type menu-item-object-page menu-item-73074\"><a href=\"https:\/\/aprh.pt\/pt\/noticias-2021\/\" class=\"elementor-sub-item\">2021<\/a><\/li>\n\t<li class=\"menu-item menu-item-type-post_type menu-item-object-page menu-item-73073\"><a href=\"https:\/\/aprh.pt\/pt\/noticias-2020\/\" class=\"elementor-sub-item\">2020<\/a><\/li>\n\t<li class=\"menu-item menu-item-type-post_type menu-item-object-page menu-item-73072\"><a href=\"https:\/\/aprh.pt\/pt\/noticias-2019\/\" class=\"elementor-sub-item\">2019<\/a><\/li>\n\t<li class=\"menu-item menu-item-type-post_type menu-item-object-page menu-item-73071\"><a href=\"https:\/\/aprh.pt\/pt\/noticias-2018\/\" class=\"elementor-sub-item\">2018<\/a><\/li>\n\t<li class=\"menu-item menu-item-type-post_type menu-item-object-page menu-item-73070\"><a href=\"https:\/\/aprh.pt\/pt\/noticias-2017\/\" class=\"elementor-sub-item\">2017<\/a><\/li>\n<\/ul>\n<\/li>\n<\/ul>\t\t\t<\/nav>\n\t\t\t\t\t\t<nav class=\"elementor-nav-menu--dropdown elementor-nav-menu__container\" aria-hidden=\"true\">\n\t\t\t\t<ul id=\"menu-2-93d5cc4\" class=\"elementor-nav-menu\"><li class=\"menu-item menu-item-type-custom menu-item-object-custom menu-item-has-children menu-item-44591\"><a href=\"#\" class=\"elementor-item elementor-item-anchor\" tabindex=\"-1\">Escolha o ano<\/a>\n<ul class=\"sub-menu elementor-nav-menu--dropdown\">\n\t<li class=\"menu-item menu-item-type-post_type menu-item-object-page menu-item-84136\"><a href=\"https:\/\/aprh.pt\/pt\/noticias-2026\/\" class=\"elementor-sub-item\" tabindex=\"-1\">2026<\/a><\/li>\n\t<li class=\"menu-item menu-item-type-post_type menu-item-object-page menu-item-84129\"><a href=\"https:\/\/aprh.pt\/pt\/noticias-2025\/\" class=\"elementor-sub-item\" tabindex=\"-1\">2025<\/a><\/li>\n\t<li class=\"menu-item menu-item-type-post_type menu-item-object-page menu-item-73047\"><a href=\"https:\/\/aprh.pt\/pt\/noticias-2024\/\" class=\"elementor-sub-item\" tabindex=\"-1\">2024<\/a><\/li>\n\t<li class=\"menu-item menu-item-type-post_type menu-item-object-page menu-item-73048\"><a href=\"https:\/\/aprh.pt\/pt\/noticias-2023\/\" class=\"elementor-sub-item\" tabindex=\"-1\">2023<\/a><\/li>\n\t<li class=\"menu-item menu-item-type-post_type menu-item-object-page menu-item-73075\"><a href=\"https:\/\/aprh.pt\/pt\/noticias-2022\/\" class=\"elementor-sub-item\" tabindex=\"-1\">2022<\/a><\/li>\n\t<li class=\"menu-item menu-item-type-post_type menu-item-object-page menu-item-73074\"><a href=\"https:\/\/aprh.pt\/pt\/noticias-2021\/\" class=\"elementor-sub-item\" tabindex=\"-1\">2021<\/a><\/li>\n\t<li class=\"menu-item menu-item-type-post_type menu-item-object-page menu-item-73073\"><a href=\"https:\/\/aprh.pt\/pt\/noticias-2020\/\" class=\"elementor-sub-item\" tabindex=\"-1\">2020<\/a><\/li>\n\t<li class=\"menu-item menu-item-type-post_type menu-item-object-page menu-item-73072\"><a href=\"https:\/\/aprh.pt\/pt\/noticias-2019\/\" class=\"elementor-sub-item\" tabindex=\"-1\">2019<\/a><\/li>\n\t<li class=\"menu-item menu-item-type-post_type menu-item-object-page menu-item-73071\"><a href=\"https:\/\/aprh.pt\/pt\/noticias-2018\/\" class=\"elementor-sub-item\" tabindex=\"-1\">2018<\/a><\/li>\n\t<li class=\"menu-item menu-item-type-post_type menu-item-object-page menu-item-73070\"><a href=\"https:\/\/aprh.pt\/pt\/noticias-2017\/\" class=\"elementor-sub-item\" tabindex=\"-1\">2017<\/a><\/li>\n<\/ul>\n<\/li>\n<\/ul>\t\t\t<\/nav>\n\t\t\t\t<\/div>\n\t\t\t\t<\/div>\n\t\t\t\t\t<\/div>\n\t\t<\/div>\n\t\t\t\t\t<\/div>\n\t\t<\/section>\n\t\t\t\t<section class=\"elementor-section elementor-top-section elementor-element elementor-element-eb6d6d1 elementor-section-boxed elementor-section-height-default elementor-section-height-default\" data-id=\"eb6d6d1\" data-element_type=\"section\">\n\t\t\t\t\t\t<div class=\"elementor-container elementor-column-gap-no\">\n\t\t\t\t\t<div class=\"elementor-column elementor-col-100 elementor-top-column elementor-element elementor-element-02a2903\" data-id=\"02a2903\" data-element_type=\"column\">\n\t\t\t<div class=\"elementor-widget-wrap elementor-element-populated\">\n\t\t\t\t\t\t<div class=\"elementor-element elementor-element-a80f0a8 elementor-grid-2 elementor-posts--align-left elementor-posts--thumbnail-left elementor-grid-tablet-1 noticias_anteriores elementor-grid-mobile-1 elementor-widget elementor-widget-posts\" data-id=\"a80f0a8\" data-element_type=\"widget\" data-settings=\"{&quot;classic_columns&quot;:&quot;2&quot;,&quot;classic_row_gap&quot;:{&quot;unit&quot;:&quot;px&quot;,&quot;size&quot;:0,&quot;sizes&quot;:[]},&quot;classic_columns_tablet&quot;:&quot;1&quot;,&quot;classic_columns_mobile&quot;:&quot;1&quot;,&quot;classic_row_gap_tablet&quot;:{&quot;unit&quot;:&quot;px&quot;,&quot;size&quot;:&quot;&quot;,&quot;sizes&quot;:[]},&quot;classic_row_gap_mobile&quot;:{&quot;unit&quot;:&quot;px&quot;,&quot;size&quot;:&quot;&quot;,&quot;sizes&quot;:[]}}\" data-widget_type=\"posts.classic\">\n\t\t\t\t<div class=\"elementor-widget-container\">\n\t\t\t\t\t<div class=\"elementor-posts-container elementor-posts elementor-posts--skin-classic elementor-grid\">\n\t\t\t\t<article class=\"elementor-post elementor-grid-item post-61688 post type-post status-publish format-standard has-post-thumbnail hentry category-145\">\n\t\t\t\t<a class=\"elementor-post__thumbnail__link\" href=\"https:\/\/aprh.pt\/pt\/eventos\/noticias\/2022\/ambientemagazine29anos-agua\/\" tabindex=\"-1\" >\n\t\t\t<div class=\"elementor-post__thumbnail\"><img fetchpriority=\"high\" decoding=\"async\" width=\"300\" height=\"175\" src=\"https:\/\/aprh.pt\/wp-content\/uploads\/2022\/12\/noticias-300x175.jpg\" class=\"attachment-medium size-medium wp-image-61689\" alt=\"\" srcset=\"https:\/\/aprh.pt\/wp-content\/uploads\/2022\/12\/noticias-300x175.jpg 300w, https:\/\/aprh.pt\/wp-content\/uploads\/2022\/12\/noticias.jpg 500w\" sizes=\"(max-width: 300px) 100vw, 300px\" \/><\/div>\n\t\t<\/a>\n\t\t\t\t<div class=\"elementor-post__text\">\n\t\t\t\t<h2 class=\"elementor-post__title\">\n\t\t\t<a href=\"https:\/\/aprh.pt\/pt\/eventos\/noticias\/2022\/ambientemagazine29anos-agua\/\" >\n\t\t\t\t#AmbienteMagazine29Anos: \u00c1gua\t\t\t<\/a>\n\t\t<\/h2>\n\t\t\n\t\t<a class=\"elementor-post__read-more\" href=\"https:\/\/aprh.pt\/pt\/eventos\/noticias\/2022\/ambientemagazine29anos-agua\/\" aria-label=\"Read more about #AmbienteMagazine29Anos: \u00c1gua\" tabindex=\"-1\" >\n\t\t\tSaber Mais -&gt;\t\t<\/a>\n\n\t\t\t\t<\/div>\n\t\t\t\t<\/article>\n\t\t\t\t<article class=\"elementor-post elementor-grid-item post-54483 post type-post status-publish format-standard has-post-thumbnail hentry category-145\">\n\t\t\t\t<a class=\"elementor-post__thumbnail__link\" href=\"https:\/\/aprh.pt\/pt\/eventos\/noticias\/2022\/premios-e-selos-ersar-edicao-2022\/\" tabindex=\"-1\" >\n\t\t\t<div class=\"elementor-post__thumbnail\"><img decoding=\"async\" width=\"300\" height=\"169\" src=\"https:\/\/aprh.pt\/wp-content\/uploads\/2022\/10\/Untitled-300x169.jpg\" class=\"attachment-medium size-medium wp-image-54496\" alt=\"\" srcset=\"https:\/\/aprh.pt\/wp-content\/uploads\/2022\/10\/Untitled-300x169.jpg 300w, https:\/\/aprh.pt\/wp-content\/uploads\/2022\/10\/Untitled.jpg 500w\" sizes=\"(max-width: 300px) 100vw, 300px\" \/><\/div>\n\t\t<\/a>\n\t\t\t\t<div class=\"elementor-post__text\">\n\t\t\t\t<h2 class=\"elementor-post__title\">\n\t\t\t<a href=\"https:\/\/aprh.pt\/pt\/eventos\/noticias\/2022\/premios-e-selos-ersar-edicao-2022\/\" >\n\t\t\t\tPr\u00e9mios e Selos ERSAR &#8211; Edi\u00e7\u00e3o 2022\t\t\t<\/a>\n\t\t<\/h2>\n\t\t\n\t\t<a class=\"elementor-post__read-more\" href=\"https:\/\/aprh.pt\/pt\/eventos\/noticias\/2022\/premios-e-selos-ersar-edicao-2022\/\" aria-label=\"Read more about Pr\u00e9mios e Selos ERSAR &#8211; Edi\u00e7\u00e3o 2022\" tabindex=\"-1\" >\n\t\t\tSaber Mais -&gt;\t\t<\/a>\n\n\t\t\t\t<\/div>\n\t\t\t\t<\/article>\n\t\t\t\t<article class=\"elementor-post elementor-grid-item post-51652 post type-post status-publish format-standard has-post-thumbnail hentry category-145\">\n\t\t\t\t<a class=\"elementor-post__thumbnail__link\" href=\"https:\/\/aprh.pt\/pt\/eventos\/noticias\/2022\/zona-costeira-portuguesa-passado-presente-e-futuro-2\/\" tabindex=\"-1\" >\n\t\t\t<div class=\"elementor-post__thumbnail\"><img decoding=\"async\" width=\"300\" height=\"169\" src=\"https:\/\/aprh.pt\/wp-content\/uploads\/2022\/10\/456h436h435646-300x169.jpg\" class=\"attachment-medium size-medium wp-image-51654\" alt=\"\" srcset=\"https:\/\/aprh.pt\/wp-content\/uploads\/2022\/10\/456h436h435646-300x169.jpg 300w, https:\/\/aprh.pt\/wp-content\/uploads\/2022\/10\/456h436h435646.jpg 500w\" sizes=\"(max-width: 300px) 100vw, 300px\" \/><\/div>\n\t\t<\/a>\n\t\t\t\t<div class=\"elementor-post__text\">\n\t\t\t\t<h2 class=\"elementor-post__title\">\n\t\t\t<a href=\"https:\/\/aprh.pt\/pt\/eventos\/noticias\/2022\/zona-costeira-portuguesa-passado-presente-e-futuro-2\/\" >\n\t\t\t\tZona Costeira Portuguesa: Passado, Presente e Futuro\t\t\t<\/a>\n\t\t<\/h2>\n\t\t\n\t\t<a class=\"elementor-post__read-more\" href=\"https:\/\/aprh.pt\/pt\/eventos\/noticias\/2022\/zona-costeira-portuguesa-passado-presente-e-futuro-2\/\" aria-label=\"Read more about Zona Costeira Portuguesa: Passado, Presente e Futuro\" tabindex=\"-1\" >\n\t\t\tSaber Mais -&gt;\t\t<\/a>\n\n\t\t\t\t<\/div>\n\t\t\t\t<\/article>\n\t\t\t\t<article class=\"elementor-post elementor-grid-item post-49294 post type-post status-publish format-standard has-post-thumbnail hentry category-145\">\n\t\t\t\t<a class=\"elementor-post__thumbnail__link\" href=\"https:\/\/aprh.pt\/pt\/eventos\/noticias\/2022\/professor-antonio-goncalves-henriques-na-cnn-portugal-no-dia-mundial-dos-rios\/\" tabindex=\"-1\" >\n\t\t\t<div class=\"elementor-post__thumbnail\"><img loading=\"lazy\" decoding=\"async\" width=\"300\" height=\"168\" src=\"https:\/\/aprh.pt\/wp-content\/uploads\/2022\/10\/news-300x168.jpg\" class=\"attachment-medium size-medium wp-image-49296\" alt=\"\" srcset=\"https:\/\/aprh.pt\/wp-content\/uploads\/2022\/10\/news-300x168.jpg 300w, https:\/\/aprh.pt\/wp-content\/uploads\/2022\/10\/news.jpg 500w\" sizes=\"(max-width: 300px) 100vw, 300px\" \/><\/div>\n\t\t<\/a>\n\t\t\t\t<div class=\"elementor-post__text\">\n\t\t\t\t<h2 class=\"elementor-post__title\">\n\t\t\t<a href=\"https:\/\/aprh.pt\/pt\/eventos\/noticias\/2022\/professor-antonio-goncalves-henriques-na-cnn-portugal-no-dia-mundial-dos-rios\/\" >\n\t\t\t\tProfessor Ant\u00f3nio Gon\u00e7alves Henriques na CNN Portugal, no Dia Mundial dos Rios\t\t\t<\/a>\n\t\t<\/h2>\n\t\t\n\t\t<a class=\"elementor-post__read-more\" href=\"https:\/\/aprh.pt\/pt\/eventos\/noticias\/2022\/professor-antonio-goncalves-henriques-na-cnn-portugal-no-dia-mundial-dos-rios\/\" aria-label=\"Read more about Professor Ant\u00f3nio Gon\u00e7alves Henriques na CNN Portugal, no Dia Mundial dos Rios\" tabindex=\"-1\" >\n\t\t\tSaber Mais -&gt;\t\t<\/a>\n\n\t\t\t\t<\/div>\n\t\t\t\t<\/article>\n\t\t\t\t<article class=\"elementor-post elementor-grid-item post-61376 post type-post status-publish format-standard has-post-thumbnail hentry category-145 tag-publico\">\n\t\t\t\t<a class=\"elementor-post__thumbnail__link\" href=\"https:\/\/aprh.pt\/pt\/eventos\/noticias\/2022\/a-urgencia-da-agua\/\" tabindex=\"-1\" >\n\t\t\t<div class=\"elementor-post__thumbnail\"><img loading=\"lazy\" decoding=\"async\" width=\"300\" height=\"224\" src=\"https:\/\/aprh.pt\/wp-content\/uploads\/2022\/12\/publico-22092022-300x224.jpg\" class=\"attachment-medium size-medium wp-image-61378\" alt=\"\" srcset=\"https:\/\/aprh.pt\/wp-content\/uploads\/2022\/12\/publico-22092022-300x224.jpg 300w, https:\/\/aprh.pt\/wp-content\/uploads\/2022\/12\/publico-22092022.jpg 500w\" sizes=\"(max-width: 300px) 100vw, 300px\" \/><\/div>\n\t\t<\/a>\n\t\t\t\t<div class=\"elementor-post__text\">\n\t\t\t\t<h2 class=\"elementor-post__title\">\n\t\t\t<a href=\"https:\/\/aprh.pt\/pt\/eventos\/noticias\/2022\/a-urgencia-da-agua\/\" >\n\t\t\t\tA urg\u00eancia da \u00e1gua\t\t\t<\/a>\n\t\t<\/h2>\n\t\t\n\t\t<a class=\"elementor-post__read-more\" href=\"https:\/\/aprh.pt\/pt\/eventos\/noticias\/2022\/a-urgencia-da-agua\/\" aria-label=\"Read more about A urg\u00eancia da \u00e1gua\" tabindex=\"-1\" >\n\t\t\tSaber Mais -&gt;\t\t<\/a>\n\n\t\t\t\t<\/div>\n\t\t\t\t<\/article>\n\t\t\t\t<article class=\"elementor-post elementor-grid-item post-61358 post type-post status-publish format-standard has-post-thumbnail hentry category-145 tag-publico\">\n\t\t\t\t<a class=\"elementor-post__thumbnail__link\" href=\"https:\/\/aprh.pt\/pt\/eventos\/noticias\/2022\/mare-alta-como-salvar-as-cidades-ameacadas-pela-subida-das-aguas\/\" tabindex=\"-1\" >\n\t\t\t<div class=\"elementor-post__thumbnail\"><img loading=\"lazy\" decoding=\"async\" width=\"300\" height=\"169\" src=\"https:\/\/aprh.pt\/wp-content\/uploads\/2022\/12\/publico-31052022-300x169.jpg\" class=\"attachment-medium size-medium wp-image-61360\" alt=\"\" srcset=\"https:\/\/aprh.pt\/wp-content\/uploads\/2022\/12\/publico-31052022-300x169.jpg 300w, https:\/\/aprh.pt\/wp-content\/uploads\/2022\/12\/publico-31052022-1024x576.jpg 1024w, https:\/\/aprh.pt\/wp-content\/uploads\/2022\/12\/publico-31052022-768x432.jpg 768w, https:\/\/aprh.pt\/wp-content\/uploads\/2022\/12\/publico-31052022.jpg 1191w\" sizes=\"(max-width: 300px) 100vw, 300px\" \/><\/div>\n\t\t<\/a>\n\t\t\t\t<div class=\"elementor-post__text\">\n\t\t\t\t<h2 class=\"elementor-post__title\">\n\t\t\t<a href=\"https:\/\/aprh.pt\/pt\/eventos\/noticias\/2022\/mare-alta-como-salvar-as-cidades-ameacadas-pela-subida-das-aguas\/\" >\n\t\t\t\tMar\u00e9 alta: como salvar as cidades amea\u00e7adas pela subida das \u00e1guas\t\t\t<\/a>\n\t\t<\/h2>\n\t\t\n\t\t<a class=\"elementor-post__read-more\" href=\"https:\/\/aprh.pt\/pt\/eventos\/noticias\/2022\/mare-alta-como-salvar-as-cidades-ameacadas-pela-subida-das-aguas\/\" aria-label=\"Read more about Mar\u00e9 alta: como salvar as cidades amea\u00e7adas pela subida das \u00e1guas\" tabindex=\"-1\" >\n\t\t\tSaber Mais -&gt;\t\t<\/a>\n\n\t\t\t\t<\/div>\n\t\t\t\t<\/article>\n\t\t\t\t<\/div>\n\t\t\n\t\t\t\t<\/div>\n\t\t\t\t<\/div>\n\t\t\t\t\t<\/div>\n\t\t<\/div>\n\t\t\t\t\t<\/div>\n\t\t<\/section>\n\t\t\t\t<section class=\"elementor-section elementor-top-section elementor-element elementor-element-04e3b9a elementor-section-boxed elementor-section-height-default elementor-section-height-default\" data-id=\"04e3b9a\" data-element_type=\"section\">\n\t\t\t\t\t\t<div class=\"elementor-container elementor-column-gap-no\">\n\t\t\t\t\t<div class=\"elementor-column elementor-col-100 elementor-top-column elementor-element elementor-element-86a487f\" data-id=\"86a487f\" data-element_type=\"column\">\n\t\t\t<div class=\"elementor-widget-wrap elementor-element-populated\">\n\t\t\t\t\t\t<div class=\"elementor-element elementor-element-3190636 elementor-widget elementor-widget-global elementor-global-500 elementor-widget-spacer\" data-id=\"3190636\" data-element_type=\"widget\" data-widget_type=\"spacer.default\">\n\t\t\t\t<div class=\"elementor-widget-container\">\n\t\t\t\t\t<div class=\"elementor-spacer\">\n\t\t\t<div class=\"elementor-spacer-inner\"><\/div>\n\t\t<\/div>\n\t\t\t\t<\/div>\n\t\t\t\t<\/div>\n\t\t\t\t\t<\/div>\n\t\t<\/div>\n\t\t\t\t\t<\/div>\n\t\t<\/section>\n\t\t\t\t<\/div>\n\t\t","protected":false},"excerpt":{"rendered":"<p>Not\u00edcias 2022<\/p>\n","protected":false},"author":2,"featured_media":0,"parent":0,"menu_order":0,"comment_status":"closed","ping_status":"closed","template":"","meta":{"footnotes":""},"class_list":["post-48773","page","type-page","status-publish","hentry"],"yoast_head":"<!-- This site is optimized with the Yoast SEO plugin v23.8 - https:\/\/yoast.com\/wordpress\/plugins\/seo\/ -->\n<title>2022 - APRH<\/title>\n<meta name=\"robots\" content=\"index, follow, max-snippet:-1, max-image-preview:large, max-video-preview:-1\" \/>\n<link rel=\"canonical\" href=\"https:\/\/aprh.pt\/pt\/noticias-2022\/\" \/>\n<meta property=\"og:locale\" content=\"pt_PT\" \/>\n<meta property=\"og:type\" content=\"article\" \/>\n<meta property=\"og:title\" content=\"2022 - APRH\" \/>\n<meta property=\"og:description\" content=\"Not\u00edcias 2022\" \/>\n<meta property=\"og:url\" content=\"https:\/\/aprh.pt\/pt\/noticias-2022\/\" \/>\n<meta property=\"og:site_name\" content=\"APRH\" \/>\n<meta property=\"article:modified_time\" content=\"2024-04-15T15:23:57+00:00\" \/>\n<meta name=\"twitter:card\" content=\"summary_large_image\" \/>\n<meta name=\"twitter:label1\" content=\"Tempo estimado de leitura\" \/>\n\t<meta name=\"twitter:data1\" content=\"2 minutos\" \/>\n<script type=\"application\/ld+json\" class=\"yoast-schema-graph\">{\"@context\":\"https:\/\/schema.org\",\"@graph\":[{\"@type\":\"WebPage\",\"@id\":\"https:\/\/aprh.pt\/pt\/noticias-2022\/\",\"url\":\"https:\/\/aprh.pt\/pt\/noticias-2022\/\",\"name\":\"2022 - APRH\",\"isPartOf\":{\"@id\":\"https:\/\/aprh.pt\/pt\/#website\"},\"datePublished\":\"2022-09-28T16:00:48+00:00\",\"dateModified\":\"2024-04-15T15:23:57+00:00\",\"breadcrumb\":{\"@id\":\"https:\/\/aprh.pt\/pt\/noticias-2022\/#breadcrumb\"},\"inLanguage\":\"pt-PT\",\"potentialAction\":[{\"@type\":\"ReadAction\",\"target\":[\"https:\/\/aprh.pt\/pt\/noticias-2022\/\"]}]},{\"@type\":\"BreadcrumbList\",\"@id\":\"https:\/\/aprh.pt\/pt\/noticias-2022\/#breadcrumb\",\"itemListElement\":[{\"@type\":\"ListItem\",\"position\":1,\"name\":\"Home\",\"item\":\"https:\/\/aprh.pt\/pt\/\"},{\"@type\":\"ListItem\",\"position\":2,\"name\":\"2022\"}]},{\"@type\":\"WebSite\",\"@id\":\"https:\/\/aprh.pt\/pt\/#website\",\"url\":\"https:\/\/aprh.pt\/pt\/\",\"name\":\"APRH\",\"description\":\"Associa\u00e7\u00e3o Portuguesa dos Recursos H\u00eddricos\",\"publisher\":{\"@id\":\"https:\/\/aprh.pt\/pt\/#organization\"},\"potentialAction\":[{\"@type\":\"SearchAction\",\"target\":{\"@type\":\"EntryPoint\",\"urlTemplate\":\"https:\/\/aprh.pt\/pt\/?s={search_term_string}\"},\"query-input\":{\"@type\":\"PropertyValueSpecification\",\"valueRequired\":true,\"valueName\":\"search_term_string\"}}],\"inLanguage\":\"pt-PT\"},{\"@type\":\"Organization\",\"@id\":\"https:\/\/aprh.pt\/pt\/#organization\",\"name\":\"APRH\",\"url\":\"https:\/\/aprh.pt\/pt\/\",\"logo\":{\"@type\":\"ImageObject\",\"inLanguage\":\"pt-PT\",\"@id\":\"https:\/\/aprh.pt\/pt\/#\/schema\/logo\/image\/\",\"url\":\"https:\/\/aprh.pt\/wp-content\/uploads\/2022\/04\/logotipo.png\",\"contentUrl\":\"https:\/\/aprh.pt\/wp-content\/uploads\/2022\/04\/logotipo.png\",\"width\":181,\"height\":80,\"caption\":\"APRH\"},\"image\":{\"@id\":\"https:\/\/aprh.pt\/pt\/#\/schema\/logo\/image\/\"}}]}<\/script>\n<!-- \/ Yoast SEO plugin. -->","yoast_head_json":{"title":"2022 - APRH","robots":{"index":"index","follow":"follow","max-snippet":"max-snippet:-1","max-image-preview":"max-image-preview:large","max-video-preview":"max-video-preview:-1"},"canonical":"https:\/\/aprh.pt\/pt\/noticias-2022\/","og_locale":"pt_PT","og_type":"article","og_title":"2022 - APRH","og_description":"Not\u00edcias 2022","og_url":"https:\/\/aprh.pt\/pt\/noticias-2022\/","og_site_name":"APRH","article_modified_time":"2024-04-15T15:23:57+00:00","twitter_card":"summary_large_image","twitter_misc":{"Tempo estimado de leitura":"2 minutos"},"schema":{"@context":"https:\/\/schema.org","@graph":[{"@type":"WebPage","@id":"https:\/\/aprh.pt\/pt\/noticias-2022\/","url":"https:\/\/aprh.pt\/pt\/noticias-2022\/","name":"2022 - APRH","isPartOf":{"@id":"https:\/\/aprh.pt\/pt\/#website"},"datePublished":"2022-09-28T16:00:48+00:00","dateModified":"2024-04-15T15:23:57+00:00","breadcrumb":{"@id":"https:\/\/aprh.pt\/pt\/noticias-2022\/#breadcrumb"},"inLanguage":"pt-PT","potentialAction":[{"@type":"ReadAction","target":["https:\/\/aprh.pt\/pt\/noticias-2022\/"]}]},{"@type":"BreadcrumbList","@id":"https:\/\/aprh.pt\/pt\/noticias-2022\/#breadcrumb","itemListElement":[{"@type":"ListItem","position":1,"name":"Home","item":"https:\/\/aprh.pt\/pt\/"},{"@type":"ListItem","position":2,"name":"2022"}]},{"@type":"WebSite","@id":"https:\/\/aprh.pt\/pt\/#website","url":"https:\/\/aprh.pt\/pt\/","name":"APRH","description":"Associa\u00e7\u00e3o Portuguesa dos Recursos H\u00eddricos","publisher":{"@id":"https:\/\/aprh.pt\/pt\/#organization"},"potentialAction":[{"@type":"SearchAction","target":{"@type":"EntryPoint","urlTemplate":"https:\/\/aprh.pt\/pt\/?s={search_term_string}"},"query-input":{"@type":"PropertyValueSpecification","valueRequired":true,"valueName":"search_term_string"}}],"inLanguage":"pt-PT"},{"@type":"Organization","@id":"https:\/\/aprh.pt\/pt\/#organization","name":"APRH","url":"https:\/\/aprh.pt\/pt\/","logo":{"@type":"ImageObject","inLanguage":"pt-PT","@id":"https:\/\/aprh.pt\/pt\/#\/schema\/logo\/image\/","url":"https:\/\/aprh.pt\/wp-content\/uploads\/2022\/04\/logotipo.png","contentUrl":"https:\/\/aprh.pt\/wp-content\/uploads\/2022\/04\/logotipo.png","width":181,"height":80,"caption":"APRH"},"image":{"@id":"https:\/\/aprh.pt\/pt\/#\/schema\/logo\/image\/"}}]}},"_links":{"self":[{"href":"https:\/\/aprh.pt\/pt\/wp-json\/wp\/v2\/pages\/48773","targetHints":{"allow":["GET"]}}],"collection":[{"href":"https:\/\/aprh.pt\/pt\/wp-json\/wp\/v2\/pages"}],"about":[{"href":"https:\/\/aprh.pt\/pt\/wp-json\/wp\/v2\/types\/page"}],"author":[{"embeddable":true,"href":"https:\/\/aprh.pt\/pt\/wp-json\/wp\/v2\/users\/2"}],"replies":[{"embeddable":true,"href":"https:\/\/aprh.pt\/pt\/wp-json\/wp\/v2\/comments?post=48773"}],"version-history":[{"count":7,"href":"https:\/\/aprh.pt\/pt\/wp-json\/wp\/v2\/pages\/48773\/revisions"}],"predecessor-version":[{"id":73007,"href":"https:\/\/aprh.pt\/pt\/wp-json\/wp\/v2\/pages\/48773\/revisions\/73007"}],"wp:attachment":[{"href":"https:\/\/aprh.pt\/pt\/wp-json\/wp\/v2\/media?parent=48773"}],"curies":[{"name":"wp","href":"https:\/\/api.w.org\/{rel}","templated":true}]}}