{"id":49,"date":"2022-04-05T16:43:15","date_gmt":"2022-04-05T16:43:15","guid":{"rendered":"https:\/\/aprh.zalox.pt\/?page_id=49"},"modified":"2026-01-15T12:22:54","modified_gmt":"2026-01-15T12:22:54","slug":"estrutura-funcional","status":"publish","type":"page","link":"https:\/\/aprh.pt\/pt\/quem-somos\/estrutura-funcional\/","title":{"rendered":"Estrutura funcional"},"content":{"rendered":"\t\t<div data-elementor-type=\"wp-page\" data-elementor-id=\"49\" class=\"elementor elementor-49\" data-elementor-post-type=\"page\">\n\t\t\t\t\t\t<section class=\"elementor-section elementor-top-section elementor-element elementor-element-2e7d6c5c elementor-section-boxed elementor-section-height-default elementor-section-height-default\" data-id=\"2e7d6c5c\" data-element_type=\"section\">\n\t\t\t\t\t\t<div class=\"elementor-container elementor-column-gap-no\">\n\t\t\t\t\t<div class=\"elementor-column elementor-col-100 elementor-top-column elementor-element elementor-element-6c903986\" data-id=\"6c903986\" data-element_type=\"column\">\n\t\t\t<div class=\"elementor-widget-wrap elementor-element-populated\">\n\t\t\t\t\t\t<div class=\"elementor-element elementor-element-576bd84e elementor-widget elementor-widget-global elementor-global-475 elementor-widget-spacer\" data-id=\"576bd84e\" data-element_type=\"widget\" data-widget_type=\"spacer.default\">\n\t\t\t\t<div class=\"elementor-widget-container\">\n\t\t\t\t\t<div class=\"elementor-spacer\">\n\t\t\t<div class=\"elementor-spacer-inner\"><\/div>\n\t\t<\/div>\n\t\t\t\t<\/div>\n\t\t\t\t<\/div>\n\t\t\t\t\t<\/div>\n\t\t<\/div>\n\t\t\t\t\t<\/div>\n\t\t<\/section>\n\t\t\t\t<section class=\"elementor-section elementor-top-section elementor-element elementor-element-4d838777 elementor-section-boxed elementor-section-height-default elementor-section-height-default\" data-id=\"4d838777\" data-element_type=\"section\">\n\t\t\t\t\t\t<div class=\"elementor-container elementor-column-gap-no\">\n\t\t\t\t\t<div class=\"elementor-column elementor-col-25 elementor-top-column elementor-element elementor-element-43af51cb\" data-id=\"43af51cb\" data-element_type=\"column\">\n\t\t\t<div class=\"elementor-widget-wrap elementor-element-populated\">\n\t\t\t\t\t\t<div class=\"elementor-element elementor-element-b3e2754 elementor-widget elementor-widget-heading\" data-id=\"b3e2754\" data-element_type=\"widget\" data-widget_type=\"heading.default\">\n\t\t\t\t<div class=\"elementor-widget-container\">\n\t\t\t<h2 class=\"elementor-heading-title elementor-size-default\">Estrutura funcional<\/h2>\t\t<\/div>\n\t\t\t\t<\/div>\n\t\t\t\t\t<\/div>\n\t\t<\/div>\n\t\t\t\t<div class=\"elementor-column elementor-col-50 elementor-top-column elementor-element elementor-element-6b092a03\" data-id=\"6b092a03\" data-element_type=\"column\">\n\t\t\t<div class=\"elementor-widget-wrap elementor-element-populated\">\n\t\t\t\t\t\t<div class=\"elementor-element elementor-element-74322459 elementor-widget elementor-widget-text-editor\" data-id=\"74322459\" data-element_type=\"widget\" data-widget_type=\"text-editor.default\">\n\t\t\t\t<div class=\"elementor-widget-container\">\n\t\t\t\t\t\t\t<p>No organograma seguinte est\u00e1 representada a estrutura organizativa da APRH bem como a identifica\u00e7\u00e3o da constitui\u00e7\u00e3o da mesa da Assembleia Geral, da Comiss\u00e3o Diretiva, do Conselho Fiscal e dos presidentes nos N\u00facleos Regionais e Comiss\u00f5es Especializadas, para o bi\u00e9nio 2026-2027.<\/p>\t\t\t\t\t\t<\/div>\n\t\t\t\t<\/div>\n\t\t\t\t<div class=\"elementor-element elementor-element-53638ed elementor-widget elementor-widget-image\" data-id=\"53638ed\" data-element_type=\"widget\" data-widget_type=\"image.default\">\n\t\t\t\t<div class=\"elementor-widget-container\">\n\t\t\t\t\t\t\t\t\t\t\t\t\t\t<a href=\"https:\/\/aprh.pt\/wp-content\/uploads\/2026\/01\/organograma-scaled.jpg\" data-elementor-open-lightbox=\"yes\" data-elementor-lightbox-title=\"organograma\" data-e-action-hash=\"#elementor-action%3Aaction%3Dlightbox%26settings%3DeyJpZCI6ODMxNjksInVybCI6Imh0dHBzOlwvXC9hcHJoLnB0XC93cC1jb250ZW50XC91cGxvYWRzXC8yMDI2XC8wMVwvb3JnYW5vZ3JhbWEtc2NhbGVkLmpwZyJ9\">\n\t\t\t\t\t\t\t<img fetchpriority=\"high\" decoding=\"async\" width=\"835\" height=\"1024\" src=\"https:\/\/aprh.pt\/wp-content\/uploads\/2026\/01\/organograma-835x1024.jpg\" class=\"attachment-large size-large wp-image-83169\" alt=\"\" srcset=\"https:\/\/aprh.pt\/wp-content\/uploads\/2026\/01\/organograma-835x1024.jpg 835w, https:\/\/aprh.pt\/wp-content\/uploads\/2026\/01\/organograma-245x300.jpg 245w, https:\/\/aprh.pt\/wp-content\/uploads\/2026\/01\/organograma-768x942.jpg 768w, https:\/\/aprh.pt\/wp-content\/uploads\/2026\/01\/organograma-1252x1536.jpg 1252w, https:\/\/aprh.pt\/wp-content\/uploads\/2026\/01\/organograma-1669x2048.jpg 1669w\" sizes=\"(max-width: 835px) 100vw, 835px\" \/>\t\t\t\t\t\t\t\t<\/a>\n\t\t\t\t\t\t\t\t\t\t\t\t\t<\/div>\n\t\t\t\t<\/div>\n\t\t\t\t\t<\/div>\n\t\t<\/div>\n\t\t\t\t<div class=\"elementor-column elementor-col-25 elementor-top-column elementor-element elementor-element-44adba35 elementor-hidden-tablet elementor-hidden-mobile\" data-id=\"44adba35\" data-element_type=\"column\">\n\t\t\t<div class=\"elementor-widget-wrap\">\n\t\t\t\t\t\t\t<\/div>\n\t\t<\/div>\n\t\t\t\t\t<\/div>\n\t\t<\/section>\n\t\t\t\t<section class=\"elementor-section elementor-top-section elementor-element elementor-element-43a809e9 elementor-section-boxed elementor-section-height-default elementor-section-height-default\" data-id=\"43a809e9\" data-element_type=\"section\">\n\t\t\t\t\t\t<div class=\"elementor-container elementor-column-gap-no\">\n\t\t\t\t\t<div class=\"elementor-column elementor-col-100 elementor-top-column elementor-element elementor-element-d3e8957\" data-id=\"d3e8957\" data-element_type=\"column\">\n\t\t\t<div class=\"elementor-widget-wrap elementor-element-populated\">\n\t\t\t\t\t\t<div class=\"elementor-element elementor-element-13f6495c elementor-widget elementor-widget-global elementor-global-500 elementor-widget-spacer\" data-id=\"13f6495c\" data-element_type=\"widget\" data-widget_type=\"spacer.default\">\n\t\t\t\t<div class=\"elementor-widget-container\">\n\t\t\t\t\t<div class=\"elementor-spacer\">\n\t\t\t<div class=\"elementor-spacer-inner\"><\/div>\n\t\t<\/div>\n\t\t\t\t<\/div>\n\t\t\t\t<\/div>\n\t\t\t\t\t<\/div>\n\t\t<\/div>\n\t\t\t\t\t<\/div>\n\t\t<\/section>\n\t\t\t\t<\/div>\n\t\t","protected":false},"excerpt":{"rendered":"<p>Estrutura funcional No organograma seguinte est\u00e1 representada a estrutura organizativa da APRH bem como a identifica\u00e7\u00e3o da constitui\u00e7\u00e3o da mesa da Assembleia Geral, da Comiss\u00e3o Diretiva, do Conselho Fiscal e dos presidentes nos N\u00facleos Regionais e Comiss\u00f5es Especializadas, para o bi\u00e9nio 2026-2027.<\/p>\n","protected":false},"author":1,"featured_media":0,"parent":46554,"menu_order":0,"comment_status":"closed","ping_status":"closed","template":"","meta":{"footnotes":""},"class_list":["post-49","page","type-page","status-publish","hentry"],"yoast_head":"<!-- This site is optimized with the Yoast SEO plugin v23.8 - https:\/\/yoast.com\/wordpress\/plugins\/seo\/ -->\n<title>Estrutura funcional - APRH<\/title>\n<meta name=\"robots\" content=\"index, follow, max-snippet:-1, max-image-preview:large, max-video-preview:-1\" \/>\n<link rel=\"canonical\" href=\"https:\/\/aprh.pt\/en\/chart\/\" \/>\n<meta property=\"og:locale\" content=\"pt_PT\" \/>\n<meta property=\"og:type\" content=\"article\" \/>\n<meta property=\"og:title\" content=\"Estrutura funcional - APRH\" \/>\n<meta property=\"og:description\" content=\"Estrutura funcional No organograma seguinte est\u00e1 representada a estrutura organizativa da APRH bem como a identifica\u00e7\u00e3o da constitui\u00e7\u00e3o da mesa da Assembleia Geral, da Comiss\u00e3o Diretiva, do Conselho Fiscal e dos presidentes nos N\u00facleos Regionais e Comiss\u00f5es Especializadas, para o bi\u00e9nio 2026-2027.\" \/>\n<meta property=\"og:url\" content=\"https:\/\/aprh.pt\/en\/chart\/\" \/>\n<meta property=\"og:site_name\" content=\"APRH\" \/>\n<meta property=\"article:modified_time\" content=\"2026-01-15T12:22:54+00:00\" \/>\n<meta property=\"og:image\" content=\"https:\/\/aprh.pt\/wp-content\/uploads\/2026\/01\/organograma-scaled.jpg\" \/>\n\t<meta property=\"og:image:width\" content=\"2087\" \/>\n\t<meta property=\"og:image:height\" content=\"2560\" \/>\n\t<meta property=\"og:image:type\" content=\"image\/jpeg\" \/>\n<meta name=\"twitter:card\" content=\"summary_large_image\" \/>\n<meta name=\"twitter:label1\" content=\"Tempo estimado de leitura\" \/>\n\t<meta name=\"twitter:data1\" content=\"1 minuto\" \/>\n<script type=\"application\/ld+json\" class=\"yoast-schema-graph\">{\"@context\":\"https:\/\/schema.org\",\"@graph\":[{\"@type\":\"WebPage\",\"@id\":\"https:\/\/aprh.pt\/en\/chart\/\",\"url\":\"https:\/\/aprh.pt\/en\/chart\/\",\"name\":\"Estrutura funcional - APRH\",\"isPartOf\":{\"@id\":\"https:\/\/aprh.pt\/pt\/#website\"},\"primaryImageOfPage\":{\"@id\":\"https:\/\/aprh.pt\/en\/chart\/#primaryimage\"},\"image\":{\"@id\":\"https:\/\/aprh.pt\/en\/chart\/#primaryimage\"},\"thumbnailUrl\":\"https:\/\/aprh.pt\/wp-content\/uploads\/2026\/01\/organograma-835x1024.jpg\",\"datePublished\":\"2022-04-05T16:43:15+00:00\",\"dateModified\":\"2026-01-15T12:22:54+00:00\",\"breadcrumb\":{\"@id\":\"https:\/\/aprh.pt\/en\/chart\/#breadcrumb\"},\"inLanguage\":\"pt-PT\",\"potentialAction\":[{\"@type\":\"ReadAction\",\"target\":[\"https:\/\/aprh.pt\/en\/chart\/\"]}]},{\"@type\":\"ImageObject\",\"inLanguage\":\"pt-PT\",\"@id\":\"https:\/\/aprh.pt\/en\/chart\/#primaryimage\",\"url\":\"https:\/\/aprh.pt\/wp-content\/uploads\/2026\/01\/organograma-835x1024.jpg\",\"contentUrl\":\"https:\/\/aprh.pt\/wp-content\/uploads\/2026\/01\/organograma-835x1024.jpg\"},{\"@type\":\"BreadcrumbList\",\"@id\":\"https:\/\/aprh.pt\/en\/chart\/#breadcrumb\",\"itemListElement\":[{\"@type\":\"ListItem\",\"position\":1,\"name\":\"Home\",\"item\":\"https:\/\/aprh.pt\/pt\/\"},{\"@type\":\"ListItem\",\"position\":2,\"name\":\"Quem somos\",\"item\":\"https:\/\/aprh.pt\/pt\/quem-somos\/\"},{\"@type\":\"ListItem\",\"position\":3,\"name\":\"Estrutura funcional\"}]},{\"@type\":\"WebSite\",\"@id\":\"https:\/\/aprh.pt\/pt\/#website\",\"url\":\"https:\/\/aprh.pt\/pt\/\",\"name\":\"APRH\",\"description\":\"Associa\u00e7\u00e3o Portuguesa dos Recursos H\u00eddricos\",\"publisher\":{\"@id\":\"https:\/\/aprh.pt\/pt\/#organization\"},\"potentialAction\":[{\"@type\":\"SearchAction\",\"target\":{\"@type\":\"EntryPoint\",\"urlTemplate\":\"https:\/\/aprh.pt\/pt\/?s={search_term_string}\"},\"query-input\":{\"@type\":\"PropertyValueSpecification\",\"valueRequired\":true,\"valueName\":\"search_term_string\"}}],\"inLanguage\":\"pt-PT\"},{\"@type\":\"Organization\",\"@id\":\"https:\/\/aprh.pt\/pt\/#organization\",\"name\":\"APRH\",\"url\":\"https:\/\/aprh.pt\/pt\/\",\"logo\":{\"@type\":\"ImageObject\",\"inLanguage\":\"pt-PT\",\"@id\":\"https:\/\/aprh.pt\/pt\/#\/schema\/logo\/image\/\",\"url\":\"https:\/\/aprh.pt\/wp-content\/uploads\/2022\/04\/logotipo.png\",\"contentUrl\":\"https:\/\/aprh.pt\/wp-content\/uploads\/2022\/04\/logotipo.png\",\"width\":181,\"height\":80,\"caption\":\"APRH\"},\"image\":{\"@id\":\"https:\/\/aprh.pt\/pt\/#\/schema\/logo\/image\/\"}}]}<\/script>\n<!-- \/ Yoast SEO plugin. -->","yoast_head_json":{"title":"Estrutura funcional - APRH","robots":{"index":"index","follow":"follow","max-snippet":"max-snippet:-1","max-image-preview":"max-image-preview:large","max-video-preview":"max-video-preview:-1"},"canonical":"https:\/\/aprh.pt\/en\/chart\/","og_locale":"pt_PT","og_type":"article","og_title":"Estrutura funcional - APRH","og_description":"Estrutura funcional No organograma seguinte est\u00e1 representada a estrutura organizativa da APRH bem como a identifica\u00e7\u00e3o da constitui\u00e7\u00e3o da mesa da Assembleia Geral, da Comiss\u00e3o Diretiva, do Conselho Fiscal e dos presidentes nos N\u00facleos Regionais e Comiss\u00f5es Especializadas, para o bi\u00e9nio 2026-2027.","og_url":"https:\/\/aprh.pt\/en\/chart\/","og_site_name":"APRH","article_modified_time":"2026-01-15T12:22:54+00:00","og_image":[{"width":2087,"height":2560,"url":"https:\/\/aprh.pt\/wp-content\/uploads\/2026\/01\/organograma-scaled.jpg","type":"image\/jpeg"}],"twitter_card":"summary_large_image","twitter_misc":{"Tempo estimado de leitura":"1 minuto"},"schema":{"@context":"https:\/\/schema.org","@graph":[{"@type":"WebPage","@id":"https:\/\/aprh.pt\/en\/chart\/","url":"https:\/\/aprh.pt\/en\/chart\/","name":"Estrutura funcional - APRH","isPartOf":{"@id":"https:\/\/aprh.pt\/pt\/#website"},"primaryImageOfPage":{"@id":"https:\/\/aprh.pt\/en\/chart\/#primaryimage"},"image":{"@id":"https:\/\/aprh.pt\/en\/chart\/#primaryimage"},"thumbnailUrl":"https:\/\/aprh.pt\/wp-content\/uploads\/2026\/01\/organograma-835x1024.jpg","datePublished":"2022-04-05T16:43:15+00:00","dateModified":"2026-01-15T12:22:54+00:00","breadcrumb":{"@id":"https:\/\/aprh.pt\/en\/chart\/#breadcrumb"},"inLanguage":"pt-PT","potentialAction":[{"@type":"ReadAction","target":["https:\/\/aprh.pt\/en\/chart\/"]}]},{"@type":"ImageObject","inLanguage":"pt-PT","@id":"https:\/\/aprh.pt\/en\/chart\/#primaryimage","url":"https:\/\/aprh.pt\/wp-content\/uploads\/2026\/01\/organograma-835x1024.jpg","contentUrl":"https:\/\/aprh.pt\/wp-content\/uploads\/2026\/01\/organograma-835x1024.jpg"},{"@type":"BreadcrumbList","@id":"https:\/\/aprh.pt\/en\/chart\/#breadcrumb","itemListElement":[{"@type":"ListItem","position":1,"name":"Home","item":"https:\/\/aprh.pt\/pt\/"},{"@type":"ListItem","position":2,"name":"Quem somos","item":"https:\/\/aprh.pt\/pt\/quem-somos\/"},{"@type":"ListItem","position":3,"name":"Estrutura funcional"}]},{"@type":"WebSite","@id":"https:\/\/aprh.pt\/pt\/#website","url":"https:\/\/aprh.pt\/pt\/","name":"APRH","description":"Associa\u00e7\u00e3o Portuguesa dos Recursos H\u00eddricos","publisher":{"@id":"https:\/\/aprh.pt\/pt\/#organization"},"potentialAction":[{"@type":"SearchAction","target":{"@type":"EntryPoint","urlTemplate":"https:\/\/aprh.pt\/pt\/?s={search_term_string}"},"query-input":{"@type":"PropertyValueSpecification","valueRequired":true,"valueName":"search_term_string"}}],"inLanguage":"pt-PT"},{"@type":"Organization","@id":"https:\/\/aprh.pt\/pt\/#organization","name":"APRH","url":"https:\/\/aprh.pt\/pt\/","logo":{"@type":"ImageObject","inLanguage":"pt-PT","@id":"https:\/\/aprh.pt\/pt\/#\/schema\/logo\/image\/","url":"https:\/\/aprh.pt\/wp-content\/uploads\/2022\/04\/logotipo.png","contentUrl":"https:\/\/aprh.pt\/wp-content\/uploads\/2022\/04\/logotipo.png","width":181,"height":80,"caption":"APRH"},"image":{"@id":"https:\/\/aprh.pt\/pt\/#\/schema\/logo\/image\/"}}]}},"_links":{"self":[{"href":"https:\/\/aprh.pt\/pt\/wp-json\/wp\/v2\/pages\/49","targetHints":{"allow":["GET"]}}],"collection":[{"href":"https:\/\/aprh.pt\/pt\/wp-json\/wp\/v2\/pages"}],"about":[{"href":"https:\/\/aprh.pt\/pt\/wp-json\/wp\/v2\/types\/page"}],"author":[{"embeddable":true,"href":"https:\/\/aprh.pt\/pt\/wp-json\/wp\/v2\/users\/1"}],"replies":[{"embeddable":true,"href":"https:\/\/aprh.pt\/pt\/wp-json\/wp\/v2\/comments?post=49"}],"version-history":[{"count":51,"href":"https:\/\/aprh.pt\/pt\/wp-json\/wp\/v2\/pages\/49\/revisions"}],"predecessor-version":[{"id":83173,"href":"https:\/\/aprh.pt\/pt\/wp-json\/wp\/v2\/pages\/49\/revisions\/83173"}],"up":[{"embeddable":true,"href":"https:\/\/aprh.pt\/pt\/wp-json\/wp\/v2\/pages\/46554"}],"wp:attachment":[{"href":"https:\/\/aprh.pt\/pt\/wp-json\/wp\/v2\/media?parent=49"}],"curies":[{"name":"wp","href":"https:\/\/api.w.org\/{rel}","templated":true}]}}