{"id":62392,"date":"2023-01-11T17:06:26","date_gmt":"2023-01-11T17:06:26","guid":{"rendered":"https:\/\/www.aprh.pt\/?page_id=62392"},"modified":"2023-01-11T17:11:01","modified_gmt":"2023-01-11T17:11:01","slug":"luisa-alves","status":"publish","type":"page","link":"https:\/\/aprh.pt\/pt\/socios\/perfis\/luisa-alves\/","title":{"rendered":"Lu\u00edsa Alves"},"content":{"rendered":"\t\t<div data-elementor-type=\"wp-page\" data-elementor-id=\"62392\" class=\"elementor elementor-62392\" data-elementor-post-type=\"page\">\n\t\t\t\t\t\t<section class=\"elementor-section elementor-top-section elementor-element elementor-element-1ae660ce elementor-section-boxed elementor-section-height-default elementor-section-height-default\" data-id=\"1ae660ce\" data-element_type=\"section\">\n\t\t\t\t\t\t<div class=\"elementor-container elementor-column-gap-no\">\n\t\t\t\t\t<div class=\"elementor-column elementor-col-100 elementor-top-column elementor-element elementor-element-35020620\" data-id=\"35020620\" data-element_type=\"column\">\n\t\t\t<div class=\"elementor-widget-wrap elementor-element-populated\">\n\t\t\t\t\t\t<div class=\"elementor-element elementor-element-143bbcde elementor-widget elementor-widget-global elementor-global-475 elementor-widget-spacer\" data-id=\"143bbcde\" data-element_type=\"widget\" data-widget_type=\"spacer.default\">\n\t\t\t\t<div class=\"elementor-widget-container\">\n\t\t\t\t\t<div class=\"elementor-spacer\">\n\t\t\t<div class=\"elementor-spacer-inner\"><\/div>\n\t\t<\/div>\n\t\t\t\t<\/div>\n\t\t\t\t<\/div>\n\t\t\t\t\t<\/div>\n\t\t<\/div>\n\t\t\t\t\t<\/div>\n\t\t<\/section>\n\t\t\t\t<section class=\"elementor-section elementor-top-section elementor-element elementor-element-40f2025d elementor-section-boxed elementor-section-height-default elementor-section-height-default\" data-id=\"40f2025d\" data-element_type=\"section\">\n\t\t\t\t\t\t<div class=\"elementor-container elementor-column-gap-no\">\n\t\t\t\t\t<div class=\"elementor-column elementor-col-25 elementor-top-column elementor-element elementor-element-7cd2d4cd\" data-id=\"7cd2d4cd\" data-element_type=\"column\">\n\t\t\t<div class=\"elementor-widget-wrap elementor-element-populated\">\n\t\t\t\t\t\t<div class=\"elementor-element elementor-element-5877de1c elementor-widget elementor-widget-heading\" data-id=\"5877de1c\" data-element_type=\"widget\" data-widget_type=\"heading.default\">\n\t\t\t\t<div class=\"elementor-widget-container\">\n\t\t\t<h2 class=\"elementor-heading-title elementor-size-default\">Associados da APRH<\/h2>\t\t<\/div>\n\t\t\t\t<\/div>\n\t\t\t\t\t<\/div>\n\t\t<\/div>\n\t\t\t\t<div class=\"elementor-column elementor-col-50 elementor-top-column elementor-element elementor-element-3e6f6ce9\" data-id=\"3e6f6ce9\" data-element_type=\"column\">\n\t\t\t<div class=\"elementor-widget-wrap elementor-element-populated\">\n\t\t\t\t\t\t<div class=\"elementor-element elementor-element-6961b7f1 elementor-widget elementor-widget-image\" data-id=\"6961b7f1\" data-element_type=\"widget\" data-widget_type=\"image.default\">\n\t\t\t\t<div class=\"elementor-widget-container\">\n\t\t\t\t\t\t\t\t\t\t\t\t\t<img fetchpriority=\"high\" decoding=\"async\" width=\"300\" height=\"300\" src=\"https:\/\/aprh.pt\/wp-content\/uploads\/2022\/05\/blank-profile-300x300.png\" class=\"attachment-medium size-medium wp-image-2415\" alt=\"Davide Fernandes\" srcset=\"https:\/\/aprh.pt\/wp-content\/uploads\/2022\/05\/blank-profile.png 300w, https:\/\/aprh.pt\/wp-content\/uploads\/2022\/05\/blank-profile-150x150.png 150w\" sizes=\"(max-width: 300px) 100vw, 300px\" \/>\t\t\t\t\t\t\t\t\t\t\t\t\t<\/div>\n\t\t\t\t<\/div>\n\t\t\t\t<div class=\"elementor-element elementor-element-5669e0ff elementor-widget elementor-widget-heading\" data-id=\"5669e0ff\" data-element_type=\"widget\" data-widget_type=\"heading.default\">\n\t\t\t\t<div class=\"elementor-widget-container\">\n\t\t\t<h2 class=\"elementor-heading-title elementor-size-default\">Lu\u00edsa Alves<\/h2>\t\t<\/div>\n\t\t\t\t<\/div>\n\t\t\t\t<div class=\"elementor-element elementor-element-32274c9f remover_marcadores elementor-widget elementor-widget-text-editor\" data-id=\"32274c9f\" data-element_type=\"widget\" data-widget_type=\"text-editor.default\">\n\t\t\t\t<div class=\"elementor-widget-container\">\n\t\t\t\t\t\t\t<ul><li>Associado 1871<\/li><li>Email: <span data-sheets-value=\"{&quot;1&quot;:2,&quot;2&quot;:&quot;aluisaoalves@gmail.com&quot;}\" data-sheets-userformat=\"{&quot;2&quot;:513,&quot;3&quot;:{&quot;1&quot;:0},&quot;12&quot;:0}\">aluisaoalves@gmail.com<\/span><\/li><li>Data de nascimento: &#8211;<\/li><li>Nacionalidade: &#8211;<\/li><li>Site: <a href=\"https:\/\/www.linkedin.com\/in\/aluisaalves\" target=\"_blank\" rel=\"noopener\">https:\/\/www.linkedin.com\/in\/aluisaalves<\/a><\/li><\/ul>\t\t\t\t\t\t<\/div>\n\t\t\t\t<\/div>\n\t\t\t\t<div class=\"elementor-element elementor-element-4df174b2 elementor-widget elementor-widget-heading\" data-id=\"4df174b2\" data-element_type=\"widget\" data-widget_type=\"heading.default\">\n\t\t\t\t<div class=\"elementor-widget-container\">\n\t\t\t<h2 class=\"elementor-heading-title elementor-size-default\">Forma\u00e7\u00e3o<\/h2>\t\t<\/div>\n\t\t\t\t<\/div>\n\t\t\t\t<div class=\"elementor-element elementor-element-69990c1b remover_marcadores elementor-widget elementor-widget-text-editor\" data-id=\"69990c1b\" data-element_type=\"widget\" data-widget_type=\"text-editor.default\">\n\t\t\t\t<div class=\"elementor-widget-container\">\n\t\t\t\t\t\t\t<ul><li>Curso: <span data-sheets-value=\"{&quot;1&quot;:2,&quot;2&quot;:&quot;Mestrado Integrado em Engenharia do Ambiente&quot;}\" data-sheets-userformat=\"{&quot;2&quot;:513,&quot;3&quot;:{&quot;1&quot;:0},&quot;12&quot;:0}\">Mestrado Integrado em Engenharia do Ambiente<\/span><\/li><li>Estabelecimento de ensino: <span data-sheets-value=\"{&quot;1&quot;:2,&quot;2&quot;:&quot;Faculdade de Engenharia da Universidade do Porto&quot;}\" data-sheets-userformat=\"{&quot;2&quot;:513,&quot;3&quot;:{&quot;1&quot;:0},&quot;12&quot;:0}\">Faculdade de Engenharia da Universidade do Porto<\/span><\/li><li>Ano de conclus\u00e3o: 2019\/04\/01<\/li><li>Graus acad\u00e9micos: &#8211;<\/li><li>Especializa\u00e7\u00f5es: &#8211;<\/li><\/ul>\t\t\t\t\t\t<\/div>\n\t\t\t\t<\/div>\n\t\t\t\t<div class=\"elementor-element elementor-element-31274b52 elementor-widget elementor-widget-heading\" data-id=\"31274b52\" data-element_type=\"widget\" data-widget_type=\"heading.default\">\n\t\t\t\t<div class=\"elementor-widget-container\">\n\t\t\t<h2 class=\"elementor-heading-title elementor-size-default\">Actividade profissional atual<\/h2>\t\t<\/div>\n\t\t\t\t<\/div>\n\t\t\t\t<div class=\"elementor-element elementor-element-791e2bb2 remover_marcadores elementor-widget elementor-widget-text-editor\" data-id=\"791e2bb2\" data-element_type=\"widget\" data-widget_type=\"text-editor.default\">\n\t\t\t\t<div class=\"elementor-widget-container\">\n\t\t\t\t\t\t\t<ul><li>Entidade: <span data-sheets-value=\"{&quot;1&quot;:2,&quot;2&quot;:&quot;WSCM - Water Services Consulting and Management &quot;}\" data-sheets-userformat=\"{&quot;2&quot;:513,&quot;3&quot;:{&quot;1&quot;:0},&quot;12&quot;:0}\">WSCM &#8211; Water Services Consulting and Management <\/span><\/li><li>Fun\u00e7\u00f5es: <span data-sheets-value=\"{&quot;1&quot;:2,&quot;2&quot;:&quot;Engenheira do Ambiente &quot;}\" data-sheets-userformat=\"{&quot;2&quot;:769,&quot;3&quot;:{&quot;1&quot;:0},&quot;11&quot;:4,&quot;12&quot;:0}\">Engenheira do Ambiente <\/span><\/li><\/ul>\t\t\t\t\t\t<\/div>\n\t\t\t\t<\/div>\n\t\t\t\t<div class=\"elementor-element elementor-element-19f31934 elementor-widget elementor-widget-heading\" data-id=\"19f31934\" data-element_type=\"widget\" data-widget_type=\"heading.default\">\n\t\t\t\t<div class=\"elementor-widget-container\">\n\t\t\t<h2 class=\"elementor-heading-title elementor-size-default\">Principais associa\u00e7\u00f5es profissionais a que pertence<\/h2>\t\t<\/div>\n\t\t\t\t<\/div>\n\t\t\t\t<div class=\"elementor-element elementor-element-8d0a358 remover_marcadores elementor-widget elementor-widget-text-editor\" data-id=\"8d0a358\" data-element_type=\"widget\" data-widget_type=\"text-editor.default\">\n\t\t\t\t<div class=\"elementor-widget-container\">\n\t\t\t\t\t\t\t<p><span data-sheets-value=\"{&quot;1&quot;:2,&quot;2&quot;:&quot;Ordem dos Engenheiros, Associa\u00e7\u00e3o Portuguesa de Engenharia Sanit\u00e1ria e Ambiental&quot;}\" data-sheets-userformat=\"{&quot;2&quot;:769,&quot;3&quot;:{&quot;1&quot;:0},&quot;11&quot;:4,&quot;12&quot;:0}\">Ordem dos Engenheiros, Associa\u00e7\u00e3o Portuguesa de Engenharia Sanit\u00e1ria e Ambiental<\/span><\/p>\t\t\t\t\t\t<\/div>\n\t\t\t\t<\/div>\n\t\t\t\t\t<\/div>\n\t\t<\/div>\n\t\t\t\t<div class=\"elementor-column elementor-col-25 elementor-top-column elementor-element elementor-element-1968bbb8 elementor-hidden-tablet elementor-hidden-mobile\" data-id=\"1968bbb8\" data-element_type=\"column\">\n\t\t\t<div class=\"elementor-widget-wrap\">\n\t\t\t\t\t\t\t<\/div>\n\t\t<\/div>\n\t\t\t\t\t<\/div>\n\t\t<\/section>\n\t\t\t\t<section class=\"elementor-section elementor-top-section elementor-element elementor-element-64a2c389 elementor-section-boxed elementor-section-height-default elementor-section-height-default\" data-id=\"64a2c389\" data-element_type=\"section\">\n\t\t\t\t\t\t<div class=\"elementor-container elementor-column-gap-no\">\n\t\t\t\t\t<div class=\"elementor-column elementor-col-100 elementor-top-column elementor-element elementor-element-56db0a1e\" data-id=\"56db0a1e\" data-element_type=\"column\">\n\t\t\t<div class=\"elementor-widget-wrap elementor-element-populated\">\n\t\t\t\t\t\t<div class=\"elementor-element elementor-element-6c6b12e0 elementor-widget elementor-widget-global elementor-global-500 elementor-widget-spacer\" data-id=\"6c6b12e0\" data-element_type=\"widget\" data-widget_type=\"spacer.default\">\n\t\t\t\t<div class=\"elementor-widget-container\">\n\t\t\t\t\t<div class=\"elementor-spacer\">\n\t\t\t<div class=\"elementor-spacer-inner\"><\/div>\n\t\t<\/div>\n\t\t\t\t<\/div>\n\t\t\t\t<\/div>\n\t\t\t\t\t<\/div>\n\t\t<\/div>\n\t\t\t\t\t<\/div>\n\t\t<\/section>\n\t\t\t\t<\/div>\n\t\t","protected":false},"excerpt":{"rendered":"<p>Associados da APRH Lu\u00edsa Alves Associado 1871 Email: aluisaoalves@gmail.com Data de nascimento: &#8211; Nacionalidade: &#8211; Site: https:\/\/www.linkedin.com\/in\/aluisaalves Forma\u00e7\u00e3o Curso: Mestrado Integrado em Engenharia do Ambiente Estabelecimento de ensino: Faculdade de Engenharia da Universidade do Porto Ano de conclus\u00e3o: 2019\/04\/01 Graus acad\u00e9micos: &#8211; Especializa\u00e7\u00f5es: &#8211; Actividade profissional atual Entidade: WSCM &#8211; Water Services Consulting and Management [&hellip;]<\/p>\n","protected":false},"author":2,"featured_media":0,"parent":150,"menu_order":0,"comment_status":"closed","ping_status":"closed","template":"","meta":{"footnotes":""},"class_list":["post-62392","page","type-page","status-publish","hentry"],"yoast_head":"<!-- This site is optimized with the Yoast SEO plugin v23.8 - https:\/\/yoast.com\/wordpress\/plugins\/seo\/ -->\n<title>Lu\u00edsa Alves - APRH<\/title>\n<meta name=\"robots\" content=\"index, follow, max-snippet:-1, max-image-preview:large, max-video-preview:-1\" \/>\n<link rel=\"canonical\" href=\"https:\/\/aprh.pt\/pt\/socios\/perfis\/luisa-alves\/\" \/>\n<meta property=\"og:locale\" content=\"pt_PT\" \/>\n<meta property=\"og:type\" content=\"article\" \/>\n<meta property=\"og:title\" content=\"Lu\u00edsa Alves - APRH\" \/>\n<meta property=\"og:description\" content=\"Associados da APRH Lu\u00edsa Alves Associado 1871 Email: aluisaoalves@gmail.com Data de nascimento: &#8211; Nacionalidade: &#8211; Site: https:\/\/www.linkedin.com\/in\/aluisaalves Forma\u00e7\u00e3o Curso: Mestrado Integrado em Engenharia do Ambiente Estabelecimento de ensino: Faculdade de Engenharia da Universidade do Porto Ano de conclus\u00e3o: 2019\/04\/01 Graus acad\u00e9micos: &#8211; Especializa\u00e7\u00f5es: &#8211; Actividade profissional atual Entidade: WSCM &#8211; Water Services Consulting and Management [&hellip;]\" \/>\n<meta property=\"og:url\" content=\"https:\/\/aprh.pt\/pt\/socios\/perfis\/luisa-alves\/\" \/>\n<meta property=\"og:site_name\" content=\"APRH\" \/>\n<meta property=\"article:modified_time\" content=\"2023-01-11T17:11:01+00:00\" \/>\n<meta property=\"og:image\" content=\"https:\/\/www.aprh.pt\/wp-content\/uploads\/2022\/05\/blank-profile-300x300.png\" \/>\n<meta name=\"twitter:card\" content=\"summary_large_image\" \/>\n<meta name=\"twitter:label1\" content=\"Tempo estimado de leitura\" \/>\n\t<meta name=\"twitter:data1\" content=\"1 minuto\" \/>\n<script type=\"application\/ld+json\" class=\"yoast-schema-graph\">{\"@context\":\"https:\/\/schema.org\",\"@graph\":[{\"@type\":\"WebPage\",\"@id\":\"https:\/\/aprh.pt\/pt\/socios\/perfis\/luisa-alves\/\",\"url\":\"https:\/\/aprh.pt\/pt\/socios\/perfis\/luisa-alves\/\",\"name\":\"Lu\u00edsa Alves - APRH\",\"isPartOf\":{\"@id\":\"https:\/\/aprh.pt\/pt\/#website\"},\"primaryImageOfPage\":{\"@id\":\"https:\/\/aprh.pt\/pt\/socios\/perfis\/luisa-alves\/#primaryimage\"},\"image\":{\"@id\":\"https:\/\/aprh.pt\/pt\/socios\/perfis\/luisa-alves\/#primaryimage\"},\"thumbnailUrl\":\"https:\/\/www.aprh.pt\/wp-content\/uploads\/2022\/05\/blank-profile-300x300.png\",\"datePublished\":\"2023-01-11T17:06:26+00:00\",\"dateModified\":\"2023-01-11T17:11:01+00:00\",\"breadcrumb\":{\"@id\":\"https:\/\/aprh.pt\/pt\/socios\/perfis\/luisa-alves\/#breadcrumb\"},\"inLanguage\":\"pt-PT\",\"potentialAction\":[{\"@type\":\"ReadAction\",\"target\":[\"https:\/\/aprh.pt\/pt\/socios\/perfis\/luisa-alves\/\"]}]},{\"@type\":\"ImageObject\",\"inLanguage\":\"pt-PT\",\"@id\":\"https:\/\/aprh.pt\/pt\/socios\/perfis\/luisa-alves\/#primaryimage\",\"url\":\"https:\/\/www.aprh.pt\/wp-content\/uploads\/2022\/05\/blank-profile-300x300.png\",\"contentUrl\":\"https:\/\/www.aprh.pt\/wp-content\/uploads\/2022\/05\/blank-profile-300x300.png\"},{\"@type\":\"BreadcrumbList\",\"@id\":\"https:\/\/aprh.pt\/pt\/socios\/perfis\/luisa-alves\/#breadcrumb\",\"itemListElement\":[{\"@type\":\"ListItem\",\"position\":1,\"name\":\"Home\",\"item\":\"https:\/\/aprh.pt\/pt\/\"},{\"@type\":\"ListItem\",\"position\":2,\"name\":\"Associados\",\"item\":\"https:\/\/aprh.pt\/pt\/socios\/\"},{\"@type\":\"ListItem\",\"position\":3,\"name\":\"Perfis\",\"item\":\"https:\/\/aprh.pt\/pt\/socios\/perfis\/\"},{\"@type\":\"ListItem\",\"position\":4,\"name\":\"Lu\u00edsa Alves\"}]},{\"@type\":\"WebSite\",\"@id\":\"https:\/\/aprh.pt\/pt\/#website\",\"url\":\"https:\/\/aprh.pt\/pt\/\",\"name\":\"APRH\",\"description\":\"Associa\u00e7\u00e3o Portuguesa dos Recursos H\u00eddricos\",\"publisher\":{\"@id\":\"https:\/\/aprh.pt\/pt\/#organization\"},\"potentialAction\":[{\"@type\":\"SearchAction\",\"target\":{\"@type\":\"EntryPoint\",\"urlTemplate\":\"https:\/\/aprh.pt\/pt\/?s={search_term_string}\"},\"query-input\":{\"@type\":\"PropertyValueSpecification\",\"valueRequired\":true,\"valueName\":\"search_term_string\"}}],\"inLanguage\":\"pt-PT\"},{\"@type\":\"Organization\",\"@id\":\"https:\/\/aprh.pt\/pt\/#organization\",\"name\":\"APRH\",\"url\":\"https:\/\/aprh.pt\/pt\/\",\"logo\":{\"@type\":\"ImageObject\",\"inLanguage\":\"pt-PT\",\"@id\":\"https:\/\/aprh.pt\/pt\/#\/schema\/logo\/image\/\",\"url\":\"https:\/\/aprh.pt\/wp-content\/uploads\/2022\/04\/logotipo.png\",\"contentUrl\":\"https:\/\/aprh.pt\/wp-content\/uploads\/2022\/04\/logotipo.png\",\"width\":181,\"height\":80,\"caption\":\"APRH\"},\"image\":{\"@id\":\"https:\/\/aprh.pt\/pt\/#\/schema\/logo\/image\/\"}}]}<\/script>\n<!-- \/ Yoast SEO plugin. -->","yoast_head_json":{"title":"Lu\u00edsa Alves - APRH","robots":{"index":"index","follow":"follow","max-snippet":"max-snippet:-1","max-image-preview":"max-image-preview:large","max-video-preview":"max-video-preview:-1"},"canonical":"https:\/\/aprh.pt\/pt\/socios\/perfis\/luisa-alves\/","og_locale":"pt_PT","og_type":"article","og_title":"Lu\u00edsa Alves - APRH","og_description":"Associados da APRH Lu\u00edsa Alves Associado 1871 Email: aluisaoalves@gmail.com Data de nascimento: &#8211; Nacionalidade: &#8211; Site: https:\/\/www.linkedin.com\/in\/aluisaalves Forma\u00e7\u00e3o Curso: Mestrado Integrado em Engenharia do Ambiente Estabelecimento de ensino: Faculdade de Engenharia da Universidade do Porto Ano de conclus\u00e3o: 2019\/04\/01 Graus acad\u00e9micos: &#8211; Especializa\u00e7\u00f5es: &#8211; Actividade profissional atual Entidade: WSCM &#8211; Water Services Consulting and Management [&hellip;]","og_url":"https:\/\/aprh.pt\/pt\/socios\/perfis\/luisa-alves\/","og_site_name":"APRH","article_modified_time":"2023-01-11T17:11:01+00:00","og_image":[{"url":"https:\/\/www.aprh.pt\/wp-content\/uploads\/2022\/05\/blank-profile-300x300.png"}],"twitter_card":"summary_large_image","twitter_misc":{"Tempo estimado de leitura":"1 minuto"},"schema":{"@context":"https:\/\/schema.org","@graph":[{"@type":"WebPage","@id":"https:\/\/aprh.pt\/pt\/socios\/perfis\/luisa-alves\/","url":"https:\/\/aprh.pt\/pt\/socios\/perfis\/luisa-alves\/","name":"Lu\u00edsa Alves - APRH","isPartOf":{"@id":"https:\/\/aprh.pt\/pt\/#website"},"primaryImageOfPage":{"@id":"https:\/\/aprh.pt\/pt\/socios\/perfis\/luisa-alves\/#primaryimage"},"image":{"@id":"https:\/\/aprh.pt\/pt\/socios\/perfis\/luisa-alves\/#primaryimage"},"thumbnailUrl":"https:\/\/www.aprh.pt\/wp-content\/uploads\/2022\/05\/blank-profile-300x300.png","datePublished":"2023-01-11T17:06:26+00:00","dateModified":"2023-01-11T17:11:01+00:00","breadcrumb":{"@id":"https:\/\/aprh.pt\/pt\/socios\/perfis\/luisa-alves\/#breadcrumb"},"inLanguage":"pt-PT","potentialAction":[{"@type":"ReadAction","target":["https:\/\/aprh.pt\/pt\/socios\/perfis\/luisa-alves\/"]}]},{"@type":"ImageObject","inLanguage":"pt-PT","@id":"https:\/\/aprh.pt\/pt\/socios\/perfis\/luisa-alves\/#primaryimage","url":"https:\/\/www.aprh.pt\/wp-content\/uploads\/2022\/05\/blank-profile-300x300.png","contentUrl":"https:\/\/www.aprh.pt\/wp-content\/uploads\/2022\/05\/blank-profile-300x300.png"},{"@type":"BreadcrumbList","@id":"https:\/\/aprh.pt\/pt\/socios\/perfis\/luisa-alves\/#breadcrumb","itemListElement":[{"@type":"ListItem","position":1,"name":"Home","item":"https:\/\/aprh.pt\/pt\/"},{"@type":"ListItem","position":2,"name":"Associados","item":"https:\/\/aprh.pt\/pt\/socios\/"},{"@type":"ListItem","position":3,"name":"Perfis","item":"https:\/\/aprh.pt\/pt\/socios\/perfis\/"},{"@type":"ListItem","position":4,"name":"Lu\u00edsa Alves"}]},{"@type":"WebSite","@id":"https:\/\/aprh.pt\/pt\/#website","url":"https:\/\/aprh.pt\/pt\/","name":"APRH","description":"Associa\u00e7\u00e3o Portuguesa dos Recursos H\u00eddricos","publisher":{"@id":"https:\/\/aprh.pt\/pt\/#organization"},"potentialAction":[{"@type":"SearchAction","target":{"@type":"EntryPoint","urlTemplate":"https:\/\/aprh.pt\/pt\/?s={search_term_string}"},"query-input":{"@type":"PropertyValueSpecification","valueRequired":true,"valueName":"search_term_string"}}],"inLanguage":"pt-PT"},{"@type":"Organization","@id":"https:\/\/aprh.pt\/pt\/#organization","name":"APRH","url":"https:\/\/aprh.pt\/pt\/","logo":{"@type":"ImageObject","inLanguage":"pt-PT","@id":"https:\/\/aprh.pt\/pt\/#\/schema\/logo\/image\/","url":"https:\/\/aprh.pt\/wp-content\/uploads\/2022\/04\/logotipo.png","contentUrl":"https:\/\/aprh.pt\/wp-content\/uploads\/2022\/04\/logotipo.png","width":181,"height":80,"caption":"APRH"},"image":{"@id":"https:\/\/aprh.pt\/pt\/#\/schema\/logo\/image\/"}}]}},"_links":{"self":[{"href":"https:\/\/aprh.pt\/pt\/wp-json\/wp\/v2\/pages\/62392","targetHints":{"allow":["GET"]}}],"collection":[{"href":"https:\/\/aprh.pt\/pt\/wp-json\/wp\/v2\/pages"}],"about":[{"href":"https:\/\/aprh.pt\/pt\/wp-json\/wp\/v2\/types\/page"}],"author":[{"embeddable":true,"href":"https:\/\/aprh.pt\/pt\/wp-json\/wp\/v2\/users\/2"}],"replies":[{"embeddable":true,"href":"https:\/\/aprh.pt\/pt\/wp-json\/wp\/v2\/comments?post=62392"}],"version-history":[{"count":5,"href":"https:\/\/aprh.pt\/pt\/wp-json\/wp\/v2\/pages\/62392\/revisions"}],"predecessor-version":[{"id":62397,"href":"https:\/\/aprh.pt\/pt\/wp-json\/wp\/v2\/pages\/62392\/revisions\/62397"}],"up":[{"embeddable":true,"href":"https:\/\/aprh.pt\/pt\/wp-json\/wp\/v2\/pages\/150"}],"wp:attachment":[{"href":"https:\/\/aprh.pt\/pt\/wp-json\/wp\/v2\/media?parent=62392"}],"curies":[{"name":"wp","href":"https:\/\/api.w.org\/{rel}","templated":true}]}}