{"id":62419,"date":"2023-01-11T17:30:56","date_gmt":"2023-01-11T17:30:56","guid":{"rendered":"https:\/\/www.aprh.pt\/?page_id=62419"},"modified":"2023-01-11T17:33:56","modified_gmt":"2023-01-11T17:33:56","slug":"filipe-carraco-dos-reis","status":"publish","type":"page","link":"https:\/\/aprh.pt\/pt\/socios\/perfis\/filipe-carraco-dos-reis\/","title":{"rendered":"Filipe Carraco dos Reis"},"content":{"rendered":"\t\t<div data-elementor-type=\"wp-page\" data-elementor-id=\"62419\" class=\"elementor elementor-62419\" data-elementor-post-type=\"page\">\n\t\t\t\t\t\t<section class=\"elementor-section elementor-top-section elementor-element elementor-element-2822922 elementor-section-boxed elementor-section-height-default elementor-section-height-default\" data-id=\"2822922\" data-element_type=\"section\">\n\t\t\t\t\t\t<div class=\"elementor-container elementor-column-gap-no\">\n\t\t\t\t\t<div class=\"elementor-column elementor-col-100 elementor-top-column elementor-element elementor-element-6d49ed7f\" data-id=\"6d49ed7f\" data-element_type=\"column\">\n\t\t\t<div class=\"elementor-widget-wrap elementor-element-populated\">\n\t\t\t\t\t\t<div class=\"elementor-element elementor-element-37cff0e3 elementor-widget elementor-widget-global elementor-global-475 elementor-widget-spacer\" data-id=\"37cff0e3\" data-element_type=\"widget\" data-widget_type=\"spacer.default\">\n\t\t\t\t<div class=\"elementor-widget-container\">\n\t\t\t\t\t<div class=\"elementor-spacer\">\n\t\t\t<div class=\"elementor-spacer-inner\"><\/div>\n\t\t<\/div>\n\t\t\t\t<\/div>\n\t\t\t\t<\/div>\n\t\t\t\t\t<\/div>\n\t\t<\/div>\n\t\t\t\t\t<\/div>\n\t\t<\/section>\n\t\t\t\t<section class=\"elementor-section elementor-top-section elementor-element elementor-element-1f4e2c0f elementor-section-boxed elementor-section-height-default elementor-section-height-default\" data-id=\"1f4e2c0f\" data-element_type=\"section\">\n\t\t\t\t\t\t<div class=\"elementor-container elementor-column-gap-no\">\n\t\t\t\t\t<div class=\"elementor-column elementor-col-25 elementor-top-column elementor-element elementor-element-7272af77\" data-id=\"7272af77\" data-element_type=\"column\">\n\t\t\t<div class=\"elementor-widget-wrap elementor-element-populated\">\n\t\t\t\t\t\t<div class=\"elementor-element elementor-element-48c39b9a elementor-widget elementor-widget-heading\" data-id=\"48c39b9a\" data-element_type=\"widget\" data-widget_type=\"heading.default\">\n\t\t\t\t<div class=\"elementor-widget-container\">\n\t\t\t<h2 class=\"elementor-heading-title elementor-size-default\">Associados da APRH<\/h2>\t\t<\/div>\n\t\t\t\t<\/div>\n\t\t\t\t\t<\/div>\n\t\t<\/div>\n\t\t\t\t<div class=\"elementor-column elementor-col-50 elementor-top-column elementor-element elementor-element-1e29d59d\" data-id=\"1e29d59d\" data-element_type=\"column\">\n\t\t\t<div class=\"elementor-widget-wrap elementor-element-populated\">\n\t\t\t\t\t\t<div class=\"elementor-element elementor-element-50c980d elementor-widget elementor-widget-image\" data-id=\"50c980d\" data-element_type=\"widget\" data-widget_type=\"image.default\">\n\t\t\t\t<div class=\"elementor-widget-container\">\n\t\t\t\t\t\t\t\t\t\t\t\t\t<img decoding=\"async\" width=\"120\" height=\"120\" src=\"https:\/\/aprh.pt\/wp-content\/uploads\/2023\/01\/746d9y586y4ow0k-Filipe-Carraco-Reis.jpg\" class=\"attachment-medium size-medium wp-image-62421\" alt=\"\" \/>\t\t\t\t\t\t\t\t\t\t\t\t\t<\/div>\n\t\t\t\t<\/div>\n\t\t\t\t<div class=\"elementor-element elementor-element-5b2f529c elementor-widget elementor-widget-heading\" data-id=\"5b2f529c\" data-element_type=\"widget\" data-widget_type=\"heading.default\">\n\t\t\t\t<div class=\"elementor-widget-container\">\n\t\t\t<h2 class=\"elementor-heading-title elementor-size-default\">Filipe Carraco dos Reis<\/h2>\t\t<\/div>\n\t\t\t\t<\/div>\n\t\t\t\t<div class=\"elementor-element elementor-element-1dcc9c45 remover_marcadores elementor-widget elementor-widget-text-editor\" data-id=\"1dcc9c45\" data-element_type=\"widget\" data-widget_type=\"text-editor.default\">\n\t\t\t\t<div class=\"elementor-widget-container\">\n\t\t\t\t\t\t\t<ul><li>Associado 1795<\/li><li>Email: <span data-sheets-value=\"{&quot;1&quot;:2,&quot;2&quot;:&quot;fcarraco@gmail.com&quot;}\" data-sheets-userformat=\"{&quot;2&quot;:513,&quot;3&quot;:{&quot;1&quot;:0},&quot;12&quot;:0}\">fcarraco@gmail.com<\/span><\/li><li>Data de nascimento: 1980\/07\/15<\/li><li>Nacionalidade: Portuguesa<\/li><li>Linkedin: &#8211;<\/li><\/ul>\t\t\t\t\t\t<\/div>\n\t\t\t\t<\/div>\n\t\t\t\t<div class=\"elementor-element elementor-element-45d7f244 elementor-widget elementor-widget-heading\" data-id=\"45d7f244\" data-element_type=\"widget\" data-widget_type=\"heading.default\">\n\t\t\t\t<div class=\"elementor-widget-container\">\n\t\t\t<h2 class=\"elementor-heading-title elementor-size-default\">Forma\u00e7\u00e3o<\/h2>\t\t<\/div>\n\t\t\t\t<\/div>\n\t\t\t\t<div class=\"elementor-element elementor-element-5af71a63 remover_marcadores elementor-widget elementor-widget-text-editor\" data-id=\"5af71a63\" data-element_type=\"widget\" data-widget_type=\"text-editor.default\">\n\t\t\t\t<div class=\"elementor-widget-container\">\n\t\t\t\t\t\t\t<ul><li>Curso: <span data-sheets-value=\"{&quot;1&quot;:2,&quot;2&quot;:&quot;Engenharia Civil&quot;}\" data-sheets-userformat=\"{&quot;2&quot;:513,&quot;3&quot;:{&quot;1&quot;:0},&quot;12&quot;:0}\">Engenharia Civil<\/span><\/li><li>Estabelecimento de ensino: <span data-sheets-value=\"{&quot;1&quot;:2,&quot;2&quot;:&quot;Faculdade de Ci\u00eancias e Tecnologia da Universidade de Coimbra&quot;}\" data-sheets-userformat=\"{&quot;2&quot;:513,&quot;3&quot;:{&quot;1&quot;:0},&quot;12&quot;:0}\">Faculdade de Ci\u00eancias e Tecnologia da Universidade de Coimbra<\/span><\/li><li>Ano de conclus\u00e3o: 2006\/02\/06<\/li><li>Graus acad\u00e9micos: <span data-sheets-value=\"{&quot;1&quot;:2,&quot;2&quot;:&quot;Mestrado e Licenciatura&quot;}\" data-sheets-userformat=\"{&quot;2&quot;:513,&quot;3&quot;:{&quot;1&quot;:0},&quot;12&quot;:0}\">Mestrado e Licenciatura<\/span><\/li><li>Especializa\u00e7\u00f5es: <span data-sheets-value=\"{&quot;1&quot;:2,&quot;2&quot;:&quot;Hidr\u00e1ulica, Recursos H\u00eddricos e Ambiente&quot;}\" data-sheets-userformat=\"{&quot;2&quot;:769,&quot;3&quot;:{&quot;1&quot;:0},&quot;11&quot;:4,&quot;12&quot;:0}\">Hidr\u00e1ulica, Recursos H\u00eddricos e Ambiente<\/span><\/li><\/ul>\t\t\t\t\t\t<\/div>\n\t\t\t\t<\/div>\n\t\t\t\t<div class=\"elementor-element elementor-element-49d8cb22 elementor-widget elementor-widget-heading\" data-id=\"49d8cb22\" data-element_type=\"widget\" data-widget_type=\"heading.default\">\n\t\t\t\t<div class=\"elementor-widget-container\">\n\t\t\t<h2 class=\"elementor-heading-title elementor-size-default\">Actividade profissional atual<\/h2>\t\t<\/div>\n\t\t\t\t<\/div>\n\t\t\t\t<div class=\"elementor-element elementor-element-526e2e04 remover_marcadores elementor-widget elementor-widget-text-editor\" data-id=\"526e2e04\" data-element_type=\"widget\" data-widget_type=\"text-editor.default\">\n\t\t\t\t<div class=\"elementor-widget-container\">\n\t\t\t\t\t\t\t<ul><li>Entidade: <span data-sheets-value=\"{&quot;1&quot;:2,&quot;2&quot;:&quot;CTGA - Centro Tecnol\u00f3gico de Gest\u00e3o Ambiental, Lda.&quot;}\" data-sheets-userformat=\"{&quot;2&quot;:513,&quot;3&quot;:{&quot;1&quot;:0},&quot;12&quot;:0}\">CTGA &#8211; Centro Tecnol\u00f3gico de Gest\u00e3o Ambiental, Lda.<\/span><\/li><li>Fun\u00e7\u00f5es: <span data-sheets-value=\"{&quot;1&quot;:2,&quot;2&quot;:&quot;Gerente&quot;}\" data-sheets-userformat=\"{&quot;2&quot;:769,&quot;3&quot;:{&quot;1&quot;:0},&quot;11&quot;:4,&quot;12&quot;:0}\">Gerente<\/span><\/li><\/ul>\t\t\t\t\t\t<\/div>\n\t\t\t\t<\/div>\n\t\t\t\t<div class=\"elementor-element elementor-element-21926fed elementor-widget elementor-widget-heading\" data-id=\"21926fed\" data-element_type=\"widget\" data-widget_type=\"heading.default\">\n\t\t\t\t<div class=\"elementor-widget-container\">\n\t\t\t<h2 class=\"elementor-heading-title elementor-size-default\">Principais associa\u00e7\u00f5es profissionais a que pertence<\/h2>\t\t<\/div>\n\t\t\t\t<\/div>\n\t\t\t\t<div class=\"elementor-element elementor-element-75b25eaf remover_marcadores elementor-widget elementor-widget-text-editor\" data-id=\"75b25eaf\" data-element_type=\"widget\" data-widget_type=\"text-editor.default\">\n\t\t\t\t<div class=\"elementor-widget-container\">\n\t\t\t\t\t\t\t<p><span data-sheets-value=\"{&quot;1&quot;:2,&quot;2&quot;:&quot;APRH, APDA, APESB&quot;}\" data-sheets-userformat=\"{&quot;2&quot;:769,&quot;3&quot;:{&quot;1&quot;:0},&quot;11&quot;:4,&quot;12&quot;:0}\">APRH, APDA, APESB<\/span><\/p>\t\t\t\t\t\t<\/div>\n\t\t\t\t<\/div>\n\t\t\t\t\t<\/div>\n\t\t<\/div>\n\t\t\t\t<div class=\"elementor-column elementor-col-25 elementor-top-column elementor-element elementor-element-3345a29e elementor-hidden-tablet elementor-hidden-mobile\" data-id=\"3345a29e\" data-element_type=\"column\">\n\t\t\t<div class=\"elementor-widget-wrap\">\n\t\t\t\t\t\t\t<\/div>\n\t\t<\/div>\n\t\t\t\t\t<\/div>\n\t\t<\/section>\n\t\t\t\t<section class=\"elementor-section elementor-top-section elementor-element elementor-element-423601e1 elementor-section-boxed elementor-section-height-default elementor-section-height-default\" data-id=\"423601e1\" data-element_type=\"section\">\n\t\t\t\t\t\t<div class=\"elementor-container elementor-column-gap-no\">\n\t\t\t\t\t<div class=\"elementor-column elementor-col-100 elementor-top-column elementor-element elementor-element-7356967b\" data-id=\"7356967b\" data-element_type=\"column\">\n\t\t\t<div class=\"elementor-widget-wrap elementor-element-populated\">\n\t\t\t\t\t\t<div class=\"elementor-element elementor-element-66ed8885 elementor-widget elementor-widget-global elementor-global-500 elementor-widget-spacer\" data-id=\"66ed8885\" data-element_type=\"widget\" data-widget_type=\"spacer.default\">\n\t\t\t\t<div class=\"elementor-widget-container\">\n\t\t\t\t\t<div class=\"elementor-spacer\">\n\t\t\t<div class=\"elementor-spacer-inner\"><\/div>\n\t\t<\/div>\n\t\t\t\t<\/div>\n\t\t\t\t<\/div>\n\t\t\t\t\t<\/div>\n\t\t<\/div>\n\t\t\t\t\t<\/div>\n\t\t<\/section>\n\t\t\t\t<\/div>\n\t\t","protected":false},"excerpt":{"rendered":"<p>Associados da APRH Filipe Carraco dos Reis Associado 1795 Email: fcarraco@gmail.com Data de nascimento: 1980\/07\/15 Nacionalidade: Portuguesa Linkedin: &#8211; Forma\u00e7\u00e3o Curso: Engenharia Civil Estabelecimento de ensino: Faculdade de Ci\u00eancias e Tecnologia da Universidade de Coimbra Ano de conclus\u00e3o: 2006\/02\/06 Graus acad\u00e9micos: Mestrado e Licenciatura Especializa\u00e7\u00f5es: Hidr\u00e1ulica, Recursos H\u00eddricos e Ambiente Actividade profissional atual Entidade: CTGA [&hellip;]<\/p>\n","protected":false},"author":2,"featured_media":0,"parent":150,"menu_order":0,"comment_status":"closed","ping_status":"closed","template":"","meta":{"footnotes":""},"class_list":["post-62419","page","type-page","status-publish","hentry"],"yoast_head":"<!-- This site is optimized with the Yoast SEO plugin v23.8 - https:\/\/yoast.com\/wordpress\/plugins\/seo\/ -->\n<title>Filipe Carraco dos Reis - APRH<\/title>\n<meta name=\"robots\" content=\"index, follow, max-snippet:-1, max-image-preview:large, max-video-preview:-1\" \/>\n<link rel=\"canonical\" href=\"https:\/\/aprh.pt\/pt\/socios\/perfis\/filipe-carraco-dos-reis\/\" \/>\n<meta property=\"og:locale\" content=\"pt_PT\" \/>\n<meta property=\"og:type\" content=\"article\" \/>\n<meta property=\"og:title\" content=\"Filipe Carraco dos Reis - APRH\" \/>\n<meta property=\"og:description\" content=\"Associados da APRH Filipe Carraco dos Reis Associado 1795 Email: fcarraco@gmail.com Data de nascimento: 1980\/07\/15 Nacionalidade: Portuguesa Linkedin: &#8211; Forma\u00e7\u00e3o Curso: Engenharia Civil Estabelecimento de ensino: Faculdade de Ci\u00eancias e Tecnologia da Universidade de Coimbra Ano de conclus\u00e3o: 2006\/02\/06 Graus acad\u00e9micos: Mestrado e Licenciatura Especializa\u00e7\u00f5es: Hidr\u00e1ulica, Recursos H\u00eddricos e Ambiente Actividade profissional atual Entidade: CTGA [&hellip;]\" \/>\n<meta property=\"og:url\" content=\"https:\/\/aprh.pt\/pt\/socios\/perfis\/filipe-carraco-dos-reis\/\" \/>\n<meta property=\"og:site_name\" content=\"APRH\" \/>\n<meta property=\"article:modified_time\" content=\"2023-01-11T17:33:56+00:00\" \/>\n<meta property=\"og:image\" content=\"https:\/\/www.aprh.pt\/wp-content\/uploads\/2023\/01\/746d9y586y4ow0k-Filipe-Carraco-Reis.jpg\" \/>\n<meta name=\"twitter:card\" content=\"summary_large_image\" \/>\n<meta name=\"twitter:label1\" content=\"Tempo estimado de leitura\" \/>\n\t<meta name=\"twitter:data1\" content=\"1 minuto\" \/>\n<script type=\"application\/ld+json\" class=\"yoast-schema-graph\">{\"@context\":\"https:\/\/schema.org\",\"@graph\":[{\"@type\":\"WebPage\",\"@id\":\"https:\/\/aprh.pt\/pt\/socios\/perfis\/filipe-carraco-dos-reis\/\",\"url\":\"https:\/\/aprh.pt\/pt\/socios\/perfis\/filipe-carraco-dos-reis\/\",\"name\":\"Filipe Carraco dos Reis - APRH\",\"isPartOf\":{\"@id\":\"https:\/\/aprh.pt\/pt\/#website\"},\"primaryImageOfPage\":{\"@id\":\"https:\/\/aprh.pt\/pt\/socios\/perfis\/filipe-carraco-dos-reis\/#primaryimage\"},\"image\":{\"@id\":\"https:\/\/aprh.pt\/pt\/socios\/perfis\/filipe-carraco-dos-reis\/#primaryimage\"},\"thumbnailUrl\":\"https:\/\/www.aprh.pt\/wp-content\/uploads\/2023\/01\/746d9y586y4ow0k-Filipe-Carraco-Reis.jpg\",\"datePublished\":\"2023-01-11T17:30:56+00:00\",\"dateModified\":\"2023-01-11T17:33:56+00:00\",\"breadcrumb\":{\"@id\":\"https:\/\/aprh.pt\/pt\/socios\/perfis\/filipe-carraco-dos-reis\/#breadcrumb\"},\"inLanguage\":\"pt-PT\",\"potentialAction\":[{\"@type\":\"ReadAction\",\"target\":[\"https:\/\/aprh.pt\/pt\/socios\/perfis\/filipe-carraco-dos-reis\/\"]}]},{\"@type\":\"ImageObject\",\"inLanguage\":\"pt-PT\",\"@id\":\"https:\/\/aprh.pt\/pt\/socios\/perfis\/filipe-carraco-dos-reis\/#primaryimage\",\"url\":\"https:\/\/www.aprh.pt\/wp-content\/uploads\/2023\/01\/746d9y586y4ow0k-Filipe-Carraco-Reis.jpg\",\"contentUrl\":\"https:\/\/www.aprh.pt\/wp-content\/uploads\/2023\/01\/746d9y586y4ow0k-Filipe-Carraco-Reis.jpg\"},{\"@type\":\"BreadcrumbList\",\"@id\":\"https:\/\/aprh.pt\/pt\/socios\/perfis\/filipe-carraco-dos-reis\/#breadcrumb\",\"itemListElement\":[{\"@type\":\"ListItem\",\"position\":1,\"name\":\"Home\",\"item\":\"https:\/\/aprh.pt\/pt\/\"},{\"@type\":\"ListItem\",\"position\":2,\"name\":\"Associados\",\"item\":\"https:\/\/aprh.pt\/pt\/socios\/\"},{\"@type\":\"ListItem\",\"position\":3,\"name\":\"Perfis\",\"item\":\"https:\/\/aprh.pt\/pt\/socios\/perfis\/\"},{\"@type\":\"ListItem\",\"position\":4,\"name\":\"Filipe Carraco dos Reis\"}]},{\"@type\":\"WebSite\",\"@id\":\"https:\/\/aprh.pt\/pt\/#website\",\"url\":\"https:\/\/aprh.pt\/pt\/\",\"name\":\"APRH\",\"description\":\"Associa\u00e7\u00e3o Portuguesa dos Recursos H\u00eddricos\",\"publisher\":{\"@id\":\"https:\/\/aprh.pt\/pt\/#organization\"},\"potentialAction\":[{\"@type\":\"SearchAction\",\"target\":{\"@type\":\"EntryPoint\",\"urlTemplate\":\"https:\/\/aprh.pt\/pt\/?s={search_term_string}\"},\"query-input\":{\"@type\":\"PropertyValueSpecification\",\"valueRequired\":true,\"valueName\":\"search_term_string\"}}],\"inLanguage\":\"pt-PT\"},{\"@type\":\"Organization\",\"@id\":\"https:\/\/aprh.pt\/pt\/#organization\",\"name\":\"APRH\",\"url\":\"https:\/\/aprh.pt\/pt\/\",\"logo\":{\"@type\":\"ImageObject\",\"inLanguage\":\"pt-PT\",\"@id\":\"https:\/\/aprh.pt\/pt\/#\/schema\/logo\/image\/\",\"url\":\"https:\/\/aprh.pt\/wp-content\/uploads\/2022\/04\/logotipo.png\",\"contentUrl\":\"https:\/\/aprh.pt\/wp-content\/uploads\/2022\/04\/logotipo.png\",\"width\":181,\"height\":80,\"caption\":\"APRH\"},\"image\":{\"@id\":\"https:\/\/aprh.pt\/pt\/#\/schema\/logo\/image\/\"}}]}<\/script>\n<!-- \/ Yoast SEO plugin. -->","yoast_head_json":{"title":"Filipe Carraco dos Reis - APRH","robots":{"index":"index","follow":"follow","max-snippet":"max-snippet:-1","max-image-preview":"max-image-preview:large","max-video-preview":"max-video-preview:-1"},"canonical":"https:\/\/aprh.pt\/pt\/socios\/perfis\/filipe-carraco-dos-reis\/","og_locale":"pt_PT","og_type":"article","og_title":"Filipe Carraco dos Reis - APRH","og_description":"Associados da APRH Filipe Carraco dos Reis Associado 1795 Email: fcarraco@gmail.com Data de nascimento: 1980\/07\/15 Nacionalidade: Portuguesa Linkedin: &#8211; Forma\u00e7\u00e3o Curso: Engenharia Civil Estabelecimento de ensino: Faculdade de Ci\u00eancias e Tecnologia da Universidade de Coimbra Ano de conclus\u00e3o: 2006\/02\/06 Graus acad\u00e9micos: Mestrado e Licenciatura Especializa\u00e7\u00f5es: Hidr\u00e1ulica, Recursos H\u00eddricos e Ambiente Actividade profissional atual Entidade: CTGA [&hellip;]","og_url":"https:\/\/aprh.pt\/pt\/socios\/perfis\/filipe-carraco-dos-reis\/","og_site_name":"APRH","article_modified_time":"2023-01-11T17:33:56+00:00","og_image":[{"url":"https:\/\/www.aprh.pt\/wp-content\/uploads\/2023\/01\/746d9y586y4ow0k-Filipe-Carraco-Reis.jpg"}],"twitter_card":"summary_large_image","twitter_misc":{"Tempo estimado de leitura":"1 minuto"},"schema":{"@context":"https:\/\/schema.org","@graph":[{"@type":"WebPage","@id":"https:\/\/aprh.pt\/pt\/socios\/perfis\/filipe-carraco-dos-reis\/","url":"https:\/\/aprh.pt\/pt\/socios\/perfis\/filipe-carraco-dos-reis\/","name":"Filipe Carraco dos Reis - APRH","isPartOf":{"@id":"https:\/\/aprh.pt\/pt\/#website"},"primaryImageOfPage":{"@id":"https:\/\/aprh.pt\/pt\/socios\/perfis\/filipe-carraco-dos-reis\/#primaryimage"},"image":{"@id":"https:\/\/aprh.pt\/pt\/socios\/perfis\/filipe-carraco-dos-reis\/#primaryimage"},"thumbnailUrl":"https:\/\/www.aprh.pt\/wp-content\/uploads\/2023\/01\/746d9y586y4ow0k-Filipe-Carraco-Reis.jpg","datePublished":"2023-01-11T17:30:56+00:00","dateModified":"2023-01-11T17:33:56+00:00","breadcrumb":{"@id":"https:\/\/aprh.pt\/pt\/socios\/perfis\/filipe-carraco-dos-reis\/#breadcrumb"},"inLanguage":"pt-PT","potentialAction":[{"@type":"ReadAction","target":["https:\/\/aprh.pt\/pt\/socios\/perfis\/filipe-carraco-dos-reis\/"]}]},{"@type":"ImageObject","inLanguage":"pt-PT","@id":"https:\/\/aprh.pt\/pt\/socios\/perfis\/filipe-carraco-dos-reis\/#primaryimage","url":"https:\/\/www.aprh.pt\/wp-content\/uploads\/2023\/01\/746d9y586y4ow0k-Filipe-Carraco-Reis.jpg","contentUrl":"https:\/\/www.aprh.pt\/wp-content\/uploads\/2023\/01\/746d9y586y4ow0k-Filipe-Carraco-Reis.jpg"},{"@type":"BreadcrumbList","@id":"https:\/\/aprh.pt\/pt\/socios\/perfis\/filipe-carraco-dos-reis\/#breadcrumb","itemListElement":[{"@type":"ListItem","position":1,"name":"Home","item":"https:\/\/aprh.pt\/pt\/"},{"@type":"ListItem","position":2,"name":"Associados","item":"https:\/\/aprh.pt\/pt\/socios\/"},{"@type":"ListItem","position":3,"name":"Perfis","item":"https:\/\/aprh.pt\/pt\/socios\/perfis\/"},{"@type":"ListItem","position":4,"name":"Filipe Carraco dos Reis"}]},{"@type":"WebSite","@id":"https:\/\/aprh.pt\/pt\/#website","url":"https:\/\/aprh.pt\/pt\/","name":"APRH","description":"Associa\u00e7\u00e3o Portuguesa dos Recursos H\u00eddricos","publisher":{"@id":"https:\/\/aprh.pt\/pt\/#organization"},"potentialAction":[{"@type":"SearchAction","target":{"@type":"EntryPoint","urlTemplate":"https:\/\/aprh.pt\/pt\/?s={search_term_string}"},"query-input":{"@type":"PropertyValueSpecification","valueRequired":true,"valueName":"search_term_string"}}],"inLanguage":"pt-PT"},{"@type":"Organization","@id":"https:\/\/aprh.pt\/pt\/#organization","name":"APRH","url":"https:\/\/aprh.pt\/pt\/","logo":{"@type":"ImageObject","inLanguage":"pt-PT","@id":"https:\/\/aprh.pt\/pt\/#\/schema\/logo\/image\/","url":"https:\/\/aprh.pt\/wp-content\/uploads\/2022\/04\/logotipo.png","contentUrl":"https:\/\/aprh.pt\/wp-content\/uploads\/2022\/04\/logotipo.png","width":181,"height":80,"caption":"APRH"},"image":{"@id":"https:\/\/aprh.pt\/pt\/#\/schema\/logo\/image\/"}}]}},"_links":{"self":[{"href":"https:\/\/aprh.pt\/pt\/wp-json\/wp\/v2\/pages\/62419","targetHints":{"allow":["GET"]}}],"collection":[{"href":"https:\/\/aprh.pt\/pt\/wp-json\/wp\/v2\/pages"}],"about":[{"href":"https:\/\/aprh.pt\/pt\/wp-json\/wp\/v2\/types\/page"}],"author":[{"embeddable":true,"href":"https:\/\/aprh.pt\/pt\/wp-json\/wp\/v2\/users\/2"}],"replies":[{"embeddable":true,"href":"https:\/\/aprh.pt\/pt\/wp-json\/wp\/v2\/comments?post=62419"}],"version-history":[{"count":4,"href":"https:\/\/aprh.pt\/pt\/wp-json\/wp\/v2\/pages\/62419\/revisions"}],"predecessor-version":[{"id":62425,"href":"https:\/\/aprh.pt\/pt\/wp-json\/wp\/v2\/pages\/62419\/revisions\/62425"}],"up":[{"embeddable":true,"href":"https:\/\/aprh.pt\/pt\/wp-json\/wp\/v2\/pages\/150"}],"wp:attachment":[{"href":"https:\/\/aprh.pt\/pt\/wp-json\/wp\/v2\/media?parent=62419"}],"curies":[{"name":"wp","href":"https:\/\/api.w.org\/{rel}","templated":true}]}}