{"id":62458,"date":"2023-01-11T18:01:01","date_gmt":"2023-01-11T18:01:01","guid":{"rendered":"https:\/\/www.aprh.pt\/?page_id=62458"},"modified":"2025-11-20T14:46:10","modified_gmt":"2025-11-20T14:46:10","slug":"andre-matoso","status":"publish","type":"page","link":"https:\/\/aprh.pt\/pt\/socios\/perfis\/andre-matoso\/","title":{"rendered":"Andr\u00e9 Matoso"},"content":{"rendered":"\t\t<div data-elementor-type=\"wp-page\" data-elementor-id=\"62458\" class=\"elementor elementor-62458\" data-elementor-post-type=\"page\">\n\t\t\t\t\t\t<section class=\"elementor-section elementor-top-section elementor-element elementor-element-69d0b2e9 elementor-section-boxed elementor-section-height-default elementor-section-height-default\" data-id=\"69d0b2e9\" data-element_type=\"section\">\n\t\t\t\t\t\t<div class=\"elementor-container elementor-column-gap-no\">\n\t\t\t\t\t<div class=\"elementor-column elementor-col-100 elementor-top-column elementor-element elementor-element-429498a6\" data-id=\"429498a6\" data-element_type=\"column\">\n\t\t\t<div class=\"elementor-widget-wrap elementor-element-populated\">\n\t\t\t\t\t\t<div class=\"elementor-element elementor-element-663a1c5f elementor-widget elementor-widget-global elementor-global-475 elementor-widget-spacer\" data-id=\"663a1c5f\" data-element_type=\"widget\" data-widget_type=\"spacer.default\">\n\t\t\t\t<div class=\"elementor-widget-container\">\n\t\t\t\t\t<div class=\"elementor-spacer\">\n\t\t\t<div class=\"elementor-spacer-inner\"><\/div>\n\t\t<\/div>\n\t\t\t\t<\/div>\n\t\t\t\t<\/div>\n\t\t\t\t\t<\/div>\n\t\t<\/div>\n\t\t\t\t\t<\/div>\n\t\t<\/section>\n\t\t\t\t<section class=\"elementor-section elementor-top-section elementor-element elementor-element-322152f7 elementor-section-boxed elementor-section-height-default elementor-section-height-default\" data-id=\"322152f7\" data-element_type=\"section\">\n\t\t\t\t\t\t<div class=\"elementor-container elementor-column-gap-no\">\n\t\t\t\t\t<div class=\"elementor-column elementor-col-25 elementor-top-column elementor-element elementor-element-79bdd5a\" data-id=\"79bdd5a\" data-element_type=\"column\">\n\t\t\t<div class=\"elementor-widget-wrap elementor-element-populated\">\n\t\t\t\t\t\t<div class=\"elementor-element elementor-element-6f77bc56 elementor-widget elementor-widget-heading\" data-id=\"6f77bc56\" data-element_type=\"widget\" data-widget_type=\"heading.default\">\n\t\t\t\t<div class=\"elementor-widget-container\">\n\t\t\t<h2 class=\"elementor-heading-title elementor-size-default\">Associados da APRH<\/h2>\t\t<\/div>\n\t\t\t\t<\/div>\n\t\t\t\t\t<\/div>\n\t\t<\/div>\n\t\t\t\t<div class=\"elementor-column elementor-col-50 elementor-top-column elementor-element elementor-element-307a5\" data-id=\"307a5\" data-element_type=\"column\">\n\t\t\t<div class=\"elementor-widget-wrap elementor-element-populated\">\n\t\t\t\t\t\t<div class=\"elementor-element elementor-element-1aa8a679 elementor-widget elementor-widget-image\" data-id=\"1aa8a679\" data-element_type=\"widget\" data-widget_type=\"image.default\">\n\t\t\t\t<div class=\"elementor-widget-container\">\n\t\t\t\t\t\t\t\t\t\t\t\t\t<img fetchpriority=\"high\" decoding=\"async\" width=\"203\" height=\"300\" src=\"https:\/\/aprh.pt\/wp-content\/uploads\/2025\/11\/20251120_122419-203x300.jpg\" class=\"attachment-medium size-medium wp-image-82824\" alt=\"\" srcset=\"https:\/\/aprh.pt\/wp-content\/uploads\/2025\/11\/20251120_122419-203x300.jpg 203w, https:\/\/aprh.pt\/wp-content\/uploads\/2025\/11\/20251120_122419-691x1024.jpg 691w, https:\/\/aprh.pt\/wp-content\/uploads\/2025\/11\/20251120_122419-768x1138.jpg 768w, https:\/\/aprh.pt\/wp-content\/uploads\/2025\/11\/20251120_122419-1037x1536.jpg 1037w, https:\/\/aprh.pt\/wp-content\/uploads\/2025\/11\/20251120_122419-1383x2048.jpg 1383w, https:\/\/aprh.pt\/wp-content\/uploads\/2025\/11\/20251120_122419.jpg 1702w\" sizes=\"(max-width: 203px) 100vw, 203px\" \/>\t\t\t\t\t\t\t\t\t\t\t\t\t<\/div>\n\t\t\t\t<\/div>\n\t\t\t\t<div class=\"elementor-element elementor-element-725ff3db elementor-widget elementor-widget-heading\" data-id=\"725ff3db\" data-element_type=\"widget\" data-widget_type=\"heading.default\">\n\t\t\t\t<div class=\"elementor-widget-container\">\n\t\t\t<h2 class=\"elementor-heading-title elementor-size-default\">Andr\u00e9 Matoso<\/h2>\t\t<\/div>\n\t\t\t\t<\/div>\n\t\t\t\t<div class=\"elementor-element elementor-element-7f725e07 remover_marcadores elementor-widget elementor-widget-text-editor\" data-id=\"7f725e07\" data-element_type=\"widget\" data-widget_type=\"text-editor.default\">\n\t\t\t\t<div class=\"elementor-widget-container\">\n\t\t\t\t\t\t\t<ul><li>Associado 785<\/li><li>Email: amatoso@edia.pt<\/li><li>Data de nascimento: 1961\/12\/10<\/li><li>Nacionalidade: Portuguesa<\/li><\/ul>\t\t\t\t\t\t<\/div>\n\t\t\t\t<\/div>\n\t\t\t\t<div class=\"elementor-element elementor-element-3c005286 elementor-widget elementor-widget-heading\" data-id=\"3c005286\" data-element_type=\"widget\" data-widget_type=\"heading.default\">\n\t\t\t\t<div class=\"elementor-widget-container\">\n\t\t\t<h2 class=\"elementor-heading-title elementor-size-default\">Forma\u00e7\u00e3o<\/h2>\t\t<\/div>\n\t\t\t\t<\/div>\n\t\t\t\t<div class=\"elementor-element elementor-element-2852d07a remover_marcadores elementor-widget elementor-widget-text-editor\" data-id=\"2852d07a\" data-element_type=\"widget\" data-widget_type=\"text-editor.default\">\n\t\t\t\t<div class=\"elementor-widget-container\">\n\t\t\t\t\t\t\t<ul><li>Curso: <span data-sheets-value=\"{&quot;1&quot;:2,&quot;2&quot;:&quot;Geologia&quot;}\" data-sheets-userformat=\"{&quot;2&quot;:513,&quot;3&quot;:{&quot;1&quot;:0},&quot;12&quot;:0}\">Geologia<\/span><\/li><li>Estabelecimento de ensino: <span data-sheets-value=\"{&quot;1&quot;:2,&quot;2&quot;:&quot;Faculdade de Ci\u00eancias da Universidade de Lisboa&quot;}\" data-sheets-userformat=\"{&quot;2&quot;:513,&quot;3&quot;:{&quot;1&quot;:0},&quot;12&quot;:0}\">Faculdade de Ci\u00eancias da Universidade de Lisboa<\/span><\/li><li>Ano de conclus\u00e3o: 1986\/09\/30<\/li><li>Graus acad\u00e9micos: Licenciatura<\/li><li>Especializa\u00e7\u00f5es: &#8211;<\/li><\/ul>\t\t\t\t\t\t<\/div>\n\t\t\t\t<\/div>\n\t\t\t\t<div class=\"elementor-element elementor-element-65019999 elementor-widget elementor-widget-heading\" data-id=\"65019999\" data-element_type=\"widget\" data-widget_type=\"heading.default\">\n\t\t\t\t<div class=\"elementor-widget-container\">\n\t\t\t<h2 class=\"elementor-heading-title elementor-size-default\">Actividade profissional atual<\/h2>\t\t<\/div>\n\t\t\t\t<\/div>\n\t\t\t\t<div class=\"elementor-element elementor-element-460e2fc remover_marcadores elementor-widget elementor-widget-text-editor\" data-id=\"460e2fc\" data-element_type=\"widget\" data-widget_type=\"text-editor.default\">\n\t\t\t\t<div class=\"elementor-widget-container\">\n\t\t\t\t\t\t\t<ul><li>Entidade: Empresa de Desenvolvimento e Infra-estruturas do Alqueva, SA.<\/li><li>Fun\u00e7\u00f5es: Diretor Coordenador da Dire\u00e7\u00e3o de Gest\u00e3o de Patrim\u00f3nio, respons\u00e1vel pelo Departamento de Expropria\u00e7\u00f5es, pelo Departamento de Gest\u00e3o de Patrim\u00f3nio, pelo Parque de Natureza de Noudar e pelo Museu da Luz<\/li><\/ul>\t\t\t\t\t\t<\/div>\n\t\t\t\t<\/div>\n\t\t\t\t<div class=\"elementor-element elementor-element-6146c547 elementor-widget elementor-widget-heading\" data-id=\"6146c547\" data-element_type=\"widget\" data-widget_type=\"heading.default\">\n\t\t\t\t<div class=\"elementor-widget-container\">\n\t\t\t<h2 class=\"elementor-heading-title elementor-size-default\">Actividade profissional anterior relacionada com os recursos h\u00eddricos<\/h2>\t\t<\/div>\n\t\t\t\t<\/div>\n\t\t\t\t<div class=\"elementor-element elementor-element-534d0b54 remover_marcadores elementor-widget elementor-widget-text-editor\" data-id=\"534d0b54\" data-element_type=\"widget\" data-widget_type=\"text-editor.default\">\n\t\t\t\t<div class=\"elementor-widget-container\">\n\t\t\t\t\t\t\t<p><strong>1 janeiro a 1 abril 2025<br \/><\/strong>T\u00e9cnico Superior do Departamento de Assuntos Internacionais da Ag\u00eancia Portuguesa do Ambiente.<\/p><p><strong>23 novembro a 31 dezembro 2024<br \/><\/strong>T\u00e9cnico Superior da Administra\u00e7\u00e3o da Regi\u00e3o Hidrogr\u00e1fica do Alentejo (APA).<\/p><p><strong>Novembro 2013 a junho 2022<br \/><\/strong>Presidente do Conselho de Administra\u00e7\u00e3o da Sociedade Polis Litoral Sudoeste &#8211; <em>Sociedade para a Requalifica\u00e7\u00e3o e Valoriza\u00e7\u00e3o do Sudoeste Alentejano e Costa Vicentina, S.A.<\/em>, de novembro de 2013 a dezembro de 2016, data em que assume as fun\u00e7\u00f5es de Presidente da Comiss\u00e3o Liquidat\u00e1ria desta sociedade, at\u00e9 \u00e0 respetiva liquida\u00e7\u00e3o, em junho de 2022.<\/p><p><strong>Abril 2013 a 22 novembro 2024<br \/><\/strong>Diretor da Administra\u00e7\u00e3o da Regi\u00e3o Hidrogr\u00e1fica do Alentejo, departamento regional da Ag\u00eancia Portuguesa do Ambiente.<\/p><p><strong>Maio 2012 a mar\u00e7o 2013<br \/><\/strong>Diretor do Departamento de Planeamento, Informa\u00e7\u00e3o e Comunica\u00e7\u00e3o, da ex-Administra\u00e7\u00e3o da Regi\u00e3o Hidrogr\u00e1fica do Alentejo, IP<\/p><p><strong>Novembro 2008 a abril 2012<br \/><\/strong>Assessor Principal da Administra\u00e7\u00e3o da Regi\u00e3o Hidrogr\u00e1fica do Alentejo, IP. Coordenador da \u00c1rea T\u00e9cnica de Estudos e Planeamento<\/p><p><strong>Maio 2007 a novembro 2008<br \/><\/strong>Diretor de Servi\u00e7os de \u00c1guas Interiores &#8211; Comiss\u00e3o de Coordena\u00e7\u00e3o e Desenvolvimento Regional do Alentejo<\/p><p><strong>Maio 2005 a abril 2007<br \/><\/strong>Diretor de Servi\u00e7os de Monitoriza\u00e7\u00e3o Ambiental &#8211; Dire\u00e7\u00e3o Regional do Ambiente e do Ordenamento do Territ\u00f3rio do Alentejo e da Comiss\u00e3o de Coordena\u00e7\u00e3o e Desenvolvimento Regional do Alentejo (ap\u00f3s integra\u00e7\u00e3o da DRAOT Alentejo)<\/p><p><strong>Agosto 2002 a maio 2005<br \/><\/strong>Chefe da Divis\u00e3o de Monitoriza\u00e7\u00e3o Ambiental e, a partir de novembro de 2004, gest\u00e3o da Dire\u00e7\u00e3o de Servi\u00e7os de Monitoriza\u00e7\u00e3o e da Divis\u00e3o de Laborat\u00f3rios &#8211; Dire\u00e7\u00e3o Regional do Ambiente e do Ordenamento do Territ\u00f3rio do Alentejo<\/p><p><strong>Julho 1995 a agosto 2002<br \/><\/strong>Chefe da Divis\u00e3o de Recursos H\u00eddricos &#8211; Dire\u00e7\u00e3o Regional do Ambiente do Alentejo e Dire\u00e7\u00e3o Regional do Ambiente e do Ordenamento do Territ\u00f3rio do Alentejo<\/p><p><strong>Abril 1987 a julho 1995<br \/><\/strong>T\u00e9cnico Superior da Comiss\u00e3o de Coordena\u00e7\u00e3o da Regi\u00e3o do Alentejo (at\u00e9 dezembro de 1991) e Dire\u00e7\u00e3o Regional do Ambiente e Recursos Naturais do Alentejo (a partir de janeiro de 1992).<\/p>\t\t\t\t\t\t<\/div>\n\t\t\t\t<\/div>\n\t\t\t\t<div class=\"elementor-element elementor-element-7e937fa elementor-widget elementor-widget-heading\" data-id=\"7e937fa\" data-element_type=\"widget\" data-widget_type=\"heading.default\">\n\t\t\t\t<div class=\"elementor-widget-container\">\n\t\t\t<h2 class=\"elementor-heading-title elementor-size-default\">\u00c1reas de interesse preferencial no dom\u00ednio dos recursos h\u00eddricos<\/h2>\t\t<\/div>\n\t\t\t\t<\/div>\n\t\t\t\t<div class=\"elementor-element elementor-element-c7d5feb remover_marcadores elementor-widget elementor-widget-text-editor\" data-id=\"c7d5feb\" data-element_type=\"widget\" data-widget_type=\"text-editor.default\">\n\t\t\t\t<div class=\"elementor-widget-container\">\n\t\t\t\t\t\t\t<p>Planeamento, Gest\u00e3o e Monitoriza\u00e7\u00e3o de Recursos H\u00eddricos; Monitoriza\u00e7\u00e3o Ambiental; Avalia\u00e7\u00e3o de Impactes Ambientais de v\u00e1rias tipologias de projetos; Avalia\u00e7\u00e3o Ambiental Estrat\u00e9gica de planos e programas; Geologia Ambiental e Ordenamento do Territ\u00f3rio; Acompanhamento Ambiental de Obras; Gest\u00e3o Ambiental e Desenvolvimento Sustent\u00e1vel<\/p>\t\t\t\t\t\t<\/div>\n\t\t\t\t<\/div>\n\t\t\t\t<div class=\"elementor-element elementor-element-d4d5d0a elementor-widget elementor-widget-heading\" data-id=\"d4d5d0a\" data-element_type=\"widget\" data-widget_type=\"heading.default\">\n\t\t\t\t<div class=\"elementor-widget-container\">\n\t\t\t<h2 class=\"elementor-heading-title elementor-size-default\">Principais associa\u00e7\u00f5es profissionais a que pertence<\/h2>\t\t<\/div>\n\t\t\t\t<\/div>\n\t\t\t\t<div class=\"elementor-element elementor-element-a433464 remover_marcadores elementor-widget elementor-widget-text-editor\" data-id=\"a433464\" data-element_type=\"widget\" data-widget_type=\"text-editor.default\">\n\t\t\t\t<div class=\"elementor-widget-container\">\n\t\t\t\t\t\t\t<p><span data-sheets-value=\"{&quot;1&quot;:2,&quot;2&quot;:&quot;APRH; Associa\u00e7\u00e3o Portuguesa de Ge\u00f3logos&quot;}\" data-sheets-userformat=\"{&quot;2&quot;:513,&quot;3&quot;:{&quot;1&quot;:0},&quot;12&quot;:0}\">APRH; Associa\u00e7\u00e3o Portuguesa de Ge\u00f3logos<\/span><\/p>\t\t\t\t\t\t<\/div>\n\t\t\t\t<\/div>\n\t\t\t\t\t<\/div>\n\t\t<\/div>\n\t\t\t\t<div class=\"elementor-column elementor-col-25 elementor-top-column elementor-element elementor-element-250f2f3d elementor-hidden-tablet elementor-hidden-mobile\" data-id=\"250f2f3d\" data-element_type=\"column\">\n\t\t\t<div class=\"elementor-widget-wrap\">\n\t\t\t\t\t\t\t<\/div>\n\t\t<\/div>\n\t\t\t\t\t<\/div>\n\t\t<\/section>\n\t\t\t\t<section class=\"elementor-section elementor-top-section elementor-element elementor-element-4d0f8a20 elementor-section-boxed elementor-section-height-default elementor-section-height-default\" data-id=\"4d0f8a20\" data-element_type=\"section\">\n\t\t\t\t\t\t<div class=\"elementor-container elementor-column-gap-no\">\n\t\t\t\t\t<div class=\"elementor-column elementor-col-100 elementor-top-column elementor-element elementor-element-868a686\" data-id=\"868a686\" data-element_type=\"column\">\n\t\t\t<div class=\"elementor-widget-wrap elementor-element-populated\">\n\t\t\t\t\t\t<div class=\"elementor-element elementor-element-7940de8e elementor-widget elementor-widget-global elementor-global-500 elementor-widget-spacer\" data-id=\"7940de8e\" data-element_type=\"widget\" data-widget_type=\"spacer.default\">\n\t\t\t\t<div class=\"elementor-widget-container\">\n\t\t\t\t\t<div class=\"elementor-spacer\">\n\t\t\t<div class=\"elementor-spacer-inner\"><\/div>\n\t\t<\/div>\n\t\t\t\t<\/div>\n\t\t\t\t<\/div>\n\t\t\t\t\t<\/div>\n\t\t<\/div>\n\t\t\t\t\t<\/div>\n\t\t<\/section>\n\t\t\t\t<\/div>\n\t\t","protected":false},"excerpt":{"rendered":"<p>Associados da APRH Andr\u00e9 Matoso Associado 785 Email: amatoso@edia.pt Data de nascimento: 1961\/12\/10 Nacionalidade: Portuguesa Forma\u00e7\u00e3o Curso: Geologia Estabelecimento de ensino: Faculdade de Ci\u00eancias da Universidade de Lisboa Ano de conclus\u00e3o: 1986\/09\/30 Graus acad\u00e9micos: Licenciatura Especializa\u00e7\u00f5es: &#8211; Actividade profissional atual Entidade: Empresa de Desenvolvimento e Infra-estruturas do Alqueva, SA. Fun\u00e7\u00f5es: Diretor Coordenador da Dire\u00e7\u00e3o de [&hellip;]<\/p>\n","protected":false},"author":2,"featured_media":0,"parent":150,"menu_order":0,"comment_status":"closed","ping_status":"closed","template":"","meta":{"footnotes":""},"class_list":["post-62458","page","type-page","status-publish","hentry"],"yoast_head":"<!-- This site is optimized with the Yoast SEO plugin v23.8 - https:\/\/yoast.com\/wordpress\/plugins\/seo\/ -->\n<title>Andr\u00e9 Matoso - APRH<\/title>\n<meta name=\"robots\" content=\"index, follow, max-snippet:-1, max-image-preview:large, max-video-preview:-1\" \/>\n<link rel=\"canonical\" href=\"https:\/\/aprh.pt\/pt\/socios\/perfis\/andre-matoso\/\" \/>\n<meta property=\"og:locale\" content=\"pt_PT\" \/>\n<meta property=\"og:type\" content=\"article\" \/>\n<meta property=\"og:title\" content=\"Andr\u00e9 Matoso - APRH\" \/>\n<meta property=\"og:description\" content=\"Associados da APRH Andr\u00e9 Matoso Associado 785 Email: amatoso@edia.pt Data de nascimento: 1961\/12\/10 Nacionalidade: Portuguesa Forma\u00e7\u00e3o Curso: Geologia Estabelecimento de ensino: Faculdade de Ci\u00eancias da Universidade de Lisboa Ano de conclus\u00e3o: 1986\/09\/30 Graus acad\u00e9micos: Licenciatura Especializa\u00e7\u00f5es: &#8211; Actividade profissional atual Entidade: Empresa de Desenvolvimento e Infra-estruturas do Alqueva, SA. Fun\u00e7\u00f5es: Diretor Coordenador da Dire\u00e7\u00e3o de [&hellip;]\" \/>\n<meta property=\"og:url\" content=\"https:\/\/aprh.pt\/pt\/socios\/perfis\/andre-matoso\/\" \/>\n<meta property=\"og:site_name\" content=\"APRH\" \/>\n<meta property=\"article:modified_time\" content=\"2025-11-20T14:46:10+00:00\" \/>\n<meta property=\"og:image\" content=\"https:\/\/aprh.pt\/wp-content\/uploads\/2025\/11\/20251120_122419.jpg\" \/>\n\t<meta property=\"og:image:width\" content=\"1702\" \/>\n\t<meta property=\"og:image:height\" content=\"2521\" \/>\n\t<meta property=\"og:image:type\" content=\"image\/jpeg\" \/>\n<meta name=\"twitter:card\" content=\"summary_large_image\" \/>\n<meta name=\"twitter:label1\" content=\"Tempo estimado de leitura\" \/>\n\t<meta name=\"twitter:data1\" content=\"3 minutos\" \/>\n<script type=\"application\/ld+json\" class=\"yoast-schema-graph\">{\"@context\":\"https:\/\/schema.org\",\"@graph\":[{\"@type\":\"WebPage\",\"@id\":\"https:\/\/aprh.pt\/pt\/socios\/perfis\/andre-matoso\/\",\"url\":\"https:\/\/aprh.pt\/pt\/socios\/perfis\/andre-matoso\/\",\"name\":\"Andr\u00e9 Matoso - APRH\",\"isPartOf\":{\"@id\":\"https:\/\/aprh.pt\/pt\/#website\"},\"primaryImageOfPage\":{\"@id\":\"https:\/\/aprh.pt\/pt\/socios\/perfis\/andre-matoso\/#primaryimage\"},\"image\":{\"@id\":\"https:\/\/aprh.pt\/pt\/socios\/perfis\/andre-matoso\/#primaryimage\"},\"thumbnailUrl\":\"https:\/\/aprh.pt\/wp-content\/uploads\/2025\/11\/20251120_122419-203x300.jpg\",\"datePublished\":\"2023-01-11T18:01:01+00:00\",\"dateModified\":\"2025-11-20T14:46:10+00:00\",\"breadcrumb\":{\"@id\":\"https:\/\/aprh.pt\/pt\/socios\/perfis\/andre-matoso\/#breadcrumb\"},\"inLanguage\":\"pt-PT\",\"potentialAction\":[{\"@type\":\"ReadAction\",\"target\":[\"https:\/\/aprh.pt\/pt\/socios\/perfis\/andre-matoso\/\"]}]},{\"@type\":\"ImageObject\",\"inLanguage\":\"pt-PT\",\"@id\":\"https:\/\/aprh.pt\/pt\/socios\/perfis\/andre-matoso\/#primaryimage\",\"url\":\"https:\/\/aprh.pt\/wp-content\/uploads\/2025\/11\/20251120_122419-203x300.jpg\",\"contentUrl\":\"https:\/\/aprh.pt\/wp-content\/uploads\/2025\/11\/20251120_122419-203x300.jpg\"},{\"@type\":\"BreadcrumbList\",\"@id\":\"https:\/\/aprh.pt\/pt\/socios\/perfis\/andre-matoso\/#breadcrumb\",\"itemListElement\":[{\"@type\":\"ListItem\",\"position\":1,\"name\":\"Home\",\"item\":\"https:\/\/aprh.pt\/pt\/\"},{\"@type\":\"ListItem\",\"position\":2,\"name\":\"Associados\",\"item\":\"https:\/\/aprh.pt\/pt\/socios\/\"},{\"@type\":\"ListItem\",\"position\":3,\"name\":\"Perfis\",\"item\":\"https:\/\/aprh.pt\/pt\/socios\/perfis\/\"},{\"@type\":\"ListItem\",\"position\":4,\"name\":\"Andr\u00e9 Matoso\"}]},{\"@type\":\"WebSite\",\"@id\":\"https:\/\/aprh.pt\/pt\/#website\",\"url\":\"https:\/\/aprh.pt\/pt\/\",\"name\":\"APRH\",\"description\":\"Associa\u00e7\u00e3o Portuguesa dos Recursos H\u00eddricos\",\"publisher\":{\"@id\":\"https:\/\/aprh.pt\/pt\/#organization\"},\"potentialAction\":[{\"@type\":\"SearchAction\",\"target\":{\"@type\":\"EntryPoint\",\"urlTemplate\":\"https:\/\/aprh.pt\/pt\/?s={search_term_string}\"},\"query-input\":{\"@type\":\"PropertyValueSpecification\",\"valueRequired\":true,\"valueName\":\"search_term_string\"}}],\"inLanguage\":\"pt-PT\"},{\"@type\":\"Organization\",\"@id\":\"https:\/\/aprh.pt\/pt\/#organization\",\"name\":\"APRH\",\"url\":\"https:\/\/aprh.pt\/pt\/\",\"logo\":{\"@type\":\"ImageObject\",\"inLanguage\":\"pt-PT\",\"@id\":\"https:\/\/aprh.pt\/pt\/#\/schema\/logo\/image\/\",\"url\":\"https:\/\/aprh.pt\/wp-content\/uploads\/2022\/04\/logotipo.png\",\"contentUrl\":\"https:\/\/aprh.pt\/wp-content\/uploads\/2022\/04\/logotipo.png\",\"width\":181,\"height\":80,\"caption\":\"APRH\"},\"image\":{\"@id\":\"https:\/\/aprh.pt\/pt\/#\/schema\/logo\/image\/\"}}]}<\/script>\n<!-- \/ Yoast SEO plugin. -->","yoast_head_json":{"title":"Andr\u00e9 Matoso - APRH","robots":{"index":"index","follow":"follow","max-snippet":"max-snippet:-1","max-image-preview":"max-image-preview:large","max-video-preview":"max-video-preview:-1"},"canonical":"https:\/\/aprh.pt\/pt\/socios\/perfis\/andre-matoso\/","og_locale":"pt_PT","og_type":"article","og_title":"Andr\u00e9 Matoso - APRH","og_description":"Associados da APRH Andr\u00e9 Matoso Associado 785 Email: amatoso@edia.pt Data de nascimento: 1961\/12\/10 Nacionalidade: Portuguesa Forma\u00e7\u00e3o Curso: Geologia Estabelecimento de ensino: Faculdade de Ci\u00eancias da Universidade de Lisboa Ano de conclus\u00e3o: 1986\/09\/30 Graus acad\u00e9micos: Licenciatura Especializa\u00e7\u00f5es: &#8211; Actividade profissional atual Entidade: Empresa de Desenvolvimento e Infra-estruturas do Alqueva, SA. Fun\u00e7\u00f5es: Diretor Coordenador da Dire\u00e7\u00e3o de [&hellip;]","og_url":"https:\/\/aprh.pt\/pt\/socios\/perfis\/andre-matoso\/","og_site_name":"APRH","article_modified_time":"2025-11-20T14:46:10+00:00","og_image":[{"width":1702,"height":2521,"url":"https:\/\/aprh.pt\/wp-content\/uploads\/2025\/11\/20251120_122419.jpg","type":"image\/jpeg"}],"twitter_card":"summary_large_image","twitter_misc":{"Tempo estimado de leitura":"3 minutos"},"schema":{"@context":"https:\/\/schema.org","@graph":[{"@type":"WebPage","@id":"https:\/\/aprh.pt\/pt\/socios\/perfis\/andre-matoso\/","url":"https:\/\/aprh.pt\/pt\/socios\/perfis\/andre-matoso\/","name":"Andr\u00e9 Matoso - APRH","isPartOf":{"@id":"https:\/\/aprh.pt\/pt\/#website"},"primaryImageOfPage":{"@id":"https:\/\/aprh.pt\/pt\/socios\/perfis\/andre-matoso\/#primaryimage"},"image":{"@id":"https:\/\/aprh.pt\/pt\/socios\/perfis\/andre-matoso\/#primaryimage"},"thumbnailUrl":"https:\/\/aprh.pt\/wp-content\/uploads\/2025\/11\/20251120_122419-203x300.jpg","datePublished":"2023-01-11T18:01:01+00:00","dateModified":"2025-11-20T14:46:10+00:00","breadcrumb":{"@id":"https:\/\/aprh.pt\/pt\/socios\/perfis\/andre-matoso\/#breadcrumb"},"inLanguage":"pt-PT","potentialAction":[{"@type":"ReadAction","target":["https:\/\/aprh.pt\/pt\/socios\/perfis\/andre-matoso\/"]}]},{"@type":"ImageObject","inLanguage":"pt-PT","@id":"https:\/\/aprh.pt\/pt\/socios\/perfis\/andre-matoso\/#primaryimage","url":"https:\/\/aprh.pt\/wp-content\/uploads\/2025\/11\/20251120_122419-203x300.jpg","contentUrl":"https:\/\/aprh.pt\/wp-content\/uploads\/2025\/11\/20251120_122419-203x300.jpg"},{"@type":"BreadcrumbList","@id":"https:\/\/aprh.pt\/pt\/socios\/perfis\/andre-matoso\/#breadcrumb","itemListElement":[{"@type":"ListItem","position":1,"name":"Home","item":"https:\/\/aprh.pt\/pt\/"},{"@type":"ListItem","position":2,"name":"Associados","item":"https:\/\/aprh.pt\/pt\/socios\/"},{"@type":"ListItem","position":3,"name":"Perfis","item":"https:\/\/aprh.pt\/pt\/socios\/perfis\/"},{"@type":"ListItem","position":4,"name":"Andr\u00e9 Matoso"}]},{"@type":"WebSite","@id":"https:\/\/aprh.pt\/pt\/#website","url":"https:\/\/aprh.pt\/pt\/","name":"APRH","description":"Associa\u00e7\u00e3o Portuguesa dos Recursos H\u00eddricos","publisher":{"@id":"https:\/\/aprh.pt\/pt\/#organization"},"potentialAction":[{"@type":"SearchAction","target":{"@type":"EntryPoint","urlTemplate":"https:\/\/aprh.pt\/pt\/?s={search_term_string}"},"query-input":{"@type":"PropertyValueSpecification","valueRequired":true,"valueName":"search_term_string"}}],"inLanguage":"pt-PT"},{"@type":"Organization","@id":"https:\/\/aprh.pt\/pt\/#organization","name":"APRH","url":"https:\/\/aprh.pt\/pt\/","logo":{"@type":"ImageObject","inLanguage":"pt-PT","@id":"https:\/\/aprh.pt\/pt\/#\/schema\/logo\/image\/","url":"https:\/\/aprh.pt\/wp-content\/uploads\/2022\/04\/logotipo.png","contentUrl":"https:\/\/aprh.pt\/wp-content\/uploads\/2022\/04\/logotipo.png","width":181,"height":80,"caption":"APRH"},"image":{"@id":"https:\/\/aprh.pt\/pt\/#\/schema\/logo\/image\/"}}]}},"_links":{"self":[{"href":"https:\/\/aprh.pt\/pt\/wp-json\/wp\/v2\/pages\/62458","targetHints":{"allow":["GET"]}}],"collection":[{"href":"https:\/\/aprh.pt\/pt\/wp-json\/wp\/v2\/pages"}],"about":[{"href":"https:\/\/aprh.pt\/pt\/wp-json\/wp\/v2\/types\/page"}],"author":[{"embeddable":true,"href":"https:\/\/aprh.pt\/pt\/wp-json\/wp\/v2\/users\/2"}],"replies":[{"embeddable":true,"href":"https:\/\/aprh.pt\/pt\/wp-json\/wp\/v2\/comments?post=62458"}],"version-history":[{"count":13,"href":"https:\/\/aprh.pt\/pt\/wp-json\/wp\/v2\/pages\/62458\/revisions"}],"predecessor-version":[{"id":82831,"href":"https:\/\/aprh.pt\/pt\/wp-json\/wp\/v2\/pages\/62458\/revisions\/82831"}],"up":[{"embeddable":true,"href":"https:\/\/aprh.pt\/pt\/wp-json\/wp\/v2\/pages\/150"}],"wp:attachment":[{"href":"https:\/\/aprh.pt\/pt\/wp-json\/wp\/v2\/media?parent=62458"}],"curies":[{"name":"wp","href":"https:\/\/api.w.org\/{rel}","templated":true}]}}