{"id":62542,"date":"2023-01-12T14:26:01","date_gmt":"2023-01-12T14:26:01","guid":{"rendered":"https:\/\/www.aprh.pt\/?page_id=62542"},"modified":"2023-01-12T14:29:39","modified_gmt":"2023-01-12T14:29:39","slug":"rui-miguel-madeira-lanca","status":"publish","type":"page","link":"https:\/\/aprh.pt\/pt\/socios\/perfis\/rui-miguel-madeira-lanca\/","title":{"rendered":"Rui Miguel Madeira Lan\u00e7a"},"content":{"rendered":"\t\t<div data-elementor-type=\"wp-page\" data-elementor-id=\"62542\" class=\"elementor elementor-62542\" data-elementor-post-type=\"page\">\n\t\t\t\t\t\t<section class=\"elementor-section elementor-top-section elementor-element elementor-element-27d56c31 elementor-section-boxed elementor-section-height-default elementor-section-height-default\" data-id=\"27d56c31\" data-element_type=\"section\">\n\t\t\t\t\t\t<div class=\"elementor-container elementor-column-gap-no\">\n\t\t\t\t\t<div class=\"elementor-column elementor-col-100 elementor-top-column elementor-element elementor-element-579aef69\" data-id=\"579aef69\" data-element_type=\"column\">\n\t\t\t<div class=\"elementor-widget-wrap elementor-element-populated\">\n\t\t\t\t\t\t<div class=\"elementor-element elementor-element-741b1d3e elementor-widget elementor-widget-global elementor-global-475 elementor-widget-spacer\" data-id=\"741b1d3e\" data-element_type=\"widget\" data-widget_type=\"spacer.default\">\n\t\t\t\t<div class=\"elementor-widget-container\">\n\t\t\t\t\t<div class=\"elementor-spacer\">\n\t\t\t<div class=\"elementor-spacer-inner\"><\/div>\n\t\t<\/div>\n\t\t\t\t<\/div>\n\t\t\t\t<\/div>\n\t\t\t\t\t<\/div>\n\t\t<\/div>\n\t\t\t\t\t<\/div>\n\t\t<\/section>\n\t\t\t\t<section class=\"elementor-section elementor-top-section elementor-element elementor-element-73b5219b elementor-section-boxed elementor-section-height-default elementor-section-height-default\" data-id=\"73b5219b\" data-element_type=\"section\">\n\t\t\t\t\t\t<div class=\"elementor-container elementor-column-gap-no\">\n\t\t\t\t\t<div class=\"elementor-column elementor-col-25 elementor-top-column elementor-element elementor-element-4ddec173\" data-id=\"4ddec173\" data-element_type=\"column\">\n\t\t\t<div class=\"elementor-widget-wrap elementor-element-populated\">\n\t\t\t\t\t\t<div class=\"elementor-element elementor-element-6d7d76cb elementor-widget elementor-widget-heading\" data-id=\"6d7d76cb\" data-element_type=\"widget\" data-widget_type=\"heading.default\">\n\t\t\t\t<div class=\"elementor-widget-container\">\n\t\t\t<h2 class=\"elementor-heading-title elementor-size-default\">Associados da APRH<\/h2>\t\t<\/div>\n\t\t\t\t<\/div>\n\t\t\t\t\t<\/div>\n\t\t<\/div>\n\t\t\t\t<div class=\"elementor-column elementor-col-50 elementor-top-column elementor-element elementor-element-4176d005\" data-id=\"4176d005\" data-element_type=\"column\">\n\t\t\t<div class=\"elementor-widget-wrap elementor-element-populated\">\n\t\t\t\t\t\t<div class=\"elementor-element elementor-element-751804f6 elementor-widget elementor-widget-image\" data-id=\"751804f6\" data-element_type=\"widget\" data-widget_type=\"image.default\">\n\t\t\t\t<div class=\"elementor-widget-container\">\n\t\t\t\t\t\t\t\t\t\t\t\t\t<img fetchpriority=\"high\" decoding=\"async\" width=\"193\" height=\"300\" src=\"https:\/\/aprh.pt\/wp-content\/uploads\/2023\/01\/foto_rosto_rlanca-Rui-Lanca-193x300.jpg\" class=\"attachment-medium size-medium wp-image-62544\" alt=\"\" srcset=\"https:\/\/aprh.pt\/wp-content\/uploads\/2023\/01\/foto_rosto_rlanca-Rui-Lanca-193x300.jpg 193w, https:\/\/aprh.pt\/wp-content\/uploads\/2023\/01\/foto_rosto_rlanca-Rui-Lanca.jpg 306w\" sizes=\"(max-width: 193px) 100vw, 193px\" \/>\t\t\t\t\t\t\t\t\t\t\t\t\t<\/div>\n\t\t\t\t<\/div>\n\t\t\t\t<div class=\"elementor-element elementor-element-60f071c5 elementor-widget elementor-widget-heading\" data-id=\"60f071c5\" data-element_type=\"widget\" data-widget_type=\"heading.default\">\n\t\t\t\t<div class=\"elementor-widget-container\">\n\t\t\t<h2 class=\"elementor-heading-title elementor-size-default\">Rui Miguel Madeira Lan\u00e7a<\/h2>\t\t<\/div>\n\t\t\t\t<\/div>\n\t\t\t\t<div class=\"elementor-element elementor-element-4147da7b remover_marcadores elementor-widget elementor-widget-text-editor\" data-id=\"4147da7b\" data-element_type=\"widget\" data-widget_type=\"text-editor.default\">\n\t\t\t\t<div class=\"elementor-widget-container\">\n\t\t\t\t\t\t\t<ul><li>Associado 1415<\/li><li>Email: <span data-sheets-value=\"{&quot;1&quot;:2,&quot;2&quot;:&quot;rlanca@ualg.pt&quot;}\" data-sheets-userformat=\"{&quot;2&quot;:513,&quot;3&quot;:{&quot;1&quot;:0},&quot;12&quot;:0}\">rlanca@ualg.pt<\/span><\/li><li>Data de nascimento: 1974\/01\/08<\/li><li>Nacionalidade: Portuguesa<\/li><li>Site: <a href=\"https:\/\/orcid.org\/0000-0002-7753-3767\" target=\"_blank\" rel=\"noopener\">https:\/\/orcid.org\/0000-0002-7753-3767<\/a><\/li><\/ul>\t\t\t\t\t\t<\/div>\n\t\t\t\t<\/div>\n\t\t\t\t<div class=\"elementor-element elementor-element-4268c18f elementor-widget elementor-widget-heading\" data-id=\"4268c18f\" data-element_type=\"widget\" data-widget_type=\"heading.default\">\n\t\t\t\t<div class=\"elementor-widget-container\">\n\t\t\t<h2 class=\"elementor-heading-title elementor-size-default\">Forma\u00e7\u00e3o<\/h2>\t\t<\/div>\n\t\t\t\t<\/div>\n\t\t\t\t<div class=\"elementor-element elementor-element-5bea112a remover_marcadores elementor-widget elementor-widget-text-editor\" data-id=\"5bea112a\" data-element_type=\"widget\" data-widget_type=\"text-editor.default\">\n\t\t\t\t<div class=\"elementor-widget-container\">\n\t\t\t\t\t\t\t<ul><li>Curso: <span data-sheets-value=\"{&quot;1&quot;:2,&quot;2&quot;:&quot;Engenharia Civil&quot;}\" data-sheets-userformat=\"{&quot;2&quot;:513,&quot;3&quot;:{&quot;1&quot;:0},&quot;12&quot;:0}\">Engenharia Civil<\/span><\/li><li>Estabelecimento de ensino: <span data-sheets-value=\"{&quot;1&quot;:2,&quot;2&quot;:&quot;Universidade da Beira Interior&quot;}\" data-sheets-userformat=\"{&quot;2&quot;:513,&quot;3&quot;:{&quot;1&quot;:0},&quot;12&quot;:0}\">Universidade da Beira Interior<\/span><\/li><li>Ano de conclus\u00e3o: 2013\/02\/13<\/li><li>Graus acad\u00e9micos: <span data-sheets-value=\"{&quot;1&quot;:2,&quot;2&quot;:&quot;Doutor&quot;}\" data-sheets-userformat=\"{&quot;2&quot;:513,&quot;3&quot;:{&quot;1&quot;:0},&quot;12&quot;:0}\">Doutor<\/span><\/li><li>Especializa\u00e7\u00f5es: <span data-sheets-value=\"{&quot;1&quot;:2,&quot;2&quot;:&quot;Engenharia Civil&quot;}\" data-sheets-userformat=\"{&quot;2&quot;:513,&quot;3&quot;:{&quot;1&quot;:0},&quot;12&quot;:0}\">Engenharia Civil<\/span><\/li><\/ul>\t\t\t\t\t\t<\/div>\n\t\t\t\t<\/div>\n\t\t\t\t<div class=\"elementor-element elementor-element-163ff933 elementor-widget elementor-widget-heading\" data-id=\"163ff933\" data-element_type=\"widget\" data-widget_type=\"heading.default\">\n\t\t\t\t<div class=\"elementor-widget-container\">\n\t\t\t<h2 class=\"elementor-heading-title elementor-size-default\">Actividade profissional atual<\/h2>\t\t<\/div>\n\t\t\t\t<\/div>\n\t\t\t\t<div class=\"elementor-element elementor-element-1dda1fb7 remover_marcadores elementor-widget elementor-widget-text-editor\" data-id=\"1dda1fb7\" data-element_type=\"widget\" data-widget_type=\"text-editor.default\">\n\t\t\t\t<div class=\"elementor-widget-container\">\n\t\t\t\t\t\t\t<ul><li>Entidade: <span data-sheets-value=\"{&quot;1&quot;:2,&quot;2&quot;:&quot;Universidade do Algarve&quot;}\" data-sheets-userformat=\"{&quot;2&quot;:513,&quot;3&quot;:{&quot;1&quot;:0},&quot;12&quot;:0}\">Universidade do Algarve<\/span><\/li><li>Fun\u00e7\u00f5es: <span data-sheets-value=\"{&quot;1&quot;:2,&quot;2&quot;:&quot;Professor&quot;}\" data-sheets-userformat=\"{&quot;2&quot;:513,&quot;3&quot;:{&quot;1&quot;:0},&quot;12&quot;:0}\">Professor<\/span><\/li><\/ul>\t\t\t\t\t\t<\/div>\n\t\t\t\t<\/div>\n\t\t\t\t<div class=\"elementor-element elementor-element-2e65c885 elementor-widget elementor-widget-heading\" data-id=\"2e65c885\" data-element_type=\"widget\" data-widget_type=\"heading.default\">\n\t\t\t\t<div class=\"elementor-widget-container\">\n\t\t\t<h2 class=\"elementor-heading-title elementor-size-default\">\u00c1reas de interesse preferencial no dom\u00ednio dos recursos h\u00eddricos<\/h2>\t\t<\/div>\n\t\t\t\t<\/div>\n\t\t\t\t<div class=\"elementor-element elementor-element-561bf60b remover_marcadores elementor-widget elementor-widget-text-editor\" data-id=\"561bf60b\" data-element_type=\"widget\" data-widget_type=\"text-editor.default\">\n\t\t\t\t<div class=\"elementor-widget-container\">\n\t\t\t\t\t\t\t<p><span data-sheets-value=\"{&quot;1&quot;:2,&quot;2&quot;:&quot;Hidr\u00e1ulica fluvial; Hidr\u00e1ulica costeira; Riscos hidrol\u00f3gicos; Gest\u00e3o patrimonial de infraestruturas.&quot;}\" data-sheets-userformat=\"{&quot;2&quot;:513,&quot;3&quot;:{&quot;1&quot;:0},&quot;12&quot;:0}\">Hidr\u00e1ulica fluvial; Hidr\u00e1ulica costeira; Riscos hidrol\u00f3gicos; Gest\u00e3o patrimonial de infraestruturas.<\/span><\/p>\t\t\t\t\t\t<\/div>\n\t\t\t\t<\/div>\n\t\t\t\t<div class=\"elementor-element elementor-element-eafdafe elementor-widget elementor-widget-heading\" data-id=\"eafdafe\" data-element_type=\"widget\" data-widget_type=\"heading.default\">\n\t\t\t\t<div class=\"elementor-widget-container\">\n\t\t\t<h2 class=\"elementor-heading-title elementor-size-default\">Principais associa\u00e7\u00f5es profissionais a que pertence<\/h2>\t\t<\/div>\n\t\t\t\t<\/div>\n\t\t\t\t<div class=\"elementor-element elementor-element-0deeb2b remover_marcadores elementor-widget elementor-widget-text-editor\" data-id=\"0deeb2b\" data-element_type=\"widget\" data-widget_type=\"text-editor.default\">\n\t\t\t\t<div class=\"elementor-widget-container\">\n\t\t\t\t\t\t\t<p><span data-sheets-value=\"{&quot;1&quot;:2,&quot;2&quot;:&quot;Ordem dos Engenheiros (OE); Ordem dos Engenheiros T\u00e9cnicos (OET); Associa\u00e7\u00e3o Portuguesa dos Recursos Hidricos (APRH); Associa\u00e7\u00e3o Portuguesa de Riscos, Preven\u00e7\u00e3o e Seguran\u00e7a (RISCOS).&quot;}\" data-sheets-userformat=\"{&quot;2&quot;:513,&quot;3&quot;:{&quot;1&quot;:0},&quot;12&quot;:0}\">Ordem dos Engenheiros (OE); Ordem dos Engenheiros T\u00e9cnicos (OET); Associa\u00e7\u00e3o Portuguesa dos Recursos Hidricos (APRH); Associa\u00e7\u00e3o Portuguesa de Riscos, Preven\u00e7\u00e3o e Seguran\u00e7a (RISCOS).<\/span><\/p>\t\t\t\t\t\t<\/div>\n\t\t\t\t<\/div>\n\t\t\t\t\t<\/div>\n\t\t<\/div>\n\t\t\t\t<div class=\"elementor-column elementor-col-25 elementor-top-column elementor-element elementor-element-7b37676 elementor-hidden-tablet elementor-hidden-mobile\" data-id=\"7b37676\" data-element_type=\"column\">\n\t\t\t<div class=\"elementor-widget-wrap\">\n\t\t\t\t\t\t\t<\/div>\n\t\t<\/div>\n\t\t\t\t\t<\/div>\n\t\t<\/section>\n\t\t\t\t<section class=\"elementor-section elementor-top-section elementor-element elementor-element-5572d404 elementor-section-boxed elementor-section-height-default elementor-section-height-default\" data-id=\"5572d404\" data-element_type=\"section\">\n\t\t\t\t\t\t<div class=\"elementor-container elementor-column-gap-no\">\n\t\t\t\t\t<div class=\"elementor-column elementor-col-100 elementor-top-column elementor-element elementor-element-c322a07\" data-id=\"c322a07\" data-element_type=\"column\">\n\t\t\t<div class=\"elementor-widget-wrap elementor-element-populated\">\n\t\t\t\t\t\t<div class=\"elementor-element elementor-element-2d15c2c5 elementor-widget elementor-widget-global elementor-global-500 elementor-widget-spacer\" data-id=\"2d15c2c5\" data-element_type=\"widget\" data-widget_type=\"spacer.default\">\n\t\t\t\t<div class=\"elementor-widget-container\">\n\t\t\t\t\t<div class=\"elementor-spacer\">\n\t\t\t<div class=\"elementor-spacer-inner\"><\/div>\n\t\t<\/div>\n\t\t\t\t<\/div>\n\t\t\t\t<\/div>\n\t\t\t\t\t<\/div>\n\t\t<\/div>\n\t\t\t\t\t<\/div>\n\t\t<\/section>\n\t\t\t\t<\/div>\n\t\t","protected":false},"excerpt":{"rendered":"<p>Associados da APRH Rui Miguel Madeira Lan\u00e7a Associado 1415 Email: rlanca@ualg.pt Data de nascimento: 1974\/01\/08 Nacionalidade: Portuguesa Site: https:\/\/orcid.org\/0000-0002-7753-3767 Forma\u00e7\u00e3o Curso: Engenharia Civil Estabelecimento de ensino: Universidade da Beira Interior Ano de conclus\u00e3o: 2013\/02\/13 Graus acad\u00e9micos: Doutor Especializa\u00e7\u00f5es: Engenharia Civil Actividade profissional atual Entidade: Universidade do Algarve Fun\u00e7\u00f5es: Professor \u00c1reas de interesse preferencial no dom\u00ednio [&hellip;]<\/p>\n","protected":false},"author":2,"featured_media":0,"parent":150,"menu_order":0,"comment_status":"closed","ping_status":"closed","template":"","meta":{"footnotes":""},"class_list":["post-62542","page","type-page","status-publish","hentry"],"yoast_head":"<!-- This site is optimized with the Yoast SEO plugin v23.8 - https:\/\/yoast.com\/wordpress\/plugins\/seo\/ -->\n<title>Rui Miguel Madeira Lan\u00e7a - APRH<\/title>\n<meta name=\"robots\" content=\"index, follow, max-snippet:-1, max-image-preview:large, max-video-preview:-1\" \/>\n<link rel=\"canonical\" href=\"https:\/\/aprh.pt\/pt\/socios\/perfis\/rui-miguel-madeira-lanca\/\" \/>\n<meta property=\"og:locale\" content=\"pt_PT\" \/>\n<meta property=\"og:type\" content=\"article\" \/>\n<meta property=\"og:title\" content=\"Rui Miguel Madeira Lan\u00e7a - APRH\" \/>\n<meta property=\"og:description\" content=\"Associados da APRH Rui Miguel Madeira Lan\u00e7a Associado 1415 Email: rlanca@ualg.pt Data de nascimento: 1974\/01\/08 Nacionalidade: Portuguesa Site: https:\/\/orcid.org\/0000-0002-7753-3767 Forma\u00e7\u00e3o Curso: Engenharia Civil Estabelecimento de ensino: Universidade da Beira Interior Ano de conclus\u00e3o: 2013\/02\/13 Graus acad\u00e9micos: Doutor Especializa\u00e7\u00f5es: Engenharia Civil Actividade profissional atual Entidade: Universidade do Algarve Fun\u00e7\u00f5es: Professor \u00c1reas de interesse preferencial no dom\u00ednio [&hellip;]\" \/>\n<meta property=\"og:url\" content=\"https:\/\/aprh.pt\/pt\/socios\/perfis\/rui-miguel-madeira-lanca\/\" \/>\n<meta property=\"og:site_name\" content=\"APRH\" \/>\n<meta property=\"article:modified_time\" content=\"2023-01-12T14:29:39+00:00\" \/>\n<meta property=\"og:image\" content=\"https:\/\/www.aprh.pt\/wp-content\/uploads\/2023\/01\/foto_rosto_rlanca-Rui-Lanca-193x300.jpg\" \/>\n<meta name=\"twitter:card\" content=\"summary_large_image\" \/>\n<meta name=\"twitter:label1\" content=\"Tempo estimado de leitura\" \/>\n\t<meta name=\"twitter:data1\" content=\"1 minuto\" \/>\n<script type=\"application\/ld+json\" class=\"yoast-schema-graph\">{\"@context\":\"https:\/\/schema.org\",\"@graph\":[{\"@type\":\"WebPage\",\"@id\":\"https:\/\/aprh.pt\/pt\/socios\/perfis\/rui-miguel-madeira-lanca\/\",\"url\":\"https:\/\/aprh.pt\/pt\/socios\/perfis\/rui-miguel-madeira-lanca\/\",\"name\":\"Rui Miguel Madeira Lan\u00e7a - APRH\",\"isPartOf\":{\"@id\":\"https:\/\/aprh.pt\/pt\/#website\"},\"primaryImageOfPage\":{\"@id\":\"https:\/\/aprh.pt\/pt\/socios\/perfis\/rui-miguel-madeira-lanca\/#primaryimage\"},\"image\":{\"@id\":\"https:\/\/aprh.pt\/pt\/socios\/perfis\/rui-miguel-madeira-lanca\/#primaryimage\"},\"thumbnailUrl\":\"https:\/\/www.aprh.pt\/wp-content\/uploads\/2023\/01\/foto_rosto_rlanca-Rui-Lanca-193x300.jpg\",\"datePublished\":\"2023-01-12T14:26:01+00:00\",\"dateModified\":\"2023-01-12T14:29:39+00:00\",\"breadcrumb\":{\"@id\":\"https:\/\/aprh.pt\/pt\/socios\/perfis\/rui-miguel-madeira-lanca\/#breadcrumb\"},\"inLanguage\":\"pt-PT\",\"potentialAction\":[{\"@type\":\"ReadAction\",\"target\":[\"https:\/\/aprh.pt\/pt\/socios\/perfis\/rui-miguel-madeira-lanca\/\"]}]},{\"@type\":\"ImageObject\",\"inLanguage\":\"pt-PT\",\"@id\":\"https:\/\/aprh.pt\/pt\/socios\/perfis\/rui-miguel-madeira-lanca\/#primaryimage\",\"url\":\"https:\/\/www.aprh.pt\/wp-content\/uploads\/2023\/01\/foto_rosto_rlanca-Rui-Lanca-193x300.jpg\",\"contentUrl\":\"https:\/\/www.aprh.pt\/wp-content\/uploads\/2023\/01\/foto_rosto_rlanca-Rui-Lanca-193x300.jpg\"},{\"@type\":\"BreadcrumbList\",\"@id\":\"https:\/\/aprh.pt\/pt\/socios\/perfis\/rui-miguel-madeira-lanca\/#breadcrumb\",\"itemListElement\":[{\"@type\":\"ListItem\",\"position\":1,\"name\":\"Home\",\"item\":\"https:\/\/aprh.pt\/pt\/\"},{\"@type\":\"ListItem\",\"position\":2,\"name\":\"Associados\",\"item\":\"https:\/\/aprh.pt\/pt\/socios\/\"},{\"@type\":\"ListItem\",\"position\":3,\"name\":\"Perfis\",\"item\":\"https:\/\/aprh.pt\/pt\/socios\/perfis\/\"},{\"@type\":\"ListItem\",\"position\":4,\"name\":\"Rui Miguel Madeira Lan\u00e7a\"}]},{\"@type\":\"WebSite\",\"@id\":\"https:\/\/aprh.pt\/pt\/#website\",\"url\":\"https:\/\/aprh.pt\/pt\/\",\"name\":\"APRH\",\"description\":\"Associa\u00e7\u00e3o Portuguesa dos Recursos H\u00eddricos\",\"publisher\":{\"@id\":\"https:\/\/aprh.pt\/pt\/#organization\"},\"potentialAction\":[{\"@type\":\"SearchAction\",\"target\":{\"@type\":\"EntryPoint\",\"urlTemplate\":\"https:\/\/aprh.pt\/pt\/?s={search_term_string}\"},\"query-input\":{\"@type\":\"PropertyValueSpecification\",\"valueRequired\":true,\"valueName\":\"search_term_string\"}}],\"inLanguage\":\"pt-PT\"},{\"@type\":\"Organization\",\"@id\":\"https:\/\/aprh.pt\/pt\/#organization\",\"name\":\"APRH\",\"url\":\"https:\/\/aprh.pt\/pt\/\",\"logo\":{\"@type\":\"ImageObject\",\"inLanguage\":\"pt-PT\",\"@id\":\"https:\/\/aprh.pt\/pt\/#\/schema\/logo\/image\/\",\"url\":\"https:\/\/aprh.pt\/wp-content\/uploads\/2022\/04\/logotipo.png\",\"contentUrl\":\"https:\/\/aprh.pt\/wp-content\/uploads\/2022\/04\/logotipo.png\",\"width\":181,\"height\":80,\"caption\":\"APRH\"},\"image\":{\"@id\":\"https:\/\/aprh.pt\/pt\/#\/schema\/logo\/image\/\"}}]}<\/script>\n<!-- \/ Yoast SEO plugin. -->","yoast_head_json":{"title":"Rui Miguel Madeira Lan\u00e7a - APRH","robots":{"index":"index","follow":"follow","max-snippet":"max-snippet:-1","max-image-preview":"max-image-preview:large","max-video-preview":"max-video-preview:-1"},"canonical":"https:\/\/aprh.pt\/pt\/socios\/perfis\/rui-miguel-madeira-lanca\/","og_locale":"pt_PT","og_type":"article","og_title":"Rui Miguel Madeira Lan\u00e7a - APRH","og_description":"Associados da APRH Rui Miguel Madeira Lan\u00e7a Associado 1415 Email: rlanca@ualg.pt Data de nascimento: 1974\/01\/08 Nacionalidade: Portuguesa Site: https:\/\/orcid.org\/0000-0002-7753-3767 Forma\u00e7\u00e3o Curso: Engenharia Civil Estabelecimento de ensino: Universidade da Beira Interior Ano de conclus\u00e3o: 2013\/02\/13 Graus acad\u00e9micos: Doutor Especializa\u00e7\u00f5es: Engenharia Civil Actividade profissional atual Entidade: Universidade do Algarve Fun\u00e7\u00f5es: Professor \u00c1reas de interesse preferencial no dom\u00ednio [&hellip;]","og_url":"https:\/\/aprh.pt\/pt\/socios\/perfis\/rui-miguel-madeira-lanca\/","og_site_name":"APRH","article_modified_time":"2023-01-12T14:29:39+00:00","og_image":[{"url":"https:\/\/www.aprh.pt\/wp-content\/uploads\/2023\/01\/foto_rosto_rlanca-Rui-Lanca-193x300.jpg"}],"twitter_card":"summary_large_image","twitter_misc":{"Tempo estimado de leitura":"1 minuto"},"schema":{"@context":"https:\/\/schema.org","@graph":[{"@type":"WebPage","@id":"https:\/\/aprh.pt\/pt\/socios\/perfis\/rui-miguel-madeira-lanca\/","url":"https:\/\/aprh.pt\/pt\/socios\/perfis\/rui-miguel-madeira-lanca\/","name":"Rui Miguel Madeira Lan\u00e7a - APRH","isPartOf":{"@id":"https:\/\/aprh.pt\/pt\/#website"},"primaryImageOfPage":{"@id":"https:\/\/aprh.pt\/pt\/socios\/perfis\/rui-miguel-madeira-lanca\/#primaryimage"},"image":{"@id":"https:\/\/aprh.pt\/pt\/socios\/perfis\/rui-miguel-madeira-lanca\/#primaryimage"},"thumbnailUrl":"https:\/\/www.aprh.pt\/wp-content\/uploads\/2023\/01\/foto_rosto_rlanca-Rui-Lanca-193x300.jpg","datePublished":"2023-01-12T14:26:01+00:00","dateModified":"2023-01-12T14:29:39+00:00","breadcrumb":{"@id":"https:\/\/aprh.pt\/pt\/socios\/perfis\/rui-miguel-madeira-lanca\/#breadcrumb"},"inLanguage":"pt-PT","potentialAction":[{"@type":"ReadAction","target":["https:\/\/aprh.pt\/pt\/socios\/perfis\/rui-miguel-madeira-lanca\/"]}]},{"@type":"ImageObject","inLanguage":"pt-PT","@id":"https:\/\/aprh.pt\/pt\/socios\/perfis\/rui-miguel-madeira-lanca\/#primaryimage","url":"https:\/\/www.aprh.pt\/wp-content\/uploads\/2023\/01\/foto_rosto_rlanca-Rui-Lanca-193x300.jpg","contentUrl":"https:\/\/www.aprh.pt\/wp-content\/uploads\/2023\/01\/foto_rosto_rlanca-Rui-Lanca-193x300.jpg"},{"@type":"BreadcrumbList","@id":"https:\/\/aprh.pt\/pt\/socios\/perfis\/rui-miguel-madeira-lanca\/#breadcrumb","itemListElement":[{"@type":"ListItem","position":1,"name":"Home","item":"https:\/\/aprh.pt\/pt\/"},{"@type":"ListItem","position":2,"name":"Associados","item":"https:\/\/aprh.pt\/pt\/socios\/"},{"@type":"ListItem","position":3,"name":"Perfis","item":"https:\/\/aprh.pt\/pt\/socios\/perfis\/"},{"@type":"ListItem","position":4,"name":"Rui Miguel Madeira Lan\u00e7a"}]},{"@type":"WebSite","@id":"https:\/\/aprh.pt\/pt\/#website","url":"https:\/\/aprh.pt\/pt\/","name":"APRH","description":"Associa\u00e7\u00e3o Portuguesa dos Recursos H\u00eddricos","publisher":{"@id":"https:\/\/aprh.pt\/pt\/#organization"},"potentialAction":[{"@type":"SearchAction","target":{"@type":"EntryPoint","urlTemplate":"https:\/\/aprh.pt\/pt\/?s={search_term_string}"},"query-input":{"@type":"PropertyValueSpecification","valueRequired":true,"valueName":"search_term_string"}}],"inLanguage":"pt-PT"},{"@type":"Organization","@id":"https:\/\/aprh.pt\/pt\/#organization","name":"APRH","url":"https:\/\/aprh.pt\/pt\/","logo":{"@type":"ImageObject","inLanguage":"pt-PT","@id":"https:\/\/aprh.pt\/pt\/#\/schema\/logo\/image\/","url":"https:\/\/aprh.pt\/wp-content\/uploads\/2022\/04\/logotipo.png","contentUrl":"https:\/\/aprh.pt\/wp-content\/uploads\/2022\/04\/logotipo.png","width":181,"height":80,"caption":"APRH"},"image":{"@id":"https:\/\/aprh.pt\/pt\/#\/schema\/logo\/image\/"}}]}},"_links":{"self":[{"href":"https:\/\/aprh.pt\/pt\/wp-json\/wp\/v2\/pages\/62542","targetHints":{"allow":["GET"]}}],"collection":[{"href":"https:\/\/aprh.pt\/pt\/wp-json\/wp\/v2\/pages"}],"about":[{"href":"https:\/\/aprh.pt\/pt\/wp-json\/wp\/v2\/types\/page"}],"author":[{"embeddable":true,"href":"https:\/\/aprh.pt\/pt\/wp-json\/wp\/v2\/users\/2"}],"replies":[{"embeddable":true,"href":"https:\/\/aprh.pt\/pt\/wp-json\/wp\/v2\/comments?post=62542"}],"version-history":[{"count":4,"href":"https:\/\/aprh.pt\/pt\/wp-json\/wp\/v2\/pages\/62542\/revisions"}],"predecessor-version":[{"id":62548,"href":"https:\/\/aprh.pt\/pt\/wp-json\/wp\/v2\/pages\/62542\/revisions\/62548"}],"up":[{"embeddable":true,"href":"https:\/\/aprh.pt\/pt\/wp-json\/wp\/v2\/pages\/150"}],"wp:attachment":[{"href":"https:\/\/aprh.pt\/pt\/wp-json\/wp\/v2\/media?parent=62542"}],"curies":[{"name":"wp","href":"https:\/\/api.w.org\/{rel}","templated":true}]}}