{"id":62750,"date":"2023-01-13T14:29:31","date_gmt":"2023-01-13T14:29:31","guid":{"rendered":"https:\/\/www.aprh.pt\/?page_id=62750"},"modified":"2023-01-13T14:32:45","modified_gmt":"2023-01-13T14:32:45","slug":"francisco-jose-paulos-martins","status":"publish","type":"page","link":"https:\/\/aprh.pt\/pt\/socios\/perfis\/francisco-jose-paulos-martins\/","title":{"rendered":"Francisco Jos\u00e9 Paulos Martins"},"content":{"rendered":"\t\t<div data-elementor-type=\"wp-page\" data-elementor-id=\"62750\" class=\"elementor elementor-62750\" data-elementor-post-type=\"page\">\n\t\t\t\t\t\t<section class=\"elementor-section elementor-top-section elementor-element elementor-element-59229069 elementor-section-boxed elementor-section-height-default elementor-section-height-default\" data-id=\"59229069\" data-element_type=\"section\">\n\t\t\t\t\t\t<div class=\"elementor-container elementor-column-gap-no\">\n\t\t\t\t\t<div class=\"elementor-column elementor-col-100 elementor-top-column elementor-element elementor-element-30cad62c\" data-id=\"30cad62c\" data-element_type=\"column\">\n\t\t\t<div class=\"elementor-widget-wrap elementor-element-populated\">\n\t\t\t\t\t\t<div class=\"elementor-element elementor-element-c8fa79 elementor-widget elementor-widget-global elementor-global-475 elementor-widget-spacer\" data-id=\"c8fa79\" data-element_type=\"widget\" data-widget_type=\"spacer.default\">\n\t\t\t\t<div class=\"elementor-widget-container\">\n\t\t\t\t\t<div class=\"elementor-spacer\">\n\t\t\t<div class=\"elementor-spacer-inner\"><\/div>\n\t\t<\/div>\n\t\t\t\t<\/div>\n\t\t\t\t<\/div>\n\t\t\t\t\t<\/div>\n\t\t<\/div>\n\t\t\t\t\t<\/div>\n\t\t<\/section>\n\t\t\t\t<section class=\"elementor-section elementor-top-section elementor-element elementor-element-6989e9f9 elementor-section-boxed elementor-section-height-default elementor-section-height-default\" data-id=\"6989e9f9\" data-element_type=\"section\">\n\t\t\t\t\t\t<div class=\"elementor-container elementor-column-gap-no\">\n\t\t\t\t\t<div class=\"elementor-column elementor-col-25 elementor-top-column elementor-element elementor-element-510a0aef\" data-id=\"510a0aef\" data-element_type=\"column\">\n\t\t\t<div class=\"elementor-widget-wrap elementor-element-populated\">\n\t\t\t\t\t\t<div class=\"elementor-element elementor-element-469d37f elementor-widget elementor-widget-heading\" data-id=\"469d37f\" data-element_type=\"widget\" data-widget_type=\"heading.default\">\n\t\t\t\t<div class=\"elementor-widget-container\">\n\t\t\t<h2 class=\"elementor-heading-title elementor-size-default\">Associados da APRH<\/h2>\t\t<\/div>\n\t\t\t\t<\/div>\n\t\t\t\t\t<\/div>\n\t\t<\/div>\n\t\t\t\t<div class=\"elementor-column elementor-col-50 elementor-top-column elementor-element elementor-element-ff6b9f7\" data-id=\"ff6b9f7\" data-element_type=\"column\">\n\t\t\t<div class=\"elementor-widget-wrap elementor-element-populated\">\n\t\t\t\t\t\t<div class=\"elementor-element elementor-element-406a466 elementor-widget elementor-widget-image\" data-id=\"406a466\" data-element_type=\"widget\" data-widget_type=\"image.default\">\n\t\t\t\t<div class=\"elementor-widget-container\">\n\t\t\t\t\t\t\t\t\t\t\t\t\t<img fetchpriority=\"high\" decoding=\"async\" width=\"248\" height=\"300\" src=\"https:\/\/aprh.pt\/wp-content\/uploads\/2023\/01\/Foto-FM-Francisco-Martins-248x300.jpg\" class=\"attachment-medium size-medium wp-image-62753\" alt=\"\" srcset=\"https:\/\/aprh.pt\/wp-content\/uploads\/2023\/01\/Foto-FM-Francisco-Martins-248x300.jpg 248w, https:\/\/aprh.pt\/wp-content\/uploads\/2023\/01\/Foto-FM-Francisco-Martins.jpg 396w\" sizes=\"(max-width: 248px) 100vw, 248px\" \/>\t\t\t\t\t\t\t\t\t\t\t\t\t<\/div>\n\t\t\t\t<\/div>\n\t\t\t\t<div class=\"elementor-element elementor-element-3e07a410 elementor-widget elementor-widget-heading\" data-id=\"3e07a410\" data-element_type=\"widget\" data-widget_type=\"heading.default\">\n\t\t\t\t<div class=\"elementor-widget-container\">\n\t\t\t<h2 class=\"elementor-heading-title elementor-size-default\">Francisco Jos\u00e9 Paulos Martins<\/h2>\t\t<\/div>\n\t\t\t\t<\/div>\n\t\t\t\t<div class=\"elementor-element elementor-element-4965645 remover_marcadores elementor-widget elementor-widget-text-editor\" data-id=\"4965645\" data-element_type=\"widget\" data-widget_type=\"text-editor.default\">\n\t\t\t\t<div class=\"elementor-widget-container\">\n\t\t\t\t\t\t\t<ul><li><strong>Associado<\/strong> 1362<\/li><li><strong>Email:<\/strong> <span data-sheets-value=\"{&quot;1&quot;:2,&quot;2&quot;:&quot;fmartins@estv.ipv.pt&quot;}\" data-sheets-userformat=\"{&quot;2&quot;:513,&quot;3&quot;:{&quot;1&quot;:0},&quot;12&quot;:0}\">fmartins@estv.ipv.pt<\/span><\/li><li><strong>Data de nascimento:<\/strong> <span data-sheets-value=\"{&quot;1&quot;:3,&quot;3&quot;:23836}\" data-sheets-userformat=\"{&quot;2&quot;:513,&quot;3&quot;:{&quot;1&quot;:5},&quot;12&quot;:0}\">1965\/04\/04<\/span><\/li><li><strong>Nacionalidade:<\/strong> Portuguesa<\/li><li><strong>Site:<\/strong> &#8211;<\/li><\/ul>\t\t\t\t\t\t<\/div>\n\t\t\t\t<\/div>\n\t\t\t\t<div class=\"elementor-element elementor-element-3f52bec3 elementor-widget elementor-widget-heading\" data-id=\"3f52bec3\" data-element_type=\"widget\" data-widget_type=\"heading.default\">\n\t\t\t\t<div class=\"elementor-widget-container\">\n\t\t\t<h2 class=\"elementor-heading-title elementor-size-default\">Forma\u00e7\u00e3o<\/h2>\t\t<\/div>\n\t\t\t\t<\/div>\n\t\t\t\t<div class=\"elementor-element elementor-element-49bf7feb remover_marcadores elementor-widget elementor-widget-text-editor\" data-id=\"49bf7feb\" data-element_type=\"widget\" data-widget_type=\"text-editor.default\">\n\t\t\t\t<div class=\"elementor-widget-container\">\n\t\t\t\t\t\t\t<ul><li><strong>Curso:<\/strong> <span data-sheets-value=\"{&quot;1&quot;:2,&quot;2&quot;:&quot;Engenharia Civil (Hidr\u00e1ulica e Recursos H\u00eddricos)&quot;}\" data-sheets-userformat=\"{&quot;2&quot;:513,&quot;3&quot;:{&quot;1&quot;:0},&quot;12&quot;:0}\">Engenharia Civil (Hidr\u00e1ulica e Recursos H\u00eddricos)<\/span><\/li><li><strong>Estabelecimento de ensino:<\/strong> <span data-sheets-value=\"{&quot;1&quot;:2,&quot;2&quot;:&quot;FCTUC&quot;}\" data-sheets-userformat=\"{&quot;2&quot;:513,&quot;3&quot;:{&quot;1&quot;:0},&quot;12&quot;:0}\">FCTUC<\/span><\/li><li><strong>Ano de conclus\u00e3o:<\/strong> <span data-sheets-value=\"{&quot;1&quot;:3,&quot;3&quot;:24297}\" data-sheets-userformat=\"{&quot;2&quot;:513,&quot;3&quot;:{&quot;1&quot;:5},&quot;12&quot;:0}\">1966\/07\/09<\/span><\/li><li><strong>Graus acad\u00e9micos:<\/strong> &#8211;<\/li><li><strong>Especializa\u00e7\u00f5es:<\/strong> &#8211;<\/li><\/ul>\t\t\t\t\t\t<\/div>\n\t\t\t\t<\/div>\n\t\t\t\t<div class=\"elementor-element elementor-element-3ae42539 elementor-widget elementor-widget-heading\" data-id=\"3ae42539\" data-element_type=\"widget\" data-widget_type=\"heading.default\">\n\t\t\t\t<div class=\"elementor-widget-container\">\n\t\t\t<h2 class=\"elementor-heading-title elementor-size-default\">Actividade profissional atual<\/h2>\t\t<\/div>\n\t\t\t\t<\/div>\n\t\t\t\t<div class=\"elementor-element elementor-element-4253735e remover_marcadores elementor-widget elementor-widget-text-editor\" data-id=\"4253735e\" data-element_type=\"widget\" data-widget_type=\"text-editor.default\">\n\t\t\t\t<div class=\"elementor-widget-container\">\n\t\t\t\t\t\t\t<ul><li><strong>Entidade:<\/strong> <span data-sheets-value=\"{&quot;1&quot;:2,&quot;2&quot;:&quot;Departamento de Engenharia Civil - IPV&quot;}\" data-sheets-userformat=\"{&quot;2&quot;:513,&quot;3&quot;:{&quot;1&quot;:0},&quot;12&quot;:0}\">Departamento de Engenharia Civil &#8211; IPV<\/span><\/li><li><strong>Fun\u00e7\u00f5es:<\/strong> <span data-sheets-value=\"{&quot;1&quot;:2,&quot;2&quot;:&quot;Docente&quot;}\" data-sheets-userformat=\"{&quot;2&quot;:513,&quot;3&quot;:{&quot;1&quot;:0},&quot;12&quot;:0}\">Docente<\/span><\/li><\/ul>\t\t\t\t\t\t<\/div>\n\t\t\t\t<\/div>\n\t\t\t\t<div class=\"elementor-element elementor-element-fed7bad elementor-widget elementor-widget-heading\" data-id=\"fed7bad\" data-element_type=\"widget\" data-widget_type=\"heading.default\">\n\t\t\t\t<div class=\"elementor-widget-container\">\n\t\t\t<h2 class=\"elementor-heading-title elementor-size-default\">\u00c1reas de interesse preferencial no dom\u00ednio dos recursos h\u00eddricos<\/h2>\t\t<\/div>\n\t\t\t\t<\/div>\n\t\t\t\t<div class=\"elementor-element elementor-element-6c1881b4 remover_marcadores elementor-widget elementor-widget-text-editor\" data-id=\"6c1881b4\" data-element_type=\"widget\" data-widget_type=\"text-editor.default\">\n\t\t\t\t<div class=\"elementor-widget-container\">\n\t\t\t\t\t\t\t<p><span data-sheets-value=\"{&quot;1&quot;:2,&quot;2&quot;:&quot;Hidr\u00e1ulica e Recurso H\u00eddricos\\nAltera\u00e7\u00f5es Clim\u00e1ticas\\nCheias e Inunda\u00e7\u00f5es&quot;}\" data-sheets-userformat=\"{&quot;2&quot;:513,&quot;3&quot;:{&quot;1&quot;:0},&quot;12&quot;:0}\">Hidr\u00e1ulica e Recurso H\u00eddricos, Altera\u00e7\u00f5es Clim\u00e1ticas, Cheias e Inunda\u00e7\u00f5es<\/span><\/p>\t\t\t\t\t\t<\/div>\n\t\t\t\t<\/div>\n\t\t\t\t<div class=\"elementor-element elementor-element-687b93b9 elementor-widget elementor-widget-heading\" data-id=\"687b93b9\" data-element_type=\"widget\" data-widget_type=\"heading.default\">\n\t\t\t\t<div class=\"elementor-widget-container\">\n\t\t\t<h2 class=\"elementor-heading-title elementor-size-default\">Principais associa\u00e7\u00f5es profissionais a que pertence<\/h2>\t\t<\/div>\n\t\t\t\t<\/div>\n\t\t\t\t<div class=\"elementor-element elementor-element-5809b7cd remover_marcadores elementor-widget elementor-widget-text-editor\" data-id=\"5809b7cd\" data-element_type=\"widget\" data-widget_type=\"text-editor.default\">\n\t\t\t\t<div class=\"elementor-widget-container\">\n\t\t\t\t\t\t\t<p>txtxt<\/p>\t\t\t\t\t\t<\/div>\n\t\t\t\t<\/div>\n\t\t\t\t\t<\/div>\n\t\t<\/div>\n\t\t\t\t<div class=\"elementor-column elementor-col-25 elementor-top-column elementor-element elementor-element-29f077be elementor-hidden-tablet elementor-hidden-mobile\" data-id=\"29f077be\" data-element_type=\"column\">\n\t\t\t<div class=\"elementor-widget-wrap\">\n\t\t\t\t\t\t\t<\/div>\n\t\t<\/div>\n\t\t\t\t\t<\/div>\n\t\t<\/section>\n\t\t\t\t<section class=\"elementor-section elementor-top-section elementor-element elementor-element-6f8554ef elementor-section-boxed elementor-section-height-default elementor-section-height-default\" data-id=\"6f8554ef\" data-element_type=\"section\">\n\t\t\t\t\t\t<div class=\"elementor-container elementor-column-gap-no\">\n\t\t\t\t\t<div class=\"elementor-column elementor-col-100 elementor-top-column elementor-element elementor-element-5fd14b23\" data-id=\"5fd14b23\" data-element_type=\"column\">\n\t\t\t<div class=\"elementor-widget-wrap elementor-element-populated\">\n\t\t\t\t\t\t<div class=\"elementor-element elementor-element-1505c43b elementor-widget elementor-widget-global elementor-global-500 elementor-widget-spacer\" data-id=\"1505c43b\" data-element_type=\"widget\" data-widget_type=\"spacer.default\">\n\t\t\t\t<div class=\"elementor-widget-container\">\n\t\t\t\t\t<div class=\"elementor-spacer\">\n\t\t\t<div class=\"elementor-spacer-inner\"><\/div>\n\t\t<\/div>\n\t\t\t\t<\/div>\n\t\t\t\t<\/div>\n\t\t\t\t\t<\/div>\n\t\t<\/div>\n\t\t\t\t\t<\/div>\n\t\t<\/section>\n\t\t\t\t<\/div>\n\t\t","protected":false},"excerpt":{"rendered":"<p>Associados da APRH Francisco Jos\u00e9 Paulos Martins Associado 1362 Email: fmartins@estv.ipv.pt Data de nascimento: 1965\/04\/04 Nacionalidade: Portuguesa Site: &#8211; Forma\u00e7\u00e3o Curso: Engenharia Civil (Hidr\u00e1ulica e Recursos H\u00eddricos) Estabelecimento de ensino: FCTUC Ano de conclus\u00e3o: 1966\/07\/09 Graus acad\u00e9micos: &#8211; Especializa\u00e7\u00f5es: &#8211; Actividade profissional atual Entidade: Departamento de Engenharia Civil &#8211; IPV Fun\u00e7\u00f5es: Docente \u00c1reas de interesse [&hellip;]<\/p>\n","protected":false},"author":2,"featured_media":0,"parent":150,"menu_order":0,"comment_status":"closed","ping_status":"closed","template":"","meta":{"footnotes":""},"class_list":["post-62750","page","type-page","status-publish","hentry"],"yoast_head":"<!-- This site is optimized with the Yoast SEO plugin v23.8 - https:\/\/yoast.com\/wordpress\/plugins\/seo\/ -->\n<title>Francisco Jos\u00e9 Paulos Martins - APRH<\/title>\n<meta name=\"robots\" content=\"index, follow, max-snippet:-1, max-image-preview:large, max-video-preview:-1\" \/>\n<link rel=\"canonical\" href=\"https:\/\/aprh.pt\/pt\/socios\/perfis\/francisco-jose-paulos-martins\/\" \/>\n<meta property=\"og:locale\" content=\"pt_PT\" \/>\n<meta property=\"og:type\" content=\"article\" \/>\n<meta property=\"og:title\" content=\"Francisco Jos\u00e9 Paulos Martins - APRH\" \/>\n<meta property=\"og:description\" content=\"Associados da APRH Francisco Jos\u00e9 Paulos Martins Associado 1362 Email: fmartins@estv.ipv.pt Data de nascimento: 1965\/04\/04 Nacionalidade: Portuguesa Site: &#8211; Forma\u00e7\u00e3o Curso: Engenharia Civil (Hidr\u00e1ulica e Recursos H\u00eddricos) Estabelecimento de ensino: FCTUC Ano de conclus\u00e3o: 1966\/07\/09 Graus acad\u00e9micos: &#8211; Especializa\u00e7\u00f5es: &#8211; Actividade profissional atual Entidade: Departamento de Engenharia Civil &#8211; IPV Fun\u00e7\u00f5es: Docente \u00c1reas de interesse [&hellip;]\" \/>\n<meta property=\"og:url\" content=\"https:\/\/aprh.pt\/pt\/socios\/perfis\/francisco-jose-paulos-martins\/\" \/>\n<meta property=\"og:site_name\" content=\"APRH\" \/>\n<meta property=\"article:modified_time\" content=\"2023-01-13T14:32:45+00:00\" \/>\n<meta property=\"og:image\" content=\"https:\/\/www.aprh.pt\/wp-content\/uploads\/2023\/01\/Foto-FM-Francisco-Martins-248x300.jpg\" \/>\n<meta name=\"twitter:card\" content=\"summary_large_image\" \/>\n<meta name=\"twitter:label1\" content=\"Tempo estimado de leitura\" \/>\n\t<meta name=\"twitter:data1\" content=\"1 minuto\" \/>\n<script type=\"application\/ld+json\" class=\"yoast-schema-graph\">{\"@context\":\"https:\/\/schema.org\",\"@graph\":[{\"@type\":\"WebPage\",\"@id\":\"https:\/\/aprh.pt\/pt\/socios\/perfis\/francisco-jose-paulos-martins\/\",\"url\":\"https:\/\/aprh.pt\/pt\/socios\/perfis\/francisco-jose-paulos-martins\/\",\"name\":\"Francisco Jos\u00e9 Paulos Martins - APRH\",\"isPartOf\":{\"@id\":\"https:\/\/aprh.pt\/pt\/#website\"},\"primaryImageOfPage\":{\"@id\":\"https:\/\/aprh.pt\/pt\/socios\/perfis\/francisco-jose-paulos-martins\/#primaryimage\"},\"image\":{\"@id\":\"https:\/\/aprh.pt\/pt\/socios\/perfis\/francisco-jose-paulos-martins\/#primaryimage\"},\"thumbnailUrl\":\"https:\/\/www.aprh.pt\/wp-content\/uploads\/2023\/01\/Foto-FM-Francisco-Martins-248x300.jpg\",\"datePublished\":\"2023-01-13T14:29:31+00:00\",\"dateModified\":\"2023-01-13T14:32:45+00:00\",\"breadcrumb\":{\"@id\":\"https:\/\/aprh.pt\/pt\/socios\/perfis\/francisco-jose-paulos-martins\/#breadcrumb\"},\"inLanguage\":\"pt-PT\",\"potentialAction\":[{\"@type\":\"ReadAction\",\"target\":[\"https:\/\/aprh.pt\/pt\/socios\/perfis\/francisco-jose-paulos-martins\/\"]}]},{\"@type\":\"ImageObject\",\"inLanguage\":\"pt-PT\",\"@id\":\"https:\/\/aprh.pt\/pt\/socios\/perfis\/francisco-jose-paulos-martins\/#primaryimage\",\"url\":\"https:\/\/www.aprh.pt\/wp-content\/uploads\/2023\/01\/Foto-FM-Francisco-Martins-248x300.jpg\",\"contentUrl\":\"https:\/\/www.aprh.pt\/wp-content\/uploads\/2023\/01\/Foto-FM-Francisco-Martins-248x300.jpg\"},{\"@type\":\"BreadcrumbList\",\"@id\":\"https:\/\/aprh.pt\/pt\/socios\/perfis\/francisco-jose-paulos-martins\/#breadcrumb\",\"itemListElement\":[{\"@type\":\"ListItem\",\"position\":1,\"name\":\"Home\",\"item\":\"https:\/\/aprh.pt\/pt\/\"},{\"@type\":\"ListItem\",\"position\":2,\"name\":\"Associados\",\"item\":\"https:\/\/aprh.pt\/pt\/socios\/\"},{\"@type\":\"ListItem\",\"position\":3,\"name\":\"Perfis\",\"item\":\"https:\/\/aprh.pt\/pt\/socios\/perfis\/\"},{\"@type\":\"ListItem\",\"position\":4,\"name\":\"Francisco Jos\u00e9 Paulos Martins\"}]},{\"@type\":\"WebSite\",\"@id\":\"https:\/\/aprh.pt\/pt\/#website\",\"url\":\"https:\/\/aprh.pt\/pt\/\",\"name\":\"APRH\",\"description\":\"Associa\u00e7\u00e3o Portuguesa dos Recursos H\u00eddricos\",\"publisher\":{\"@id\":\"https:\/\/aprh.pt\/pt\/#organization\"},\"potentialAction\":[{\"@type\":\"SearchAction\",\"target\":{\"@type\":\"EntryPoint\",\"urlTemplate\":\"https:\/\/aprh.pt\/pt\/?s={search_term_string}\"},\"query-input\":{\"@type\":\"PropertyValueSpecification\",\"valueRequired\":true,\"valueName\":\"search_term_string\"}}],\"inLanguage\":\"pt-PT\"},{\"@type\":\"Organization\",\"@id\":\"https:\/\/aprh.pt\/pt\/#organization\",\"name\":\"APRH\",\"url\":\"https:\/\/aprh.pt\/pt\/\",\"logo\":{\"@type\":\"ImageObject\",\"inLanguage\":\"pt-PT\",\"@id\":\"https:\/\/aprh.pt\/pt\/#\/schema\/logo\/image\/\",\"url\":\"https:\/\/aprh.pt\/wp-content\/uploads\/2022\/04\/logotipo.png\",\"contentUrl\":\"https:\/\/aprh.pt\/wp-content\/uploads\/2022\/04\/logotipo.png\",\"width\":181,\"height\":80,\"caption\":\"APRH\"},\"image\":{\"@id\":\"https:\/\/aprh.pt\/pt\/#\/schema\/logo\/image\/\"}}]}<\/script>\n<!-- \/ Yoast SEO plugin. -->","yoast_head_json":{"title":"Francisco Jos\u00e9 Paulos Martins - APRH","robots":{"index":"index","follow":"follow","max-snippet":"max-snippet:-1","max-image-preview":"max-image-preview:large","max-video-preview":"max-video-preview:-1"},"canonical":"https:\/\/aprh.pt\/pt\/socios\/perfis\/francisco-jose-paulos-martins\/","og_locale":"pt_PT","og_type":"article","og_title":"Francisco Jos\u00e9 Paulos Martins - APRH","og_description":"Associados da APRH Francisco Jos\u00e9 Paulos Martins Associado 1362 Email: fmartins@estv.ipv.pt Data de nascimento: 1965\/04\/04 Nacionalidade: Portuguesa Site: &#8211; Forma\u00e7\u00e3o Curso: Engenharia Civil (Hidr\u00e1ulica e Recursos H\u00eddricos) Estabelecimento de ensino: FCTUC Ano de conclus\u00e3o: 1966\/07\/09 Graus acad\u00e9micos: &#8211; Especializa\u00e7\u00f5es: &#8211; Actividade profissional atual Entidade: Departamento de Engenharia Civil &#8211; IPV Fun\u00e7\u00f5es: Docente \u00c1reas de interesse [&hellip;]","og_url":"https:\/\/aprh.pt\/pt\/socios\/perfis\/francisco-jose-paulos-martins\/","og_site_name":"APRH","article_modified_time":"2023-01-13T14:32:45+00:00","og_image":[{"url":"https:\/\/www.aprh.pt\/wp-content\/uploads\/2023\/01\/Foto-FM-Francisco-Martins-248x300.jpg"}],"twitter_card":"summary_large_image","twitter_misc":{"Tempo estimado de leitura":"1 minuto"},"schema":{"@context":"https:\/\/schema.org","@graph":[{"@type":"WebPage","@id":"https:\/\/aprh.pt\/pt\/socios\/perfis\/francisco-jose-paulos-martins\/","url":"https:\/\/aprh.pt\/pt\/socios\/perfis\/francisco-jose-paulos-martins\/","name":"Francisco Jos\u00e9 Paulos Martins - APRH","isPartOf":{"@id":"https:\/\/aprh.pt\/pt\/#website"},"primaryImageOfPage":{"@id":"https:\/\/aprh.pt\/pt\/socios\/perfis\/francisco-jose-paulos-martins\/#primaryimage"},"image":{"@id":"https:\/\/aprh.pt\/pt\/socios\/perfis\/francisco-jose-paulos-martins\/#primaryimage"},"thumbnailUrl":"https:\/\/www.aprh.pt\/wp-content\/uploads\/2023\/01\/Foto-FM-Francisco-Martins-248x300.jpg","datePublished":"2023-01-13T14:29:31+00:00","dateModified":"2023-01-13T14:32:45+00:00","breadcrumb":{"@id":"https:\/\/aprh.pt\/pt\/socios\/perfis\/francisco-jose-paulos-martins\/#breadcrumb"},"inLanguage":"pt-PT","potentialAction":[{"@type":"ReadAction","target":["https:\/\/aprh.pt\/pt\/socios\/perfis\/francisco-jose-paulos-martins\/"]}]},{"@type":"ImageObject","inLanguage":"pt-PT","@id":"https:\/\/aprh.pt\/pt\/socios\/perfis\/francisco-jose-paulos-martins\/#primaryimage","url":"https:\/\/www.aprh.pt\/wp-content\/uploads\/2023\/01\/Foto-FM-Francisco-Martins-248x300.jpg","contentUrl":"https:\/\/www.aprh.pt\/wp-content\/uploads\/2023\/01\/Foto-FM-Francisco-Martins-248x300.jpg"},{"@type":"BreadcrumbList","@id":"https:\/\/aprh.pt\/pt\/socios\/perfis\/francisco-jose-paulos-martins\/#breadcrumb","itemListElement":[{"@type":"ListItem","position":1,"name":"Home","item":"https:\/\/aprh.pt\/pt\/"},{"@type":"ListItem","position":2,"name":"Associados","item":"https:\/\/aprh.pt\/pt\/socios\/"},{"@type":"ListItem","position":3,"name":"Perfis","item":"https:\/\/aprh.pt\/pt\/socios\/perfis\/"},{"@type":"ListItem","position":4,"name":"Francisco Jos\u00e9 Paulos Martins"}]},{"@type":"WebSite","@id":"https:\/\/aprh.pt\/pt\/#website","url":"https:\/\/aprh.pt\/pt\/","name":"APRH","description":"Associa\u00e7\u00e3o Portuguesa dos Recursos H\u00eddricos","publisher":{"@id":"https:\/\/aprh.pt\/pt\/#organization"},"potentialAction":[{"@type":"SearchAction","target":{"@type":"EntryPoint","urlTemplate":"https:\/\/aprh.pt\/pt\/?s={search_term_string}"},"query-input":{"@type":"PropertyValueSpecification","valueRequired":true,"valueName":"search_term_string"}}],"inLanguage":"pt-PT"},{"@type":"Organization","@id":"https:\/\/aprh.pt\/pt\/#organization","name":"APRH","url":"https:\/\/aprh.pt\/pt\/","logo":{"@type":"ImageObject","inLanguage":"pt-PT","@id":"https:\/\/aprh.pt\/pt\/#\/schema\/logo\/image\/","url":"https:\/\/aprh.pt\/wp-content\/uploads\/2022\/04\/logotipo.png","contentUrl":"https:\/\/aprh.pt\/wp-content\/uploads\/2022\/04\/logotipo.png","width":181,"height":80,"caption":"APRH"},"image":{"@id":"https:\/\/aprh.pt\/pt\/#\/schema\/logo\/image\/"}}]}},"_links":{"self":[{"href":"https:\/\/aprh.pt\/pt\/wp-json\/wp\/v2\/pages\/62750","targetHints":{"allow":["GET"]}}],"collection":[{"href":"https:\/\/aprh.pt\/pt\/wp-json\/wp\/v2\/pages"}],"about":[{"href":"https:\/\/aprh.pt\/pt\/wp-json\/wp\/v2\/types\/page"}],"author":[{"embeddable":true,"href":"https:\/\/aprh.pt\/pt\/wp-json\/wp\/v2\/users\/2"}],"replies":[{"embeddable":true,"href":"https:\/\/aprh.pt\/pt\/wp-json\/wp\/v2\/comments?post=62750"}],"version-history":[{"count":4,"href":"https:\/\/aprh.pt\/pt\/wp-json\/wp\/v2\/pages\/62750\/revisions"}],"predecessor-version":[{"id":62757,"href":"https:\/\/aprh.pt\/pt\/wp-json\/wp\/v2\/pages\/62750\/revisions\/62757"}],"up":[{"embeddable":true,"href":"https:\/\/aprh.pt\/pt\/wp-json\/wp\/v2\/pages\/150"}],"wp:attachment":[{"href":"https:\/\/aprh.pt\/pt\/wp-json\/wp\/v2\/media?parent=62750"}],"curies":[{"name":"wp","href":"https:\/\/api.w.org\/{rel}","templated":true}]}}