{"id":62879,"date":"2023-01-16T11:11:28","date_gmt":"2023-01-16T11:11:28","guid":{"rendered":"https:\/\/www.aprh.pt\/?page_id=62879"},"modified":"2023-01-16T11:13:36","modified_gmt":"2023-01-16T11:13:36","slug":"simar-servicos-intermunicipalizados-de-aguas-e-residuos-de-loures-odivelas","status":"publish","type":"page","link":"https:\/\/aprh.pt\/pt\/socios\/perfis\/simar-servicos-intermunicipalizados-de-aguas-e-residuos-de-loures-odivelas\/","title":{"rendered":"SIMAR &#8211; Servi\u00e7os Intermunicipalizados de \u00c1guas e Res\u00edduos de Loures\/Odivelas"},"content":{"rendered":"\t\t<div data-elementor-type=\"wp-page\" data-elementor-id=\"62879\" class=\"elementor elementor-62879\" data-elementor-post-type=\"page\">\n\t\t\t\t\t\t<section class=\"elementor-section elementor-top-section elementor-element elementor-element-534193c8 elementor-section-boxed elementor-section-height-default elementor-section-height-default\" data-id=\"534193c8\" data-element_type=\"section\">\n\t\t\t\t\t\t<div class=\"elementor-container elementor-column-gap-no\">\n\t\t\t\t\t<div class=\"elementor-column elementor-col-100 elementor-top-column elementor-element elementor-element-79108cb5\" data-id=\"79108cb5\" data-element_type=\"column\">\n\t\t\t<div class=\"elementor-widget-wrap elementor-element-populated\">\n\t\t\t\t\t\t<div class=\"elementor-element elementor-element-205367bb elementor-widget elementor-widget-global elementor-global-475 elementor-widget-spacer\" data-id=\"205367bb\" data-element_type=\"widget\" data-widget_type=\"spacer.default\">\n\t\t\t\t<div class=\"elementor-widget-container\">\n\t\t\t\t\t<div class=\"elementor-spacer\">\n\t\t\t<div class=\"elementor-spacer-inner\"><\/div>\n\t\t<\/div>\n\t\t\t\t<\/div>\n\t\t\t\t<\/div>\n\t\t\t\t\t<\/div>\n\t\t<\/div>\n\t\t\t\t\t<\/div>\n\t\t<\/section>\n\t\t\t\t<section class=\"elementor-section elementor-top-section elementor-element elementor-element-7ef105d9 elementor-section-boxed elementor-section-height-default elementor-section-height-default\" data-id=\"7ef105d9\" data-element_type=\"section\">\n\t\t\t\t\t\t<div class=\"elementor-container elementor-column-gap-no\">\n\t\t\t\t\t<div class=\"elementor-column elementor-col-25 elementor-top-column elementor-element elementor-element-67712773\" data-id=\"67712773\" data-element_type=\"column\">\n\t\t\t<div class=\"elementor-widget-wrap elementor-element-populated\">\n\t\t\t\t\t\t<div class=\"elementor-element elementor-element-4dc36011 elementor-widget elementor-widget-heading\" data-id=\"4dc36011\" data-element_type=\"widget\" data-widget_type=\"heading.default\">\n\t\t\t\t<div class=\"elementor-widget-container\">\n\t\t\t<h2 class=\"elementor-heading-title elementor-size-default\">Associados da APRH<\/h2>\t\t<\/div>\n\t\t\t\t<\/div>\n\t\t\t\t\t<\/div>\n\t\t<\/div>\n\t\t\t\t<div class=\"elementor-column elementor-col-50 elementor-top-column elementor-element elementor-element-4a9947c2\" data-id=\"4a9947c2\" data-element_type=\"column\">\n\t\t\t<div class=\"elementor-widget-wrap elementor-element-populated\">\n\t\t\t\t\t\t<div class=\"elementor-element elementor-element-157d3251 elementor-widget elementor-widget-image\" data-id=\"157d3251\" data-element_type=\"widget\" data-widget_type=\"image.default\">\n\t\t\t\t<div class=\"elementor-widget-container\">\n\t\t\t\t\t\t\t\t\t\t\t\t\t<img decoding=\"async\" width=\"283\" height=\"170\" src=\"https:\/\/aprh.pt\/wp-content\/uploads\/2023\/01\/loures-odivelas.gif\" class=\"attachment-medium size-medium wp-image-62882\" alt=\"\" \/>\t\t\t\t\t\t\t\t\t\t\t\t\t<\/div>\n\t\t\t\t<\/div>\n\t\t\t\t<div class=\"elementor-element elementor-element-36c13377 elementor-widget elementor-widget-heading\" data-id=\"36c13377\" data-element_type=\"widget\" data-widget_type=\"heading.default\">\n\t\t\t\t<div class=\"elementor-widget-container\">\n\t\t\t<h2 class=\"elementor-heading-title elementor-size-default\">SIMAR - Servi\u00e7os Intermunicipalizados de \u00c1guas e Res\u00edduos de Loures\/Odivelas<\/h2>\t\t<\/div>\n\t\t\t\t<\/div>\n\t\t\t\t<div class=\"elementor-element elementor-element-31ba676a remover_marcadores elementor-widget elementor-widget-text-editor\" data-id=\"31ba676a\" data-element_type=\"widget\" data-widget_type=\"text-editor.default\">\n\t\t\t\t<div class=\"elementor-widget-container\">\n\t\t\t\t\t\t\t<ul><li><strong>Associado<\/strong> 54<\/li><li><strong>Email:<\/strong> geral@simar-louresodivelas.pt<\/li><li><strong>Site:<\/strong> <a href=\"http:\/\/www.simar-louresodivelas.pt\/\" target=\"_blank\" rel=\"noopener\">http:\/\/www.simar-louresodivelas.pt\/<\/a><\/li><\/ul>\t\t\t\t\t\t<\/div>\n\t\t\t\t<\/div>\n\t\t\t\t\t<\/div>\n\t\t<\/div>\n\t\t\t\t<div class=\"elementor-column elementor-col-25 elementor-top-column elementor-element elementor-element-4478fafb elementor-hidden-tablet elementor-hidden-mobile\" data-id=\"4478fafb\" data-element_type=\"column\">\n\t\t\t<div class=\"elementor-widget-wrap\">\n\t\t\t\t\t\t\t<\/div>\n\t\t<\/div>\n\t\t\t\t\t<\/div>\n\t\t<\/section>\n\t\t\t\t<section class=\"elementor-section elementor-top-section elementor-element elementor-element-56cb1c47 elementor-section-boxed elementor-section-height-default elementor-section-height-default\" data-id=\"56cb1c47\" data-element_type=\"section\">\n\t\t\t\t\t\t<div class=\"elementor-container elementor-column-gap-no\">\n\t\t\t\t\t<div class=\"elementor-column elementor-col-100 elementor-top-column elementor-element elementor-element-7ff32996\" data-id=\"7ff32996\" data-element_type=\"column\">\n\t\t\t<div class=\"elementor-widget-wrap elementor-element-populated\">\n\t\t\t\t\t\t<div class=\"elementor-element elementor-element-6189bfde elementor-widget elementor-widget-global elementor-global-500 elementor-widget-spacer\" data-id=\"6189bfde\" data-element_type=\"widget\" data-widget_type=\"spacer.default\">\n\t\t\t\t<div class=\"elementor-widget-container\">\n\t\t\t\t\t<div class=\"elementor-spacer\">\n\t\t\t<div class=\"elementor-spacer-inner\"><\/div>\n\t\t<\/div>\n\t\t\t\t<\/div>\n\t\t\t\t<\/div>\n\t\t\t\t\t<\/div>\n\t\t<\/div>\n\t\t\t\t\t<\/div>\n\t\t<\/section>\n\t\t\t\t<\/div>\n\t\t","protected":false},"excerpt":{"rendered":"<p>Associados da APRH SIMAR &#8211; Servi\u00e7os Intermunicipalizados de \u00c1guas e Res\u00edduos de Loures\/Odivelas Associado 54 Email: geral@simar-louresodivelas.pt Site: http:\/\/www.simar-louresodivelas.pt\/<\/p>\n","protected":false},"author":2,"featured_media":0,"parent":150,"menu_order":0,"comment_status":"closed","ping_status":"closed","template":"","meta":{"footnotes":""},"class_list":["post-62879","page","type-page","status-publish","hentry"],"yoast_head":"<!-- This site is optimized with the Yoast SEO plugin v23.8 - https:\/\/yoast.com\/wordpress\/plugins\/seo\/ -->\n<title>SIMAR - Servi\u00e7os Intermunicipalizados de \u00c1guas e Res\u00edduos de Loures\/Odivelas - APRH<\/title>\n<meta name=\"robots\" content=\"index, follow, max-snippet:-1, max-image-preview:large, max-video-preview:-1\" \/>\n<link rel=\"canonical\" href=\"https:\/\/aprh.pt\/pt\/socios\/perfis\/simar-servicos-intermunicipalizados-de-aguas-e-residuos-de-loures-odivelas\/\" \/>\n<meta property=\"og:locale\" content=\"pt_PT\" \/>\n<meta property=\"og:type\" content=\"article\" \/>\n<meta property=\"og:title\" content=\"SIMAR - Servi\u00e7os Intermunicipalizados de \u00c1guas e Res\u00edduos de Loures\/Odivelas - APRH\" \/>\n<meta property=\"og:description\" content=\"Associados da APRH SIMAR &#8211; Servi\u00e7os Intermunicipalizados de \u00c1guas e Res\u00edduos de Loures\/Odivelas Associado 54 Email: geral@simar-louresodivelas.pt Site: http:\/\/www.simar-louresodivelas.pt\/\" \/>\n<meta property=\"og:url\" content=\"https:\/\/aprh.pt\/pt\/socios\/perfis\/simar-servicos-intermunicipalizados-de-aguas-e-residuos-de-loures-odivelas\/\" \/>\n<meta property=\"og:site_name\" content=\"APRH\" \/>\n<meta property=\"article:modified_time\" content=\"2023-01-16T11:13:36+00:00\" \/>\n<meta property=\"og:image\" content=\"https:\/\/www.aprh.pt\/wp-content\/uploads\/2023\/01\/loures-odivelas.gif\" \/>\n<meta name=\"twitter:card\" content=\"summary_large_image\" \/>\n<meta name=\"twitter:label1\" content=\"Tempo estimado de leitura\" \/>\n\t<meta name=\"twitter:data1\" content=\"1 minuto\" \/>\n<script type=\"application\/ld+json\" class=\"yoast-schema-graph\">{\"@context\":\"https:\/\/schema.org\",\"@graph\":[{\"@type\":\"WebPage\",\"@id\":\"https:\/\/aprh.pt\/pt\/socios\/perfis\/simar-servicos-intermunicipalizados-de-aguas-e-residuos-de-loures-odivelas\/\",\"url\":\"https:\/\/aprh.pt\/pt\/socios\/perfis\/simar-servicos-intermunicipalizados-de-aguas-e-residuos-de-loures-odivelas\/\",\"name\":\"SIMAR - Servi\u00e7os Intermunicipalizados de \u00c1guas e Res\u00edduos de Loures\/Odivelas - APRH\",\"isPartOf\":{\"@id\":\"https:\/\/aprh.pt\/pt\/#website\"},\"primaryImageOfPage\":{\"@id\":\"https:\/\/aprh.pt\/pt\/socios\/perfis\/simar-servicos-intermunicipalizados-de-aguas-e-residuos-de-loures-odivelas\/#primaryimage\"},\"image\":{\"@id\":\"https:\/\/aprh.pt\/pt\/socios\/perfis\/simar-servicos-intermunicipalizados-de-aguas-e-residuos-de-loures-odivelas\/#primaryimage\"},\"thumbnailUrl\":\"https:\/\/www.aprh.pt\/wp-content\/uploads\/2023\/01\/loures-odivelas.gif\",\"datePublished\":\"2023-01-16T11:11:28+00:00\",\"dateModified\":\"2023-01-16T11:13:36+00:00\",\"breadcrumb\":{\"@id\":\"https:\/\/aprh.pt\/pt\/socios\/perfis\/simar-servicos-intermunicipalizados-de-aguas-e-residuos-de-loures-odivelas\/#breadcrumb\"},\"inLanguage\":\"pt-PT\",\"potentialAction\":[{\"@type\":\"ReadAction\",\"target\":[\"https:\/\/aprh.pt\/pt\/socios\/perfis\/simar-servicos-intermunicipalizados-de-aguas-e-residuos-de-loures-odivelas\/\"]}]},{\"@type\":\"ImageObject\",\"inLanguage\":\"pt-PT\",\"@id\":\"https:\/\/aprh.pt\/pt\/socios\/perfis\/simar-servicos-intermunicipalizados-de-aguas-e-residuos-de-loures-odivelas\/#primaryimage\",\"url\":\"https:\/\/www.aprh.pt\/wp-content\/uploads\/2023\/01\/loures-odivelas.gif\",\"contentUrl\":\"https:\/\/www.aprh.pt\/wp-content\/uploads\/2023\/01\/loures-odivelas.gif\"},{\"@type\":\"BreadcrumbList\",\"@id\":\"https:\/\/aprh.pt\/pt\/socios\/perfis\/simar-servicos-intermunicipalizados-de-aguas-e-residuos-de-loures-odivelas\/#breadcrumb\",\"itemListElement\":[{\"@type\":\"ListItem\",\"position\":1,\"name\":\"Home\",\"item\":\"https:\/\/aprh.pt\/pt\/\"},{\"@type\":\"ListItem\",\"position\":2,\"name\":\"Associados\",\"item\":\"https:\/\/aprh.pt\/pt\/socios\/\"},{\"@type\":\"ListItem\",\"position\":3,\"name\":\"Perfis\",\"item\":\"https:\/\/aprh.pt\/pt\/socios\/perfis\/\"},{\"@type\":\"ListItem\",\"position\":4,\"name\":\"SIMAR &#8211; Servi\u00e7os Intermunicipalizados de \u00c1guas e Res\u00edduos de Loures\/Odivelas\"}]},{\"@type\":\"WebSite\",\"@id\":\"https:\/\/aprh.pt\/pt\/#website\",\"url\":\"https:\/\/aprh.pt\/pt\/\",\"name\":\"APRH\",\"description\":\"Associa\u00e7\u00e3o Portuguesa dos Recursos H\u00eddricos\",\"publisher\":{\"@id\":\"https:\/\/aprh.pt\/pt\/#organization\"},\"potentialAction\":[{\"@type\":\"SearchAction\",\"target\":{\"@type\":\"EntryPoint\",\"urlTemplate\":\"https:\/\/aprh.pt\/pt\/?s={search_term_string}\"},\"query-input\":{\"@type\":\"PropertyValueSpecification\",\"valueRequired\":true,\"valueName\":\"search_term_string\"}}],\"inLanguage\":\"pt-PT\"},{\"@type\":\"Organization\",\"@id\":\"https:\/\/aprh.pt\/pt\/#organization\",\"name\":\"APRH\",\"url\":\"https:\/\/aprh.pt\/pt\/\",\"logo\":{\"@type\":\"ImageObject\",\"inLanguage\":\"pt-PT\",\"@id\":\"https:\/\/aprh.pt\/pt\/#\/schema\/logo\/image\/\",\"url\":\"https:\/\/aprh.pt\/wp-content\/uploads\/2022\/04\/logotipo.png\",\"contentUrl\":\"https:\/\/aprh.pt\/wp-content\/uploads\/2022\/04\/logotipo.png\",\"width\":181,\"height\":80,\"caption\":\"APRH\"},\"image\":{\"@id\":\"https:\/\/aprh.pt\/pt\/#\/schema\/logo\/image\/\"}}]}<\/script>\n<!-- \/ Yoast SEO plugin. -->","yoast_head_json":{"title":"SIMAR - Servi\u00e7os Intermunicipalizados de \u00c1guas e Res\u00edduos de Loures\/Odivelas - APRH","robots":{"index":"index","follow":"follow","max-snippet":"max-snippet:-1","max-image-preview":"max-image-preview:large","max-video-preview":"max-video-preview:-1"},"canonical":"https:\/\/aprh.pt\/pt\/socios\/perfis\/simar-servicos-intermunicipalizados-de-aguas-e-residuos-de-loures-odivelas\/","og_locale":"pt_PT","og_type":"article","og_title":"SIMAR - Servi\u00e7os Intermunicipalizados de \u00c1guas e Res\u00edduos de Loures\/Odivelas - APRH","og_description":"Associados da APRH SIMAR &#8211; Servi\u00e7os Intermunicipalizados de \u00c1guas e Res\u00edduos de Loures\/Odivelas Associado 54 Email: geral@simar-louresodivelas.pt Site: http:\/\/www.simar-louresodivelas.pt\/","og_url":"https:\/\/aprh.pt\/pt\/socios\/perfis\/simar-servicos-intermunicipalizados-de-aguas-e-residuos-de-loures-odivelas\/","og_site_name":"APRH","article_modified_time":"2023-01-16T11:13:36+00:00","og_image":[{"url":"https:\/\/www.aprh.pt\/wp-content\/uploads\/2023\/01\/loures-odivelas.gif"}],"twitter_card":"summary_large_image","twitter_misc":{"Tempo estimado de leitura":"1 minuto"},"schema":{"@context":"https:\/\/schema.org","@graph":[{"@type":"WebPage","@id":"https:\/\/aprh.pt\/pt\/socios\/perfis\/simar-servicos-intermunicipalizados-de-aguas-e-residuos-de-loures-odivelas\/","url":"https:\/\/aprh.pt\/pt\/socios\/perfis\/simar-servicos-intermunicipalizados-de-aguas-e-residuos-de-loures-odivelas\/","name":"SIMAR - Servi\u00e7os Intermunicipalizados de \u00c1guas e Res\u00edduos de Loures\/Odivelas - APRH","isPartOf":{"@id":"https:\/\/aprh.pt\/pt\/#website"},"primaryImageOfPage":{"@id":"https:\/\/aprh.pt\/pt\/socios\/perfis\/simar-servicos-intermunicipalizados-de-aguas-e-residuos-de-loures-odivelas\/#primaryimage"},"image":{"@id":"https:\/\/aprh.pt\/pt\/socios\/perfis\/simar-servicos-intermunicipalizados-de-aguas-e-residuos-de-loures-odivelas\/#primaryimage"},"thumbnailUrl":"https:\/\/www.aprh.pt\/wp-content\/uploads\/2023\/01\/loures-odivelas.gif","datePublished":"2023-01-16T11:11:28+00:00","dateModified":"2023-01-16T11:13:36+00:00","breadcrumb":{"@id":"https:\/\/aprh.pt\/pt\/socios\/perfis\/simar-servicos-intermunicipalizados-de-aguas-e-residuos-de-loures-odivelas\/#breadcrumb"},"inLanguage":"pt-PT","potentialAction":[{"@type":"ReadAction","target":["https:\/\/aprh.pt\/pt\/socios\/perfis\/simar-servicos-intermunicipalizados-de-aguas-e-residuos-de-loures-odivelas\/"]}]},{"@type":"ImageObject","inLanguage":"pt-PT","@id":"https:\/\/aprh.pt\/pt\/socios\/perfis\/simar-servicos-intermunicipalizados-de-aguas-e-residuos-de-loures-odivelas\/#primaryimage","url":"https:\/\/www.aprh.pt\/wp-content\/uploads\/2023\/01\/loures-odivelas.gif","contentUrl":"https:\/\/www.aprh.pt\/wp-content\/uploads\/2023\/01\/loures-odivelas.gif"},{"@type":"BreadcrumbList","@id":"https:\/\/aprh.pt\/pt\/socios\/perfis\/simar-servicos-intermunicipalizados-de-aguas-e-residuos-de-loures-odivelas\/#breadcrumb","itemListElement":[{"@type":"ListItem","position":1,"name":"Home","item":"https:\/\/aprh.pt\/pt\/"},{"@type":"ListItem","position":2,"name":"Associados","item":"https:\/\/aprh.pt\/pt\/socios\/"},{"@type":"ListItem","position":3,"name":"Perfis","item":"https:\/\/aprh.pt\/pt\/socios\/perfis\/"},{"@type":"ListItem","position":4,"name":"SIMAR &#8211; Servi\u00e7os Intermunicipalizados de \u00c1guas e Res\u00edduos de Loures\/Odivelas"}]},{"@type":"WebSite","@id":"https:\/\/aprh.pt\/pt\/#website","url":"https:\/\/aprh.pt\/pt\/","name":"APRH","description":"Associa\u00e7\u00e3o Portuguesa dos Recursos H\u00eddricos","publisher":{"@id":"https:\/\/aprh.pt\/pt\/#organization"},"potentialAction":[{"@type":"SearchAction","target":{"@type":"EntryPoint","urlTemplate":"https:\/\/aprh.pt\/pt\/?s={search_term_string}"},"query-input":{"@type":"PropertyValueSpecification","valueRequired":true,"valueName":"search_term_string"}}],"inLanguage":"pt-PT"},{"@type":"Organization","@id":"https:\/\/aprh.pt\/pt\/#organization","name":"APRH","url":"https:\/\/aprh.pt\/pt\/","logo":{"@type":"ImageObject","inLanguage":"pt-PT","@id":"https:\/\/aprh.pt\/pt\/#\/schema\/logo\/image\/","url":"https:\/\/aprh.pt\/wp-content\/uploads\/2022\/04\/logotipo.png","contentUrl":"https:\/\/aprh.pt\/wp-content\/uploads\/2022\/04\/logotipo.png","width":181,"height":80,"caption":"APRH"},"image":{"@id":"https:\/\/aprh.pt\/pt\/#\/schema\/logo\/image\/"}}]}},"_links":{"self":[{"href":"https:\/\/aprh.pt\/pt\/wp-json\/wp\/v2\/pages\/62879","targetHints":{"allow":["GET"]}}],"collection":[{"href":"https:\/\/aprh.pt\/pt\/wp-json\/wp\/v2\/pages"}],"about":[{"href":"https:\/\/aprh.pt\/pt\/wp-json\/wp\/v2\/types\/page"}],"author":[{"embeddable":true,"href":"https:\/\/aprh.pt\/pt\/wp-json\/wp\/v2\/users\/2"}],"replies":[{"embeddable":true,"href":"https:\/\/aprh.pt\/pt\/wp-json\/wp\/v2\/comments?post=62879"}],"version-history":[{"count":4,"href":"https:\/\/aprh.pt\/pt\/wp-json\/wp\/v2\/pages\/62879\/revisions"}],"predecessor-version":[{"id":62886,"href":"https:\/\/aprh.pt\/pt\/wp-json\/wp\/v2\/pages\/62879\/revisions\/62886"}],"up":[{"embeddable":true,"href":"https:\/\/aprh.pt\/pt\/wp-json\/wp\/v2\/pages\/150"}],"wp:attachment":[{"href":"https:\/\/aprh.pt\/pt\/wp-json\/wp\/v2\/media?parent=62879"}],"curies":[{"name":"wp","href":"https:\/\/api.w.org\/{rel}","templated":true}]}}