{"id":62946,"date":"2023-01-16T12:28:49","date_gmt":"2023-01-16T12:28:49","guid":{"rendered":"https:\/\/www.aprh.pt\/?page_id=62946"},"modified":"2023-01-16T12:30:13","modified_gmt":"2023-01-16T12:30:13","slug":"servicos-intermunicipalizados-de-agua-e-saneamento-dos-municipios-de-oeiras-e-amadora","status":"publish","type":"page","link":"https:\/\/aprh.pt\/pt\/socios\/perfis\/servicos-intermunicipalizados-de-agua-e-saneamento-dos-municipios-de-oeiras-e-amadora\/","title":{"rendered":"Servi\u00e7os Intermunicipalizados de \u00c1gua e Saneamento dos Munic\u00edpios de Oeiras e Amadora"},"content":{"rendered":"\t\t<div data-elementor-type=\"wp-page\" data-elementor-id=\"62946\" class=\"elementor elementor-62946\" data-elementor-post-type=\"page\">\n\t\t\t\t\t\t<section class=\"elementor-section elementor-top-section elementor-element elementor-element-1747a771 elementor-section-boxed elementor-section-height-default elementor-section-height-default\" data-id=\"1747a771\" data-element_type=\"section\">\n\t\t\t\t\t\t<div class=\"elementor-container elementor-column-gap-no\">\n\t\t\t\t\t<div class=\"elementor-column elementor-col-100 elementor-top-column elementor-element elementor-element-1ee1c7ab\" data-id=\"1ee1c7ab\" data-element_type=\"column\">\n\t\t\t<div class=\"elementor-widget-wrap elementor-element-populated\">\n\t\t\t\t\t\t<div class=\"elementor-element elementor-element-ec48684 elementor-widget elementor-widget-global elementor-global-475 elementor-widget-spacer\" data-id=\"ec48684\" data-element_type=\"widget\" data-widget_type=\"spacer.default\">\n\t\t\t\t<div class=\"elementor-widget-container\">\n\t\t\t\t\t<div class=\"elementor-spacer\">\n\t\t\t<div class=\"elementor-spacer-inner\"><\/div>\n\t\t<\/div>\n\t\t\t\t<\/div>\n\t\t\t\t<\/div>\n\t\t\t\t\t<\/div>\n\t\t<\/div>\n\t\t\t\t\t<\/div>\n\t\t<\/section>\n\t\t\t\t<section class=\"elementor-section elementor-top-section elementor-element elementor-element-57c3836a elementor-section-boxed elementor-section-height-default elementor-section-height-default\" data-id=\"57c3836a\" data-element_type=\"section\">\n\t\t\t\t\t\t<div class=\"elementor-container elementor-column-gap-no\">\n\t\t\t\t\t<div class=\"elementor-column elementor-col-25 elementor-top-column elementor-element elementor-element-5f58e1d6\" data-id=\"5f58e1d6\" data-element_type=\"column\">\n\t\t\t<div class=\"elementor-widget-wrap elementor-element-populated\">\n\t\t\t\t\t\t<div class=\"elementor-element elementor-element-67fda137 elementor-widget elementor-widget-heading\" data-id=\"67fda137\" data-element_type=\"widget\" data-widget_type=\"heading.default\">\n\t\t\t\t<div class=\"elementor-widget-container\">\n\t\t\t<h2 class=\"elementor-heading-title elementor-size-default\">Associados da APRH<\/h2>\t\t<\/div>\n\t\t\t\t<\/div>\n\t\t\t\t\t<\/div>\n\t\t<\/div>\n\t\t\t\t<div class=\"elementor-column elementor-col-50 elementor-top-column elementor-element elementor-element-dbcce4d\" data-id=\"dbcce4d\" data-element_type=\"column\">\n\t\t\t<div class=\"elementor-widget-wrap elementor-element-populated\">\n\t\t\t\t\t\t<div class=\"elementor-element elementor-element-72eb9b02 elementor-widget elementor-widget-image\" data-id=\"72eb9b02\" data-element_type=\"widget\" data-widget_type=\"image.default\">\n\t\t\t\t<div class=\"elementor-widget-container\">\n\t\t\t\t\t\t\t\t\t\t\t\t\t<img fetchpriority=\"high\" decoding=\"async\" width=\"300\" height=\"168\" src=\"https:\/\/aprh.pt\/wp-content\/uploads\/2023\/01\/logotipo-simas-oeiras-amadora-300x168.jpg\" class=\"attachment-medium size-medium wp-image-62949\" alt=\"\" srcset=\"https:\/\/aprh.pt\/wp-content\/uploads\/2023\/01\/logotipo-simas-oeiras-amadora-300x168.jpg 300w, https:\/\/aprh.pt\/wp-content\/uploads\/2023\/01\/logotipo-simas-oeiras-amadora.jpg 500w\" sizes=\"(max-width: 300px) 100vw, 300px\" \/>\t\t\t\t\t\t\t\t\t\t\t\t\t<\/div>\n\t\t\t\t<\/div>\n\t\t\t\t<div class=\"elementor-element elementor-element-200e9bec elementor-widget elementor-widget-heading\" data-id=\"200e9bec\" data-element_type=\"widget\" data-widget_type=\"heading.default\">\n\t\t\t\t<div class=\"elementor-widget-container\">\n\t\t\t<h2 class=\"elementor-heading-title elementor-size-default\">Servi\u00e7os Intermunicipalizados de \u00c1gua e Saneamento dos Munic\u00edpios de Oeiras e Amadora<\/h2>\t\t<\/div>\n\t\t\t\t<\/div>\n\t\t\t\t<div class=\"elementor-element elementor-element-29b607a3 remover_marcadores elementor-widget elementor-widget-text-editor\" data-id=\"29b607a3\" data-element_type=\"widget\" data-widget_type=\"text-editor.default\">\n\t\t\t\t<div class=\"elementor-widget-container\">\n\t\t\t\t\t\t\t<ul><li><strong>Associado<\/strong> 95<\/li><li><strong>Email:<\/strong> smasgeral@smas-oeiras-amadora.pt<\/li><li><strong>Site:<\/strong> <a href=\"https:\/\/www.simas-oeiras-amadora.pt\/\" target=\"_blank\" rel=\"noopener\">https:\/\/www.simas-oeiras-amadora.pt\/<\/a><\/li><\/ul>\t\t\t\t\t\t<\/div>\n\t\t\t\t<\/div>\n\t\t\t\t\t<\/div>\n\t\t<\/div>\n\t\t\t\t<div class=\"elementor-column elementor-col-25 elementor-top-column elementor-element elementor-element-2eda05dd elementor-hidden-tablet elementor-hidden-mobile\" data-id=\"2eda05dd\" data-element_type=\"column\">\n\t\t\t<div class=\"elementor-widget-wrap\">\n\t\t\t\t\t\t\t<\/div>\n\t\t<\/div>\n\t\t\t\t\t<\/div>\n\t\t<\/section>\n\t\t\t\t<section class=\"elementor-section elementor-top-section elementor-element elementor-element-1899e318 elementor-section-boxed elementor-section-height-default elementor-section-height-default\" data-id=\"1899e318\" data-element_type=\"section\">\n\t\t\t\t\t\t<div class=\"elementor-container elementor-column-gap-no\">\n\t\t\t\t\t<div class=\"elementor-column elementor-col-100 elementor-top-column elementor-element elementor-element-6d0001d0\" data-id=\"6d0001d0\" data-element_type=\"column\">\n\t\t\t<div class=\"elementor-widget-wrap elementor-element-populated\">\n\t\t\t\t\t\t<div class=\"elementor-element elementor-element-46e4609f elementor-widget elementor-widget-global elementor-global-500 elementor-widget-spacer\" data-id=\"46e4609f\" data-element_type=\"widget\" data-widget_type=\"spacer.default\">\n\t\t\t\t<div class=\"elementor-widget-container\">\n\t\t\t\t\t<div class=\"elementor-spacer\">\n\t\t\t<div class=\"elementor-spacer-inner\"><\/div>\n\t\t<\/div>\n\t\t\t\t<\/div>\n\t\t\t\t<\/div>\n\t\t\t\t\t<\/div>\n\t\t<\/div>\n\t\t\t\t\t<\/div>\n\t\t<\/section>\n\t\t\t\t<\/div>\n\t\t","protected":false},"excerpt":{"rendered":"<p>Associados da APRH Servi\u00e7os Intermunicipalizados de \u00c1gua e Saneamento dos Munic\u00edpios de Oeiras e Amadora Associado 95 Email: smasgeral@smas-oeiras-amadora.pt Site: https:\/\/www.simas-oeiras-amadora.pt\/<\/p>\n","protected":false},"author":2,"featured_media":0,"parent":150,"menu_order":0,"comment_status":"closed","ping_status":"closed","template":"","meta":{"footnotes":""},"class_list":["post-62946","page","type-page","status-publish","hentry"],"yoast_head":"<!-- This site is optimized with the Yoast SEO plugin v23.8 - https:\/\/yoast.com\/wordpress\/plugins\/seo\/ -->\n<title>Servi\u00e7os Intermunicipalizados de \u00c1gua e Saneamento dos Munic\u00edpios de Oeiras e Amadora - APRH<\/title>\n<meta name=\"robots\" content=\"index, follow, max-snippet:-1, max-image-preview:large, max-video-preview:-1\" \/>\n<link rel=\"canonical\" href=\"https:\/\/aprh.pt\/pt\/socios\/perfis\/servicos-intermunicipalizados-de-agua-e-saneamento-dos-municipios-de-oeiras-e-amadora\/\" \/>\n<meta property=\"og:locale\" content=\"pt_PT\" \/>\n<meta property=\"og:type\" content=\"article\" \/>\n<meta property=\"og:title\" content=\"Servi\u00e7os Intermunicipalizados de \u00c1gua e Saneamento dos Munic\u00edpios de Oeiras e Amadora - APRH\" \/>\n<meta property=\"og:description\" content=\"Associados da APRH Servi\u00e7os Intermunicipalizados de \u00c1gua e Saneamento dos Munic\u00edpios de Oeiras e Amadora Associado 95 Email: smasgeral@smas-oeiras-amadora.pt Site: https:\/\/www.simas-oeiras-amadora.pt\/\" \/>\n<meta property=\"og:url\" content=\"https:\/\/aprh.pt\/pt\/socios\/perfis\/servicos-intermunicipalizados-de-agua-e-saneamento-dos-municipios-de-oeiras-e-amadora\/\" \/>\n<meta property=\"og:site_name\" content=\"APRH\" \/>\n<meta property=\"article:modified_time\" content=\"2023-01-16T12:30:13+00:00\" \/>\n<meta property=\"og:image\" content=\"https:\/\/www.aprh.pt\/wp-content\/uploads\/2023\/01\/logotipo-simas-oeiras-amadora-300x168.jpg\" \/>\n<meta name=\"twitter:card\" content=\"summary_large_image\" \/>\n<meta name=\"twitter:label1\" content=\"Tempo estimado de leitura\" \/>\n\t<meta name=\"twitter:data1\" content=\"1 minuto\" \/>\n<script type=\"application\/ld+json\" class=\"yoast-schema-graph\">{\"@context\":\"https:\/\/schema.org\",\"@graph\":[{\"@type\":\"WebPage\",\"@id\":\"https:\/\/aprh.pt\/pt\/socios\/perfis\/servicos-intermunicipalizados-de-agua-e-saneamento-dos-municipios-de-oeiras-e-amadora\/\",\"url\":\"https:\/\/aprh.pt\/pt\/socios\/perfis\/servicos-intermunicipalizados-de-agua-e-saneamento-dos-municipios-de-oeiras-e-amadora\/\",\"name\":\"Servi\u00e7os Intermunicipalizados de \u00c1gua e Saneamento dos Munic\u00edpios de Oeiras e Amadora - APRH\",\"isPartOf\":{\"@id\":\"https:\/\/aprh.pt\/pt\/#website\"},\"primaryImageOfPage\":{\"@id\":\"https:\/\/aprh.pt\/pt\/socios\/perfis\/servicos-intermunicipalizados-de-agua-e-saneamento-dos-municipios-de-oeiras-e-amadora\/#primaryimage\"},\"image\":{\"@id\":\"https:\/\/aprh.pt\/pt\/socios\/perfis\/servicos-intermunicipalizados-de-agua-e-saneamento-dos-municipios-de-oeiras-e-amadora\/#primaryimage\"},\"thumbnailUrl\":\"https:\/\/www.aprh.pt\/wp-content\/uploads\/2023\/01\/logotipo-simas-oeiras-amadora-300x168.jpg\",\"datePublished\":\"2023-01-16T12:28:49+00:00\",\"dateModified\":\"2023-01-16T12:30:13+00:00\",\"breadcrumb\":{\"@id\":\"https:\/\/aprh.pt\/pt\/socios\/perfis\/servicos-intermunicipalizados-de-agua-e-saneamento-dos-municipios-de-oeiras-e-amadora\/#breadcrumb\"},\"inLanguage\":\"pt-PT\",\"potentialAction\":[{\"@type\":\"ReadAction\",\"target\":[\"https:\/\/aprh.pt\/pt\/socios\/perfis\/servicos-intermunicipalizados-de-agua-e-saneamento-dos-municipios-de-oeiras-e-amadora\/\"]}]},{\"@type\":\"ImageObject\",\"inLanguage\":\"pt-PT\",\"@id\":\"https:\/\/aprh.pt\/pt\/socios\/perfis\/servicos-intermunicipalizados-de-agua-e-saneamento-dos-municipios-de-oeiras-e-amadora\/#primaryimage\",\"url\":\"https:\/\/www.aprh.pt\/wp-content\/uploads\/2023\/01\/logotipo-simas-oeiras-amadora-300x168.jpg\",\"contentUrl\":\"https:\/\/www.aprh.pt\/wp-content\/uploads\/2023\/01\/logotipo-simas-oeiras-amadora-300x168.jpg\"},{\"@type\":\"BreadcrumbList\",\"@id\":\"https:\/\/aprh.pt\/pt\/socios\/perfis\/servicos-intermunicipalizados-de-agua-e-saneamento-dos-municipios-de-oeiras-e-amadora\/#breadcrumb\",\"itemListElement\":[{\"@type\":\"ListItem\",\"position\":1,\"name\":\"Home\",\"item\":\"https:\/\/aprh.pt\/pt\/\"},{\"@type\":\"ListItem\",\"position\":2,\"name\":\"Associados\",\"item\":\"https:\/\/aprh.pt\/pt\/socios\/\"},{\"@type\":\"ListItem\",\"position\":3,\"name\":\"Perfis\",\"item\":\"https:\/\/aprh.pt\/pt\/socios\/perfis\/\"},{\"@type\":\"ListItem\",\"position\":4,\"name\":\"Servi\u00e7os Intermunicipalizados de \u00c1gua e Saneamento dos Munic\u00edpios de Oeiras e Amadora\"}]},{\"@type\":\"WebSite\",\"@id\":\"https:\/\/aprh.pt\/pt\/#website\",\"url\":\"https:\/\/aprh.pt\/pt\/\",\"name\":\"APRH\",\"description\":\"Associa\u00e7\u00e3o Portuguesa dos Recursos H\u00eddricos\",\"publisher\":{\"@id\":\"https:\/\/aprh.pt\/pt\/#organization\"},\"potentialAction\":[{\"@type\":\"SearchAction\",\"target\":{\"@type\":\"EntryPoint\",\"urlTemplate\":\"https:\/\/aprh.pt\/pt\/?s={search_term_string}\"},\"query-input\":{\"@type\":\"PropertyValueSpecification\",\"valueRequired\":true,\"valueName\":\"search_term_string\"}}],\"inLanguage\":\"pt-PT\"},{\"@type\":\"Organization\",\"@id\":\"https:\/\/aprh.pt\/pt\/#organization\",\"name\":\"APRH\",\"url\":\"https:\/\/aprh.pt\/pt\/\",\"logo\":{\"@type\":\"ImageObject\",\"inLanguage\":\"pt-PT\",\"@id\":\"https:\/\/aprh.pt\/pt\/#\/schema\/logo\/image\/\",\"url\":\"https:\/\/aprh.pt\/wp-content\/uploads\/2022\/04\/logotipo.png\",\"contentUrl\":\"https:\/\/aprh.pt\/wp-content\/uploads\/2022\/04\/logotipo.png\",\"width\":181,\"height\":80,\"caption\":\"APRH\"},\"image\":{\"@id\":\"https:\/\/aprh.pt\/pt\/#\/schema\/logo\/image\/\"}}]}<\/script>\n<!-- \/ Yoast SEO plugin. -->","yoast_head_json":{"title":"Servi\u00e7os Intermunicipalizados de \u00c1gua e Saneamento dos Munic\u00edpios de Oeiras e Amadora - APRH","robots":{"index":"index","follow":"follow","max-snippet":"max-snippet:-1","max-image-preview":"max-image-preview:large","max-video-preview":"max-video-preview:-1"},"canonical":"https:\/\/aprh.pt\/pt\/socios\/perfis\/servicos-intermunicipalizados-de-agua-e-saneamento-dos-municipios-de-oeiras-e-amadora\/","og_locale":"pt_PT","og_type":"article","og_title":"Servi\u00e7os Intermunicipalizados de \u00c1gua e Saneamento dos Munic\u00edpios de Oeiras e Amadora - APRH","og_description":"Associados da APRH Servi\u00e7os Intermunicipalizados de \u00c1gua e Saneamento dos Munic\u00edpios de Oeiras e Amadora Associado 95 Email: smasgeral@smas-oeiras-amadora.pt Site: https:\/\/www.simas-oeiras-amadora.pt\/","og_url":"https:\/\/aprh.pt\/pt\/socios\/perfis\/servicos-intermunicipalizados-de-agua-e-saneamento-dos-municipios-de-oeiras-e-amadora\/","og_site_name":"APRH","article_modified_time":"2023-01-16T12:30:13+00:00","og_image":[{"url":"https:\/\/www.aprh.pt\/wp-content\/uploads\/2023\/01\/logotipo-simas-oeiras-amadora-300x168.jpg"}],"twitter_card":"summary_large_image","twitter_misc":{"Tempo estimado de leitura":"1 minuto"},"schema":{"@context":"https:\/\/schema.org","@graph":[{"@type":"WebPage","@id":"https:\/\/aprh.pt\/pt\/socios\/perfis\/servicos-intermunicipalizados-de-agua-e-saneamento-dos-municipios-de-oeiras-e-amadora\/","url":"https:\/\/aprh.pt\/pt\/socios\/perfis\/servicos-intermunicipalizados-de-agua-e-saneamento-dos-municipios-de-oeiras-e-amadora\/","name":"Servi\u00e7os Intermunicipalizados de \u00c1gua e Saneamento dos Munic\u00edpios de Oeiras e Amadora - APRH","isPartOf":{"@id":"https:\/\/aprh.pt\/pt\/#website"},"primaryImageOfPage":{"@id":"https:\/\/aprh.pt\/pt\/socios\/perfis\/servicos-intermunicipalizados-de-agua-e-saneamento-dos-municipios-de-oeiras-e-amadora\/#primaryimage"},"image":{"@id":"https:\/\/aprh.pt\/pt\/socios\/perfis\/servicos-intermunicipalizados-de-agua-e-saneamento-dos-municipios-de-oeiras-e-amadora\/#primaryimage"},"thumbnailUrl":"https:\/\/www.aprh.pt\/wp-content\/uploads\/2023\/01\/logotipo-simas-oeiras-amadora-300x168.jpg","datePublished":"2023-01-16T12:28:49+00:00","dateModified":"2023-01-16T12:30:13+00:00","breadcrumb":{"@id":"https:\/\/aprh.pt\/pt\/socios\/perfis\/servicos-intermunicipalizados-de-agua-e-saneamento-dos-municipios-de-oeiras-e-amadora\/#breadcrumb"},"inLanguage":"pt-PT","potentialAction":[{"@type":"ReadAction","target":["https:\/\/aprh.pt\/pt\/socios\/perfis\/servicos-intermunicipalizados-de-agua-e-saneamento-dos-municipios-de-oeiras-e-amadora\/"]}]},{"@type":"ImageObject","inLanguage":"pt-PT","@id":"https:\/\/aprh.pt\/pt\/socios\/perfis\/servicos-intermunicipalizados-de-agua-e-saneamento-dos-municipios-de-oeiras-e-amadora\/#primaryimage","url":"https:\/\/www.aprh.pt\/wp-content\/uploads\/2023\/01\/logotipo-simas-oeiras-amadora-300x168.jpg","contentUrl":"https:\/\/www.aprh.pt\/wp-content\/uploads\/2023\/01\/logotipo-simas-oeiras-amadora-300x168.jpg"},{"@type":"BreadcrumbList","@id":"https:\/\/aprh.pt\/pt\/socios\/perfis\/servicos-intermunicipalizados-de-agua-e-saneamento-dos-municipios-de-oeiras-e-amadora\/#breadcrumb","itemListElement":[{"@type":"ListItem","position":1,"name":"Home","item":"https:\/\/aprh.pt\/pt\/"},{"@type":"ListItem","position":2,"name":"Associados","item":"https:\/\/aprh.pt\/pt\/socios\/"},{"@type":"ListItem","position":3,"name":"Perfis","item":"https:\/\/aprh.pt\/pt\/socios\/perfis\/"},{"@type":"ListItem","position":4,"name":"Servi\u00e7os Intermunicipalizados de \u00c1gua e Saneamento dos Munic\u00edpios de Oeiras e Amadora"}]},{"@type":"WebSite","@id":"https:\/\/aprh.pt\/pt\/#website","url":"https:\/\/aprh.pt\/pt\/","name":"APRH","description":"Associa\u00e7\u00e3o Portuguesa dos Recursos H\u00eddricos","publisher":{"@id":"https:\/\/aprh.pt\/pt\/#organization"},"potentialAction":[{"@type":"SearchAction","target":{"@type":"EntryPoint","urlTemplate":"https:\/\/aprh.pt\/pt\/?s={search_term_string}"},"query-input":{"@type":"PropertyValueSpecification","valueRequired":true,"valueName":"search_term_string"}}],"inLanguage":"pt-PT"},{"@type":"Organization","@id":"https:\/\/aprh.pt\/pt\/#organization","name":"APRH","url":"https:\/\/aprh.pt\/pt\/","logo":{"@type":"ImageObject","inLanguage":"pt-PT","@id":"https:\/\/aprh.pt\/pt\/#\/schema\/logo\/image\/","url":"https:\/\/aprh.pt\/wp-content\/uploads\/2022\/04\/logotipo.png","contentUrl":"https:\/\/aprh.pt\/wp-content\/uploads\/2022\/04\/logotipo.png","width":181,"height":80,"caption":"APRH"},"image":{"@id":"https:\/\/aprh.pt\/pt\/#\/schema\/logo\/image\/"}}]}},"_links":{"self":[{"href":"https:\/\/aprh.pt\/pt\/wp-json\/wp\/v2\/pages\/62946","targetHints":{"allow":["GET"]}}],"collection":[{"href":"https:\/\/aprh.pt\/pt\/wp-json\/wp\/v2\/pages"}],"about":[{"href":"https:\/\/aprh.pt\/pt\/wp-json\/wp\/v2\/types\/page"}],"author":[{"embeddable":true,"href":"https:\/\/aprh.pt\/pt\/wp-json\/wp\/v2\/users\/2"}],"replies":[{"embeddable":true,"href":"https:\/\/aprh.pt\/pt\/wp-json\/wp\/v2\/comments?post=62946"}],"version-history":[{"count":5,"href":"https:\/\/aprh.pt\/pt\/wp-json\/wp\/v2\/pages\/62946\/revisions"}],"predecessor-version":[{"id":62954,"href":"https:\/\/aprh.pt\/pt\/wp-json\/wp\/v2\/pages\/62946\/revisions\/62954"}],"up":[{"embeddable":true,"href":"https:\/\/aprh.pt\/pt\/wp-json\/wp\/v2\/pages\/150"}],"wp:attachment":[{"href":"https:\/\/aprh.pt\/pt\/wp-json\/wp\/v2\/media?parent=62946"}],"curies":[{"name":"wp","href":"https:\/\/api.w.org\/{rel}","templated":true}]}}