{"id":63133,"date":"2023-01-16T15:06:59","date_gmt":"2023-01-16T15:06:59","guid":{"rendered":"https:\/\/www.aprh.pt\/?page_id=63133"},"modified":"2023-01-16T15:09:37","modified_gmt":"2023-01-16T15:09:37","slug":"apdl-administracao-dos-portos-do-douro-leixoes-e-viana-do-castelo-s-a","status":"publish","type":"page","link":"https:\/\/aprh.pt\/pt\/socios\/perfis\/apdl-administracao-dos-portos-do-douro-leixoes-e-viana-do-castelo-s-a\/","title":{"rendered":"APDL &#8211; Administra\u00e7\u00e3o dos Portos do Douro, Leix\u00f5es e Viana do Castelo, S.A."},"content":{"rendered":"\t\t<div data-elementor-type=\"wp-page\" data-elementor-id=\"63133\" class=\"elementor elementor-63133\" data-elementor-post-type=\"page\">\n\t\t\t\t\t\t<section class=\"elementor-section elementor-top-section elementor-element elementor-element-28c0ec88 elementor-section-boxed elementor-section-height-default elementor-section-height-default\" data-id=\"28c0ec88\" data-element_type=\"section\">\n\t\t\t\t\t\t<div class=\"elementor-container elementor-column-gap-no\">\n\t\t\t\t\t<div class=\"elementor-column elementor-col-100 elementor-top-column elementor-element elementor-element-20ed4b0d\" data-id=\"20ed4b0d\" data-element_type=\"column\">\n\t\t\t<div class=\"elementor-widget-wrap elementor-element-populated\">\n\t\t\t\t\t\t<div class=\"elementor-element elementor-element-5f05168b elementor-widget elementor-widget-global elementor-global-475 elementor-widget-spacer\" data-id=\"5f05168b\" data-element_type=\"widget\" data-widget_type=\"spacer.default\">\n\t\t\t\t<div class=\"elementor-widget-container\">\n\t\t\t\t\t<div class=\"elementor-spacer\">\n\t\t\t<div class=\"elementor-spacer-inner\"><\/div>\n\t\t<\/div>\n\t\t\t\t<\/div>\n\t\t\t\t<\/div>\n\t\t\t\t\t<\/div>\n\t\t<\/div>\n\t\t\t\t\t<\/div>\n\t\t<\/section>\n\t\t\t\t<section class=\"elementor-section elementor-top-section elementor-element elementor-element-3272e2a7 elementor-section-boxed elementor-section-height-default elementor-section-height-default\" data-id=\"3272e2a7\" data-element_type=\"section\">\n\t\t\t\t\t\t<div class=\"elementor-container elementor-column-gap-no\">\n\t\t\t\t\t<div class=\"elementor-column elementor-col-25 elementor-top-column elementor-element elementor-element-e4487fa\" data-id=\"e4487fa\" data-element_type=\"column\">\n\t\t\t<div class=\"elementor-widget-wrap elementor-element-populated\">\n\t\t\t\t\t\t<div class=\"elementor-element elementor-element-249e9e23 elementor-widget elementor-widget-heading\" data-id=\"249e9e23\" data-element_type=\"widget\" data-widget_type=\"heading.default\">\n\t\t\t\t<div class=\"elementor-widget-container\">\n\t\t\t<h2 class=\"elementor-heading-title elementor-size-default\">Associados da APRH<\/h2>\t\t<\/div>\n\t\t\t\t<\/div>\n\t\t\t\t\t<\/div>\n\t\t<\/div>\n\t\t\t\t<div class=\"elementor-column elementor-col-50 elementor-top-column elementor-element elementor-element-685f420c\" data-id=\"685f420c\" data-element_type=\"column\">\n\t\t\t<div class=\"elementor-widget-wrap elementor-element-populated\">\n\t\t\t\t\t\t<div class=\"elementor-element elementor-element-5b246807 elementor-widget elementor-widget-image\" data-id=\"5b246807\" data-element_type=\"widget\" data-widget_type=\"image.default\">\n\t\t\t\t<div class=\"elementor-widget-container\">\n\t\t\t\t\t\t\t\t\t\t\t\t\t<img fetchpriority=\"high\" decoding=\"async\" width=\"277\" height=\"182\" src=\"https:\/\/aprh.pt\/wp-content\/uploads\/2023\/01\/apdl.png\" class=\"attachment-medium size-medium wp-image-63139\" alt=\"\" \/>\t\t\t\t\t\t\t\t\t\t\t\t\t<\/div>\n\t\t\t\t<\/div>\n\t\t\t\t<div class=\"elementor-element elementor-element-48fa1742 elementor-widget elementor-widget-heading\" data-id=\"48fa1742\" data-element_type=\"widget\" data-widget_type=\"heading.default\">\n\t\t\t\t<div class=\"elementor-widget-container\">\n\t\t\t<h2 class=\"elementor-heading-title elementor-size-default\">APDL - Administra\u00e7\u00e3o dos Portos do Douro, Leix\u00f5es e Viana do Castelo, S.A.<\/h2>\t\t<\/div>\n\t\t\t\t<\/div>\n\t\t\t\t<div class=\"elementor-element elementor-element-4932af3b remover_marcadores elementor-widget elementor-widget-text-editor\" data-id=\"4932af3b\" data-element_type=\"widget\" data-widget_type=\"text-editor.default\">\n\t\t\t\t<div class=\"elementor-widget-container\">\n\t\t\t\t\t\t\t<ul><li><strong>Associado<\/strong> 150<\/li><li><strong>Email:<\/strong> correio@portodeleixoes.pt<\/li><li><strong>Site:<\/strong> <a href=\"https:\/\/www.apdl.pt\/\" target=\"_blank\" rel=\"noopener\">https:\/\/www.apdl.pt\/<\/a><\/li><\/ul>\t\t\t\t\t\t<\/div>\n\t\t\t\t<\/div>\n\t\t\t\t\t<\/div>\n\t\t<\/div>\n\t\t\t\t<div class=\"elementor-column elementor-col-25 elementor-top-column elementor-element elementor-element-1e8aed44 elementor-hidden-tablet elementor-hidden-mobile\" data-id=\"1e8aed44\" data-element_type=\"column\">\n\t\t\t<div class=\"elementor-widget-wrap\">\n\t\t\t\t\t\t\t<\/div>\n\t\t<\/div>\n\t\t\t\t\t<\/div>\n\t\t<\/section>\n\t\t\t\t<section class=\"elementor-section elementor-top-section elementor-element elementor-element-26e10b41 elementor-section-boxed elementor-section-height-default elementor-section-height-default\" data-id=\"26e10b41\" data-element_type=\"section\">\n\t\t\t\t\t\t<div class=\"elementor-container elementor-column-gap-no\">\n\t\t\t\t\t<div class=\"elementor-column elementor-col-100 elementor-top-column elementor-element elementor-element-190bfe78\" data-id=\"190bfe78\" data-element_type=\"column\">\n\t\t\t<div class=\"elementor-widget-wrap elementor-element-populated\">\n\t\t\t\t\t\t<div class=\"elementor-element elementor-element-686315b0 elementor-widget elementor-widget-global elementor-global-500 elementor-widget-spacer\" data-id=\"686315b0\" data-element_type=\"widget\" data-widget_type=\"spacer.default\">\n\t\t\t\t<div class=\"elementor-widget-container\">\n\t\t\t\t\t<div class=\"elementor-spacer\">\n\t\t\t<div class=\"elementor-spacer-inner\"><\/div>\n\t\t<\/div>\n\t\t\t\t<\/div>\n\t\t\t\t<\/div>\n\t\t\t\t\t<\/div>\n\t\t<\/div>\n\t\t\t\t\t<\/div>\n\t\t<\/section>\n\t\t\t\t<\/div>\n\t\t","protected":false},"excerpt":{"rendered":"<p>Associados da APRH APDL &#8211; Administra\u00e7\u00e3o dos Portos do Douro, Leix\u00f5es e Viana do Castelo, S.A. Associado 150 Email: correio@portodeleixoes.pt Site: https:\/\/www.apdl.pt\/<\/p>\n","protected":false},"author":2,"featured_media":0,"parent":150,"menu_order":0,"comment_status":"closed","ping_status":"closed","template":"","meta":{"footnotes":""},"class_list":["post-63133","page","type-page","status-publish","hentry"],"yoast_head":"<!-- This site is optimized with the Yoast SEO plugin v23.8 - https:\/\/yoast.com\/wordpress\/plugins\/seo\/ -->\n<title>APDL - Administra\u00e7\u00e3o dos Portos do Douro, Leix\u00f5es e Viana do Castelo, S.A. - APRH<\/title>\n<meta name=\"robots\" content=\"index, follow, max-snippet:-1, max-image-preview:large, max-video-preview:-1\" \/>\n<link rel=\"canonical\" href=\"https:\/\/aprh.pt\/pt\/socios\/perfis\/apdl-administracao-dos-portos-do-douro-leixoes-e-viana-do-castelo-s-a\/\" \/>\n<meta property=\"og:locale\" content=\"pt_PT\" \/>\n<meta property=\"og:type\" content=\"article\" \/>\n<meta property=\"og:title\" content=\"APDL - Administra\u00e7\u00e3o dos Portos do Douro, Leix\u00f5es e Viana do Castelo, S.A. - APRH\" \/>\n<meta property=\"og:description\" content=\"Associados da APRH APDL &#8211; Administra\u00e7\u00e3o dos Portos do Douro, Leix\u00f5es e Viana do Castelo, S.A. Associado 150 Email: correio@portodeleixoes.pt Site: https:\/\/www.apdl.pt\/\" \/>\n<meta property=\"og:url\" content=\"https:\/\/aprh.pt\/pt\/socios\/perfis\/apdl-administracao-dos-portos-do-douro-leixoes-e-viana-do-castelo-s-a\/\" \/>\n<meta property=\"og:site_name\" content=\"APRH\" \/>\n<meta property=\"article:modified_time\" content=\"2023-01-16T15:09:37+00:00\" \/>\n<meta property=\"og:image\" content=\"https:\/\/www.aprh.pt\/wp-content\/uploads\/2023\/01\/apdl.png\" \/>\n<meta name=\"twitter:card\" content=\"summary_large_image\" \/>\n<meta name=\"twitter:label1\" content=\"Tempo estimado de leitura\" \/>\n\t<meta name=\"twitter:data1\" content=\"1 minuto\" \/>\n<script type=\"application\/ld+json\" class=\"yoast-schema-graph\">{\"@context\":\"https:\/\/schema.org\",\"@graph\":[{\"@type\":\"WebPage\",\"@id\":\"https:\/\/aprh.pt\/pt\/socios\/perfis\/apdl-administracao-dos-portos-do-douro-leixoes-e-viana-do-castelo-s-a\/\",\"url\":\"https:\/\/aprh.pt\/pt\/socios\/perfis\/apdl-administracao-dos-portos-do-douro-leixoes-e-viana-do-castelo-s-a\/\",\"name\":\"APDL - Administra\u00e7\u00e3o dos Portos do Douro, Leix\u00f5es e Viana do Castelo, S.A. - APRH\",\"isPartOf\":{\"@id\":\"https:\/\/aprh.pt\/pt\/#website\"},\"primaryImageOfPage\":{\"@id\":\"https:\/\/aprh.pt\/pt\/socios\/perfis\/apdl-administracao-dos-portos-do-douro-leixoes-e-viana-do-castelo-s-a\/#primaryimage\"},\"image\":{\"@id\":\"https:\/\/aprh.pt\/pt\/socios\/perfis\/apdl-administracao-dos-portos-do-douro-leixoes-e-viana-do-castelo-s-a\/#primaryimage\"},\"thumbnailUrl\":\"https:\/\/www.aprh.pt\/wp-content\/uploads\/2023\/01\/apdl.png\",\"datePublished\":\"2023-01-16T15:06:59+00:00\",\"dateModified\":\"2023-01-16T15:09:37+00:00\",\"breadcrumb\":{\"@id\":\"https:\/\/aprh.pt\/pt\/socios\/perfis\/apdl-administracao-dos-portos-do-douro-leixoes-e-viana-do-castelo-s-a\/#breadcrumb\"},\"inLanguage\":\"pt-PT\",\"potentialAction\":[{\"@type\":\"ReadAction\",\"target\":[\"https:\/\/aprh.pt\/pt\/socios\/perfis\/apdl-administracao-dos-portos-do-douro-leixoes-e-viana-do-castelo-s-a\/\"]}]},{\"@type\":\"ImageObject\",\"inLanguage\":\"pt-PT\",\"@id\":\"https:\/\/aprh.pt\/pt\/socios\/perfis\/apdl-administracao-dos-portos-do-douro-leixoes-e-viana-do-castelo-s-a\/#primaryimage\",\"url\":\"https:\/\/www.aprh.pt\/wp-content\/uploads\/2023\/01\/apdl.png\",\"contentUrl\":\"https:\/\/www.aprh.pt\/wp-content\/uploads\/2023\/01\/apdl.png\"},{\"@type\":\"BreadcrumbList\",\"@id\":\"https:\/\/aprh.pt\/pt\/socios\/perfis\/apdl-administracao-dos-portos-do-douro-leixoes-e-viana-do-castelo-s-a\/#breadcrumb\",\"itemListElement\":[{\"@type\":\"ListItem\",\"position\":1,\"name\":\"Home\",\"item\":\"https:\/\/aprh.pt\/pt\/\"},{\"@type\":\"ListItem\",\"position\":2,\"name\":\"Associados\",\"item\":\"https:\/\/aprh.pt\/pt\/socios\/\"},{\"@type\":\"ListItem\",\"position\":3,\"name\":\"Perfis\",\"item\":\"https:\/\/aprh.pt\/pt\/socios\/perfis\/\"},{\"@type\":\"ListItem\",\"position\":4,\"name\":\"APDL &#8211; Administra\u00e7\u00e3o dos Portos do Douro, Leix\u00f5es e Viana do Castelo, S.A.\"}]},{\"@type\":\"WebSite\",\"@id\":\"https:\/\/aprh.pt\/pt\/#website\",\"url\":\"https:\/\/aprh.pt\/pt\/\",\"name\":\"APRH\",\"description\":\"Associa\u00e7\u00e3o Portuguesa dos Recursos H\u00eddricos\",\"publisher\":{\"@id\":\"https:\/\/aprh.pt\/pt\/#organization\"},\"potentialAction\":[{\"@type\":\"SearchAction\",\"target\":{\"@type\":\"EntryPoint\",\"urlTemplate\":\"https:\/\/aprh.pt\/pt\/?s={search_term_string}\"},\"query-input\":{\"@type\":\"PropertyValueSpecification\",\"valueRequired\":true,\"valueName\":\"search_term_string\"}}],\"inLanguage\":\"pt-PT\"},{\"@type\":\"Organization\",\"@id\":\"https:\/\/aprh.pt\/pt\/#organization\",\"name\":\"APRH\",\"url\":\"https:\/\/aprh.pt\/pt\/\",\"logo\":{\"@type\":\"ImageObject\",\"inLanguage\":\"pt-PT\",\"@id\":\"https:\/\/aprh.pt\/pt\/#\/schema\/logo\/image\/\",\"url\":\"https:\/\/aprh.pt\/wp-content\/uploads\/2022\/04\/logotipo.png\",\"contentUrl\":\"https:\/\/aprh.pt\/wp-content\/uploads\/2022\/04\/logotipo.png\",\"width\":181,\"height\":80,\"caption\":\"APRH\"},\"image\":{\"@id\":\"https:\/\/aprh.pt\/pt\/#\/schema\/logo\/image\/\"}}]}<\/script>\n<!-- \/ Yoast SEO plugin. -->","yoast_head_json":{"title":"APDL - Administra\u00e7\u00e3o dos Portos do Douro, Leix\u00f5es e Viana do Castelo, S.A. - APRH","robots":{"index":"index","follow":"follow","max-snippet":"max-snippet:-1","max-image-preview":"max-image-preview:large","max-video-preview":"max-video-preview:-1"},"canonical":"https:\/\/aprh.pt\/pt\/socios\/perfis\/apdl-administracao-dos-portos-do-douro-leixoes-e-viana-do-castelo-s-a\/","og_locale":"pt_PT","og_type":"article","og_title":"APDL - Administra\u00e7\u00e3o dos Portos do Douro, Leix\u00f5es e Viana do Castelo, S.A. - APRH","og_description":"Associados da APRH APDL &#8211; Administra\u00e7\u00e3o dos Portos do Douro, Leix\u00f5es e Viana do Castelo, S.A. Associado 150 Email: correio@portodeleixoes.pt Site: https:\/\/www.apdl.pt\/","og_url":"https:\/\/aprh.pt\/pt\/socios\/perfis\/apdl-administracao-dos-portos-do-douro-leixoes-e-viana-do-castelo-s-a\/","og_site_name":"APRH","article_modified_time":"2023-01-16T15:09:37+00:00","og_image":[{"url":"https:\/\/www.aprh.pt\/wp-content\/uploads\/2023\/01\/apdl.png"}],"twitter_card":"summary_large_image","twitter_misc":{"Tempo estimado de leitura":"1 minuto"},"schema":{"@context":"https:\/\/schema.org","@graph":[{"@type":"WebPage","@id":"https:\/\/aprh.pt\/pt\/socios\/perfis\/apdl-administracao-dos-portos-do-douro-leixoes-e-viana-do-castelo-s-a\/","url":"https:\/\/aprh.pt\/pt\/socios\/perfis\/apdl-administracao-dos-portos-do-douro-leixoes-e-viana-do-castelo-s-a\/","name":"APDL - Administra\u00e7\u00e3o dos Portos do Douro, Leix\u00f5es e Viana do Castelo, S.A. - APRH","isPartOf":{"@id":"https:\/\/aprh.pt\/pt\/#website"},"primaryImageOfPage":{"@id":"https:\/\/aprh.pt\/pt\/socios\/perfis\/apdl-administracao-dos-portos-do-douro-leixoes-e-viana-do-castelo-s-a\/#primaryimage"},"image":{"@id":"https:\/\/aprh.pt\/pt\/socios\/perfis\/apdl-administracao-dos-portos-do-douro-leixoes-e-viana-do-castelo-s-a\/#primaryimage"},"thumbnailUrl":"https:\/\/www.aprh.pt\/wp-content\/uploads\/2023\/01\/apdl.png","datePublished":"2023-01-16T15:06:59+00:00","dateModified":"2023-01-16T15:09:37+00:00","breadcrumb":{"@id":"https:\/\/aprh.pt\/pt\/socios\/perfis\/apdl-administracao-dos-portos-do-douro-leixoes-e-viana-do-castelo-s-a\/#breadcrumb"},"inLanguage":"pt-PT","potentialAction":[{"@type":"ReadAction","target":["https:\/\/aprh.pt\/pt\/socios\/perfis\/apdl-administracao-dos-portos-do-douro-leixoes-e-viana-do-castelo-s-a\/"]}]},{"@type":"ImageObject","inLanguage":"pt-PT","@id":"https:\/\/aprh.pt\/pt\/socios\/perfis\/apdl-administracao-dos-portos-do-douro-leixoes-e-viana-do-castelo-s-a\/#primaryimage","url":"https:\/\/www.aprh.pt\/wp-content\/uploads\/2023\/01\/apdl.png","contentUrl":"https:\/\/www.aprh.pt\/wp-content\/uploads\/2023\/01\/apdl.png"},{"@type":"BreadcrumbList","@id":"https:\/\/aprh.pt\/pt\/socios\/perfis\/apdl-administracao-dos-portos-do-douro-leixoes-e-viana-do-castelo-s-a\/#breadcrumb","itemListElement":[{"@type":"ListItem","position":1,"name":"Home","item":"https:\/\/aprh.pt\/pt\/"},{"@type":"ListItem","position":2,"name":"Associados","item":"https:\/\/aprh.pt\/pt\/socios\/"},{"@type":"ListItem","position":3,"name":"Perfis","item":"https:\/\/aprh.pt\/pt\/socios\/perfis\/"},{"@type":"ListItem","position":4,"name":"APDL &#8211; Administra\u00e7\u00e3o dos Portos do Douro, Leix\u00f5es e Viana do Castelo, S.A."}]},{"@type":"WebSite","@id":"https:\/\/aprh.pt\/pt\/#website","url":"https:\/\/aprh.pt\/pt\/","name":"APRH","description":"Associa\u00e7\u00e3o Portuguesa dos Recursos H\u00eddricos","publisher":{"@id":"https:\/\/aprh.pt\/pt\/#organization"},"potentialAction":[{"@type":"SearchAction","target":{"@type":"EntryPoint","urlTemplate":"https:\/\/aprh.pt\/pt\/?s={search_term_string}"},"query-input":{"@type":"PropertyValueSpecification","valueRequired":true,"valueName":"search_term_string"}}],"inLanguage":"pt-PT"},{"@type":"Organization","@id":"https:\/\/aprh.pt\/pt\/#organization","name":"APRH","url":"https:\/\/aprh.pt\/pt\/","logo":{"@type":"ImageObject","inLanguage":"pt-PT","@id":"https:\/\/aprh.pt\/pt\/#\/schema\/logo\/image\/","url":"https:\/\/aprh.pt\/wp-content\/uploads\/2022\/04\/logotipo.png","contentUrl":"https:\/\/aprh.pt\/wp-content\/uploads\/2022\/04\/logotipo.png","width":181,"height":80,"caption":"APRH"},"image":{"@id":"https:\/\/aprh.pt\/pt\/#\/schema\/logo\/image\/"}}]}},"_links":{"self":[{"href":"https:\/\/aprh.pt\/pt\/wp-json\/wp\/v2\/pages\/63133","targetHints":{"allow":["GET"]}}],"collection":[{"href":"https:\/\/aprh.pt\/pt\/wp-json\/wp\/v2\/pages"}],"about":[{"href":"https:\/\/aprh.pt\/pt\/wp-json\/wp\/v2\/types\/page"}],"author":[{"embeddable":true,"href":"https:\/\/aprh.pt\/pt\/wp-json\/wp\/v2\/users\/2"}],"replies":[{"embeddable":true,"href":"https:\/\/aprh.pt\/pt\/wp-json\/wp\/v2\/comments?post=63133"}],"version-history":[{"count":4,"href":"https:\/\/aprh.pt\/pt\/wp-json\/wp\/v2\/pages\/63133\/revisions"}],"predecessor-version":[{"id":63143,"href":"https:\/\/aprh.pt\/pt\/wp-json\/wp\/v2\/pages\/63133\/revisions\/63143"}],"up":[{"embeddable":true,"href":"https:\/\/aprh.pt\/pt\/wp-json\/wp\/v2\/pages\/150"}],"wp:attachment":[{"href":"https:\/\/aprh.pt\/pt\/wp-json\/wp\/v2\/media?parent=63133"}],"curies":[{"name":"wp","href":"https:\/\/api.w.org\/{rel}","templated":true}]}}