{"id":63284,"date":"2023-01-16T16:09:18","date_gmt":"2023-01-16T16:09:18","guid":{"rendered":"https:\/\/www.aprh.pt\/?page_id=63284"},"modified":"2023-01-16T16:11:13","modified_gmt":"2023-01-16T16:11:13","slug":"federacao-nacional-de-regantes-de-portugal-fenareg","status":"publish","type":"page","link":"https:\/\/aprh.pt\/pt\/socios\/perfis\/federacao-nacional-de-regantes-de-portugal-fenareg\/","title":{"rendered":"Federa\u00e7\u00e3o Nacional de Regantes de Portugal &#8211; FENAREG"},"content":{"rendered":"\t\t<div data-elementor-type=\"wp-page\" data-elementor-id=\"63284\" class=\"elementor elementor-63284\" data-elementor-post-type=\"page\">\n\t\t\t\t\t\t<section class=\"elementor-section elementor-top-section elementor-element elementor-element-390eab13 elementor-section-boxed elementor-section-height-default elementor-section-height-default\" data-id=\"390eab13\" data-element_type=\"section\">\n\t\t\t\t\t\t<div class=\"elementor-container elementor-column-gap-no\">\n\t\t\t\t\t<div class=\"elementor-column elementor-col-100 elementor-top-column elementor-element elementor-element-232280a8\" data-id=\"232280a8\" data-element_type=\"column\">\n\t\t\t<div class=\"elementor-widget-wrap elementor-element-populated\">\n\t\t\t\t\t\t<div class=\"elementor-element elementor-element-9e50b42 elementor-widget elementor-widget-global elementor-global-475 elementor-widget-spacer\" data-id=\"9e50b42\" data-element_type=\"widget\" data-widget_type=\"spacer.default\">\n\t\t\t\t<div class=\"elementor-widget-container\">\n\t\t\t\t\t<div class=\"elementor-spacer\">\n\t\t\t<div class=\"elementor-spacer-inner\"><\/div>\n\t\t<\/div>\n\t\t\t\t<\/div>\n\t\t\t\t<\/div>\n\t\t\t\t\t<\/div>\n\t\t<\/div>\n\t\t\t\t\t<\/div>\n\t\t<\/section>\n\t\t\t\t<section class=\"elementor-section elementor-top-section elementor-element elementor-element-232c770 elementor-section-boxed elementor-section-height-default elementor-section-height-default\" data-id=\"232c770\" data-element_type=\"section\">\n\t\t\t\t\t\t<div class=\"elementor-container elementor-column-gap-no\">\n\t\t\t\t\t<div class=\"elementor-column elementor-col-25 elementor-top-column elementor-element elementor-element-26b203d\" data-id=\"26b203d\" data-element_type=\"column\">\n\t\t\t<div class=\"elementor-widget-wrap elementor-element-populated\">\n\t\t\t\t\t\t<div class=\"elementor-element elementor-element-244ceeb4 elementor-widget elementor-widget-heading\" data-id=\"244ceeb4\" data-element_type=\"widget\" data-widget_type=\"heading.default\">\n\t\t\t\t<div class=\"elementor-widget-container\">\n\t\t\t<h2 class=\"elementor-heading-title elementor-size-default\">Associados da APRH<\/h2>\t\t<\/div>\n\t\t\t\t<\/div>\n\t\t\t\t\t<\/div>\n\t\t<\/div>\n\t\t\t\t<div class=\"elementor-column elementor-col-50 elementor-top-column elementor-element elementor-element-2cb2f70f\" data-id=\"2cb2f70f\" data-element_type=\"column\">\n\t\t\t<div class=\"elementor-widget-wrap elementor-element-populated\">\n\t\t\t\t\t\t<div class=\"elementor-element elementor-element-35c6a15d elementor-widget elementor-widget-image\" data-id=\"35c6a15d\" data-element_type=\"widget\" data-widget_type=\"image.default\">\n\t\t\t\t<div class=\"elementor-widget-container\">\n\t\t\t\t\t\t\t\t\t\t\t\t\t<img decoding=\"async\" width=\"300\" height=\"157\" src=\"https:\/\/aprh.pt\/wp-content\/uploads\/2023\/01\/Fenareg-1200x628_c-300x157.png\" class=\"attachment-medium size-medium wp-image-63289\" alt=\"\" srcset=\"https:\/\/aprh.pt\/wp-content\/uploads\/2023\/01\/Fenareg-1200x628_c-300x157.png 300w, https:\/\/aprh.pt\/wp-content\/uploads\/2023\/01\/Fenareg-1200x628_c-1024x536.png 1024w, https:\/\/aprh.pt\/wp-content\/uploads\/2023\/01\/Fenareg-1200x628_c-768x402.png 768w, https:\/\/aprh.pt\/wp-content\/uploads\/2023\/01\/Fenareg-1200x628_c.png 1200w\" sizes=\"(max-width: 300px) 100vw, 300px\" \/>\t\t\t\t\t\t\t\t\t\t\t\t\t<\/div>\n\t\t\t\t<\/div>\n\t\t\t\t<div class=\"elementor-element elementor-element-2bd5dcb2 elementor-widget elementor-widget-heading\" data-id=\"2bd5dcb2\" data-element_type=\"widget\" data-widget_type=\"heading.default\">\n\t\t\t\t<div class=\"elementor-widget-container\">\n\t\t\t<h2 class=\"elementor-heading-title elementor-size-default\">Federa\u00e7\u00e3o Nacional de Regantes de Portugal - FENAREG<\/h2>\t\t<\/div>\n\t\t\t\t<\/div>\n\t\t\t\t<div class=\"elementor-element elementor-element-53fad193 remover_marcadores elementor-widget elementor-widget-text-editor\" data-id=\"53fad193\" data-element_type=\"widget\" data-widget_type=\"text-editor.default\">\n\t\t\t\t<div class=\"elementor-widget-container\">\n\t\t\t\t\t\t\t<ul><li><strong>Associado<\/strong> 209<\/li><li><strong>Email:<\/strong> geral@fenareg.pt<\/li><li><strong>Site:<\/strong> <a href=\"http:\/\/www.fenareg.pt\/\" target=\"_blank\" rel=\"noopener\">http:\/\/www.fenareg.pt\/<\/a><\/li><\/ul>\t\t\t\t\t\t<\/div>\n\t\t\t\t<\/div>\n\t\t\t\t\t<\/div>\n\t\t<\/div>\n\t\t\t\t<div class=\"elementor-column elementor-col-25 elementor-top-column elementor-element elementor-element-f21e271 elementor-hidden-tablet elementor-hidden-mobile\" data-id=\"f21e271\" data-element_type=\"column\">\n\t\t\t<div class=\"elementor-widget-wrap\">\n\t\t\t\t\t\t\t<\/div>\n\t\t<\/div>\n\t\t\t\t\t<\/div>\n\t\t<\/section>\n\t\t\t\t<section class=\"elementor-section elementor-top-section elementor-element elementor-element-17fe19a4 elementor-section-boxed elementor-section-height-default elementor-section-height-default\" data-id=\"17fe19a4\" data-element_type=\"section\">\n\t\t\t\t\t\t<div class=\"elementor-container elementor-column-gap-no\">\n\t\t\t\t\t<div class=\"elementor-column elementor-col-100 elementor-top-column elementor-element elementor-element-467b1c77\" data-id=\"467b1c77\" data-element_type=\"column\">\n\t\t\t<div class=\"elementor-widget-wrap elementor-element-populated\">\n\t\t\t\t\t\t<div class=\"elementor-element elementor-element-3b9c5b13 elementor-widget elementor-widget-global elementor-global-500 elementor-widget-spacer\" data-id=\"3b9c5b13\" data-element_type=\"widget\" data-widget_type=\"spacer.default\">\n\t\t\t\t<div class=\"elementor-widget-container\">\n\t\t\t\t\t<div class=\"elementor-spacer\">\n\t\t\t<div class=\"elementor-spacer-inner\"><\/div>\n\t\t<\/div>\n\t\t\t\t<\/div>\n\t\t\t\t<\/div>\n\t\t\t\t\t<\/div>\n\t\t<\/div>\n\t\t\t\t\t<\/div>\n\t\t<\/section>\n\t\t\t\t<\/div>\n\t\t","protected":false},"excerpt":{"rendered":"<p>Associados da APRH Federa\u00e7\u00e3o Nacional de Regantes de Portugal &#8211; FENAREG Associado 209 Email: geral@fenareg.pt Site: http:\/\/www.fenareg.pt\/<\/p>\n","protected":false},"author":2,"featured_media":0,"parent":150,"menu_order":0,"comment_status":"closed","ping_status":"closed","template":"","meta":{"footnotes":""},"class_list":["post-63284","page","type-page","status-publish","hentry"],"yoast_head":"<!-- This site is optimized with the Yoast SEO plugin v23.8 - https:\/\/yoast.com\/wordpress\/plugins\/seo\/ -->\n<title>Federa\u00e7\u00e3o Nacional de Regantes de Portugal - FENAREG - APRH<\/title>\n<meta name=\"robots\" content=\"index, follow, max-snippet:-1, max-image-preview:large, max-video-preview:-1\" \/>\n<link rel=\"canonical\" href=\"https:\/\/aprh.pt\/pt\/socios\/perfis\/federacao-nacional-de-regantes-de-portugal-fenareg\/\" \/>\n<meta property=\"og:locale\" content=\"pt_PT\" \/>\n<meta property=\"og:type\" content=\"article\" \/>\n<meta property=\"og:title\" content=\"Federa\u00e7\u00e3o Nacional de Regantes de Portugal - FENAREG - APRH\" \/>\n<meta property=\"og:description\" content=\"Associados da APRH Federa\u00e7\u00e3o Nacional de Regantes de Portugal &#8211; FENAREG Associado 209 Email: geral@fenareg.pt Site: http:\/\/www.fenareg.pt\/\" \/>\n<meta property=\"og:url\" content=\"https:\/\/aprh.pt\/pt\/socios\/perfis\/federacao-nacional-de-regantes-de-portugal-fenareg\/\" \/>\n<meta property=\"og:site_name\" content=\"APRH\" \/>\n<meta property=\"article:modified_time\" content=\"2023-01-16T16:11:13+00:00\" \/>\n<meta property=\"og:image\" content=\"https:\/\/www.aprh.pt\/wp-content\/uploads\/2023\/01\/Fenareg-1200x628_c-300x157.png\" \/>\n<meta name=\"twitter:card\" content=\"summary_large_image\" \/>\n<meta name=\"twitter:label1\" content=\"Tempo estimado de leitura\" \/>\n\t<meta name=\"twitter:data1\" content=\"1 minuto\" \/>\n<script type=\"application\/ld+json\" class=\"yoast-schema-graph\">{\"@context\":\"https:\/\/schema.org\",\"@graph\":[{\"@type\":\"WebPage\",\"@id\":\"https:\/\/aprh.pt\/pt\/socios\/perfis\/federacao-nacional-de-regantes-de-portugal-fenareg\/\",\"url\":\"https:\/\/aprh.pt\/pt\/socios\/perfis\/federacao-nacional-de-regantes-de-portugal-fenareg\/\",\"name\":\"Federa\u00e7\u00e3o Nacional de Regantes de Portugal - FENAREG - APRH\",\"isPartOf\":{\"@id\":\"https:\/\/aprh.pt\/pt\/#website\"},\"primaryImageOfPage\":{\"@id\":\"https:\/\/aprh.pt\/pt\/socios\/perfis\/federacao-nacional-de-regantes-de-portugal-fenareg\/#primaryimage\"},\"image\":{\"@id\":\"https:\/\/aprh.pt\/pt\/socios\/perfis\/federacao-nacional-de-regantes-de-portugal-fenareg\/#primaryimage\"},\"thumbnailUrl\":\"https:\/\/www.aprh.pt\/wp-content\/uploads\/2023\/01\/Fenareg-1200x628_c-300x157.png\",\"datePublished\":\"2023-01-16T16:09:18+00:00\",\"dateModified\":\"2023-01-16T16:11:13+00:00\",\"breadcrumb\":{\"@id\":\"https:\/\/aprh.pt\/pt\/socios\/perfis\/federacao-nacional-de-regantes-de-portugal-fenareg\/#breadcrumb\"},\"inLanguage\":\"pt-PT\",\"potentialAction\":[{\"@type\":\"ReadAction\",\"target\":[\"https:\/\/aprh.pt\/pt\/socios\/perfis\/federacao-nacional-de-regantes-de-portugal-fenareg\/\"]}]},{\"@type\":\"ImageObject\",\"inLanguage\":\"pt-PT\",\"@id\":\"https:\/\/aprh.pt\/pt\/socios\/perfis\/federacao-nacional-de-regantes-de-portugal-fenareg\/#primaryimage\",\"url\":\"https:\/\/www.aprh.pt\/wp-content\/uploads\/2023\/01\/Fenareg-1200x628_c-300x157.png\",\"contentUrl\":\"https:\/\/www.aprh.pt\/wp-content\/uploads\/2023\/01\/Fenareg-1200x628_c-300x157.png\"},{\"@type\":\"BreadcrumbList\",\"@id\":\"https:\/\/aprh.pt\/pt\/socios\/perfis\/federacao-nacional-de-regantes-de-portugal-fenareg\/#breadcrumb\",\"itemListElement\":[{\"@type\":\"ListItem\",\"position\":1,\"name\":\"Home\",\"item\":\"https:\/\/aprh.pt\/pt\/\"},{\"@type\":\"ListItem\",\"position\":2,\"name\":\"Associados\",\"item\":\"https:\/\/aprh.pt\/pt\/socios\/\"},{\"@type\":\"ListItem\",\"position\":3,\"name\":\"Perfis\",\"item\":\"https:\/\/aprh.pt\/pt\/socios\/perfis\/\"},{\"@type\":\"ListItem\",\"position\":4,\"name\":\"Federa\u00e7\u00e3o Nacional de Regantes de Portugal &#8211; FENAREG\"}]},{\"@type\":\"WebSite\",\"@id\":\"https:\/\/aprh.pt\/pt\/#website\",\"url\":\"https:\/\/aprh.pt\/pt\/\",\"name\":\"APRH\",\"description\":\"Associa\u00e7\u00e3o Portuguesa dos Recursos H\u00eddricos\",\"publisher\":{\"@id\":\"https:\/\/aprh.pt\/pt\/#organization\"},\"potentialAction\":[{\"@type\":\"SearchAction\",\"target\":{\"@type\":\"EntryPoint\",\"urlTemplate\":\"https:\/\/aprh.pt\/pt\/?s={search_term_string}\"},\"query-input\":{\"@type\":\"PropertyValueSpecification\",\"valueRequired\":true,\"valueName\":\"search_term_string\"}}],\"inLanguage\":\"pt-PT\"},{\"@type\":\"Organization\",\"@id\":\"https:\/\/aprh.pt\/pt\/#organization\",\"name\":\"APRH\",\"url\":\"https:\/\/aprh.pt\/pt\/\",\"logo\":{\"@type\":\"ImageObject\",\"inLanguage\":\"pt-PT\",\"@id\":\"https:\/\/aprh.pt\/pt\/#\/schema\/logo\/image\/\",\"url\":\"https:\/\/aprh.pt\/wp-content\/uploads\/2022\/04\/logotipo.png\",\"contentUrl\":\"https:\/\/aprh.pt\/wp-content\/uploads\/2022\/04\/logotipo.png\",\"width\":181,\"height\":80,\"caption\":\"APRH\"},\"image\":{\"@id\":\"https:\/\/aprh.pt\/pt\/#\/schema\/logo\/image\/\"}}]}<\/script>\n<!-- \/ Yoast SEO plugin. -->","yoast_head_json":{"title":"Federa\u00e7\u00e3o Nacional de Regantes de Portugal - FENAREG - APRH","robots":{"index":"index","follow":"follow","max-snippet":"max-snippet:-1","max-image-preview":"max-image-preview:large","max-video-preview":"max-video-preview:-1"},"canonical":"https:\/\/aprh.pt\/pt\/socios\/perfis\/federacao-nacional-de-regantes-de-portugal-fenareg\/","og_locale":"pt_PT","og_type":"article","og_title":"Federa\u00e7\u00e3o Nacional de Regantes de Portugal - FENAREG - APRH","og_description":"Associados da APRH Federa\u00e7\u00e3o Nacional de Regantes de Portugal &#8211; FENAREG Associado 209 Email: geral@fenareg.pt Site: http:\/\/www.fenareg.pt\/","og_url":"https:\/\/aprh.pt\/pt\/socios\/perfis\/federacao-nacional-de-regantes-de-portugal-fenareg\/","og_site_name":"APRH","article_modified_time":"2023-01-16T16:11:13+00:00","og_image":[{"url":"https:\/\/www.aprh.pt\/wp-content\/uploads\/2023\/01\/Fenareg-1200x628_c-300x157.png"}],"twitter_card":"summary_large_image","twitter_misc":{"Tempo estimado de leitura":"1 minuto"},"schema":{"@context":"https:\/\/schema.org","@graph":[{"@type":"WebPage","@id":"https:\/\/aprh.pt\/pt\/socios\/perfis\/federacao-nacional-de-regantes-de-portugal-fenareg\/","url":"https:\/\/aprh.pt\/pt\/socios\/perfis\/federacao-nacional-de-regantes-de-portugal-fenareg\/","name":"Federa\u00e7\u00e3o Nacional de Regantes de Portugal - FENAREG - APRH","isPartOf":{"@id":"https:\/\/aprh.pt\/pt\/#website"},"primaryImageOfPage":{"@id":"https:\/\/aprh.pt\/pt\/socios\/perfis\/federacao-nacional-de-regantes-de-portugal-fenareg\/#primaryimage"},"image":{"@id":"https:\/\/aprh.pt\/pt\/socios\/perfis\/federacao-nacional-de-regantes-de-portugal-fenareg\/#primaryimage"},"thumbnailUrl":"https:\/\/www.aprh.pt\/wp-content\/uploads\/2023\/01\/Fenareg-1200x628_c-300x157.png","datePublished":"2023-01-16T16:09:18+00:00","dateModified":"2023-01-16T16:11:13+00:00","breadcrumb":{"@id":"https:\/\/aprh.pt\/pt\/socios\/perfis\/federacao-nacional-de-regantes-de-portugal-fenareg\/#breadcrumb"},"inLanguage":"pt-PT","potentialAction":[{"@type":"ReadAction","target":["https:\/\/aprh.pt\/pt\/socios\/perfis\/federacao-nacional-de-regantes-de-portugal-fenareg\/"]}]},{"@type":"ImageObject","inLanguage":"pt-PT","@id":"https:\/\/aprh.pt\/pt\/socios\/perfis\/federacao-nacional-de-regantes-de-portugal-fenareg\/#primaryimage","url":"https:\/\/www.aprh.pt\/wp-content\/uploads\/2023\/01\/Fenareg-1200x628_c-300x157.png","contentUrl":"https:\/\/www.aprh.pt\/wp-content\/uploads\/2023\/01\/Fenareg-1200x628_c-300x157.png"},{"@type":"BreadcrumbList","@id":"https:\/\/aprh.pt\/pt\/socios\/perfis\/federacao-nacional-de-regantes-de-portugal-fenareg\/#breadcrumb","itemListElement":[{"@type":"ListItem","position":1,"name":"Home","item":"https:\/\/aprh.pt\/pt\/"},{"@type":"ListItem","position":2,"name":"Associados","item":"https:\/\/aprh.pt\/pt\/socios\/"},{"@type":"ListItem","position":3,"name":"Perfis","item":"https:\/\/aprh.pt\/pt\/socios\/perfis\/"},{"@type":"ListItem","position":4,"name":"Federa\u00e7\u00e3o Nacional de Regantes de Portugal &#8211; FENAREG"}]},{"@type":"WebSite","@id":"https:\/\/aprh.pt\/pt\/#website","url":"https:\/\/aprh.pt\/pt\/","name":"APRH","description":"Associa\u00e7\u00e3o Portuguesa dos Recursos H\u00eddricos","publisher":{"@id":"https:\/\/aprh.pt\/pt\/#organization"},"potentialAction":[{"@type":"SearchAction","target":{"@type":"EntryPoint","urlTemplate":"https:\/\/aprh.pt\/pt\/?s={search_term_string}"},"query-input":{"@type":"PropertyValueSpecification","valueRequired":true,"valueName":"search_term_string"}}],"inLanguage":"pt-PT"},{"@type":"Organization","@id":"https:\/\/aprh.pt\/pt\/#organization","name":"APRH","url":"https:\/\/aprh.pt\/pt\/","logo":{"@type":"ImageObject","inLanguage":"pt-PT","@id":"https:\/\/aprh.pt\/pt\/#\/schema\/logo\/image\/","url":"https:\/\/aprh.pt\/wp-content\/uploads\/2022\/04\/logotipo.png","contentUrl":"https:\/\/aprh.pt\/wp-content\/uploads\/2022\/04\/logotipo.png","width":181,"height":80,"caption":"APRH"},"image":{"@id":"https:\/\/aprh.pt\/pt\/#\/schema\/logo\/image\/"}}]}},"_links":{"self":[{"href":"https:\/\/aprh.pt\/pt\/wp-json\/wp\/v2\/pages\/63284","targetHints":{"allow":["GET"]}}],"collection":[{"href":"https:\/\/aprh.pt\/pt\/wp-json\/wp\/v2\/pages"}],"about":[{"href":"https:\/\/aprh.pt\/pt\/wp-json\/wp\/v2\/types\/page"}],"author":[{"embeddable":true,"href":"https:\/\/aprh.pt\/pt\/wp-json\/wp\/v2\/users\/2"}],"replies":[{"embeddable":true,"href":"https:\/\/aprh.pt\/pt\/wp-json\/wp\/v2\/comments?post=63284"}],"version-history":[{"count":4,"href":"https:\/\/aprh.pt\/pt\/wp-json\/wp\/v2\/pages\/63284\/revisions"}],"predecessor-version":[{"id":63293,"href":"https:\/\/aprh.pt\/pt\/wp-json\/wp\/v2\/pages\/63284\/revisions\/63293"}],"up":[{"embeddable":true,"href":"https:\/\/aprh.pt\/pt\/wp-json\/wp\/v2\/pages\/150"}],"wp:attachment":[{"href":"https:\/\/aprh.pt\/pt\/wp-json\/wp\/v2\/media?parent=63284"}],"curies":[{"name":"wp","href":"https:\/\/api.w.org\/{rel}","templated":true}]}}