{"id":63317,"date":"2023-01-16T16:22:14","date_gmt":"2023-01-16T16:22:14","guid":{"rendered":"https:\/\/www.aprh.pt\/?page_id=63317"},"modified":"2023-01-16T16:24:00","modified_gmt":"2023-01-16T16:24:00","slug":"associacao-intermunicipal-de-agua-da-regiao-de-setubal-aia","status":"publish","type":"page","link":"https:\/\/aprh.pt\/pt\/socios\/perfis\/associacao-intermunicipal-de-agua-da-regiao-de-setubal-aia\/","title":{"rendered":"Associa\u00e7\u00e3o Intermunicipal de \u00c1gua da Regi\u00e3o de Set\u00fabal, AIA"},"content":{"rendered":"\t\t<div data-elementor-type=\"wp-page\" data-elementor-id=\"63317\" class=\"elementor elementor-63317\" data-elementor-post-type=\"page\">\n\t\t\t\t\t\t<section class=\"elementor-section elementor-top-section elementor-element elementor-element-59a7ec6e elementor-section-boxed elementor-section-height-default elementor-section-height-default\" data-id=\"59a7ec6e\" data-element_type=\"section\">\n\t\t\t\t\t\t<div class=\"elementor-container elementor-column-gap-no\">\n\t\t\t\t\t<div class=\"elementor-column elementor-col-100 elementor-top-column elementor-element elementor-element-5f2c268d\" data-id=\"5f2c268d\" data-element_type=\"column\">\n\t\t\t<div class=\"elementor-widget-wrap elementor-element-populated\">\n\t\t\t\t\t\t<div class=\"elementor-element elementor-element-28b22a98 elementor-widget elementor-widget-global elementor-global-475 elementor-widget-spacer\" data-id=\"28b22a98\" data-element_type=\"widget\" data-widget_type=\"spacer.default\">\n\t\t\t\t<div class=\"elementor-widget-container\">\n\t\t\t\t\t<div class=\"elementor-spacer\">\n\t\t\t<div class=\"elementor-spacer-inner\"><\/div>\n\t\t<\/div>\n\t\t\t\t<\/div>\n\t\t\t\t<\/div>\n\t\t\t\t\t<\/div>\n\t\t<\/div>\n\t\t\t\t\t<\/div>\n\t\t<\/section>\n\t\t\t\t<section class=\"elementor-section elementor-top-section elementor-element elementor-element-7a4bad93 elementor-section-boxed elementor-section-height-default elementor-section-height-default\" data-id=\"7a4bad93\" data-element_type=\"section\">\n\t\t\t\t\t\t<div class=\"elementor-container elementor-column-gap-no\">\n\t\t\t\t\t<div class=\"elementor-column elementor-col-25 elementor-top-column elementor-element elementor-element-57c4461e\" data-id=\"57c4461e\" data-element_type=\"column\">\n\t\t\t<div class=\"elementor-widget-wrap elementor-element-populated\">\n\t\t\t\t\t\t<div class=\"elementor-element elementor-element-7196013d elementor-widget elementor-widget-heading\" data-id=\"7196013d\" data-element_type=\"widget\" data-widget_type=\"heading.default\">\n\t\t\t\t<div class=\"elementor-widget-container\">\n\t\t\t<h2 class=\"elementor-heading-title elementor-size-default\">Associados da APRH<\/h2>\t\t<\/div>\n\t\t\t\t<\/div>\n\t\t\t\t\t<\/div>\n\t\t<\/div>\n\t\t\t\t<div class=\"elementor-column elementor-col-50 elementor-top-column elementor-element elementor-element-1af8359c\" data-id=\"1af8359c\" data-element_type=\"column\">\n\t\t\t<div class=\"elementor-widget-wrap elementor-element-populated\">\n\t\t\t\t\t\t<div class=\"elementor-element elementor-element-5250a3ec elementor-widget elementor-widget-image\" data-id=\"5250a3ec\" data-element_type=\"widget\" data-widget_type=\"image.default\">\n\t\t\t\t<div class=\"elementor-widget-container\">\n\t\t\t\t\t\t\t\t\t\t\t\t\t<img decoding=\"async\" width=\"300\" height=\"141\" src=\"https:\/\/aprh.pt\/wp-content\/uploads\/2023\/01\/aia_1_640_300-300x141.jpg\" class=\"attachment-medium size-medium wp-image-63322\" alt=\"\" srcset=\"https:\/\/aprh.pt\/wp-content\/uploads\/2023\/01\/aia_1_640_300-300x141.jpg 300w, https:\/\/aprh.pt\/wp-content\/uploads\/2023\/01\/aia_1_640_300.jpg 640w\" sizes=\"(max-width: 300px) 100vw, 300px\" \/>\t\t\t\t\t\t\t\t\t\t\t\t\t<\/div>\n\t\t\t\t<\/div>\n\t\t\t\t<div class=\"elementor-element elementor-element-55d66471 elementor-widget elementor-widget-heading\" data-id=\"55d66471\" data-element_type=\"widget\" data-widget_type=\"heading.default\">\n\t\t\t\t<div class=\"elementor-widget-container\">\n\t\t\t<h2 class=\"elementor-heading-title elementor-size-default\">Associa\u00e7\u00e3o Intermunicipal de \u00c1gua da Regi\u00e3o de Set\u00fabal, AIA<\/h2>\t\t<\/div>\n\t\t\t\t<\/div>\n\t\t\t\t<div class=\"elementor-element elementor-element-697b53c7 remover_marcadores elementor-widget elementor-widget-text-editor\" data-id=\"697b53c7\" data-element_type=\"widget\" data-widget_type=\"text-editor.default\">\n\t\t\t\t<div class=\"elementor-widget-container\">\n\t\t\t\t\t\t\t<ul><li><strong>Associado<\/strong> 215<\/li><li><strong>Email:<\/strong> aia@aia-regiaosetubal.pt<\/li><li><strong>Site: <\/strong><a href=\"http:\/\/www.aia-regiaosetubal.pt\/\" target=\"_blank\" rel=\"noopener\">http:\/\/www.aia-regiaosetubal.pt\/<\/a><\/li><\/ul>\t\t\t\t\t\t<\/div>\n\t\t\t\t<\/div>\n\t\t\t\t\t<\/div>\n\t\t<\/div>\n\t\t\t\t<div class=\"elementor-column elementor-col-25 elementor-top-column elementor-element elementor-element-5722fe55 elementor-hidden-tablet elementor-hidden-mobile\" data-id=\"5722fe55\" data-element_type=\"column\">\n\t\t\t<div class=\"elementor-widget-wrap\">\n\t\t\t\t\t\t\t<\/div>\n\t\t<\/div>\n\t\t\t\t\t<\/div>\n\t\t<\/section>\n\t\t\t\t<section class=\"elementor-section elementor-top-section elementor-element elementor-element-68d764da elementor-section-boxed elementor-section-height-default elementor-section-height-default\" data-id=\"68d764da\" data-element_type=\"section\">\n\t\t\t\t\t\t<div class=\"elementor-container elementor-column-gap-no\">\n\t\t\t\t\t<div class=\"elementor-column elementor-col-100 elementor-top-column elementor-element elementor-element-230c1125\" data-id=\"230c1125\" data-element_type=\"column\">\n\t\t\t<div class=\"elementor-widget-wrap elementor-element-populated\">\n\t\t\t\t\t\t<div class=\"elementor-element elementor-element-135b0aff elementor-widget elementor-widget-global elementor-global-500 elementor-widget-spacer\" data-id=\"135b0aff\" data-element_type=\"widget\" data-widget_type=\"spacer.default\">\n\t\t\t\t<div class=\"elementor-widget-container\">\n\t\t\t\t\t<div class=\"elementor-spacer\">\n\t\t\t<div class=\"elementor-spacer-inner\"><\/div>\n\t\t<\/div>\n\t\t\t\t<\/div>\n\t\t\t\t<\/div>\n\t\t\t\t\t<\/div>\n\t\t<\/div>\n\t\t\t\t\t<\/div>\n\t\t<\/section>\n\t\t\t\t<\/div>\n\t\t","protected":false},"excerpt":{"rendered":"<p>Associados da APRH Associa\u00e7\u00e3o Intermunicipal de \u00c1gua da Regi\u00e3o de Set\u00fabal, AIA Associado 215 Email: aia@aia-regiaosetubal.pt Site: http:\/\/www.aia-regiaosetubal.pt\/<\/p>\n","protected":false},"author":2,"featured_media":0,"parent":150,"menu_order":0,"comment_status":"closed","ping_status":"closed","template":"","meta":{"footnotes":""},"class_list":["post-63317","page","type-page","status-publish","hentry"],"yoast_head":"<!-- This site is optimized with the Yoast SEO plugin v23.8 - https:\/\/yoast.com\/wordpress\/plugins\/seo\/ -->\n<title>Associa\u00e7\u00e3o Intermunicipal de \u00c1gua da Regi\u00e3o de Set\u00fabal, AIA - APRH<\/title>\n<meta name=\"robots\" content=\"index, follow, max-snippet:-1, max-image-preview:large, max-video-preview:-1\" \/>\n<link rel=\"canonical\" href=\"https:\/\/aprh.pt\/pt\/socios\/perfis\/associacao-intermunicipal-de-agua-da-regiao-de-setubal-aia\/\" \/>\n<meta property=\"og:locale\" content=\"pt_PT\" \/>\n<meta property=\"og:type\" content=\"article\" \/>\n<meta property=\"og:title\" content=\"Associa\u00e7\u00e3o Intermunicipal de \u00c1gua da Regi\u00e3o de Set\u00fabal, AIA - APRH\" \/>\n<meta property=\"og:description\" content=\"Associados da APRH Associa\u00e7\u00e3o Intermunicipal de \u00c1gua da Regi\u00e3o de Set\u00fabal, AIA Associado 215 Email: aia@aia-regiaosetubal.pt Site: http:\/\/www.aia-regiaosetubal.pt\/\" \/>\n<meta property=\"og:url\" content=\"https:\/\/aprh.pt\/pt\/socios\/perfis\/associacao-intermunicipal-de-agua-da-regiao-de-setubal-aia\/\" \/>\n<meta property=\"og:site_name\" content=\"APRH\" \/>\n<meta property=\"article:modified_time\" content=\"2023-01-16T16:24:00+00:00\" \/>\n<meta property=\"og:image\" content=\"https:\/\/www.aprh.pt\/wp-content\/uploads\/2023\/01\/aia_1_640_300-300x141.jpg\" \/>\n<meta name=\"twitter:card\" content=\"summary_large_image\" \/>\n<meta name=\"twitter:label1\" content=\"Tempo estimado de leitura\" \/>\n\t<meta name=\"twitter:data1\" content=\"1 minuto\" \/>\n<script type=\"application\/ld+json\" class=\"yoast-schema-graph\">{\"@context\":\"https:\/\/schema.org\",\"@graph\":[{\"@type\":\"WebPage\",\"@id\":\"https:\/\/aprh.pt\/pt\/socios\/perfis\/associacao-intermunicipal-de-agua-da-regiao-de-setubal-aia\/\",\"url\":\"https:\/\/aprh.pt\/pt\/socios\/perfis\/associacao-intermunicipal-de-agua-da-regiao-de-setubal-aia\/\",\"name\":\"Associa\u00e7\u00e3o Intermunicipal de \u00c1gua da Regi\u00e3o de Set\u00fabal, AIA - APRH\",\"isPartOf\":{\"@id\":\"https:\/\/aprh.pt\/pt\/#website\"},\"primaryImageOfPage\":{\"@id\":\"https:\/\/aprh.pt\/pt\/socios\/perfis\/associacao-intermunicipal-de-agua-da-regiao-de-setubal-aia\/#primaryimage\"},\"image\":{\"@id\":\"https:\/\/aprh.pt\/pt\/socios\/perfis\/associacao-intermunicipal-de-agua-da-regiao-de-setubal-aia\/#primaryimage\"},\"thumbnailUrl\":\"https:\/\/www.aprh.pt\/wp-content\/uploads\/2023\/01\/aia_1_640_300-300x141.jpg\",\"datePublished\":\"2023-01-16T16:22:14+00:00\",\"dateModified\":\"2023-01-16T16:24:00+00:00\",\"breadcrumb\":{\"@id\":\"https:\/\/aprh.pt\/pt\/socios\/perfis\/associacao-intermunicipal-de-agua-da-regiao-de-setubal-aia\/#breadcrumb\"},\"inLanguage\":\"pt-PT\",\"potentialAction\":[{\"@type\":\"ReadAction\",\"target\":[\"https:\/\/aprh.pt\/pt\/socios\/perfis\/associacao-intermunicipal-de-agua-da-regiao-de-setubal-aia\/\"]}]},{\"@type\":\"ImageObject\",\"inLanguage\":\"pt-PT\",\"@id\":\"https:\/\/aprh.pt\/pt\/socios\/perfis\/associacao-intermunicipal-de-agua-da-regiao-de-setubal-aia\/#primaryimage\",\"url\":\"https:\/\/www.aprh.pt\/wp-content\/uploads\/2023\/01\/aia_1_640_300-300x141.jpg\",\"contentUrl\":\"https:\/\/www.aprh.pt\/wp-content\/uploads\/2023\/01\/aia_1_640_300-300x141.jpg\"},{\"@type\":\"BreadcrumbList\",\"@id\":\"https:\/\/aprh.pt\/pt\/socios\/perfis\/associacao-intermunicipal-de-agua-da-regiao-de-setubal-aia\/#breadcrumb\",\"itemListElement\":[{\"@type\":\"ListItem\",\"position\":1,\"name\":\"Home\",\"item\":\"https:\/\/aprh.pt\/pt\/\"},{\"@type\":\"ListItem\",\"position\":2,\"name\":\"Associados\",\"item\":\"https:\/\/aprh.pt\/pt\/socios\/\"},{\"@type\":\"ListItem\",\"position\":3,\"name\":\"Perfis\",\"item\":\"https:\/\/aprh.pt\/pt\/socios\/perfis\/\"},{\"@type\":\"ListItem\",\"position\":4,\"name\":\"Associa\u00e7\u00e3o Intermunicipal de \u00c1gua da Regi\u00e3o de Set\u00fabal, AIA\"}]},{\"@type\":\"WebSite\",\"@id\":\"https:\/\/aprh.pt\/pt\/#website\",\"url\":\"https:\/\/aprh.pt\/pt\/\",\"name\":\"APRH\",\"description\":\"Associa\u00e7\u00e3o Portuguesa dos Recursos H\u00eddricos\",\"publisher\":{\"@id\":\"https:\/\/aprh.pt\/pt\/#organization\"},\"potentialAction\":[{\"@type\":\"SearchAction\",\"target\":{\"@type\":\"EntryPoint\",\"urlTemplate\":\"https:\/\/aprh.pt\/pt\/?s={search_term_string}\"},\"query-input\":{\"@type\":\"PropertyValueSpecification\",\"valueRequired\":true,\"valueName\":\"search_term_string\"}}],\"inLanguage\":\"pt-PT\"},{\"@type\":\"Organization\",\"@id\":\"https:\/\/aprh.pt\/pt\/#organization\",\"name\":\"APRH\",\"url\":\"https:\/\/aprh.pt\/pt\/\",\"logo\":{\"@type\":\"ImageObject\",\"inLanguage\":\"pt-PT\",\"@id\":\"https:\/\/aprh.pt\/pt\/#\/schema\/logo\/image\/\",\"url\":\"https:\/\/aprh.pt\/wp-content\/uploads\/2022\/04\/logotipo.png\",\"contentUrl\":\"https:\/\/aprh.pt\/wp-content\/uploads\/2022\/04\/logotipo.png\",\"width\":181,\"height\":80,\"caption\":\"APRH\"},\"image\":{\"@id\":\"https:\/\/aprh.pt\/pt\/#\/schema\/logo\/image\/\"}}]}<\/script>\n<!-- \/ Yoast SEO plugin. -->","yoast_head_json":{"title":"Associa\u00e7\u00e3o Intermunicipal de \u00c1gua da Regi\u00e3o de Set\u00fabal, AIA - APRH","robots":{"index":"index","follow":"follow","max-snippet":"max-snippet:-1","max-image-preview":"max-image-preview:large","max-video-preview":"max-video-preview:-1"},"canonical":"https:\/\/aprh.pt\/pt\/socios\/perfis\/associacao-intermunicipal-de-agua-da-regiao-de-setubal-aia\/","og_locale":"pt_PT","og_type":"article","og_title":"Associa\u00e7\u00e3o Intermunicipal de \u00c1gua da Regi\u00e3o de Set\u00fabal, AIA - APRH","og_description":"Associados da APRH Associa\u00e7\u00e3o Intermunicipal de \u00c1gua da Regi\u00e3o de Set\u00fabal, AIA Associado 215 Email: aia@aia-regiaosetubal.pt Site: http:\/\/www.aia-regiaosetubal.pt\/","og_url":"https:\/\/aprh.pt\/pt\/socios\/perfis\/associacao-intermunicipal-de-agua-da-regiao-de-setubal-aia\/","og_site_name":"APRH","article_modified_time":"2023-01-16T16:24:00+00:00","og_image":[{"url":"https:\/\/www.aprh.pt\/wp-content\/uploads\/2023\/01\/aia_1_640_300-300x141.jpg"}],"twitter_card":"summary_large_image","twitter_misc":{"Tempo estimado de leitura":"1 minuto"},"schema":{"@context":"https:\/\/schema.org","@graph":[{"@type":"WebPage","@id":"https:\/\/aprh.pt\/pt\/socios\/perfis\/associacao-intermunicipal-de-agua-da-regiao-de-setubal-aia\/","url":"https:\/\/aprh.pt\/pt\/socios\/perfis\/associacao-intermunicipal-de-agua-da-regiao-de-setubal-aia\/","name":"Associa\u00e7\u00e3o Intermunicipal de \u00c1gua da Regi\u00e3o de Set\u00fabal, AIA - APRH","isPartOf":{"@id":"https:\/\/aprh.pt\/pt\/#website"},"primaryImageOfPage":{"@id":"https:\/\/aprh.pt\/pt\/socios\/perfis\/associacao-intermunicipal-de-agua-da-regiao-de-setubal-aia\/#primaryimage"},"image":{"@id":"https:\/\/aprh.pt\/pt\/socios\/perfis\/associacao-intermunicipal-de-agua-da-regiao-de-setubal-aia\/#primaryimage"},"thumbnailUrl":"https:\/\/www.aprh.pt\/wp-content\/uploads\/2023\/01\/aia_1_640_300-300x141.jpg","datePublished":"2023-01-16T16:22:14+00:00","dateModified":"2023-01-16T16:24:00+00:00","breadcrumb":{"@id":"https:\/\/aprh.pt\/pt\/socios\/perfis\/associacao-intermunicipal-de-agua-da-regiao-de-setubal-aia\/#breadcrumb"},"inLanguage":"pt-PT","potentialAction":[{"@type":"ReadAction","target":["https:\/\/aprh.pt\/pt\/socios\/perfis\/associacao-intermunicipal-de-agua-da-regiao-de-setubal-aia\/"]}]},{"@type":"ImageObject","inLanguage":"pt-PT","@id":"https:\/\/aprh.pt\/pt\/socios\/perfis\/associacao-intermunicipal-de-agua-da-regiao-de-setubal-aia\/#primaryimage","url":"https:\/\/www.aprh.pt\/wp-content\/uploads\/2023\/01\/aia_1_640_300-300x141.jpg","contentUrl":"https:\/\/www.aprh.pt\/wp-content\/uploads\/2023\/01\/aia_1_640_300-300x141.jpg"},{"@type":"BreadcrumbList","@id":"https:\/\/aprh.pt\/pt\/socios\/perfis\/associacao-intermunicipal-de-agua-da-regiao-de-setubal-aia\/#breadcrumb","itemListElement":[{"@type":"ListItem","position":1,"name":"Home","item":"https:\/\/aprh.pt\/pt\/"},{"@type":"ListItem","position":2,"name":"Associados","item":"https:\/\/aprh.pt\/pt\/socios\/"},{"@type":"ListItem","position":3,"name":"Perfis","item":"https:\/\/aprh.pt\/pt\/socios\/perfis\/"},{"@type":"ListItem","position":4,"name":"Associa\u00e7\u00e3o Intermunicipal de \u00c1gua da Regi\u00e3o de Set\u00fabal, AIA"}]},{"@type":"WebSite","@id":"https:\/\/aprh.pt\/pt\/#website","url":"https:\/\/aprh.pt\/pt\/","name":"APRH","description":"Associa\u00e7\u00e3o Portuguesa dos Recursos H\u00eddricos","publisher":{"@id":"https:\/\/aprh.pt\/pt\/#organization"},"potentialAction":[{"@type":"SearchAction","target":{"@type":"EntryPoint","urlTemplate":"https:\/\/aprh.pt\/pt\/?s={search_term_string}"},"query-input":{"@type":"PropertyValueSpecification","valueRequired":true,"valueName":"search_term_string"}}],"inLanguage":"pt-PT"},{"@type":"Organization","@id":"https:\/\/aprh.pt\/pt\/#organization","name":"APRH","url":"https:\/\/aprh.pt\/pt\/","logo":{"@type":"ImageObject","inLanguage":"pt-PT","@id":"https:\/\/aprh.pt\/pt\/#\/schema\/logo\/image\/","url":"https:\/\/aprh.pt\/wp-content\/uploads\/2022\/04\/logotipo.png","contentUrl":"https:\/\/aprh.pt\/wp-content\/uploads\/2022\/04\/logotipo.png","width":181,"height":80,"caption":"APRH"},"image":{"@id":"https:\/\/aprh.pt\/pt\/#\/schema\/logo\/image\/"}}]}},"_links":{"self":[{"href":"https:\/\/aprh.pt\/pt\/wp-json\/wp\/v2\/pages\/63317","targetHints":{"allow":["GET"]}}],"collection":[{"href":"https:\/\/aprh.pt\/pt\/wp-json\/wp\/v2\/pages"}],"about":[{"href":"https:\/\/aprh.pt\/pt\/wp-json\/wp\/v2\/types\/page"}],"author":[{"embeddable":true,"href":"https:\/\/aprh.pt\/pt\/wp-json\/wp\/v2\/users\/2"}],"replies":[{"embeddable":true,"href":"https:\/\/aprh.pt\/pt\/wp-json\/wp\/v2\/comments?post=63317"}],"version-history":[{"count":4,"href":"https:\/\/aprh.pt\/pt\/wp-json\/wp\/v2\/pages\/63317\/revisions"}],"predecessor-version":[{"id":63326,"href":"https:\/\/aprh.pt\/pt\/wp-json\/wp\/v2\/pages\/63317\/revisions\/63326"}],"up":[{"embeddable":true,"href":"https:\/\/aprh.pt\/pt\/wp-json\/wp\/v2\/pages\/150"}],"wp:attachment":[{"href":"https:\/\/aprh.pt\/pt\/wp-json\/wp\/v2\/media?parent=63317"}],"curies":[{"name":"wp","href":"https:\/\/api.w.org\/{rel}","templated":true}]}}