{"id":65739,"date":"2023-05-24T09:06:26","date_gmt":"2023-05-24T09:06:26","guid":{"rendered":"https:\/\/www.aprh.pt\/?page_id=65739"},"modified":"2023-05-24T09:13:25","modified_gmt":"2023-05-24T09:13:25","slug":"arquijardim","status":"publish","type":"page","link":"https:\/\/aprh.pt\/pt\/socios\/perfis\/arquijardim\/","title":{"rendered":"ARQUIJARDIM"},"content":{"rendered":"\t\t<div data-elementor-type=\"wp-page\" data-elementor-id=\"65739\" class=\"elementor elementor-65739\" data-elementor-post-type=\"page\">\n\t\t\t\t\t\t<section class=\"elementor-section elementor-top-section elementor-element elementor-element-48b2749c elementor-section-boxed elementor-section-height-default elementor-section-height-default\" data-id=\"48b2749c\" data-element_type=\"section\">\n\t\t\t\t\t\t<div class=\"elementor-container elementor-column-gap-no\">\n\t\t\t\t\t<div class=\"elementor-column elementor-col-100 elementor-top-column elementor-element elementor-element-47d3a018\" data-id=\"47d3a018\" data-element_type=\"column\">\n\t\t\t<div class=\"elementor-widget-wrap elementor-element-populated\">\n\t\t\t\t\t\t<div class=\"elementor-element elementor-element-6a5f4a6b elementor-widget elementor-widget-global elementor-global-475 elementor-widget-spacer\" data-id=\"6a5f4a6b\" data-element_type=\"widget\" data-widget_type=\"spacer.default\">\n\t\t\t\t<div class=\"elementor-widget-container\">\n\t\t\t\t\t<div class=\"elementor-spacer\">\n\t\t\t<div class=\"elementor-spacer-inner\"><\/div>\n\t\t<\/div>\n\t\t\t\t<\/div>\n\t\t\t\t<\/div>\n\t\t\t\t\t<\/div>\n\t\t<\/div>\n\t\t\t\t\t<\/div>\n\t\t<\/section>\n\t\t\t\t<section class=\"elementor-section elementor-top-section elementor-element elementor-element-13ed2de9 elementor-section-boxed elementor-section-height-default elementor-section-height-default\" data-id=\"13ed2de9\" data-element_type=\"section\">\n\t\t\t\t\t\t<div class=\"elementor-container elementor-column-gap-no\">\n\t\t\t\t\t<div class=\"elementor-column elementor-col-25 elementor-top-column elementor-element elementor-element-1d612893\" data-id=\"1d612893\" data-element_type=\"column\">\n\t\t\t<div class=\"elementor-widget-wrap elementor-element-populated\">\n\t\t\t\t\t\t<div class=\"elementor-element elementor-element-3f332be3 elementor-widget elementor-widget-heading\" data-id=\"3f332be3\" data-element_type=\"widget\" data-widget_type=\"heading.default\">\n\t\t\t\t<div class=\"elementor-widget-container\">\n\t\t\t<h2 class=\"elementor-heading-title elementor-size-default\">Associados da APRH<\/h2>\t\t<\/div>\n\t\t\t\t<\/div>\n\t\t\t\t\t<\/div>\n\t\t<\/div>\n\t\t\t\t<div class=\"elementor-column elementor-col-50 elementor-top-column elementor-element elementor-element-3495557c\" data-id=\"3495557c\" data-element_type=\"column\">\n\t\t\t<div class=\"elementor-widget-wrap elementor-element-populated\">\n\t\t\t\t\t\t<div class=\"elementor-element elementor-element-6e52319e elementor-widget elementor-widget-image\" data-id=\"6e52319e\" data-element_type=\"widget\" data-widget_type=\"image.default\">\n\t\t\t\t<div class=\"elementor-widget-container\">\n\t\t\t\t\t\t\t\t\t\t\t\t\t<img decoding=\"async\" width=\"200\" height=\"131\" src=\"https:\/\/aprh.pt\/wp-content\/uploads\/2023\/05\/arquijardim.png\" class=\"attachment-medium size-medium wp-image-65742\" alt=\"\" \/>\t\t\t\t\t\t\t\t\t\t\t\t\t<\/div>\n\t\t\t\t<\/div>\n\t\t\t\t<div class=\"elementor-element elementor-element-44d1406a elementor-widget elementor-widget-heading\" data-id=\"44d1406a\" data-element_type=\"widget\" data-widget_type=\"heading.default\">\n\t\t\t\t<div class=\"elementor-widget-container\">\n\t\t\t<h2 class=\"elementor-heading-title elementor-size-default\">ARQUIJARDIM<\/h2>\t\t<\/div>\n\t\t\t\t<\/div>\n\t\t\t\t<div class=\"elementor-element elementor-element-301f26fb remover_marcadores elementor-widget elementor-widget-text-editor\" data-id=\"301f26fb\" data-element_type=\"widget\" data-widget_type=\"text-editor.default\">\n\t\t\t\t<div class=\"elementor-widget-container\">\n\t\t\t\t\t\t\t<ul><li><strong>Associado<\/strong> 233<\/li><li><strong>Email:<\/strong> geral@aquijardim.pt<\/li><li><strong>Site:<\/strong> <a href=\"https:\/\/www.arquijardim.pt\/pt\" target=\"_blank\" rel=\"noopener\">https:\/\/www.arquijardim.pt\/pt<\/a><\/li><\/ul>\t\t\t\t\t\t<\/div>\n\t\t\t\t<\/div>\n\t\t\t\t\t<\/div>\n\t\t<\/div>\n\t\t\t\t<div class=\"elementor-column elementor-col-25 elementor-top-column elementor-element elementor-element-1aee6ec2 elementor-hidden-tablet elementor-hidden-mobile\" data-id=\"1aee6ec2\" data-element_type=\"column\">\n\t\t\t<div class=\"elementor-widget-wrap\">\n\t\t\t\t\t\t\t<\/div>\n\t\t<\/div>\n\t\t\t\t\t<\/div>\n\t\t<\/section>\n\t\t\t\t<section class=\"elementor-section elementor-top-section elementor-element elementor-element-3d0affec elementor-section-boxed elementor-section-height-default elementor-section-height-default\" data-id=\"3d0affec\" data-element_type=\"section\">\n\t\t\t\t\t\t<div class=\"elementor-container elementor-column-gap-no\">\n\t\t\t\t\t<div class=\"elementor-column elementor-col-100 elementor-top-column elementor-element elementor-element-4efc66b5\" data-id=\"4efc66b5\" data-element_type=\"column\">\n\t\t\t<div class=\"elementor-widget-wrap elementor-element-populated\">\n\t\t\t\t\t\t<div class=\"elementor-element elementor-element-d55f74b elementor-widget elementor-widget-global elementor-global-500 elementor-widget-spacer\" data-id=\"d55f74b\" data-element_type=\"widget\" data-widget_type=\"spacer.default\">\n\t\t\t\t<div class=\"elementor-widget-container\">\n\t\t\t\t\t<div class=\"elementor-spacer\">\n\t\t\t<div class=\"elementor-spacer-inner\"><\/div>\n\t\t<\/div>\n\t\t\t\t<\/div>\n\t\t\t\t<\/div>\n\t\t\t\t\t<\/div>\n\t\t<\/div>\n\t\t\t\t\t<\/div>\n\t\t<\/section>\n\t\t\t\t<\/div>\n\t\t","protected":false},"excerpt":{"rendered":"<p>Associados da APRH ARQUIJARDIM Associado 233 Email: geral@aquijardim.pt Site: https:\/\/www.arquijardim.pt\/pt<\/p>\n","protected":false},"author":2,"featured_media":0,"parent":150,"menu_order":0,"comment_status":"closed","ping_status":"closed","template":"","meta":{"footnotes":""},"class_list":["post-65739","page","type-page","status-publish","hentry"],"yoast_head":"<!-- This site is optimized with the Yoast SEO plugin v23.8 - https:\/\/yoast.com\/wordpress\/plugins\/seo\/ -->\n<title>ARQUIJARDIM - APRH<\/title>\n<meta name=\"robots\" content=\"index, follow, max-snippet:-1, max-image-preview:large, max-video-preview:-1\" \/>\n<link rel=\"canonical\" href=\"https:\/\/aprh.pt\/pt\/socios\/perfis\/arquijardim\/\" \/>\n<meta property=\"og:locale\" content=\"pt_PT\" \/>\n<meta property=\"og:type\" content=\"article\" \/>\n<meta property=\"og:title\" content=\"ARQUIJARDIM - APRH\" \/>\n<meta property=\"og:description\" content=\"Associados da APRH ARQUIJARDIM Associado 233 Email: geral@aquijardim.pt Site: https:\/\/www.arquijardim.pt\/pt\" \/>\n<meta property=\"og:url\" content=\"https:\/\/aprh.pt\/pt\/socios\/perfis\/arquijardim\/\" \/>\n<meta property=\"og:site_name\" content=\"APRH\" \/>\n<meta property=\"article:modified_time\" content=\"2023-05-24T09:13:25+00:00\" \/>\n<meta property=\"og:image\" content=\"https:\/\/www.aprh.pt\/wp-content\/uploads\/2023\/05\/arquijardim.png\" \/>\n<meta name=\"twitter:card\" content=\"summary_large_image\" \/>\n<meta name=\"twitter:label1\" content=\"Tempo estimado de leitura\" \/>\n\t<meta name=\"twitter:data1\" content=\"1 minuto\" \/>\n<script type=\"application\/ld+json\" class=\"yoast-schema-graph\">{\"@context\":\"https:\/\/schema.org\",\"@graph\":[{\"@type\":\"WebPage\",\"@id\":\"https:\/\/aprh.pt\/pt\/socios\/perfis\/arquijardim\/\",\"url\":\"https:\/\/aprh.pt\/pt\/socios\/perfis\/arquijardim\/\",\"name\":\"ARQUIJARDIM - APRH\",\"isPartOf\":{\"@id\":\"https:\/\/aprh.pt\/pt\/#website\"},\"primaryImageOfPage\":{\"@id\":\"https:\/\/aprh.pt\/pt\/socios\/perfis\/arquijardim\/#primaryimage\"},\"image\":{\"@id\":\"https:\/\/aprh.pt\/pt\/socios\/perfis\/arquijardim\/#primaryimage\"},\"thumbnailUrl\":\"https:\/\/www.aprh.pt\/wp-content\/uploads\/2023\/05\/arquijardim.png\",\"datePublished\":\"2023-05-24T09:06:26+00:00\",\"dateModified\":\"2023-05-24T09:13:25+00:00\",\"breadcrumb\":{\"@id\":\"https:\/\/aprh.pt\/pt\/socios\/perfis\/arquijardim\/#breadcrumb\"},\"inLanguage\":\"pt-PT\",\"potentialAction\":[{\"@type\":\"ReadAction\",\"target\":[\"https:\/\/aprh.pt\/pt\/socios\/perfis\/arquijardim\/\"]}]},{\"@type\":\"ImageObject\",\"inLanguage\":\"pt-PT\",\"@id\":\"https:\/\/aprh.pt\/pt\/socios\/perfis\/arquijardim\/#primaryimage\",\"url\":\"https:\/\/www.aprh.pt\/wp-content\/uploads\/2023\/05\/arquijardim.png\",\"contentUrl\":\"https:\/\/www.aprh.pt\/wp-content\/uploads\/2023\/05\/arquijardim.png\"},{\"@type\":\"BreadcrumbList\",\"@id\":\"https:\/\/aprh.pt\/pt\/socios\/perfis\/arquijardim\/#breadcrumb\",\"itemListElement\":[{\"@type\":\"ListItem\",\"position\":1,\"name\":\"Home\",\"item\":\"https:\/\/aprh.pt\/pt\/\"},{\"@type\":\"ListItem\",\"position\":2,\"name\":\"Associados\",\"item\":\"https:\/\/aprh.pt\/pt\/socios\/\"},{\"@type\":\"ListItem\",\"position\":3,\"name\":\"Perfis\",\"item\":\"https:\/\/aprh.pt\/pt\/socios\/perfis\/\"},{\"@type\":\"ListItem\",\"position\":4,\"name\":\"ARQUIJARDIM\"}]},{\"@type\":\"WebSite\",\"@id\":\"https:\/\/aprh.pt\/pt\/#website\",\"url\":\"https:\/\/aprh.pt\/pt\/\",\"name\":\"APRH\",\"description\":\"Associa\u00e7\u00e3o Portuguesa dos Recursos H\u00eddricos\",\"publisher\":{\"@id\":\"https:\/\/aprh.pt\/pt\/#organization\"},\"potentialAction\":[{\"@type\":\"SearchAction\",\"target\":{\"@type\":\"EntryPoint\",\"urlTemplate\":\"https:\/\/aprh.pt\/pt\/?s={search_term_string}\"},\"query-input\":{\"@type\":\"PropertyValueSpecification\",\"valueRequired\":true,\"valueName\":\"search_term_string\"}}],\"inLanguage\":\"pt-PT\"},{\"@type\":\"Organization\",\"@id\":\"https:\/\/aprh.pt\/pt\/#organization\",\"name\":\"APRH\",\"url\":\"https:\/\/aprh.pt\/pt\/\",\"logo\":{\"@type\":\"ImageObject\",\"inLanguage\":\"pt-PT\",\"@id\":\"https:\/\/aprh.pt\/pt\/#\/schema\/logo\/image\/\",\"url\":\"https:\/\/aprh.pt\/wp-content\/uploads\/2022\/04\/logotipo.png\",\"contentUrl\":\"https:\/\/aprh.pt\/wp-content\/uploads\/2022\/04\/logotipo.png\",\"width\":181,\"height\":80,\"caption\":\"APRH\"},\"image\":{\"@id\":\"https:\/\/aprh.pt\/pt\/#\/schema\/logo\/image\/\"}}]}<\/script>\n<!-- \/ Yoast SEO plugin. -->","yoast_head_json":{"title":"ARQUIJARDIM - APRH","robots":{"index":"index","follow":"follow","max-snippet":"max-snippet:-1","max-image-preview":"max-image-preview:large","max-video-preview":"max-video-preview:-1"},"canonical":"https:\/\/aprh.pt\/pt\/socios\/perfis\/arquijardim\/","og_locale":"pt_PT","og_type":"article","og_title":"ARQUIJARDIM - APRH","og_description":"Associados da APRH ARQUIJARDIM Associado 233 Email: geral@aquijardim.pt Site: https:\/\/www.arquijardim.pt\/pt","og_url":"https:\/\/aprh.pt\/pt\/socios\/perfis\/arquijardim\/","og_site_name":"APRH","article_modified_time":"2023-05-24T09:13:25+00:00","og_image":[{"url":"https:\/\/www.aprh.pt\/wp-content\/uploads\/2023\/05\/arquijardim.png"}],"twitter_card":"summary_large_image","twitter_misc":{"Tempo estimado de leitura":"1 minuto"},"schema":{"@context":"https:\/\/schema.org","@graph":[{"@type":"WebPage","@id":"https:\/\/aprh.pt\/pt\/socios\/perfis\/arquijardim\/","url":"https:\/\/aprh.pt\/pt\/socios\/perfis\/arquijardim\/","name":"ARQUIJARDIM - APRH","isPartOf":{"@id":"https:\/\/aprh.pt\/pt\/#website"},"primaryImageOfPage":{"@id":"https:\/\/aprh.pt\/pt\/socios\/perfis\/arquijardim\/#primaryimage"},"image":{"@id":"https:\/\/aprh.pt\/pt\/socios\/perfis\/arquijardim\/#primaryimage"},"thumbnailUrl":"https:\/\/www.aprh.pt\/wp-content\/uploads\/2023\/05\/arquijardim.png","datePublished":"2023-05-24T09:06:26+00:00","dateModified":"2023-05-24T09:13:25+00:00","breadcrumb":{"@id":"https:\/\/aprh.pt\/pt\/socios\/perfis\/arquijardim\/#breadcrumb"},"inLanguage":"pt-PT","potentialAction":[{"@type":"ReadAction","target":["https:\/\/aprh.pt\/pt\/socios\/perfis\/arquijardim\/"]}]},{"@type":"ImageObject","inLanguage":"pt-PT","@id":"https:\/\/aprh.pt\/pt\/socios\/perfis\/arquijardim\/#primaryimage","url":"https:\/\/www.aprh.pt\/wp-content\/uploads\/2023\/05\/arquijardim.png","contentUrl":"https:\/\/www.aprh.pt\/wp-content\/uploads\/2023\/05\/arquijardim.png"},{"@type":"BreadcrumbList","@id":"https:\/\/aprh.pt\/pt\/socios\/perfis\/arquijardim\/#breadcrumb","itemListElement":[{"@type":"ListItem","position":1,"name":"Home","item":"https:\/\/aprh.pt\/pt\/"},{"@type":"ListItem","position":2,"name":"Associados","item":"https:\/\/aprh.pt\/pt\/socios\/"},{"@type":"ListItem","position":3,"name":"Perfis","item":"https:\/\/aprh.pt\/pt\/socios\/perfis\/"},{"@type":"ListItem","position":4,"name":"ARQUIJARDIM"}]},{"@type":"WebSite","@id":"https:\/\/aprh.pt\/pt\/#website","url":"https:\/\/aprh.pt\/pt\/","name":"APRH","description":"Associa\u00e7\u00e3o Portuguesa dos Recursos H\u00eddricos","publisher":{"@id":"https:\/\/aprh.pt\/pt\/#organization"},"potentialAction":[{"@type":"SearchAction","target":{"@type":"EntryPoint","urlTemplate":"https:\/\/aprh.pt\/pt\/?s={search_term_string}"},"query-input":{"@type":"PropertyValueSpecification","valueRequired":true,"valueName":"search_term_string"}}],"inLanguage":"pt-PT"},{"@type":"Organization","@id":"https:\/\/aprh.pt\/pt\/#organization","name":"APRH","url":"https:\/\/aprh.pt\/pt\/","logo":{"@type":"ImageObject","inLanguage":"pt-PT","@id":"https:\/\/aprh.pt\/pt\/#\/schema\/logo\/image\/","url":"https:\/\/aprh.pt\/wp-content\/uploads\/2022\/04\/logotipo.png","contentUrl":"https:\/\/aprh.pt\/wp-content\/uploads\/2022\/04\/logotipo.png","width":181,"height":80,"caption":"APRH"},"image":{"@id":"https:\/\/aprh.pt\/pt\/#\/schema\/logo\/image\/"}}]}},"_links":{"self":[{"href":"https:\/\/aprh.pt\/pt\/wp-json\/wp\/v2\/pages\/65739","targetHints":{"allow":["GET"]}}],"collection":[{"href":"https:\/\/aprh.pt\/pt\/wp-json\/wp\/v2\/pages"}],"about":[{"href":"https:\/\/aprh.pt\/pt\/wp-json\/wp\/v2\/types\/page"}],"author":[{"embeddable":true,"href":"https:\/\/aprh.pt\/pt\/wp-json\/wp\/v2\/users\/2"}],"replies":[{"embeddable":true,"href":"https:\/\/aprh.pt\/pt\/wp-json\/wp\/v2\/comments?post=65739"}],"version-history":[{"count":5,"href":"https:\/\/aprh.pt\/pt\/wp-json\/wp\/v2\/pages\/65739\/revisions"}],"predecessor-version":[{"id":65747,"href":"https:\/\/aprh.pt\/pt\/wp-json\/wp\/v2\/pages\/65739\/revisions\/65747"}],"up":[{"embeddable":true,"href":"https:\/\/aprh.pt\/pt\/wp-json\/wp\/v2\/pages\/150"}],"wp:attachment":[{"href":"https:\/\/aprh.pt\/pt\/wp-json\/wp\/v2\/media?parent=65739"}],"curies":[{"name":"wp","href":"https:\/\/api.w.org\/{rel}","templated":true}]}}