{"id":68193,"date":"2023-07-04T11:09:37","date_gmt":"2023-07-04T11:09:37","guid":{"rendered":"https:\/\/www.aprh.pt\/?page_id=68193"},"modified":"2023-07-04T15:14:09","modified_gmt":"2023-07-04T15:14:09","slug":"carlos-coelho","status":"publish","type":"page","link":"https:\/\/aprh.pt\/pt\/quem-somos\/historia\/carlos-coelho\/","title":{"rendered":"Carlos Coelho"},"content":{"rendered":"\t\t<div data-elementor-type=\"wp-page\" data-elementor-id=\"68193\" class=\"elementor elementor-68193\" data-elementor-post-type=\"page\">\n\t\t\t\t\t\t<section class=\"elementor-section elementor-top-section elementor-element elementor-element-413fbed2 elementor-section-boxed elementor-section-height-default elementor-section-height-default\" data-id=\"413fbed2\" data-element_type=\"section\">\n\t\t\t\t\t\t<div class=\"elementor-container elementor-column-gap-no\">\n\t\t\t\t\t<div class=\"elementor-column elementor-col-100 elementor-top-column elementor-element elementor-element-7ee57aa0\" data-id=\"7ee57aa0\" data-element_type=\"column\">\n\t\t\t<div class=\"elementor-widget-wrap elementor-element-populated\">\n\t\t\t\t\t\t<div class=\"elementor-element elementor-element-40402d91 elementor-widget elementor-widget-global elementor-global-475 elementor-widget-spacer\" data-id=\"40402d91\" data-element_type=\"widget\" data-widget_type=\"spacer.default\">\n\t\t\t\t<div class=\"elementor-widget-container\">\n\t\t\t\t\t<div class=\"elementor-spacer\">\n\t\t\t<div class=\"elementor-spacer-inner\"><\/div>\n\t\t<\/div>\n\t\t\t\t<\/div>\n\t\t\t\t<\/div>\n\t\t\t\t\t<\/div>\n\t\t<\/div>\n\t\t\t\t\t<\/div>\n\t\t<\/section>\n\t\t\t\t<section class=\"elementor-section elementor-top-section elementor-element elementor-element-3962a299 elementor-section-boxed elementor-section-height-default elementor-section-height-default\" data-id=\"3962a299\" data-element_type=\"section\">\n\t\t\t\t\t\t<div class=\"elementor-container elementor-column-gap-no\">\n\t\t\t\t\t<div class=\"elementor-column elementor-col-25 elementor-top-column elementor-element elementor-element-40970248\" data-id=\"40970248\" data-element_type=\"column\">\n\t\t\t<div class=\"elementor-widget-wrap elementor-element-populated\">\n\t\t\t\t\t\t<div class=\"elementor-element elementor-element-7b4814c elementor-widget elementor-widget-heading\" data-id=\"7b4814c\" data-element_type=\"widget\" data-widget_type=\"heading.default\">\n\t\t\t\t<div class=\"elementor-widget-container\">\n\t\t\t<h2 class=\"elementor-heading-title elementor-size-default\">Presidentes das Comiss\u00f5es Diretivas<\/h2>\t\t<\/div>\n\t\t\t\t<\/div>\n\t\t\t\t\t<\/div>\n\t\t<\/div>\n\t\t\t\t<div class=\"elementor-column elementor-col-50 elementor-top-column elementor-element elementor-element-5a21b77a\" data-id=\"5a21b77a\" data-element_type=\"column\">\n\t\t\t<div class=\"elementor-widget-wrap elementor-element-populated\">\n\t\t\t\t\t\t<div class=\"elementor-element elementor-element-8f1e30a elementor-widget elementor-widget-image\" data-id=\"8f1e30a\" data-element_type=\"widget\" data-widget_type=\"image.default\">\n\t\t\t\t<div class=\"elementor-widget-container\">\n\t\t\t\t\t\t\t\t\t\t\t\t\t<img decoding=\"async\" width=\"150\" height=\"150\" src=\"https:\/\/aprh.pt\/wp-content\/uploads\/2023\/07\/foto_CC-150x150.jpg\" class=\"attachment-thumbnail size-thumbnail wp-image-68195\" alt=\"\" \/>\t\t\t\t\t\t\t\t\t\t\t\t\t<\/div>\n\t\t\t\t<\/div>\n\t\t\t\t<div class=\"elementor-element elementor-element-34ebcb2a elementor-widget elementor-widget-heading\" data-id=\"34ebcb2a\" data-element_type=\"widget\" data-widget_type=\"heading.default\">\n\t\t\t\t<div class=\"elementor-widget-container\">\n\t\t\t<h2 class=\"elementor-heading-title elementor-size-default\">Carlos Coelho<\/h2>\t\t<\/div>\n\t\t\t\t<\/div>\n\t\t\t\t<div class=\"elementor-element elementor-element-6923c7b6 elementor-widget elementor-widget-text-editor\" data-id=\"6923c7b6\" data-element_type=\"widget\" data-widget_type=\"text-editor.default\">\n\t\t\t\t<div class=\"elementor-widget-container\">\n\t\t\t\t\t\t\t<p><strong>Presidente da Comiss\u00e3o Diretiva entre 2021 e 2023. <\/strong>Associado n.\u00ba 1557 da Associa\u00e7\u00e3o Portuguesa de Recursos H\u00eddricos (APRH), desde 2003.<\/p>\t\t\t\t\t\t<\/div>\n\t\t\t\t<\/div>\n\t\t\t\t<div class=\"elementor-element elementor-element-495f30a elementor-widget elementor-widget-text-editor\" data-id=\"495f30a\" data-element_type=\"widget\" data-widget_type=\"text-editor.default\">\n\t\t\t\t<div class=\"elementor-widget-container\">\n\t\t\t\t\t\t\t<p>Professor Associado com Agrega\u00e7\u00e3o no Departamento de Engenharia Civil da Universidade de Aveiro, onde completou, em 2005, o Doutoramento em Engenharia Civil, na \u00e1rea da Engenharia Costeira. Leciona diversas Unidades Curriculares no dom\u00ednio da Hidr\u00e1ulica. Integrou a dire\u00e7\u00e3o do N\u00facleo Regional do Centro da APRH por diversas vezes e desde 2010 que integra a Comiss\u00e3o Especializada das Zonas Costeiras e do Mar (anterior Comiss\u00e3o Especializada das Zonas Costeiras). \u00c9 membro da delega\u00e7\u00e3o Portuguesa da PIANC &#8211;\u00a0<i>The World Association for Waterborne Transport Infrastructure<\/i>. Integrou a Comiss\u00e3o de Acompanhamento do Grupo de Trabalho do Litoral. Desenvolve investiga\u00e7\u00e3o na \u00e1rea da prote\u00e7\u00e3o costeira, din\u00e2mica sedimentar e ordenamento costeiro, publicada em numerosos artigos de revistas cient\u00edficas e de atas de congressos. Coordenou diversos projetos de investiga\u00e7\u00e3o. Colabora em trabalhos de consultoria ao exterior, desenvolvendo estudos de viabilidade de solu\u00e7\u00f5es de mitiga\u00e7\u00e3o da eros\u00e3o costeira, do interesse da Ag\u00eancia Portuguesa do Ambiente.<\/p>\t\t\t\t\t\t<\/div>\n\t\t\t\t<\/div>\n\t\t\t\t\t<\/div>\n\t\t<\/div>\n\t\t\t\t<div class=\"elementor-column elementor-col-25 elementor-top-column elementor-element elementor-element-7089d5b7 elementor-hidden-tablet elementor-hidden-mobile\" data-id=\"7089d5b7\" data-element_type=\"column\">\n\t\t\t<div class=\"elementor-widget-wrap\">\n\t\t\t\t\t\t\t<\/div>\n\t\t<\/div>\n\t\t\t\t\t<\/div>\n\t\t<\/section>\n\t\t\t\t<\/div>\n\t\t","protected":false},"excerpt":{"rendered":"<p>Presidentes das Comiss\u00f5es Diretivas Carlos Coelho Presidente da Comiss\u00e3o Diretiva entre 2021 e 2023. Associado n.\u00ba 1557 da Associa\u00e7\u00e3o Portuguesa de Recursos H\u00eddricos (APRH), desde 2003. Professor Associado com Agrega\u00e7\u00e3o no Departamento de Engenharia Civil da Universidade de Aveiro, onde completou, em 2005, o Doutoramento em Engenharia Civil, na \u00e1rea da Engenharia Costeira. Leciona diversas [&hellip;]<\/p>\n","protected":false},"author":2,"featured_media":0,"parent":45468,"menu_order":0,"comment_status":"closed","ping_status":"closed","template":"","meta":{"footnotes":""},"class_list":["post-68193","page","type-page","status-publish","hentry"],"yoast_head":"<!-- This site is optimized with the Yoast SEO plugin v23.8 - https:\/\/yoast.com\/wordpress\/plugins\/seo\/ -->\n<title>Carlos Coelho - APRH<\/title>\n<meta name=\"robots\" content=\"index, follow, max-snippet:-1, max-image-preview:large, max-video-preview:-1\" \/>\n<link rel=\"canonical\" href=\"https:\/\/aprh.pt\/pt\/quem-somos\/historia\/carlos-coelho\/\" \/>\n<meta property=\"og:locale\" content=\"pt_PT\" \/>\n<meta property=\"og:type\" content=\"article\" \/>\n<meta property=\"og:title\" content=\"Carlos Coelho - APRH\" \/>\n<meta property=\"og:description\" content=\"Presidentes das Comiss\u00f5es Diretivas Carlos Coelho Presidente da Comiss\u00e3o Diretiva entre 2021 e 2023. Associado n.\u00ba 1557 da Associa\u00e7\u00e3o Portuguesa de Recursos H\u00eddricos (APRH), desde 2003. Professor Associado com Agrega\u00e7\u00e3o no Departamento de Engenharia Civil da Universidade de Aveiro, onde completou, em 2005, o Doutoramento em Engenharia Civil, na \u00e1rea da Engenharia Costeira. Leciona diversas [&hellip;]\" \/>\n<meta property=\"og:url\" content=\"https:\/\/aprh.pt\/pt\/quem-somos\/historia\/carlos-coelho\/\" \/>\n<meta property=\"og:site_name\" content=\"APRH\" \/>\n<meta property=\"article:modified_time\" content=\"2023-07-04T15:14:09+00:00\" \/>\n<meta property=\"og:image\" content=\"https:\/\/www.aprh.pt\/wp-content\/uploads\/2023\/07\/foto_CC-150x150.jpg\" \/>\n<meta name=\"twitter:card\" content=\"summary_large_image\" \/>\n<meta name=\"twitter:label1\" content=\"Tempo estimado de leitura\" \/>\n\t<meta name=\"twitter:data1\" content=\"2 minutos\" \/>\n<script type=\"application\/ld+json\" class=\"yoast-schema-graph\">{\"@context\":\"https:\/\/schema.org\",\"@graph\":[{\"@type\":\"WebPage\",\"@id\":\"https:\/\/aprh.pt\/pt\/quem-somos\/historia\/carlos-coelho\/\",\"url\":\"https:\/\/aprh.pt\/pt\/quem-somos\/historia\/carlos-coelho\/\",\"name\":\"Carlos Coelho - APRH\",\"isPartOf\":{\"@id\":\"https:\/\/aprh.pt\/pt\/#website\"},\"primaryImageOfPage\":{\"@id\":\"https:\/\/aprh.pt\/pt\/quem-somos\/historia\/carlos-coelho\/#primaryimage\"},\"image\":{\"@id\":\"https:\/\/aprh.pt\/pt\/quem-somos\/historia\/carlos-coelho\/#primaryimage\"},\"thumbnailUrl\":\"https:\/\/www.aprh.pt\/wp-content\/uploads\/2023\/07\/foto_CC-150x150.jpg\",\"datePublished\":\"2023-07-04T11:09:37+00:00\",\"dateModified\":\"2023-07-04T15:14:09+00:00\",\"breadcrumb\":{\"@id\":\"https:\/\/aprh.pt\/pt\/quem-somos\/historia\/carlos-coelho\/#breadcrumb\"},\"inLanguage\":\"pt-PT\",\"potentialAction\":[{\"@type\":\"ReadAction\",\"target\":[\"https:\/\/aprh.pt\/pt\/quem-somos\/historia\/carlos-coelho\/\"]}]},{\"@type\":\"ImageObject\",\"inLanguage\":\"pt-PT\",\"@id\":\"https:\/\/aprh.pt\/pt\/quem-somos\/historia\/carlos-coelho\/#primaryimage\",\"url\":\"https:\/\/www.aprh.pt\/wp-content\/uploads\/2023\/07\/foto_CC-150x150.jpg\",\"contentUrl\":\"https:\/\/www.aprh.pt\/wp-content\/uploads\/2023\/07\/foto_CC-150x150.jpg\"},{\"@type\":\"BreadcrumbList\",\"@id\":\"https:\/\/aprh.pt\/pt\/quem-somos\/historia\/carlos-coelho\/#breadcrumb\",\"itemListElement\":[{\"@type\":\"ListItem\",\"position\":1,\"name\":\"Home\",\"item\":\"https:\/\/aprh.pt\/pt\/\"},{\"@type\":\"ListItem\",\"position\":2,\"name\":\"Quem somos\",\"item\":\"https:\/\/aprh.pt\/pt\/quem-somos\/\"},{\"@type\":\"ListItem\",\"position\":3,\"name\":\"Hist\u00f3ria\",\"item\":\"https:\/\/aprh.pt\/pt\/quem-somos\/historia\/\"},{\"@type\":\"ListItem\",\"position\":4,\"name\":\"Carlos Coelho\"}]},{\"@type\":\"WebSite\",\"@id\":\"https:\/\/aprh.pt\/pt\/#website\",\"url\":\"https:\/\/aprh.pt\/pt\/\",\"name\":\"APRH\",\"description\":\"Associa\u00e7\u00e3o Portuguesa dos Recursos H\u00eddricos\",\"publisher\":{\"@id\":\"https:\/\/aprh.pt\/pt\/#organization\"},\"potentialAction\":[{\"@type\":\"SearchAction\",\"target\":{\"@type\":\"EntryPoint\",\"urlTemplate\":\"https:\/\/aprh.pt\/pt\/?s={search_term_string}\"},\"query-input\":{\"@type\":\"PropertyValueSpecification\",\"valueRequired\":true,\"valueName\":\"search_term_string\"}}],\"inLanguage\":\"pt-PT\"},{\"@type\":\"Organization\",\"@id\":\"https:\/\/aprh.pt\/pt\/#organization\",\"name\":\"APRH\",\"url\":\"https:\/\/aprh.pt\/pt\/\",\"logo\":{\"@type\":\"ImageObject\",\"inLanguage\":\"pt-PT\",\"@id\":\"https:\/\/aprh.pt\/pt\/#\/schema\/logo\/image\/\",\"url\":\"https:\/\/aprh.pt\/wp-content\/uploads\/2022\/04\/logotipo.png\",\"contentUrl\":\"https:\/\/aprh.pt\/wp-content\/uploads\/2022\/04\/logotipo.png\",\"width\":181,\"height\":80,\"caption\":\"APRH\"},\"image\":{\"@id\":\"https:\/\/aprh.pt\/pt\/#\/schema\/logo\/image\/\"}}]}<\/script>\n<!-- \/ Yoast SEO plugin. -->","yoast_head_json":{"title":"Carlos Coelho - APRH","robots":{"index":"index","follow":"follow","max-snippet":"max-snippet:-1","max-image-preview":"max-image-preview:large","max-video-preview":"max-video-preview:-1"},"canonical":"https:\/\/aprh.pt\/pt\/quem-somos\/historia\/carlos-coelho\/","og_locale":"pt_PT","og_type":"article","og_title":"Carlos Coelho - APRH","og_description":"Presidentes das Comiss\u00f5es Diretivas Carlos Coelho Presidente da Comiss\u00e3o Diretiva entre 2021 e 2023. Associado n.\u00ba 1557 da Associa\u00e7\u00e3o Portuguesa de Recursos H\u00eddricos (APRH), desde 2003. Professor Associado com Agrega\u00e7\u00e3o no Departamento de Engenharia Civil da Universidade de Aveiro, onde completou, em 2005, o Doutoramento em Engenharia Civil, na \u00e1rea da Engenharia Costeira. Leciona diversas [&hellip;]","og_url":"https:\/\/aprh.pt\/pt\/quem-somos\/historia\/carlos-coelho\/","og_site_name":"APRH","article_modified_time":"2023-07-04T15:14:09+00:00","og_image":[{"url":"https:\/\/www.aprh.pt\/wp-content\/uploads\/2023\/07\/foto_CC-150x150.jpg"}],"twitter_card":"summary_large_image","twitter_misc":{"Tempo estimado de leitura":"2 minutos"},"schema":{"@context":"https:\/\/schema.org","@graph":[{"@type":"WebPage","@id":"https:\/\/aprh.pt\/pt\/quem-somos\/historia\/carlos-coelho\/","url":"https:\/\/aprh.pt\/pt\/quem-somos\/historia\/carlos-coelho\/","name":"Carlos Coelho - APRH","isPartOf":{"@id":"https:\/\/aprh.pt\/pt\/#website"},"primaryImageOfPage":{"@id":"https:\/\/aprh.pt\/pt\/quem-somos\/historia\/carlos-coelho\/#primaryimage"},"image":{"@id":"https:\/\/aprh.pt\/pt\/quem-somos\/historia\/carlos-coelho\/#primaryimage"},"thumbnailUrl":"https:\/\/www.aprh.pt\/wp-content\/uploads\/2023\/07\/foto_CC-150x150.jpg","datePublished":"2023-07-04T11:09:37+00:00","dateModified":"2023-07-04T15:14:09+00:00","breadcrumb":{"@id":"https:\/\/aprh.pt\/pt\/quem-somos\/historia\/carlos-coelho\/#breadcrumb"},"inLanguage":"pt-PT","potentialAction":[{"@type":"ReadAction","target":["https:\/\/aprh.pt\/pt\/quem-somos\/historia\/carlos-coelho\/"]}]},{"@type":"ImageObject","inLanguage":"pt-PT","@id":"https:\/\/aprh.pt\/pt\/quem-somos\/historia\/carlos-coelho\/#primaryimage","url":"https:\/\/www.aprh.pt\/wp-content\/uploads\/2023\/07\/foto_CC-150x150.jpg","contentUrl":"https:\/\/www.aprh.pt\/wp-content\/uploads\/2023\/07\/foto_CC-150x150.jpg"},{"@type":"BreadcrumbList","@id":"https:\/\/aprh.pt\/pt\/quem-somos\/historia\/carlos-coelho\/#breadcrumb","itemListElement":[{"@type":"ListItem","position":1,"name":"Home","item":"https:\/\/aprh.pt\/pt\/"},{"@type":"ListItem","position":2,"name":"Quem somos","item":"https:\/\/aprh.pt\/pt\/quem-somos\/"},{"@type":"ListItem","position":3,"name":"Hist\u00f3ria","item":"https:\/\/aprh.pt\/pt\/quem-somos\/historia\/"},{"@type":"ListItem","position":4,"name":"Carlos Coelho"}]},{"@type":"WebSite","@id":"https:\/\/aprh.pt\/pt\/#website","url":"https:\/\/aprh.pt\/pt\/","name":"APRH","description":"Associa\u00e7\u00e3o Portuguesa dos Recursos H\u00eddricos","publisher":{"@id":"https:\/\/aprh.pt\/pt\/#organization"},"potentialAction":[{"@type":"SearchAction","target":{"@type":"EntryPoint","urlTemplate":"https:\/\/aprh.pt\/pt\/?s={search_term_string}"},"query-input":{"@type":"PropertyValueSpecification","valueRequired":true,"valueName":"search_term_string"}}],"inLanguage":"pt-PT"},{"@type":"Organization","@id":"https:\/\/aprh.pt\/pt\/#organization","name":"APRH","url":"https:\/\/aprh.pt\/pt\/","logo":{"@type":"ImageObject","inLanguage":"pt-PT","@id":"https:\/\/aprh.pt\/pt\/#\/schema\/logo\/image\/","url":"https:\/\/aprh.pt\/wp-content\/uploads\/2022\/04\/logotipo.png","contentUrl":"https:\/\/aprh.pt\/wp-content\/uploads\/2022\/04\/logotipo.png","width":181,"height":80,"caption":"APRH"},"image":{"@id":"https:\/\/aprh.pt\/pt\/#\/schema\/logo\/image\/"}}]}},"_links":{"self":[{"href":"https:\/\/aprh.pt\/pt\/wp-json\/wp\/v2\/pages\/68193","targetHints":{"allow":["GET"]}}],"collection":[{"href":"https:\/\/aprh.pt\/pt\/wp-json\/wp\/v2\/pages"}],"about":[{"href":"https:\/\/aprh.pt\/pt\/wp-json\/wp\/v2\/types\/page"}],"author":[{"embeddable":true,"href":"https:\/\/aprh.pt\/pt\/wp-json\/wp\/v2\/users\/2"}],"replies":[{"embeddable":true,"href":"https:\/\/aprh.pt\/pt\/wp-json\/wp\/v2\/comments?post=68193"}],"version-history":[{"count":10,"href":"https:\/\/aprh.pt\/pt\/wp-json\/wp\/v2\/pages\/68193\/revisions"}],"predecessor-version":[{"id":68215,"href":"https:\/\/aprh.pt\/pt\/wp-json\/wp\/v2\/pages\/68193\/revisions\/68215"}],"up":[{"embeddable":true,"href":"https:\/\/aprh.pt\/pt\/wp-json\/wp\/v2\/pages\/45468"}],"wp:attachment":[{"href":"https:\/\/aprh.pt\/pt\/wp-json\/wp\/v2\/media?parent=68193"}],"curies":[{"name":"wp","href":"https:\/\/api.w.org\/{rel}","templated":true}]}}