{"id":69291,"date":"2023-09-19T14:50:38","date_gmt":"2023-09-19T14:50:38","guid":{"rendered":"https:\/\/www.aprh.pt\/?page_id=69291"},"modified":"2023-09-28T16:04:11","modified_gmt":"2023-09-28T16:04:11","slug":"jorge-cardoso-goncalves","status":"publish","type":"page","link":"https:\/\/aprh.pt\/pt\/quem-somos\/historia\/jorge-cardoso-goncalves\/","title":{"rendered":"Jorge Cardoso Gon\u00e7alves"},"content":{"rendered":"\t\t<div data-elementor-type=\"wp-page\" data-elementor-id=\"69291\" class=\"elementor elementor-69291\" data-elementor-post-type=\"page\">\n\t\t\t\t\t\t<section class=\"elementor-section elementor-top-section elementor-element elementor-element-599c8a2e elementor-section-boxed elementor-section-height-default elementor-section-height-default\" data-id=\"599c8a2e\" data-element_type=\"section\">\n\t\t\t\t\t\t<div class=\"elementor-container elementor-column-gap-no\">\n\t\t\t\t\t<div class=\"elementor-column elementor-col-100 elementor-top-column elementor-element elementor-element-128dced0\" data-id=\"128dced0\" data-element_type=\"column\">\n\t\t\t<div class=\"elementor-widget-wrap elementor-element-populated\">\n\t\t\t\t\t\t<div class=\"elementor-element elementor-element-5d27a2f5 elementor-widget elementor-widget-global elementor-global-475 elementor-widget-spacer\" data-id=\"5d27a2f5\" data-element_type=\"widget\" data-widget_type=\"spacer.default\">\n\t\t\t\t<div class=\"elementor-widget-container\">\n\t\t\t\t\t<div class=\"elementor-spacer\">\n\t\t\t<div class=\"elementor-spacer-inner\"><\/div>\n\t\t<\/div>\n\t\t\t\t<\/div>\n\t\t\t\t<\/div>\n\t\t\t\t\t<\/div>\n\t\t<\/div>\n\t\t\t\t\t<\/div>\n\t\t<\/section>\n\t\t\t\t<section class=\"elementor-section elementor-top-section elementor-element elementor-element-78bc6d14 elementor-section-boxed elementor-section-height-default elementor-section-height-default\" data-id=\"78bc6d14\" data-element_type=\"section\">\n\t\t\t\t\t\t<div class=\"elementor-container elementor-column-gap-no\">\n\t\t\t\t\t<div class=\"elementor-column elementor-col-25 elementor-top-column elementor-element elementor-element-7501d379\" data-id=\"7501d379\" data-element_type=\"column\">\n\t\t\t<div class=\"elementor-widget-wrap elementor-element-populated\">\n\t\t\t\t\t\t<div class=\"elementor-element elementor-element-4a755246 elementor-widget elementor-widget-heading\" data-id=\"4a755246\" data-element_type=\"widget\" data-widget_type=\"heading.default\">\n\t\t\t\t<div class=\"elementor-widget-container\">\n\t\t\t<h2 class=\"elementor-heading-title elementor-size-default\">Presidentes das Comiss\u00f5es Directivas<\/h2>\t\t<\/div>\n\t\t\t\t<\/div>\n\t\t\t\t\t<\/div>\n\t\t<\/div>\n\t\t\t\t<div class=\"elementor-column elementor-col-50 elementor-top-column elementor-element elementor-element-3add5304\" data-id=\"3add5304\" data-element_type=\"column\">\n\t\t\t<div class=\"elementor-widget-wrap elementor-element-populated\">\n\t\t\t\t\t\t<div class=\"elementor-element elementor-element-e6e7798 elementor-widget elementor-widget-image\" data-id=\"e6e7798\" data-element_type=\"widget\" data-widget_type=\"image.default\">\n\t\t\t\t<div class=\"elementor-widget-container\">\n\t\t\t\t\t\t\t\t\t\t\t\t\t<img decoding=\"async\" width=\"150\" height=\"150\" src=\"https:\/\/aprh.pt\/wp-content\/uploads\/2023\/09\/thumbnail_Jorge-Cardoso-Gonc\u0327alves_Fotografia-150x150.png\" class=\"attachment-thumbnail size-thumbnail wp-image-69293\" alt=\"\" \/>\t\t\t\t\t\t\t\t\t\t\t\t\t<\/div>\n\t\t\t\t<\/div>\n\t\t\t\t<div class=\"elementor-element elementor-element-52a903c7 elementor-widget elementor-widget-heading\" data-id=\"52a903c7\" data-element_type=\"widget\" data-widget_type=\"heading.default\">\n\t\t\t\t<div class=\"elementor-widget-container\">\n\t\t\t<h2 class=\"elementor-heading-title elementor-size-default\">Jorge Cardoso Gon\u00e7alves<\/h2>\t\t<\/div>\n\t\t\t\t<\/div>\n\t\t\t\t<div class=\"elementor-element elementor-element-6b8c5586 elementor-widget elementor-widget-text-editor\" data-id=\"6b8c5586\" data-element_type=\"widget\" data-widget_type=\"text-editor.default\">\n\t\t\t\t<div class=\"elementor-widget-container\">\n\t\t\t\t\t\t\t<p><strong>Presidente da Comiss\u00e3o Diretiva entre 2023 e 2025<\/strong>. Associado n.\u00ba 1802 da Associa\u00e7\u00e3o Portuguesa de Recursos H\u00eddricos (APRH), desde 2015.<\/p>\t\t\t\t\t\t<\/div>\n\t\t\t\t<\/div>\n\t\t\t\t<div class=\"elementor-element elementor-element-d7a8974 elementor-widget elementor-widget-text-editor\" data-id=\"d7a8974\" data-element_type=\"widget\" data-widget_type=\"text-editor.default\">\n\t\t\t\t<div class=\"elementor-widget-container\">\n\t\t\t\t\t\t\t<p>Doutorado em Engenharia Civil \u2013 Hidr\u00e1ulica, Recursos H\u00eddricos e Ambiente pela Faculdade de Engenharia da Universidade do Porto (FEUP), onde concluiu tamb\u00e9m a Licenciatura e o Mestrado, tem forma\u00e7\u00e3o em Gest\u00e3o pela Porto Business School, e frequentou os Programas Avan\u00e7ados de Gest\u00e3o de Servi\u00e7os de \u00c1guas (LNEC\/LIS-Water) e Res\u00edduos (FEFAL).<\/p>\t\t\t\t\t\t<\/div>\n\t\t\t\t<\/div>\n\t\t\t\t<div class=\"elementor-element elementor-element-1f06c41 elementor-widget elementor-widget-text-editor\" data-id=\"1f06c41\" data-element_type=\"widget\" data-widget_type=\"text-editor.default\">\n\t\t\t\t<div class=\"elementor-widget-container\">\n\t\t\t\t\t\t\t<p>Iniciou a carreira profissional em 2014 e desempenha, desde ent\u00e3o, fun\u00e7\u00f5es de projetista, investigador, gestor operacional e consultor de engenharia. Autor e coautor de diversos trabalhos na \u00e1rea de Hidr\u00e1ulica, esteve presente em m\u00faltiplos eventos, participando como orador e coorganizador de parte deles. Coordenou o grupo de trabalho sobre \u201cAbordagem Integrada\u201d, pertence (e presidiu) \u00e0 Comiss\u00e3o Especializada de Servi\u00e7os de \u00c1guas (CESA-APRH) e foi Vice-Presidente da APRH entre 2021 e 2023.<\/p>\t\t\t\t\t\t<\/div>\n\t\t\t\t<\/div>\n\t\t\t\t<div class=\"elementor-element elementor-element-8fc531b elementor-widget elementor-widget-text-editor\" data-id=\"8fc531b\" data-element_type=\"widget\" data-widget_type=\"text-editor.default\">\n\t\t\t\t<div class=\"elementor-widget-container\">\n\t\t\t\t\t\t\t<p>\u00c9 cofundador e s\u00f3cio da empresa WSCM \u2013 Water Services Consulting and Management, Lda, e Presidente da Comiss\u00e3o Diretiva Associa\u00e7\u00e3o Portuguesa de Recursos H\u00eddricos (APRH).<\/p>\t\t\t\t\t\t<\/div>\n\t\t\t\t<\/div>\n\t\t\t\t<div class=\"elementor-element elementor-element-7de3639 elementor-widget elementor-widget-text-editor\" data-id=\"7de3639\" data-element_type=\"widget\" data-widget_type=\"text-editor.default\">\n\t\t\t\t<div class=\"elementor-widget-container\">\n\t\t\t\t\t\t\t<p>(LinkedIn: <a href=\"https:\/\/www.linkedin.com\/in\/jorgecardosogoncalves\/\" target=\"_blank\" rel=\"noopener\">pt.linkedin.com\/in\/jorgecardosogoncalves<\/a>)<\/p>\t\t\t\t\t\t<\/div>\n\t\t\t\t<\/div>\n\t\t\t\t\t<\/div>\n\t\t<\/div>\n\t\t\t\t<div class=\"elementor-column elementor-col-25 elementor-top-column elementor-element elementor-element-56983d4f elementor-hidden-tablet elementor-hidden-mobile\" data-id=\"56983d4f\" data-element_type=\"column\">\n\t\t\t<div class=\"elementor-widget-wrap\">\n\t\t\t\t\t\t\t<\/div>\n\t\t<\/div>\n\t\t\t\t\t<\/div>\n\t\t<\/section>\n\t\t\t\t<section class=\"elementor-section elementor-top-section elementor-element elementor-element-6a86a494 elementor-section-boxed elementor-section-height-default elementor-section-height-default\" data-id=\"6a86a494\" data-element_type=\"section\">\n\t\t\t\t\t\t<div class=\"elementor-container elementor-column-gap-no\">\n\t\t\t\t\t<div class=\"elementor-column elementor-col-100 elementor-top-column elementor-element elementor-element-63d4009c\" data-id=\"63d4009c\" data-element_type=\"column\">\n\t\t\t<div class=\"elementor-widget-wrap elementor-element-populated\">\n\t\t\t\t\t\t<div class=\"elementor-element elementor-element-1677276c elementor-widget elementor-widget-global elementor-global-500 elementor-widget-spacer\" data-id=\"1677276c\" data-element_type=\"widget\" data-widget_type=\"spacer.default\">\n\t\t\t\t<div class=\"elementor-widget-container\">\n\t\t\t\t\t<div class=\"elementor-spacer\">\n\t\t\t<div class=\"elementor-spacer-inner\"><\/div>\n\t\t<\/div>\n\t\t\t\t<\/div>\n\t\t\t\t<\/div>\n\t\t\t\t\t<\/div>\n\t\t<\/div>\n\t\t\t\t\t<\/div>\n\t\t<\/section>\n\t\t\t\t<\/div>\n\t\t","protected":false},"excerpt":{"rendered":"<p>Presidentes das Comiss\u00f5es Directivas Jorge Cardoso Gon\u00e7alves Presidente da Comiss\u00e3o Diretiva entre 2023 e 2025. Associado n.\u00ba 1802 da Associa\u00e7\u00e3o Portuguesa de Recursos H\u00eddricos (APRH), desde 2015. Doutorado em Engenharia Civil \u2013 Hidr\u00e1ulica, Recursos H\u00eddricos e Ambiente pela Faculdade de Engenharia da Universidade do Porto (FEUP), onde concluiu tamb\u00e9m a Licenciatura e o Mestrado, tem [&hellip;]<\/p>\n","protected":false},"author":2,"featured_media":0,"parent":45468,"menu_order":0,"comment_status":"closed","ping_status":"closed","template":"","meta":{"footnotes":""},"class_list":["post-69291","page","type-page","status-publish","hentry"],"yoast_head":"<!-- This site is optimized with the Yoast SEO plugin v23.8 - https:\/\/yoast.com\/wordpress\/plugins\/seo\/ -->\n<title>Jorge Cardoso Gon\u00e7alves - APRH<\/title>\n<meta name=\"robots\" content=\"index, follow, max-snippet:-1, max-image-preview:large, max-video-preview:-1\" \/>\n<link rel=\"canonical\" href=\"https:\/\/aprh.pt\/pt\/quem-somos\/historia\/jorge-cardoso-goncalves\/\" \/>\n<meta property=\"og:locale\" content=\"pt_PT\" \/>\n<meta property=\"og:type\" content=\"article\" \/>\n<meta property=\"og:title\" content=\"Jorge Cardoso Gon\u00e7alves - APRH\" \/>\n<meta property=\"og:description\" content=\"Presidentes das Comiss\u00f5es Directivas Jorge Cardoso Gon\u00e7alves Presidente da Comiss\u00e3o Diretiva entre 2023 e 2025. Associado n.\u00ba 1802 da Associa\u00e7\u00e3o Portuguesa de Recursos H\u00eddricos (APRH), desde 2015. Doutorado em Engenharia Civil \u2013 Hidr\u00e1ulica, Recursos H\u00eddricos e Ambiente pela Faculdade de Engenharia da Universidade do Porto (FEUP), onde concluiu tamb\u00e9m a Licenciatura e o Mestrado, tem [&hellip;]\" \/>\n<meta property=\"og:url\" content=\"https:\/\/aprh.pt\/pt\/quem-somos\/historia\/jorge-cardoso-goncalves\/\" \/>\n<meta property=\"og:site_name\" content=\"APRH\" \/>\n<meta property=\"article:modified_time\" content=\"2023-09-28T16:04:11+00:00\" \/>\n<meta name=\"twitter:card\" content=\"summary_large_image\" \/>\n<meta name=\"twitter:label1\" content=\"Tempo estimado de leitura\" \/>\n\t<meta name=\"twitter:data1\" content=\"2 minutos\" \/>\n<script type=\"application\/ld+json\" class=\"yoast-schema-graph\">{\"@context\":\"https:\/\/schema.org\",\"@graph\":[{\"@type\":\"WebPage\",\"@id\":\"https:\/\/aprh.pt\/pt\/quem-somos\/historia\/jorge-cardoso-goncalves\/\",\"url\":\"https:\/\/aprh.pt\/pt\/quem-somos\/historia\/jorge-cardoso-goncalves\/\",\"name\":\"Jorge Cardoso Gon\u00e7alves - APRH\",\"isPartOf\":{\"@id\":\"https:\/\/aprh.pt\/pt\/#website\"},\"datePublished\":\"2023-09-19T14:50:38+00:00\",\"dateModified\":\"2023-09-28T16:04:11+00:00\",\"breadcrumb\":{\"@id\":\"https:\/\/aprh.pt\/pt\/quem-somos\/historia\/jorge-cardoso-goncalves\/#breadcrumb\"},\"inLanguage\":\"pt-PT\",\"potentialAction\":[{\"@type\":\"ReadAction\",\"target\":[\"https:\/\/aprh.pt\/pt\/quem-somos\/historia\/jorge-cardoso-goncalves\/\"]}]},{\"@type\":\"BreadcrumbList\",\"@id\":\"https:\/\/aprh.pt\/pt\/quem-somos\/historia\/jorge-cardoso-goncalves\/#breadcrumb\",\"itemListElement\":[{\"@type\":\"ListItem\",\"position\":1,\"name\":\"Home\",\"item\":\"https:\/\/aprh.pt\/pt\/\"},{\"@type\":\"ListItem\",\"position\":2,\"name\":\"Quem somos\",\"item\":\"https:\/\/aprh.pt\/pt\/quem-somos\/\"},{\"@type\":\"ListItem\",\"position\":3,\"name\":\"Hist\u00f3ria\",\"item\":\"https:\/\/aprh.pt\/pt\/quem-somos\/historia\/\"},{\"@type\":\"ListItem\",\"position\":4,\"name\":\"Jorge Cardoso Gon\u00e7alves\"}]},{\"@type\":\"WebSite\",\"@id\":\"https:\/\/aprh.pt\/pt\/#website\",\"url\":\"https:\/\/aprh.pt\/pt\/\",\"name\":\"APRH\",\"description\":\"Associa\u00e7\u00e3o Portuguesa dos Recursos H\u00eddricos\",\"publisher\":{\"@id\":\"https:\/\/aprh.pt\/pt\/#organization\"},\"potentialAction\":[{\"@type\":\"SearchAction\",\"target\":{\"@type\":\"EntryPoint\",\"urlTemplate\":\"https:\/\/aprh.pt\/pt\/?s={search_term_string}\"},\"query-input\":{\"@type\":\"PropertyValueSpecification\",\"valueRequired\":true,\"valueName\":\"search_term_string\"}}],\"inLanguage\":\"pt-PT\"},{\"@type\":\"Organization\",\"@id\":\"https:\/\/aprh.pt\/pt\/#organization\",\"name\":\"APRH\",\"url\":\"https:\/\/aprh.pt\/pt\/\",\"logo\":{\"@type\":\"ImageObject\",\"inLanguage\":\"pt-PT\",\"@id\":\"https:\/\/aprh.pt\/pt\/#\/schema\/logo\/image\/\",\"url\":\"https:\/\/aprh.pt\/wp-content\/uploads\/2022\/04\/logotipo.png\",\"contentUrl\":\"https:\/\/aprh.pt\/wp-content\/uploads\/2022\/04\/logotipo.png\",\"width\":181,\"height\":80,\"caption\":\"APRH\"},\"image\":{\"@id\":\"https:\/\/aprh.pt\/pt\/#\/schema\/logo\/image\/\"}}]}<\/script>\n<!-- \/ Yoast SEO plugin. -->","yoast_head_json":{"title":"Jorge Cardoso Gon\u00e7alves - APRH","robots":{"index":"index","follow":"follow","max-snippet":"max-snippet:-1","max-image-preview":"max-image-preview:large","max-video-preview":"max-video-preview:-1"},"canonical":"https:\/\/aprh.pt\/pt\/quem-somos\/historia\/jorge-cardoso-goncalves\/","og_locale":"pt_PT","og_type":"article","og_title":"Jorge Cardoso Gon\u00e7alves - APRH","og_description":"Presidentes das Comiss\u00f5es Directivas Jorge Cardoso Gon\u00e7alves Presidente da Comiss\u00e3o Diretiva entre 2023 e 2025. Associado n.\u00ba 1802 da Associa\u00e7\u00e3o Portuguesa de Recursos H\u00eddricos (APRH), desde 2015. Doutorado em Engenharia Civil \u2013 Hidr\u00e1ulica, Recursos H\u00eddricos e Ambiente pela Faculdade de Engenharia da Universidade do Porto (FEUP), onde concluiu tamb\u00e9m a Licenciatura e o Mestrado, tem [&hellip;]","og_url":"https:\/\/aprh.pt\/pt\/quem-somos\/historia\/jorge-cardoso-goncalves\/","og_site_name":"APRH","article_modified_time":"2023-09-28T16:04:11+00:00","twitter_card":"summary_large_image","twitter_misc":{"Tempo estimado de leitura":"2 minutos"},"schema":{"@context":"https:\/\/schema.org","@graph":[{"@type":"WebPage","@id":"https:\/\/aprh.pt\/pt\/quem-somos\/historia\/jorge-cardoso-goncalves\/","url":"https:\/\/aprh.pt\/pt\/quem-somos\/historia\/jorge-cardoso-goncalves\/","name":"Jorge Cardoso Gon\u00e7alves - APRH","isPartOf":{"@id":"https:\/\/aprh.pt\/pt\/#website"},"datePublished":"2023-09-19T14:50:38+00:00","dateModified":"2023-09-28T16:04:11+00:00","breadcrumb":{"@id":"https:\/\/aprh.pt\/pt\/quem-somos\/historia\/jorge-cardoso-goncalves\/#breadcrumb"},"inLanguage":"pt-PT","potentialAction":[{"@type":"ReadAction","target":["https:\/\/aprh.pt\/pt\/quem-somos\/historia\/jorge-cardoso-goncalves\/"]}]},{"@type":"BreadcrumbList","@id":"https:\/\/aprh.pt\/pt\/quem-somos\/historia\/jorge-cardoso-goncalves\/#breadcrumb","itemListElement":[{"@type":"ListItem","position":1,"name":"Home","item":"https:\/\/aprh.pt\/pt\/"},{"@type":"ListItem","position":2,"name":"Quem somos","item":"https:\/\/aprh.pt\/pt\/quem-somos\/"},{"@type":"ListItem","position":3,"name":"Hist\u00f3ria","item":"https:\/\/aprh.pt\/pt\/quem-somos\/historia\/"},{"@type":"ListItem","position":4,"name":"Jorge Cardoso Gon\u00e7alves"}]},{"@type":"WebSite","@id":"https:\/\/aprh.pt\/pt\/#website","url":"https:\/\/aprh.pt\/pt\/","name":"APRH","description":"Associa\u00e7\u00e3o Portuguesa dos Recursos H\u00eddricos","publisher":{"@id":"https:\/\/aprh.pt\/pt\/#organization"},"potentialAction":[{"@type":"SearchAction","target":{"@type":"EntryPoint","urlTemplate":"https:\/\/aprh.pt\/pt\/?s={search_term_string}"},"query-input":{"@type":"PropertyValueSpecification","valueRequired":true,"valueName":"search_term_string"}}],"inLanguage":"pt-PT"},{"@type":"Organization","@id":"https:\/\/aprh.pt\/pt\/#organization","name":"APRH","url":"https:\/\/aprh.pt\/pt\/","logo":{"@type":"ImageObject","inLanguage":"pt-PT","@id":"https:\/\/aprh.pt\/pt\/#\/schema\/logo\/image\/","url":"https:\/\/aprh.pt\/wp-content\/uploads\/2022\/04\/logotipo.png","contentUrl":"https:\/\/aprh.pt\/wp-content\/uploads\/2022\/04\/logotipo.png","width":181,"height":80,"caption":"APRH"},"image":{"@id":"https:\/\/aprh.pt\/pt\/#\/schema\/logo\/image\/"}}]}},"_links":{"self":[{"href":"https:\/\/aprh.pt\/pt\/wp-json\/wp\/v2\/pages\/69291","targetHints":{"allow":["GET"]}}],"collection":[{"href":"https:\/\/aprh.pt\/pt\/wp-json\/wp\/v2\/pages"}],"about":[{"href":"https:\/\/aprh.pt\/pt\/wp-json\/wp\/v2\/types\/page"}],"author":[{"embeddable":true,"href":"https:\/\/aprh.pt\/pt\/wp-json\/wp\/v2\/users\/2"}],"replies":[{"embeddable":true,"href":"https:\/\/aprh.pt\/pt\/wp-json\/wp\/v2\/comments?post=69291"}],"version-history":[{"count":9,"href":"https:\/\/aprh.pt\/pt\/wp-json\/wp\/v2\/pages\/69291\/revisions"}],"predecessor-version":[{"id":69430,"href":"https:\/\/aprh.pt\/pt\/wp-json\/wp\/v2\/pages\/69291\/revisions\/69430"}],"up":[{"embeddable":true,"href":"https:\/\/aprh.pt\/pt\/wp-json\/wp\/v2\/pages\/45468"}],"wp:attachment":[{"href":"https:\/\/aprh.pt\/pt\/wp-json\/wp\/v2\/media?parent=69291"}],"curies":[{"name":"wp","href":"https:\/\/api.w.org\/{rel}","templated":true}]}}