{"id":69353,"date":"2023-09-22T10:14:40","date_gmt":"2023-09-22T10:14:40","guid":{"rendered":"https:\/\/www.aprh.pt\/?page_id=69353"},"modified":"2023-09-22T10:17:14","modified_gmt":"2023-09-22T10:17:14","slug":"contaqua-solucoes-e-equipamentos-para-agua-lda","status":"publish","type":"page","link":"https:\/\/aprh.pt\/pt\/socios\/perfis\/contaqua-solucoes-e-equipamentos-para-agua-lda\/","title":{"rendered":"Contaqua &#8211; Solu\u00e7\u00f5es e Equipamentos para \u00c1gua, Lda."},"content":{"rendered":"\t\t<div data-elementor-type=\"wp-page\" data-elementor-id=\"69353\" class=\"elementor elementor-69353\" data-elementor-post-type=\"page\">\n\t\t\t\t\t\t<section class=\"elementor-section elementor-top-section elementor-element elementor-element-669192a elementor-section-boxed elementor-section-height-default elementor-section-height-default\" data-id=\"669192a\" data-element_type=\"section\">\n\t\t\t\t\t\t<div class=\"elementor-container elementor-column-gap-no\">\n\t\t\t\t\t<div class=\"elementor-column elementor-col-100 elementor-top-column elementor-element elementor-element-559ae9ac\" data-id=\"559ae9ac\" data-element_type=\"column\">\n\t\t\t<div class=\"elementor-widget-wrap elementor-element-populated\">\n\t\t\t\t\t\t<div class=\"elementor-element elementor-element-6ebe189f elementor-widget elementor-widget-global elementor-global-475 elementor-widget-spacer\" data-id=\"6ebe189f\" data-element_type=\"widget\" data-widget_type=\"spacer.default\">\n\t\t\t\t<div class=\"elementor-widget-container\">\n\t\t\t\t\t<div class=\"elementor-spacer\">\n\t\t\t<div class=\"elementor-spacer-inner\"><\/div>\n\t\t<\/div>\n\t\t\t\t<\/div>\n\t\t\t\t<\/div>\n\t\t\t\t\t<\/div>\n\t\t<\/div>\n\t\t\t\t\t<\/div>\n\t\t<\/section>\n\t\t\t\t<section class=\"elementor-section elementor-top-section elementor-element elementor-element-15b98077 elementor-section-boxed elementor-section-height-default elementor-section-height-default\" data-id=\"15b98077\" data-element_type=\"section\">\n\t\t\t\t\t\t<div class=\"elementor-container elementor-column-gap-no\">\n\t\t\t\t\t<div class=\"elementor-column elementor-col-25 elementor-top-column elementor-element elementor-element-9479fa8\" data-id=\"9479fa8\" data-element_type=\"column\">\n\t\t\t<div class=\"elementor-widget-wrap elementor-element-populated\">\n\t\t\t\t\t\t<div class=\"elementor-element elementor-element-16ac5da1 elementor-widget elementor-widget-heading\" data-id=\"16ac5da1\" data-element_type=\"widget\" data-widget_type=\"heading.default\">\n\t\t\t\t<div class=\"elementor-widget-container\">\n\t\t\t<h2 class=\"elementor-heading-title elementor-size-default\">Associados da APRH<\/h2>\t\t<\/div>\n\t\t\t\t<\/div>\n\t\t\t\t\t<\/div>\n\t\t<\/div>\n\t\t\t\t<div class=\"elementor-column elementor-col-50 elementor-top-column elementor-element elementor-element-205e41d8\" data-id=\"205e41d8\" data-element_type=\"column\">\n\t\t\t<div class=\"elementor-widget-wrap elementor-element-populated\">\n\t\t\t\t\t\t<div class=\"elementor-element elementor-element-2e46e27e elementor-widget elementor-widget-image\" data-id=\"2e46e27e\" data-element_type=\"widget\" data-widget_type=\"image.default\">\n\t\t\t\t<div class=\"elementor-widget-container\">\n\t\t\t\t\t\t\t\t\t\t\t\t\t<img decoding=\"async\" width=\"300\" height=\"70\" src=\"https:\/\/aprh.pt\/wp-content\/uploads\/2023\/09\/contaqua-300x70.png\" class=\"attachment-medium size-medium wp-image-69355\" alt=\"\" srcset=\"https:\/\/aprh.pt\/wp-content\/uploads\/2023\/09\/contaqua-300x70.png 300w, https:\/\/aprh.pt\/wp-content\/uploads\/2023\/09\/contaqua-1024x238.png 1024w, https:\/\/aprh.pt\/wp-content\/uploads\/2023\/09\/contaqua-768x179.png 768w, https:\/\/aprh.pt\/wp-content\/uploads\/2023\/09\/contaqua-1536x358.png 1536w, https:\/\/aprh.pt\/wp-content\/uploads\/2023\/09\/contaqua-2048x477.png 2048w\" sizes=\"(max-width: 300px) 100vw, 300px\" \/>\t\t\t\t\t\t\t\t\t\t\t\t\t<\/div>\n\t\t\t\t<\/div>\n\t\t\t\t<div class=\"elementor-element elementor-element-68197c75 elementor-widget elementor-widget-heading\" data-id=\"68197c75\" data-element_type=\"widget\" data-widget_type=\"heading.default\">\n\t\t\t\t<div class=\"elementor-widget-container\">\n\t\t\t<h2 class=\"elementor-heading-title elementor-size-default\">Contaqua - Solu\u00e7\u00f5es e Equipamentos para \u00c1gua, Lda.<\/h2>\t\t<\/div>\n\t\t\t\t<\/div>\n\t\t\t\t<div class=\"elementor-element elementor-element-4a0ebfd9 remover_marcadores elementor-widget elementor-widget-text-editor\" data-id=\"4a0ebfd9\" data-element_type=\"widget\" data-widget_type=\"text-editor.default\">\n\t\t\t\t<div class=\"elementor-widget-container\">\n\t\t\t\t\t\t\t<ul><li><strong>Associado<\/strong> 240<\/li><li><strong>Email:<\/strong> geral@contaqua.pt<\/li><li><strong>Site:<\/strong> <a href=\"https:\/\/www.contaqua.pt\/\" target=\"_blank\" rel=\"noopener\">https:\/\/www.contaqua.pt\/<\/a><\/li><\/ul>\t\t\t\t\t\t<\/div>\n\t\t\t\t<\/div>\n\t\t\t\t\t<\/div>\n\t\t<\/div>\n\t\t\t\t<div class=\"elementor-column elementor-col-25 elementor-top-column elementor-element elementor-element-50c7d005 elementor-hidden-tablet elementor-hidden-mobile\" data-id=\"50c7d005\" data-element_type=\"column\">\n\t\t\t<div class=\"elementor-widget-wrap\">\n\t\t\t\t\t\t\t<\/div>\n\t\t<\/div>\n\t\t\t\t\t<\/div>\n\t\t<\/section>\n\t\t\t\t<section class=\"elementor-section elementor-top-section elementor-element elementor-element-59404f56 elementor-section-boxed elementor-section-height-default elementor-section-height-default\" data-id=\"59404f56\" data-element_type=\"section\">\n\t\t\t\t\t\t<div class=\"elementor-container elementor-column-gap-no\">\n\t\t\t\t\t<div class=\"elementor-column elementor-col-100 elementor-top-column elementor-element elementor-element-3f07f373\" data-id=\"3f07f373\" data-element_type=\"column\">\n\t\t\t<div class=\"elementor-widget-wrap elementor-element-populated\">\n\t\t\t\t\t\t<div class=\"elementor-element elementor-element-32dca944 elementor-widget elementor-widget-global elementor-global-500 elementor-widget-spacer\" data-id=\"32dca944\" data-element_type=\"widget\" data-widget_type=\"spacer.default\">\n\t\t\t\t<div class=\"elementor-widget-container\">\n\t\t\t\t\t<div class=\"elementor-spacer\">\n\t\t\t<div class=\"elementor-spacer-inner\"><\/div>\n\t\t<\/div>\n\t\t\t\t<\/div>\n\t\t\t\t<\/div>\n\t\t\t\t\t<\/div>\n\t\t<\/div>\n\t\t\t\t\t<\/div>\n\t\t<\/section>\n\t\t\t\t<\/div>\n\t\t","protected":false},"excerpt":{"rendered":"<p>Associados da APRH Contaqua &#8211; Solu\u00e7\u00f5es e Equipamentos para \u00c1gua, Lda. Associado 240 Email: geral@contaqua.pt Site: https:\/\/www.contaqua.pt\/<\/p>\n","protected":false},"author":2,"featured_media":0,"parent":150,"menu_order":0,"comment_status":"closed","ping_status":"closed","template":"","meta":{"footnotes":""},"class_list":["post-69353","page","type-page","status-publish","hentry"],"yoast_head":"<!-- This site is optimized with the Yoast SEO plugin v23.8 - https:\/\/yoast.com\/wordpress\/plugins\/seo\/ -->\n<title>Contaqua - Solu\u00e7\u00f5es e Equipamentos para \u00c1gua, Lda. - APRH<\/title>\n<meta name=\"robots\" content=\"index, follow, max-snippet:-1, max-image-preview:large, max-video-preview:-1\" \/>\n<link rel=\"canonical\" href=\"https:\/\/aprh.pt\/pt\/socios\/perfis\/contaqua-solucoes-e-equipamentos-para-agua-lda\/\" \/>\n<meta property=\"og:locale\" content=\"pt_PT\" \/>\n<meta property=\"og:type\" content=\"article\" \/>\n<meta property=\"og:title\" content=\"Contaqua - Solu\u00e7\u00f5es e Equipamentos para \u00c1gua, Lda. - APRH\" \/>\n<meta property=\"og:description\" content=\"Associados da APRH Contaqua &#8211; Solu\u00e7\u00f5es e Equipamentos para \u00c1gua, Lda. Associado 240 Email: geral@contaqua.pt Site: https:\/\/www.contaqua.pt\/\" \/>\n<meta property=\"og:url\" content=\"https:\/\/aprh.pt\/pt\/socios\/perfis\/contaqua-solucoes-e-equipamentos-para-agua-lda\/\" \/>\n<meta property=\"og:site_name\" content=\"APRH\" \/>\n<meta property=\"article:modified_time\" content=\"2023-09-22T10:17:14+00:00\" \/>\n<meta property=\"og:image\" content=\"https:\/\/www.aprh.pt\/wp-content\/uploads\/2023\/09\/contaqua-300x70.png\" \/>\n<meta name=\"twitter:card\" content=\"summary_large_image\" \/>\n<meta name=\"twitter:label1\" content=\"Tempo estimado de leitura\" \/>\n\t<meta name=\"twitter:data1\" content=\"1 minuto\" \/>\n<script type=\"application\/ld+json\" class=\"yoast-schema-graph\">{\"@context\":\"https:\/\/schema.org\",\"@graph\":[{\"@type\":\"WebPage\",\"@id\":\"https:\/\/aprh.pt\/pt\/socios\/perfis\/contaqua-solucoes-e-equipamentos-para-agua-lda\/\",\"url\":\"https:\/\/aprh.pt\/pt\/socios\/perfis\/contaqua-solucoes-e-equipamentos-para-agua-lda\/\",\"name\":\"Contaqua - Solu\u00e7\u00f5es e Equipamentos para \u00c1gua, Lda. - APRH\",\"isPartOf\":{\"@id\":\"https:\/\/aprh.pt\/pt\/#website\"},\"primaryImageOfPage\":{\"@id\":\"https:\/\/aprh.pt\/pt\/socios\/perfis\/contaqua-solucoes-e-equipamentos-para-agua-lda\/#primaryimage\"},\"image\":{\"@id\":\"https:\/\/aprh.pt\/pt\/socios\/perfis\/contaqua-solucoes-e-equipamentos-para-agua-lda\/#primaryimage\"},\"thumbnailUrl\":\"https:\/\/www.aprh.pt\/wp-content\/uploads\/2023\/09\/contaqua-300x70.png\",\"datePublished\":\"2023-09-22T10:14:40+00:00\",\"dateModified\":\"2023-09-22T10:17:14+00:00\",\"breadcrumb\":{\"@id\":\"https:\/\/aprh.pt\/pt\/socios\/perfis\/contaqua-solucoes-e-equipamentos-para-agua-lda\/#breadcrumb\"},\"inLanguage\":\"pt-PT\",\"potentialAction\":[{\"@type\":\"ReadAction\",\"target\":[\"https:\/\/aprh.pt\/pt\/socios\/perfis\/contaqua-solucoes-e-equipamentos-para-agua-lda\/\"]}]},{\"@type\":\"ImageObject\",\"inLanguage\":\"pt-PT\",\"@id\":\"https:\/\/aprh.pt\/pt\/socios\/perfis\/contaqua-solucoes-e-equipamentos-para-agua-lda\/#primaryimage\",\"url\":\"https:\/\/www.aprh.pt\/wp-content\/uploads\/2023\/09\/contaqua-300x70.png\",\"contentUrl\":\"https:\/\/www.aprh.pt\/wp-content\/uploads\/2023\/09\/contaqua-300x70.png\"},{\"@type\":\"BreadcrumbList\",\"@id\":\"https:\/\/aprh.pt\/pt\/socios\/perfis\/contaqua-solucoes-e-equipamentos-para-agua-lda\/#breadcrumb\",\"itemListElement\":[{\"@type\":\"ListItem\",\"position\":1,\"name\":\"Home\",\"item\":\"https:\/\/aprh.pt\/pt\/\"},{\"@type\":\"ListItem\",\"position\":2,\"name\":\"Associados\",\"item\":\"https:\/\/aprh.pt\/pt\/socios\/\"},{\"@type\":\"ListItem\",\"position\":3,\"name\":\"Perfis\",\"item\":\"https:\/\/aprh.pt\/pt\/socios\/perfis\/\"},{\"@type\":\"ListItem\",\"position\":4,\"name\":\"Contaqua &#8211; Solu\u00e7\u00f5es e Equipamentos para \u00c1gua, Lda.\"}]},{\"@type\":\"WebSite\",\"@id\":\"https:\/\/aprh.pt\/pt\/#website\",\"url\":\"https:\/\/aprh.pt\/pt\/\",\"name\":\"APRH\",\"description\":\"Associa\u00e7\u00e3o Portuguesa dos Recursos H\u00eddricos\",\"publisher\":{\"@id\":\"https:\/\/aprh.pt\/pt\/#organization\"},\"potentialAction\":[{\"@type\":\"SearchAction\",\"target\":{\"@type\":\"EntryPoint\",\"urlTemplate\":\"https:\/\/aprh.pt\/pt\/?s={search_term_string}\"},\"query-input\":{\"@type\":\"PropertyValueSpecification\",\"valueRequired\":true,\"valueName\":\"search_term_string\"}}],\"inLanguage\":\"pt-PT\"},{\"@type\":\"Organization\",\"@id\":\"https:\/\/aprh.pt\/pt\/#organization\",\"name\":\"APRH\",\"url\":\"https:\/\/aprh.pt\/pt\/\",\"logo\":{\"@type\":\"ImageObject\",\"inLanguage\":\"pt-PT\",\"@id\":\"https:\/\/aprh.pt\/pt\/#\/schema\/logo\/image\/\",\"url\":\"https:\/\/aprh.pt\/wp-content\/uploads\/2022\/04\/logotipo.png\",\"contentUrl\":\"https:\/\/aprh.pt\/wp-content\/uploads\/2022\/04\/logotipo.png\",\"width\":181,\"height\":80,\"caption\":\"APRH\"},\"image\":{\"@id\":\"https:\/\/aprh.pt\/pt\/#\/schema\/logo\/image\/\"}}]}<\/script>\n<!-- \/ Yoast SEO plugin. -->","yoast_head_json":{"title":"Contaqua - Solu\u00e7\u00f5es e Equipamentos para \u00c1gua, Lda. - APRH","robots":{"index":"index","follow":"follow","max-snippet":"max-snippet:-1","max-image-preview":"max-image-preview:large","max-video-preview":"max-video-preview:-1"},"canonical":"https:\/\/aprh.pt\/pt\/socios\/perfis\/contaqua-solucoes-e-equipamentos-para-agua-lda\/","og_locale":"pt_PT","og_type":"article","og_title":"Contaqua - Solu\u00e7\u00f5es e Equipamentos para \u00c1gua, Lda. - APRH","og_description":"Associados da APRH Contaqua &#8211; Solu\u00e7\u00f5es e Equipamentos para \u00c1gua, Lda. Associado 240 Email: geral@contaqua.pt Site: https:\/\/www.contaqua.pt\/","og_url":"https:\/\/aprh.pt\/pt\/socios\/perfis\/contaqua-solucoes-e-equipamentos-para-agua-lda\/","og_site_name":"APRH","article_modified_time":"2023-09-22T10:17:14+00:00","og_image":[{"url":"https:\/\/www.aprh.pt\/wp-content\/uploads\/2023\/09\/contaqua-300x70.png"}],"twitter_card":"summary_large_image","twitter_misc":{"Tempo estimado de leitura":"1 minuto"},"schema":{"@context":"https:\/\/schema.org","@graph":[{"@type":"WebPage","@id":"https:\/\/aprh.pt\/pt\/socios\/perfis\/contaqua-solucoes-e-equipamentos-para-agua-lda\/","url":"https:\/\/aprh.pt\/pt\/socios\/perfis\/contaqua-solucoes-e-equipamentos-para-agua-lda\/","name":"Contaqua - Solu\u00e7\u00f5es e Equipamentos para \u00c1gua, Lda. - APRH","isPartOf":{"@id":"https:\/\/aprh.pt\/pt\/#website"},"primaryImageOfPage":{"@id":"https:\/\/aprh.pt\/pt\/socios\/perfis\/contaqua-solucoes-e-equipamentos-para-agua-lda\/#primaryimage"},"image":{"@id":"https:\/\/aprh.pt\/pt\/socios\/perfis\/contaqua-solucoes-e-equipamentos-para-agua-lda\/#primaryimage"},"thumbnailUrl":"https:\/\/www.aprh.pt\/wp-content\/uploads\/2023\/09\/contaqua-300x70.png","datePublished":"2023-09-22T10:14:40+00:00","dateModified":"2023-09-22T10:17:14+00:00","breadcrumb":{"@id":"https:\/\/aprh.pt\/pt\/socios\/perfis\/contaqua-solucoes-e-equipamentos-para-agua-lda\/#breadcrumb"},"inLanguage":"pt-PT","potentialAction":[{"@type":"ReadAction","target":["https:\/\/aprh.pt\/pt\/socios\/perfis\/contaqua-solucoes-e-equipamentos-para-agua-lda\/"]}]},{"@type":"ImageObject","inLanguage":"pt-PT","@id":"https:\/\/aprh.pt\/pt\/socios\/perfis\/contaqua-solucoes-e-equipamentos-para-agua-lda\/#primaryimage","url":"https:\/\/www.aprh.pt\/wp-content\/uploads\/2023\/09\/contaqua-300x70.png","contentUrl":"https:\/\/www.aprh.pt\/wp-content\/uploads\/2023\/09\/contaqua-300x70.png"},{"@type":"BreadcrumbList","@id":"https:\/\/aprh.pt\/pt\/socios\/perfis\/contaqua-solucoes-e-equipamentos-para-agua-lda\/#breadcrumb","itemListElement":[{"@type":"ListItem","position":1,"name":"Home","item":"https:\/\/aprh.pt\/pt\/"},{"@type":"ListItem","position":2,"name":"Associados","item":"https:\/\/aprh.pt\/pt\/socios\/"},{"@type":"ListItem","position":3,"name":"Perfis","item":"https:\/\/aprh.pt\/pt\/socios\/perfis\/"},{"@type":"ListItem","position":4,"name":"Contaqua &#8211; Solu\u00e7\u00f5es e Equipamentos para \u00c1gua, Lda."}]},{"@type":"WebSite","@id":"https:\/\/aprh.pt\/pt\/#website","url":"https:\/\/aprh.pt\/pt\/","name":"APRH","description":"Associa\u00e7\u00e3o Portuguesa dos Recursos H\u00eddricos","publisher":{"@id":"https:\/\/aprh.pt\/pt\/#organization"},"potentialAction":[{"@type":"SearchAction","target":{"@type":"EntryPoint","urlTemplate":"https:\/\/aprh.pt\/pt\/?s={search_term_string}"},"query-input":{"@type":"PropertyValueSpecification","valueRequired":true,"valueName":"search_term_string"}}],"inLanguage":"pt-PT"},{"@type":"Organization","@id":"https:\/\/aprh.pt\/pt\/#organization","name":"APRH","url":"https:\/\/aprh.pt\/pt\/","logo":{"@type":"ImageObject","inLanguage":"pt-PT","@id":"https:\/\/aprh.pt\/pt\/#\/schema\/logo\/image\/","url":"https:\/\/aprh.pt\/wp-content\/uploads\/2022\/04\/logotipo.png","contentUrl":"https:\/\/aprh.pt\/wp-content\/uploads\/2022\/04\/logotipo.png","width":181,"height":80,"caption":"APRH"},"image":{"@id":"https:\/\/aprh.pt\/pt\/#\/schema\/logo\/image\/"}}]}},"_links":{"self":[{"href":"https:\/\/aprh.pt\/pt\/wp-json\/wp\/v2\/pages\/69353","targetHints":{"allow":["GET"]}}],"collection":[{"href":"https:\/\/aprh.pt\/pt\/wp-json\/wp\/v2\/pages"}],"about":[{"href":"https:\/\/aprh.pt\/pt\/wp-json\/wp\/v2\/types\/page"}],"author":[{"embeddable":true,"href":"https:\/\/aprh.pt\/pt\/wp-json\/wp\/v2\/users\/2"}],"replies":[{"embeddable":true,"href":"https:\/\/aprh.pt\/pt\/wp-json\/wp\/v2\/comments?post=69353"}],"version-history":[{"count":4,"href":"https:\/\/aprh.pt\/pt\/wp-json\/wp\/v2\/pages\/69353\/revisions"}],"predecessor-version":[{"id":69359,"href":"https:\/\/aprh.pt\/pt\/wp-json\/wp\/v2\/pages\/69353\/revisions\/69359"}],"up":[{"embeddable":true,"href":"https:\/\/aprh.pt\/pt\/wp-json\/wp\/v2\/pages\/150"}],"wp:attachment":[{"href":"https:\/\/aprh.pt\/pt\/wp-json\/wp\/v2\/media?parent=69353"}],"curies":[{"name":"wp","href":"https:\/\/api.w.org\/{rel}","templated":true}]}}