{"id":69902,"date":"2023-11-10T14:21:20","date_gmt":"2023-11-10T14:21:20","guid":{"rendered":"https:\/\/www.aprh.pt\/?page_id=69902"},"modified":"2023-11-10T14:27:54","modified_gmt":"2023-11-10T14:27:54","slug":"maria-adriana-cardoso","status":"publish","type":"page","link":"https:\/\/aprh.pt\/pt\/socios\/perfis\/maria-adriana-cardoso\/","title":{"rendered":"Maria Adriana Cardoso"},"content":{"rendered":"\t\t<div data-elementor-type=\"wp-page\" data-elementor-id=\"69902\" class=\"elementor elementor-69902\" data-elementor-post-type=\"page\">\n\t\t\t\t\t\t<section class=\"elementor-section elementor-top-section elementor-element elementor-element-77bb68f9 elementor-section-boxed elementor-section-height-default elementor-section-height-default\" data-id=\"77bb68f9\" data-element_type=\"section\">\n\t\t\t\t\t\t<div class=\"elementor-container elementor-column-gap-no\">\n\t\t\t\t\t<div class=\"elementor-column elementor-col-100 elementor-top-column elementor-element elementor-element-6b613b40\" data-id=\"6b613b40\" data-element_type=\"column\">\n\t\t\t<div class=\"elementor-widget-wrap elementor-element-populated\">\n\t\t\t\t\t\t<div class=\"elementor-element elementor-element-5091a413 elementor-widget elementor-widget-global elementor-global-475 elementor-widget-spacer\" data-id=\"5091a413\" data-element_type=\"widget\" data-widget_type=\"spacer.default\">\n\t\t\t\t<div class=\"elementor-widget-container\">\n\t\t\t\t\t<div class=\"elementor-spacer\">\n\t\t\t<div class=\"elementor-spacer-inner\"><\/div>\n\t\t<\/div>\n\t\t\t\t<\/div>\n\t\t\t\t<\/div>\n\t\t\t\t\t<\/div>\n\t\t<\/div>\n\t\t\t\t\t<\/div>\n\t\t<\/section>\n\t\t\t\t<section class=\"elementor-section elementor-top-section elementor-element elementor-element-25d9c57d elementor-section-boxed elementor-section-height-default elementor-section-height-default\" data-id=\"25d9c57d\" data-element_type=\"section\">\n\t\t\t\t\t\t<div class=\"elementor-container elementor-column-gap-no\">\n\t\t\t\t\t<div class=\"elementor-column elementor-col-25 elementor-top-column elementor-element elementor-element-6afa5312\" data-id=\"6afa5312\" data-element_type=\"column\">\n\t\t\t<div class=\"elementor-widget-wrap elementor-element-populated\">\n\t\t\t\t\t\t<div class=\"elementor-element elementor-element-262ee6b1 elementor-widget elementor-widget-heading\" data-id=\"262ee6b1\" data-element_type=\"widget\" data-widget_type=\"heading.default\">\n\t\t\t\t<div class=\"elementor-widget-container\">\n\t\t\t<h2 class=\"elementor-heading-title elementor-size-default\">Associados da APRH<\/h2>\t\t<\/div>\n\t\t\t\t<\/div>\n\t\t\t\t\t<\/div>\n\t\t<\/div>\n\t\t\t\t<div class=\"elementor-column elementor-col-50 elementor-top-column elementor-element elementor-element-773ce207\" data-id=\"773ce207\" data-element_type=\"column\">\n\t\t\t<div class=\"elementor-widget-wrap elementor-element-populated\">\n\t\t\t\t\t\t<div class=\"elementor-element elementor-element-49ed20b8 elementor-widget elementor-widget-image\" data-id=\"49ed20b8\" data-element_type=\"widget\" data-widget_type=\"image.default\">\n\t\t\t\t<div class=\"elementor-widget-container\">\n\t\t\t\t\t\t\t\t\t\t\t\t\t<img fetchpriority=\"high\" decoding=\"async\" width=\"300\" height=\"200\" src=\"https:\/\/aprh.pt\/wp-content\/uploads\/2023\/11\/MariaAdrianaCardoso-Maria-Adriana-Cardoso-300x200.jpg\" class=\"attachment-medium size-medium wp-image-69905\" alt=\"\" srcset=\"https:\/\/aprh.pt\/wp-content\/uploads\/2023\/11\/MariaAdrianaCardoso-Maria-Adriana-Cardoso-300x200.jpg 300w, https:\/\/aprh.pt\/wp-content\/uploads\/2023\/11\/MariaAdrianaCardoso-Maria-Adriana-Cardoso.jpg 500w\" sizes=\"(max-width: 300px) 100vw, 300px\" \/>\t\t\t\t\t\t\t\t\t\t\t\t\t<\/div>\n\t\t\t\t<\/div>\n\t\t\t\t<div class=\"elementor-element elementor-element-ec63726 elementor-widget elementor-widget-heading\" data-id=\"ec63726\" data-element_type=\"widget\" data-widget_type=\"heading.default\">\n\t\t\t\t<div class=\"elementor-widget-container\">\n\t\t\t<h2 class=\"elementor-heading-title elementor-size-default\">Maria Adriana Cardoso<\/h2>\t\t<\/div>\n\t\t\t\t<\/div>\n\t\t\t\t<div class=\"elementor-element elementor-element-272b0e3 remover_marcadores elementor-widget elementor-widget-text-editor\" data-id=\"272b0e3\" data-element_type=\"widget\" data-widget_type=\"text-editor.default\">\n\t\t\t\t<div class=\"elementor-widget-container\">\n\t\t\t\t\t\t\t<ul><li><strong>Associado<\/strong> 828<\/li><li><strong>Email:<\/strong> <span data-sheets-value=\"{&quot;1&quot;:2,&quot;2&quot;:&quot;macardoso@lnec.pt&quot;}\" data-sheets-userformat=\"{&quot;2&quot;:513,&quot;3&quot;:{&quot;1&quot;:0},&quot;12&quot;:0}\">macardoso@lnec.pt<\/span><\/li><li><strong>Data de nascimento:<\/strong> <span data-sheets-value=\"{&quot;1&quot;:3,&quot;3&quot;:23424}\" data-sheets-userformat=\"{&quot;2&quot;:513,&quot;3&quot;:{&quot;1&quot;:5},&quot;12&quot;:0}\">1964\/02\/17<\/span><\/li><li><strong>Nacionalidade:<\/strong> Portuguesa<\/li><li><strong>Site:<\/strong> <a href=\"https:\/\/www.lnec.pt\/hidraulica-ambiente\/pt\/equipa\/maria-adriana-cardoso\/\" target=\"_blank\" rel=\"noopener\">https:\/\/www.lnec.pt\/hidraulica-ambiente\/pt\/equipa\/maria-adriana-cardoso\/<\/a><\/li><\/ul>\t\t\t\t\t\t<\/div>\n\t\t\t\t<\/div>\n\t\t\t\t<div class=\"elementor-element elementor-element-2ffd448f elementor-widget elementor-widget-heading\" data-id=\"2ffd448f\" data-element_type=\"widget\" data-widget_type=\"heading.default\">\n\t\t\t\t<div class=\"elementor-widget-container\">\n\t\t\t<h2 class=\"elementor-heading-title elementor-size-default\">Forma\u00e7\u00e3o<\/h2>\t\t<\/div>\n\t\t\t\t<\/div>\n\t\t\t\t<div class=\"elementor-element elementor-element-2499475a remover_marcadores elementor-widget elementor-widget-text-editor\" data-id=\"2499475a\" data-element_type=\"widget\" data-widget_type=\"text-editor.default\">\n\t\t\t\t<div class=\"elementor-widget-container\">\n\t\t\t\t\t\t\t<ul><li><strong>Curso:<\/strong> Licenciatura em Engenharia Civil<\/li><li><strong>Estabelecimento de ensino:<\/strong> IST<\/li><li><strong>Ano de conclus\u00e3o:<\/strong> &#8211;<\/li><li><strong>Graus acad\u00e9micos:<\/strong> <span data-sheets-value=\"{&quot;1&quot;:2,&quot;2&quot;:&quot;Mestrado Hidr\u00e1ulica e Recursos H\u00eddricos, Doutoramento Engenharia Civil&quot;}\" data-sheets-userformat=\"{&quot;2&quot;:513,&quot;3&quot;:{&quot;1&quot;:0},&quot;12&quot;:0}\">Mestrado Hidr\u00e1ulica e Recursos H\u00eddricos, Doutoramento Engenharia Civil<\/span><\/li><li><strong>Especializa\u00e7\u00f5es: <\/strong>&#8211;<\/li><\/ul>\t\t\t\t\t\t<\/div>\n\t\t\t\t<\/div>\n\t\t\t\t<div class=\"elementor-element elementor-element-7842df22 elementor-widget elementor-widget-heading\" data-id=\"7842df22\" data-element_type=\"widget\" data-widget_type=\"heading.default\">\n\t\t\t\t<div class=\"elementor-widget-container\">\n\t\t\t<h2 class=\"elementor-heading-title elementor-size-default\">Actividade profissional atual<\/h2>\t\t<\/div>\n\t\t\t\t<\/div>\n\t\t\t\t<div class=\"elementor-element elementor-element-4738565 remover_marcadores elementor-widget elementor-widget-text-editor\" data-id=\"4738565\" data-element_type=\"widget\" data-widget_type=\"text-editor.default\">\n\t\t\t\t<div class=\"elementor-widget-container\">\n\t\t\t\t\t\t\t<ul><li><strong>Entidade:<\/strong> LNEC<\/li><li><strong>Fun\u00e7\u00f5es:<\/strong> Investigadora Principal<\/li><\/ul>\t\t\t\t\t\t<\/div>\n\t\t\t\t<\/div>\n\t\t\t\t<div class=\"elementor-element elementor-element-241c7549 elementor-widget elementor-widget-heading\" data-id=\"241c7549\" data-element_type=\"widget\" data-widget_type=\"heading.default\">\n\t\t\t\t<div class=\"elementor-widget-container\">\n\t\t\t<h2 class=\"elementor-heading-title elementor-size-default\">\u00c1reas de interesse preferencial no dom\u00ednio dos recursos h\u00eddricos<\/h2>\t\t<\/div>\n\t\t\t\t<\/div>\n\t\t\t\t<div class=\"elementor-element elementor-element-23c23e2b remover_marcadores elementor-widget elementor-widget-text-editor\" data-id=\"23c23e2b\" data-element_type=\"widget\" data-widget_type=\"text-editor.default\">\n\t\t\t\t<div class=\"elementor-widget-container\">\n\t\t\t\t\t\t\t<p><span data-sheets-value=\"{&quot;1&quot;:2,&quot;2&quot;:&quot;Ciclo Urbano da \u00c1gua, resili\u00eancia clim\u00e1tica e circularidade, avalia\u00e7\u00e3o de desempenho, gest\u00e3o patrimonial de infraestruturas&quot;}\" data-sheets-userformat=\"{&quot;2&quot;:513,&quot;3&quot;:{&quot;1&quot;:0},&quot;12&quot;:0}\">Ciclo Urbano da \u00c1gua, resili\u00eancia clim\u00e1tica e circularidade, avalia\u00e7\u00e3o de desempenho, gest\u00e3o patrimonial de infraestruturas<\/span><\/p>\t\t\t\t\t\t<\/div>\n\t\t\t\t<\/div>\n\t\t\t\t<div class=\"elementor-element elementor-element-5cb68661 elementor-widget elementor-widget-heading\" data-id=\"5cb68661\" data-element_type=\"widget\" data-widget_type=\"heading.default\">\n\t\t\t\t<div class=\"elementor-widget-container\">\n\t\t\t<h2 class=\"elementor-heading-title elementor-size-default\">Principais associa\u00e7\u00f5es profissionais a que pertence<\/h2>\t\t<\/div>\n\t\t\t\t<\/div>\n\t\t\t\t<div class=\"elementor-element elementor-element-2a58b9f7 remover_marcadores elementor-widget elementor-widget-text-editor\" data-id=\"2a58b9f7\" data-element_type=\"widget\" data-widget_type=\"text-editor.default\">\n\t\t\t\t<div class=\"elementor-widget-container\">\n\t\t\t\t\t\t\t<p><span data-sheets-value=\"{&quot;1&quot;:2,&quot;2&quot;:&quot;APRH, APESB&quot;}\" data-sheets-userformat=\"{&quot;2&quot;:513,&quot;3&quot;:{&quot;1&quot;:0},&quot;12&quot;:0}\">APRH, APESB<\/span><\/p>\t\t\t\t\t\t<\/div>\n\t\t\t\t<\/div>\n\t\t\t\t\t<\/div>\n\t\t<\/div>\n\t\t\t\t<div class=\"elementor-column elementor-col-25 elementor-top-column elementor-element elementor-element-701162e8 elementor-hidden-tablet elementor-hidden-mobile\" data-id=\"701162e8\" data-element_type=\"column\">\n\t\t\t<div class=\"elementor-widget-wrap\">\n\t\t\t\t\t\t\t<\/div>\n\t\t<\/div>\n\t\t\t\t\t<\/div>\n\t\t<\/section>\n\t\t\t\t<section class=\"elementor-section elementor-top-section elementor-element elementor-element-5003a0e0 elementor-section-boxed elementor-section-height-default elementor-section-height-default\" data-id=\"5003a0e0\" data-element_type=\"section\">\n\t\t\t\t\t\t<div class=\"elementor-container elementor-column-gap-no\">\n\t\t\t\t\t<div class=\"elementor-column elementor-col-100 elementor-top-column elementor-element elementor-element-54f7e7c5\" data-id=\"54f7e7c5\" data-element_type=\"column\">\n\t\t\t<div class=\"elementor-widget-wrap elementor-element-populated\">\n\t\t\t\t\t\t<div class=\"elementor-element elementor-element-604b6655 elementor-widget elementor-widget-global elementor-global-500 elementor-widget-spacer\" data-id=\"604b6655\" data-element_type=\"widget\" data-widget_type=\"spacer.default\">\n\t\t\t\t<div class=\"elementor-widget-container\">\n\t\t\t\t\t<div class=\"elementor-spacer\">\n\t\t\t<div class=\"elementor-spacer-inner\"><\/div>\n\t\t<\/div>\n\t\t\t\t<\/div>\n\t\t\t\t<\/div>\n\t\t\t\t\t<\/div>\n\t\t<\/div>\n\t\t\t\t\t<\/div>\n\t\t<\/section>\n\t\t\t\t<\/div>\n\t\t","protected":false},"excerpt":{"rendered":"<p>Associados da APRH Maria Adriana Cardoso Associado 828 Email: macardoso@lnec.pt Data de nascimento: 1964\/02\/17 Nacionalidade: Portuguesa Site: https:\/\/www.lnec.pt\/hidraulica-ambiente\/pt\/equipa\/maria-adriana-cardoso\/ Forma\u00e7\u00e3o Curso: Licenciatura em Engenharia Civil Estabelecimento de ensino: IST Ano de conclus\u00e3o: &#8211; Graus acad\u00e9micos: Mestrado Hidr\u00e1ulica e Recursos H\u00eddricos, Doutoramento Engenharia Civil Especializa\u00e7\u00f5es: &#8211; Actividade profissional atual Entidade: LNEC Fun\u00e7\u00f5es: Investigadora Principal \u00c1reas de interesse [&hellip;]<\/p>\n","protected":false},"author":2,"featured_media":0,"parent":150,"menu_order":0,"comment_status":"closed","ping_status":"closed","template":"","meta":{"footnotes":""},"class_list":["post-69902","page","type-page","status-publish","hentry"],"yoast_head":"<!-- This site is optimized with the Yoast SEO plugin v23.8 - https:\/\/yoast.com\/wordpress\/plugins\/seo\/ -->\n<title>Maria Adriana Cardoso - APRH<\/title>\n<meta name=\"robots\" content=\"index, follow, max-snippet:-1, max-image-preview:large, max-video-preview:-1\" \/>\n<link rel=\"canonical\" href=\"https:\/\/aprh.pt\/pt\/socios\/perfis\/maria-adriana-cardoso\/\" \/>\n<meta property=\"og:locale\" content=\"pt_PT\" \/>\n<meta property=\"og:type\" content=\"article\" \/>\n<meta property=\"og:title\" content=\"Maria Adriana Cardoso - APRH\" \/>\n<meta property=\"og:description\" content=\"Associados da APRH Maria Adriana Cardoso Associado 828 Email: macardoso@lnec.pt Data de nascimento: 1964\/02\/17 Nacionalidade: Portuguesa Site: https:\/\/www.lnec.pt\/hidraulica-ambiente\/pt\/equipa\/maria-adriana-cardoso\/ Forma\u00e7\u00e3o Curso: Licenciatura em Engenharia Civil Estabelecimento de ensino: IST Ano de conclus\u00e3o: &#8211; Graus acad\u00e9micos: Mestrado Hidr\u00e1ulica e Recursos H\u00eddricos, Doutoramento Engenharia Civil Especializa\u00e7\u00f5es: &#8211; Actividade profissional atual Entidade: LNEC Fun\u00e7\u00f5es: Investigadora Principal \u00c1reas de interesse [&hellip;]\" \/>\n<meta property=\"og:url\" content=\"https:\/\/aprh.pt\/pt\/socios\/perfis\/maria-adriana-cardoso\/\" \/>\n<meta property=\"og:site_name\" content=\"APRH\" \/>\n<meta property=\"article:modified_time\" content=\"2023-11-10T14:27:54+00:00\" \/>\n<meta property=\"og:image\" content=\"https:\/\/www.aprh.pt\/wp-content\/uploads\/2023\/11\/MariaAdrianaCardoso-Maria-Adriana-Cardoso-300x200.jpg\" \/>\n<meta name=\"twitter:card\" content=\"summary_large_image\" \/>\n<meta name=\"twitter:label1\" content=\"Tempo estimado de leitura\" \/>\n\t<meta name=\"twitter:data1\" content=\"1 minuto\" \/>\n<script type=\"application\/ld+json\" class=\"yoast-schema-graph\">{\"@context\":\"https:\/\/schema.org\",\"@graph\":[{\"@type\":\"WebPage\",\"@id\":\"https:\/\/aprh.pt\/pt\/socios\/perfis\/maria-adriana-cardoso\/\",\"url\":\"https:\/\/aprh.pt\/pt\/socios\/perfis\/maria-adriana-cardoso\/\",\"name\":\"Maria Adriana Cardoso - APRH\",\"isPartOf\":{\"@id\":\"https:\/\/aprh.pt\/pt\/#website\"},\"primaryImageOfPage\":{\"@id\":\"https:\/\/aprh.pt\/pt\/socios\/perfis\/maria-adriana-cardoso\/#primaryimage\"},\"image\":{\"@id\":\"https:\/\/aprh.pt\/pt\/socios\/perfis\/maria-adriana-cardoso\/#primaryimage\"},\"thumbnailUrl\":\"https:\/\/www.aprh.pt\/wp-content\/uploads\/2023\/11\/MariaAdrianaCardoso-Maria-Adriana-Cardoso-300x200.jpg\",\"datePublished\":\"2023-11-10T14:21:20+00:00\",\"dateModified\":\"2023-11-10T14:27:54+00:00\",\"breadcrumb\":{\"@id\":\"https:\/\/aprh.pt\/pt\/socios\/perfis\/maria-adriana-cardoso\/#breadcrumb\"},\"inLanguage\":\"pt-PT\",\"potentialAction\":[{\"@type\":\"ReadAction\",\"target\":[\"https:\/\/aprh.pt\/pt\/socios\/perfis\/maria-adriana-cardoso\/\"]}]},{\"@type\":\"ImageObject\",\"inLanguage\":\"pt-PT\",\"@id\":\"https:\/\/aprh.pt\/pt\/socios\/perfis\/maria-adriana-cardoso\/#primaryimage\",\"url\":\"https:\/\/www.aprh.pt\/wp-content\/uploads\/2023\/11\/MariaAdrianaCardoso-Maria-Adriana-Cardoso-300x200.jpg\",\"contentUrl\":\"https:\/\/www.aprh.pt\/wp-content\/uploads\/2023\/11\/MariaAdrianaCardoso-Maria-Adriana-Cardoso-300x200.jpg\"},{\"@type\":\"BreadcrumbList\",\"@id\":\"https:\/\/aprh.pt\/pt\/socios\/perfis\/maria-adriana-cardoso\/#breadcrumb\",\"itemListElement\":[{\"@type\":\"ListItem\",\"position\":1,\"name\":\"Home\",\"item\":\"https:\/\/aprh.pt\/pt\/\"},{\"@type\":\"ListItem\",\"position\":2,\"name\":\"Associados\",\"item\":\"https:\/\/aprh.pt\/pt\/socios\/\"},{\"@type\":\"ListItem\",\"position\":3,\"name\":\"Perfis\",\"item\":\"https:\/\/aprh.pt\/pt\/socios\/perfis\/\"},{\"@type\":\"ListItem\",\"position\":4,\"name\":\"Maria Adriana Cardoso\"}]},{\"@type\":\"WebSite\",\"@id\":\"https:\/\/aprh.pt\/pt\/#website\",\"url\":\"https:\/\/aprh.pt\/pt\/\",\"name\":\"APRH\",\"description\":\"Associa\u00e7\u00e3o Portuguesa dos Recursos H\u00eddricos\",\"publisher\":{\"@id\":\"https:\/\/aprh.pt\/pt\/#organization\"},\"potentialAction\":[{\"@type\":\"SearchAction\",\"target\":{\"@type\":\"EntryPoint\",\"urlTemplate\":\"https:\/\/aprh.pt\/pt\/?s={search_term_string}\"},\"query-input\":{\"@type\":\"PropertyValueSpecification\",\"valueRequired\":true,\"valueName\":\"search_term_string\"}}],\"inLanguage\":\"pt-PT\"},{\"@type\":\"Organization\",\"@id\":\"https:\/\/aprh.pt\/pt\/#organization\",\"name\":\"APRH\",\"url\":\"https:\/\/aprh.pt\/pt\/\",\"logo\":{\"@type\":\"ImageObject\",\"inLanguage\":\"pt-PT\",\"@id\":\"https:\/\/aprh.pt\/pt\/#\/schema\/logo\/image\/\",\"url\":\"https:\/\/aprh.pt\/wp-content\/uploads\/2022\/04\/logotipo.png\",\"contentUrl\":\"https:\/\/aprh.pt\/wp-content\/uploads\/2022\/04\/logotipo.png\",\"width\":181,\"height\":80,\"caption\":\"APRH\"},\"image\":{\"@id\":\"https:\/\/aprh.pt\/pt\/#\/schema\/logo\/image\/\"}}]}<\/script>\n<!-- \/ Yoast SEO plugin. -->","yoast_head_json":{"title":"Maria Adriana Cardoso - APRH","robots":{"index":"index","follow":"follow","max-snippet":"max-snippet:-1","max-image-preview":"max-image-preview:large","max-video-preview":"max-video-preview:-1"},"canonical":"https:\/\/aprh.pt\/pt\/socios\/perfis\/maria-adriana-cardoso\/","og_locale":"pt_PT","og_type":"article","og_title":"Maria Adriana Cardoso - APRH","og_description":"Associados da APRH Maria Adriana Cardoso Associado 828 Email: macardoso@lnec.pt Data de nascimento: 1964\/02\/17 Nacionalidade: Portuguesa Site: https:\/\/www.lnec.pt\/hidraulica-ambiente\/pt\/equipa\/maria-adriana-cardoso\/ Forma\u00e7\u00e3o Curso: Licenciatura em Engenharia Civil Estabelecimento de ensino: IST Ano de conclus\u00e3o: &#8211; Graus acad\u00e9micos: Mestrado Hidr\u00e1ulica e Recursos H\u00eddricos, Doutoramento Engenharia Civil Especializa\u00e7\u00f5es: &#8211; Actividade profissional atual Entidade: LNEC Fun\u00e7\u00f5es: Investigadora Principal \u00c1reas de interesse [&hellip;]","og_url":"https:\/\/aprh.pt\/pt\/socios\/perfis\/maria-adriana-cardoso\/","og_site_name":"APRH","article_modified_time":"2023-11-10T14:27:54+00:00","og_image":[{"url":"https:\/\/www.aprh.pt\/wp-content\/uploads\/2023\/11\/MariaAdrianaCardoso-Maria-Adriana-Cardoso-300x200.jpg"}],"twitter_card":"summary_large_image","twitter_misc":{"Tempo estimado de leitura":"1 minuto"},"schema":{"@context":"https:\/\/schema.org","@graph":[{"@type":"WebPage","@id":"https:\/\/aprh.pt\/pt\/socios\/perfis\/maria-adriana-cardoso\/","url":"https:\/\/aprh.pt\/pt\/socios\/perfis\/maria-adriana-cardoso\/","name":"Maria Adriana Cardoso - APRH","isPartOf":{"@id":"https:\/\/aprh.pt\/pt\/#website"},"primaryImageOfPage":{"@id":"https:\/\/aprh.pt\/pt\/socios\/perfis\/maria-adriana-cardoso\/#primaryimage"},"image":{"@id":"https:\/\/aprh.pt\/pt\/socios\/perfis\/maria-adriana-cardoso\/#primaryimage"},"thumbnailUrl":"https:\/\/www.aprh.pt\/wp-content\/uploads\/2023\/11\/MariaAdrianaCardoso-Maria-Adriana-Cardoso-300x200.jpg","datePublished":"2023-11-10T14:21:20+00:00","dateModified":"2023-11-10T14:27:54+00:00","breadcrumb":{"@id":"https:\/\/aprh.pt\/pt\/socios\/perfis\/maria-adriana-cardoso\/#breadcrumb"},"inLanguage":"pt-PT","potentialAction":[{"@type":"ReadAction","target":["https:\/\/aprh.pt\/pt\/socios\/perfis\/maria-adriana-cardoso\/"]}]},{"@type":"ImageObject","inLanguage":"pt-PT","@id":"https:\/\/aprh.pt\/pt\/socios\/perfis\/maria-adriana-cardoso\/#primaryimage","url":"https:\/\/www.aprh.pt\/wp-content\/uploads\/2023\/11\/MariaAdrianaCardoso-Maria-Adriana-Cardoso-300x200.jpg","contentUrl":"https:\/\/www.aprh.pt\/wp-content\/uploads\/2023\/11\/MariaAdrianaCardoso-Maria-Adriana-Cardoso-300x200.jpg"},{"@type":"BreadcrumbList","@id":"https:\/\/aprh.pt\/pt\/socios\/perfis\/maria-adriana-cardoso\/#breadcrumb","itemListElement":[{"@type":"ListItem","position":1,"name":"Home","item":"https:\/\/aprh.pt\/pt\/"},{"@type":"ListItem","position":2,"name":"Associados","item":"https:\/\/aprh.pt\/pt\/socios\/"},{"@type":"ListItem","position":3,"name":"Perfis","item":"https:\/\/aprh.pt\/pt\/socios\/perfis\/"},{"@type":"ListItem","position":4,"name":"Maria Adriana Cardoso"}]},{"@type":"WebSite","@id":"https:\/\/aprh.pt\/pt\/#website","url":"https:\/\/aprh.pt\/pt\/","name":"APRH","description":"Associa\u00e7\u00e3o Portuguesa dos Recursos H\u00eddricos","publisher":{"@id":"https:\/\/aprh.pt\/pt\/#organization"},"potentialAction":[{"@type":"SearchAction","target":{"@type":"EntryPoint","urlTemplate":"https:\/\/aprh.pt\/pt\/?s={search_term_string}"},"query-input":{"@type":"PropertyValueSpecification","valueRequired":true,"valueName":"search_term_string"}}],"inLanguage":"pt-PT"},{"@type":"Organization","@id":"https:\/\/aprh.pt\/pt\/#organization","name":"APRH","url":"https:\/\/aprh.pt\/pt\/","logo":{"@type":"ImageObject","inLanguage":"pt-PT","@id":"https:\/\/aprh.pt\/pt\/#\/schema\/logo\/image\/","url":"https:\/\/aprh.pt\/wp-content\/uploads\/2022\/04\/logotipo.png","contentUrl":"https:\/\/aprh.pt\/wp-content\/uploads\/2022\/04\/logotipo.png","width":181,"height":80,"caption":"APRH"},"image":{"@id":"https:\/\/aprh.pt\/pt\/#\/schema\/logo\/image\/"}}]}},"_links":{"self":[{"href":"https:\/\/aprh.pt\/pt\/wp-json\/wp\/v2\/pages\/69902","targetHints":{"allow":["GET"]}}],"collection":[{"href":"https:\/\/aprh.pt\/pt\/wp-json\/wp\/v2\/pages"}],"about":[{"href":"https:\/\/aprh.pt\/pt\/wp-json\/wp\/v2\/types\/page"}],"author":[{"embeddable":true,"href":"https:\/\/aprh.pt\/pt\/wp-json\/wp\/v2\/users\/2"}],"replies":[{"embeddable":true,"href":"https:\/\/aprh.pt\/pt\/wp-json\/wp\/v2\/comments?post=69902"}],"version-history":[{"count":5,"href":"https:\/\/aprh.pt\/pt\/wp-json\/wp\/v2\/pages\/69902\/revisions"}],"predecessor-version":[{"id":69910,"href":"https:\/\/aprh.pt\/pt\/wp-json\/wp\/v2\/pages\/69902\/revisions\/69910"}],"up":[{"embeddable":true,"href":"https:\/\/aprh.pt\/pt\/wp-json\/wp\/v2\/pages\/150"}],"wp:attachment":[{"href":"https:\/\/aprh.pt\/pt\/wp-json\/wp\/v2\/media?parent=69902"}],"curies":[{"name":"wp","href":"https:\/\/api.w.org\/{rel}","templated":true}]}}