{"id":70731,"date":"2024-01-09T14:59:15","date_gmt":"2024-01-09T14:59:15","guid":{"rendered":"https:\/\/www.aprh.pt\/?page_id=70731"},"modified":"2024-01-11T15:26:10","modified_gmt":"2024-01-11T15:26:10","slug":"afonso-barbosa","status":"publish","type":"page","link":"https:\/\/aprh.pt\/pt\/socios\/perfis\/afonso-barbosa\/","title":{"rendered":"Afonso Barbosa"},"content":{"rendered":"\t\t<div data-elementor-type=\"wp-page\" data-elementor-id=\"70731\" class=\"elementor elementor-70731\" data-elementor-post-type=\"page\">\n\t\t\t\t\t\t<section class=\"elementor-section elementor-top-section elementor-element elementor-element-4eb9e6c5 elementor-section-boxed elementor-section-height-default elementor-section-height-default\" data-id=\"4eb9e6c5\" data-element_type=\"section\">\n\t\t\t\t\t\t<div class=\"elementor-container elementor-column-gap-no\">\n\t\t\t\t\t<div class=\"elementor-column elementor-col-100 elementor-top-column elementor-element elementor-element-f5c6b66\" data-id=\"f5c6b66\" data-element_type=\"column\">\n\t\t\t<div class=\"elementor-widget-wrap elementor-element-populated\">\n\t\t\t\t\t\t<div class=\"elementor-element elementor-element-42046c7f elementor-widget elementor-widget-global elementor-global-475 elementor-widget-spacer\" data-id=\"42046c7f\" data-element_type=\"widget\" data-widget_type=\"spacer.default\">\n\t\t\t\t<div class=\"elementor-widget-container\">\n\t\t\t\t\t<div class=\"elementor-spacer\">\n\t\t\t<div class=\"elementor-spacer-inner\"><\/div>\n\t\t<\/div>\n\t\t\t\t<\/div>\n\t\t\t\t<\/div>\n\t\t\t\t\t<\/div>\n\t\t<\/div>\n\t\t\t\t\t<\/div>\n\t\t<\/section>\n\t\t\t\t<section class=\"elementor-section elementor-top-section elementor-element elementor-element-112c75f2 elementor-section-boxed elementor-section-height-default elementor-section-height-default\" data-id=\"112c75f2\" data-element_type=\"section\">\n\t\t\t\t\t\t<div class=\"elementor-container elementor-column-gap-no\">\n\t\t\t\t\t<div class=\"elementor-column elementor-col-25 elementor-top-column elementor-element elementor-element-10423f49\" data-id=\"10423f49\" data-element_type=\"column\">\n\t\t\t<div class=\"elementor-widget-wrap elementor-element-populated\">\n\t\t\t\t\t\t<div class=\"elementor-element elementor-element-3dd6d8fb elementor-widget elementor-widget-heading\" data-id=\"3dd6d8fb\" data-element_type=\"widget\" data-widget_type=\"heading.default\">\n\t\t\t\t<div class=\"elementor-widget-container\">\n\t\t\t<h2 class=\"elementor-heading-title elementor-size-default\">Associados da APRH<\/h2>\t\t<\/div>\n\t\t\t\t<\/div>\n\t\t\t\t\t<\/div>\n\t\t<\/div>\n\t\t\t\t<div class=\"elementor-column elementor-col-50 elementor-top-column elementor-element elementor-element-33e78b43\" data-id=\"33e78b43\" data-element_type=\"column\">\n\t\t\t<div class=\"elementor-widget-wrap elementor-element-populated\">\n\t\t\t\t\t\t<div class=\"elementor-element elementor-element-f6340f4 elementor-widget elementor-widget-image\" data-id=\"f6340f4\" data-element_type=\"widget\" data-widget_type=\"image.default\">\n\t\t\t\t<div class=\"elementor-widget-container\">\n\t\t\t\t\t\t\t\t\t\t\t\t\t<img fetchpriority=\"high\" decoding=\"async\" width=\"300\" height=\"229\" src=\"https:\/\/aprh.pt\/wp-content\/uploads\/2024\/01\/afonso-barbosa-300x229.jpg\" class=\"attachment-medium size-medium wp-image-70839\" alt=\"\" srcset=\"https:\/\/aprh.pt\/wp-content\/uploads\/2024\/01\/afonso-barbosa-300x229.jpg 300w, https:\/\/aprh.pt\/wp-content\/uploads\/2024\/01\/afonso-barbosa.jpg 429w\" sizes=\"(max-width: 300px) 100vw, 300px\" \/>\t\t\t\t\t\t\t\t\t\t\t\t\t<\/div>\n\t\t\t\t<\/div>\n\t\t\t\t<div class=\"elementor-element elementor-element-39111230 elementor-widget elementor-widget-heading\" data-id=\"39111230\" data-element_type=\"widget\" data-widget_type=\"heading.default\">\n\t\t\t\t<div class=\"elementor-widget-container\">\n\t\t\t<h2 class=\"elementor-heading-title elementor-size-default\">Afonso Manuel Pinto da Rocha Barbosa<\/h2>\t\t<\/div>\n\t\t\t\t<\/div>\n\t\t\t\t<div class=\"elementor-element elementor-element-314fabbb remover_marcadores elementor-widget elementor-widget-text-editor\" data-id=\"314fabbb\" data-element_type=\"widget\" data-widget_type=\"text-editor.default\">\n\t\t\t\t<div class=\"elementor-widget-container\">\n\t\t\t\t\t\t\t<ul><li><strong>Associado<\/strong> 1632<\/li><li><strong>Email:<\/strong> afonso.barbosa@engenheiros.pt<\/li><li><strong>Data de nascimento:<\/strong> 1981\/04\/06<\/li><li><strong>Nacionalidade:<\/strong> Portuguesa<\/li><\/ul>\t\t\t\t\t\t<\/div>\n\t\t\t\t<\/div>\n\t\t\t\t<div class=\"elementor-element elementor-element-af76c54 elementor-widget elementor-widget-heading\" data-id=\"af76c54\" data-element_type=\"widget\" data-widget_type=\"heading.default\">\n\t\t\t\t<div class=\"elementor-widget-container\">\n\t\t\t<h2 class=\"elementor-heading-title elementor-size-default\">Forma\u00e7\u00e3o<\/h2>\t\t<\/div>\n\t\t\t\t<\/div>\n\t\t\t\t<div class=\"elementor-element elementor-element-73546cdd remover_marcadores elementor-widget elementor-widget-text-editor\" data-id=\"73546cdd\" data-element_type=\"widget\" data-widget_type=\"text-editor.default\">\n\t\t\t\t<div class=\"elementor-widget-container\">\n\t\t\t\t\t\t\t<ul><li><strong>Curso:<\/strong> Engenharia Civil (Hidr\u00e1ulica)<\/li><li><strong>Estabelecimento de ensino:<\/strong> Universidade do Minho<\/li><li><strong>Ano de conclus\u00e3o:<\/strong> 2005\/02\/05<\/li><li><strong>Graus acad\u00e9micos:<\/strong> Licenciatura e Mestrado<\/li><li><strong>Especializa\u00e7\u00f5es:<\/strong> Hidr\u00e1ulica e Recursos H\u00eddricos e em Engenharia Sanit\u00e1ria (OE)<\/li><\/ul>\t\t\t\t\t\t<\/div>\n\t\t\t\t<\/div>\n\t\t\t\t<div class=\"elementor-element elementor-element-3e27b323 elementor-widget elementor-widget-heading\" data-id=\"3e27b323\" data-element_type=\"widget\" data-widget_type=\"heading.default\">\n\t\t\t\t<div class=\"elementor-widget-container\">\n\t\t\t<h2 class=\"elementor-heading-title elementor-size-default\">Actividade profissional atual<\/h2>\t\t<\/div>\n\t\t\t\t<\/div>\n\t\t\t\t<div class=\"elementor-element elementor-element-28062edd remover_marcadores elementor-widget elementor-widget-text-editor\" data-id=\"28062edd\" data-element_type=\"widget\" data-widget_type=\"text-editor.default\">\n\t\t\t\t<div class=\"elementor-widget-container\">\n\t\t\t\t\t\t\t<ul><li><strong>Entidade:<\/strong> AdAM \u2013 \u00c1guas do Alto Minho, S.A. (Grupo AdP)<\/li><li><strong>Fun\u00e7\u00f5es:<\/strong> T\u00e9cnico Superior de Obras e Projetos da Dire\u00e7\u00e3o de Engenharia e Gest\u00e3o de Ativos<\/li><\/ul>\t\t\t\t\t\t<\/div>\n\t\t\t\t<\/div>\n\t\t\t\t<div class=\"elementor-element elementor-element-148bc0b6 elementor-widget elementor-widget-heading\" data-id=\"148bc0b6\" data-element_type=\"widget\" data-widget_type=\"heading.default\">\n\t\t\t\t<div class=\"elementor-widget-container\">\n\t\t\t<h2 class=\"elementor-heading-title elementor-size-default\">Actividade profissional anterior relacionada com os recursos h\u00eddricos<\/h2>\t\t<\/div>\n\t\t\t\t<\/div>\n\t\t\t\t<div class=\"elementor-element elementor-element-ec13e8a remover_marcadores elementor-widget elementor-widget-text-editor\" data-id=\"ec13e8a\" data-element_type=\"widget\" data-widget_type=\"text-editor.default\">\n\t\t\t\t<div class=\"elementor-widget-container\">\n\t\t\t\t\t\t\t<ul><li><strong>Entidade:<\/strong> AdNorte &#8211; \u00c1guas do Norte, S.A. (Grupo AdP)<\/li><li><strong>Fun\u00e7\u00f5es:<\/strong> T\u00e9cnico Superior de Gest\u00e3o de Projetos H\u00eddricos da Dire\u00e7\u00e3o de Gest\u00e3o de Ativos e <span style=\"letter-spacing: -.1pt;\">Engenharia<\/span><\/li><\/ul>\t\t\t\t\t\t<\/div>\n\t\t\t\t<\/div>\n\t\t\t\t<div class=\"elementor-element elementor-element-44e051c remover_marcadores elementor-widget elementor-widget-text-editor\" data-id=\"44e051c\" data-element_type=\"widget\" data-widget_type=\"text-editor.default\">\n\t\t\t\t<div class=\"elementor-widget-container\">\n\t\t\t\t\t\t\t<ul><li><strong>Entidade:<\/strong> Extintas AdNw &#8211; \u00c1guas do Noroeste, S.A., AdC &#8211; \u00c1guas do C\u00e1vado, S.A. e AdML &#8211; \u00c1guas do Minho e Lima, S.A. (Grupo AdP)<\/li><li><strong>Fun\u00e7\u00f5es:<\/strong> T\u00e9cnico Superior nos Departamentos de Estudos e Planeamento e de Gest\u00e3o de Obras da Dire\u00e7\u00e3o de Engenharia<\/li><\/ul>\t\t\t\t\t\t<\/div>\n\t\t\t\t<\/div>\n\t\t\t\t<div class=\"elementor-element elementor-element-128e68a elementor-widget elementor-widget-heading\" data-id=\"128e68a\" data-element_type=\"widget\" data-widget_type=\"heading.default\">\n\t\t\t\t<div class=\"elementor-widget-container\">\n\t\t\t<h2 class=\"elementor-heading-title elementor-size-default\">\u00c1reas de interesse preferencial no dom\u00ednio dos Recursos H\u00eddricos<\/h2>\t\t<\/div>\n\t\t\t\t<\/div>\n\t\t\t\t<div class=\"elementor-element elementor-element-152829d remover_marcadores elementor-widget elementor-widget-text-editor\" data-id=\"152829d\" data-element_type=\"widget\" data-widget_type=\"text-editor.default\">\n\t\t\t\t<div class=\"elementor-widget-container\">\n\t\t\t\t\t\t\t<p>Obras hidr\u00e1ulicas; hidroenergia; hidr\u00e1ulica fluvial e mar\u00edtima; emiss\u00e1rios e exutores submarinos; saneamento b\u00e1sico; redes prediais de \u00e1guas e esgotos; efici\u00eancia h\u00eddrica.<\/p>\t\t\t\t\t\t<\/div>\n\t\t\t\t<\/div>\n\t\t\t\t<div class=\"elementor-element elementor-element-722c9d9 elementor-widget elementor-widget-heading\" data-id=\"722c9d9\" data-element_type=\"widget\" data-widget_type=\"heading.default\">\n\t\t\t\t<div class=\"elementor-widget-container\">\n\t\t\t<h2 class=\"elementor-heading-title elementor-size-default\">Principais associa\u00e7\u00f5es profissionais a que pertence<\/h2>\t\t<\/div>\n\t\t\t\t<\/div>\n\t\t\t\t<div class=\"elementor-element elementor-element-26b2f8a remover_marcadores elementor-widget elementor-widget-text-editor\" data-id=\"26b2f8a\" data-element_type=\"widget\" data-widget_type=\"text-editor.default\">\n\t\t\t\t<div class=\"elementor-widget-container\">\n\t\t\t\t\t\t\t<p>Ordem dos Engenheiros (OE); Ordem dos Engenheiros T\u00e9cnicos (OET); Associa\u00e7\u00e3o Portuguesa dos Recursos H\u00eddricos (APRH); Associa\u00e7\u00e3o Portuguesa de Engenharia Sanit\u00e1ria (APESB); Associa\u00e7\u00e3o Internacional de Navega\u00e7\u00e3o (AIPCN\/PIANC Portugal); Associa\u00e7\u00e3o Nacional para a Qualidade nas Instala\u00e7\u00f5es Prediais (ANQIP).<\/p>\t\t\t\t\t\t<\/div>\n\t\t\t\t<\/div>\n\t\t\t\t\t<\/div>\n\t\t<\/div>\n\t\t\t\t<div class=\"elementor-column elementor-col-25 elementor-top-column elementor-element elementor-element-229501d4 elementor-hidden-tablet elementor-hidden-mobile\" data-id=\"229501d4\" data-element_type=\"column\">\n\t\t\t<div class=\"elementor-widget-wrap\">\n\t\t\t\t\t\t\t<\/div>\n\t\t<\/div>\n\t\t\t\t\t<\/div>\n\t\t<\/section>\n\t\t\t\t<section class=\"elementor-section elementor-top-section elementor-element elementor-element-7c100254 elementor-section-boxed elementor-section-height-default elementor-section-height-default\" data-id=\"7c100254\" data-element_type=\"section\">\n\t\t\t\t\t\t<div class=\"elementor-container elementor-column-gap-no\">\n\t\t\t\t\t<div class=\"elementor-column elementor-col-100 elementor-top-column elementor-element elementor-element-30531054\" data-id=\"30531054\" data-element_type=\"column\">\n\t\t\t<div class=\"elementor-widget-wrap elementor-element-populated\">\n\t\t\t\t\t\t<div class=\"elementor-element elementor-element-3ab3e497 elementor-widget elementor-widget-global elementor-global-500 elementor-widget-spacer\" data-id=\"3ab3e497\" data-element_type=\"widget\" data-widget_type=\"spacer.default\">\n\t\t\t\t<div class=\"elementor-widget-container\">\n\t\t\t\t\t<div class=\"elementor-spacer\">\n\t\t\t<div class=\"elementor-spacer-inner\"><\/div>\n\t\t<\/div>\n\t\t\t\t<\/div>\n\t\t\t\t<\/div>\n\t\t\t\t\t<\/div>\n\t\t<\/div>\n\t\t\t\t\t<\/div>\n\t\t<\/section>\n\t\t\t\t<\/div>\n\t\t","protected":false},"excerpt":{"rendered":"<p>Associados da APRH Afonso Manuel Pinto da Rocha Barbosa Associado 1632 Email: afonso.barbosa@engenheiros.pt Data de nascimento: 1981\/04\/06 Nacionalidade: Portuguesa Forma\u00e7\u00e3o Curso: Engenharia Civil (Hidr\u00e1ulica) Estabelecimento de ensino: Universidade do Minho Ano de conclus\u00e3o: 2005\/02\/05 Graus acad\u00e9micos: Licenciatura e Mestrado Especializa\u00e7\u00f5es: Hidr\u00e1ulica e Recursos H\u00eddricos e em Engenharia Sanit\u00e1ria (OE) Actividade profissional atual Entidade: AdAM \u2013 [&hellip;]<\/p>\n","protected":false},"author":2,"featured_media":0,"parent":150,"menu_order":0,"comment_status":"closed","ping_status":"closed","template":"","meta":{"footnotes":""},"class_list":["post-70731","page","type-page","status-publish","hentry"],"yoast_head":"<!-- This site is optimized with the Yoast SEO plugin v23.8 - https:\/\/yoast.com\/wordpress\/plugins\/seo\/ -->\n<title>Afonso Barbosa - APRH<\/title>\n<meta name=\"robots\" content=\"index, follow, max-snippet:-1, max-image-preview:large, max-video-preview:-1\" \/>\n<link rel=\"canonical\" href=\"https:\/\/aprh.pt\/pt\/socios\/perfis\/afonso-barbosa\/\" \/>\n<meta property=\"og:locale\" content=\"pt_PT\" \/>\n<meta property=\"og:type\" content=\"article\" \/>\n<meta property=\"og:title\" content=\"Afonso Barbosa - APRH\" \/>\n<meta property=\"og:description\" content=\"Associados da APRH Afonso Manuel Pinto da Rocha Barbosa Associado 1632 Email: afonso.barbosa@engenheiros.pt Data de nascimento: 1981\/04\/06 Nacionalidade: Portuguesa Forma\u00e7\u00e3o Curso: Engenharia Civil (Hidr\u00e1ulica) Estabelecimento de ensino: Universidade do Minho Ano de conclus\u00e3o: 2005\/02\/05 Graus acad\u00e9micos: Licenciatura e Mestrado Especializa\u00e7\u00f5es: Hidr\u00e1ulica e Recursos H\u00eddricos e em Engenharia Sanit\u00e1ria (OE) Actividade profissional atual Entidade: AdAM \u2013 [&hellip;]\" \/>\n<meta property=\"og:url\" content=\"https:\/\/aprh.pt\/pt\/socios\/perfis\/afonso-barbosa\/\" \/>\n<meta property=\"og:site_name\" content=\"APRH\" \/>\n<meta property=\"article:modified_time\" content=\"2024-01-11T15:26:10+00:00\" \/>\n<meta property=\"og:image\" content=\"https:\/\/www.aprh.pt\/wp-content\/uploads\/2024\/01\/afonso-barbosa-300x229.jpg\" \/>\n<meta name=\"twitter:card\" content=\"summary_large_image\" \/>\n<meta name=\"twitter:label1\" content=\"Tempo estimado de leitura\" \/>\n\t<meta name=\"twitter:data1\" content=\"2 minutos\" \/>\n<script type=\"application\/ld+json\" class=\"yoast-schema-graph\">{\"@context\":\"https:\/\/schema.org\",\"@graph\":[{\"@type\":\"WebPage\",\"@id\":\"https:\/\/aprh.pt\/pt\/socios\/perfis\/afonso-barbosa\/\",\"url\":\"https:\/\/aprh.pt\/pt\/socios\/perfis\/afonso-barbosa\/\",\"name\":\"Afonso Barbosa - APRH\",\"isPartOf\":{\"@id\":\"https:\/\/aprh.pt\/pt\/#website\"},\"primaryImageOfPage\":{\"@id\":\"https:\/\/aprh.pt\/pt\/socios\/perfis\/afonso-barbosa\/#primaryimage\"},\"image\":{\"@id\":\"https:\/\/aprh.pt\/pt\/socios\/perfis\/afonso-barbosa\/#primaryimage\"},\"thumbnailUrl\":\"https:\/\/www.aprh.pt\/wp-content\/uploads\/2024\/01\/afonso-barbosa-300x229.jpg\",\"datePublished\":\"2024-01-09T14:59:15+00:00\",\"dateModified\":\"2024-01-11T15:26:10+00:00\",\"breadcrumb\":{\"@id\":\"https:\/\/aprh.pt\/pt\/socios\/perfis\/afonso-barbosa\/#breadcrumb\"},\"inLanguage\":\"pt-PT\",\"potentialAction\":[{\"@type\":\"ReadAction\",\"target\":[\"https:\/\/aprh.pt\/pt\/socios\/perfis\/afonso-barbosa\/\"]}]},{\"@type\":\"ImageObject\",\"inLanguage\":\"pt-PT\",\"@id\":\"https:\/\/aprh.pt\/pt\/socios\/perfis\/afonso-barbosa\/#primaryimage\",\"url\":\"https:\/\/www.aprh.pt\/wp-content\/uploads\/2024\/01\/afonso-barbosa-300x229.jpg\",\"contentUrl\":\"https:\/\/www.aprh.pt\/wp-content\/uploads\/2024\/01\/afonso-barbosa-300x229.jpg\"},{\"@type\":\"BreadcrumbList\",\"@id\":\"https:\/\/aprh.pt\/pt\/socios\/perfis\/afonso-barbosa\/#breadcrumb\",\"itemListElement\":[{\"@type\":\"ListItem\",\"position\":1,\"name\":\"Home\",\"item\":\"https:\/\/aprh.pt\/pt\/\"},{\"@type\":\"ListItem\",\"position\":2,\"name\":\"Associados\",\"item\":\"https:\/\/aprh.pt\/pt\/socios\/\"},{\"@type\":\"ListItem\",\"position\":3,\"name\":\"Perfis\",\"item\":\"https:\/\/aprh.pt\/pt\/socios\/perfis\/\"},{\"@type\":\"ListItem\",\"position\":4,\"name\":\"Afonso Barbosa\"}]},{\"@type\":\"WebSite\",\"@id\":\"https:\/\/aprh.pt\/pt\/#website\",\"url\":\"https:\/\/aprh.pt\/pt\/\",\"name\":\"APRH\",\"description\":\"Associa\u00e7\u00e3o Portuguesa dos Recursos H\u00eddricos\",\"publisher\":{\"@id\":\"https:\/\/aprh.pt\/pt\/#organization\"},\"potentialAction\":[{\"@type\":\"SearchAction\",\"target\":{\"@type\":\"EntryPoint\",\"urlTemplate\":\"https:\/\/aprh.pt\/pt\/?s={search_term_string}\"},\"query-input\":{\"@type\":\"PropertyValueSpecification\",\"valueRequired\":true,\"valueName\":\"search_term_string\"}}],\"inLanguage\":\"pt-PT\"},{\"@type\":\"Organization\",\"@id\":\"https:\/\/aprh.pt\/pt\/#organization\",\"name\":\"APRH\",\"url\":\"https:\/\/aprh.pt\/pt\/\",\"logo\":{\"@type\":\"ImageObject\",\"inLanguage\":\"pt-PT\",\"@id\":\"https:\/\/aprh.pt\/pt\/#\/schema\/logo\/image\/\",\"url\":\"https:\/\/aprh.pt\/wp-content\/uploads\/2022\/04\/logotipo.png\",\"contentUrl\":\"https:\/\/aprh.pt\/wp-content\/uploads\/2022\/04\/logotipo.png\",\"width\":181,\"height\":80,\"caption\":\"APRH\"},\"image\":{\"@id\":\"https:\/\/aprh.pt\/pt\/#\/schema\/logo\/image\/\"}}]}<\/script>\n<!-- \/ Yoast SEO plugin. -->","yoast_head_json":{"title":"Afonso Barbosa - APRH","robots":{"index":"index","follow":"follow","max-snippet":"max-snippet:-1","max-image-preview":"max-image-preview:large","max-video-preview":"max-video-preview:-1"},"canonical":"https:\/\/aprh.pt\/pt\/socios\/perfis\/afonso-barbosa\/","og_locale":"pt_PT","og_type":"article","og_title":"Afonso Barbosa - APRH","og_description":"Associados da APRH Afonso Manuel Pinto da Rocha Barbosa Associado 1632 Email: afonso.barbosa@engenheiros.pt Data de nascimento: 1981\/04\/06 Nacionalidade: Portuguesa Forma\u00e7\u00e3o Curso: Engenharia Civil (Hidr\u00e1ulica) Estabelecimento de ensino: Universidade do Minho Ano de conclus\u00e3o: 2005\/02\/05 Graus acad\u00e9micos: Licenciatura e Mestrado Especializa\u00e7\u00f5es: Hidr\u00e1ulica e Recursos H\u00eddricos e em Engenharia Sanit\u00e1ria (OE) Actividade profissional atual Entidade: AdAM \u2013 [&hellip;]","og_url":"https:\/\/aprh.pt\/pt\/socios\/perfis\/afonso-barbosa\/","og_site_name":"APRH","article_modified_time":"2024-01-11T15:26:10+00:00","og_image":[{"url":"https:\/\/www.aprh.pt\/wp-content\/uploads\/2024\/01\/afonso-barbosa-300x229.jpg"}],"twitter_card":"summary_large_image","twitter_misc":{"Tempo estimado de leitura":"2 minutos"},"schema":{"@context":"https:\/\/schema.org","@graph":[{"@type":"WebPage","@id":"https:\/\/aprh.pt\/pt\/socios\/perfis\/afonso-barbosa\/","url":"https:\/\/aprh.pt\/pt\/socios\/perfis\/afonso-barbosa\/","name":"Afonso Barbosa - APRH","isPartOf":{"@id":"https:\/\/aprh.pt\/pt\/#website"},"primaryImageOfPage":{"@id":"https:\/\/aprh.pt\/pt\/socios\/perfis\/afonso-barbosa\/#primaryimage"},"image":{"@id":"https:\/\/aprh.pt\/pt\/socios\/perfis\/afonso-barbosa\/#primaryimage"},"thumbnailUrl":"https:\/\/www.aprh.pt\/wp-content\/uploads\/2024\/01\/afonso-barbosa-300x229.jpg","datePublished":"2024-01-09T14:59:15+00:00","dateModified":"2024-01-11T15:26:10+00:00","breadcrumb":{"@id":"https:\/\/aprh.pt\/pt\/socios\/perfis\/afonso-barbosa\/#breadcrumb"},"inLanguage":"pt-PT","potentialAction":[{"@type":"ReadAction","target":["https:\/\/aprh.pt\/pt\/socios\/perfis\/afonso-barbosa\/"]}]},{"@type":"ImageObject","inLanguage":"pt-PT","@id":"https:\/\/aprh.pt\/pt\/socios\/perfis\/afonso-barbosa\/#primaryimage","url":"https:\/\/www.aprh.pt\/wp-content\/uploads\/2024\/01\/afonso-barbosa-300x229.jpg","contentUrl":"https:\/\/www.aprh.pt\/wp-content\/uploads\/2024\/01\/afonso-barbosa-300x229.jpg"},{"@type":"BreadcrumbList","@id":"https:\/\/aprh.pt\/pt\/socios\/perfis\/afonso-barbosa\/#breadcrumb","itemListElement":[{"@type":"ListItem","position":1,"name":"Home","item":"https:\/\/aprh.pt\/pt\/"},{"@type":"ListItem","position":2,"name":"Associados","item":"https:\/\/aprh.pt\/pt\/socios\/"},{"@type":"ListItem","position":3,"name":"Perfis","item":"https:\/\/aprh.pt\/pt\/socios\/perfis\/"},{"@type":"ListItem","position":4,"name":"Afonso Barbosa"}]},{"@type":"WebSite","@id":"https:\/\/aprh.pt\/pt\/#website","url":"https:\/\/aprh.pt\/pt\/","name":"APRH","description":"Associa\u00e7\u00e3o Portuguesa dos Recursos H\u00eddricos","publisher":{"@id":"https:\/\/aprh.pt\/pt\/#organization"},"potentialAction":[{"@type":"SearchAction","target":{"@type":"EntryPoint","urlTemplate":"https:\/\/aprh.pt\/pt\/?s={search_term_string}"},"query-input":{"@type":"PropertyValueSpecification","valueRequired":true,"valueName":"search_term_string"}}],"inLanguage":"pt-PT"},{"@type":"Organization","@id":"https:\/\/aprh.pt\/pt\/#organization","name":"APRH","url":"https:\/\/aprh.pt\/pt\/","logo":{"@type":"ImageObject","inLanguage":"pt-PT","@id":"https:\/\/aprh.pt\/pt\/#\/schema\/logo\/image\/","url":"https:\/\/aprh.pt\/wp-content\/uploads\/2022\/04\/logotipo.png","contentUrl":"https:\/\/aprh.pt\/wp-content\/uploads\/2022\/04\/logotipo.png","width":181,"height":80,"caption":"APRH"},"image":{"@id":"https:\/\/aprh.pt\/pt\/#\/schema\/logo\/image\/"}}]}},"_links":{"self":[{"href":"https:\/\/aprh.pt\/pt\/wp-json\/wp\/v2\/pages\/70731","targetHints":{"allow":["GET"]}}],"collection":[{"href":"https:\/\/aprh.pt\/pt\/wp-json\/wp\/v2\/pages"}],"about":[{"href":"https:\/\/aprh.pt\/pt\/wp-json\/wp\/v2\/types\/page"}],"author":[{"embeddable":true,"href":"https:\/\/aprh.pt\/pt\/wp-json\/wp\/v2\/users\/2"}],"replies":[{"embeddable":true,"href":"https:\/\/aprh.pt\/pt\/wp-json\/wp\/v2\/comments?post=70731"}],"version-history":[{"count":21,"href":"https:\/\/aprh.pt\/pt\/wp-json\/wp\/v2\/pages\/70731\/revisions"}],"predecessor-version":[{"id":70855,"href":"https:\/\/aprh.pt\/pt\/wp-json\/wp\/v2\/pages\/70731\/revisions\/70855"}],"up":[{"embeddable":true,"href":"https:\/\/aprh.pt\/pt\/wp-json\/wp\/v2\/pages\/150"}],"wp:attachment":[{"href":"https:\/\/aprh.pt\/pt\/wp-json\/wp\/v2\/media?parent=70731"}],"curies":[{"name":"wp","href":"https:\/\/api.w.org\/{rel}","templated":true}]}}