{"id":75,"date":"2022-04-05T17:09:46","date_gmt":"2022-04-05T17:09:46","guid":{"rendered":"https:\/\/aprh.zalox.pt\/?page_id=75"},"modified":"2022-09-15T16:42:59","modified_gmt":"2022-09-15T16:42:59","slug":"premios-regiao","status":"publish","type":"page","link":"https:\/\/aprh.pt\/pt\/premios\/premios-regiao\/","title":{"rendered":"Pr\u00e9mios Regi\u00e3o"},"content":{"rendered":"\t\t<div data-elementor-type=\"wp-page\" data-elementor-id=\"75\" class=\"elementor elementor-75\" data-elementor-post-type=\"page\">\n\t\t\t\t\t\t<section class=\"elementor-section elementor-top-section elementor-element elementor-element-6f3a0c00 elementor-section-boxed elementor-section-height-default elementor-section-height-default\" data-id=\"6f3a0c00\" data-element_type=\"section\">\n\t\t\t\t\t\t<div class=\"elementor-container elementor-column-gap-no\">\n\t\t\t\t\t<div class=\"elementor-column elementor-col-100 elementor-top-column elementor-element elementor-element-7e1d9d8a\" data-id=\"7e1d9d8a\" data-element_type=\"column\">\n\t\t\t<div class=\"elementor-widget-wrap elementor-element-populated\">\n\t\t\t\t\t\t<div class=\"elementor-element elementor-element-119c7476 elementor-widget elementor-widget-global elementor-global-475 elementor-widget-spacer\" data-id=\"119c7476\" data-element_type=\"widget\" data-widget_type=\"spacer.default\">\n\t\t\t\t<div class=\"elementor-widget-container\">\n\t\t\t\t\t<div class=\"elementor-spacer\">\n\t\t\t<div class=\"elementor-spacer-inner\"><\/div>\n\t\t<\/div>\n\t\t\t\t<\/div>\n\t\t\t\t<\/div>\n\t\t\t\t\t<\/div>\n\t\t<\/div>\n\t\t\t\t\t<\/div>\n\t\t<\/section>\n\t\t\t\t<section class=\"elementor-section elementor-top-section elementor-element elementor-element-75acc492 elementor-section-boxed elementor-section-height-default elementor-section-height-default\" data-id=\"75acc492\" data-element_type=\"section\">\n\t\t\t\t\t\t<div class=\"elementor-container elementor-column-gap-no\">\n\t\t\t\t\t<div class=\"elementor-column elementor-col-25 elementor-top-column elementor-element elementor-element-50efa889\" data-id=\"50efa889\" data-element_type=\"column\">\n\t\t\t<div class=\"elementor-widget-wrap elementor-element-populated\">\n\t\t\t\t\t\t<div class=\"elementor-element elementor-element-d6a170e elementor-widget elementor-widget-heading\" data-id=\"d6a170e\" data-element_type=\"widget\" data-widget_type=\"heading.default\">\n\t\t\t\t<div class=\"elementor-widget-container\">\n\t\t\t<h2 class=\"elementor-heading-title elementor-size-default\">Pr\u00e9mios Regi\u00e3o\n<\/h2>\t\t<\/div>\n\t\t\t\t<\/div>\n\t\t\t\t\t<\/div>\n\t\t<\/div>\n\t\t\t\t<div class=\"elementor-column elementor-col-50 elementor-top-column elementor-element elementor-element-907dbaf\" data-id=\"907dbaf\" data-element_type=\"column\">\n\t\t\t<div class=\"elementor-widget-wrap elementor-element-populated\">\n\t\t\t\t\t\t<div class=\"elementor-element elementor-element-4ff604f6 elementor-widget elementor-widget-text-editor\" data-id=\"4ff604f6\" data-element_type=\"widget\" data-widget_type=\"text-editor.default\">\n\t\t\t\t<div class=\"elementor-widget-container\">\n\t\t\t\t\t\t\t<p>Este Pr\u00e9mio, estabelecido pela primeira vez no 15\u00ba Congresso da \u00c1gua, em mar\u00e7o de 2021, pretendeu homenagear associados ou personalidades da Regi\u00e3o que tenha contribu\u00eddo de forma relevante para a discuss\u00e3o e\/ou solu\u00e7\u00e3o de problemas e tem\u00e1tica dos recursos h\u00eddricos, na regi\u00e3o abrangida por cada N\u00facleo Regional.<\/p>\t\t\t\t\t\t<\/div>\n\t\t\t\t<\/div>\n\t\t\t\t<div class=\"elementor-element elementor-element-88387c4 elementor-widget elementor-widget-heading\" data-id=\"88387c4\" data-element_type=\"widget\" data-widget_type=\"heading.default\">\n\t\t\t\t<div class=\"elementor-widget-container\">\n\t\t\t<h2 class=\"elementor-heading-title elementor-size-default\">Regi\u00e3o Norte:\n<\/h2>\t\t<\/div>\n\t\t\t\t<\/div>\n\t\t\t\t<div class=\"elementor-element elementor-element-dfe662a elementor-widget elementor-widget-text-editor\" data-id=\"dfe662a\" data-element_type=\"widget\" data-widget_type=\"text-editor.default\">\n\t\t\t\t<div class=\"elementor-widget-container\">\n\t\t\t\t\t\t\t<p>Engenheiro Ant\u00f3nio Rebelo da Silva<\/p>\t\t\t\t\t\t<\/div>\n\t\t\t\t<\/div>\n\t\t\t\t<div class=\"elementor-element elementor-element-e3733b1 elementor-widget elementor-widget-heading\" data-id=\"e3733b1\" data-element_type=\"widget\" data-widget_type=\"heading.default\">\n\t\t\t\t<div class=\"elementor-widget-container\">\n\t\t\t<h2 class=\"elementor-heading-title elementor-size-default\">Regi\u00e3o Centro:\n<\/h2>\t\t<\/div>\n\t\t\t\t<\/div>\n\t\t\t\t<div class=\"elementor-element elementor-element-d45d1e7 elementor-widget elementor-widget-text-editor\" data-id=\"d45d1e7\" data-element_type=\"widget\" data-widget_type=\"text-editor.default\">\n\t\t\t\t<div class=\"elementor-widget-container\">\n\t\t\t\t\t\t\t<p>Professor Alfeu S\u00e1 Marques<\/p>\t\t\t\t\t\t<\/div>\n\t\t\t\t<\/div>\n\t\t\t\t<div class=\"elementor-element elementor-element-2578719 elementor-widget elementor-widget-heading\" data-id=\"2578719\" data-element_type=\"widget\" data-widget_type=\"heading.default\">\n\t\t\t\t<div class=\"elementor-widget-container\">\n\t\t\t<h2 class=\"elementor-heading-title elementor-size-default\">Regi\u00e3o Sul:\n<\/h2>\t\t<\/div>\n\t\t\t\t<\/div>\n\t\t\t\t<div class=\"elementor-element elementor-element-db4fbf7 elementor-widget elementor-widget-text-editor\" data-id=\"db4fbf7\" data-element_type=\"widget\" data-widget_type=\"text-editor.default\">\n\t\t\t\t<div class=\"elementor-widget-container\">\n\t\t\t\t\t\t\t<p>Professor Ant\u00f3nio Chambel<\/p><p>&gt;&gt;\u00a0<a href=\"https:\/\/youtu.be\/RZ4-mRsHAXQ\" target=\"_blank\" rel=\"noopener noreferrer\">V\u00cdDEO<\/a><\/p>\t\t\t\t\t\t<\/div>\n\t\t\t\t<\/div>\n\t\t\t\t\t<\/div>\n\t\t<\/div>\n\t\t\t\t<div class=\"elementor-column elementor-col-25 elementor-top-column elementor-element elementor-element-4b2ea15b elementor-hidden-tablet elementor-hidden-mobile\" data-id=\"4b2ea15b\" data-element_type=\"column\">\n\t\t\t<div class=\"elementor-widget-wrap\">\n\t\t\t\t\t\t\t<\/div>\n\t\t<\/div>\n\t\t\t\t\t<\/div>\n\t\t<\/section>\n\t\t\t\t<section class=\"elementor-section elementor-top-section elementor-element elementor-element-19d46a27 elementor-section-boxed elementor-section-height-default elementor-section-height-default\" data-id=\"19d46a27\" data-element_type=\"section\">\n\t\t\t\t\t\t<div class=\"elementor-container elementor-column-gap-no\">\n\t\t\t\t\t<div class=\"elementor-column elementor-col-100 elementor-top-column elementor-element elementor-element-7141ce\" data-id=\"7141ce\" data-element_type=\"column\">\n\t\t\t<div class=\"elementor-widget-wrap elementor-element-populated\">\n\t\t\t\t\t\t<div class=\"elementor-element elementor-element-37bc92d2 elementor-widget elementor-widget-global elementor-global-500 elementor-widget-spacer\" data-id=\"37bc92d2\" data-element_type=\"widget\" data-widget_type=\"spacer.default\">\n\t\t\t\t<div class=\"elementor-widget-container\">\n\t\t\t\t\t<div class=\"elementor-spacer\">\n\t\t\t<div class=\"elementor-spacer-inner\"><\/div>\n\t\t<\/div>\n\t\t\t\t<\/div>\n\t\t\t\t<\/div>\n\t\t\t\t\t<\/div>\n\t\t<\/div>\n\t\t\t\t\t<\/div>\n\t\t<\/section>\n\t\t\t\t<\/div>\n\t\t","protected":false},"excerpt":{"rendered":"<p>Pr\u00e9mios Regi\u00e3o Este Pr\u00e9mio, estabelecido pela primeira vez no 15\u00ba Congresso da \u00c1gua, em mar\u00e7o de 2021, pretendeu homenagear associados ou personalidades da Regi\u00e3o que tenha contribu\u00eddo de forma relevante para a discuss\u00e3o e\/ou solu\u00e7\u00e3o de problemas e tem\u00e1tica dos recursos h\u00eddricos, na regi\u00e3o abrangida por cada N\u00facleo Regional. Regi\u00e3o Norte: Engenheiro Ant\u00f3nio Rebelo da [&hellip;]<\/p>\n","protected":false},"author":1,"featured_media":0,"parent":42478,"menu_order":0,"comment_status":"closed","ping_status":"closed","template":"","meta":{"footnotes":""},"class_list":["post-75","page","type-page","status-publish","hentry"],"yoast_head":"<!-- This site is optimized with the Yoast SEO plugin v23.8 - https:\/\/yoast.com\/wordpress\/plugins\/seo\/ -->\n<title>Pr\u00e9mios Regi\u00e3o - APRH<\/title>\n<meta name=\"robots\" content=\"index, follow, max-snippet:-1, max-image-preview:large, max-video-preview:-1\" \/>\n<link rel=\"canonical\" href=\"https:\/\/aprh.pt\/pt\/premios\/premios-regiao\/\" \/>\n<meta property=\"og:locale\" content=\"pt_PT\" \/>\n<meta property=\"og:type\" content=\"article\" \/>\n<meta property=\"og:title\" content=\"Pr\u00e9mios Regi\u00e3o - APRH\" \/>\n<meta property=\"og:description\" content=\"Pr\u00e9mios Regi\u00e3o Este Pr\u00e9mio, estabelecido pela primeira vez no 15\u00ba Congresso da \u00c1gua, em mar\u00e7o de 2021, pretendeu homenagear associados ou personalidades da Regi\u00e3o que tenha contribu\u00eddo de forma relevante para a discuss\u00e3o e\/ou solu\u00e7\u00e3o de problemas e tem\u00e1tica dos recursos h\u00eddricos, na regi\u00e3o abrangida por cada N\u00facleo Regional. Regi\u00e3o Norte: Engenheiro Ant\u00f3nio Rebelo da [&hellip;]\" \/>\n<meta property=\"og:url\" content=\"https:\/\/aprh.pt\/pt\/premios\/premios-regiao\/\" \/>\n<meta property=\"og:site_name\" content=\"APRH\" \/>\n<meta property=\"article:modified_time\" content=\"2022-09-15T16:42:59+00:00\" \/>\n<meta name=\"twitter:card\" content=\"summary_large_image\" \/>\n<meta name=\"twitter:label1\" content=\"Tempo estimado de leitura\" \/>\n\t<meta name=\"twitter:data1\" content=\"1 minuto\" \/>\n<script type=\"application\/ld+json\" class=\"yoast-schema-graph\">{\"@context\":\"https:\/\/schema.org\",\"@graph\":[{\"@type\":\"WebPage\",\"@id\":\"https:\/\/aprh.pt\/pt\/premios\/premios-regiao\/\",\"url\":\"https:\/\/aprh.pt\/pt\/premios\/premios-regiao\/\",\"name\":\"Pr\u00e9mios Regi\u00e3o - APRH\",\"isPartOf\":{\"@id\":\"https:\/\/aprh.pt\/pt\/#website\"},\"datePublished\":\"2022-04-05T17:09:46+00:00\",\"dateModified\":\"2022-09-15T16:42:59+00:00\",\"breadcrumb\":{\"@id\":\"https:\/\/aprh.pt\/pt\/premios\/premios-regiao\/#breadcrumb\"},\"inLanguage\":\"pt-PT\",\"potentialAction\":[{\"@type\":\"ReadAction\",\"target\":[\"https:\/\/aprh.pt\/pt\/premios\/premios-regiao\/\"]}]},{\"@type\":\"BreadcrumbList\",\"@id\":\"https:\/\/aprh.pt\/pt\/premios\/premios-regiao\/#breadcrumb\",\"itemListElement\":[{\"@type\":\"ListItem\",\"position\":1,\"name\":\"Home\",\"item\":\"https:\/\/aprh.pt\/pt\/\"},{\"@type\":\"ListItem\",\"position\":2,\"name\":\"Pr\u00e9mios\",\"item\":\"https:\/\/aprh.pt\/pt\/premios\/\"},{\"@type\":\"ListItem\",\"position\":3,\"name\":\"Pr\u00e9mios Regi\u00e3o\"}]},{\"@type\":\"WebSite\",\"@id\":\"https:\/\/aprh.pt\/pt\/#website\",\"url\":\"https:\/\/aprh.pt\/pt\/\",\"name\":\"APRH\",\"description\":\"Associa\u00e7\u00e3o Portuguesa dos Recursos H\u00eddricos\",\"publisher\":{\"@id\":\"https:\/\/aprh.pt\/pt\/#organization\"},\"potentialAction\":[{\"@type\":\"SearchAction\",\"target\":{\"@type\":\"EntryPoint\",\"urlTemplate\":\"https:\/\/aprh.pt\/pt\/?s={search_term_string}\"},\"query-input\":{\"@type\":\"PropertyValueSpecification\",\"valueRequired\":true,\"valueName\":\"search_term_string\"}}],\"inLanguage\":\"pt-PT\"},{\"@type\":\"Organization\",\"@id\":\"https:\/\/aprh.pt\/pt\/#organization\",\"name\":\"APRH\",\"url\":\"https:\/\/aprh.pt\/pt\/\",\"logo\":{\"@type\":\"ImageObject\",\"inLanguage\":\"pt-PT\",\"@id\":\"https:\/\/aprh.pt\/pt\/#\/schema\/logo\/image\/\",\"url\":\"https:\/\/aprh.pt\/wp-content\/uploads\/2022\/04\/logotipo.png\",\"contentUrl\":\"https:\/\/aprh.pt\/wp-content\/uploads\/2022\/04\/logotipo.png\",\"width\":181,\"height\":80,\"caption\":\"APRH\"},\"image\":{\"@id\":\"https:\/\/aprh.pt\/pt\/#\/schema\/logo\/image\/\"}}]}<\/script>\n<!-- \/ Yoast SEO plugin. -->","yoast_head_json":{"title":"Pr\u00e9mios Regi\u00e3o - APRH","robots":{"index":"index","follow":"follow","max-snippet":"max-snippet:-1","max-image-preview":"max-image-preview:large","max-video-preview":"max-video-preview:-1"},"canonical":"https:\/\/aprh.pt\/pt\/premios\/premios-regiao\/","og_locale":"pt_PT","og_type":"article","og_title":"Pr\u00e9mios Regi\u00e3o - APRH","og_description":"Pr\u00e9mios Regi\u00e3o Este Pr\u00e9mio, estabelecido pela primeira vez no 15\u00ba Congresso da \u00c1gua, em mar\u00e7o de 2021, pretendeu homenagear associados ou personalidades da Regi\u00e3o que tenha contribu\u00eddo de forma relevante para a discuss\u00e3o e\/ou solu\u00e7\u00e3o de problemas e tem\u00e1tica dos recursos h\u00eddricos, na regi\u00e3o abrangida por cada N\u00facleo Regional. Regi\u00e3o Norte: Engenheiro Ant\u00f3nio Rebelo da [&hellip;]","og_url":"https:\/\/aprh.pt\/pt\/premios\/premios-regiao\/","og_site_name":"APRH","article_modified_time":"2022-09-15T16:42:59+00:00","twitter_card":"summary_large_image","twitter_misc":{"Tempo estimado de leitura":"1 minuto"},"schema":{"@context":"https:\/\/schema.org","@graph":[{"@type":"WebPage","@id":"https:\/\/aprh.pt\/pt\/premios\/premios-regiao\/","url":"https:\/\/aprh.pt\/pt\/premios\/premios-regiao\/","name":"Pr\u00e9mios Regi\u00e3o - APRH","isPartOf":{"@id":"https:\/\/aprh.pt\/pt\/#website"},"datePublished":"2022-04-05T17:09:46+00:00","dateModified":"2022-09-15T16:42:59+00:00","breadcrumb":{"@id":"https:\/\/aprh.pt\/pt\/premios\/premios-regiao\/#breadcrumb"},"inLanguage":"pt-PT","potentialAction":[{"@type":"ReadAction","target":["https:\/\/aprh.pt\/pt\/premios\/premios-regiao\/"]}]},{"@type":"BreadcrumbList","@id":"https:\/\/aprh.pt\/pt\/premios\/premios-regiao\/#breadcrumb","itemListElement":[{"@type":"ListItem","position":1,"name":"Home","item":"https:\/\/aprh.pt\/pt\/"},{"@type":"ListItem","position":2,"name":"Pr\u00e9mios","item":"https:\/\/aprh.pt\/pt\/premios\/"},{"@type":"ListItem","position":3,"name":"Pr\u00e9mios Regi\u00e3o"}]},{"@type":"WebSite","@id":"https:\/\/aprh.pt\/pt\/#website","url":"https:\/\/aprh.pt\/pt\/","name":"APRH","description":"Associa\u00e7\u00e3o Portuguesa dos Recursos H\u00eddricos","publisher":{"@id":"https:\/\/aprh.pt\/pt\/#organization"},"potentialAction":[{"@type":"SearchAction","target":{"@type":"EntryPoint","urlTemplate":"https:\/\/aprh.pt\/pt\/?s={search_term_string}"},"query-input":{"@type":"PropertyValueSpecification","valueRequired":true,"valueName":"search_term_string"}}],"inLanguage":"pt-PT"},{"@type":"Organization","@id":"https:\/\/aprh.pt\/pt\/#organization","name":"APRH","url":"https:\/\/aprh.pt\/pt\/","logo":{"@type":"ImageObject","inLanguage":"pt-PT","@id":"https:\/\/aprh.pt\/pt\/#\/schema\/logo\/image\/","url":"https:\/\/aprh.pt\/wp-content\/uploads\/2022\/04\/logotipo.png","contentUrl":"https:\/\/aprh.pt\/wp-content\/uploads\/2022\/04\/logotipo.png","width":181,"height":80,"caption":"APRH"},"image":{"@id":"https:\/\/aprh.pt\/pt\/#\/schema\/logo\/image\/"}}]}},"_links":{"self":[{"href":"https:\/\/aprh.pt\/pt\/wp-json\/wp\/v2\/pages\/75","targetHints":{"allow":["GET"]}}],"collection":[{"href":"https:\/\/aprh.pt\/pt\/wp-json\/wp\/v2\/pages"}],"about":[{"href":"https:\/\/aprh.pt\/pt\/wp-json\/wp\/v2\/types\/page"}],"author":[{"embeddable":true,"href":"https:\/\/aprh.pt\/pt\/wp-json\/wp\/v2\/users\/1"}],"replies":[{"embeddable":true,"href":"https:\/\/aprh.pt\/pt\/wp-json\/wp\/v2\/comments?post=75"}],"version-history":[{"count":28,"href":"https:\/\/aprh.pt\/pt\/wp-json\/wp\/v2\/pages\/75\/revisions"}],"predecessor-version":[{"id":46231,"href":"https:\/\/aprh.pt\/pt\/wp-json\/wp\/v2\/pages\/75\/revisions\/46231"}],"up":[{"embeddable":true,"href":"https:\/\/aprh.pt\/pt\/wp-json\/wp\/v2\/pages\/42478"}],"wp:attachment":[{"href":"https:\/\/aprh.pt\/pt\/wp-json\/wp\/v2\/media?parent=75"}],"curies":[{"name":"wp","href":"https:\/\/api.w.org\/{rel}","templated":true}]}}