{"id":76542,"date":"2024-09-18T15:15:01","date_gmt":"2024-09-18T15:15:01","guid":{"rendered":"https:\/\/www.aprh.pt\/?page_id=76542"},"modified":"2024-09-18T15:15:32","modified_gmt":"2024-09-18T15:15:32","slug":"carina-arranja","status":"publish","type":"page","link":"https:\/\/aprh.pt\/pt\/socios\/perfis\/carina-arranja\/","title":{"rendered":"Carina Arranja"},"content":{"rendered":"\t\t<div data-elementor-type=\"wp-page\" data-elementor-id=\"76542\" class=\"elementor elementor-76542\" data-elementor-post-type=\"page\">\n\t\t\t\t\t\t<section class=\"elementor-section elementor-top-section elementor-element elementor-element-301ffb9f elementor-section-boxed elementor-section-height-default elementor-section-height-default\" data-id=\"301ffb9f\" data-element_type=\"section\">\n\t\t\t\t\t\t<div class=\"elementor-container elementor-column-gap-no\">\n\t\t\t\t\t<div class=\"elementor-column elementor-col-100 elementor-top-column elementor-element elementor-element-15fbf1aa\" data-id=\"15fbf1aa\" data-element_type=\"column\">\n\t\t\t<div class=\"elementor-widget-wrap elementor-element-populated\">\n\t\t\t\t\t\t<div class=\"elementor-element elementor-element-6ea1e563 elementor-widget elementor-widget-global elementor-global-475 elementor-widget-spacer\" data-id=\"6ea1e563\" data-element_type=\"widget\" data-widget_type=\"spacer.default\">\n\t\t\t\t<div class=\"elementor-widget-container\">\n\t\t\t\t\t<div class=\"elementor-spacer\">\n\t\t\t<div class=\"elementor-spacer-inner\"><\/div>\n\t\t<\/div>\n\t\t\t\t<\/div>\n\t\t\t\t<\/div>\n\t\t\t\t\t<\/div>\n\t\t<\/div>\n\t\t\t\t\t<\/div>\n\t\t<\/section>\n\t\t\t\t<section class=\"elementor-section elementor-top-section elementor-element elementor-element-34fa2fe2 elementor-section-boxed elementor-section-height-default elementor-section-height-default\" data-id=\"34fa2fe2\" data-element_type=\"section\">\n\t\t\t\t\t\t<div class=\"elementor-container elementor-column-gap-no\">\n\t\t\t\t\t<div class=\"elementor-column elementor-col-25 elementor-top-column elementor-element elementor-element-6279b750\" data-id=\"6279b750\" data-element_type=\"column\">\n\t\t\t<div class=\"elementor-widget-wrap elementor-element-populated\">\n\t\t\t\t\t\t<div class=\"elementor-element elementor-element-145ea48f elementor-widget elementor-widget-heading\" data-id=\"145ea48f\" data-element_type=\"widget\" data-widget_type=\"heading.default\">\n\t\t\t\t<div class=\"elementor-widget-container\">\n\t\t\t<h2 class=\"elementor-heading-title elementor-size-default\">Associados da APRH<\/h2>\t\t<\/div>\n\t\t\t\t<\/div>\n\t\t\t\t\t<\/div>\n\t\t<\/div>\n\t\t\t\t<div class=\"elementor-column elementor-col-50 elementor-top-column elementor-element elementor-element-4a2e926\" data-id=\"4a2e926\" data-element_type=\"column\">\n\t\t\t<div class=\"elementor-widget-wrap elementor-element-populated\">\n\t\t\t\t\t\t<div class=\"elementor-element elementor-element-6077893 elementor-widget elementor-widget-image\" data-id=\"6077893\" data-element_type=\"widget\" data-widget_type=\"image.default\">\n\t\t\t\t<div class=\"elementor-widget-container\">\n\t\t\t\t\t\t\t\t\t\t\t\t\t<img fetchpriority=\"high\" decoding=\"async\" width=\"251\" height=\"267\" src=\"https:\/\/aprh.pt\/wp-content\/uploads\/2024\/09\/IMG_1123-Carina-Arranja.jpeg\" class=\"attachment-medium size-medium wp-image-76545\" alt=\"\" \/>\t\t\t\t\t\t\t\t\t\t\t\t\t<\/div>\n\t\t\t\t<\/div>\n\t\t\t\t<div class=\"elementor-element elementor-element-73e5a132 elementor-widget elementor-widget-heading\" data-id=\"73e5a132\" data-element_type=\"widget\" data-widget_type=\"heading.default\">\n\t\t\t\t<div class=\"elementor-widget-container\">\n\t\t\t<h2 class=\"elementor-heading-title elementor-size-default\">Nome<\/h2>\t\t<\/div>\n\t\t\t\t<\/div>\n\t\t\t\t<div class=\"elementor-element elementor-element-5bf7f008 remover_marcadores elementor-widget elementor-widget-text-editor\" data-id=\"5bf7f008\" data-element_type=\"widget\" data-widget_type=\"text-editor.default\">\n\t\t\t\t<div class=\"elementor-widget-container\">\n\t\t\t\t\t\t\t<ul><li><strong>Associado<\/strong> 1838<\/li><li><strong>Email:<\/strong> <span data-sheets-root=\"1\">carinaarranja@fenareg.pt<\/span><\/li><li><strong>Data de nascimento:<\/strong> <span data-sheets-root=\"1\">1975\/02\/21<\/span><\/li><li><strong>Nacionalidade:<\/strong> Portuguesa<\/li><li><strong>Site:<\/strong> <span data-sheets-root=\"1\"><a class=\"in-cell-link\" href=\"http:\/\/www.fenareg.pt\" target=\"_blank\" rel=\"noopener\">www.fenareg.pt<\/a><\/span><\/li><\/ul>\t\t\t\t\t\t<\/div>\n\t\t\t\t<\/div>\n\t\t\t\t<div class=\"elementor-element elementor-element-5d5abafd elementor-widget elementor-widget-heading\" data-id=\"5d5abafd\" data-element_type=\"widget\" data-widget_type=\"heading.default\">\n\t\t\t\t<div class=\"elementor-widget-container\">\n\t\t\t<h2 class=\"elementor-heading-title elementor-size-default\">Forma\u00e7\u00e3o<\/h2>\t\t<\/div>\n\t\t\t\t<\/div>\n\t\t\t\t<div class=\"elementor-element elementor-element-34b1cda5 remover_marcadores elementor-widget elementor-widget-text-editor\" data-id=\"34b1cda5\" data-element_type=\"widget\" data-widget_type=\"text-editor.default\">\n\t\t\t\t<div class=\"elementor-widget-container\">\n\t\t\t\t\t\t\t<ul><li><strong>Curso:<\/strong> <span data-sheets-root=\"1\">Engenharia dos Recursos H\u00eddricos<\/span><\/li><li><strong>Estabelecimento de ensino:<\/strong> <span data-sheets-root=\"1\">Universidade de \u00c9vora<\/span><\/li><li><strong>Ano de conclus\u00e3o:<\/strong> <span data-sheets-root=\"1\">2003\/01\/01<\/span><\/li><li><strong>Graus acad\u00e9micos:<\/strong> <span data-sheets-root=\"1\">Mestre<\/span><\/li><li><strong>Especializa\u00e7\u00f5es:<\/strong> <span data-sheets-root=\"1\">Gest\u00e3o Integrada de Recursos H\u00eddricos, Planeamento, Modela\u00e7\u00e3o hidr\u00e1ulica, Aproveitamentos Hidroagr\u00edcolas, Regadio<\/span><\/li><\/ul>\t\t\t\t\t\t<\/div>\n\t\t\t\t<\/div>\n\t\t\t\t<div class=\"elementor-element elementor-element-58043ca6 elementor-widget elementor-widget-heading\" data-id=\"58043ca6\" data-element_type=\"widget\" data-widget_type=\"heading.default\">\n\t\t\t\t<div class=\"elementor-widget-container\">\n\t\t\t<h2 class=\"elementor-heading-title elementor-size-default\">Actividade profissional atual<\/h2>\t\t<\/div>\n\t\t\t\t<\/div>\n\t\t\t\t<div class=\"elementor-element elementor-element-ce11b25 remover_marcadores elementor-widget elementor-widget-text-editor\" data-id=\"ce11b25\" data-element_type=\"widget\" data-widget_type=\"text-editor.default\">\n\t\t\t\t<div class=\"elementor-widget-container\">\n\t\t\t\t\t\t\t<ul><li><strong>Entidade:<\/strong> <span data-sheets-root=\"1\">FENAREG &#8211; Federa\u00e7\u00e3o Nacional de Recursos H\u00eddricos<\/span><\/li><li><strong>Fun\u00e7\u00f5es:<\/strong> <span data-sheets-root=\"1\">Secret\u00e1ria-Geral<\/span><\/li><\/ul>\t\t\t\t\t\t<\/div>\n\t\t\t\t<\/div>\n\t\t\t\t<div class=\"elementor-element elementor-element-39ee1f95 elementor-widget elementor-widget-heading\" data-id=\"39ee1f95\" data-element_type=\"widget\" data-widget_type=\"heading.default\">\n\t\t\t\t<div class=\"elementor-widget-container\">\n\t\t\t<h2 class=\"elementor-heading-title elementor-size-default\">Actividade profissional anterior relacionada com os recursos h\u00eddricos<\/h2>\t\t<\/div>\n\t\t\t\t<\/div>\n\t\t\t\t<div class=\"elementor-element elementor-element-3838601b remover_marcadores elementor-widget elementor-widget-text-editor\" data-id=\"3838601b\" data-element_type=\"widget\" data-widget_type=\"text-editor.default\">\n\t\t\t\t<div class=\"elementor-widget-container\">\n\t\t\t\t\t\t\t<ul><li><strong>Entidade:<\/strong> <span data-sheets-root=\"1\">Gabinetes Ministra da Agricultura e Alimenta\u00e7\u00e3o e Secret\u00e1rio de Estado da Agricultura <\/span><\/li><li><strong>Fun\u00e7\u00f5es:<\/strong> <span data-sheets-root=\"1\">Adjunta\/T\u00e9cnica Especialista<\/span><\/li><\/ul>\t\t\t\t\t\t<\/div>\n\t\t\t\t<\/div>\n\t\t\t\t<div class=\"elementor-element elementor-element-113f695 remover_marcadores elementor-widget elementor-widget-text-editor\" data-id=\"113f695\" data-element_type=\"widget\" data-widget_type=\"text-editor.default\">\n\t\t\t\t<div class=\"elementor-widget-container\">\n\t\t\t\t\t\t\t<ul><li><strong>Entidade:<\/strong> <span data-sheets-root=\"1\">Universidade de \u00c9vora<\/span><\/li><li><strong>Fun\u00e7\u00f5es:<\/strong> <span data-sheets-root=\"1\">Investigadora<\/span><\/li><\/ul>\t\t\t\t\t\t<\/div>\n\t\t\t\t<\/div>\n\t\t\t\t<div class=\"elementor-element elementor-element-12fcb177 elementor-widget elementor-widget-heading\" data-id=\"12fcb177\" data-element_type=\"widget\" data-widget_type=\"heading.default\">\n\t\t\t\t<div class=\"elementor-widget-container\">\n\t\t\t<h2 class=\"elementor-heading-title elementor-size-default\">\u00c1reas de interesse preferencial no dom\u00ednio dos recursos h\u00eddricos<\/h2>\t\t<\/div>\n\t\t\t\t<\/div>\n\t\t\t\t<div class=\"elementor-element elementor-element-3b3476be remover_marcadores elementor-widget elementor-widget-text-editor\" data-id=\"3b3476be\" data-element_type=\"widget\" data-widget_type=\"text-editor.default\">\n\t\t\t\t<div class=\"elementor-widget-container\">\n\t\t\t\t\t\t\t<p><span data-sheets-root=\"1\">Gest\u00e3o da \u00c1gua, Planeamento, Regadio<\/span><\/p>\t\t\t\t\t\t<\/div>\n\t\t\t\t<\/div>\n\t\t\t\t\t<\/div>\n\t\t<\/div>\n\t\t\t\t<div class=\"elementor-column elementor-col-25 elementor-top-column elementor-element elementor-element-4081cc9d elementor-hidden-tablet elementor-hidden-mobile\" data-id=\"4081cc9d\" data-element_type=\"column\">\n\t\t\t<div class=\"elementor-widget-wrap\">\n\t\t\t\t\t\t\t<\/div>\n\t\t<\/div>\n\t\t\t\t\t<\/div>\n\t\t<\/section>\n\t\t\t\t<section class=\"elementor-section elementor-top-section elementor-element elementor-element-1137e78e elementor-section-boxed elementor-section-height-default elementor-section-height-default\" data-id=\"1137e78e\" data-element_type=\"section\">\n\t\t\t\t\t\t<div class=\"elementor-container elementor-column-gap-no\">\n\t\t\t\t\t<div class=\"elementor-column elementor-col-100 elementor-top-column elementor-element elementor-element-e4d4c99\" data-id=\"e4d4c99\" data-element_type=\"column\">\n\t\t\t<div class=\"elementor-widget-wrap elementor-element-populated\">\n\t\t\t\t\t\t<div class=\"elementor-element elementor-element-388138a8 elementor-widget elementor-widget-global elementor-global-500 elementor-widget-spacer\" data-id=\"388138a8\" data-element_type=\"widget\" data-widget_type=\"spacer.default\">\n\t\t\t\t<div class=\"elementor-widget-container\">\n\t\t\t\t\t<div class=\"elementor-spacer\">\n\t\t\t<div class=\"elementor-spacer-inner\"><\/div>\n\t\t<\/div>\n\t\t\t\t<\/div>\n\t\t\t\t<\/div>\n\t\t\t\t\t<\/div>\n\t\t<\/div>\n\t\t\t\t\t<\/div>\n\t\t<\/section>\n\t\t\t\t<\/div>\n\t\t","protected":false},"excerpt":{"rendered":"<p>Associados da APRH Nome Associado 1838 Email: carinaarranja@fenareg.pt Data de nascimento: 1975\/02\/21 Nacionalidade: Portuguesa Site: www.fenareg.pt Forma\u00e7\u00e3o Curso: Engenharia dos Recursos H\u00eddricos Estabelecimento de ensino: Universidade de \u00c9vora Ano de conclus\u00e3o: 2003\/01\/01 Graus acad\u00e9micos: Mestre Especializa\u00e7\u00f5es: Gest\u00e3o Integrada de Recursos H\u00eddricos, Planeamento, Modela\u00e7\u00e3o hidr\u00e1ulica, Aproveitamentos Hidroagr\u00edcolas, Regadio Actividade profissional atual Entidade: FENAREG &#8211; Federa\u00e7\u00e3o Nacional [&hellip;]<\/p>\n","protected":false},"author":2,"featured_media":0,"parent":150,"menu_order":0,"comment_status":"closed","ping_status":"closed","template":"","meta":{"footnotes":""},"class_list":["post-76542","page","type-page","status-publish","hentry"],"yoast_head":"<!-- This site is optimized with the Yoast SEO plugin v23.8 - https:\/\/yoast.com\/wordpress\/plugins\/seo\/ -->\n<title>Carina Arranja - APRH<\/title>\n<meta name=\"robots\" content=\"index, follow, max-snippet:-1, max-image-preview:large, max-video-preview:-1\" \/>\n<link rel=\"canonical\" href=\"https:\/\/aprh.pt\/pt\/socios\/perfis\/carina-arranja\/\" \/>\n<meta property=\"og:locale\" content=\"pt_PT\" \/>\n<meta property=\"og:type\" content=\"article\" \/>\n<meta property=\"og:title\" content=\"Carina Arranja - APRH\" \/>\n<meta property=\"og:description\" content=\"Associados da APRH Nome Associado 1838 Email: carinaarranja@fenareg.pt Data de nascimento: 1975\/02\/21 Nacionalidade: Portuguesa Site: www.fenareg.pt Forma\u00e7\u00e3o Curso: Engenharia dos Recursos H\u00eddricos Estabelecimento de ensino: Universidade de \u00c9vora Ano de conclus\u00e3o: 2003\/01\/01 Graus acad\u00e9micos: Mestre Especializa\u00e7\u00f5es: Gest\u00e3o Integrada de Recursos H\u00eddricos, Planeamento, Modela\u00e7\u00e3o hidr\u00e1ulica, Aproveitamentos Hidroagr\u00edcolas, Regadio Actividade profissional atual Entidade: FENAREG &#8211; Federa\u00e7\u00e3o Nacional [&hellip;]\" \/>\n<meta property=\"og:url\" content=\"https:\/\/aprh.pt\/pt\/socios\/perfis\/carina-arranja\/\" \/>\n<meta property=\"og:site_name\" content=\"APRH\" \/>\n<meta property=\"article:modified_time\" content=\"2024-09-18T15:15:32+00:00\" \/>\n<meta property=\"og:image\" content=\"https:\/\/www.aprh.pt\/wp-content\/uploads\/2024\/09\/IMG_1123-Carina-Arranja.jpeg\" \/>\n<meta name=\"twitter:card\" content=\"summary_large_image\" \/>\n<meta name=\"twitter:label1\" content=\"Tempo estimado de leitura\" \/>\n\t<meta name=\"twitter:data1\" content=\"1 minuto\" \/>\n<script type=\"application\/ld+json\" class=\"yoast-schema-graph\">{\"@context\":\"https:\/\/schema.org\",\"@graph\":[{\"@type\":\"WebPage\",\"@id\":\"https:\/\/aprh.pt\/pt\/socios\/perfis\/carina-arranja\/\",\"url\":\"https:\/\/aprh.pt\/pt\/socios\/perfis\/carina-arranja\/\",\"name\":\"Carina Arranja - APRH\",\"isPartOf\":{\"@id\":\"https:\/\/aprh.pt\/pt\/#website\"},\"primaryImageOfPage\":{\"@id\":\"https:\/\/aprh.pt\/pt\/socios\/perfis\/carina-arranja\/#primaryimage\"},\"image\":{\"@id\":\"https:\/\/aprh.pt\/pt\/socios\/perfis\/carina-arranja\/#primaryimage\"},\"thumbnailUrl\":\"https:\/\/www.aprh.pt\/wp-content\/uploads\/2024\/09\/IMG_1123-Carina-Arranja.jpeg\",\"datePublished\":\"2024-09-18T15:15:01+00:00\",\"dateModified\":\"2024-09-18T15:15:32+00:00\",\"breadcrumb\":{\"@id\":\"https:\/\/aprh.pt\/pt\/socios\/perfis\/carina-arranja\/#breadcrumb\"},\"inLanguage\":\"pt-PT\",\"potentialAction\":[{\"@type\":\"ReadAction\",\"target\":[\"https:\/\/aprh.pt\/pt\/socios\/perfis\/carina-arranja\/\"]}]},{\"@type\":\"ImageObject\",\"inLanguage\":\"pt-PT\",\"@id\":\"https:\/\/aprh.pt\/pt\/socios\/perfis\/carina-arranja\/#primaryimage\",\"url\":\"https:\/\/www.aprh.pt\/wp-content\/uploads\/2024\/09\/IMG_1123-Carina-Arranja.jpeg\",\"contentUrl\":\"https:\/\/www.aprh.pt\/wp-content\/uploads\/2024\/09\/IMG_1123-Carina-Arranja.jpeg\"},{\"@type\":\"BreadcrumbList\",\"@id\":\"https:\/\/aprh.pt\/pt\/socios\/perfis\/carina-arranja\/#breadcrumb\",\"itemListElement\":[{\"@type\":\"ListItem\",\"position\":1,\"name\":\"Home\",\"item\":\"https:\/\/aprh.pt\/pt\/\"},{\"@type\":\"ListItem\",\"position\":2,\"name\":\"Associados\",\"item\":\"https:\/\/aprh.pt\/pt\/socios\/\"},{\"@type\":\"ListItem\",\"position\":3,\"name\":\"Perfis\",\"item\":\"https:\/\/aprh.pt\/pt\/socios\/perfis\/\"},{\"@type\":\"ListItem\",\"position\":4,\"name\":\"Carina Arranja\"}]},{\"@type\":\"WebSite\",\"@id\":\"https:\/\/aprh.pt\/pt\/#website\",\"url\":\"https:\/\/aprh.pt\/pt\/\",\"name\":\"APRH\",\"description\":\"Associa\u00e7\u00e3o Portuguesa dos Recursos H\u00eddricos\",\"publisher\":{\"@id\":\"https:\/\/aprh.pt\/pt\/#organization\"},\"potentialAction\":[{\"@type\":\"SearchAction\",\"target\":{\"@type\":\"EntryPoint\",\"urlTemplate\":\"https:\/\/aprh.pt\/pt\/?s={search_term_string}\"},\"query-input\":{\"@type\":\"PropertyValueSpecification\",\"valueRequired\":true,\"valueName\":\"search_term_string\"}}],\"inLanguage\":\"pt-PT\"},{\"@type\":\"Organization\",\"@id\":\"https:\/\/aprh.pt\/pt\/#organization\",\"name\":\"APRH\",\"url\":\"https:\/\/aprh.pt\/pt\/\",\"logo\":{\"@type\":\"ImageObject\",\"inLanguage\":\"pt-PT\",\"@id\":\"https:\/\/aprh.pt\/pt\/#\/schema\/logo\/image\/\",\"url\":\"https:\/\/aprh.pt\/wp-content\/uploads\/2022\/04\/logotipo.png\",\"contentUrl\":\"https:\/\/aprh.pt\/wp-content\/uploads\/2022\/04\/logotipo.png\",\"width\":181,\"height\":80,\"caption\":\"APRH\"},\"image\":{\"@id\":\"https:\/\/aprh.pt\/pt\/#\/schema\/logo\/image\/\"}}]}<\/script>\n<!-- \/ Yoast SEO plugin. -->","yoast_head_json":{"title":"Carina Arranja - APRH","robots":{"index":"index","follow":"follow","max-snippet":"max-snippet:-1","max-image-preview":"max-image-preview:large","max-video-preview":"max-video-preview:-1"},"canonical":"https:\/\/aprh.pt\/pt\/socios\/perfis\/carina-arranja\/","og_locale":"pt_PT","og_type":"article","og_title":"Carina Arranja - APRH","og_description":"Associados da APRH Nome Associado 1838 Email: carinaarranja@fenareg.pt Data de nascimento: 1975\/02\/21 Nacionalidade: Portuguesa Site: www.fenareg.pt Forma\u00e7\u00e3o Curso: Engenharia dos Recursos H\u00eddricos Estabelecimento de ensino: Universidade de \u00c9vora Ano de conclus\u00e3o: 2003\/01\/01 Graus acad\u00e9micos: Mestre Especializa\u00e7\u00f5es: Gest\u00e3o Integrada de Recursos H\u00eddricos, Planeamento, Modela\u00e7\u00e3o hidr\u00e1ulica, Aproveitamentos Hidroagr\u00edcolas, Regadio Actividade profissional atual Entidade: FENAREG &#8211; Federa\u00e7\u00e3o Nacional [&hellip;]","og_url":"https:\/\/aprh.pt\/pt\/socios\/perfis\/carina-arranja\/","og_site_name":"APRH","article_modified_time":"2024-09-18T15:15:32+00:00","og_image":[{"url":"https:\/\/www.aprh.pt\/wp-content\/uploads\/2024\/09\/IMG_1123-Carina-Arranja.jpeg"}],"twitter_card":"summary_large_image","twitter_misc":{"Tempo estimado de leitura":"1 minuto"},"schema":{"@context":"https:\/\/schema.org","@graph":[{"@type":"WebPage","@id":"https:\/\/aprh.pt\/pt\/socios\/perfis\/carina-arranja\/","url":"https:\/\/aprh.pt\/pt\/socios\/perfis\/carina-arranja\/","name":"Carina Arranja - APRH","isPartOf":{"@id":"https:\/\/aprh.pt\/pt\/#website"},"primaryImageOfPage":{"@id":"https:\/\/aprh.pt\/pt\/socios\/perfis\/carina-arranja\/#primaryimage"},"image":{"@id":"https:\/\/aprh.pt\/pt\/socios\/perfis\/carina-arranja\/#primaryimage"},"thumbnailUrl":"https:\/\/www.aprh.pt\/wp-content\/uploads\/2024\/09\/IMG_1123-Carina-Arranja.jpeg","datePublished":"2024-09-18T15:15:01+00:00","dateModified":"2024-09-18T15:15:32+00:00","breadcrumb":{"@id":"https:\/\/aprh.pt\/pt\/socios\/perfis\/carina-arranja\/#breadcrumb"},"inLanguage":"pt-PT","potentialAction":[{"@type":"ReadAction","target":["https:\/\/aprh.pt\/pt\/socios\/perfis\/carina-arranja\/"]}]},{"@type":"ImageObject","inLanguage":"pt-PT","@id":"https:\/\/aprh.pt\/pt\/socios\/perfis\/carina-arranja\/#primaryimage","url":"https:\/\/www.aprh.pt\/wp-content\/uploads\/2024\/09\/IMG_1123-Carina-Arranja.jpeg","contentUrl":"https:\/\/www.aprh.pt\/wp-content\/uploads\/2024\/09\/IMG_1123-Carina-Arranja.jpeg"},{"@type":"BreadcrumbList","@id":"https:\/\/aprh.pt\/pt\/socios\/perfis\/carina-arranja\/#breadcrumb","itemListElement":[{"@type":"ListItem","position":1,"name":"Home","item":"https:\/\/aprh.pt\/pt\/"},{"@type":"ListItem","position":2,"name":"Associados","item":"https:\/\/aprh.pt\/pt\/socios\/"},{"@type":"ListItem","position":3,"name":"Perfis","item":"https:\/\/aprh.pt\/pt\/socios\/perfis\/"},{"@type":"ListItem","position":4,"name":"Carina Arranja"}]},{"@type":"WebSite","@id":"https:\/\/aprh.pt\/pt\/#website","url":"https:\/\/aprh.pt\/pt\/","name":"APRH","description":"Associa\u00e7\u00e3o Portuguesa dos Recursos H\u00eddricos","publisher":{"@id":"https:\/\/aprh.pt\/pt\/#organization"},"potentialAction":[{"@type":"SearchAction","target":{"@type":"EntryPoint","urlTemplate":"https:\/\/aprh.pt\/pt\/?s={search_term_string}"},"query-input":{"@type":"PropertyValueSpecification","valueRequired":true,"valueName":"search_term_string"}}],"inLanguage":"pt-PT"},{"@type":"Organization","@id":"https:\/\/aprh.pt\/pt\/#organization","name":"APRH","url":"https:\/\/aprh.pt\/pt\/","logo":{"@type":"ImageObject","inLanguage":"pt-PT","@id":"https:\/\/aprh.pt\/pt\/#\/schema\/logo\/image\/","url":"https:\/\/aprh.pt\/wp-content\/uploads\/2022\/04\/logotipo.png","contentUrl":"https:\/\/aprh.pt\/wp-content\/uploads\/2022\/04\/logotipo.png","width":181,"height":80,"caption":"APRH"},"image":{"@id":"https:\/\/aprh.pt\/pt\/#\/schema\/logo\/image\/"}}]}},"_links":{"self":[{"href":"https:\/\/aprh.pt\/pt\/wp-json\/wp\/v2\/pages\/76542","targetHints":{"allow":["GET"]}}],"collection":[{"href":"https:\/\/aprh.pt\/pt\/wp-json\/wp\/v2\/pages"}],"about":[{"href":"https:\/\/aprh.pt\/pt\/wp-json\/wp\/v2\/types\/page"}],"author":[{"embeddable":true,"href":"https:\/\/aprh.pt\/pt\/wp-json\/wp\/v2\/users\/2"}],"replies":[{"embeddable":true,"href":"https:\/\/aprh.pt\/pt\/wp-json\/wp\/v2\/comments?post=76542"}],"version-history":[{"count":5,"href":"https:\/\/aprh.pt\/pt\/wp-json\/wp\/v2\/pages\/76542\/revisions"}],"predecessor-version":[{"id":76550,"href":"https:\/\/aprh.pt\/pt\/wp-json\/wp\/v2\/pages\/76542\/revisions\/76550"}],"up":[{"embeddable":true,"href":"https:\/\/aprh.pt\/pt\/wp-json\/wp\/v2\/pages\/150"}],"wp:attachment":[{"href":"https:\/\/aprh.pt\/pt\/wp-json\/wp\/v2\/media?parent=76542"}],"curies":[{"name":"wp","href":"https:\/\/api.w.org\/{rel}","templated":true}]}}