{"id":77,"date":"2022-04-05T17:10:14","date_gmt":"2022-04-05T17:10:14","guid":{"rendered":"https:\/\/aprh.zalox.pt\/?page_id=77"},"modified":"2024-11-15T12:07:18","modified_gmt":"2024-11-15T12:07:18","slug":"premios-dos-servicos-de-aguas-e-residuos","status":"publish","type":"page","link":"https:\/\/aprh.pt\/pt\/premios\/premios-dos-servicos-de-aguas-e-residuos\/","title":{"rendered":"Pr\u00e9mios dos servi\u00e7os de \u00e1guas e res\u00edduos"},"content":{"rendered":"\t\t<div data-elementor-type=\"wp-page\" data-elementor-id=\"77\" class=\"elementor elementor-77\" data-elementor-post-type=\"page\">\n\t\t\t\t\t\t<section class=\"elementor-section elementor-top-section elementor-element elementor-element-17299b38 elementor-section-boxed elementor-section-height-default elementor-section-height-default\" data-id=\"17299b38\" data-element_type=\"section\">\n\t\t\t\t\t\t<div class=\"elementor-container elementor-column-gap-no\">\n\t\t\t\t\t<div class=\"elementor-column elementor-col-100 elementor-top-column elementor-element elementor-element-4c48882e\" data-id=\"4c48882e\" data-element_type=\"column\">\n\t\t\t<div class=\"elementor-widget-wrap elementor-element-populated\">\n\t\t\t\t\t\t<div class=\"elementor-element elementor-element-1c638056 elementor-widget elementor-widget-global elementor-global-475 elementor-widget-spacer\" data-id=\"1c638056\" data-element_type=\"widget\" data-widget_type=\"spacer.default\">\n\t\t\t\t<div class=\"elementor-widget-container\">\n\t\t\t\t\t<div class=\"elementor-spacer\">\n\t\t\t<div class=\"elementor-spacer-inner\"><\/div>\n\t\t<\/div>\n\t\t\t\t<\/div>\n\t\t\t\t<\/div>\n\t\t\t\t\t<\/div>\n\t\t<\/div>\n\t\t\t\t\t<\/div>\n\t\t<\/section>\n\t\t\t\t<section class=\"elementor-section elementor-top-section elementor-element elementor-element-d30586e elementor-section-boxed elementor-section-height-default elementor-section-height-default\" data-id=\"d30586e\" data-element_type=\"section\">\n\t\t\t\t\t\t<div class=\"elementor-container elementor-column-gap-no\">\n\t\t\t\t\t<div class=\"elementor-column elementor-col-25 elementor-top-column elementor-element elementor-element-7d3b80d\" data-id=\"7d3b80d\" data-element_type=\"column\">\n\t\t\t<div class=\"elementor-widget-wrap elementor-element-populated\">\n\t\t\t\t\t\t<div class=\"elementor-element elementor-element-9c58466 elementor-widget elementor-widget-heading\" data-id=\"9c58466\" data-element_type=\"widget\" data-widget_type=\"heading.default\">\n\t\t\t\t<div class=\"elementor-widget-container\">\n\t\t\t<h2 class=\"elementor-heading-title elementor-size-default\">Pr\u00e9mios e Selos de Qualidade dos Servi\u00e7os <br> de \u00c1guas e Res\u00edduos<\/h2>\t\t<\/div>\n\t\t\t\t<\/div>\n\t\t\t\t\t<\/div>\n\t\t<\/div>\n\t\t\t\t<div class=\"elementor-column elementor-col-50 elementor-top-column elementor-element elementor-element-5ddf1b7\" data-id=\"5ddf1b7\" data-element_type=\"column\">\n\t\t\t<div class=\"elementor-widget-wrap elementor-element-populated\">\n\t\t\t\t\t\t<div class=\"elementor-element elementor-element-bebb96f elementor-widget elementor-widget-text-editor\" data-id=\"bebb96f\" data-element_type=\"widget\" data-widget_type=\"text-editor.default\">\n\t\t\t\t<div class=\"elementor-widget-container\">\n\t\t\t\t\t\t\t<p>Texto retirado do site da ERSAR (<a href=\"http:\/\/www.ersar.pt\/pt\/setor\/premios-e-selos-de-qualidade\" target=\"_blank\" rel=\"noopener noreferrer\">http:\/\/www.ersar.pt\/pt\/setor\/premios-e-selos-de-qualidade<\/a>):<\/p>\t\t\t\t\t\t<\/div>\n\t\t\t\t<\/div>\n\t\t\t\t<div class=\"elementor-element elementor-element-e91b0e1 elementor-widget elementor-widget-text-editor\" data-id=\"e91b0e1\" data-element_type=\"widget\" data-widget_type=\"text-editor.default\">\n\t\t\t\t<div class=\"elementor-widget-container\">\n\t\t\t\t\t\t\t<p>Os servi\u00e7os de abastecimento p\u00fablico de \u00e1gua, saneamento de \u00e1guas residuais urbanas e gest\u00e3o de res\u00edduos urbanos em Portugal t\u00eam evolu\u00eddo muito positivamente nas \u00faltimas d\u00e9cadas. Esta evolu\u00e7\u00e3o traduziu-se no aumento substancial da qualidade da \u00e1gua para consumo humano, bem como no aumento da cobertura e do acesso por parte da popula\u00e7\u00e3o aos servi\u00e7os, a par da redu\u00e7\u00e3o da polui\u00e7\u00e3o que as atividades humanas geram no ambiente.<\/p><p>Conscientes da necessidade de manter aquela trajet\u00f3ria de melhoria, importa manter o foco no esfor\u00e7o para o alcan\u00e7ar de um desidrato mais compat\u00edvel com as solicita\u00e7\u00f5es da sociedade, na perspetiva da presta\u00e7\u00e3o de servi\u00e7os b\u00e1sicos de excel\u00eancia.<\/p><p>Nesse sentido, a ERSAR atribui os &#8220;Pr\u00e9mios dos servi\u00e7os de \u00e1guas e res\u00edduos&#8221; \u00e0s entidades gestoras que mais se distinguem nesta \u00e1rea, em parceria com o Jornal \u00c1gua &amp; Ambiente e com a colabora\u00e7\u00e3o de entidades representativas do setor: a Associa\u00e7\u00e3o Portuguesa de Distribui\u00e7\u00e3o e Drenagem de \u00c1guas (APDA), a Associa\u00e7\u00e3o Portuguesa de Engenharia Sanit\u00e1ria e Ambiental (APESB), a Associa\u00e7\u00e3o Portuguesa dos Recursos H\u00eddricos (APRH), a Associa\u00e7\u00e3o para a Gest\u00e3o de Res\u00edduos (ESGRA), a Associa\u00e7\u00e3o Portuguesa de Empresas de Tecnologias Ambientais (APEMETA) e a Associa\u00e7\u00e3o Portuguesa para a Defesa do Consumidor (DECO).<\/p><p>Com esta iniciativa, evidencia-se a exist\u00eancia de um rigoroso sistema de avalia\u00e7\u00e3o dos servi\u00e7os prestados aos consumidores, os quais t\u00eam assim oportunidade de conhecer melhor as entidades que lhes prestam os melhores servi\u00e7os em diferentes \u00e1reas. A atribui\u00e7\u00e3o destes pr\u00e9mios por parte da ERSAR visa igualmente sensibilizar as entidades gestoras multimunicipais e municipais para as quest\u00f5es da qualidade na conce\u00e7\u00e3o, execu\u00e7\u00e3o, gest\u00e3o e explora\u00e7\u00e3o dos sistemas.<\/p><p>Os &#8220;Pr\u00e9mios dos Servi\u00e7os de \u00c1guas e Res\u00edduos&#8221; consistem num conjunto de Pr\u00e9mios de Excel\u00eancia, atribu\u00eddos no \u00e2mbito de v\u00e1rios temas a entidades gestoras que se destaquem no tema selecionado, bem como em Selos de Qualidade, atribu\u00eddos em v\u00e1rios temas \u00e0s entidades gestoras que cumprem os crit\u00e9rios m\u00ednimos identificados no regulamento anual da iniciativa.<\/p><p>Na edi\u00e7\u00e3o de 2018 as entidades gestoras premiadas foram as seguintes:<\/p>\t\t\t\t\t\t<\/div>\n\t\t\t\t<\/div>\n\t\t\t\t<div class=\"elementor-element elementor-element-b9188bd elementor-widget elementor-widget-heading\" data-id=\"b9188bd\" data-element_type=\"widget\" data-widget_type=\"heading.default\">\n\t\t\t\t<div class=\"elementor-widget-container\">\n\t\t\t<h2 class=\"elementor-heading-title elementor-size-default\">\"Pr\u00e9mio de excel\u00eancia em abastecimento p\u00fablico de \u00e1gua entre entidades\"<\/h2>\t\t<\/div>\n\t\t\t\t<\/div>\n\t\t\t\t<div class=\"elementor-element elementor-element-b4d0cfc elementor-widget elementor-widget-text-editor\" data-id=\"b4d0cfc\" data-element_type=\"widget\" data-widget_type=\"text-editor.default\">\n\t\t\t\t<div class=\"elementor-widget-container\">\n\t\t\t\t\t\t\t<p>\u2022 EPAL &#8211; Servi\u00e7o em alta<\/p>\t\t\t\t\t\t<\/div>\n\t\t\t\t<\/div>\n\t\t\t\t<div class=\"elementor-element elementor-element-5ee6f6a elementor-widget elementor-widget-heading\" data-id=\"5ee6f6a\" data-element_type=\"widget\" data-widget_type=\"heading.default\">\n\t\t\t\t<div class=\"elementor-widget-container\">\n\t\t\t<h2 class=\"elementor-heading-title elementor-size-default\">\"Pr\u00e9mio de excel\u00eancia em abastecimento p\u00fablico de \u00e1gua ao consumidor\"<\/h2>\t\t<\/div>\n\t\t\t\t<\/div>\n\t\t\t\t<div class=\"elementor-element elementor-element-f7761c3 elementor-widget elementor-widget-text-editor\" data-id=\"f7761c3\" data-element_type=\"widget\" data-widget_type=\"text-editor.default\">\n\t\t\t\t<div class=\"elementor-widget-container\">\n\t\t\t\t\t\t\t<p>\u2022 Indaqua Matosinhos<\/p>\t\t\t\t\t\t<\/div>\n\t\t\t\t<\/div>\n\t\t\t\t<div class=\"elementor-element elementor-element-6445439 elementor-widget elementor-widget-heading\" data-id=\"6445439\" data-element_type=\"widget\" data-widget_type=\"heading.default\">\n\t\t\t\t<div class=\"elementor-widget-container\">\n\t\t\t<h2 class=\"elementor-heading-title elementor-size-default\">\"Selo de qualidade em abastecimento p\u00fablico de \u00e1gua\"\n\n<\/h2>\t\t<\/div>\n\t\t\t\t<\/div>\n\t\t\t\t<div class=\"elementor-element elementor-element-59fa5b9 elementor-widget elementor-widget-text-editor\" data-id=\"59fa5b9\" data-element_type=\"widget\" data-widget_type=\"text-editor.default\">\n\t\t\t\t<div class=\"elementor-widget-container\">\n\t\t\t\t\t\t\t<p>\u2022 \u00c1guas de Paredes\u00a0<br \/>\u2022 \u00c1guas de Valongo \u00a0\u00a0<br \/>\u2022 EPAL &#8211; Servi\u00e7o em baixa<\/p>\t\t\t\t\t\t<\/div>\n\t\t\t\t<\/div>\n\t\t\t\t<div class=\"elementor-element elementor-element-3cfd4c0 elementor-widget elementor-widget-heading\" data-id=\"3cfd4c0\" data-element_type=\"widget\" data-widget_type=\"heading.default\">\n\t\t\t\t<div class=\"elementor-widget-container\">\n\t\t\t<h2 class=\"elementor-heading-title elementor-size-default\">\"Pr\u00e9mio de excel\u00eancia em saneamento de \u00e1guas residuais urbanas entre entidades\"\n\n<\/h2>\t\t<\/div>\n\t\t\t\t<\/div>\n\t\t\t\t<div class=\"elementor-element elementor-element-e7394d0 elementor-widget elementor-widget-text-editor\" data-id=\"e7394d0\" data-element_type=\"widget\" data-widget_type=\"text-editor.default\">\n\t\t\t\t<div class=\"elementor-widget-container\">\n\t\t\t\t\t\t\t<p>\u2022 [pr\u00e9mio n\u00e3o atribu\u00eddo]<\/p>\t\t\t\t\t\t<\/div>\n\t\t\t\t<\/div>\n\t\t\t\t<div class=\"elementor-element elementor-element-a84f10e elementor-widget elementor-widget-heading\" data-id=\"a84f10e\" data-element_type=\"widget\" data-widget_type=\"heading.default\">\n\t\t\t\t<div class=\"elementor-widget-container\">\n\t\t\t<h2 class=\"elementor-heading-title elementor-size-default\">\"Pr\u00e9mio de excel\u00eancia em saneamento de \u00e1guas residuais urbanas ao consumidor\" \n\n<\/h2>\t\t<\/div>\n\t\t\t\t<\/div>\n\t\t\t\t<div class=\"elementor-element elementor-element-225710d elementor-widget elementor-widget-text-editor\" data-id=\"225710d\" data-element_type=\"widget\" data-widget_type=\"text-editor.default\">\n\t\t\t\t<div class=\"elementor-widget-container\">\n\t\t\t\t\t\t\t<p>\u2022 INOVA<\/p>\t\t\t\t\t\t<\/div>\n\t\t\t\t<\/div>\n\t\t\t\t<div class=\"elementor-element elementor-element-53c7051 elementor-widget elementor-widget-heading\" data-id=\"53c7051\" data-element_type=\"widget\" data-widget_type=\"heading.default\">\n\t\t\t\t<div class=\"elementor-widget-container\">\n\t\t\t<h2 class=\"elementor-heading-title elementor-size-default\">\"Selo de qualidade em saneamento de \u00e1guas residuais urbanas\" \n\n<\/h2>\t\t<\/div>\n\t\t\t\t<\/div>\n\t\t\t\t<div class=\"elementor-element elementor-element-c1d977a elementor-widget elementor-widget-text-editor\" data-id=\"c1d977a\" data-element_type=\"widget\" data-widget_type=\"text-editor.default\">\n\t\t\t\t<div class=\"elementor-widget-container\">\n\t\t\t\t\t\t\t<p>\u2022 \u00c1guas de Paredes\u00a0<br \/>\u2022 \u00c1guas de Valongo<\/p>\t\t\t\t\t\t<\/div>\n\t\t\t\t<\/div>\n\t\t\t\t<div class=\"elementor-element elementor-element-ce51b4b elementor-widget elementor-widget-heading\" data-id=\"ce51b4b\" data-element_type=\"widget\" data-widget_type=\"heading.default\">\n\t\t\t\t<div class=\"elementor-widget-container\">\n\t\t\t<h2 class=\"elementor-heading-title elementor-size-default\">\"Selo de qualidade exemplar da \u00e1gua para consumo humano\" <\/h2>\t\t<\/div>\n\t\t\t\t<\/div>\n\t\t\t\t<div class=\"elementor-element elementor-element-05b7781 elementor-widget elementor-widget-text-editor\" data-id=\"05b7781\" data-element_type=\"widget\" data-widget_type=\"text-editor.default\">\n\t\t\t\t<div class=\"elementor-widget-container\">\n\t\t\t\t\t\t\t<p>\u2022 AGERE\u00a0<br \/>\u2022 \u00c1guas da Azambuja\u00a0<br \/>\u2022 \u00c1guas da Figueira\u00a0<br \/>\u2022 \u00c1guas da Regi\u00e3o de Aveiro\u00a0<br \/>\u2022 \u00c1guas de Alenquer\u00a0<br \/>\u2022 \u00c1guas de Barcelos\u00a0<br \/>\u2022 \u00c1guas de Cascais\u00a0<br \/>\u2022 \u00c1guas de Coimbra\u00a0<br \/>\u2022 \u00c1guas de Gaia\u00a0<br \/>\u2022 \u00c1guas de Gondomar\u00a0<br \/>\u2022 \u00c1guas de Mafra\u00a0<br \/>\u2022 \u00c1guas de Our\u00e9m\u00a0<br \/>\u2022 \u00c1guas de Pa\u00e7os de Ferreira\u00a0<br \/>\u2022 \u00c1guas de Paredes\u00a0<br \/>\u2022 \u00c1guas de S. Jo\u00e3o\u00a0<br \/>\u2022 \u00c1guas de Santar\u00e9m\u00a0<br \/>\u2022 \u00c1guas de Santo Andr\u00e9<br \/>\u2022 \u00c1guas de Valongo\u00a0<br \/>\u2022 \u00c1guas do Lena\u00a0<br \/>\u2022 \u00c1guas do Planalto\u00a0<br \/>\u2022 \u00c1guas do Porto\u00a0<br \/>\u2022 \u00c1guas do Ribatejo\u00a0<br \/>\u2022 \u00c1guas do Sado\u00a0<br \/>\u2022 Aquaelvas\u00a0<br \/>\u2022 Aquamaior\u00a0<br \/>\u2022 CM de Albufeira\u00a0<br \/>\u2022 CM de Almeida\u00a0<br \/>\u2022 CM de Belmonte\u00a0<br \/>\u2022 CM de Bombarral\u00a0<br \/>\u2022 CM de Castelo de Vide\u00a0<br \/>\u2022 CM de Celorico da Beira\u00a0<br \/>\u2022 CM de Condeixa-a-Nova\u00a0<br \/>\u2022 CM de Const\u00e2ncia\u00a0<br \/>\u2022 CM de Cuba\u00a0<br \/>\u2022 CM de Estremoz\u00a0<br \/>\u2022 CM de Ferreira do Z\u00eazere\u00a0<br \/>\u2022 CM de Figueira de Castelo Rodrigo\u00a0<br \/>\u2022 CM de Figueir\u00f3 dos Vinhos\u00a0<br \/>\u2022 CM de Lagos\u00a0<br \/>\u2022 CM de Lamego\u00a0<br \/>\u2022 CM de Marinha Grande\u00a0<br \/>\u2022 CM de Marv\u00e3o\u00a0<br \/>\u2022 CM de Miranda do Corvo\u00a0<br \/>\u2022 CM de Mogadouro\u00a0<br \/>\u2022 CM de Moita\u00a0<br \/>\u2022 CM de Monchique\u00a0<br \/>\u2022 CM de Mour\u00e3o\u00a0<br \/>\u2022 CM de \u00d3bidos\u00a0<br \/>\u2022 CM de Paredes de Coura\u00a0<br \/>\u2022 CM de Penacova\u00a0<br \/>\u2022 CM de Penamacor\u00a0<br \/>\u2022 CM de Peso da R\u00e9gua\u00a0<br \/>\u2022 CM de Pinhel\u00a0<br \/>\u2022 CM de Pombal\u00a0<br \/>\u2022 CM de Ponte de Lima\u00a0<br \/>\u2022 CM de Sabugal\u00a0<br \/>\u2022 CM de Santiago do Cac\u00e9m\u00a0<br \/>\u2022 CM de Sobral de Monte Agra\u00e7o\u00a0<br \/>\u2022 CM de Tarouca\u00a0<br \/>\u2022 CM de Viana do Alentejo\u00a0<br \/>\u2022 CM de Vidigueira\u00a0<br \/>\u2022 CM de Vila Nova de Famalic\u00e3o\u00a0<br \/>\u2022 CM de Vila Nova de Poiares\u00a0<br \/>\u2022 CM de Vinhais\u00a0<br \/>\u2022 EMAR de Vila Real\u00a0<br \/>\u2022 Esposende Ambiente\u00a0<br \/>\u2022 FAGAR &#8211; Faro\u00a0<br \/>\u2022 Indaqua Matosinhos\u00a0<br \/>\u2022 Indaqua Santo Tirso\/Trofa\u00a0<br \/>\u2022 Indaqua Vila do Conde\u00a0<br \/>\u2022 INFRAQUINTA\u00a0<br \/>\u2022 INOVA\u00a0<br \/>\u2022 Lus\u00e1gua Alcanena\u00a0<br \/>\u2022 SIMAR de Loures e Odivelas\u00a0<br \/>\u2022 SIMAS de Oeiras e Amadora\u00a0<br \/>\u2022 SM de Alcoba\u00e7a\u00a0<br \/>\u2022 SMAS de Almada\u00a0<br \/>\u2022 SMAS de Leiria\u00a0<br \/>\u2022 SMAS de Montijo\u00a0<br \/>\u2022 SMAS de Torres Vedras\u00a0<br \/>\u2022 SMAS de Vila Franca de Xira\u00a0<br \/>\u2022 SMAT de Portalegre\u00a0<br \/>\u2022 SMEAS de Maia\u00a0<br \/>\u2022 Taviraverde\u00a0<br \/>\u2022 VRSA &#8211; Sociedade de Gest\u00e3o Urbana<\/p>\t\t\t\t\t\t<\/div>\n\t\t\t\t<\/div>\n\t\t\t\t<div class=\"elementor-element elementor-element-deb5622 elementor-widget elementor-widget-heading\" data-id=\"deb5622\" data-element_type=\"widget\" data-widget_type=\"heading.default\">\n\t\t\t\t<div class=\"elementor-widget-container\">\n\t\t\t<h2 class=\"elementor-heading-title elementor-size-default\">\"Selo de qualidade para o uso eficiente da \u00e1gua\":\n\n<\/h2>\t\t<\/div>\n\t\t\t\t<\/div>\n\t\t\t\t<div class=\"elementor-element elementor-element-f0778e5 elementor-widget elementor-widget-text-editor\" data-id=\"f0778e5\" data-element_type=\"widget\" data-widget_type=\"text-editor.default\">\n\t\t\t\t<div class=\"elementor-widget-container\">\n\t\t\t\t\t\t\t<p>\u2022 Indaqua Matosinhos<\/p>\t\t\t\t\t\t<\/div>\n\t\t\t\t<\/div>\n\t\t\t\t<div class=\"elementor-element elementor-element-2bd5300 elementor-widget elementor-widget-text-editor\" data-id=\"2bd5300\" data-element_type=\"widget\" data-widget_type=\"text-editor.default\">\n\t\t\t\t<div class=\"elementor-widget-container\">\n\t\t\t\t\t\t\t<p>Consulte os regulamentos em Documentos Associados.<\/p><p>Abaixo pode consultar os seguintes documentos:<br \/>&#8211;\u00a0<a href=\"https:\/\/aprh.pt\/images\/stories\/pdf\/Manual_Normas_Graficas_Selos_ERSAR_v2.pdf\" target=\"_blank\" rel=\"noopener\">Regulamento do uso dos Pr\u00e9mios e Selos dos servi\u00e7os de \u00e1guas e res\u00edduos<\/a><br \/>&#8211;\u00a0<a href=\"https:\/\/aprh.pt\/images\/stories\/pdf\/Regulamento_Uso_Selo_ERSAR.pdf\" target=\"_blank\" rel=\"noopener\">Manual de Normas Gr\u00e1ficas do Selo de Qualidade<\/a><\/p>\t\t\t\t\t\t<\/div>\n\t\t\t\t<\/div>\n\t\t\t\t\t<\/div>\n\t\t<\/div>\n\t\t\t\t<div class=\"elementor-column elementor-col-25 elementor-top-column elementor-element elementor-element-896226a elementor-hidden-tablet elementor-hidden-mobile\" data-id=\"896226a\" data-element_type=\"column\">\n\t\t\t<div class=\"elementor-widget-wrap\">\n\t\t\t\t\t\t\t<\/div>\n\t\t<\/div>\n\t\t\t\t\t<\/div>\n\t\t<\/section>\n\t\t\t\t<section class=\"elementor-section elementor-top-section elementor-element elementor-element-5e8a9d5a elementor-section-boxed elementor-section-height-default elementor-section-height-default\" data-id=\"5e8a9d5a\" data-element_type=\"section\">\n\t\t\t\t\t\t<div class=\"elementor-container elementor-column-gap-no\">\n\t\t\t\t\t<div class=\"elementor-column elementor-col-100 elementor-top-column elementor-element elementor-element-4a189c18\" data-id=\"4a189c18\" data-element_type=\"column\">\n\t\t\t<div class=\"elementor-widget-wrap elementor-element-populated\">\n\t\t\t\t\t\t<div class=\"elementor-element elementor-element-5e797c55 elementor-widget elementor-widget-global elementor-global-500 elementor-widget-spacer\" data-id=\"5e797c55\" data-element_type=\"widget\" data-widget_type=\"spacer.default\">\n\t\t\t\t<div class=\"elementor-widget-container\">\n\t\t\t\t\t<div class=\"elementor-spacer\">\n\t\t\t<div class=\"elementor-spacer-inner\"><\/div>\n\t\t<\/div>\n\t\t\t\t<\/div>\n\t\t\t\t<\/div>\n\t\t\t\t\t<\/div>\n\t\t<\/div>\n\t\t\t\t\t<\/div>\n\t\t<\/section>\n\t\t\t\t<\/div>\n\t\t","protected":false},"excerpt":{"rendered":"<p>Pr\u00e9mios e Selos de Qualidade dos Servi\u00e7os de \u00c1guas e Res\u00edduos Texto retirado do site da ERSAR (http:\/\/www.ersar.pt\/pt\/setor\/premios-e-selos-de-qualidade): Os servi\u00e7os de abastecimento p\u00fablico de \u00e1gua, saneamento de \u00e1guas residuais urbanas e gest\u00e3o de res\u00edduos urbanos em Portugal t\u00eam evolu\u00eddo muito positivamente nas \u00faltimas d\u00e9cadas. Esta evolu\u00e7\u00e3o traduziu-se no aumento substancial da qualidade da \u00e1gua para [&hellip;]<\/p>\n","protected":false},"author":1,"featured_media":0,"parent":42478,"menu_order":0,"comment_status":"closed","ping_status":"closed","template":"","meta":{"footnotes":""},"class_list":["post-77","page","type-page","status-publish","hentry"],"yoast_head":"<!-- This site is optimized with the Yoast SEO plugin v23.8 - https:\/\/yoast.com\/wordpress\/plugins\/seo\/ -->\n<title>Pr\u00e9mios dos servi\u00e7os de \u00e1guas e res\u00edduos - APRH<\/title>\n<meta name=\"robots\" content=\"index, follow, max-snippet:-1, max-image-preview:large, max-video-preview:-1\" \/>\n<link rel=\"canonical\" href=\"https:\/\/aprh.pt\/pt\/premios\/premios-dos-servicos-de-aguas-e-residuos\/\" \/>\n<meta property=\"og:locale\" content=\"pt_PT\" \/>\n<meta property=\"og:type\" content=\"article\" \/>\n<meta property=\"og:title\" content=\"Pr\u00e9mios dos servi\u00e7os de \u00e1guas e res\u00edduos - APRH\" \/>\n<meta property=\"og:description\" content=\"Pr\u00e9mios e Selos de Qualidade dos Servi\u00e7os de \u00c1guas e Res\u00edduos Texto retirado do site da ERSAR (http:\/\/www.ersar.pt\/pt\/setor\/premios-e-selos-de-qualidade): Os servi\u00e7os de abastecimento p\u00fablico de \u00e1gua, saneamento de \u00e1guas residuais urbanas e gest\u00e3o de res\u00edduos urbanos em Portugal t\u00eam evolu\u00eddo muito positivamente nas \u00faltimas d\u00e9cadas. Esta evolu\u00e7\u00e3o traduziu-se no aumento substancial da qualidade da \u00e1gua para [&hellip;]\" \/>\n<meta property=\"og:url\" content=\"https:\/\/aprh.pt\/pt\/premios\/premios-dos-servicos-de-aguas-e-residuos\/\" \/>\n<meta property=\"og:site_name\" content=\"APRH\" \/>\n<meta property=\"article:modified_time\" content=\"2024-11-15T12:07:18+00:00\" \/>\n<meta name=\"twitter:card\" content=\"summary_large_image\" \/>\n<meta name=\"twitter:label1\" content=\"Tempo estimado de leitura\" \/>\n\t<meta name=\"twitter:data1\" content=\"5 minutos\" \/>\n<script type=\"application\/ld+json\" class=\"yoast-schema-graph\">{\"@context\":\"https:\/\/schema.org\",\"@graph\":[{\"@type\":\"WebPage\",\"@id\":\"https:\/\/aprh.pt\/pt\/premios\/premios-dos-servicos-de-aguas-e-residuos\/\",\"url\":\"https:\/\/aprh.pt\/pt\/premios\/premios-dos-servicos-de-aguas-e-residuos\/\",\"name\":\"Pr\u00e9mios dos servi\u00e7os de \u00e1guas e res\u00edduos - APRH\",\"isPartOf\":{\"@id\":\"https:\/\/aprh.pt\/pt\/#website\"},\"datePublished\":\"2022-04-05T17:10:14+00:00\",\"dateModified\":\"2024-11-15T12:07:18+00:00\",\"breadcrumb\":{\"@id\":\"https:\/\/aprh.pt\/pt\/premios\/premios-dos-servicos-de-aguas-e-residuos\/#breadcrumb\"},\"inLanguage\":\"pt-PT\",\"potentialAction\":[{\"@type\":\"ReadAction\",\"target\":[\"https:\/\/aprh.pt\/pt\/premios\/premios-dos-servicos-de-aguas-e-residuos\/\"]}]},{\"@type\":\"BreadcrumbList\",\"@id\":\"https:\/\/aprh.pt\/pt\/premios\/premios-dos-servicos-de-aguas-e-residuos\/#breadcrumb\",\"itemListElement\":[{\"@type\":\"ListItem\",\"position\":1,\"name\":\"Home\",\"item\":\"https:\/\/aprh.pt\/pt\/\"},{\"@type\":\"ListItem\",\"position\":2,\"name\":\"Pr\u00e9mios\",\"item\":\"https:\/\/aprh.pt\/pt\/premios\/\"},{\"@type\":\"ListItem\",\"position\":3,\"name\":\"Pr\u00e9mios dos servi\u00e7os de \u00e1guas e res\u00edduos\"}]},{\"@type\":\"WebSite\",\"@id\":\"https:\/\/aprh.pt\/pt\/#website\",\"url\":\"https:\/\/aprh.pt\/pt\/\",\"name\":\"APRH\",\"description\":\"Associa\u00e7\u00e3o Portuguesa dos Recursos H\u00eddricos\",\"publisher\":{\"@id\":\"https:\/\/aprh.pt\/pt\/#organization\"},\"potentialAction\":[{\"@type\":\"SearchAction\",\"target\":{\"@type\":\"EntryPoint\",\"urlTemplate\":\"https:\/\/aprh.pt\/pt\/?s={search_term_string}\"},\"query-input\":{\"@type\":\"PropertyValueSpecification\",\"valueRequired\":true,\"valueName\":\"search_term_string\"}}],\"inLanguage\":\"pt-PT\"},{\"@type\":\"Organization\",\"@id\":\"https:\/\/aprh.pt\/pt\/#organization\",\"name\":\"APRH\",\"url\":\"https:\/\/aprh.pt\/pt\/\",\"logo\":{\"@type\":\"ImageObject\",\"inLanguage\":\"pt-PT\",\"@id\":\"https:\/\/aprh.pt\/pt\/#\/schema\/logo\/image\/\",\"url\":\"https:\/\/aprh.pt\/wp-content\/uploads\/2022\/04\/logotipo.png\",\"contentUrl\":\"https:\/\/aprh.pt\/wp-content\/uploads\/2022\/04\/logotipo.png\",\"width\":181,\"height\":80,\"caption\":\"APRH\"},\"image\":{\"@id\":\"https:\/\/aprh.pt\/pt\/#\/schema\/logo\/image\/\"}}]}<\/script>\n<!-- \/ Yoast SEO plugin. -->","yoast_head_json":{"title":"Pr\u00e9mios dos servi\u00e7os de \u00e1guas e res\u00edduos - APRH","robots":{"index":"index","follow":"follow","max-snippet":"max-snippet:-1","max-image-preview":"max-image-preview:large","max-video-preview":"max-video-preview:-1"},"canonical":"https:\/\/aprh.pt\/pt\/premios\/premios-dos-servicos-de-aguas-e-residuos\/","og_locale":"pt_PT","og_type":"article","og_title":"Pr\u00e9mios dos servi\u00e7os de \u00e1guas e res\u00edduos - APRH","og_description":"Pr\u00e9mios e Selos de Qualidade dos Servi\u00e7os de \u00c1guas e Res\u00edduos Texto retirado do site da ERSAR (http:\/\/www.ersar.pt\/pt\/setor\/premios-e-selos-de-qualidade): Os servi\u00e7os de abastecimento p\u00fablico de \u00e1gua, saneamento de \u00e1guas residuais urbanas e gest\u00e3o de res\u00edduos urbanos em Portugal t\u00eam evolu\u00eddo muito positivamente nas \u00faltimas d\u00e9cadas. Esta evolu\u00e7\u00e3o traduziu-se no aumento substancial da qualidade da \u00e1gua para [&hellip;]","og_url":"https:\/\/aprh.pt\/pt\/premios\/premios-dos-servicos-de-aguas-e-residuos\/","og_site_name":"APRH","article_modified_time":"2024-11-15T12:07:18+00:00","twitter_card":"summary_large_image","twitter_misc":{"Tempo estimado de leitura":"5 minutos"},"schema":{"@context":"https:\/\/schema.org","@graph":[{"@type":"WebPage","@id":"https:\/\/aprh.pt\/pt\/premios\/premios-dos-servicos-de-aguas-e-residuos\/","url":"https:\/\/aprh.pt\/pt\/premios\/premios-dos-servicos-de-aguas-e-residuos\/","name":"Pr\u00e9mios dos servi\u00e7os de \u00e1guas e res\u00edduos - APRH","isPartOf":{"@id":"https:\/\/aprh.pt\/pt\/#website"},"datePublished":"2022-04-05T17:10:14+00:00","dateModified":"2024-11-15T12:07:18+00:00","breadcrumb":{"@id":"https:\/\/aprh.pt\/pt\/premios\/premios-dos-servicos-de-aguas-e-residuos\/#breadcrumb"},"inLanguage":"pt-PT","potentialAction":[{"@type":"ReadAction","target":["https:\/\/aprh.pt\/pt\/premios\/premios-dos-servicos-de-aguas-e-residuos\/"]}]},{"@type":"BreadcrumbList","@id":"https:\/\/aprh.pt\/pt\/premios\/premios-dos-servicos-de-aguas-e-residuos\/#breadcrumb","itemListElement":[{"@type":"ListItem","position":1,"name":"Home","item":"https:\/\/aprh.pt\/pt\/"},{"@type":"ListItem","position":2,"name":"Pr\u00e9mios","item":"https:\/\/aprh.pt\/pt\/premios\/"},{"@type":"ListItem","position":3,"name":"Pr\u00e9mios dos servi\u00e7os de \u00e1guas e res\u00edduos"}]},{"@type":"WebSite","@id":"https:\/\/aprh.pt\/pt\/#website","url":"https:\/\/aprh.pt\/pt\/","name":"APRH","description":"Associa\u00e7\u00e3o Portuguesa dos Recursos H\u00eddricos","publisher":{"@id":"https:\/\/aprh.pt\/pt\/#organization"},"potentialAction":[{"@type":"SearchAction","target":{"@type":"EntryPoint","urlTemplate":"https:\/\/aprh.pt\/pt\/?s={search_term_string}"},"query-input":{"@type":"PropertyValueSpecification","valueRequired":true,"valueName":"search_term_string"}}],"inLanguage":"pt-PT"},{"@type":"Organization","@id":"https:\/\/aprh.pt\/pt\/#organization","name":"APRH","url":"https:\/\/aprh.pt\/pt\/","logo":{"@type":"ImageObject","inLanguage":"pt-PT","@id":"https:\/\/aprh.pt\/pt\/#\/schema\/logo\/image\/","url":"https:\/\/aprh.pt\/wp-content\/uploads\/2022\/04\/logotipo.png","contentUrl":"https:\/\/aprh.pt\/wp-content\/uploads\/2022\/04\/logotipo.png","width":181,"height":80,"caption":"APRH"},"image":{"@id":"https:\/\/aprh.pt\/pt\/#\/schema\/logo\/image\/"}}]}},"_links":{"self":[{"href":"https:\/\/aprh.pt\/pt\/wp-json\/wp\/v2\/pages\/77","targetHints":{"allow":["GET"]}}],"collection":[{"href":"https:\/\/aprh.pt\/pt\/wp-json\/wp\/v2\/pages"}],"about":[{"href":"https:\/\/aprh.pt\/pt\/wp-json\/wp\/v2\/types\/page"}],"author":[{"embeddable":true,"href":"https:\/\/aprh.pt\/pt\/wp-json\/wp\/v2\/users\/1"}],"replies":[{"embeddable":true,"href":"https:\/\/aprh.pt\/pt\/wp-json\/wp\/v2\/comments?post=77"}],"version-history":[{"count":16,"href":"https:\/\/aprh.pt\/pt\/wp-json\/wp\/v2\/pages\/77\/revisions"}],"predecessor-version":[{"id":78642,"href":"https:\/\/aprh.pt\/pt\/wp-json\/wp\/v2\/pages\/77\/revisions\/78642"}],"up":[{"embeddable":true,"href":"https:\/\/aprh.pt\/pt\/wp-json\/wp\/v2\/pages\/42478"}],"wp:attachment":[{"href":"https:\/\/aprh.pt\/pt\/wp-json\/wp\/v2\/media?parent=77"}],"curies":[{"name":"wp","href":"https:\/\/api.w.org\/{rel}","templated":true}]}}