{"id":80131,"date":"2025-03-17T11:30:20","date_gmt":"2025-03-17T11:30:20","guid":{"rendered":"https:\/\/aprh.pt\/?page_id=80131"},"modified":"2025-03-17T11:34:56","modified_gmt":"2025-03-17T11:34:56","slug":"alexandra-brito","status":"publish","type":"page","link":"https:\/\/aprh.pt\/pt\/socios\/perfis\/alexandra-brito\/","title":{"rendered":"Alexandra Brito"},"content":{"rendered":"\t\t<div data-elementor-type=\"wp-page\" data-elementor-id=\"80131\" class=\"elementor elementor-80131\" data-elementor-post-type=\"page\">\n\t\t\t\t\t\t<section class=\"elementor-section elementor-top-section elementor-element elementor-element-65d50d64 elementor-section-boxed elementor-section-height-default elementor-section-height-default\" data-id=\"65d50d64\" data-element_type=\"section\">\n\t\t\t\t\t\t<div class=\"elementor-container elementor-column-gap-no\">\n\t\t\t\t\t<div class=\"elementor-column elementor-col-100 elementor-top-column elementor-element elementor-element-46509ca9\" data-id=\"46509ca9\" data-element_type=\"column\">\n\t\t\t<div class=\"elementor-widget-wrap elementor-element-populated\">\n\t\t\t\t\t\t<div class=\"elementor-element elementor-element-2439b862 elementor-widget elementor-widget-global elementor-global-475 elementor-widget-spacer\" data-id=\"2439b862\" data-element_type=\"widget\" data-widget_type=\"spacer.default\">\n\t\t\t\t<div class=\"elementor-widget-container\">\n\t\t\t\t\t<div class=\"elementor-spacer\">\n\t\t\t<div class=\"elementor-spacer-inner\"><\/div>\n\t\t<\/div>\n\t\t\t\t<\/div>\n\t\t\t\t<\/div>\n\t\t\t\t\t<\/div>\n\t\t<\/div>\n\t\t\t\t\t<\/div>\n\t\t<\/section>\n\t\t\t\t<section class=\"elementor-section elementor-top-section elementor-element elementor-element-41e9fa31 elementor-section-boxed elementor-section-height-default elementor-section-height-default\" data-id=\"41e9fa31\" data-element_type=\"section\">\n\t\t\t\t\t\t<div class=\"elementor-container elementor-column-gap-no\">\n\t\t\t\t\t<div class=\"elementor-column elementor-col-25 elementor-top-column elementor-element elementor-element-531026d5\" data-id=\"531026d5\" data-element_type=\"column\">\n\t\t\t<div class=\"elementor-widget-wrap elementor-element-populated\">\n\t\t\t\t\t\t<div class=\"elementor-element elementor-element-2a4b2737 elementor-widget elementor-widget-heading\" data-id=\"2a4b2737\" data-element_type=\"widget\" data-widget_type=\"heading.default\">\n\t\t\t\t<div class=\"elementor-widget-container\">\n\t\t\t<h2 class=\"elementor-heading-title elementor-size-default\">Associados da APRH<\/h2>\t\t<\/div>\n\t\t\t\t<\/div>\n\t\t\t\t\t<\/div>\n\t\t<\/div>\n\t\t\t\t<div class=\"elementor-column elementor-col-50 elementor-top-column elementor-element elementor-element-3cc8c523\" data-id=\"3cc8c523\" data-element_type=\"column\">\n\t\t\t<div class=\"elementor-widget-wrap elementor-element-populated\">\n\t\t\t\t\t\t<div class=\"elementor-element elementor-element-72298520 elementor-widget elementor-widget-image\" data-id=\"72298520\" data-element_type=\"widget\" data-widget_type=\"image.default\">\n\t\t\t\t<div class=\"elementor-widget-container\">\n\t\t\t\t\t\t\t\t\t\t\t\t\t<img fetchpriority=\"high\" decoding=\"async\" width=\"300\" height=\"300\" src=\"https:\/\/aprh.pt\/wp-content\/uploads\/2025\/03\/Foto-FB-abrito@cap.pt_-300x300.jpg\" class=\"attachment-medium size-medium wp-image-80133\" alt=\"\" srcset=\"https:\/\/aprh.pt\/wp-content\/uploads\/2025\/03\/Foto-FB-abrito@cap.pt_-300x300.jpg 300w, https:\/\/aprh.pt\/wp-content\/uploads\/2025\/03\/Foto-FB-abrito@cap.pt_-1024x1024.jpg 1024w, https:\/\/aprh.pt\/wp-content\/uploads\/2025\/03\/Foto-FB-abrito@cap.pt_-150x150.jpg 150w, https:\/\/aprh.pt\/wp-content\/uploads\/2025\/03\/Foto-FB-abrito@cap.pt_-768x769.jpg 768w, https:\/\/aprh.pt\/wp-content\/uploads\/2025\/03\/Foto-FB-abrito@cap.pt_.jpg 1461w\" sizes=\"(max-width: 300px) 100vw, 300px\" \/>\t\t\t\t\t\t\t\t\t\t\t\t\t<\/div>\n\t\t\t\t<\/div>\n\t\t\t\t<div class=\"elementor-element elementor-element-2911dc7c elementor-widget elementor-widget-heading\" data-id=\"2911dc7c\" data-element_type=\"widget\" data-widget_type=\"heading.default\">\n\t\t\t\t<div class=\"elementor-widget-container\">\n\t\t\t<h2 class=\"elementor-heading-title elementor-size-default\">Alexandra Brito<\/h2>\t\t<\/div>\n\t\t\t\t<\/div>\n\t\t\t\t<div class=\"elementor-element elementor-element-48d46249 remover_marcadores elementor-widget elementor-widget-text-editor\" data-id=\"48d46249\" data-element_type=\"widget\" data-widget_type=\"text-editor.default\">\n\t\t\t\t<div class=\"elementor-widget-container\">\n\t\t\t\t\t\t\t<ul><li><strong>Associado<\/strong> 1814<\/li><li><strong>Email:<\/strong> <span data-sheets-root=\"1\">abrito@cap.pt<\/span><\/li><li><strong>Data de nascimento:<\/strong> <span data-sheets-root=\"1\">1968\/04\/11<\/span><\/li><li><strong>Nacionalidade:<\/strong> Portuguesa<\/li><li><strong>Site:<\/strong> &#8211;<\/li><\/ul>\t\t\t\t\t\t<\/div>\n\t\t\t\t<\/div>\n\t\t\t\t<div class=\"elementor-element elementor-element-68f644a1 elementor-widget elementor-widget-heading\" data-id=\"68f644a1\" data-element_type=\"widget\" data-widget_type=\"heading.default\">\n\t\t\t\t<div class=\"elementor-widget-container\">\n\t\t\t<h2 class=\"elementor-heading-title elementor-size-default\">Forma\u00e7\u00e3o<\/h2>\t\t<\/div>\n\t\t\t\t<\/div>\n\t\t\t\t<div class=\"elementor-element elementor-element-15072a3f remover_marcadores elementor-widget elementor-widget-text-editor\" data-id=\"15072a3f\" data-element_type=\"widget\" data-widget_type=\"text-editor.default\">\n\t\t\t\t<div class=\"elementor-widget-container\">\n\t\t\t\t\t\t\t<ul><li><strong>Curso:<\/strong> <span data-sheets-root=\"1\">Engenharia Agron\u00f3mica<\/span><\/li><li><strong>Estabelecimento de ensino:<\/strong> <span data-sheets-root=\"1\">Instituto Superior de Agronomia<\/span><\/li><li><strong>Ano de conclus\u00e3o:<\/strong> <span data-sheets-root=\"1\">1994\/01\/04<\/span><\/li><li><strong>Graus acad\u00e9micos:<\/strong> <span data-sheets-root=\"1\">Licenciatura em Engenharia Agron\u00f3mica<\/span><\/li><li><strong>Especializa\u00e7\u00f5es:<\/strong> <span data-sheets-root=\"1\">Diploma de Curso de Doutoramento em Altera\u00e7\u00f5es Clim\u00e1ticas e Pol\u00edticas de Desenvolvimento Sustent\u00e1vel<\/span><\/li><\/ul>\t\t\t\t\t\t<\/div>\n\t\t\t\t<\/div>\n\t\t\t\t<div class=\"elementor-element elementor-element-51228ea6 elementor-widget elementor-widget-heading\" data-id=\"51228ea6\" data-element_type=\"widget\" data-widget_type=\"heading.default\">\n\t\t\t\t<div class=\"elementor-widget-container\">\n\t\t\t<h2 class=\"elementor-heading-title elementor-size-default\">Actividade profissional atual<\/h2>\t\t<\/div>\n\t\t\t\t<\/div>\n\t\t\t\t<div class=\"elementor-element elementor-element-1b36f6fd remover_marcadores elementor-widget elementor-widget-text-editor\" data-id=\"1b36f6fd\" data-element_type=\"widget\" data-widget_type=\"text-editor.default\">\n\t\t\t\t<div class=\"elementor-widget-container\">\n\t\t\t\t\t\t\t<ul><li><strong>Entidade:<\/strong> <span data-sheets-root=\"1\">CAP &#8211; Confedera\u00e7\u00e3o dos Agricultores de Portugal<\/span><\/li><li><strong>Fun\u00e7\u00f5es:<\/strong> <span data-sheets-root=\"1\">T\u00e9cnica &#8211; Pol\u00edticas da \u00c1gua, Res\u00edduos e Clima<\/span><\/li><\/ul>\t\t\t\t\t\t<\/div>\n\t\t\t\t<\/div>\n\t\t\t\t<div class=\"elementor-element elementor-element-135637ee elementor-widget elementor-widget-heading\" data-id=\"135637ee\" data-element_type=\"widget\" data-widget_type=\"heading.default\">\n\t\t\t\t<div class=\"elementor-widget-container\">\n\t\t\t<h2 class=\"elementor-heading-title elementor-size-default\">\u00c1reas de interesse preferencial no dom\u00ednio dos recursos h\u00eddricos<\/h2>\t\t<\/div>\n\t\t\t\t<\/div>\n\t\t\t\t<div class=\"elementor-element elementor-element-4125220 remover_marcadores elementor-widget elementor-widget-text-editor\" data-id=\"4125220\" data-element_type=\"widget\" data-widget_type=\"text-editor.default\">\n\t\t\t\t<div class=\"elementor-widget-container\">\n\t\t\t\t\t\t\t<p><span data-sheets-root=\"1\">Recursos H\u00eddricos e Agricultura<\/span><\/p>\t\t\t\t\t\t<\/div>\n\t\t\t\t<\/div>\n\t\t\t\t<div class=\"elementor-element elementor-element-44be6d15 elementor-widget elementor-widget-heading\" data-id=\"44be6d15\" data-element_type=\"widget\" data-widget_type=\"heading.default\">\n\t\t\t\t<div class=\"elementor-widget-container\">\n\t\t\t<h2 class=\"elementor-heading-title elementor-size-default\">Principais associa\u00e7\u00f5es profissionais a que pertence<\/h2>\t\t<\/div>\n\t\t\t\t<\/div>\n\t\t\t\t<div class=\"elementor-element elementor-element-eb8c194 remover_marcadores elementor-widget elementor-widget-text-editor\" data-id=\"eb8c194\" data-element_type=\"widget\" data-widget_type=\"text-editor.default\">\n\t\t\t\t<div class=\"elementor-widget-container\">\n\t\t\t\t\t\t\t<p><span data-sheets-root=\"1\">Ordem dos Engenheiros, APRH<\/span><\/p>\t\t\t\t\t\t<\/div>\n\t\t\t\t<\/div>\n\t\t\t\t\t<\/div>\n\t\t<\/div>\n\t\t\t\t<div class=\"elementor-column elementor-col-25 elementor-top-column elementor-element elementor-element-4a87ead5 elementor-hidden-tablet elementor-hidden-mobile\" data-id=\"4a87ead5\" data-element_type=\"column\">\n\t\t\t<div class=\"elementor-widget-wrap\">\n\t\t\t\t\t\t\t<\/div>\n\t\t<\/div>\n\t\t\t\t\t<\/div>\n\t\t<\/section>\n\t\t\t\t<section class=\"elementor-section elementor-top-section elementor-element elementor-element-5baeaf5c elementor-section-boxed elementor-section-height-default elementor-section-height-default\" data-id=\"5baeaf5c\" data-element_type=\"section\">\n\t\t\t\t\t\t<div class=\"elementor-container elementor-column-gap-no\">\n\t\t\t\t\t<div class=\"elementor-column elementor-col-100 elementor-top-column elementor-element elementor-element-18cd2974\" data-id=\"18cd2974\" data-element_type=\"column\">\n\t\t\t<div class=\"elementor-widget-wrap elementor-element-populated\">\n\t\t\t\t\t\t<div class=\"elementor-element elementor-element-586288d elementor-widget elementor-widget-global elementor-global-500 elementor-widget-spacer\" data-id=\"586288d\" data-element_type=\"widget\" data-widget_type=\"spacer.default\">\n\t\t\t\t<div class=\"elementor-widget-container\">\n\t\t\t\t\t<div class=\"elementor-spacer\">\n\t\t\t<div class=\"elementor-spacer-inner\"><\/div>\n\t\t<\/div>\n\t\t\t\t<\/div>\n\t\t\t\t<\/div>\n\t\t\t\t\t<\/div>\n\t\t<\/div>\n\t\t\t\t\t<\/div>\n\t\t<\/section>\n\t\t\t\t<\/div>\n\t\t","protected":false},"excerpt":{"rendered":"<p>Associados da APRH Alexandra Brito Associado 1814 Email: abrito@cap.pt Data de nascimento: 1968\/04\/11 Nacionalidade: Portuguesa Site: &#8211; Forma\u00e7\u00e3o Curso: Engenharia Agron\u00f3mica Estabelecimento de ensino: Instituto Superior de Agronomia Ano de conclus\u00e3o: 1994\/01\/04 Graus acad\u00e9micos: Licenciatura em Engenharia Agron\u00f3mica Especializa\u00e7\u00f5es: Diploma de Curso de Doutoramento em Altera\u00e7\u00f5es Clim\u00e1ticas e Pol\u00edticas de Desenvolvimento Sustent\u00e1vel Actividade profissional atual [&hellip;]<\/p>\n","protected":false},"author":2,"featured_media":0,"parent":150,"menu_order":0,"comment_status":"closed","ping_status":"closed","template":"","meta":{"footnotes":""},"class_list":["post-80131","page","type-page","status-publish","hentry"],"yoast_head":"<!-- This site is optimized with the Yoast SEO plugin v23.8 - https:\/\/yoast.com\/wordpress\/plugins\/seo\/ -->\n<title>Alexandra Brito - APRH<\/title>\n<meta name=\"robots\" content=\"index, follow, max-snippet:-1, max-image-preview:large, max-video-preview:-1\" \/>\n<link rel=\"canonical\" href=\"https:\/\/aprh.pt\/pt\/socios\/perfis\/alexandra-brito\/\" \/>\n<meta property=\"og:locale\" content=\"pt_PT\" \/>\n<meta property=\"og:type\" content=\"article\" \/>\n<meta property=\"og:title\" content=\"Alexandra Brito - APRH\" \/>\n<meta property=\"og:description\" content=\"Associados da APRH Alexandra Brito Associado 1814 Email: abrito@cap.pt Data de nascimento: 1968\/04\/11 Nacionalidade: Portuguesa Site: &#8211; Forma\u00e7\u00e3o Curso: Engenharia Agron\u00f3mica Estabelecimento de ensino: Instituto Superior de Agronomia Ano de conclus\u00e3o: 1994\/01\/04 Graus acad\u00e9micos: Licenciatura em Engenharia Agron\u00f3mica Especializa\u00e7\u00f5es: Diploma de Curso de Doutoramento em Altera\u00e7\u00f5es Clim\u00e1ticas e Pol\u00edticas de Desenvolvimento Sustent\u00e1vel Actividade profissional atual [&hellip;]\" \/>\n<meta property=\"og:url\" content=\"https:\/\/aprh.pt\/pt\/socios\/perfis\/alexandra-brito\/\" \/>\n<meta property=\"og:site_name\" content=\"APRH\" \/>\n<meta property=\"article:modified_time\" content=\"2025-03-17T11:34:56+00:00\" \/>\n<meta property=\"og:image\" content=\"https:\/\/aprh.pt\/wp-content\/uploads\/2025\/03\/Foto-FB-abrito@cap.pt_-300x300.jpg\" \/>\n<meta name=\"twitter:card\" content=\"summary_large_image\" \/>\n<meta name=\"twitter:label1\" content=\"Tempo estimado de leitura\" \/>\n\t<meta name=\"twitter:data1\" content=\"1 minuto\" \/>\n<script type=\"application\/ld+json\" class=\"yoast-schema-graph\">{\"@context\":\"https:\/\/schema.org\",\"@graph\":[{\"@type\":\"WebPage\",\"@id\":\"https:\/\/aprh.pt\/pt\/socios\/perfis\/alexandra-brito\/\",\"url\":\"https:\/\/aprh.pt\/pt\/socios\/perfis\/alexandra-brito\/\",\"name\":\"Alexandra Brito - APRH\",\"isPartOf\":{\"@id\":\"https:\/\/aprh.pt\/pt\/#website\"},\"primaryImageOfPage\":{\"@id\":\"https:\/\/aprh.pt\/pt\/socios\/perfis\/alexandra-brito\/#primaryimage\"},\"image\":{\"@id\":\"https:\/\/aprh.pt\/pt\/socios\/perfis\/alexandra-brito\/#primaryimage\"},\"thumbnailUrl\":\"https:\/\/aprh.pt\/wp-content\/uploads\/2025\/03\/Foto-FB-abrito@cap.pt_-300x300.jpg\",\"datePublished\":\"2025-03-17T11:30:20+00:00\",\"dateModified\":\"2025-03-17T11:34:56+00:00\",\"breadcrumb\":{\"@id\":\"https:\/\/aprh.pt\/pt\/socios\/perfis\/alexandra-brito\/#breadcrumb\"},\"inLanguage\":\"pt-PT\",\"potentialAction\":[{\"@type\":\"ReadAction\",\"target\":[\"https:\/\/aprh.pt\/pt\/socios\/perfis\/alexandra-brito\/\"]}]},{\"@type\":\"ImageObject\",\"inLanguage\":\"pt-PT\",\"@id\":\"https:\/\/aprh.pt\/pt\/socios\/perfis\/alexandra-brito\/#primaryimage\",\"url\":\"https:\/\/aprh.pt\/wp-content\/uploads\/2025\/03\/Foto-FB-abrito@cap.pt_-300x300.jpg\",\"contentUrl\":\"https:\/\/aprh.pt\/wp-content\/uploads\/2025\/03\/Foto-FB-abrito@cap.pt_-300x300.jpg\"},{\"@type\":\"BreadcrumbList\",\"@id\":\"https:\/\/aprh.pt\/pt\/socios\/perfis\/alexandra-brito\/#breadcrumb\",\"itemListElement\":[{\"@type\":\"ListItem\",\"position\":1,\"name\":\"Home\",\"item\":\"https:\/\/aprh.pt\/pt\/\"},{\"@type\":\"ListItem\",\"position\":2,\"name\":\"Associados\",\"item\":\"https:\/\/aprh.pt\/pt\/socios\/\"},{\"@type\":\"ListItem\",\"position\":3,\"name\":\"Perfis\",\"item\":\"https:\/\/aprh.pt\/pt\/socios\/perfis\/\"},{\"@type\":\"ListItem\",\"position\":4,\"name\":\"Alexandra Brito\"}]},{\"@type\":\"WebSite\",\"@id\":\"https:\/\/aprh.pt\/pt\/#website\",\"url\":\"https:\/\/aprh.pt\/pt\/\",\"name\":\"APRH\",\"description\":\"Associa\u00e7\u00e3o Portuguesa dos Recursos H\u00eddricos\",\"publisher\":{\"@id\":\"https:\/\/aprh.pt\/pt\/#organization\"},\"potentialAction\":[{\"@type\":\"SearchAction\",\"target\":{\"@type\":\"EntryPoint\",\"urlTemplate\":\"https:\/\/aprh.pt\/pt\/?s={search_term_string}\"},\"query-input\":{\"@type\":\"PropertyValueSpecification\",\"valueRequired\":true,\"valueName\":\"search_term_string\"}}],\"inLanguage\":\"pt-PT\"},{\"@type\":\"Organization\",\"@id\":\"https:\/\/aprh.pt\/pt\/#organization\",\"name\":\"APRH\",\"url\":\"https:\/\/aprh.pt\/pt\/\",\"logo\":{\"@type\":\"ImageObject\",\"inLanguage\":\"pt-PT\",\"@id\":\"https:\/\/aprh.pt\/pt\/#\/schema\/logo\/image\/\",\"url\":\"https:\/\/aprh.pt\/wp-content\/uploads\/2022\/04\/logotipo.png\",\"contentUrl\":\"https:\/\/aprh.pt\/wp-content\/uploads\/2022\/04\/logotipo.png\",\"width\":181,\"height\":80,\"caption\":\"APRH\"},\"image\":{\"@id\":\"https:\/\/aprh.pt\/pt\/#\/schema\/logo\/image\/\"}}]}<\/script>\n<!-- \/ Yoast SEO plugin. -->","yoast_head_json":{"title":"Alexandra Brito - APRH","robots":{"index":"index","follow":"follow","max-snippet":"max-snippet:-1","max-image-preview":"max-image-preview:large","max-video-preview":"max-video-preview:-1"},"canonical":"https:\/\/aprh.pt\/pt\/socios\/perfis\/alexandra-brito\/","og_locale":"pt_PT","og_type":"article","og_title":"Alexandra Brito - APRH","og_description":"Associados da APRH Alexandra Brito Associado 1814 Email: abrito@cap.pt Data de nascimento: 1968\/04\/11 Nacionalidade: Portuguesa Site: &#8211; Forma\u00e7\u00e3o Curso: Engenharia Agron\u00f3mica Estabelecimento de ensino: Instituto Superior de Agronomia Ano de conclus\u00e3o: 1994\/01\/04 Graus acad\u00e9micos: Licenciatura em Engenharia Agron\u00f3mica Especializa\u00e7\u00f5es: Diploma de Curso de Doutoramento em Altera\u00e7\u00f5es Clim\u00e1ticas e Pol\u00edticas de Desenvolvimento Sustent\u00e1vel Actividade profissional atual [&hellip;]","og_url":"https:\/\/aprh.pt\/pt\/socios\/perfis\/alexandra-brito\/","og_site_name":"APRH","article_modified_time":"2025-03-17T11:34:56+00:00","og_image":[{"url":"https:\/\/aprh.pt\/wp-content\/uploads\/2025\/03\/Foto-FB-abrito@cap.pt_-300x300.jpg"}],"twitter_card":"summary_large_image","twitter_misc":{"Tempo estimado de leitura":"1 minuto"},"schema":{"@context":"https:\/\/schema.org","@graph":[{"@type":"WebPage","@id":"https:\/\/aprh.pt\/pt\/socios\/perfis\/alexandra-brito\/","url":"https:\/\/aprh.pt\/pt\/socios\/perfis\/alexandra-brito\/","name":"Alexandra Brito - APRH","isPartOf":{"@id":"https:\/\/aprh.pt\/pt\/#website"},"primaryImageOfPage":{"@id":"https:\/\/aprh.pt\/pt\/socios\/perfis\/alexandra-brito\/#primaryimage"},"image":{"@id":"https:\/\/aprh.pt\/pt\/socios\/perfis\/alexandra-brito\/#primaryimage"},"thumbnailUrl":"https:\/\/aprh.pt\/wp-content\/uploads\/2025\/03\/Foto-FB-abrito@cap.pt_-300x300.jpg","datePublished":"2025-03-17T11:30:20+00:00","dateModified":"2025-03-17T11:34:56+00:00","breadcrumb":{"@id":"https:\/\/aprh.pt\/pt\/socios\/perfis\/alexandra-brito\/#breadcrumb"},"inLanguage":"pt-PT","potentialAction":[{"@type":"ReadAction","target":["https:\/\/aprh.pt\/pt\/socios\/perfis\/alexandra-brito\/"]}]},{"@type":"ImageObject","inLanguage":"pt-PT","@id":"https:\/\/aprh.pt\/pt\/socios\/perfis\/alexandra-brito\/#primaryimage","url":"https:\/\/aprh.pt\/wp-content\/uploads\/2025\/03\/Foto-FB-abrito@cap.pt_-300x300.jpg","contentUrl":"https:\/\/aprh.pt\/wp-content\/uploads\/2025\/03\/Foto-FB-abrito@cap.pt_-300x300.jpg"},{"@type":"BreadcrumbList","@id":"https:\/\/aprh.pt\/pt\/socios\/perfis\/alexandra-brito\/#breadcrumb","itemListElement":[{"@type":"ListItem","position":1,"name":"Home","item":"https:\/\/aprh.pt\/pt\/"},{"@type":"ListItem","position":2,"name":"Associados","item":"https:\/\/aprh.pt\/pt\/socios\/"},{"@type":"ListItem","position":3,"name":"Perfis","item":"https:\/\/aprh.pt\/pt\/socios\/perfis\/"},{"@type":"ListItem","position":4,"name":"Alexandra Brito"}]},{"@type":"WebSite","@id":"https:\/\/aprh.pt\/pt\/#website","url":"https:\/\/aprh.pt\/pt\/","name":"APRH","description":"Associa\u00e7\u00e3o Portuguesa dos Recursos H\u00eddricos","publisher":{"@id":"https:\/\/aprh.pt\/pt\/#organization"},"potentialAction":[{"@type":"SearchAction","target":{"@type":"EntryPoint","urlTemplate":"https:\/\/aprh.pt\/pt\/?s={search_term_string}"},"query-input":{"@type":"PropertyValueSpecification","valueRequired":true,"valueName":"search_term_string"}}],"inLanguage":"pt-PT"},{"@type":"Organization","@id":"https:\/\/aprh.pt\/pt\/#organization","name":"APRH","url":"https:\/\/aprh.pt\/pt\/","logo":{"@type":"ImageObject","inLanguage":"pt-PT","@id":"https:\/\/aprh.pt\/pt\/#\/schema\/logo\/image\/","url":"https:\/\/aprh.pt\/wp-content\/uploads\/2022\/04\/logotipo.png","contentUrl":"https:\/\/aprh.pt\/wp-content\/uploads\/2022\/04\/logotipo.png","width":181,"height":80,"caption":"APRH"},"image":{"@id":"https:\/\/aprh.pt\/pt\/#\/schema\/logo\/image\/"}}]}},"_links":{"self":[{"href":"https:\/\/aprh.pt\/pt\/wp-json\/wp\/v2\/pages\/80131","targetHints":{"allow":["GET"]}}],"collection":[{"href":"https:\/\/aprh.pt\/pt\/wp-json\/wp\/v2\/pages"}],"about":[{"href":"https:\/\/aprh.pt\/pt\/wp-json\/wp\/v2\/types\/page"}],"author":[{"embeddable":true,"href":"https:\/\/aprh.pt\/pt\/wp-json\/wp\/v2\/users\/2"}],"replies":[{"embeddable":true,"href":"https:\/\/aprh.pt\/pt\/wp-json\/wp\/v2\/comments?post=80131"}],"version-history":[{"count":7,"href":"https:\/\/aprh.pt\/pt\/wp-json\/wp\/v2\/pages\/80131\/revisions"}],"predecessor-version":[{"id":80140,"href":"https:\/\/aprh.pt\/pt\/wp-json\/wp\/v2\/pages\/80131\/revisions\/80140"}],"up":[{"embeddable":true,"href":"https:\/\/aprh.pt\/pt\/wp-json\/wp\/v2\/pages\/150"}],"wp:attachment":[{"href":"https:\/\/aprh.pt\/pt\/wp-json\/wp\/v2\/media?parent=80131"}],"curies":[{"name":"wp","href":"https:\/\/api.w.org\/{rel}","templated":true}]}}