{"id":80565,"date":"2025-05-06T09:57:15","date_gmt":"2025-05-06T09:57:15","guid":{"rendered":"https:\/\/aprh.pt\/?page_id=80565"},"modified":"2025-05-06T10:06:58","modified_gmt":"2025-05-06T10:06:58","slug":"manuel-antonio-mendes-valadas","status":"publish","type":"page","link":"https:\/\/aprh.pt\/pt\/socios\/perfis\/manuel-antonio-mendes-valadas\/","title":{"rendered":"Manuel Ant\u00f3nio Mendes Valadas"},"content":{"rendered":"\t\t<div data-elementor-type=\"wp-page\" data-elementor-id=\"80565\" class=\"elementor elementor-80565\" data-elementor-post-type=\"page\">\n\t\t\t\t\t\t<section class=\"elementor-section elementor-top-section elementor-element elementor-element-5af7a182 elementor-section-boxed elementor-section-height-default elementor-section-height-default\" data-id=\"5af7a182\" data-element_type=\"section\">\n\t\t\t\t\t\t<div class=\"elementor-container elementor-column-gap-no\">\n\t\t\t\t\t<div class=\"elementor-column elementor-col-100 elementor-top-column elementor-element elementor-element-7af06b59\" data-id=\"7af06b59\" data-element_type=\"column\">\n\t\t\t<div class=\"elementor-widget-wrap elementor-element-populated\">\n\t\t\t\t\t\t<div class=\"elementor-element elementor-element-5f112318 elementor-widget elementor-widget-global elementor-global-475 elementor-widget-spacer\" data-id=\"5f112318\" data-element_type=\"widget\" data-widget_type=\"spacer.default\">\n\t\t\t\t<div class=\"elementor-widget-container\">\n\t\t\t\t\t<div class=\"elementor-spacer\">\n\t\t\t<div class=\"elementor-spacer-inner\"><\/div>\n\t\t<\/div>\n\t\t\t\t<\/div>\n\t\t\t\t<\/div>\n\t\t\t\t\t<\/div>\n\t\t<\/div>\n\t\t\t\t\t<\/div>\n\t\t<\/section>\n\t\t\t\t<section class=\"elementor-section elementor-top-section elementor-element elementor-element-14483ea8 elementor-section-boxed elementor-section-height-default elementor-section-height-default\" data-id=\"14483ea8\" data-element_type=\"section\">\n\t\t\t\t\t\t<div class=\"elementor-container elementor-column-gap-no\">\n\t\t\t\t\t<div class=\"elementor-column elementor-col-25 elementor-top-column elementor-element elementor-element-5d1e1ae6\" data-id=\"5d1e1ae6\" data-element_type=\"column\">\n\t\t\t<div class=\"elementor-widget-wrap elementor-element-populated\">\n\t\t\t\t\t\t<div class=\"elementor-element elementor-element-d9f2b2d elementor-widget elementor-widget-heading\" data-id=\"d9f2b2d\" data-element_type=\"widget\" data-widget_type=\"heading.default\">\n\t\t\t\t<div class=\"elementor-widget-container\">\n\t\t\t<h2 class=\"elementor-heading-title elementor-size-default\">Associados da APRH<\/h2>\t\t<\/div>\n\t\t\t\t<\/div>\n\t\t\t\t\t<\/div>\n\t\t<\/div>\n\t\t\t\t<div class=\"elementor-column elementor-col-50 elementor-top-column elementor-element elementor-element-36e42f3a\" data-id=\"36e42f3a\" data-element_type=\"column\">\n\t\t\t<div class=\"elementor-widget-wrap elementor-element-populated\">\n\t\t\t\t\t\t<div class=\"elementor-element elementor-element-3964bd4 elementor-widget elementor-widget-image\" data-id=\"3964bd4\" data-element_type=\"widget\" data-widget_type=\"image.default\">\n\t\t\t\t<div class=\"elementor-widget-container\">\n\t\t\t\t\t\t\t\t\t\t\t\t\t<img fetchpriority=\"high\" decoding=\"async\" width=\"200\" height=\"300\" src=\"https:\/\/aprh.pt\/wp-content\/uploads\/2025\/05\/FT_MV_com-fundo-Manuel-Valadas-200x300.jpg\" class=\"attachment-medium size-medium wp-image-80567\" alt=\"\" srcset=\"https:\/\/aprh.pt\/wp-content\/uploads\/2025\/05\/FT_MV_com-fundo-Manuel-Valadas-200x300.jpg 200w, https:\/\/aprh.pt\/wp-content\/uploads\/2025\/05\/FT_MV_com-fundo-Manuel-Valadas-683x1024.jpg 683w, https:\/\/aprh.pt\/wp-content\/uploads\/2025\/05\/FT_MV_com-fundo-Manuel-Valadas-768x1152.jpg 768w, https:\/\/aprh.pt\/wp-content\/uploads\/2025\/05\/FT_MV_com-fundo-Manuel-Valadas-1024x1536.jpg 1024w, https:\/\/aprh.pt\/wp-content\/uploads\/2025\/05\/FT_MV_com-fundo-Manuel-Valadas-1365x2048.jpg 1365w, https:\/\/aprh.pt\/wp-content\/uploads\/2025\/05\/FT_MV_com-fundo-Manuel-Valadas-scaled.jpg 1707w\" sizes=\"(max-width: 200px) 100vw, 200px\" \/>\t\t\t\t\t\t\t\t\t\t\t\t\t<\/div>\n\t\t\t\t<\/div>\n\t\t\t\t<div class=\"elementor-element elementor-element-5071c6d1 elementor-widget elementor-widget-heading\" data-id=\"5071c6d1\" data-element_type=\"widget\" data-widget_type=\"heading.default\">\n\t\t\t\t<div class=\"elementor-widget-container\">\n\t\t\t<h2 class=\"elementor-heading-title elementor-size-default\">Manuel Ant\u00f3nio Mendes Valadas<\/h2>\t\t<\/div>\n\t\t\t\t<\/div>\n\t\t\t\t<div class=\"elementor-element elementor-element-4c555c84 remover_marcadores elementor-widget elementor-widget-text-editor\" data-id=\"4c555c84\" data-element_type=\"widget\" data-widget_type=\"text-editor.default\">\n\t\t\t\t<div class=\"elementor-widget-container\">\n\t\t\t\t\t\t\t<ul><li><strong>Associado<\/strong> 1929<\/li><li><strong>Email:<\/strong> <span data-sheets-root=\"1\">mavaladas@gmail.com<\/span><\/li><li><strong>Data de nascimento:<\/strong> <span data-sheets-root=\"1\">1971\/07\/29<\/span><\/li><li><strong>Nacionalidade:<\/strong> Portuguesa<\/li><li><strong>Site:<\/strong> <a href=\"https:\/\/www.linkedin.com\/in\/irrigationdesignermvaladas\/\" target=\"_blank\" rel=\"noopener\">https:\/\/www.linkedin.com\/in\/irrigationdesignermvaladas\/<\/a><\/li><\/ul>\t\t\t\t\t\t<\/div>\n\t\t\t\t<\/div>\n\t\t\t\t<div class=\"elementor-element elementor-element-1fb15dea elementor-widget elementor-widget-heading\" data-id=\"1fb15dea\" data-element_type=\"widget\" data-widget_type=\"heading.default\">\n\t\t\t\t<div class=\"elementor-widget-container\">\n\t\t\t<h2 class=\"elementor-heading-title elementor-size-default\">Forma\u00e7\u00e3o<\/h2>\t\t<\/div>\n\t\t\t\t<\/div>\n\t\t\t\t<div class=\"elementor-element elementor-element-f6ebed4 remover_marcadores elementor-widget elementor-widget-text-editor\" data-id=\"f6ebed4\" data-element_type=\"widget\" data-widget_type=\"text-editor.default\">\n\t\t\t\t<div class=\"elementor-widget-container\">\n\t\t\t\t\t\t\t<ul><li><strong>Curso:<\/strong> <span data-sheets-root=\"1\">Engenharia Agron\u00f3mica &#8211; Ramo de Eng.\u00aa Rural<\/span><\/li><li><strong>Estabelecimento de ensino:<\/strong> <span data-sheets-root=\"1\">Instituto Superior de Agronomia &#8211; UL<\/span><\/li><li><strong>Ano de conclus\u00e3o:<\/strong> <span data-sheets-root=\"1\">1998\/12\/10<\/span><\/li><li><strong>Graus acad\u00e9micos:<\/strong> <span data-sheets-root=\"1\">MsC Hidr\u00e1ulica e Recursos H\u00eddricos (IST)<\/span><\/li><li><strong>Especializa\u00e7\u00f5es:<\/strong> <span data-sheets-root=\"1\">Hidr\u00e1ulica e Recursos H\u00eddricos<\/span><\/li><\/ul>\t\t\t\t\t\t<\/div>\n\t\t\t\t<\/div>\n\t\t\t\t<div class=\"elementor-element elementor-element-715f4e22 elementor-widget elementor-widget-heading\" data-id=\"715f4e22\" data-element_type=\"widget\" data-widget_type=\"heading.default\">\n\t\t\t\t<div class=\"elementor-widget-container\">\n\t\t\t<h2 class=\"elementor-heading-title elementor-size-default\">Actividade profissional atual<\/h2>\t\t<\/div>\n\t\t\t\t<\/div>\n\t\t\t\t<div class=\"elementor-element elementor-element-3a1e0cbf remover_marcadores elementor-widget elementor-widget-text-editor\" data-id=\"3a1e0cbf\" data-element_type=\"widget\" data-widget_type=\"text-editor.default\">\n\t\t\t\t<div class=\"elementor-widget-container\">\n\t\t\t\t\t\t\t<ul><li><strong>Entidade:<\/strong> <span data-sheets-root=\"1\">COBA, Consultores de Engenharia e Ambiente<\/span><\/li><li><strong>Fun\u00e7\u00f5es:<\/strong> <span data-sheets-root=\"1\">Consultor<\/span><\/li><\/ul>\t\t\t\t\t\t<\/div>\n\t\t\t\t<\/div>\n\t\t\t\t<div class=\"elementor-element elementor-element-7e05b9ac elementor-widget elementor-widget-heading\" data-id=\"7e05b9ac\" data-element_type=\"widget\" data-widget_type=\"heading.default\">\n\t\t\t\t<div class=\"elementor-widget-container\">\n\t\t\t<h2 class=\"elementor-heading-title elementor-size-default\">Actividade profissional anterior relacionada com os recursos h\u00eddricos<\/h2>\t\t<\/div>\n\t\t\t\t<\/div>\n\t\t\t\t<div class=\"elementor-element elementor-element-a8ae70d remover_marcadores elementor-widget elementor-widget-text-editor\" data-id=\"a8ae70d\" data-element_type=\"widget\" data-widget_type=\"text-editor.default\">\n\t\t\t\t<div class=\"elementor-widget-container\">\n\t\t\t\t\t\t\t<ul><li><strong>Entidade:<\/strong> <span data-sheets-root=\"1\">BDM Engenharia e Tecnologia<\/span><\/li><li><strong>Fun\u00e7\u00f5es:<\/strong> <span data-sheets-root=\"1\">Director da Unidade de \u00c1guas, Ambiente e Sustentabilidade<\/span><\/li><\/ul>\t\t\t\t\t\t<\/div>\n\t\t\t\t<\/div>\n\t\t\t\t<div class=\"elementor-element elementor-element-e910218 remover_marcadores elementor-widget elementor-widget-text-editor\" data-id=\"e910218\" data-element_type=\"widget\" data-widget_type=\"text-editor.default\">\n\t\t\t\t<div class=\"elementor-widget-container\">\n\t\t\t\t\t\t\t<ul><li><strong>Entidade:<\/strong> <span data-sheets-root=\"1\">TPF Consultores<\/span><\/li><li><strong>Fun\u00e7\u00f5es:<\/strong> <span data-sheets-root=\"1\">Coordenador de Projetos no Servi\u00e7o de Obras Hidr\u00e1ulicas<\/span><\/li><\/ul>\t\t\t\t\t\t<\/div>\n\t\t\t\t<\/div>\n\t\t\t\t<div class=\"elementor-element elementor-element-769695ab elementor-widget elementor-widget-heading\" data-id=\"769695ab\" data-element_type=\"widget\" data-widget_type=\"heading.default\">\n\t\t\t\t<div class=\"elementor-widget-container\">\n\t\t\t<h2 class=\"elementor-heading-title elementor-size-default\">\u00c1reas de interesse preferencial no dom\u00ednio dos recursos h\u00eddricos<\/h2>\t\t<\/div>\n\t\t\t\t<\/div>\n\t\t\t\t<div class=\"elementor-element elementor-element-27f24a23 remover_marcadores elementor-widget elementor-widget-text-editor\" data-id=\"27f24a23\" data-element_type=\"widget\" data-widget_type=\"text-editor.default\">\n\t\t\t\t<div class=\"elementor-widget-container\">\n\t\t\t\t\t\t\t<p><span data-sheets-root=\"1\">Obras Hidr\u00e1ulicas, Obras de Per\u00edmetros de Rega, Recursos H\u00eddricos<\/span><\/p>\t\t\t\t\t\t<\/div>\n\t\t\t\t<\/div>\n\t\t\t\t<div class=\"elementor-element elementor-element-3dda8b7 elementor-widget elementor-widget-heading\" data-id=\"3dda8b7\" data-element_type=\"widget\" data-widget_type=\"heading.default\">\n\t\t\t\t<div class=\"elementor-widget-container\">\n\t\t\t<h2 class=\"elementor-heading-title elementor-size-default\">Principais associa\u00e7\u00f5es profissionais a que pertence<\/h2>\t\t<\/div>\n\t\t\t\t<\/div>\n\t\t\t\t<div class=\"elementor-element elementor-element-7eba361 remover_marcadores elementor-widget elementor-widget-text-editor\" data-id=\"7eba361\" data-element_type=\"widget\" data-widget_type=\"text-editor.default\">\n\t\t\t\t<div class=\"elementor-widget-container\">\n\t\t\t\t\t\t\t<p><span data-sheets-root=\"1\">Ordem do Engenheiros de Portugal; Ordem dos Engenheiros de Angola; APRH<\/span><\/p>\t\t\t\t\t\t<\/div>\n\t\t\t\t<\/div>\n\t\t\t\t\t<\/div>\n\t\t<\/div>\n\t\t\t\t<div class=\"elementor-column elementor-col-25 elementor-top-column elementor-element elementor-element-54c383b3 elementor-hidden-tablet elementor-hidden-mobile\" data-id=\"54c383b3\" data-element_type=\"column\">\n\t\t\t<div class=\"elementor-widget-wrap\">\n\t\t\t\t\t\t\t<\/div>\n\t\t<\/div>\n\t\t\t\t\t<\/div>\n\t\t<\/section>\n\t\t\t\t<section class=\"elementor-section elementor-top-section elementor-element elementor-element-4e2d0f14 elementor-section-boxed elementor-section-height-default elementor-section-height-default\" data-id=\"4e2d0f14\" data-element_type=\"section\">\n\t\t\t\t\t\t<div class=\"elementor-container elementor-column-gap-no\">\n\t\t\t\t\t<div class=\"elementor-column elementor-col-100 elementor-top-column elementor-element elementor-element-3201b266\" data-id=\"3201b266\" data-element_type=\"column\">\n\t\t\t<div class=\"elementor-widget-wrap elementor-element-populated\">\n\t\t\t\t\t\t<div class=\"elementor-element elementor-element-3f9215cb elementor-widget elementor-widget-global elementor-global-500 elementor-widget-spacer\" data-id=\"3f9215cb\" data-element_type=\"widget\" data-widget_type=\"spacer.default\">\n\t\t\t\t<div class=\"elementor-widget-container\">\n\t\t\t\t\t<div class=\"elementor-spacer\">\n\t\t\t<div class=\"elementor-spacer-inner\"><\/div>\n\t\t<\/div>\n\t\t\t\t<\/div>\n\t\t\t\t<\/div>\n\t\t\t\t\t<\/div>\n\t\t<\/div>\n\t\t\t\t\t<\/div>\n\t\t<\/section>\n\t\t\t\t<\/div>\n\t\t","protected":false},"excerpt":{"rendered":"<p>Associados da APRH Manuel Ant\u00f3nio Mendes Valadas Associado 1929 Email: mavaladas@gmail.com Data de nascimento: 1971\/07\/29 Nacionalidade: Portuguesa Site: https:\/\/www.linkedin.com\/in\/irrigationdesignermvaladas\/ Forma\u00e7\u00e3o Curso: Engenharia Agron\u00f3mica &#8211; Ramo de Eng.\u00aa Rural Estabelecimento de ensino: Instituto Superior de Agronomia &#8211; UL Ano de conclus\u00e3o: 1998\/12\/10 Graus acad\u00e9micos: MsC Hidr\u00e1ulica e Recursos H\u00eddricos (IST) Especializa\u00e7\u00f5es: Hidr\u00e1ulica e Recursos H\u00eddricos Actividade [&hellip;]<\/p>\n","protected":false},"author":2,"featured_media":0,"parent":150,"menu_order":0,"comment_status":"closed","ping_status":"closed","template":"","meta":{"footnotes":""},"class_list":["post-80565","page","type-page","status-publish","hentry"],"yoast_head":"<!-- This site is optimized with the Yoast SEO plugin v23.8 - https:\/\/yoast.com\/wordpress\/plugins\/seo\/ -->\n<title>Manuel Ant\u00f3nio Mendes Valadas - APRH<\/title>\n<meta name=\"robots\" content=\"index, follow, max-snippet:-1, max-image-preview:large, max-video-preview:-1\" \/>\n<link rel=\"canonical\" href=\"https:\/\/aprh.pt\/pt\/socios\/perfis\/manuel-antonio-mendes-valadas\/\" \/>\n<meta property=\"og:locale\" content=\"pt_PT\" \/>\n<meta property=\"og:type\" content=\"article\" \/>\n<meta property=\"og:title\" content=\"Manuel Ant\u00f3nio Mendes Valadas - APRH\" \/>\n<meta property=\"og:description\" content=\"Associados da APRH Manuel Ant\u00f3nio Mendes Valadas Associado 1929 Email: mavaladas@gmail.com Data de nascimento: 1971\/07\/29 Nacionalidade: Portuguesa Site: https:\/\/www.linkedin.com\/in\/irrigationdesignermvaladas\/ Forma\u00e7\u00e3o Curso: Engenharia Agron\u00f3mica &#8211; Ramo de Eng.\u00aa Rural Estabelecimento de ensino: Instituto Superior de Agronomia &#8211; UL Ano de conclus\u00e3o: 1998\/12\/10 Graus acad\u00e9micos: MsC Hidr\u00e1ulica e Recursos H\u00eddricos (IST) Especializa\u00e7\u00f5es: Hidr\u00e1ulica e Recursos H\u00eddricos Actividade [&hellip;]\" \/>\n<meta property=\"og:url\" content=\"https:\/\/aprh.pt\/pt\/socios\/perfis\/manuel-antonio-mendes-valadas\/\" \/>\n<meta property=\"og:site_name\" content=\"APRH\" \/>\n<meta property=\"article:modified_time\" content=\"2025-05-06T10:06:58+00:00\" \/>\n<meta property=\"og:image\" content=\"https:\/\/aprh.pt\/wp-content\/uploads\/2025\/05\/FT_MV_com-fundo-Manuel-Valadas-200x300.jpg\" \/>\n<meta name=\"twitter:card\" content=\"summary_large_image\" \/>\n<meta name=\"twitter:label1\" content=\"Tempo estimado de leitura\" \/>\n\t<meta name=\"twitter:data1\" content=\"1 minuto\" \/>\n<script type=\"application\/ld+json\" class=\"yoast-schema-graph\">{\"@context\":\"https:\/\/schema.org\",\"@graph\":[{\"@type\":\"WebPage\",\"@id\":\"https:\/\/aprh.pt\/pt\/socios\/perfis\/manuel-antonio-mendes-valadas\/\",\"url\":\"https:\/\/aprh.pt\/pt\/socios\/perfis\/manuel-antonio-mendes-valadas\/\",\"name\":\"Manuel Ant\u00f3nio Mendes Valadas - APRH\",\"isPartOf\":{\"@id\":\"https:\/\/aprh.pt\/pt\/#website\"},\"primaryImageOfPage\":{\"@id\":\"https:\/\/aprh.pt\/pt\/socios\/perfis\/manuel-antonio-mendes-valadas\/#primaryimage\"},\"image\":{\"@id\":\"https:\/\/aprh.pt\/pt\/socios\/perfis\/manuel-antonio-mendes-valadas\/#primaryimage\"},\"thumbnailUrl\":\"https:\/\/aprh.pt\/wp-content\/uploads\/2025\/05\/FT_MV_com-fundo-Manuel-Valadas-200x300.jpg\",\"datePublished\":\"2025-05-06T09:57:15+00:00\",\"dateModified\":\"2025-05-06T10:06:58+00:00\",\"breadcrumb\":{\"@id\":\"https:\/\/aprh.pt\/pt\/socios\/perfis\/manuel-antonio-mendes-valadas\/#breadcrumb\"},\"inLanguage\":\"pt-PT\",\"potentialAction\":[{\"@type\":\"ReadAction\",\"target\":[\"https:\/\/aprh.pt\/pt\/socios\/perfis\/manuel-antonio-mendes-valadas\/\"]}]},{\"@type\":\"ImageObject\",\"inLanguage\":\"pt-PT\",\"@id\":\"https:\/\/aprh.pt\/pt\/socios\/perfis\/manuel-antonio-mendes-valadas\/#primaryimage\",\"url\":\"https:\/\/aprh.pt\/wp-content\/uploads\/2025\/05\/FT_MV_com-fundo-Manuel-Valadas-200x300.jpg\",\"contentUrl\":\"https:\/\/aprh.pt\/wp-content\/uploads\/2025\/05\/FT_MV_com-fundo-Manuel-Valadas-200x300.jpg\"},{\"@type\":\"BreadcrumbList\",\"@id\":\"https:\/\/aprh.pt\/pt\/socios\/perfis\/manuel-antonio-mendes-valadas\/#breadcrumb\",\"itemListElement\":[{\"@type\":\"ListItem\",\"position\":1,\"name\":\"Home\",\"item\":\"https:\/\/aprh.pt\/pt\/\"},{\"@type\":\"ListItem\",\"position\":2,\"name\":\"Associados\",\"item\":\"https:\/\/aprh.pt\/pt\/socios\/\"},{\"@type\":\"ListItem\",\"position\":3,\"name\":\"Perfis\",\"item\":\"https:\/\/aprh.pt\/pt\/socios\/perfis\/\"},{\"@type\":\"ListItem\",\"position\":4,\"name\":\"Manuel Ant\u00f3nio Mendes Valadas\"}]},{\"@type\":\"WebSite\",\"@id\":\"https:\/\/aprh.pt\/pt\/#website\",\"url\":\"https:\/\/aprh.pt\/pt\/\",\"name\":\"APRH\",\"description\":\"Associa\u00e7\u00e3o Portuguesa dos Recursos H\u00eddricos\",\"publisher\":{\"@id\":\"https:\/\/aprh.pt\/pt\/#organization\"},\"potentialAction\":[{\"@type\":\"SearchAction\",\"target\":{\"@type\":\"EntryPoint\",\"urlTemplate\":\"https:\/\/aprh.pt\/pt\/?s={search_term_string}\"},\"query-input\":{\"@type\":\"PropertyValueSpecification\",\"valueRequired\":true,\"valueName\":\"search_term_string\"}}],\"inLanguage\":\"pt-PT\"},{\"@type\":\"Organization\",\"@id\":\"https:\/\/aprh.pt\/pt\/#organization\",\"name\":\"APRH\",\"url\":\"https:\/\/aprh.pt\/pt\/\",\"logo\":{\"@type\":\"ImageObject\",\"inLanguage\":\"pt-PT\",\"@id\":\"https:\/\/aprh.pt\/pt\/#\/schema\/logo\/image\/\",\"url\":\"https:\/\/aprh.pt\/wp-content\/uploads\/2022\/04\/logotipo.png\",\"contentUrl\":\"https:\/\/aprh.pt\/wp-content\/uploads\/2022\/04\/logotipo.png\",\"width\":181,\"height\":80,\"caption\":\"APRH\"},\"image\":{\"@id\":\"https:\/\/aprh.pt\/pt\/#\/schema\/logo\/image\/\"}}]}<\/script>\n<!-- \/ Yoast SEO plugin. -->","yoast_head_json":{"title":"Manuel Ant\u00f3nio Mendes Valadas - APRH","robots":{"index":"index","follow":"follow","max-snippet":"max-snippet:-1","max-image-preview":"max-image-preview:large","max-video-preview":"max-video-preview:-1"},"canonical":"https:\/\/aprh.pt\/pt\/socios\/perfis\/manuel-antonio-mendes-valadas\/","og_locale":"pt_PT","og_type":"article","og_title":"Manuel Ant\u00f3nio Mendes Valadas - APRH","og_description":"Associados da APRH Manuel Ant\u00f3nio Mendes Valadas Associado 1929 Email: mavaladas@gmail.com Data de nascimento: 1971\/07\/29 Nacionalidade: Portuguesa Site: https:\/\/www.linkedin.com\/in\/irrigationdesignermvaladas\/ Forma\u00e7\u00e3o Curso: Engenharia Agron\u00f3mica &#8211; Ramo de Eng.\u00aa Rural Estabelecimento de ensino: Instituto Superior de Agronomia &#8211; UL Ano de conclus\u00e3o: 1998\/12\/10 Graus acad\u00e9micos: MsC Hidr\u00e1ulica e Recursos H\u00eddricos (IST) Especializa\u00e7\u00f5es: Hidr\u00e1ulica e Recursos H\u00eddricos Actividade [&hellip;]","og_url":"https:\/\/aprh.pt\/pt\/socios\/perfis\/manuel-antonio-mendes-valadas\/","og_site_name":"APRH","article_modified_time":"2025-05-06T10:06:58+00:00","og_image":[{"url":"https:\/\/aprh.pt\/wp-content\/uploads\/2025\/05\/FT_MV_com-fundo-Manuel-Valadas-200x300.jpg"}],"twitter_card":"summary_large_image","twitter_misc":{"Tempo estimado de leitura":"1 minuto"},"schema":{"@context":"https:\/\/schema.org","@graph":[{"@type":"WebPage","@id":"https:\/\/aprh.pt\/pt\/socios\/perfis\/manuel-antonio-mendes-valadas\/","url":"https:\/\/aprh.pt\/pt\/socios\/perfis\/manuel-antonio-mendes-valadas\/","name":"Manuel Ant\u00f3nio Mendes Valadas - APRH","isPartOf":{"@id":"https:\/\/aprh.pt\/pt\/#website"},"primaryImageOfPage":{"@id":"https:\/\/aprh.pt\/pt\/socios\/perfis\/manuel-antonio-mendes-valadas\/#primaryimage"},"image":{"@id":"https:\/\/aprh.pt\/pt\/socios\/perfis\/manuel-antonio-mendes-valadas\/#primaryimage"},"thumbnailUrl":"https:\/\/aprh.pt\/wp-content\/uploads\/2025\/05\/FT_MV_com-fundo-Manuel-Valadas-200x300.jpg","datePublished":"2025-05-06T09:57:15+00:00","dateModified":"2025-05-06T10:06:58+00:00","breadcrumb":{"@id":"https:\/\/aprh.pt\/pt\/socios\/perfis\/manuel-antonio-mendes-valadas\/#breadcrumb"},"inLanguage":"pt-PT","potentialAction":[{"@type":"ReadAction","target":["https:\/\/aprh.pt\/pt\/socios\/perfis\/manuel-antonio-mendes-valadas\/"]}]},{"@type":"ImageObject","inLanguage":"pt-PT","@id":"https:\/\/aprh.pt\/pt\/socios\/perfis\/manuel-antonio-mendes-valadas\/#primaryimage","url":"https:\/\/aprh.pt\/wp-content\/uploads\/2025\/05\/FT_MV_com-fundo-Manuel-Valadas-200x300.jpg","contentUrl":"https:\/\/aprh.pt\/wp-content\/uploads\/2025\/05\/FT_MV_com-fundo-Manuel-Valadas-200x300.jpg"},{"@type":"BreadcrumbList","@id":"https:\/\/aprh.pt\/pt\/socios\/perfis\/manuel-antonio-mendes-valadas\/#breadcrumb","itemListElement":[{"@type":"ListItem","position":1,"name":"Home","item":"https:\/\/aprh.pt\/pt\/"},{"@type":"ListItem","position":2,"name":"Associados","item":"https:\/\/aprh.pt\/pt\/socios\/"},{"@type":"ListItem","position":3,"name":"Perfis","item":"https:\/\/aprh.pt\/pt\/socios\/perfis\/"},{"@type":"ListItem","position":4,"name":"Manuel Ant\u00f3nio Mendes Valadas"}]},{"@type":"WebSite","@id":"https:\/\/aprh.pt\/pt\/#website","url":"https:\/\/aprh.pt\/pt\/","name":"APRH","description":"Associa\u00e7\u00e3o Portuguesa dos Recursos H\u00eddricos","publisher":{"@id":"https:\/\/aprh.pt\/pt\/#organization"},"potentialAction":[{"@type":"SearchAction","target":{"@type":"EntryPoint","urlTemplate":"https:\/\/aprh.pt\/pt\/?s={search_term_string}"},"query-input":{"@type":"PropertyValueSpecification","valueRequired":true,"valueName":"search_term_string"}}],"inLanguage":"pt-PT"},{"@type":"Organization","@id":"https:\/\/aprh.pt\/pt\/#organization","name":"APRH","url":"https:\/\/aprh.pt\/pt\/","logo":{"@type":"ImageObject","inLanguage":"pt-PT","@id":"https:\/\/aprh.pt\/pt\/#\/schema\/logo\/image\/","url":"https:\/\/aprh.pt\/wp-content\/uploads\/2022\/04\/logotipo.png","contentUrl":"https:\/\/aprh.pt\/wp-content\/uploads\/2022\/04\/logotipo.png","width":181,"height":80,"caption":"APRH"},"image":{"@id":"https:\/\/aprh.pt\/pt\/#\/schema\/logo\/image\/"}}]}},"_links":{"self":[{"href":"https:\/\/aprh.pt\/pt\/wp-json\/wp\/v2\/pages\/80565","targetHints":{"allow":["GET"]}}],"collection":[{"href":"https:\/\/aprh.pt\/pt\/wp-json\/wp\/v2\/pages"}],"about":[{"href":"https:\/\/aprh.pt\/pt\/wp-json\/wp\/v2\/types\/page"}],"author":[{"embeddable":true,"href":"https:\/\/aprh.pt\/pt\/wp-json\/wp\/v2\/users\/2"}],"replies":[{"embeddable":true,"href":"https:\/\/aprh.pt\/pt\/wp-json\/wp\/v2\/comments?post=80565"}],"version-history":[{"count":7,"href":"https:\/\/aprh.pt\/pt\/wp-json\/wp\/v2\/pages\/80565\/revisions"}],"predecessor-version":[{"id":80574,"href":"https:\/\/aprh.pt\/pt\/wp-json\/wp\/v2\/pages\/80565\/revisions\/80574"}],"up":[{"embeddable":true,"href":"https:\/\/aprh.pt\/pt\/wp-json\/wp\/v2\/pages\/150"}],"wp:attachment":[{"href":"https:\/\/aprh.pt\/pt\/wp-json\/wp\/v2\/media?parent=80565"}],"curies":[{"name":"wp","href":"https:\/\/api.w.org\/{rel}","templated":true}]}}