{"id":82634,"date":"2025-11-12T14:28:01","date_gmt":"2025-11-12T14:28:01","guid":{"rendered":"https:\/\/aprh.pt\/?page_id=82634"},"modified":"2025-11-12T14:31:36","modified_gmt":"2025-11-12T14:31:36","slug":"diana-margarida-rodrigues-franca","status":"publish","type":"page","link":"https:\/\/aprh.pt\/pt\/socios\/perfis\/diana-margarida-rodrigues-franca\/","title":{"rendered":"Diana Margarida Rodrigues Fran\u00e7a"},"content":{"rendered":"\t\t<div data-elementor-type=\"wp-page\" data-elementor-id=\"82634\" class=\"elementor elementor-82634\" data-elementor-post-type=\"page\">\n\t\t\t\t\t\t<section class=\"elementor-section elementor-top-section elementor-element elementor-element-644c8835 elementor-section-boxed elementor-section-height-default elementor-section-height-default\" data-id=\"644c8835\" data-element_type=\"section\">\n\t\t\t\t\t\t<div class=\"elementor-container elementor-column-gap-no\">\n\t\t\t\t\t<div class=\"elementor-column elementor-col-100 elementor-top-column elementor-element elementor-element-5d6d3c5b\" data-id=\"5d6d3c5b\" data-element_type=\"column\">\n\t\t\t<div class=\"elementor-widget-wrap elementor-element-populated\">\n\t\t\t\t\t\t<div class=\"elementor-element elementor-element-26a95926 elementor-widget elementor-widget-global elementor-global-475 elementor-widget-spacer\" data-id=\"26a95926\" data-element_type=\"widget\" data-widget_type=\"spacer.default\">\n\t\t\t\t<div class=\"elementor-widget-container\">\n\t\t\t\t\t<div class=\"elementor-spacer\">\n\t\t\t<div class=\"elementor-spacer-inner\"><\/div>\n\t\t<\/div>\n\t\t\t\t<\/div>\n\t\t\t\t<\/div>\n\t\t\t\t\t<\/div>\n\t\t<\/div>\n\t\t\t\t\t<\/div>\n\t\t<\/section>\n\t\t\t\t<section class=\"elementor-section elementor-top-section elementor-element elementor-element-377e0e33 elementor-section-boxed elementor-section-height-default elementor-section-height-default\" data-id=\"377e0e33\" data-element_type=\"section\">\n\t\t\t\t\t\t<div class=\"elementor-container elementor-column-gap-no\">\n\t\t\t\t\t<div class=\"elementor-column elementor-col-25 elementor-top-column elementor-element elementor-element-54d179cc\" data-id=\"54d179cc\" data-element_type=\"column\">\n\t\t\t<div class=\"elementor-widget-wrap elementor-element-populated\">\n\t\t\t\t\t\t<div class=\"elementor-element elementor-element-490ff980 elementor-widget elementor-widget-heading\" data-id=\"490ff980\" data-element_type=\"widget\" data-widget_type=\"heading.default\">\n\t\t\t\t<div class=\"elementor-widget-container\">\n\t\t\t<h2 class=\"elementor-heading-title elementor-size-default\">Associados da APRH<\/h2>\t\t<\/div>\n\t\t\t\t<\/div>\n\t\t\t\t\t<\/div>\n\t\t<\/div>\n\t\t\t\t<div class=\"elementor-column elementor-col-50 elementor-top-column elementor-element elementor-element-5b361be8\" data-id=\"5b361be8\" data-element_type=\"column\">\n\t\t\t<div class=\"elementor-widget-wrap elementor-element-populated\">\n\t\t\t\t\t\t<div class=\"elementor-element elementor-element-7999a612 elementor-widget elementor-widget-image\" data-id=\"7999a612\" data-element_type=\"widget\" data-widget_type=\"image.default\">\n\t\t\t\t<div class=\"elementor-widget-container\">\n\t\t\t\t\t\t\t\t\t\t\t\t\t<img fetchpriority=\"high\" decoding=\"async\" width=\"300\" height=\"277\" src=\"https:\/\/aprh.pt\/wp-content\/uploads\/2025\/11\/1917-300x277.jpeg\" class=\"attachment-medium size-medium wp-image-82636\" alt=\"\" srcset=\"https:\/\/aprh.pt\/wp-content\/uploads\/2025\/11\/1917-300x277.jpeg 300w, https:\/\/aprh.pt\/wp-content\/uploads\/2025\/11\/1917.jpeg 371w\" sizes=\"(max-width: 300px) 100vw, 300px\" \/>\t\t\t\t\t\t\t\t\t\t\t\t\t<\/div>\n\t\t\t\t<\/div>\n\t\t\t\t<div class=\"elementor-element elementor-element-1b249990 elementor-widget elementor-widget-heading\" data-id=\"1b249990\" data-element_type=\"widget\" data-widget_type=\"heading.default\">\n\t\t\t\t<div class=\"elementor-widget-container\">\n\t\t\t<h2 class=\"elementor-heading-title elementor-size-default\">Diana Margarida Rodrigues Fran\u00e7a<\/h2>\t\t<\/div>\n\t\t\t\t<\/div>\n\t\t\t\t<div class=\"elementor-element elementor-element-4afdc008 remover_marcadores elementor-widget elementor-widget-text-editor\" data-id=\"4afdc008\" data-element_type=\"widget\" data-widget_type=\"text-editor.default\">\n\t\t\t\t<div class=\"elementor-widget-container\">\n\t\t\t\t\t\t\t<ul><li><strong>Associado<\/strong> 1917<\/li><li><strong>Email:<\/strong> <span data-sheets-root=\"1\">diana.franca@adp.pt<\/span><\/li><li><strong>Data de nascimento:<\/strong> <span data-sheets-root=\"1\">1992\/03\/28<\/span><\/li><li><strong>Nacionalidade:<\/strong> Portuguesa<\/li><li><strong>Site:<\/strong> <a href=\"http:\/\/linkedin.com\/in\/diana-fran\u00e7a-548b9b129\" target=\"_blank\" rel=\"noopener\"><span data-sheets-root=\"1\">linkedin.com\/in\/diana-fran\u00e7a-548b9b129 <\/span><\/a><\/li><\/ul>\t\t\t\t\t\t<\/div>\n\t\t\t\t<\/div>\n\t\t\t\t<div class=\"elementor-element elementor-element-146c3f87 elementor-widget elementor-widget-heading\" data-id=\"146c3f87\" data-element_type=\"widget\" data-widget_type=\"heading.default\">\n\t\t\t\t<div class=\"elementor-widget-container\">\n\t\t\t<h2 class=\"elementor-heading-title elementor-size-default\">Forma\u00e7\u00e3o<\/h2>\t\t<\/div>\n\t\t\t\t<\/div>\n\t\t\t\t<div class=\"elementor-element elementor-element-6c71a3b2 remover_marcadores elementor-widget elementor-widget-text-editor\" data-id=\"6c71a3b2\" data-element_type=\"widget\" data-widget_type=\"text-editor.default\">\n\t\t\t\t<div class=\"elementor-widget-container\">\n\t\t\t\t\t\t\t<ul><li><strong>Curso:<\/strong> <span data-sheets-root=\"1\">Engenharia Civil<\/span><\/li><li><strong>Estabelecimento de ensino:<\/strong> &#8211;<\/li><li><strong>Ano de conclus\u00e3o:<\/strong> &#8211;<\/li><li><strong>Graus acad\u00e9micos:<\/strong> &#8211;<\/li><li><strong>Especializa\u00e7\u00f5es:<\/strong> &#8211;<\/li><\/ul>\t\t\t\t\t\t<\/div>\n\t\t\t\t<\/div>\n\t\t\t\t<div class=\"elementor-element elementor-element-5a01ae4c elementor-widget elementor-widget-heading\" data-id=\"5a01ae4c\" data-element_type=\"widget\" data-widget_type=\"heading.default\">\n\t\t\t\t<div class=\"elementor-widget-container\">\n\t\t\t<h2 class=\"elementor-heading-title elementor-size-default\">Actividade profissional atual<\/h2>\t\t<\/div>\n\t\t\t\t<\/div>\n\t\t\t\t<div class=\"elementor-element elementor-element-3a46a160 remover_marcadores elementor-widget elementor-widget-text-editor\" data-id=\"3a46a160\" data-element_type=\"widget\" data-widget_type=\"text-editor.default\">\n\t\t\t\t<div class=\"elementor-widget-container\">\n\t\t\t\t\t\t\t<ul><li><strong>Entidade:<\/strong> <span data-sheets-root=\"1\">\u00c1guas do Norte, S. A. <\/span><\/li><li><strong>Fun\u00e7\u00f5es:<\/strong> &#8211;<\/li><\/ul>\t\t\t\t\t\t<\/div>\n\t\t\t\t<\/div>\n\t\t\t\t\t<\/div>\n\t\t<\/div>\n\t\t\t\t<div class=\"elementor-column elementor-col-25 elementor-top-column elementor-element elementor-element-214b7ca1 elementor-hidden-tablet elementor-hidden-mobile\" data-id=\"214b7ca1\" data-element_type=\"column\">\n\t\t\t<div class=\"elementor-widget-wrap\">\n\t\t\t\t\t\t\t<\/div>\n\t\t<\/div>\n\t\t\t\t\t<\/div>\n\t\t<\/section>\n\t\t\t\t<section class=\"elementor-section elementor-top-section elementor-element elementor-element-270702a7 elementor-section-boxed elementor-section-height-default elementor-section-height-default\" data-id=\"270702a7\" data-element_type=\"section\">\n\t\t\t\t\t\t<div class=\"elementor-container elementor-column-gap-no\">\n\t\t\t\t\t<div class=\"elementor-column elementor-col-100 elementor-top-column elementor-element elementor-element-c6de7ea\" data-id=\"c6de7ea\" data-element_type=\"column\">\n\t\t\t<div class=\"elementor-widget-wrap elementor-element-populated\">\n\t\t\t\t\t\t<div class=\"elementor-element elementor-element-280677aa elementor-widget elementor-widget-global elementor-global-500 elementor-widget-spacer\" data-id=\"280677aa\" data-element_type=\"widget\" data-widget_type=\"spacer.default\">\n\t\t\t\t<div class=\"elementor-widget-container\">\n\t\t\t\t\t<div class=\"elementor-spacer\">\n\t\t\t<div class=\"elementor-spacer-inner\"><\/div>\n\t\t<\/div>\n\t\t\t\t<\/div>\n\t\t\t\t<\/div>\n\t\t\t\t\t<\/div>\n\t\t<\/div>\n\t\t\t\t\t<\/div>\n\t\t<\/section>\n\t\t\t\t<\/div>\n\t\t","protected":false},"excerpt":{"rendered":"<p>Associados da APRH Diana Margarida Rodrigues Fran\u00e7a Associado 1917 Email: diana.franca@adp.pt Data de nascimento: 1992\/03\/28 Nacionalidade: Portuguesa Site: linkedin.com\/in\/diana-fran\u00e7a-548b9b129 Forma\u00e7\u00e3o Curso: Engenharia Civil Estabelecimento de ensino: &#8211; Ano de conclus\u00e3o: &#8211; Graus acad\u00e9micos: &#8211; Especializa\u00e7\u00f5es: &#8211; Actividade profissional atual Entidade: \u00c1guas do Norte, S. A. Fun\u00e7\u00f5es: &#8211;<\/p>\n","protected":false},"author":2,"featured_media":0,"parent":150,"menu_order":0,"comment_status":"closed","ping_status":"closed","template":"","meta":{"footnotes":""},"class_list":["post-82634","page","type-page","status-publish","hentry"],"yoast_head":"<!-- This site is optimized with the Yoast SEO plugin v23.8 - https:\/\/yoast.com\/wordpress\/plugins\/seo\/ -->\n<title>Diana Margarida Rodrigues Fran\u00e7a - APRH<\/title>\n<meta name=\"robots\" content=\"index, follow, max-snippet:-1, max-image-preview:large, max-video-preview:-1\" \/>\n<link rel=\"canonical\" href=\"https:\/\/aprh.pt\/pt\/socios\/perfis\/diana-margarida-rodrigues-franca\/\" \/>\n<meta property=\"og:locale\" content=\"pt_PT\" \/>\n<meta property=\"og:type\" content=\"article\" \/>\n<meta property=\"og:title\" content=\"Diana Margarida Rodrigues Fran\u00e7a - APRH\" \/>\n<meta property=\"og:description\" content=\"Associados da APRH Diana Margarida Rodrigues Fran\u00e7a Associado 1917 Email: diana.franca@adp.pt Data de nascimento: 1992\/03\/28 Nacionalidade: Portuguesa Site: linkedin.com\/in\/diana-fran\u00e7a-548b9b129 Forma\u00e7\u00e3o Curso: Engenharia Civil Estabelecimento de ensino: &#8211; Ano de conclus\u00e3o: &#8211; Graus acad\u00e9micos: &#8211; Especializa\u00e7\u00f5es: &#8211; Actividade profissional atual Entidade: \u00c1guas do Norte, S. A. Fun\u00e7\u00f5es: &#8211;\" \/>\n<meta property=\"og:url\" content=\"https:\/\/aprh.pt\/pt\/socios\/perfis\/diana-margarida-rodrigues-franca\/\" \/>\n<meta property=\"og:site_name\" content=\"APRH\" \/>\n<meta property=\"article:modified_time\" content=\"2025-11-12T14:31:36+00:00\" \/>\n<meta property=\"og:image\" content=\"https:\/\/aprh.pt\/wp-content\/uploads\/2025\/11\/1917-300x277.jpeg\" \/>\n<meta name=\"twitter:card\" content=\"summary_large_image\" \/>\n<meta name=\"twitter:label1\" content=\"Tempo estimado de leitura\" \/>\n\t<meta name=\"twitter:data1\" content=\"1 minuto\" \/>\n<script type=\"application\/ld+json\" class=\"yoast-schema-graph\">{\"@context\":\"https:\/\/schema.org\",\"@graph\":[{\"@type\":\"WebPage\",\"@id\":\"https:\/\/aprh.pt\/pt\/socios\/perfis\/diana-margarida-rodrigues-franca\/\",\"url\":\"https:\/\/aprh.pt\/pt\/socios\/perfis\/diana-margarida-rodrigues-franca\/\",\"name\":\"Diana Margarida Rodrigues Fran\u00e7a - APRH\",\"isPartOf\":{\"@id\":\"https:\/\/aprh.pt\/pt\/#website\"},\"primaryImageOfPage\":{\"@id\":\"https:\/\/aprh.pt\/pt\/socios\/perfis\/diana-margarida-rodrigues-franca\/#primaryimage\"},\"image\":{\"@id\":\"https:\/\/aprh.pt\/pt\/socios\/perfis\/diana-margarida-rodrigues-franca\/#primaryimage\"},\"thumbnailUrl\":\"https:\/\/aprh.pt\/wp-content\/uploads\/2025\/11\/1917-300x277.jpeg\",\"datePublished\":\"2025-11-12T14:28:01+00:00\",\"dateModified\":\"2025-11-12T14:31:36+00:00\",\"breadcrumb\":{\"@id\":\"https:\/\/aprh.pt\/pt\/socios\/perfis\/diana-margarida-rodrigues-franca\/#breadcrumb\"},\"inLanguage\":\"pt-PT\",\"potentialAction\":[{\"@type\":\"ReadAction\",\"target\":[\"https:\/\/aprh.pt\/pt\/socios\/perfis\/diana-margarida-rodrigues-franca\/\"]}]},{\"@type\":\"ImageObject\",\"inLanguage\":\"pt-PT\",\"@id\":\"https:\/\/aprh.pt\/pt\/socios\/perfis\/diana-margarida-rodrigues-franca\/#primaryimage\",\"url\":\"https:\/\/aprh.pt\/wp-content\/uploads\/2025\/11\/1917-300x277.jpeg\",\"contentUrl\":\"https:\/\/aprh.pt\/wp-content\/uploads\/2025\/11\/1917-300x277.jpeg\"},{\"@type\":\"BreadcrumbList\",\"@id\":\"https:\/\/aprh.pt\/pt\/socios\/perfis\/diana-margarida-rodrigues-franca\/#breadcrumb\",\"itemListElement\":[{\"@type\":\"ListItem\",\"position\":1,\"name\":\"Home\",\"item\":\"https:\/\/aprh.pt\/pt\/\"},{\"@type\":\"ListItem\",\"position\":2,\"name\":\"Associados\",\"item\":\"https:\/\/aprh.pt\/pt\/socios\/\"},{\"@type\":\"ListItem\",\"position\":3,\"name\":\"Perfis\",\"item\":\"https:\/\/aprh.pt\/pt\/socios\/perfis\/\"},{\"@type\":\"ListItem\",\"position\":4,\"name\":\"Diana Margarida Rodrigues Fran\u00e7a\"}]},{\"@type\":\"WebSite\",\"@id\":\"https:\/\/aprh.pt\/pt\/#website\",\"url\":\"https:\/\/aprh.pt\/pt\/\",\"name\":\"APRH\",\"description\":\"Associa\u00e7\u00e3o Portuguesa dos Recursos H\u00eddricos\",\"publisher\":{\"@id\":\"https:\/\/aprh.pt\/pt\/#organization\"},\"potentialAction\":[{\"@type\":\"SearchAction\",\"target\":{\"@type\":\"EntryPoint\",\"urlTemplate\":\"https:\/\/aprh.pt\/pt\/?s={search_term_string}\"},\"query-input\":{\"@type\":\"PropertyValueSpecification\",\"valueRequired\":true,\"valueName\":\"search_term_string\"}}],\"inLanguage\":\"pt-PT\"},{\"@type\":\"Organization\",\"@id\":\"https:\/\/aprh.pt\/pt\/#organization\",\"name\":\"APRH\",\"url\":\"https:\/\/aprh.pt\/pt\/\",\"logo\":{\"@type\":\"ImageObject\",\"inLanguage\":\"pt-PT\",\"@id\":\"https:\/\/aprh.pt\/pt\/#\/schema\/logo\/image\/\",\"url\":\"https:\/\/aprh.pt\/wp-content\/uploads\/2022\/04\/logotipo.png\",\"contentUrl\":\"https:\/\/aprh.pt\/wp-content\/uploads\/2022\/04\/logotipo.png\",\"width\":181,\"height\":80,\"caption\":\"APRH\"},\"image\":{\"@id\":\"https:\/\/aprh.pt\/pt\/#\/schema\/logo\/image\/\"}}]}<\/script>\n<!-- \/ Yoast SEO plugin. -->","yoast_head_json":{"title":"Diana Margarida Rodrigues Fran\u00e7a - APRH","robots":{"index":"index","follow":"follow","max-snippet":"max-snippet:-1","max-image-preview":"max-image-preview:large","max-video-preview":"max-video-preview:-1"},"canonical":"https:\/\/aprh.pt\/pt\/socios\/perfis\/diana-margarida-rodrigues-franca\/","og_locale":"pt_PT","og_type":"article","og_title":"Diana Margarida Rodrigues Fran\u00e7a - APRH","og_description":"Associados da APRH Diana Margarida Rodrigues Fran\u00e7a Associado 1917 Email: diana.franca@adp.pt Data de nascimento: 1992\/03\/28 Nacionalidade: Portuguesa Site: linkedin.com\/in\/diana-fran\u00e7a-548b9b129 Forma\u00e7\u00e3o Curso: Engenharia Civil Estabelecimento de ensino: &#8211; Ano de conclus\u00e3o: &#8211; Graus acad\u00e9micos: &#8211; Especializa\u00e7\u00f5es: &#8211; Actividade profissional atual Entidade: \u00c1guas do Norte, S. A. Fun\u00e7\u00f5es: &#8211;","og_url":"https:\/\/aprh.pt\/pt\/socios\/perfis\/diana-margarida-rodrigues-franca\/","og_site_name":"APRH","article_modified_time":"2025-11-12T14:31:36+00:00","og_image":[{"url":"https:\/\/aprh.pt\/wp-content\/uploads\/2025\/11\/1917-300x277.jpeg"}],"twitter_card":"summary_large_image","twitter_misc":{"Tempo estimado de leitura":"1 minuto"},"schema":{"@context":"https:\/\/schema.org","@graph":[{"@type":"WebPage","@id":"https:\/\/aprh.pt\/pt\/socios\/perfis\/diana-margarida-rodrigues-franca\/","url":"https:\/\/aprh.pt\/pt\/socios\/perfis\/diana-margarida-rodrigues-franca\/","name":"Diana Margarida Rodrigues Fran\u00e7a - APRH","isPartOf":{"@id":"https:\/\/aprh.pt\/pt\/#website"},"primaryImageOfPage":{"@id":"https:\/\/aprh.pt\/pt\/socios\/perfis\/diana-margarida-rodrigues-franca\/#primaryimage"},"image":{"@id":"https:\/\/aprh.pt\/pt\/socios\/perfis\/diana-margarida-rodrigues-franca\/#primaryimage"},"thumbnailUrl":"https:\/\/aprh.pt\/wp-content\/uploads\/2025\/11\/1917-300x277.jpeg","datePublished":"2025-11-12T14:28:01+00:00","dateModified":"2025-11-12T14:31:36+00:00","breadcrumb":{"@id":"https:\/\/aprh.pt\/pt\/socios\/perfis\/diana-margarida-rodrigues-franca\/#breadcrumb"},"inLanguage":"pt-PT","potentialAction":[{"@type":"ReadAction","target":["https:\/\/aprh.pt\/pt\/socios\/perfis\/diana-margarida-rodrigues-franca\/"]}]},{"@type":"ImageObject","inLanguage":"pt-PT","@id":"https:\/\/aprh.pt\/pt\/socios\/perfis\/diana-margarida-rodrigues-franca\/#primaryimage","url":"https:\/\/aprh.pt\/wp-content\/uploads\/2025\/11\/1917-300x277.jpeg","contentUrl":"https:\/\/aprh.pt\/wp-content\/uploads\/2025\/11\/1917-300x277.jpeg"},{"@type":"BreadcrumbList","@id":"https:\/\/aprh.pt\/pt\/socios\/perfis\/diana-margarida-rodrigues-franca\/#breadcrumb","itemListElement":[{"@type":"ListItem","position":1,"name":"Home","item":"https:\/\/aprh.pt\/pt\/"},{"@type":"ListItem","position":2,"name":"Associados","item":"https:\/\/aprh.pt\/pt\/socios\/"},{"@type":"ListItem","position":3,"name":"Perfis","item":"https:\/\/aprh.pt\/pt\/socios\/perfis\/"},{"@type":"ListItem","position":4,"name":"Diana Margarida Rodrigues Fran\u00e7a"}]},{"@type":"WebSite","@id":"https:\/\/aprh.pt\/pt\/#website","url":"https:\/\/aprh.pt\/pt\/","name":"APRH","description":"Associa\u00e7\u00e3o Portuguesa dos Recursos H\u00eddricos","publisher":{"@id":"https:\/\/aprh.pt\/pt\/#organization"},"potentialAction":[{"@type":"SearchAction","target":{"@type":"EntryPoint","urlTemplate":"https:\/\/aprh.pt\/pt\/?s={search_term_string}"},"query-input":{"@type":"PropertyValueSpecification","valueRequired":true,"valueName":"search_term_string"}}],"inLanguage":"pt-PT"},{"@type":"Organization","@id":"https:\/\/aprh.pt\/pt\/#organization","name":"APRH","url":"https:\/\/aprh.pt\/pt\/","logo":{"@type":"ImageObject","inLanguage":"pt-PT","@id":"https:\/\/aprh.pt\/pt\/#\/schema\/logo\/image\/","url":"https:\/\/aprh.pt\/wp-content\/uploads\/2022\/04\/logotipo.png","contentUrl":"https:\/\/aprh.pt\/wp-content\/uploads\/2022\/04\/logotipo.png","width":181,"height":80,"caption":"APRH"},"image":{"@id":"https:\/\/aprh.pt\/pt\/#\/schema\/logo\/image\/"}}]}},"_links":{"self":[{"href":"https:\/\/aprh.pt\/pt\/wp-json\/wp\/v2\/pages\/82634","targetHints":{"allow":["GET"]}}],"collection":[{"href":"https:\/\/aprh.pt\/pt\/wp-json\/wp\/v2\/pages"}],"about":[{"href":"https:\/\/aprh.pt\/pt\/wp-json\/wp\/v2\/types\/page"}],"author":[{"embeddable":true,"href":"https:\/\/aprh.pt\/pt\/wp-json\/wp\/v2\/users\/2"}],"replies":[{"embeddable":true,"href":"https:\/\/aprh.pt\/pt\/wp-json\/wp\/v2\/comments?post=82634"}],"version-history":[{"count":7,"href":"https:\/\/aprh.pt\/pt\/wp-json\/wp\/v2\/pages\/82634\/revisions"}],"predecessor-version":[{"id":82643,"href":"https:\/\/aprh.pt\/pt\/wp-json\/wp\/v2\/pages\/82634\/revisions\/82643"}],"up":[{"embeddable":true,"href":"https:\/\/aprh.pt\/pt\/wp-json\/wp\/v2\/pages\/150"}],"wp:attachment":[{"href":"https:\/\/aprh.pt\/pt\/wp-json\/wp\/v2\/media?parent=82634"}],"curies":[{"name":"wp","href":"https:\/\/api.w.org\/{rel}","templated":true}]}}