{"id":82647,"date":"2025-11-12T14:35:08","date_gmt":"2025-11-12T14:35:08","guid":{"rendered":"https:\/\/aprh.pt\/?page_id=82647"},"modified":"2025-11-12T14:37:55","modified_gmt":"2025-11-12T14:37:55","slug":"luis-filipe-sanches-fernandes","status":"publish","type":"page","link":"https:\/\/aprh.pt\/pt\/socios\/perfis\/luis-filipe-sanches-fernandes\/","title":{"rendered":"Lu\u00eds Filipe Sanches Fernandes"},"content":{"rendered":"\t\t<div data-elementor-type=\"wp-page\" data-elementor-id=\"82647\" class=\"elementor elementor-82647\" data-elementor-post-type=\"page\">\n\t\t\t\t\t\t<section class=\"elementor-section elementor-top-section elementor-element elementor-element-708bba19 elementor-section-boxed elementor-section-height-default elementor-section-height-default\" data-id=\"708bba19\" data-element_type=\"section\">\n\t\t\t\t\t\t<div class=\"elementor-container elementor-column-gap-no\">\n\t\t\t\t\t<div class=\"elementor-column elementor-col-100 elementor-top-column elementor-element elementor-element-3712c995\" data-id=\"3712c995\" data-element_type=\"column\">\n\t\t\t<div class=\"elementor-widget-wrap elementor-element-populated\">\n\t\t\t\t\t\t<div class=\"elementor-element elementor-element-12360e44 elementor-widget elementor-widget-global elementor-global-475 elementor-widget-spacer\" data-id=\"12360e44\" data-element_type=\"widget\" data-widget_type=\"spacer.default\">\n\t\t\t\t<div class=\"elementor-widget-container\">\n\t\t\t\t\t<div class=\"elementor-spacer\">\n\t\t\t<div class=\"elementor-spacer-inner\"><\/div>\n\t\t<\/div>\n\t\t\t\t<\/div>\n\t\t\t\t<\/div>\n\t\t\t\t\t<\/div>\n\t\t<\/div>\n\t\t\t\t\t<\/div>\n\t\t<\/section>\n\t\t\t\t<section class=\"elementor-section elementor-top-section elementor-element elementor-element-1f3a97f6 elementor-section-boxed elementor-section-height-default elementor-section-height-default\" data-id=\"1f3a97f6\" data-element_type=\"section\">\n\t\t\t\t\t\t<div class=\"elementor-container elementor-column-gap-no\">\n\t\t\t\t\t<div class=\"elementor-column elementor-col-25 elementor-top-column elementor-element elementor-element-75199a36\" data-id=\"75199a36\" data-element_type=\"column\">\n\t\t\t<div class=\"elementor-widget-wrap elementor-element-populated\">\n\t\t\t\t\t\t<div class=\"elementor-element elementor-element-752056b2 elementor-widget elementor-widget-heading\" data-id=\"752056b2\" data-element_type=\"widget\" data-widget_type=\"heading.default\">\n\t\t\t\t<div class=\"elementor-widget-container\">\n\t\t\t<h2 class=\"elementor-heading-title elementor-size-default\">Associados da APRH<\/h2>\t\t<\/div>\n\t\t\t\t<\/div>\n\t\t\t\t\t<\/div>\n\t\t<\/div>\n\t\t\t\t<div class=\"elementor-column elementor-col-50 elementor-top-column elementor-element elementor-element-47437d6\" data-id=\"47437d6\" data-element_type=\"column\">\n\t\t\t<div class=\"elementor-widget-wrap elementor-element-populated\">\n\t\t\t\t\t\t<div class=\"elementor-element elementor-element-3e830168 elementor-widget elementor-widget-image\" data-id=\"3e830168\" data-element_type=\"widget\" data-widget_type=\"image.default\">\n\t\t\t\t<div class=\"elementor-widget-container\">\n\t\t\t\t\t\t\t\t\t\t\t\t\t<img decoding=\"async\" width=\"166\" height=\"212\" src=\"https:\/\/aprh.pt\/wp-content\/uploads\/2025\/11\/1358.jpg\" class=\"attachment-medium size-medium wp-image-82649\" alt=\"\" \/>\t\t\t\t\t\t\t\t\t\t\t\t\t<\/div>\n\t\t\t\t<\/div>\n\t\t\t\t<div class=\"elementor-element elementor-element-6e1f8ea9 elementor-widget elementor-widget-heading\" data-id=\"6e1f8ea9\" data-element_type=\"widget\" data-widget_type=\"heading.default\">\n\t\t\t\t<div class=\"elementor-widget-container\">\n\t\t\t<h2 class=\"elementor-heading-title elementor-size-default\">Lu\u00eds Filipe Sanches Fernandes<\/h2>\t\t<\/div>\n\t\t\t\t<\/div>\n\t\t\t\t<div class=\"elementor-element elementor-element-51f75af4 remover_marcadores elementor-widget elementor-widget-text-editor\" data-id=\"51f75af4\" data-element_type=\"widget\" data-widget_type=\"text-editor.default\">\n\t\t\t\t<div class=\"elementor-widget-container\">\n\t\t\t\t\t\t\t<ul><li><strong>Associado<\/strong> 1358<\/li><li><strong>Email:<\/strong> <span data-sheets-root=\"1\">lfilipe@utad.pt<\/span><\/li><li><strong>Data de nascimento:<\/strong> <span data-sheets-root=\"1\">1968\/02\/01<\/span><\/li><li><strong>Nacionalidade:<\/strong> Portuguesa<\/li><li><strong>Site:<\/strong> <a href=\"https:\/\/www.citab.utad.pt\/researcher\/luis-filipe-sanches-fernandes\" target=\"_blank\" rel=\"noopener\">https:\/\/www.citab.utad.pt\/researcher\/luis-filipe-sanches-fernandes<\/a><\/li><\/ul>\t\t\t\t\t\t<\/div>\n\t\t\t\t<\/div>\n\t\t\t\t<div class=\"elementor-element elementor-element-5cfde94d elementor-widget elementor-widget-heading\" data-id=\"5cfde94d\" data-element_type=\"widget\" data-widget_type=\"heading.default\">\n\t\t\t\t<div class=\"elementor-widget-container\">\n\t\t\t<h2 class=\"elementor-heading-title elementor-size-default\">Forma\u00e7\u00e3o<\/h2>\t\t<\/div>\n\t\t\t\t<\/div>\n\t\t\t\t<div class=\"elementor-element elementor-element-6748f4a5 remover_marcadores elementor-widget elementor-widget-text-editor\" data-id=\"6748f4a5\" data-element_type=\"widget\" data-widget_type=\"text-editor.default\">\n\t\t\t\t<div class=\"elementor-widget-container\">\n\t\t\t\t\t\t\t<ul><li><strong>Curso:<\/strong> <span data-sheets-root=\"1\">Engenharia Civil<\/span><\/li><li><strong>Estabelecimento de ensino:<\/strong> <span data-sheets-root=\"1\">Universidade do Minho<\/span><\/li><li><strong>Ano de conclus\u00e3o:<\/strong> <span data-sheets-root=\"1\">1993\/07\/19<\/span><\/li><li><strong>Graus acad\u00e9micos:<\/strong> <span data-sheets-root=\"1\">Licenciatura, Mestrado e Doutoramento<\/span><\/li><li><strong>Especializa\u00e7\u00f5es:<\/strong> <span data-sheets-root=\"1\">Hidr\u00e1ulica, Recursos H\u00eddricos e Ambiente<\/span><\/li><\/ul>\t\t\t\t\t\t<\/div>\n\t\t\t\t<\/div>\n\t\t\t\t<div class=\"elementor-element elementor-element-1b7e0a89 elementor-widget elementor-widget-heading\" data-id=\"1b7e0a89\" data-element_type=\"widget\" data-widget_type=\"heading.default\">\n\t\t\t\t<div class=\"elementor-widget-container\">\n\t\t\t<h2 class=\"elementor-heading-title elementor-size-default\">Actividade profissional atual<\/h2>\t\t<\/div>\n\t\t\t\t<\/div>\n\t\t\t\t<div class=\"elementor-element elementor-element-f7f32b0 remover_marcadores elementor-widget elementor-widget-text-editor\" data-id=\"f7f32b0\" data-element_type=\"widget\" data-widget_type=\"text-editor.default\">\n\t\t\t\t<div class=\"elementor-widget-container\">\n\t\t\t\t\t\t\t<ul><li><strong>Entidade:<\/strong> <span data-sheets-root=\"1\">Universidade de Tr\u00e1s-os-Montes e Alto Douro<\/span><\/li><li><strong>Fun\u00e7\u00f5es:<\/strong> <span data-sheets-root=\"1\">Professor Catedr\u00e1tico<\/span><\/li><\/ul>\t\t\t\t\t\t<\/div>\n\t\t\t\t<\/div>\n\t\t\t\t<div class=\"elementor-element elementor-element-20c3901d elementor-widget elementor-widget-heading\" data-id=\"20c3901d\" data-element_type=\"widget\" data-widget_type=\"heading.default\">\n\t\t\t\t<div class=\"elementor-widget-container\">\n\t\t\t<h2 class=\"elementor-heading-title elementor-size-default\">\u00c1reas de interesse preferencial no dom\u00ednio dos recursos h\u00eddricos<\/h2>\t\t<\/div>\n\t\t\t\t<\/div>\n\t\t\t\t<div class=\"elementor-element elementor-element-4fc604cc remover_marcadores elementor-widget elementor-widget-text-editor\" data-id=\"4fc604cc\" data-element_type=\"widget\" data-widget_type=\"text-editor.default\">\n\t\t\t\t<div class=\"elementor-widget-container\">\n\t\t\t\t\t\t\t<p><span data-sheets-root=\"1\">Planeamento e Gest\u00e3o de Recursos H\u00eddricos<\/span><\/p>\t\t\t\t\t\t<\/div>\n\t\t\t\t<\/div>\n\t\t\t\t<div class=\"elementor-element elementor-element-2dbfa926 elementor-widget elementor-widget-heading\" data-id=\"2dbfa926\" data-element_type=\"widget\" data-widget_type=\"heading.default\">\n\t\t\t\t<div class=\"elementor-widget-container\">\n\t\t\t<h2 class=\"elementor-heading-title elementor-size-default\">Principais associa\u00e7\u00f5es profissionais a que pertence<\/h2>\t\t<\/div>\n\t\t\t\t<\/div>\n\t\t\t\t<div class=\"elementor-element elementor-element-114314bf remover_marcadores elementor-widget elementor-widget-text-editor\" data-id=\"114314bf\" data-element_type=\"widget\" data-widget_type=\"text-editor.default\">\n\t\t\t\t<div class=\"elementor-widget-container\">\n\t\t\t\t\t\t\t<p><span data-sheets-root=\"1\">Ordem dos Engenheiros; APRH<\/span><\/p>\t\t\t\t\t\t<\/div>\n\t\t\t\t<\/div>\n\t\t\t\t\t<\/div>\n\t\t<\/div>\n\t\t\t\t<div class=\"elementor-column elementor-col-25 elementor-top-column elementor-element elementor-element-6f726c4b elementor-hidden-tablet elementor-hidden-mobile\" data-id=\"6f726c4b\" data-element_type=\"column\">\n\t\t\t<div class=\"elementor-widget-wrap\">\n\t\t\t\t\t\t\t<\/div>\n\t\t<\/div>\n\t\t\t\t\t<\/div>\n\t\t<\/section>\n\t\t\t\t<section class=\"elementor-section elementor-top-section elementor-element elementor-element-7869f025 elementor-section-boxed elementor-section-height-default elementor-section-height-default\" data-id=\"7869f025\" data-element_type=\"section\">\n\t\t\t\t\t\t<div class=\"elementor-container elementor-column-gap-no\">\n\t\t\t\t\t<div class=\"elementor-column elementor-col-100 elementor-top-column elementor-element elementor-element-cdae181\" data-id=\"cdae181\" data-element_type=\"column\">\n\t\t\t<div class=\"elementor-widget-wrap elementor-element-populated\">\n\t\t\t\t\t\t<div class=\"elementor-element elementor-element-3292d542 elementor-widget elementor-widget-global elementor-global-500 elementor-widget-spacer\" data-id=\"3292d542\" data-element_type=\"widget\" data-widget_type=\"spacer.default\">\n\t\t\t\t<div class=\"elementor-widget-container\">\n\t\t\t\t\t<div class=\"elementor-spacer\">\n\t\t\t<div class=\"elementor-spacer-inner\"><\/div>\n\t\t<\/div>\n\t\t\t\t<\/div>\n\t\t\t\t<\/div>\n\t\t\t\t\t<\/div>\n\t\t<\/div>\n\t\t\t\t\t<\/div>\n\t\t<\/section>\n\t\t\t\t<\/div>\n\t\t","protected":false},"excerpt":{"rendered":"<p>Associados da APRH Lu\u00eds Filipe Sanches Fernandes Associado 1358 Email: lfilipe@utad.pt Data de nascimento: 1968\/02\/01 Nacionalidade: Portuguesa Site: https:\/\/www.citab.utad.pt\/researcher\/luis-filipe-sanches-fernandes Forma\u00e7\u00e3o Curso: Engenharia Civil Estabelecimento de ensino: Universidade do Minho Ano de conclus\u00e3o: 1993\/07\/19 Graus acad\u00e9micos: Licenciatura, Mestrado e Doutoramento Especializa\u00e7\u00f5es: Hidr\u00e1ulica, Recursos H\u00eddricos e Ambiente Actividade profissional atual Entidade: Universidade de Tr\u00e1s-os-Montes e Alto Douro [&hellip;]<\/p>\n","protected":false},"author":2,"featured_media":0,"parent":150,"menu_order":0,"comment_status":"closed","ping_status":"closed","template":"","meta":{"footnotes":""},"class_list":["post-82647","page","type-page","status-publish","hentry"],"yoast_head":"<!-- This site is optimized with the Yoast SEO plugin v23.8 - https:\/\/yoast.com\/wordpress\/plugins\/seo\/ -->\n<title>Lu\u00eds Filipe Sanches Fernandes - APRH<\/title>\n<meta name=\"robots\" content=\"index, follow, max-snippet:-1, max-image-preview:large, max-video-preview:-1\" \/>\n<link rel=\"canonical\" href=\"https:\/\/aprh.pt\/pt\/socios\/perfis\/luis-filipe-sanches-fernandes\/\" \/>\n<meta property=\"og:locale\" content=\"pt_PT\" \/>\n<meta property=\"og:type\" content=\"article\" \/>\n<meta property=\"og:title\" content=\"Lu\u00eds Filipe Sanches Fernandes - APRH\" \/>\n<meta property=\"og:description\" content=\"Associados da APRH Lu\u00eds Filipe Sanches Fernandes Associado 1358 Email: lfilipe@utad.pt Data de nascimento: 1968\/02\/01 Nacionalidade: Portuguesa Site: https:\/\/www.citab.utad.pt\/researcher\/luis-filipe-sanches-fernandes Forma\u00e7\u00e3o Curso: Engenharia Civil Estabelecimento de ensino: Universidade do Minho Ano de conclus\u00e3o: 1993\/07\/19 Graus acad\u00e9micos: Licenciatura, Mestrado e Doutoramento Especializa\u00e7\u00f5es: Hidr\u00e1ulica, Recursos H\u00eddricos e Ambiente Actividade profissional atual Entidade: Universidade de Tr\u00e1s-os-Montes e Alto Douro [&hellip;]\" \/>\n<meta property=\"og:url\" content=\"https:\/\/aprh.pt\/pt\/socios\/perfis\/luis-filipe-sanches-fernandes\/\" \/>\n<meta property=\"og:site_name\" content=\"APRH\" \/>\n<meta property=\"article:modified_time\" content=\"2025-11-12T14:37:55+00:00\" \/>\n<meta property=\"og:image\" content=\"https:\/\/aprh.pt\/wp-content\/uploads\/2025\/11\/1358.jpg\" \/>\n\t<meta property=\"og:image:width\" content=\"166\" \/>\n\t<meta property=\"og:image:height\" content=\"212\" \/>\n\t<meta property=\"og:image:type\" content=\"image\/jpeg\" \/>\n<meta name=\"twitter:card\" content=\"summary_large_image\" \/>\n<meta name=\"twitter:label1\" content=\"Tempo estimado de leitura\" \/>\n\t<meta name=\"twitter:data1\" content=\"1 minuto\" \/>\n<script type=\"application\/ld+json\" class=\"yoast-schema-graph\">{\"@context\":\"https:\/\/schema.org\",\"@graph\":[{\"@type\":\"WebPage\",\"@id\":\"https:\/\/aprh.pt\/pt\/socios\/perfis\/luis-filipe-sanches-fernandes\/\",\"url\":\"https:\/\/aprh.pt\/pt\/socios\/perfis\/luis-filipe-sanches-fernandes\/\",\"name\":\"Lu\u00eds Filipe Sanches Fernandes - APRH\",\"isPartOf\":{\"@id\":\"https:\/\/aprh.pt\/pt\/#website\"},\"primaryImageOfPage\":{\"@id\":\"https:\/\/aprh.pt\/pt\/socios\/perfis\/luis-filipe-sanches-fernandes\/#primaryimage\"},\"image\":{\"@id\":\"https:\/\/aprh.pt\/pt\/socios\/perfis\/luis-filipe-sanches-fernandes\/#primaryimage\"},\"thumbnailUrl\":\"https:\/\/aprh.pt\/wp-content\/uploads\/2025\/11\/1358.jpg\",\"datePublished\":\"2025-11-12T14:35:08+00:00\",\"dateModified\":\"2025-11-12T14:37:55+00:00\",\"breadcrumb\":{\"@id\":\"https:\/\/aprh.pt\/pt\/socios\/perfis\/luis-filipe-sanches-fernandes\/#breadcrumb\"},\"inLanguage\":\"pt-PT\",\"potentialAction\":[{\"@type\":\"ReadAction\",\"target\":[\"https:\/\/aprh.pt\/pt\/socios\/perfis\/luis-filipe-sanches-fernandes\/\"]}]},{\"@type\":\"ImageObject\",\"inLanguage\":\"pt-PT\",\"@id\":\"https:\/\/aprh.pt\/pt\/socios\/perfis\/luis-filipe-sanches-fernandes\/#primaryimage\",\"url\":\"https:\/\/aprh.pt\/wp-content\/uploads\/2025\/11\/1358.jpg\",\"contentUrl\":\"https:\/\/aprh.pt\/wp-content\/uploads\/2025\/11\/1358.jpg\"},{\"@type\":\"BreadcrumbList\",\"@id\":\"https:\/\/aprh.pt\/pt\/socios\/perfis\/luis-filipe-sanches-fernandes\/#breadcrumb\",\"itemListElement\":[{\"@type\":\"ListItem\",\"position\":1,\"name\":\"Home\",\"item\":\"https:\/\/aprh.pt\/pt\/\"},{\"@type\":\"ListItem\",\"position\":2,\"name\":\"Associados\",\"item\":\"https:\/\/aprh.pt\/pt\/socios\/\"},{\"@type\":\"ListItem\",\"position\":3,\"name\":\"Perfis\",\"item\":\"https:\/\/aprh.pt\/pt\/socios\/perfis\/\"},{\"@type\":\"ListItem\",\"position\":4,\"name\":\"Lu\u00eds Filipe Sanches Fernandes\"}]},{\"@type\":\"WebSite\",\"@id\":\"https:\/\/aprh.pt\/pt\/#website\",\"url\":\"https:\/\/aprh.pt\/pt\/\",\"name\":\"APRH\",\"description\":\"Associa\u00e7\u00e3o Portuguesa dos Recursos H\u00eddricos\",\"publisher\":{\"@id\":\"https:\/\/aprh.pt\/pt\/#organization\"},\"potentialAction\":[{\"@type\":\"SearchAction\",\"target\":{\"@type\":\"EntryPoint\",\"urlTemplate\":\"https:\/\/aprh.pt\/pt\/?s={search_term_string}\"},\"query-input\":{\"@type\":\"PropertyValueSpecification\",\"valueRequired\":true,\"valueName\":\"search_term_string\"}}],\"inLanguage\":\"pt-PT\"},{\"@type\":\"Organization\",\"@id\":\"https:\/\/aprh.pt\/pt\/#organization\",\"name\":\"APRH\",\"url\":\"https:\/\/aprh.pt\/pt\/\",\"logo\":{\"@type\":\"ImageObject\",\"inLanguage\":\"pt-PT\",\"@id\":\"https:\/\/aprh.pt\/pt\/#\/schema\/logo\/image\/\",\"url\":\"https:\/\/aprh.pt\/wp-content\/uploads\/2022\/04\/logotipo.png\",\"contentUrl\":\"https:\/\/aprh.pt\/wp-content\/uploads\/2022\/04\/logotipo.png\",\"width\":181,\"height\":80,\"caption\":\"APRH\"},\"image\":{\"@id\":\"https:\/\/aprh.pt\/pt\/#\/schema\/logo\/image\/\"}}]}<\/script>\n<!-- \/ Yoast SEO plugin. -->","yoast_head_json":{"title":"Lu\u00eds Filipe Sanches Fernandes - APRH","robots":{"index":"index","follow":"follow","max-snippet":"max-snippet:-1","max-image-preview":"max-image-preview:large","max-video-preview":"max-video-preview:-1"},"canonical":"https:\/\/aprh.pt\/pt\/socios\/perfis\/luis-filipe-sanches-fernandes\/","og_locale":"pt_PT","og_type":"article","og_title":"Lu\u00eds Filipe Sanches Fernandes - APRH","og_description":"Associados da APRH Lu\u00eds Filipe Sanches Fernandes Associado 1358 Email: lfilipe@utad.pt Data de nascimento: 1968\/02\/01 Nacionalidade: Portuguesa Site: https:\/\/www.citab.utad.pt\/researcher\/luis-filipe-sanches-fernandes Forma\u00e7\u00e3o Curso: Engenharia Civil Estabelecimento de ensino: Universidade do Minho Ano de conclus\u00e3o: 1993\/07\/19 Graus acad\u00e9micos: Licenciatura, Mestrado e Doutoramento Especializa\u00e7\u00f5es: Hidr\u00e1ulica, Recursos H\u00eddricos e Ambiente Actividade profissional atual Entidade: Universidade de Tr\u00e1s-os-Montes e Alto Douro [&hellip;]","og_url":"https:\/\/aprh.pt\/pt\/socios\/perfis\/luis-filipe-sanches-fernandes\/","og_site_name":"APRH","article_modified_time":"2025-11-12T14:37:55+00:00","og_image":[{"width":166,"height":212,"url":"https:\/\/aprh.pt\/wp-content\/uploads\/2025\/11\/1358.jpg","type":"image\/jpeg"}],"twitter_card":"summary_large_image","twitter_misc":{"Tempo estimado de leitura":"1 minuto"},"schema":{"@context":"https:\/\/schema.org","@graph":[{"@type":"WebPage","@id":"https:\/\/aprh.pt\/pt\/socios\/perfis\/luis-filipe-sanches-fernandes\/","url":"https:\/\/aprh.pt\/pt\/socios\/perfis\/luis-filipe-sanches-fernandes\/","name":"Lu\u00eds Filipe Sanches Fernandes - APRH","isPartOf":{"@id":"https:\/\/aprh.pt\/pt\/#website"},"primaryImageOfPage":{"@id":"https:\/\/aprh.pt\/pt\/socios\/perfis\/luis-filipe-sanches-fernandes\/#primaryimage"},"image":{"@id":"https:\/\/aprh.pt\/pt\/socios\/perfis\/luis-filipe-sanches-fernandes\/#primaryimage"},"thumbnailUrl":"https:\/\/aprh.pt\/wp-content\/uploads\/2025\/11\/1358.jpg","datePublished":"2025-11-12T14:35:08+00:00","dateModified":"2025-11-12T14:37:55+00:00","breadcrumb":{"@id":"https:\/\/aprh.pt\/pt\/socios\/perfis\/luis-filipe-sanches-fernandes\/#breadcrumb"},"inLanguage":"pt-PT","potentialAction":[{"@type":"ReadAction","target":["https:\/\/aprh.pt\/pt\/socios\/perfis\/luis-filipe-sanches-fernandes\/"]}]},{"@type":"ImageObject","inLanguage":"pt-PT","@id":"https:\/\/aprh.pt\/pt\/socios\/perfis\/luis-filipe-sanches-fernandes\/#primaryimage","url":"https:\/\/aprh.pt\/wp-content\/uploads\/2025\/11\/1358.jpg","contentUrl":"https:\/\/aprh.pt\/wp-content\/uploads\/2025\/11\/1358.jpg"},{"@type":"BreadcrumbList","@id":"https:\/\/aprh.pt\/pt\/socios\/perfis\/luis-filipe-sanches-fernandes\/#breadcrumb","itemListElement":[{"@type":"ListItem","position":1,"name":"Home","item":"https:\/\/aprh.pt\/pt\/"},{"@type":"ListItem","position":2,"name":"Associados","item":"https:\/\/aprh.pt\/pt\/socios\/"},{"@type":"ListItem","position":3,"name":"Perfis","item":"https:\/\/aprh.pt\/pt\/socios\/perfis\/"},{"@type":"ListItem","position":4,"name":"Lu\u00eds Filipe Sanches Fernandes"}]},{"@type":"WebSite","@id":"https:\/\/aprh.pt\/pt\/#website","url":"https:\/\/aprh.pt\/pt\/","name":"APRH","description":"Associa\u00e7\u00e3o Portuguesa dos Recursos H\u00eddricos","publisher":{"@id":"https:\/\/aprh.pt\/pt\/#organization"},"potentialAction":[{"@type":"SearchAction","target":{"@type":"EntryPoint","urlTemplate":"https:\/\/aprh.pt\/pt\/?s={search_term_string}"},"query-input":{"@type":"PropertyValueSpecification","valueRequired":true,"valueName":"search_term_string"}}],"inLanguage":"pt-PT"},{"@type":"Organization","@id":"https:\/\/aprh.pt\/pt\/#organization","name":"APRH","url":"https:\/\/aprh.pt\/pt\/","logo":{"@type":"ImageObject","inLanguage":"pt-PT","@id":"https:\/\/aprh.pt\/pt\/#\/schema\/logo\/image\/","url":"https:\/\/aprh.pt\/wp-content\/uploads\/2022\/04\/logotipo.png","contentUrl":"https:\/\/aprh.pt\/wp-content\/uploads\/2022\/04\/logotipo.png","width":181,"height":80,"caption":"APRH"},"image":{"@id":"https:\/\/aprh.pt\/pt\/#\/schema\/logo\/image\/"}}]}},"_links":{"self":[{"href":"https:\/\/aprh.pt\/pt\/wp-json\/wp\/v2\/pages\/82647","targetHints":{"allow":["GET"]}}],"collection":[{"href":"https:\/\/aprh.pt\/pt\/wp-json\/wp\/v2\/pages"}],"about":[{"href":"https:\/\/aprh.pt\/pt\/wp-json\/wp\/v2\/types\/page"}],"author":[{"embeddable":true,"href":"https:\/\/aprh.pt\/pt\/wp-json\/wp\/v2\/users\/2"}],"replies":[{"embeddable":true,"href":"https:\/\/aprh.pt\/pt\/wp-json\/wp\/v2\/comments?post=82647"}],"version-history":[{"count":7,"href":"https:\/\/aprh.pt\/pt\/wp-json\/wp\/v2\/pages\/82647\/revisions"}],"predecessor-version":[{"id":82656,"href":"https:\/\/aprh.pt\/pt\/wp-json\/wp\/v2\/pages\/82647\/revisions\/82656"}],"up":[{"embeddable":true,"href":"https:\/\/aprh.pt\/pt\/wp-json\/wp\/v2\/pages\/150"}],"wp:attachment":[{"href":"https:\/\/aprh.pt\/pt\/wp-json\/wp\/v2\/media?parent=82647"}],"curies":[{"name":"wp","href":"https:\/\/api.w.org\/{rel}","templated":true}]}}