{"id":8437,"date":"2022-05-19T13:41:29","date_gmt":"2022-05-19T13:41:29","guid":{"rendered":"https:\/\/aprh.zalox.pt\/?page_id=8437"},"modified":"2022-11-21T12:38:26","modified_gmt":"2022-11-21T12:38:26","slug":"antonio-goncalves-henriques","status":"publish","type":"page","link":"https:\/\/aprh.pt\/pt\/quem-somos\/historia\/antonio-goncalves-henriques\/","title":{"rendered":"Ant\u00f3nio Gon\u00e7alves Henriques"},"content":{"rendered":"\t\t<div data-elementor-type=\"wp-page\" data-elementor-id=\"8437\" class=\"elementor elementor-8437\" data-elementor-post-type=\"page\">\n\t\t\t\t\t\t<section class=\"elementor-section elementor-top-section elementor-element elementor-element-44643f5f elementor-section-boxed elementor-section-height-default elementor-section-height-default\" data-id=\"44643f5f\" data-element_type=\"section\">\n\t\t\t\t\t\t<div class=\"elementor-container elementor-column-gap-no\">\n\t\t\t\t\t<div class=\"elementor-column elementor-col-100 elementor-top-column elementor-element elementor-element-33807c73\" data-id=\"33807c73\" data-element_type=\"column\">\n\t\t\t<div class=\"elementor-widget-wrap elementor-element-populated\">\n\t\t\t\t\t\t<div class=\"elementor-element elementor-element-60eaceba elementor-widget elementor-widget-global elementor-global-475 elementor-widget-spacer\" data-id=\"60eaceba\" data-element_type=\"widget\" data-widget_type=\"spacer.default\">\n\t\t\t\t<div class=\"elementor-widget-container\">\n\t\t\t\t\t<div class=\"elementor-spacer\">\n\t\t\t<div class=\"elementor-spacer-inner\"><\/div>\n\t\t<\/div>\n\t\t\t\t<\/div>\n\t\t\t\t<\/div>\n\t\t\t\t\t<\/div>\n\t\t<\/div>\n\t\t\t\t\t<\/div>\n\t\t<\/section>\n\t\t\t\t<section class=\"elementor-section elementor-top-section elementor-element elementor-element-5fd4a163 elementor-section-boxed elementor-section-height-default elementor-section-height-default\" data-id=\"5fd4a163\" data-element_type=\"section\">\n\t\t\t\t\t\t<div class=\"elementor-container elementor-column-gap-no\">\n\t\t\t\t\t<div class=\"elementor-column elementor-col-25 elementor-top-column elementor-element elementor-element-1b667896\" data-id=\"1b667896\" data-element_type=\"column\">\n\t\t\t<div class=\"elementor-widget-wrap elementor-element-populated\">\n\t\t\t\t\t\t<div class=\"elementor-element elementor-element-1bd6a382 elementor-widget elementor-widget-heading\" data-id=\"1bd6a382\" data-element_type=\"widget\" data-widget_type=\"heading.default\">\n\t\t\t\t<div class=\"elementor-widget-container\">\n\t\t\t<h2 class=\"elementor-heading-title elementor-size-default\">Presidentes das Comiss\u00f5es Directivas<\/h2>\t\t<\/div>\n\t\t\t\t<\/div>\n\t\t\t\t\t<\/div>\n\t\t<\/div>\n\t\t\t\t<div class=\"elementor-column elementor-col-50 elementor-top-column elementor-element elementor-element-7ff0412f\" data-id=\"7ff0412f\" data-element_type=\"column\">\n\t\t\t<div class=\"elementor-widget-wrap elementor-element-populated\">\n\t\t\t\t\t\t<div class=\"elementor-element elementor-element-7bd59cb7 elementor-widget elementor-widget-image\" data-id=\"7bd59cb7\" data-element_type=\"widget\" data-widget_type=\"image.default\">\n\t\t\t\t<div class=\"elementor-widget-container\">\n\t\t\t\t\t\t\t\t\t\t\t\t\t<img decoding=\"async\" width=\"205\" height=\"225\" src=\"https:\/\/aprh.pt\/wp-content\/uploads\/2012\/06\/gonalves_henriques.png\" class=\"attachment-medium size-medium wp-image-4925\" alt=\"\" \/>\t\t\t\t\t\t\t\t\t\t\t\t\t<\/div>\n\t\t\t\t<\/div>\n\t\t\t\t<div class=\"elementor-element elementor-element-660e80da elementor-widget elementor-widget-heading\" data-id=\"660e80da\" data-element_type=\"widget\" data-widget_type=\"heading.default\">\n\t\t\t\t<div class=\"elementor-widget-container\">\n\t\t\t<h2 class=\"elementor-heading-title elementor-size-default\">Ant\u00f3nio Gon\u00e7alves Henriques<\/h2>\t\t<\/div>\n\t\t\t\t<\/div>\n\t\t\t\t<div class=\"elementor-element elementor-element-275b99b7 remover_marcadores elementor-widget elementor-widget-text-editor\" data-id=\"275b99b7\" data-element_type=\"widget\" data-widget_type=\"text-editor.default\">\n\t\t\t\t<div class=\"elementor-widget-container\">\n\t\t\t\t\t\t\t<p>Engenheiro Civil pelo Instituto Superior T\u00e9cnico. Secret\u00e1rio-Geral do Conselho Nacional da \u00c1gua. Presidente do Conselho de Ger\u00eancia da Hidroerg. Membro fundador e Presidente da APRH (1979-1981).<\/p>\t\t\t\t\t\t<\/div>\n\t\t\t\t<\/div>\n\t\t\t\t\t<\/div>\n\t\t<\/div>\n\t\t\t\t<div class=\"elementor-column elementor-col-25 elementor-top-column elementor-element elementor-element-274c51e6 elementor-hidden-tablet elementor-hidden-mobile\" data-id=\"274c51e6\" data-element_type=\"column\">\n\t\t\t<div class=\"elementor-widget-wrap\">\n\t\t\t\t\t\t\t<\/div>\n\t\t<\/div>\n\t\t\t\t\t<\/div>\n\t\t<\/section>\n\t\t\t\t<section class=\"elementor-section elementor-top-section elementor-element elementor-element-316bf8ef elementor-section-boxed elementor-section-height-default elementor-section-height-default\" data-id=\"316bf8ef\" data-element_type=\"section\">\n\t\t\t\t\t\t<div class=\"elementor-container elementor-column-gap-no\">\n\t\t\t\t\t<div class=\"elementor-column elementor-col-100 elementor-top-column elementor-element elementor-element-fdf444a\" data-id=\"fdf444a\" data-element_type=\"column\">\n\t\t\t<div class=\"elementor-widget-wrap elementor-element-populated\">\n\t\t\t\t\t\t<div class=\"elementor-element elementor-element-4c818315 elementor-widget elementor-widget-global elementor-global-500 elementor-widget-spacer\" data-id=\"4c818315\" data-element_type=\"widget\" data-widget_type=\"spacer.default\">\n\t\t\t\t<div class=\"elementor-widget-container\">\n\t\t\t\t\t<div class=\"elementor-spacer\">\n\t\t\t<div class=\"elementor-spacer-inner\"><\/div>\n\t\t<\/div>\n\t\t\t\t<\/div>\n\t\t\t\t<\/div>\n\t\t\t\t\t<\/div>\n\t\t<\/div>\n\t\t\t\t\t<\/div>\n\t\t<\/section>\n\t\t\t\t<\/div>\n\t\t","protected":false},"excerpt":{"rendered":"<p>Presidentes das Comiss\u00f5es Directivas Ant\u00f3nio Gon\u00e7alves Henriques Engenheiro Civil pelo Instituto Superior T\u00e9cnico. Secret\u00e1rio-Geral do Conselho Nacional da \u00c1gua. Presidente do Conselho de Ger\u00eancia da Hidroerg. Membro fundador e Presidente da APRH (1979-1981).<\/p>\n","protected":false},"author":1,"featured_media":0,"parent":45468,"menu_order":0,"comment_status":"closed","ping_status":"closed","template":"","meta":{"footnotes":""},"class_list":["post-8437","page","type-page","status-publish","hentry"],"yoast_head":"<!-- This site is optimized with the Yoast SEO plugin v23.8 - https:\/\/yoast.com\/wordpress\/plugins\/seo\/ -->\n<title>Ant\u00f3nio Gon\u00e7alves Henriques - APRH<\/title>\n<meta name=\"robots\" content=\"index, follow, max-snippet:-1, max-image-preview:large, max-video-preview:-1\" \/>\n<link rel=\"canonical\" href=\"https:\/\/aprh.pt\/pt\/quem-somos\/historia\/antonio-goncalves-henriques\/\" \/>\n<meta property=\"og:locale\" content=\"pt_PT\" \/>\n<meta property=\"og:type\" content=\"article\" \/>\n<meta property=\"og:title\" content=\"Ant\u00f3nio Gon\u00e7alves Henriques - APRH\" \/>\n<meta property=\"og:description\" content=\"Presidentes das Comiss\u00f5es Directivas Ant\u00f3nio Gon\u00e7alves Henriques Engenheiro Civil pelo Instituto Superior T\u00e9cnico. Secret\u00e1rio-Geral do Conselho Nacional da \u00c1gua. Presidente do Conselho de Ger\u00eancia da Hidroerg. Membro fundador e Presidente da APRH (1979-1981).\" \/>\n<meta property=\"og:url\" content=\"https:\/\/aprh.pt\/pt\/quem-somos\/historia\/antonio-goncalves-henriques\/\" \/>\n<meta property=\"og:site_name\" content=\"APRH\" \/>\n<meta property=\"article:modified_time\" content=\"2022-11-21T12:38:26+00:00\" \/>\n<meta property=\"og:image\" content=\"https:\/\/www.aprh.pt\/wp-content\/uploads\/2012\/06\/gonalves_henriques.png\" \/>\n<meta name=\"twitter:card\" content=\"summary_large_image\" \/>\n<meta name=\"twitter:label1\" content=\"Tempo estimado de leitura\" \/>\n\t<meta name=\"twitter:data1\" content=\"1 minuto\" \/>\n<script type=\"application\/ld+json\" class=\"yoast-schema-graph\">{\"@context\":\"https:\/\/schema.org\",\"@graph\":[{\"@type\":\"WebPage\",\"@id\":\"https:\/\/aprh.pt\/pt\/quem-somos\/historia\/antonio-goncalves-henriques\/\",\"url\":\"https:\/\/aprh.pt\/pt\/quem-somos\/historia\/antonio-goncalves-henriques\/\",\"name\":\"Ant\u00f3nio Gon\u00e7alves Henriques - APRH\",\"isPartOf\":{\"@id\":\"https:\/\/aprh.pt\/pt\/#website\"},\"primaryImageOfPage\":{\"@id\":\"https:\/\/aprh.pt\/pt\/quem-somos\/historia\/antonio-goncalves-henriques\/#primaryimage\"},\"image\":{\"@id\":\"https:\/\/aprh.pt\/pt\/quem-somos\/historia\/antonio-goncalves-henriques\/#primaryimage\"},\"thumbnailUrl\":\"https:\/\/www.aprh.pt\/wp-content\/uploads\/2012\/06\/gonalves_henriques.png\",\"datePublished\":\"2022-05-19T13:41:29+00:00\",\"dateModified\":\"2022-11-21T12:38:26+00:00\",\"breadcrumb\":{\"@id\":\"https:\/\/aprh.pt\/pt\/quem-somos\/historia\/antonio-goncalves-henriques\/#breadcrumb\"},\"inLanguage\":\"pt-PT\",\"potentialAction\":[{\"@type\":\"ReadAction\",\"target\":[\"https:\/\/aprh.pt\/pt\/quem-somos\/historia\/antonio-goncalves-henriques\/\"]}]},{\"@type\":\"ImageObject\",\"inLanguage\":\"pt-PT\",\"@id\":\"https:\/\/aprh.pt\/pt\/quem-somos\/historia\/antonio-goncalves-henriques\/#primaryimage\",\"url\":\"https:\/\/www.aprh.pt\/wp-content\/uploads\/2012\/06\/gonalves_henriques.png\",\"contentUrl\":\"https:\/\/www.aprh.pt\/wp-content\/uploads\/2012\/06\/gonalves_henriques.png\"},{\"@type\":\"BreadcrumbList\",\"@id\":\"https:\/\/aprh.pt\/pt\/quem-somos\/historia\/antonio-goncalves-henriques\/#breadcrumb\",\"itemListElement\":[{\"@type\":\"ListItem\",\"position\":1,\"name\":\"Home\",\"item\":\"https:\/\/aprh.pt\/pt\/\"},{\"@type\":\"ListItem\",\"position\":2,\"name\":\"Quem somos\",\"item\":\"https:\/\/aprh.pt\/pt\/quem-somos\/\"},{\"@type\":\"ListItem\",\"position\":3,\"name\":\"Hist\u00f3ria\",\"item\":\"https:\/\/aprh.pt\/pt\/quem-somos\/historia\/\"},{\"@type\":\"ListItem\",\"position\":4,\"name\":\"Ant\u00f3nio Gon\u00e7alves Henriques\"}]},{\"@type\":\"WebSite\",\"@id\":\"https:\/\/aprh.pt\/pt\/#website\",\"url\":\"https:\/\/aprh.pt\/pt\/\",\"name\":\"APRH\",\"description\":\"Associa\u00e7\u00e3o Portuguesa dos Recursos H\u00eddricos\",\"publisher\":{\"@id\":\"https:\/\/aprh.pt\/pt\/#organization\"},\"potentialAction\":[{\"@type\":\"SearchAction\",\"target\":{\"@type\":\"EntryPoint\",\"urlTemplate\":\"https:\/\/aprh.pt\/pt\/?s={search_term_string}\"},\"query-input\":{\"@type\":\"PropertyValueSpecification\",\"valueRequired\":true,\"valueName\":\"search_term_string\"}}],\"inLanguage\":\"pt-PT\"},{\"@type\":\"Organization\",\"@id\":\"https:\/\/aprh.pt\/pt\/#organization\",\"name\":\"APRH\",\"url\":\"https:\/\/aprh.pt\/pt\/\",\"logo\":{\"@type\":\"ImageObject\",\"inLanguage\":\"pt-PT\",\"@id\":\"https:\/\/aprh.pt\/pt\/#\/schema\/logo\/image\/\",\"url\":\"https:\/\/aprh.pt\/wp-content\/uploads\/2022\/04\/logotipo.png\",\"contentUrl\":\"https:\/\/aprh.pt\/wp-content\/uploads\/2022\/04\/logotipo.png\",\"width\":181,\"height\":80,\"caption\":\"APRH\"},\"image\":{\"@id\":\"https:\/\/aprh.pt\/pt\/#\/schema\/logo\/image\/\"}}]}<\/script>\n<!-- \/ Yoast SEO plugin. -->","yoast_head_json":{"title":"Ant\u00f3nio Gon\u00e7alves Henriques - APRH","robots":{"index":"index","follow":"follow","max-snippet":"max-snippet:-1","max-image-preview":"max-image-preview:large","max-video-preview":"max-video-preview:-1"},"canonical":"https:\/\/aprh.pt\/pt\/quem-somos\/historia\/antonio-goncalves-henriques\/","og_locale":"pt_PT","og_type":"article","og_title":"Ant\u00f3nio Gon\u00e7alves Henriques - APRH","og_description":"Presidentes das Comiss\u00f5es Directivas Ant\u00f3nio Gon\u00e7alves Henriques Engenheiro Civil pelo Instituto Superior T\u00e9cnico. Secret\u00e1rio-Geral do Conselho Nacional da \u00c1gua. Presidente do Conselho de Ger\u00eancia da Hidroerg. Membro fundador e Presidente da APRH (1979-1981).","og_url":"https:\/\/aprh.pt\/pt\/quem-somos\/historia\/antonio-goncalves-henriques\/","og_site_name":"APRH","article_modified_time":"2022-11-21T12:38:26+00:00","og_image":[{"url":"https:\/\/www.aprh.pt\/wp-content\/uploads\/2012\/06\/gonalves_henriques.png"}],"twitter_card":"summary_large_image","twitter_misc":{"Tempo estimado de leitura":"1 minuto"},"schema":{"@context":"https:\/\/schema.org","@graph":[{"@type":"WebPage","@id":"https:\/\/aprh.pt\/pt\/quem-somos\/historia\/antonio-goncalves-henriques\/","url":"https:\/\/aprh.pt\/pt\/quem-somos\/historia\/antonio-goncalves-henriques\/","name":"Ant\u00f3nio Gon\u00e7alves Henriques - APRH","isPartOf":{"@id":"https:\/\/aprh.pt\/pt\/#website"},"primaryImageOfPage":{"@id":"https:\/\/aprh.pt\/pt\/quem-somos\/historia\/antonio-goncalves-henriques\/#primaryimage"},"image":{"@id":"https:\/\/aprh.pt\/pt\/quem-somos\/historia\/antonio-goncalves-henriques\/#primaryimage"},"thumbnailUrl":"https:\/\/www.aprh.pt\/wp-content\/uploads\/2012\/06\/gonalves_henriques.png","datePublished":"2022-05-19T13:41:29+00:00","dateModified":"2022-11-21T12:38:26+00:00","breadcrumb":{"@id":"https:\/\/aprh.pt\/pt\/quem-somos\/historia\/antonio-goncalves-henriques\/#breadcrumb"},"inLanguage":"pt-PT","potentialAction":[{"@type":"ReadAction","target":["https:\/\/aprh.pt\/pt\/quem-somos\/historia\/antonio-goncalves-henriques\/"]}]},{"@type":"ImageObject","inLanguage":"pt-PT","@id":"https:\/\/aprh.pt\/pt\/quem-somos\/historia\/antonio-goncalves-henriques\/#primaryimage","url":"https:\/\/www.aprh.pt\/wp-content\/uploads\/2012\/06\/gonalves_henriques.png","contentUrl":"https:\/\/www.aprh.pt\/wp-content\/uploads\/2012\/06\/gonalves_henriques.png"},{"@type":"BreadcrumbList","@id":"https:\/\/aprh.pt\/pt\/quem-somos\/historia\/antonio-goncalves-henriques\/#breadcrumb","itemListElement":[{"@type":"ListItem","position":1,"name":"Home","item":"https:\/\/aprh.pt\/pt\/"},{"@type":"ListItem","position":2,"name":"Quem somos","item":"https:\/\/aprh.pt\/pt\/quem-somos\/"},{"@type":"ListItem","position":3,"name":"Hist\u00f3ria","item":"https:\/\/aprh.pt\/pt\/quem-somos\/historia\/"},{"@type":"ListItem","position":4,"name":"Ant\u00f3nio Gon\u00e7alves Henriques"}]},{"@type":"WebSite","@id":"https:\/\/aprh.pt\/pt\/#website","url":"https:\/\/aprh.pt\/pt\/","name":"APRH","description":"Associa\u00e7\u00e3o Portuguesa dos Recursos H\u00eddricos","publisher":{"@id":"https:\/\/aprh.pt\/pt\/#organization"},"potentialAction":[{"@type":"SearchAction","target":{"@type":"EntryPoint","urlTemplate":"https:\/\/aprh.pt\/pt\/?s={search_term_string}"},"query-input":{"@type":"PropertyValueSpecification","valueRequired":true,"valueName":"search_term_string"}}],"inLanguage":"pt-PT"},{"@type":"Organization","@id":"https:\/\/aprh.pt\/pt\/#organization","name":"APRH","url":"https:\/\/aprh.pt\/pt\/","logo":{"@type":"ImageObject","inLanguage":"pt-PT","@id":"https:\/\/aprh.pt\/pt\/#\/schema\/logo\/image\/","url":"https:\/\/aprh.pt\/wp-content\/uploads\/2022\/04\/logotipo.png","contentUrl":"https:\/\/aprh.pt\/wp-content\/uploads\/2022\/04\/logotipo.png","width":181,"height":80,"caption":"APRH"},"image":{"@id":"https:\/\/aprh.pt\/pt\/#\/schema\/logo\/image\/"}}]}},"_links":{"self":[{"href":"https:\/\/aprh.pt\/pt\/wp-json\/wp\/v2\/pages\/8437","targetHints":{"allow":["GET"]}}],"collection":[{"href":"https:\/\/aprh.pt\/pt\/wp-json\/wp\/v2\/pages"}],"about":[{"href":"https:\/\/aprh.pt\/pt\/wp-json\/wp\/v2\/types\/page"}],"author":[{"embeddable":true,"href":"https:\/\/aprh.pt\/pt\/wp-json\/wp\/v2\/users\/1"}],"replies":[{"embeddable":true,"href":"https:\/\/aprh.pt\/pt\/wp-json\/wp\/v2\/comments?post=8437"}],"version-history":[{"count":8,"href":"https:\/\/aprh.pt\/pt\/wp-json\/wp\/v2\/pages\/8437\/revisions"}],"predecessor-version":[{"id":59968,"href":"https:\/\/aprh.pt\/pt\/wp-json\/wp\/v2\/pages\/8437\/revisions\/59968"}],"up":[{"embeddable":true,"href":"https:\/\/aprh.pt\/pt\/wp-json\/wp\/v2\/pages\/45468"}],"wp:attachment":[{"href":"https:\/\/aprh.pt\/pt\/wp-json\/wp\/v2\/media?parent=8437"}],"curies":[{"name":"wp","href":"https:\/\/api.w.org\/{rel}","templated":true}]}}