{"id":8451,"date":"2022-05-19T13:54:43","date_gmt":"2022-05-19T13:54:43","guid":{"rendered":"https:\/\/aprh.zalox.pt\/?page_id=8451"},"modified":"2022-11-21T14:26:10","modified_gmt":"2022-11-21T14:26:10","slug":"mario-lino","status":"publish","type":"page","link":"https:\/\/aprh.pt\/pt\/quem-somos\/historia\/mario-lino\/","title":{"rendered":"M\u00e1rio Lino"},"content":{"rendered":"\t\t<div data-elementor-type=\"wp-page\" data-elementor-id=\"8451\" class=\"elementor elementor-8451\" data-elementor-post-type=\"page\">\n\t\t\t\t\t\t<section class=\"elementor-section elementor-top-section elementor-element elementor-element-5a4ae3c elementor-section-boxed elementor-section-height-default elementor-section-height-default\" data-id=\"5a4ae3c\" data-element_type=\"section\">\n\t\t\t\t\t\t<div class=\"elementor-container elementor-column-gap-no\">\n\t\t\t\t\t<div class=\"elementor-column elementor-col-100 elementor-top-column elementor-element elementor-element-e9be65b\" data-id=\"e9be65b\" data-element_type=\"column\">\n\t\t\t<div class=\"elementor-widget-wrap elementor-element-populated\">\n\t\t\t\t\t\t<div class=\"elementor-element elementor-element-19bbb35 elementor-widget elementor-widget-global elementor-global-475 elementor-widget-spacer\" data-id=\"19bbb35\" data-element_type=\"widget\" data-widget_type=\"spacer.default\">\n\t\t\t\t<div class=\"elementor-widget-container\">\n\t\t\t\t\t<div class=\"elementor-spacer\">\n\t\t\t<div class=\"elementor-spacer-inner\"><\/div>\n\t\t<\/div>\n\t\t\t\t<\/div>\n\t\t\t\t<\/div>\n\t\t\t\t\t<\/div>\n\t\t<\/div>\n\t\t\t\t\t<\/div>\n\t\t<\/section>\n\t\t\t\t<section class=\"elementor-section elementor-top-section elementor-element elementor-element-cc17c4f elementor-section-boxed elementor-section-height-default elementor-section-height-default\" data-id=\"cc17c4f\" data-element_type=\"section\">\n\t\t\t\t\t\t<div class=\"elementor-container elementor-column-gap-no\">\n\t\t\t\t\t<div class=\"elementor-column elementor-col-25 elementor-top-column elementor-element elementor-element-c1eabd4\" data-id=\"c1eabd4\" data-element_type=\"column\">\n\t\t\t<div class=\"elementor-widget-wrap elementor-element-populated\">\n\t\t\t\t\t\t<div class=\"elementor-element elementor-element-c40a539 elementor-widget elementor-widget-heading\" data-id=\"c40a539\" data-element_type=\"widget\" data-widget_type=\"heading.default\">\n\t\t\t\t<div class=\"elementor-widget-container\">\n\t\t\t<h2 class=\"elementor-heading-title elementor-size-default\">Presidentes das Comiss\u00f5es Directivas<\/h2>\t\t<\/div>\n\t\t\t\t<\/div>\n\t\t\t\t\t<\/div>\n\t\t<\/div>\n\t\t\t\t<div class=\"elementor-column elementor-col-50 elementor-top-column elementor-element elementor-element-f68b7fe\" data-id=\"f68b7fe\" data-element_type=\"column\">\n\t\t\t<div class=\"elementor-widget-wrap elementor-element-populated\">\n\t\t\t\t\t\t<div class=\"elementor-element elementor-element-c760e7e elementor-widget elementor-widget-image\" data-id=\"c760e7e\" data-element_type=\"widget\" data-widget_type=\"image.default\">\n\t\t\t\t<div class=\"elementor-widget-container\">\n\t\t\t\t\t\t\t\t\t\t\t\t\t<img fetchpriority=\"high\" decoding=\"async\" width=\"265\" height=\"300\" src=\"https:\/\/aprh.pt\/wp-content\/uploads\/2012\/06\/mario-lino-265x300.jpg\" class=\"attachment-medium size-medium wp-image-4943\" alt=\"\" srcset=\"https:\/\/aprh.pt\/wp-content\/uploads\/2012\/06\/mario-lino-265x300.jpg 265w, https:\/\/aprh.pt\/wp-content\/uploads\/2012\/06\/mario-lino.jpg 727w\" sizes=\"(max-width: 265px) 100vw, 265px\" \/>\t\t\t\t\t\t\t\t\t\t\t\t\t<\/div>\n\t\t\t\t<\/div>\n\t\t\t\t<div class=\"elementor-element elementor-element-82c72f6 elementor-widget elementor-widget-heading\" data-id=\"82c72f6\" data-element_type=\"widget\" data-widget_type=\"heading.default\">\n\t\t\t\t<div class=\"elementor-widget-container\">\n\t\t\t<h2 class=\"elementor-heading-title elementor-size-default\">M\u00e1rio Lino<\/h2>\t\t<\/div>\n\t\t\t\t<\/div>\n\t\t\t\t<div class=\"elementor-element elementor-element-f1272d6 remover_marcadores elementor-widget elementor-widget-text-editor\" data-id=\"f1272d6\" data-element_type=\"widget\" data-widget_type=\"text-editor.default\">\n\t\t\t\t<div class=\"elementor-widget-container\">\n\t\t\t\t\t\t\t<p>Engenheiro Civil pelo Instituto Superior T\u00e9cnico. Mestre em Hidrologia e Recursos H\u00eddricos pela\u00a0<em>Colorado State University<\/em>. Ministro das Obras P\u00fablicas, Transportes e Comunica\u00e7\u00f5es. Ex-Presidente da \u00c1guas de Portugal. Ex-Director da Impacte-Ambiente e Desenvolvimento. Consultor nos dom\u00ednios dos recursos h\u00eddricos e do ambiente. Membro fundador e Presidente da APRH (1994-1995).<\/p>\t\t\t\t\t\t<\/div>\n\t\t\t\t<\/div>\n\t\t\t\t\t<\/div>\n\t\t<\/div>\n\t\t\t\t<div class=\"elementor-column elementor-col-25 elementor-top-column elementor-element elementor-element-792c061 elementor-hidden-tablet elementor-hidden-mobile\" data-id=\"792c061\" data-element_type=\"column\">\n\t\t\t<div class=\"elementor-widget-wrap\">\n\t\t\t\t\t\t\t<\/div>\n\t\t<\/div>\n\t\t\t\t\t<\/div>\n\t\t<\/section>\n\t\t\t\t<section class=\"elementor-section elementor-top-section elementor-element elementor-element-748bbdb elementor-section-boxed elementor-section-height-default elementor-section-height-default\" data-id=\"748bbdb\" data-element_type=\"section\">\n\t\t\t\t\t\t<div class=\"elementor-container elementor-column-gap-no\">\n\t\t\t\t\t<div class=\"elementor-column elementor-col-100 elementor-top-column elementor-element elementor-element-424b9dc\" data-id=\"424b9dc\" data-element_type=\"column\">\n\t\t\t<div class=\"elementor-widget-wrap elementor-element-populated\">\n\t\t\t\t\t\t<div class=\"elementor-element elementor-element-36ac940 elementor-widget elementor-widget-global elementor-global-500 elementor-widget-spacer\" data-id=\"36ac940\" data-element_type=\"widget\" data-widget_type=\"spacer.default\">\n\t\t\t\t<div class=\"elementor-widget-container\">\n\t\t\t\t\t<div class=\"elementor-spacer\">\n\t\t\t<div class=\"elementor-spacer-inner\"><\/div>\n\t\t<\/div>\n\t\t\t\t<\/div>\n\t\t\t\t<\/div>\n\t\t\t\t\t<\/div>\n\t\t<\/div>\n\t\t\t\t\t<\/div>\n\t\t<\/section>\n\t\t\t\t<\/div>\n\t\t","protected":false},"excerpt":{"rendered":"<p>Presidentes das Comiss\u00f5es Directivas M\u00e1rio Lino Engenheiro Civil pelo Instituto Superior T\u00e9cnico. Mestre em Hidrologia e Recursos H\u00eddricos pela\u00a0Colorado State University. Ministro das Obras P\u00fablicas, Transportes e Comunica\u00e7\u00f5es. Ex-Presidente da \u00c1guas de Portugal. Ex-Director da Impacte-Ambiente e Desenvolvimento. Consultor nos dom\u00ednios dos recursos h\u00eddricos e do ambiente. Membro fundador e Presidente da APRH (1994-1995).<\/p>\n","protected":false},"author":1,"featured_media":0,"parent":45468,"menu_order":0,"comment_status":"closed","ping_status":"closed","template":"","meta":{"footnotes":""},"class_list":["post-8451","page","type-page","status-publish","hentry"],"yoast_head":"<!-- This site is optimized with the Yoast SEO plugin v23.8 - https:\/\/yoast.com\/wordpress\/plugins\/seo\/ -->\n<title>M\u00e1rio Lino - APRH<\/title>\n<meta name=\"robots\" content=\"index, follow, max-snippet:-1, max-image-preview:large, max-video-preview:-1\" \/>\n<link rel=\"canonical\" href=\"https:\/\/aprh.pt\/pt\/quem-somos\/historia\/mario-lino\/\" \/>\n<meta property=\"og:locale\" content=\"pt_PT\" \/>\n<meta property=\"og:type\" content=\"article\" \/>\n<meta property=\"og:title\" content=\"M\u00e1rio Lino - APRH\" \/>\n<meta property=\"og:description\" content=\"Presidentes das Comiss\u00f5es Directivas M\u00e1rio Lino Engenheiro Civil pelo Instituto Superior T\u00e9cnico. Mestre em Hidrologia e Recursos H\u00eddricos pela\u00a0Colorado State University. Ministro das Obras P\u00fablicas, Transportes e Comunica\u00e7\u00f5es. Ex-Presidente da \u00c1guas de Portugal. Ex-Director da Impacte-Ambiente e Desenvolvimento. Consultor nos dom\u00ednios dos recursos h\u00eddricos e do ambiente. Membro fundador e Presidente da APRH (1994-1995).\" \/>\n<meta property=\"og:url\" content=\"https:\/\/aprh.pt\/pt\/quem-somos\/historia\/mario-lino\/\" \/>\n<meta property=\"og:site_name\" content=\"APRH\" \/>\n<meta property=\"article:modified_time\" content=\"2022-11-21T14:26:10+00:00\" \/>\n<meta property=\"og:image\" content=\"https:\/\/www.aprh.pt\/wp-content\/uploads\/2012\/06\/mario-lino-265x300.jpg\" \/>\n<meta name=\"twitter:card\" content=\"summary_large_image\" \/>\n<meta name=\"twitter:label1\" content=\"Tempo estimado de leitura\" \/>\n\t<meta name=\"twitter:data1\" content=\"1 minuto\" \/>\n<script type=\"application\/ld+json\" class=\"yoast-schema-graph\">{\"@context\":\"https:\/\/schema.org\",\"@graph\":[{\"@type\":\"WebPage\",\"@id\":\"https:\/\/aprh.pt\/pt\/quem-somos\/historia\/mario-lino\/\",\"url\":\"https:\/\/aprh.pt\/pt\/quem-somos\/historia\/mario-lino\/\",\"name\":\"M\u00e1rio Lino - APRH\",\"isPartOf\":{\"@id\":\"https:\/\/aprh.pt\/pt\/#website\"},\"primaryImageOfPage\":{\"@id\":\"https:\/\/aprh.pt\/pt\/quem-somos\/historia\/mario-lino\/#primaryimage\"},\"image\":{\"@id\":\"https:\/\/aprh.pt\/pt\/quem-somos\/historia\/mario-lino\/#primaryimage\"},\"thumbnailUrl\":\"https:\/\/www.aprh.pt\/wp-content\/uploads\/2012\/06\/mario-lino-265x300.jpg\",\"datePublished\":\"2022-05-19T13:54:43+00:00\",\"dateModified\":\"2022-11-21T14:26:10+00:00\",\"breadcrumb\":{\"@id\":\"https:\/\/aprh.pt\/pt\/quem-somos\/historia\/mario-lino\/#breadcrumb\"},\"inLanguage\":\"pt-PT\",\"potentialAction\":[{\"@type\":\"ReadAction\",\"target\":[\"https:\/\/aprh.pt\/pt\/quem-somos\/historia\/mario-lino\/\"]}]},{\"@type\":\"ImageObject\",\"inLanguage\":\"pt-PT\",\"@id\":\"https:\/\/aprh.pt\/pt\/quem-somos\/historia\/mario-lino\/#primaryimage\",\"url\":\"https:\/\/www.aprh.pt\/wp-content\/uploads\/2012\/06\/mario-lino-265x300.jpg\",\"contentUrl\":\"https:\/\/www.aprh.pt\/wp-content\/uploads\/2012\/06\/mario-lino-265x300.jpg\"},{\"@type\":\"BreadcrumbList\",\"@id\":\"https:\/\/aprh.pt\/pt\/quem-somos\/historia\/mario-lino\/#breadcrumb\",\"itemListElement\":[{\"@type\":\"ListItem\",\"position\":1,\"name\":\"Home\",\"item\":\"https:\/\/aprh.pt\/pt\/\"},{\"@type\":\"ListItem\",\"position\":2,\"name\":\"Quem somos\",\"item\":\"https:\/\/aprh.pt\/pt\/quem-somos\/\"},{\"@type\":\"ListItem\",\"position\":3,\"name\":\"Hist\u00f3ria\",\"item\":\"https:\/\/aprh.pt\/pt\/quem-somos\/historia\/\"},{\"@type\":\"ListItem\",\"position\":4,\"name\":\"M\u00e1rio Lino\"}]},{\"@type\":\"WebSite\",\"@id\":\"https:\/\/aprh.pt\/pt\/#website\",\"url\":\"https:\/\/aprh.pt\/pt\/\",\"name\":\"APRH\",\"description\":\"Associa\u00e7\u00e3o Portuguesa dos Recursos H\u00eddricos\",\"publisher\":{\"@id\":\"https:\/\/aprh.pt\/pt\/#organization\"},\"potentialAction\":[{\"@type\":\"SearchAction\",\"target\":{\"@type\":\"EntryPoint\",\"urlTemplate\":\"https:\/\/aprh.pt\/pt\/?s={search_term_string}\"},\"query-input\":{\"@type\":\"PropertyValueSpecification\",\"valueRequired\":true,\"valueName\":\"search_term_string\"}}],\"inLanguage\":\"pt-PT\"},{\"@type\":\"Organization\",\"@id\":\"https:\/\/aprh.pt\/pt\/#organization\",\"name\":\"APRH\",\"url\":\"https:\/\/aprh.pt\/pt\/\",\"logo\":{\"@type\":\"ImageObject\",\"inLanguage\":\"pt-PT\",\"@id\":\"https:\/\/aprh.pt\/pt\/#\/schema\/logo\/image\/\",\"url\":\"https:\/\/aprh.pt\/wp-content\/uploads\/2022\/04\/logotipo.png\",\"contentUrl\":\"https:\/\/aprh.pt\/wp-content\/uploads\/2022\/04\/logotipo.png\",\"width\":181,\"height\":80,\"caption\":\"APRH\"},\"image\":{\"@id\":\"https:\/\/aprh.pt\/pt\/#\/schema\/logo\/image\/\"}}]}<\/script>\n<!-- \/ Yoast SEO plugin. -->","yoast_head_json":{"title":"M\u00e1rio Lino - APRH","robots":{"index":"index","follow":"follow","max-snippet":"max-snippet:-1","max-image-preview":"max-image-preview:large","max-video-preview":"max-video-preview:-1"},"canonical":"https:\/\/aprh.pt\/pt\/quem-somos\/historia\/mario-lino\/","og_locale":"pt_PT","og_type":"article","og_title":"M\u00e1rio Lino - APRH","og_description":"Presidentes das Comiss\u00f5es Directivas M\u00e1rio Lino Engenheiro Civil pelo Instituto Superior T\u00e9cnico. Mestre em Hidrologia e Recursos H\u00eddricos pela\u00a0Colorado State University. Ministro das Obras P\u00fablicas, Transportes e Comunica\u00e7\u00f5es. Ex-Presidente da \u00c1guas de Portugal. Ex-Director da Impacte-Ambiente e Desenvolvimento. Consultor nos dom\u00ednios dos recursos h\u00eddricos e do ambiente. Membro fundador e Presidente da APRH (1994-1995).","og_url":"https:\/\/aprh.pt\/pt\/quem-somos\/historia\/mario-lino\/","og_site_name":"APRH","article_modified_time":"2022-11-21T14:26:10+00:00","og_image":[{"url":"https:\/\/www.aprh.pt\/wp-content\/uploads\/2012\/06\/mario-lino-265x300.jpg"}],"twitter_card":"summary_large_image","twitter_misc":{"Tempo estimado de leitura":"1 minuto"},"schema":{"@context":"https:\/\/schema.org","@graph":[{"@type":"WebPage","@id":"https:\/\/aprh.pt\/pt\/quem-somos\/historia\/mario-lino\/","url":"https:\/\/aprh.pt\/pt\/quem-somos\/historia\/mario-lino\/","name":"M\u00e1rio Lino - APRH","isPartOf":{"@id":"https:\/\/aprh.pt\/pt\/#website"},"primaryImageOfPage":{"@id":"https:\/\/aprh.pt\/pt\/quem-somos\/historia\/mario-lino\/#primaryimage"},"image":{"@id":"https:\/\/aprh.pt\/pt\/quem-somos\/historia\/mario-lino\/#primaryimage"},"thumbnailUrl":"https:\/\/www.aprh.pt\/wp-content\/uploads\/2012\/06\/mario-lino-265x300.jpg","datePublished":"2022-05-19T13:54:43+00:00","dateModified":"2022-11-21T14:26:10+00:00","breadcrumb":{"@id":"https:\/\/aprh.pt\/pt\/quem-somos\/historia\/mario-lino\/#breadcrumb"},"inLanguage":"pt-PT","potentialAction":[{"@type":"ReadAction","target":["https:\/\/aprh.pt\/pt\/quem-somos\/historia\/mario-lino\/"]}]},{"@type":"ImageObject","inLanguage":"pt-PT","@id":"https:\/\/aprh.pt\/pt\/quem-somos\/historia\/mario-lino\/#primaryimage","url":"https:\/\/www.aprh.pt\/wp-content\/uploads\/2012\/06\/mario-lino-265x300.jpg","contentUrl":"https:\/\/www.aprh.pt\/wp-content\/uploads\/2012\/06\/mario-lino-265x300.jpg"},{"@type":"BreadcrumbList","@id":"https:\/\/aprh.pt\/pt\/quem-somos\/historia\/mario-lino\/#breadcrumb","itemListElement":[{"@type":"ListItem","position":1,"name":"Home","item":"https:\/\/aprh.pt\/pt\/"},{"@type":"ListItem","position":2,"name":"Quem somos","item":"https:\/\/aprh.pt\/pt\/quem-somos\/"},{"@type":"ListItem","position":3,"name":"Hist\u00f3ria","item":"https:\/\/aprh.pt\/pt\/quem-somos\/historia\/"},{"@type":"ListItem","position":4,"name":"M\u00e1rio Lino"}]},{"@type":"WebSite","@id":"https:\/\/aprh.pt\/pt\/#website","url":"https:\/\/aprh.pt\/pt\/","name":"APRH","description":"Associa\u00e7\u00e3o Portuguesa dos Recursos H\u00eddricos","publisher":{"@id":"https:\/\/aprh.pt\/pt\/#organization"},"potentialAction":[{"@type":"SearchAction","target":{"@type":"EntryPoint","urlTemplate":"https:\/\/aprh.pt\/pt\/?s={search_term_string}"},"query-input":{"@type":"PropertyValueSpecification","valueRequired":true,"valueName":"search_term_string"}}],"inLanguage":"pt-PT"},{"@type":"Organization","@id":"https:\/\/aprh.pt\/pt\/#organization","name":"APRH","url":"https:\/\/aprh.pt\/pt\/","logo":{"@type":"ImageObject","inLanguage":"pt-PT","@id":"https:\/\/aprh.pt\/pt\/#\/schema\/logo\/image\/","url":"https:\/\/aprh.pt\/wp-content\/uploads\/2022\/04\/logotipo.png","contentUrl":"https:\/\/aprh.pt\/wp-content\/uploads\/2022\/04\/logotipo.png","width":181,"height":80,"caption":"APRH"},"image":{"@id":"https:\/\/aprh.pt\/pt\/#\/schema\/logo\/image\/"}}]}},"_links":{"self":[{"href":"https:\/\/aprh.pt\/pt\/wp-json\/wp\/v2\/pages\/8451","targetHints":{"allow":["GET"]}}],"collection":[{"href":"https:\/\/aprh.pt\/pt\/wp-json\/wp\/v2\/pages"}],"about":[{"href":"https:\/\/aprh.pt\/pt\/wp-json\/wp\/v2\/types\/page"}],"author":[{"embeddable":true,"href":"https:\/\/aprh.pt\/pt\/wp-json\/wp\/v2\/users\/1"}],"replies":[{"embeddable":true,"href":"https:\/\/aprh.pt\/pt\/wp-json\/wp\/v2\/comments?post=8451"}],"version-history":[{"count":8,"href":"https:\/\/aprh.pt\/pt\/wp-json\/wp\/v2\/pages\/8451\/revisions"}],"predecessor-version":[{"id":60065,"href":"https:\/\/aprh.pt\/pt\/wp-json\/wp\/v2\/pages\/8451\/revisions\/60065"}],"up":[{"embeddable":true,"href":"https:\/\/aprh.pt\/pt\/wp-json\/wp\/v2\/pages\/45468"}],"wp:attachment":[{"href":"https:\/\/aprh.pt\/pt\/wp-json\/wp\/v2\/media?parent=8451"}],"curies":[{"name":"wp","href":"https:\/\/api.w.org\/{rel}","templated":true}]}}