{"id":8452,"date":"2022-05-19T13:55:48","date_gmt":"2022-05-19T13:55:48","guid":{"rendered":"https:\/\/aprh.zalox.pt\/?page_id=8452"},"modified":"2022-11-21T14:31:26","modified_gmt":"2022-11-21T14:31:26","slug":"antonio-nascimento-pinheiro","status":"publish","type":"page","link":"https:\/\/aprh.pt\/pt\/quem-somos\/historia\/antonio-nascimento-pinheiro\/","title":{"rendered":"Ant\u00f3nio Nascimento Pinheiro"},"content":{"rendered":"\t\t<div data-elementor-type=\"wp-page\" data-elementor-id=\"8452\" class=\"elementor elementor-8452\" data-elementor-post-type=\"page\">\n\t\t\t\t\t\t<section class=\"elementor-section elementor-top-section elementor-element elementor-element-4776947 elementor-section-boxed elementor-section-height-default elementor-section-height-default\" data-id=\"4776947\" data-element_type=\"section\">\n\t\t\t\t\t\t<div class=\"elementor-container elementor-column-gap-no\">\n\t\t\t\t\t<div class=\"elementor-column elementor-col-100 elementor-top-column elementor-element elementor-element-56aa335\" data-id=\"56aa335\" data-element_type=\"column\">\n\t\t\t<div class=\"elementor-widget-wrap elementor-element-populated\">\n\t\t\t\t\t\t<div class=\"elementor-element elementor-element-c0c23fa elementor-widget elementor-widget-global elementor-global-475 elementor-widget-spacer\" data-id=\"c0c23fa\" data-element_type=\"widget\" data-widget_type=\"spacer.default\">\n\t\t\t\t<div class=\"elementor-widget-container\">\n\t\t\t\t\t<div class=\"elementor-spacer\">\n\t\t\t<div class=\"elementor-spacer-inner\"><\/div>\n\t\t<\/div>\n\t\t\t\t<\/div>\n\t\t\t\t<\/div>\n\t\t\t\t\t<\/div>\n\t\t<\/div>\n\t\t\t\t\t<\/div>\n\t\t<\/section>\n\t\t\t\t<section class=\"elementor-section elementor-top-section elementor-element elementor-element-5c46d5a elementor-section-boxed elementor-section-height-default elementor-section-height-default\" data-id=\"5c46d5a\" data-element_type=\"section\">\n\t\t\t\t\t\t<div class=\"elementor-container elementor-column-gap-no\">\n\t\t\t\t\t<div class=\"elementor-column elementor-col-25 elementor-top-column elementor-element elementor-element-cc4c1fb\" data-id=\"cc4c1fb\" data-element_type=\"column\">\n\t\t\t<div class=\"elementor-widget-wrap elementor-element-populated\">\n\t\t\t\t\t\t<div class=\"elementor-element elementor-element-bc86e45 elementor-widget elementor-widget-heading\" data-id=\"bc86e45\" data-element_type=\"widget\" data-widget_type=\"heading.default\">\n\t\t\t\t<div class=\"elementor-widget-container\">\n\t\t\t<h2 class=\"elementor-heading-title elementor-size-default\">Presidentes das Comiss\u00f5es Directivas<\/h2>\t\t<\/div>\n\t\t\t\t<\/div>\n\t\t\t\t\t<\/div>\n\t\t<\/div>\n\t\t\t\t<div class=\"elementor-column elementor-col-50 elementor-top-column elementor-element elementor-element-7eab021\" data-id=\"7eab021\" data-element_type=\"column\">\n\t\t\t<div class=\"elementor-widget-wrap elementor-element-populated\">\n\t\t\t\t\t\t<div class=\"elementor-element elementor-element-345793e elementor-widget elementor-widget-image\" data-id=\"345793e\" data-element_type=\"widget\" data-widget_type=\"image.default\">\n\t\t\t\t<div class=\"elementor-widget-container\">\n\t\t\t\t\t\t\t\t\t\t\t\t\t<img fetchpriority=\"high\" decoding=\"async\" width=\"300\" height=\"225\" src=\"https:\/\/aprh.pt\/wp-content\/uploads\/2012\/06\/p6010001-1-300x225.jpg\" class=\"attachment-medium size-medium wp-image-4946\" alt=\"\" srcset=\"https:\/\/aprh.pt\/wp-content\/uploads\/2012\/06\/p6010001-1-300x225.jpg 300w, https:\/\/aprh.pt\/wp-content\/uploads\/2012\/06\/p6010001-1-1024x768.jpg 1024w, https:\/\/aprh.pt\/wp-content\/uploads\/2012\/06\/p6010001-1-768x576.jpg 768w, https:\/\/aprh.pt\/wp-content\/uploads\/2012\/06\/p6010001-1-1536x1152.jpg 1536w, https:\/\/aprh.pt\/wp-content\/uploads\/2012\/06\/p6010001-1.jpg 1600w\" sizes=\"(max-width: 300px) 100vw, 300px\" \/>\t\t\t\t\t\t\t\t\t\t\t\t\t<\/div>\n\t\t\t\t<\/div>\n\t\t\t\t<div class=\"elementor-element elementor-element-d62c333 elementor-widget elementor-widget-heading\" data-id=\"d62c333\" data-element_type=\"widget\" data-widget_type=\"heading.default\">\n\t\t\t\t<div class=\"elementor-widget-container\">\n\t\t\t<h2 class=\"elementor-heading-title elementor-size-default\">Ant\u00f3nio Nascimento Pinheiro<\/h2>\t\t<\/div>\n\t\t\t\t<\/div>\n\t\t\t\t\t<\/div>\n\t\t<\/div>\n\t\t\t\t<div class=\"elementor-column elementor-col-25 elementor-top-column elementor-element elementor-element-c91e5e1 elementor-hidden-tablet elementor-hidden-mobile\" data-id=\"c91e5e1\" data-element_type=\"column\">\n\t\t\t<div class=\"elementor-widget-wrap\">\n\t\t\t\t\t\t\t<\/div>\n\t\t<\/div>\n\t\t\t\t\t<\/div>\n\t\t<\/section>\n\t\t\t\t<section class=\"elementor-section elementor-top-section elementor-element elementor-element-45bc418 elementor-section-boxed elementor-section-height-default elementor-section-height-default\" data-id=\"45bc418\" data-element_type=\"section\">\n\t\t\t\t\t\t<div class=\"elementor-container elementor-column-gap-no\">\n\t\t\t\t\t<div class=\"elementor-column elementor-col-100 elementor-top-column elementor-element elementor-element-def269a\" data-id=\"def269a\" data-element_type=\"column\">\n\t\t\t<div class=\"elementor-widget-wrap elementor-element-populated\">\n\t\t\t\t\t\t<div class=\"elementor-element elementor-element-c02df6b elementor-widget elementor-widget-global elementor-global-500 elementor-widget-spacer\" data-id=\"c02df6b\" data-element_type=\"widget\" data-widget_type=\"spacer.default\">\n\t\t\t\t<div class=\"elementor-widget-container\">\n\t\t\t\t\t<div class=\"elementor-spacer\">\n\t\t\t<div class=\"elementor-spacer-inner\"><\/div>\n\t\t<\/div>\n\t\t\t\t<\/div>\n\t\t\t\t<\/div>\n\t\t\t\t\t<\/div>\n\t\t<\/div>\n\t\t\t\t\t<\/div>\n\t\t<\/section>\n\t\t\t\t<\/div>\n\t\t","protected":false},"excerpt":{"rendered":"<p>Presidentes das Comiss\u00f5es Directivas Ant\u00f3nio Nascimento Pinheiro<\/p>\n","protected":false},"author":1,"featured_media":0,"parent":45468,"menu_order":0,"comment_status":"closed","ping_status":"closed","template":"","meta":{"footnotes":""},"class_list":["post-8452","page","type-page","status-publish","hentry"],"yoast_head":"<!-- This site is optimized with the Yoast SEO plugin v23.8 - https:\/\/yoast.com\/wordpress\/plugins\/seo\/ -->\n<title>Ant\u00f3nio Nascimento Pinheiro - APRH<\/title>\n<meta name=\"robots\" content=\"index, follow, max-snippet:-1, max-image-preview:large, max-video-preview:-1\" \/>\n<link rel=\"canonical\" href=\"https:\/\/aprh.pt\/pt\/quem-somos\/historia\/antonio-nascimento-pinheiro\/\" \/>\n<meta property=\"og:locale\" content=\"pt_PT\" \/>\n<meta property=\"og:type\" content=\"article\" \/>\n<meta property=\"og:title\" content=\"Ant\u00f3nio Nascimento Pinheiro - APRH\" \/>\n<meta property=\"og:description\" content=\"Presidentes das Comiss\u00f5es Directivas Ant\u00f3nio Nascimento Pinheiro\" \/>\n<meta property=\"og:url\" content=\"https:\/\/aprh.pt\/pt\/quem-somos\/historia\/antonio-nascimento-pinheiro\/\" \/>\n<meta property=\"og:site_name\" content=\"APRH\" \/>\n<meta property=\"article:modified_time\" content=\"2022-11-21T14:31:26+00:00\" \/>\n<meta property=\"og:image\" content=\"https:\/\/www.aprh.pt\/wp-content\/uploads\/2012\/06\/p6010001-1-300x225.jpg\" \/>\n<meta name=\"twitter:card\" content=\"summary_large_image\" \/>\n<meta name=\"twitter:label1\" content=\"Tempo estimado de leitura\" \/>\n\t<meta name=\"twitter:data1\" content=\"1 minuto\" \/>\n<script type=\"application\/ld+json\" class=\"yoast-schema-graph\">{\"@context\":\"https:\/\/schema.org\",\"@graph\":[{\"@type\":\"WebPage\",\"@id\":\"https:\/\/aprh.pt\/pt\/quem-somos\/historia\/antonio-nascimento-pinheiro\/\",\"url\":\"https:\/\/aprh.pt\/pt\/quem-somos\/historia\/antonio-nascimento-pinheiro\/\",\"name\":\"Ant\u00f3nio Nascimento Pinheiro - APRH\",\"isPartOf\":{\"@id\":\"https:\/\/aprh.pt\/pt\/#website\"},\"primaryImageOfPage\":{\"@id\":\"https:\/\/aprh.pt\/pt\/quem-somos\/historia\/antonio-nascimento-pinheiro\/#primaryimage\"},\"image\":{\"@id\":\"https:\/\/aprh.pt\/pt\/quem-somos\/historia\/antonio-nascimento-pinheiro\/#primaryimage\"},\"thumbnailUrl\":\"https:\/\/www.aprh.pt\/wp-content\/uploads\/2012\/06\/p6010001-1-300x225.jpg\",\"datePublished\":\"2022-05-19T13:55:48+00:00\",\"dateModified\":\"2022-11-21T14:31:26+00:00\",\"breadcrumb\":{\"@id\":\"https:\/\/aprh.pt\/pt\/quem-somos\/historia\/antonio-nascimento-pinheiro\/#breadcrumb\"},\"inLanguage\":\"pt-PT\",\"potentialAction\":[{\"@type\":\"ReadAction\",\"target\":[\"https:\/\/aprh.pt\/pt\/quem-somos\/historia\/antonio-nascimento-pinheiro\/\"]}]},{\"@type\":\"ImageObject\",\"inLanguage\":\"pt-PT\",\"@id\":\"https:\/\/aprh.pt\/pt\/quem-somos\/historia\/antonio-nascimento-pinheiro\/#primaryimage\",\"url\":\"https:\/\/www.aprh.pt\/wp-content\/uploads\/2012\/06\/p6010001-1-300x225.jpg\",\"contentUrl\":\"https:\/\/www.aprh.pt\/wp-content\/uploads\/2012\/06\/p6010001-1-300x225.jpg\"},{\"@type\":\"BreadcrumbList\",\"@id\":\"https:\/\/aprh.pt\/pt\/quem-somos\/historia\/antonio-nascimento-pinheiro\/#breadcrumb\",\"itemListElement\":[{\"@type\":\"ListItem\",\"position\":1,\"name\":\"Home\",\"item\":\"https:\/\/aprh.pt\/pt\/\"},{\"@type\":\"ListItem\",\"position\":2,\"name\":\"Quem somos\",\"item\":\"https:\/\/aprh.pt\/pt\/quem-somos\/\"},{\"@type\":\"ListItem\",\"position\":3,\"name\":\"Hist\u00f3ria\",\"item\":\"https:\/\/aprh.pt\/pt\/quem-somos\/historia\/\"},{\"@type\":\"ListItem\",\"position\":4,\"name\":\"Ant\u00f3nio Nascimento Pinheiro\"}]},{\"@type\":\"WebSite\",\"@id\":\"https:\/\/aprh.pt\/pt\/#website\",\"url\":\"https:\/\/aprh.pt\/pt\/\",\"name\":\"APRH\",\"description\":\"Associa\u00e7\u00e3o Portuguesa dos Recursos H\u00eddricos\",\"publisher\":{\"@id\":\"https:\/\/aprh.pt\/pt\/#organization\"},\"potentialAction\":[{\"@type\":\"SearchAction\",\"target\":{\"@type\":\"EntryPoint\",\"urlTemplate\":\"https:\/\/aprh.pt\/pt\/?s={search_term_string}\"},\"query-input\":{\"@type\":\"PropertyValueSpecification\",\"valueRequired\":true,\"valueName\":\"search_term_string\"}}],\"inLanguage\":\"pt-PT\"},{\"@type\":\"Organization\",\"@id\":\"https:\/\/aprh.pt\/pt\/#organization\",\"name\":\"APRH\",\"url\":\"https:\/\/aprh.pt\/pt\/\",\"logo\":{\"@type\":\"ImageObject\",\"inLanguage\":\"pt-PT\",\"@id\":\"https:\/\/aprh.pt\/pt\/#\/schema\/logo\/image\/\",\"url\":\"https:\/\/aprh.pt\/wp-content\/uploads\/2022\/04\/logotipo.png\",\"contentUrl\":\"https:\/\/aprh.pt\/wp-content\/uploads\/2022\/04\/logotipo.png\",\"width\":181,\"height\":80,\"caption\":\"APRH\"},\"image\":{\"@id\":\"https:\/\/aprh.pt\/pt\/#\/schema\/logo\/image\/\"}}]}<\/script>\n<!-- \/ Yoast SEO plugin. -->","yoast_head_json":{"title":"Ant\u00f3nio Nascimento Pinheiro - APRH","robots":{"index":"index","follow":"follow","max-snippet":"max-snippet:-1","max-image-preview":"max-image-preview:large","max-video-preview":"max-video-preview:-1"},"canonical":"https:\/\/aprh.pt\/pt\/quem-somos\/historia\/antonio-nascimento-pinheiro\/","og_locale":"pt_PT","og_type":"article","og_title":"Ant\u00f3nio Nascimento Pinheiro - APRH","og_description":"Presidentes das Comiss\u00f5es Directivas Ant\u00f3nio Nascimento Pinheiro","og_url":"https:\/\/aprh.pt\/pt\/quem-somos\/historia\/antonio-nascimento-pinheiro\/","og_site_name":"APRH","article_modified_time":"2022-11-21T14:31:26+00:00","og_image":[{"url":"https:\/\/www.aprh.pt\/wp-content\/uploads\/2012\/06\/p6010001-1-300x225.jpg"}],"twitter_card":"summary_large_image","twitter_misc":{"Tempo estimado de leitura":"1 minuto"},"schema":{"@context":"https:\/\/schema.org","@graph":[{"@type":"WebPage","@id":"https:\/\/aprh.pt\/pt\/quem-somos\/historia\/antonio-nascimento-pinheiro\/","url":"https:\/\/aprh.pt\/pt\/quem-somos\/historia\/antonio-nascimento-pinheiro\/","name":"Ant\u00f3nio Nascimento Pinheiro - APRH","isPartOf":{"@id":"https:\/\/aprh.pt\/pt\/#website"},"primaryImageOfPage":{"@id":"https:\/\/aprh.pt\/pt\/quem-somos\/historia\/antonio-nascimento-pinheiro\/#primaryimage"},"image":{"@id":"https:\/\/aprh.pt\/pt\/quem-somos\/historia\/antonio-nascimento-pinheiro\/#primaryimage"},"thumbnailUrl":"https:\/\/www.aprh.pt\/wp-content\/uploads\/2012\/06\/p6010001-1-300x225.jpg","datePublished":"2022-05-19T13:55:48+00:00","dateModified":"2022-11-21T14:31:26+00:00","breadcrumb":{"@id":"https:\/\/aprh.pt\/pt\/quem-somos\/historia\/antonio-nascimento-pinheiro\/#breadcrumb"},"inLanguage":"pt-PT","potentialAction":[{"@type":"ReadAction","target":["https:\/\/aprh.pt\/pt\/quem-somos\/historia\/antonio-nascimento-pinheiro\/"]}]},{"@type":"ImageObject","inLanguage":"pt-PT","@id":"https:\/\/aprh.pt\/pt\/quem-somos\/historia\/antonio-nascimento-pinheiro\/#primaryimage","url":"https:\/\/www.aprh.pt\/wp-content\/uploads\/2012\/06\/p6010001-1-300x225.jpg","contentUrl":"https:\/\/www.aprh.pt\/wp-content\/uploads\/2012\/06\/p6010001-1-300x225.jpg"},{"@type":"BreadcrumbList","@id":"https:\/\/aprh.pt\/pt\/quem-somos\/historia\/antonio-nascimento-pinheiro\/#breadcrumb","itemListElement":[{"@type":"ListItem","position":1,"name":"Home","item":"https:\/\/aprh.pt\/pt\/"},{"@type":"ListItem","position":2,"name":"Quem somos","item":"https:\/\/aprh.pt\/pt\/quem-somos\/"},{"@type":"ListItem","position":3,"name":"Hist\u00f3ria","item":"https:\/\/aprh.pt\/pt\/quem-somos\/historia\/"},{"@type":"ListItem","position":4,"name":"Ant\u00f3nio Nascimento Pinheiro"}]},{"@type":"WebSite","@id":"https:\/\/aprh.pt\/pt\/#website","url":"https:\/\/aprh.pt\/pt\/","name":"APRH","description":"Associa\u00e7\u00e3o Portuguesa dos Recursos H\u00eddricos","publisher":{"@id":"https:\/\/aprh.pt\/pt\/#organization"},"potentialAction":[{"@type":"SearchAction","target":{"@type":"EntryPoint","urlTemplate":"https:\/\/aprh.pt\/pt\/?s={search_term_string}"},"query-input":{"@type":"PropertyValueSpecification","valueRequired":true,"valueName":"search_term_string"}}],"inLanguage":"pt-PT"},{"@type":"Organization","@id":"https:\/\/aprh.pt\/pt\/#organization","name":"APRH","url":"https:\/\/aprh.pt\/pt\/","logo":{"@type":"ImageObject","inLanguage":"pt-PT","@id":"https:\/\/aprh.pt\/pt\/#\/schema\/logo\/image\/","url":"https:\/\/aprh.pt\/wp-content\/uploads\/2022\/04\/logotipo.png","contentUrl":"https:\/\/aprh.pt\/wp-content\/uploads\/2022\/04\/logotipo.png","width":181,"height":80,"caption":"APRH"},"image":{"@id":"https:\/\/aprh.pt\/pt\/#\/schema\/logo\/image\/"}}]}},"_links":{"self":[{"href":"https:\/\/aprh.pt\/pt\/wp-json\/wp\/v2\/pages\/8452","targetHints":{"allow":["GET"]}}],"collection":[{"href":"https:\/\/aprh.pt\/pt\/wp-json\/wp\/v2\/pages"}],"about":[{"href":"https:\/\/aprh.pt\/pt\/wp-json\/wp\/v2\/types\/page"}],"author":[{"embeddable":true,"href":"https:\/\/aprh.pt\/pt\/wp-json\/wp\/v2\/users\/1"}],"replies":[{"embeddable":true,"href":"https:\/\/aprh.pt\/pt\/wp-json\/wp\/v2\/comments?post=8452"}],"version-history":[{"count":8,"href":"https:\/\/aprh.pt\/pt\/wp-json\/wp\/v2\/pages\/8452\/revisions"}],"predecessor-version":[{"id":60081,"href":"https:\/\/aprh.pt\/pt\/wp-json\/wp\/v2\/pages\/8452\/revisions\/60081"}],"up":[{"embeddable":true,"href":"https:\/\/aprh.pt\/pt\/wp-json\/wp\/v2\/pages\/45468"}],"wp:attachment":[{"href":"https:\/\/aprh.pt\/pt\/wp-json\/wp\/v2\/media?parent=8452"}],"curies":[{"name":"wp","href":"https:\/\/api.w.org\/{rel}","templated":true}]}}