{"id":8456,"date":"2022-05-19T14:01:25","date_gmt":"2022-05-19T14:01:25","guid":{"rendered":"https:\/\/aprh.zalox.pt\/?page_id=8456"},"modified":"2022-11-21T15:04:39","modified_gmt":"2022-11-21T15:04:39","slug":"jose-vieira-da-costa","status":"publish","type":"page","link":"https:\/\/aprh.pt\/pt\/quem-somos\/historia\/jose-vieira-da-costa\/","title":{"rendered":"Jos\u00e9 Vieira da Costa"},"content":{"rendered":"\t\t<div data-elementor-type=\"wp-page\" data-elementor-id=\"8456\" class=\"elementor elementor-8456\" data-elementor-post-type=\"page\">\n\t\t\t\t\t\t<section class=\"elementor-section elementor-top-section elementor-element elementor-element-24d04c3 elementor-section-boxed elementor-section-height-default elementor-section-height-default\" data-id=\"24d04c3\" data-element_type=\"section\">\n\t\t\t\t\t\t<div class=\"elementor-container elementor-column-gap-no\">\n\t\t\t\t\t<div class=\"elementor-column elementor-col-100 elementor-top-column elementor-element elementor-element-96bf53b\" data-id=\"96bf53b\" data-element_type=\"column\">\n\t\t\t<div class=\"elementor-widget-wrap elementor-element-populated\">\n\t\t\t\t\t\t<div class=\"elementor-element elementor-element-e3d820a elementor-widget elementor-widget-global elementor-global-475 elementor-widget-spacer\" data-id=\"e3d820a\" data-element_type=\"widget\" data-widget_type=\"spacer.default\">\n\t\t\t\t<div class=\"elementor-widget-container\">\n\t\t\t\t\t<div class=\"elementor-spacer\">\n\t\t\t<div class=\"elementor-spacer-inner\"><\/div>\n\t\t<\/div>\n\t\t\t\t<\/div>\n\t\t\t\t<\/div>\n\t\t\t\t\t<\/div>\n\t\t<\/div>\n\t\t\t\t\t<\/div>\n\t\t<\/section>\n\t\t\t\t<section class=\"elementor-section elementor-top-section elementor-element elementor-element-a4527e6 elementor-section-boxed elementor-section-height-default elementor-section-height-default\" data-id=\"a4527e6\" data-element_type=\"section\">\n\t\t\t\t\t\t<div class=\"elementor-container elementor-column-gap-no\">\n\t\t\t\t\t<div class=\"elementor-column elementor-col-25 elementor-top-column elementor-element elementor-element-51f19d0\" data-id=\"51f19d0\" data-element_type=\"column\">\n\t\t\t<div class=\"elementor-widget-wrap elementor-element-populated\">\n\t\t\t\t\t\t<div class=\"elementor-element elementor-element-e57d1c2 elementor-widget elementor-widget-heading\" data-id=\"e57d1c2\" data-element_type=\"widget\" data-widget_type=\"heading.default\">\n\t\t\t\t<div class=\"elementor-widget-container\">\n\t\t\t<h2 class=\"elementor-heading-title elementor-size-default\">Presidentes das Comiss\u00f5es Directivas<\/h2>\t\t<\/div>\n\t\t\t\t<\/div>\n\t\t\t\t\t<\/div>\n\t\t<\/div>\n\t\t\t\t<div class=\"elementor-column elementor-col-50 elementor-top-column elementor-element elementor-element-12033d4\" data-id=\"12033d4\" data-element_type=\"column\">\n\t\t\t<div class=\"elementor-widget-wrap elementor-element-populated\">\n\t\t\t\t\t\t<div class=\"elementor-element elementor-element-656b2b2 elementor-widget elementor-widget-image\" data-id=\"656b2b2\" data-element_type=\"widget\" data-widget_type=\"image.default\">\n\t\t\t\t<div class=\"elementor-widget-container\">\n\t\t\t\t\t\t\t\t\t\t\t\t\t<img fetchpriority=\"high\" decoding=\"async\" width=\"225\" height=\"300\" src=\"https:\/\/aprh.pt\/wp-content\/uploads\/2012\/06\/vieira-da-costa_3-225x300.jpg\" class=\"attachment-medium size-medium wp-image-4961\" alt=\"\" srcset=\"https:\/\/aprh.pt\/wp-content\/uploads\/2012\/06\/vieira-da-costa_3-225x300.jpg 225w, https:\/\/aprh.pt\/wp-content\/uploads\/2012\/06\/vieira-da-costa_3-768x1024.jpg 768w, https:\/\/aprh.pt\/wp-content\/uploads\/2012\/06\/vieira-da-costa_3-1152x1536.jpg 1152w, https:\/\/aprh.pt\/wp-content\/uploads\/2012\/06\/vieira-da-costa_3.jpg 1536w\" sizes=\"(max-width: 225px) 100vw, 225px\" \/>\t\t\t\t\t\t\t\t\t\t\t\t\t<\/div>\n\t\t\t\t<\/div>\n\t\t\t\t<div class=\"elementor-element elementor-element-5d242e5 elementor-widget elementor-widget-heading\" data-id=\"5d242e5\" data-element_type=\"widget\" data-widget_type=\"heading.default\">\n\t\t\t\t<div class=\"elementor-widget-container\">\n\t\t\t<h2 class=\"elementor-heading-title elementor-size-default\">Jos\u00e9 Vieira da Costa<\/h2>\t\t<\/div>\n\t\t\t\t<\/div>\n\t\t\t\t<div class=\"elementor-element elementor-element-4236bef remover_marcadores elementor-widget elementor-widget-text-editor\" data-id=\"4236bef\" data-element_type=\"widget\" data-widget_type=\"text-editor.default\">\n\t\t\t\t<div class=\"elementor-widget-container\">\n\t\t\t\t\t\t\t<p>Engenheiro Civil pelo Instituto Superior T\u00e9cnico. Diplomado pelo Programa Avan\u00e7ado de Gest\u00e3o para Executivos pela Universidade Cat\u00f3lica Portuguesa. Vogal da Direc\u00e7\u00e3o da Associa\u00e7\u00e3o Portuguesa de Projectistas e Consultores (1989-1990). Presidente da Comiss\u00e3o Directiva da APRH. Gerente da PROCESL, empresa de consultoria em hidr\u00e1ulica, recursos h\u00eddricos e ambiente.<\/p>\t\t\t\t\t\t<\/div>\n\t\t\t\t<\/div>\n\t\t\t\t\t<\/div>\n\t\t<\/div>\n\t\t\t\t<div class=\"elementor-column elementor-col-25 elementor-top-column elementor-element elementor-element-4b94e2a elementor-hidden-tablet elementor-hidden-mobile\" data-id=\"4b94e2a\" data-element_type=\"column\">\n\t\t\t<div class=\"elementor-widget-wrap\">\n\t\t\t\t\t\t\t<\/div>\n\t\t<\/div>\n\t\t\t\t\t<\/div>\n\t\t<\/section>\n\t\t\t\t<section class=\"elementor-section elementor-top-section elementor-element elementor-element-948fc6c elementor-section-boxed elementor-section-height-default elementor-section-height-default\" data-id=\"948fc6c\" data-element_type=\"section\">\n\t\t\t\t\t\t<div class=\"elementor-container elementor-column-gap-no\">\n\t\t\t\t\t<div class=\"elementor-column elementor-col-100 elementor-top-column elementor-element elementor-element-c9b47bc\" data-id=\"c9b47bc\" data-element_type=\"column\">\n\t\t\t<div class=\"elementor-widget-wrap elementor-element-populated\">\n\t\t\t\t\t\t<div class=\"elementor-element elementor-element-3ad500c elementor-widget elementor-widget-global elementor-global-500 elementor-widget-spacer\" data-id=\"3ad500c\" data-element_type=\"widget\" data-widget_type=\"spacer.default\">\n\t\t\t\t<div class=\"elementor-widget-container\">\n\t\t\t\t\t<div class=\"elementor-spacer\">\n\t\t\t<div class=\"elementor-spacer-inner\"><\/div>\n\t\t<\/div>\n\t\t\t\t<\/div>\n\t\t\t\t<\/div>\n\t\t\t\t\t<\/div>\n\t\t<\/div>\n\t\t\t\t\t<\/div>\n\t\t<\/section>\n\t\t\t\t<\/div>\n\t\t","protected":false},"excerpt":{"rendered":"<p>Presidentes das Comiss\u00f5es Directivas Jos\u00e9 Vieira da Costa Engenheiro Civil pelo Instituto Superior T\u00e9cnico. Diplomado pelo Programa Avan\u00e7ado de Gest\u00e3o para Executivos pela Universidade Cat\u00f3lica Portuguesa. Vogal da Direc\u00e7\u00e3o da Associa\u00e7\u00e3o Portuguesa de Projectistas e Consultores (1989-1990). Presidente da Comiss\u00e3o Directiva da APRH. Gerente da PROCESL, empresa de consultoria em hidr\u00e1ulica, recursos h\u00eddricos e ambiente.<\/p>\n","protected":false},"author":1,"featured_media":0,"parent":45468,"menu_order":0,"comment_status":"closed","ping_status":"closed","template":"","meta":{"footnotes":""},"class_list":["post-8456","page","type-page","status-publish","hentry"],"yoast_head":"<!-- This site is optimized with the Yoast SEO plugin v23.8 - https:\/\/yoast.com\/wordpress\/plugins\/seo\/ -->\n<title>Jos\u00e9 Vieira da Costa - APRH<\/title>\n<meta name=\"robots\" content=\"index, follow, max-snippet:-1, max-image-preview:large, max-video-preview:-1\" \/>\n<link rel=\"canonical\" href=\"https:\/\/aprh.pt\/pt\/quem-somos\/historia\/jose-vieira-da-costa\/\" \/>\n<meta property=\"og:locale\" content=\"pt_PT\" \/>\n<meta property=\"og:type\" content=\"article\" \/>\n<meta property=\"og:title\" content=\"Jos\u00e9 Vieira da Costa - APRH\" \/>\n<meta property=\"og:description\" content=\"Presidentes das Comiss\u00f5es Directivas Jos\u00e9 Vieira da Costa Engenheiro Civil pelo Instituto Superior T\u00e9cnico. Diplomado pelo Programa Avan\u00e7ado de Gest\u00e3o para Executivos pela Universidade Cat\u00f3lica Portuguesa. Vogal da Direc\u00e7\u00e3o da Associa\u00e7\u00e3o Portuguesa de Projectistas e Consultores (1989-1990). Presidente da Comiss\u00e3o Directiva da APRH. Gerente da PROCESL, empresa de consultoria em hidr\u00e1ulica, recursos h\u00eddricos e ambiente.\" \/>\n<meta property=\"og:url\" content=\"https:\/\/aprh.pt\/pt\/quem-somos\/historia\/jose-vieira-da-costa\/\" \/>\n<meta property=\"og:site_name\" content=\"APRH\" \/>\n<meta property=\"article:modified_time\" content=\"2022-11-21T15:04:39+00:00\" \/>\n<meta property=\"og:image\" content=\"https:\/\/www.aprh.pt\/wp-content\/uploads\/2012\/06\/vieira-da-costa_3-225x300.jpg\" \/>\n<meta name=\"twitter:card\" content=\"summary_large_image\" \/>\n<meta name=\"twitter:label1\" content=\"Tempo estimado de leitura\" \/>\n\t<meta name=\"twitter:data1\" content=\"1 minuto\" \/>\n<script type=\"application\/ld+json\" class=\"yoast-schema-graph\">{\"@context\":\"https:\/\/schema.org\",\"@graph\":[{\"@type\":\"WebPage\",\"@id\":\"https:\/\/aprh.pt\/pt\/quem-somos\/historia\/jose-vieira-da-costa\/\",\"url\":\"https:\/\/aprh.pt\/pt\/quem-somos\/historia\/jose-vieira-da-costa\/\",\"name\":\"Jos\u00e9 Vieira da Costa - APRH\",\"isPartOf\":{\"@id\":\"https:\/\/aprh.pt\/pt\/#website\"},\"primaryImageOfPage\":{\"@id\":\"https:\/\/aprh.pt\/pt\/quem-somos\/historia\/jose-vieira-da-costa\/#primaryimage\"},\"image\":{\"@id\":\"https:\/\/aprh.pt\/pt\/quem-somos\/historia\/jose-vieira-da-costa\/#primaryimage\"},\"thumbnailUrl\":\"https:\/\/www.aprh.pt\/wp-content\/uploads\/2012\/06\/vieira-da-costa_3-225x300.jpg\",\"datePublished\":\"2022-05-19T14:01:25+00:00\",\"dateModified\":\"2022-11-21T15:04:39+00:00\",\"breadcrumb\":{\"@id\":\"https:\/\/aprh.pt\/pt\/quem-somos\/historia\/jose-vieira-da-costa\/#breadcrumb\"},\"inLanguage\":\"pt-PT\",\"potentialAction\":[{\"@type\":\"ReadAction\",\"target\":[\"https:\/\/aprh.pt\/pt\/quem-somos\/historia\/jose-vieira-da-costa\/\"]}]},{\"@type\":\"ImageObject\",\"inLanguage\":\"pt-PT\",\"@id\":\"https:\/\/aprh.pt\/pt\/quem-somos\/historia\/jose-vieira-da-costa\/#primaryimage\",\"url\":\"https:\/\/www.aprh.pt\/wp-content\/uploads\/2012\/06\/vieira-da-costa_3-225x300.jpg\",\"contentUrl\":\"https:\/\/www.aprh.pt\/wp-content\/uploads\/2012\/06\/vieira-da-costa_3-225x300.jpg\"},{\"@type\":\"BreadcrumbList\",\"@id\":\"https:\/\/aprh.pt\/pt\/quem-somos\/historia\/jose-vieira-da-costa\/#breadcrumb\",\"itemListElement\":[{\"@type\":\"ListItem\",\"position\":1,\"name\":\"Home\",\"item\":\"https:\/\/aprh.pt\/pt\/\"},{\"@type\":\"ListItem\",\"position\":2,\"name\":\"Quem somos\",\"item\":\"https:\/\/aprh.pt\/pt\/quem-somos\/\"},{\"@type\":\"ListItem\",\"position\":3,\"name\":\"Hist\u00f3ria\",\"item\":\"https:\/\/aprh.pt\/pt\/quem-somos\/historia\/\"},{\"@type\":\"ListItem\",\"position\":4,\"name\":\"Jos\u00e9 Vieira da Costa\"}]},{\"@type\":\"WebSite\",\"@id\":\"https:\/\/aprh.pt\/pt\/#website\",\"url\":\"https:\/\/aprh.pt\/pt\/\",\"name\":\"APRH\",\"description\":\"Associa\u00e7\u00e3o Portuguesa dos Recursos H\u00eddricos\",\"publisher\":{\"@id\":\"https:\/\/aprh.pt\/pt\/#organization\"},\"potentialAction\":[{\"@type\":\"SearchAction\",\"target\":{\"@type\":\"EntryPoint\",\"urlTemplate\":\"https:\/\/aprh.pt\/pt\/?s={search_term_string}\"},\"query-input\":{\"@type\":\"PropertyValueSpecification\",\"valueRequired\":true,\"valueName\":\"search_term_string\"}}],\"inLanguage\":\"pt-PT\"},{\"@type\":\"Organization\",\"@id\":\"https:\/\/aprh.pt\/pt\/#organization\",\"name\":\"APRH\",\"url\":\"https:\/\/aprh.pt\/pt\/\",\"logo\":{\"@type\":\"ImageObject\",\"inLanguage\":\"pt-PT\",\"@id\":\"https:\/\/aprh.pt\/pt\/#\/schema\/logo\/image\/\",\"url\":\"https:\/\/aprh.pt\/wp-content\/uploads\/2022\/04\/logotipo.png\",\"contentUrl\":\"https:\/\/aprh.pt\/wp-content\/uploads\/2022\/04\/logotipo.png\",\"width\":181,\"height\":80,\"caption\":\"APRH\"},\"image\":{\"@id\":\"https:\/\/aprh.pt\/pt\/#\/schema\/logo\/image\/\"}}]}<\/script>\n<!-- \/ Yoast SEO plugin. -->","yoast_head_json":{"title":"Jos\u00e9 Vieira da Costa - APRH","robots":{"index":"index","follow":"follow","max-snippet":"max-snippet:-1","max-image-preview":"max-image-preview:large","max-video-preview":"max-video-preview:-1"},"canonical":"https:\/\/aprh.pt\/pt\/quem-somos\/historia\/jose-vieira-da-costa\/","og_locale":"pt_PT","og_type":"article","og_title":"Jos\u00e9 Vieira da Costa - APRH","og_description":"Presidentes das Comiss\u00f5es Directivas Jos\u00e9 Vieira da Costa Engenheiro Civil pelo Instituto Superior T\u00e9cnico. Diplomado pelo Programa Avan\u00e7ado de Gest\u00e3o para Executivos pela Universidade Cat\u00f3lica Portuguesa. Vogal da Direc\u00e7\u00e3o da Associa\u00e7\u00e3o Portuguesa de Projectistas e Consultores (1989-1990). Presidente da Comiss\u00e3o Directiva da APRH. Gerente da PROCESL, empresa de consultoria em hidr\u00e1ulica, recursos h\u00eddricos e ambiente.","og_url":"https:\/\/aprh.pt\/pt\/quem-somos\/historia\/jose-vieira-da-costa\/","og_site_name":"APRH","article_modified_time":"2022-11-21T15:04:39+00:00","og_image":[{"url":"https:\/\/www.aprh.pt\/wp-content\/uploads\/2012\/06\/vieira-da-costa_3-225x300.jpg"}],"twitter_card":"summary_large_image","twitter_misc":{"Tempo estimado de leitura":"1 minuto"},"schema":{"@context":"https:\/\/schema.org","@graph":[{"@type":"WebPage","@id":"https:\/\/aprh.pt\/pt\/quem-somos\/historia\/jose-vieira-da-costa\/","url":"https:\/\/aprh.pt\/pt\/quem-somos\/historia\/jose-vieira-da-costa\/","name":"Jos\u00e9 Vieira da Costa - APRH","isPartOf":{"@id":"https:\/\/aprh.pt\/pt\/#website"},"primaryImageOfPage":{"@id":"https:\/\/aprh.pt\/pt\/quem-somos\/historia\/jose-vieira-da-costa\/#primaryimage"},"image":{"@id":"https:\/\/aprh.pt\/pt\/quem-somos\/historia\/jose-vieira-da-costa\/#primaryimage"},"thumbnailUrl":"https:\/\/www.aprh.pt\/wp-content\/uploads\/2012\/06\/vieira-da-costa_3-225x300.jpg","datePublished":"2022-05-19T14:01:25+00:00","dateModified":"2022-11-21T15:04:39+00:00","breadcrumb":{"@id":"https:\/\/aprh.pt\/pt\/quem-somos\/historia\/jose-vieira-da-costa\/#breadcrumb"},"inLanguage":"pt-PT","potentialAction":[{"@type":"ReadAction","target":["https:\/\/aprh.pt\/pt\/quem-somos\/historia\/jose-vieira-da-costa\/"]}]},{"@type":"ImageObject","inLanguage":"pt-PT","@id":"https:\/\/aprh.pt\/pt\/quem-somos\/historia\/jose-vieira-da-costa\/#primaryimage","url":"https:\/\/www.aprh.pt\/wp-content\/uploads\/2012\/06\/vieira-da-costa_3-225x300.jpg","contentUrl":"https:\/\/www.aprh.pt\/wp-content\/uploads\/2012\/06\/vieira-da-costa_3-225x300.jpg"},{"@type":"BreadcrumbList","@id":"https:\/\/aprh.pt\/pt\/quem-somos\/historia\/jose-vieira-da-costa\/#breadcrumb","itemListElement":[{"@type":"ListItem","position":1,"name":"Home","item":"https:\/\/aprh.pt\/pt\/"},{"@type":"ListItem","position":2,"name":"Quem somos","item":"https:\/\/aprh.pt\/pt\/quem-somos\/"},{"@type":"ListItem","position":3,"name":"Hist\u00f3ria","item":"https:\/\/aprh.pt\/pt\/quem-somos\/historia\/"},{"@type":"ListItem","position":4,"name":"Jos\u00e9 Vieira da Costa"}]},{"@type":"WebSite","@id":"https:\/\/aprh.pt\/pt\/#website","url":"https:\/\/aprh.pt\/pt\/","name":"APRH","description":"Associa\u00e7\u00e3o Portuguesa dos Recursos H\u00eddricos","publisher":{"@id":"https:\/\/aprh.pt\/pt\/#organization"},"potentialAction":[{"@type":"SearchAction","target":{"@type":"EntryPoint","urlTemplate":"https:\/\/aprh.pt\/pt\/?s={search_term_string}"},"query-input":{"@type":"PropertyValueSpecification","valueRequired":true,"valueName":"search_term_string"}}],"inLanguage":"pt-PT"},{"@type":"Organization","@id":"https:\/\/aprh.pt\/pt\/#organization","name":"APRH","url":"https:\/\/aprh.pt\/pt\/","logo":{"@type":"ImageObject","inLanguage":"pt-PT","@id":"https:\/\/aprh.pt\/pt\/#\/schema\/logo\/image\/","url":"https:\/\/aprh.pt\/wp-content\/uploads\/2022\/04\/logotipo.png","contentUrl":"https:\/\/aprh.pt\/wp-content\/uploads\/2022\/04\/logotipo.png","width":181,"height":80,"caption":"APRH"},"image":{"@id":"https:\/\/aprh.pt\/pt\/#\/schema\/logo\/image\/"}}]}},"_links":{"self":[{"href":"https:\/\/aprh.pt\/pt\/wp-json\/wp\/v2\/pages\/8456","targetHints":{"allow":["GET"]}}],"collection":[{"href":"https:\/\/aprh.pt\/pt\/wp-json\/wp\/v2\/pages"}],"about":[{"href":"https:\/\/aprh.pt\/pt\/wp-json\/wp\/v2\/types\/page"}],"author":[{"embeddable":true,"href":"https:\/\/aprh.pt\/pt\/wp-json\/wp\/v2\/users\/1"}],"replies":[{"embeddable":true,"href":"https:\/\/aprh.pt\/pt\/wp-json\/wp\/v2\/comments?post=8456"}],"version-history":[{"count":11,"href":"https:\/\/aprh.pt\/pt\/wp-json\/wp\/v2\/pages\/8456\/revisions"}],"predecessor-version":[{"id":60153,"href":"https:\/\/aprh.pt\/pt\/wp-json\/wp\/v2\/pages\/8456\/revisions\/60153"}],"up":[{"embeddable":true,"href":"https:\/\/aprh.pt\/pt\/wp-json\/wp\/v2\/pages\/45468"}],"wp:attachment":[{"href":"https:\/\/aprh.pt\/pt\/wp-json\/wp\/v2\/media?parent=8456"}],"curies":[{"name":"wp","href":"https:\/\/api.w.org\/{rel}","templated":true}]}}