{"id":8459,"date":"2022-05-19T14:05:38","date_gmt":"2022-05-19T14:05:38","guid":{"rendered":"https:\/\/aprh.zalox.pt\/?page_id=8459"},"modified":"2022-11-21T15:27:20","modified_gmt":"2022-11-21T15:27:20","slug":"maria-da-conceicao-cunha","status":"publish","type":"page","link":"https:\/\/aprh.pt\/pt\/quem-somos\/historia\/maria-da-conceicao-cunha\/","title":{"rendered":"Maria da Concei\u00e7\u00e3o Cunha"},"content":{"rendered":"\t\t<div data-elementor-type=\"wp-page\" data-elementor-id=\"8459\" class=\"elementor elementor-8459\" data-elementor-post-type=\"page\">\n\t\t\t\t\t\t<section class=\"elementor-section elementor-top-section elementor-element elementor-element-9632074 elementor-section-boxed elementor-section-height-default elementor-section-height-default\" data-id=\"9632074\" data-element_type=\"section\">\n\t\t\t\t\t\t<div class=\"elementor-container elementor-column-gap-no\">\n\t\t\t\t\t<div class=\"elementor-column elementor-col-100 elementor-top-column elementor-element elementor-element-6be6824\" data-id=\"6be6824\" data-element_type=\"column\">\n\t\t\t<div class=\"elementor-widget-wrap elementor-element-populated\">\n\t\t\t\t\t\t<div class=\"elementor-element elementor-element-a0a0dcb elementor-widget elementor-widget-global elementor-global-475 elementor-widget-spacer\" data-id=\"a0a0dcb\" data-element_type=\"widget\" data-widget_type=\"spacer.default\">\n\t\t\t\t<div class=\"elementor-widget-container\">\n\t\t\t\t\t<div class=\"elementor-spacer\">\n\t\t\t<div class=\"elementor-spacer-inner\"><\/div>\n\t\t<\/div>\n\t\t\t\t<\/div>\n\t\t\t\t<\/div>\n\t\t\t\t\t<\/div>\n\t\t<\/div>\n\t\t\t\t\t<\/div>\n\t\t<\/section>\n\t\t\t\t<section class=\"elementor-section elementor-top-section elementor-element elementor-element-471e329 elementor-section-boxed elementor-section-height-default elementor-section-height-default\" data-id=\"471e329\" data-element_type=\"section\">\n\t\t\t\t\t\t<div class=\"elementor-container elementor-column-gap-no\">\n\t\t\t\t\t<div class=\"elementor-column elementor-col-25 elementor-top-column elementor-element elementor-element-0a1e03c\" data-id=\"0a1e03c\" data-element_type=\"column\">\n\t\t\t<div class=\"elementor-widget-wrap elementor-element-populated\">\n\t\t\t\t\t\t<div class=\"elementor-element elementor-element-2e1bcec elementor-widget elementor-widget-heading\" data-id=\"2e1bcec\" data-element_type=\"widget\" data-widget_type=\"heading.default\">\n\t\t\t\t<div class=\"elementor-widget-container\">\n\t\t\t<h2 class=\"elementor-heading-title elementor-size-default\">Presidentes das Comiss\u00f5es Directivas<\/h2>\t\t<\/div>\n\t\t\t\t<\/div>\n\t\t\t\t\t<\/div>\n\t\t<\/div>\n\t\t\t\t<div class=\"elementor-column elementor-col-50 elementor-top-column elementor-element elementor-element-6f69129\" data-id=\"6f69129\" data-element_type=\"column\">\n\t\t\t<div class=\"elementor-widget-wrap elementor-element-populated\">\n\t\t\t\t\t\t<div class=\"elementor-element elementor-element-190db6b elementor-widget elementor-widget-image\" data-id=\"190db6b\" data-element_type=\"widget\" data-widget_type=\"image.default\">\n\t\t\t\t<div class=\"elementor-widget-container\">\n\t\t\t\t\t\t\t\t\t\t\t\t\t<img fetchpriority=\"high\" decoding=\"async\" width=\"219\" height=\"233\" src=\"https:\/\/aprh.pt\/wp-content\/uploads\/2016\/04\/mcc.jpg\" class=\"attachment-medium size-medium wp-image-6135\" alt=\"mcc\" \/>\t\t\t\t\t\t\t\t\t\t\t\t\t<\/div>\n\t\t\t\t<\/div>\n\t\t\t\t<div class=\"elementor-element elementor-element-39cfaa9 elementor-widget elementor-widget-heading\" data-id=\"39cfaa9\" data-element_type=\"widget\" data-widget_type=\"heading.default\">\n\t\t\t\t<div class=\"elementor-widget-container\">\n\t\t\t<h2 class=\"elementor-heading-title elementor-size-default\">Maria da Concei\u00e7\u00e3o Cunha\n<\/h2>\t\t<\/div>\n\t\t\t\t<\/div>\n\t\t\t\t<div class=\"elementor-element elementor-element-551bd6e remover_marcadores elementor-widget elementor-widget-text-editor\" data-id=\"551bd6e\" data-element_type=\"widget\" data-widget_type=\"text-editor.default\">\n\t\t\t\t<div class=\"elementor-widget-container\">\n\t\t\t\t\t\t\t<p>Maria da Concei\u00e7\u00e3o Cunha \u00e9 Engenheira Civil pela Universidade de Coimbra e tem um Doutoramento em Ci\u00eancias Naturais Aplicadas pela Universidade Cat\u00f3lica de Lovaina (B\u00e9lgica). \u00c9 atualmente Professora Catedr\u00e1tica do Departamento de Engenharia da Universidade de Coimbra, estando ligada \u00e0 tem\u00e1tica dos modelos de decis\u00e3o para a gest\u00e3o integrada dos recursos h\u00eddricos. Coordena a linha de investiga\u00e7\u00e3o \u201cHidr\u00e1ulica, Recursos H\u00eddricos e Ambiente \u201c do centro de investiga\u00e7\u00e3o MARE e tamb\u00e9m o Programa de Doutoramento em Engenharia do Ambiente. Tem coordenado v\u00e1rios projetos de investiga\u00e7\u00e3o nacionais e internacionais. A sua investiga\u00e7\u00e3o deu origem a mais de 250 publica\u00e7\u00f5es em revistas e confer\u00eancias nacionais e internacionais. \u00c9 membro do Conselho Nacional da \u00c1gua e Presidente da APRH.<\/p>\t\t\t\t\t\t<\/div>\n\t\t\t\t<\/div>\n\t\t\t\t\t<\/div>\n\t\t<\/div>\n\t\t\t\t<div class=\"elementor-column elementor-col-25 elementor-top-column elementor-element elementor-element-e4601d1 elementor-hidden-tablet elementor-hidden-mobile\" data-id=\"e4601d1\" data-element_type=\"column\">\n\t\t\t<div class=\"elementor-widget-wrap\">\n\t\t\t\t\t\t\t<\/div>\n\t\t<\/div>\n\t\t\t\t\t<\/div>\n\t\t<\/section>\n\t\t\t\t<section class=\"elementor-section elementor-top-section elementor-element elementor-element-328f282 elementor-section-boxed elementor-section-height-default elementor-section-height-default\" data-id=\"328f282\" data-element_type=\"section\">\n\t\t\t\t\t\t<div class=\"elementor-container elementor-column-gap-no\">\n\t\t\t\t\t<div class=\"elementor-column elementor-col-100 elementor-top-column elementor-element elementor-element-d7457c4\" data-id=\"d7457c4\" data-element_type=\"column\">\n\t\t\t<div class=\"elementor-widget-wrap elementor-element-populated\">\n\t\t\t\t\t\t<div class=\"elementor-element elementor-element-a5316e8 elementor-widget elementor-widget-global elementor-global-500 elementor-widget-spacer\" data-id=\"a5316e8\" data-element_type=\"widget\" data-widget_type=\"spacer.default\">\n\t\t\t\t<div class=\"elementor-widget-container\">\n\t\t\t\t\t<div class=\"elementor-spacer\">\n\t\t\t<div class=\"elementor-spacer-inner\"><\/div>\n\t\t<\/div>\n\t\t\t\t<\/div>\n\t\t\t\t<\/div>\n\t\t\t\t\t<\/div>\n\t\t<\/div>\n\t\t\t\t\t<\/div>\n\t\t<\/section>\n\t\t\t\t<\/div>\n\t\t","protected":false},"excerpt":{"rendered":"<p>Presidentes das Comiss\u00f5es Directivas Maria da Concei\u00e7\u00e3o Cunha Maria da Concei\u00e7\u00e3o Cunha \u00e9 Engenheira Civil pela Universidade de Coimbra e tem um Doutoramento em Ci\u00eancias Naturais Aplicadas pela Universidade Cat\u00f3lica de Lovaina (B\u00e9lgica). \u00c9 atualmente Professora Catedr\u00e1tica do Departamento de Engenharia da Universidade de Coimbra, estando ligada \u00e0 tem\u00e1tica dos modelos de decis\u00e3o para a [&hellip;]<\/p>\n","protected":false},"author":1,"featured_media":0,"parent":45468,"menu_order":0,"comment_status":"closed","ping_status":"closed","template":"","meta":{"footnotes":""},"class_list":["post-8459","page","type-page","status-publish","hentry"],"yoast_head":"<!-- This site is optimized with the Yoast SEO plugin v23.8 - https:\/\/yoast.com\/wordpress\/plugins\/seo\/ -->\n<title>Maria da Concei\u00e7\u00e3o Cunha - APRH<\/title>\n<meta name=\"robots\" content=\"index, follow, max-snippet:-1, max-image-preview:large, max-video-preview:-1\" \/>\n<link rel=\"canonical\" href=\"https:\/\/aprh.pt\/pt\/quem-somos\/historia\/maria-da-conceicao-cunha\/\" \/>\n<meta property=\"og:locale\" content=\"pt_PT\" \/>\n<meta property=\"og:type\" content=\"article\" \/>\n<meta property=\"og:title\" content=\"Maria da Concei\u00e7\u00e3o Cunha - APRH\" \/>\n<meta property=\"og:description\" content=\"Presidentes das Comiss\u00f5es Directivas Maria da Concei\u00e7\u00e3o Cunha Maria da Concei\u00e7\u00e3o Cunha \u00e9 Engenheira Civil pela Universidade de Coimbra e tem um Doutoramento em Ci\u00eancias Naturais Aplicadas pela Universidade Cat\u00f3lica de Lovaina (B\u00e9lgica). \u00c9 atualmente Professora Catedr\u00e1tica do Departamento de Engenharia da Universidade de Coimbra, estando ligada \u00e0 tem\u00e1tica dos modelos de decis\u00e3o para a [&hellip;]\" \/>\n<meta property=\"og:url\" content=\"https:\/\/aprh.pt\/pt\/quem-somos\/historia\/maria-da-conceicao-cunha\/\" \/>\n<meta property=\"og:site_name\" content=\"APRH\" \/>\n<meta property=\"article:modified_time\" content=\"2022-11-21T15:27:20+00:00\" \/>\n<meta property=\"og:image\" content=\"https:\/\/www.aprh.pt\/wp-content\/uploads\/2016\/04\/mcc.jpg\" \/>\n<meta name=\"twitter:card\" content=\"summary_large_image\" \/>\n<meta name=\"twitter:label1\" content=\"Tempo estimado de leitura\" \/>\n\t<meta name=\"twitter:data1\" content=\"1 minuto\" \/>\n<script type=\"application\/ld+json\" class=\"yoast-schema-graph\">{\"@context\":\"https:\/\/schema.org\",\"@graph\":[{\"@type\":\"WebPage\",\"@id\":\"https:\/\/aprh.pt\/pt\/quem-somos\/historia\/maria-da-conceicao-cunha\/\",\"url\":\"https:\/\/aprh.pt\/pt\/quem-somos\/historia\/maria-da-conceicao-cunha\/\",\"name\":\"Maria da Concei\u00e7\u00e3o Cunha - APRH\",\"isPartOf\":{\"@id\":\"https:\/\/aprh.pt\/pt\/#website\"},\"primaryImageOfPage\":{\"@id\":\"https:\/\/aprh.pt\/pt\/quem-somos\/historia\/maria-da-conceicao-cunha\/#primaryimage\"},\"image\":{\"@id\":\"https:\/\/aprh.pt\/pt\/quem-somos\/historia\/maria-da-conceicao-cunha\/#primaryimage\"},\"thumbnailUrl\":\"https:\/\/www.aprh.pt\/wp-content\/uploads\/2016\/04\/mcc.jpg\",\"datePublished\":\"2022-05-19T14:05:38+00:00\",\"dateModified\":\"2022-11-21T15:27:20+00:00\",\"breadcrumb\":{\"@id\":\"https:\/\/aprh.pt\/pt\/quem-somos\/historia\/maria-da-conceicao-cunha\/#breadcrumb\"},\"inLanguage\":\"pt-PT\",\"potentialAction\":[{\"@type\":\"ReadAction\",\"target\":[\"https:\/\/aprh.pt\/pt\/quem-somos\/historia\/maria-da-conceicao-cunha\/\"]}]},{\"@type\":\"ImageObject\",\"inLanguage\":\"pt-PT\",\"@id\":\"https:\/\/aprh.pt\/pt\/quem-somos\/historia\/maria-da-conceicao-cunha\/#primaryimage\",\"url\":\"https:\/\/www.aprh.pt\/wp-content\/uploads\/2016\/04\/mcc.jpg\",\"contentUrl\":\"https:\/\/www.aprh.pt\/wp-content\/uploads\/2016\/04\/mcc.jpg\"},{\"@type\":\"BreadcrumbList\",\"@id\":\"https:\/\/aprh.pt\/pt\/quem-somos\/historia\/maria-da-conceicao-cunha\/#breadcrumb\",\"itemListElement\":[{\"@type\":\"ListItem\",\"position\":1,\"name\":\"Home\",\"item\":\"https:\/\/aprh.pt\/pt\/\"},{\"@type\":\"ListItem\",\"position\":2,\"name\":\"Quem somos\",\"item\":\"https:\/\/aprh.pt\/pt\/quem-somos\/\"},{\"@type\":\"ListItem\",\"position\":3,\"name\":\"Hist\u00f3ria\",\"item\":\"https:\/\/aprh.pt\/pt\/quem-somos\/historia\/\"},{\"@type\":\"ListItem\",\"position\":4,\"name\":\"Maria da Concei\u00e7\u00e3o Cunha\"}]},{\"@type\":\"WebSite\",\"@id\":\"https:\/\/aprh.pt\/pt\/#website\",\"url\":\"https:\/\/aprh.pt\/pt\/\",\"name\":\"APRH\",\"description\":\"Associa\u00e7\u00e3o Portuguesa dos Recursos H\u00eddricos\",\"publisher\":{\"@id\":\"https:\/\/aprh.pt\/pt\/#organization\"},\"potentialAction\":[{\"@type\":\"SearchAction\",\"target\":{\"@type\":\"EntryPoint\",\"urlTemplate\":\"https:\/\/aprh.pt\/pt\/?s={search_term_string}\"},\"query-input\":{\"@type\":\"PropertyValueSpecification\",\"valueRequired\":true,\"valueName\":\"search_term_string\"}}],\"inLanguage\":\"pt-PT\"},{\"@type\":\"Organization\",\"@id\":\"https:\/\/aprh.pt\/pt\/#organization\",\"name\":\"APRH\",\"url\":\"https:\/\/aprh.pt\/pt\/\",\"logo\":{\"@type\":\"ImageObject\",\"inLanguage\":\"pt-PT\",\"@id\":\"https:\/\/aprh.pt\/pt\/#\/schema\/logo\/image\/\",\"url\":\"https:\/\/aprh.pt\/wp-content\/uploads\/2022\/04\/logotipo.png\",\"contentUrl\":\"https:\/\/aprh.pt\/wp-content\/uploads\/2022\/04\/logotipo.png\",\"width\":181,\"height\":80,\"caption\":\"APRH\"},\"image\":{\"@id\":\"https:\/\/aprh.pt\/pt\/#\/schema\/logo\/image\/\"}}]}<\/script>\n<!-- \/ Yoast SEO plugin. -->","yoast_head_json":{"title":"Maria da Concei\u00e7\u00e3o Cunha - APRH","robots":{"index":"index","follow":"follow","max-snippet":"max-snippet:-1","max-image-preview":"max-image-preview:large","max-video-preview":"max-video-preview:-1"},"canonical":"https:\/\/aprh.pt\/pt\/quem-somos\/historia\/maria-da-conceicao-cunha\/","og_locale":"pt_PT","og_type":"article","og_title":"Maria da Concei\u00e7\u00e3o Cunha - APRH","og_description":"Presidentes das Comiss\u00f5es Directivas Maria da Concei\u00e7\u00e3o Cunha Maria da Concei\u00e7\u00e3o Cunha \u00e9 Engenheira Civil pela Universidade de Coimbra e tem um Doutoramento em Ci\u00eancias Naturais Aplicadas pela Universidade Cat\u00f3lica de Lovaina (B\u00e9lgica). \u00c9 atualmente Professora Catedr\u00e1tica do Departamento de Engenharia da Universidade de Coimbra, estando ligada \u00e0 tem\u00e1tica dos modelos de decis\u00e3o para a [&hellip;]","og_url":"https:\/\/aprh.pt\/pt\/quem-somos\/historia\/maria-da-conceicao-cunha\/","og_site_name":"APRH","article_modified_time":"2022-11-21T15:27:20+00:00","og_image":[{"url":"https:\/\/www.aprh.pt\/wp-content\/uploads\/2016\/04\/mcc.jpg"}],"twitter_card":"summary_large_image","twitter_misc":{"Tempo estimado de leitura":"1 minuto"},"schema":{"@context":"https:\/\/schema.org","@graph":[{"@type":"WebPage","@id":"https:\/\/aprh.pt\/pt\/quem-somos\/historia\/maria-da-conceicao-cunha\/","url":"https:\/\/aprh.pt\/pt\/quem-somos\/historia\/maria-da-conceicao-cunha\/","name":"Maria da Concei\u00e7\u00e3o Cunha - APRH","isPartOf":{"@id":"https:\/\/aprh.pt\/pt\/#website"},"primaryImageOfPage":{"@id":"https:\/\/aprh.pt\/pt\/quem-somos\/historia\/maria-da-conceicao-cunha\/#primaryimage"},"image":{"@id":"https:\/\/aprh.pt\/pt\/quem-somos\/historia\/maria-da-conceicao-cunha\/#primaryimage"},"thumbnailUrl":"https:\/\/www.aprh.pt\/wp-content\/uploads\/2016\/04\/mcc.jpg","datePublished":"2022-05-19T14:05:38+00:00","dateModified":"2022-11-21T15:27:20+00:00","breadcrumb":{"@id":"https:\/\/aprh.pt\/pt\/quem-somos\/historia\/maria-da-conceicao-cunha\/#breadcrumb"},"inLanguage":"pt-PT","potentialAction":[{"@type":"ReadAction","target":["https:\/\/aprh.pt\/pt\/quem-somos\/historia\/maria-da-conceicao-cunha\/"]}]},{"@type":"ImageObject","inLanguage":"pt-PT","@id":"https:\/\/aprh.pt\/pt\/quem-somos\/historia\/maria-da-conceicao-cunha\/#primaryimage","url":"https:\/\/www.aprh.pt\/wp-content\/uploads\/2016\/04\/mcc.jpg","contentUrl":"https:\/\/www.aprh.pt\/wp-content\/uploads\/2016\/04\/mcc.jpg"},{"@type":"BreadcrumbList","@id":"https:\/\/aprh.pt\/pt\/quem-somos\/historia\/maria-da-conceicao-cunha\/#breadcrumb","itemListElement":[{"@type":"ListItem","position":1,"name":"Home","item":"https:\/\/aprh.pt\/pt\/"},{"@type":"ListItem","position":2,"name":"Quem somos","item":"https:\/\/aprh.pt\/pt\/quem-somos\/"},{"@type":"ListItem","position":3,"name":"Hist\u00f3ria","item":"https:\/\/aprh.pt\/pt\/quem-somos\/historia\/"},{"@type":"ListItem","position":4,"name":"Maria da Concei\u00e7\u00e3o Cunha"}]},{"@type":"WebSite","@id":"https:\/\/aprh.pt\/pt\/#website","url":"https:\/\/aprh.pt\/pt\/","name":"APRH","description":"Associa\u00e7\u00e3o Portuguesa dos Recursos H\u00eddricos","publisher":{"@id":"https:\/\/aprh.pt\/pt\/#organization"},"potentialAction":[{"@type":"SearchAction","target":{"@type":"EntryPoint","urlTemplate":"https:\/\/aprh.pt\/pt\/?s={search_term_string}"},"query-input":{"@type":"PropertyValueSpecification","valueRequired":true,"valueName":"search_term_string"}}],"inLanguage":"pt-PT"},{"@type":"Organization","@id":"https:\/\/aprh.pt\/pt\/#organization","name":"APRH","url":"https:\/\/aprh.pt\/pt\/","logo":{"@type":"ImageObject","inLanguage":"pt-PT","@id":"https:\/\/aprh.pt\/pt\/#\/schema\/logo\/image\/","url":"https:\/\/aprh.pt\/wp-content\/uploads\/2022\/04\/logotipo.png","contentUrl":"https:\/\/aprh.pt\/wp-content\/uploads\/2022\/04\/logotipo.png","width":181,"height":80,"caption":"APRH"},"image":{"@id":"https:\/\/aprh.pt\/pt\/#\/schema\/logo\/image\/"}}]}},"_links":{"self":[{"href":"https:\/\/aprh.pt\/pt\/wp-json\/wp\/v2\/pages\/8459","targetHints":{"allow":["GET"]}}],"collection":[{"href":"https:\/\/aprh.pt\/pt\/wp-json\/wp\/v2\/pages"}],"about":[{"href":"https:\/\/aprh.pt\/pt\/wp-json\/wp\/v2\/types\/page"}],"author":[{"embeddable":true,"href":"https:\/\/aprh.pt\/pt\/wp-json\/wp\/v2\/users\/1"}],"replies":[{"embeddable":true,"href":"https:\/\/aprh.pt\/pt\/wp-json\/wp\/v2\/comments?post=8459"}],"version-history":[{"count":8,"href":"https:\/\/aprh.pt\/pt\/wp-json\/wp\/v2\/pages\/8459\/revisions"}],"predecessor-version":[{"id":60209,"href":"https:\/\/aprh.pt\/pt\/wp-json\/wp\/v2\/pages\/8459\/revisions\/60209"}],"up":[{"embeddable":true,"href":"https:\/\/aprh.pt\/pt\/wp-json\/wp\/v2\/pages\/45468"}],"wp:attachment":[{"href":"https:\/\/aprh.pt\/pt\/wp-json\/wp\/v2\/media?parent=8459"}],"curies":[{"name":"wp","href":"https:\/\/api.w.org\/{rel}","templated":true}]}}