{"id":8460,"date":"2022-05-19T14:06:49","date_gmt":"2022-05-19T14:06:49","guid":{"rendered":"https:\/\/aprh.zalox.pt\/?page_id=8460"},"modified":"2022-11-21T15:35:40","modified_gmt":"2022-11-21T15:35:40","slug":"susana-neto","status":"publish","type":"page","link":"https:\/\/aprh.pt\/pt\/quem-somos\/historia\/susana-neto\/","title":{"rendered":"Susana Neto"},"content":{"rendered":"\t\t<div data-elementor-type=\"wp-page\" data-elementor-id=\"8460\" class=\"elementor elementor-8460\" data-elementor-post-type=\"page\">\n\t\t\t\t\t\t<section class=\"elementor-section elementor-top-section elementor-element elementor-element-83c4e17 elementor-section-boxed elementor-section-height-default elementor-section-height-default\" data-id=\"83c4e17\" data-element_type=\"section\">\n\t\t\t\t\t\t<div class=\"elementor-container elementor-column-gap-no\">\n\t\t\t\t\t<div class=\"elementor-column elementor-col-100 elementor-top-column elementor-element elementor-element-0145e2e\" data-id=\"0145e2e\" data-element_type=\"column\">\n\t\t\t<div class=\"elementor-widget-wrap elementor-element-populated\">\n\t\t\t\t\t\t<div class=\"elementor-element elementor-element-86fd5a0 elementor-widget elementor-widget-global elementor-global-475 elementor-widget-spacer\" data-id=\"86fd5a0\" data-element_type=\"widget\" data-widget_type=\"spacer.default\">\n\t\t\t\t<div class=\"elementor-widget-container\">\n\t\t\t\t\t<div class=\"elementor-spacer\">\n\t\t\t<div class=\"elementor-spacer-inner\"><\/div>\n\t\t<\/div>\n\t\t\t\t<\/div>\n\t\t\t\t<\/div>\n\t\t\t\t\t<\/div>\n\t\t<\/div>\n\t\t\t\t\t<\/div>\n\t\t<\/section>\n\t\t\t\t<section class=\"elementor-section elementor-top-section elementor-element elementor-element-61b33f7 elementor-section-boxed elementor-section-height-default elementor-section-height-default\" data-id=\"61b33f7\" data-element_type=\"section\">\n\t\t\t\t\t\t<div class=\"elementor-container elementor-column-gap-no\">\n\t\t\t\t\t<div class=\"elementor-column elementor-col-25 elementor-top-column elementor-element elementor-element-2fa24a2\" data-id=\"2fa24a2\" data-element_type=\"column\">\n\t\t\t<div class=\"elementor-widget-wrap elementor-element-populated\">\n\t\t\t\t\t\t<div class=\"elementor-element elementor-element-3bcbece elementor-widget elementor-widget-heading\" data-id=\"3bcbece\" data-element_type=\"widget\" data-widget_type=\"heading.default\">\n\t\t\t\t<div class=\"elementor-widget-container\">\n\t\t\t<h2 class=\"elementor-heading-title elementor-size-default\">Presidentes das Comiss\u00f5es Directivas<\/h2>\t\t<\/div>\n\t\t\t\t<\/div>\n\t\t\t\t\t<\/div>\n\t\t<\/div>\n\t\t\t\t<div class=\"elementor-column elementor-col-50 elementor-top-column elementor-element elementor-element-5952dc9\" data-id=\"5952dc9\" data-element_type=\"column\">\n\t\t\t<div class=\"elementor-widget-wrap elementor-element-populated\">\n\t\t\t\t\t\t<div class=\"elementor-element elementor-element-34539ea elementor-widget elementor-widget-image\" data-id=\"34539ea\" data-element_type=\"widget\" data-widget_type=\"image.default\">\n\t\t\t\t<div class=\"elementor-widget-container\">\n\t\t\t\t\t\t\t\t\t\t\t\t\t<img fetchpriority=\"high\" decoding=\"async\" width=\"218\" height=\"273\" src=\"https:\/\/aprh.pt\/wp-content\/uploads\/2014\/06\/susana-neto.jpg\" class=\"attachment-medium size-medium wp-image-5472\" alt=\"susana-neto\" \/>\t\t\t\t\t\t\t\t\t\t\t\t\t<\/div>\n\t\t\t\t<\/div>\n\t\t\t\t<div class=\"elementor-element elementor-element-6527861 elementor-widget elementor-widget-heading\" data-id=\"6527861\" data-element_type=\"widget\" data-widget_type=\"heading.default\">\n\t\t\t\t<div class=\"elementor-widget-container\">\n\t\t\t<h2 class=\"elementor-heading-title elementor-size-default\">Susana Neto<\/h2>\t\t<\/div>\n\t\t\t\t<\/div>\n\t\t\t\t<div class=\"elementor-element elementor-element-7853ea5 remover_marcadores elementor-widget elementor-widget-text-editor\" data-id=\"7853ea5\" data-element_type=\"widget\" data-widget_type=\"text-editor.default\">\n\t\t\t\t<div class=\"elementor-widget-container\">\n\t\t\t\t\t\t\t<p><strong>Presidente da Comiss\u00e3o Diretiva entre 2018 e 2021\u00a0<\/strong>(bi\u00e9nio prolongado excecionalmente). Associada N\u00ba 681 da APRH<\/p><p><span style=\"color: var( --e-global-color-text ); font-family: var( --e-global-typography-c99705b-font-family ), Sans-serif; font-size: var( --e-global-typography-c99705b-font-size ); font-style: var( --e-global-typography-c99705b-font-style ); font-weight: var( --e-global-typography-c99705b-font-weight ); letter-spacing: var( --e-global-typography-c99705b-letter-spacing ); text-transform: var( --e-global-typography-c99705b-text-transform ); word-spacing: var( --e-global-typography-c99705b-word-spacing );\">Licenciada em Engenharia Civil (IST, 1982), concluiu o Mestrado e o Doutoramento em Planeamento Regional e Urbano (UTL, 1987 e 2010 respetivamente). Tem desenvolvido trabalho acad\u00e9mico e profissional nas \u00e1reas da Integra\u00e7\u00e3o Territorial da Governan\u00e7a da \u00c1gua, Pol\u00edticas de \u00c1gua, Planeamento Regional, Desenvolvimento Sustent\u00e1vel e Desenvolvimento Urbano. Entre 1997 e 2001 desempenhou tarefas de coordena\u00e7\u00e3o na Equipa do Plano Nacional da \u00c1gua, no INAG, onde acompanhou os primeiros 15 Planos de Bacia Hidrogr\u00e1fica e o primeiro Plano Nacional da \u00c1gua, aprovados em 2001.<\/span><\/p><p><span style=\"color: var( --e-global-color-text ); font-family: var( --e-global-typography-c99705b-font-family ), Sans-serif; font-size: var( --e-global-typography-c99705b-font-size ); font-style: var( --e-global-typography-c99705b-font-style ); font-weight: var( --e-global-typography-c99705b-font-weight ); letter-spacing: var( --e-global-typography-c99705b-letter-spacing ); text-transform: var( --e-global-typography-c99705b-text-transform ); word-spacing: var( --e-global-typography-c99705b-word-spacing );\">Membro integrado no CERIS \/ IST desde 2014. Com afilia\u00e7\u00f5es acad\u00e9micas internacionais, na Europa &#8211; Universidade T\u00e9cnica de Darmstadt (Alemanha), IHE-Delft (Holanda) \u2013 e na Austr\u00e1lia, na UWA desde 2012 e Universidade de Griffith desde 2018. Delegada do Programa HELP | IHP da UNESCO, para a Bacia do Guadiana, desde 2004. Integra o Grupo da OCDE &#8211;\u00a0<\/span><em style=\"color: var( --e-global-color-text ); font-family: var( --e-global-typography-c99705b-font-family ), Sans-serif; font-size: var( --e-global-typography-c99705b-font-size ); font-weight: var( --e-global-typography-c99705b-font-weight ); letter-spacing: var( --e-global-typography-c99705b-letter-spacing ); text-transform: var( --e-global-typography-c99705b-text-transform ); word-spacing: var( --e-global-typography-c99705b-word-spacing );\">Water Governance Initiative Group<\/em><span style=\"color: var( --e-global-color-text ); font-family: var( --e-global-typography-c99705b-font-family ), Sans-serif; font-size: var( --e-global-typography-c99705b-font-size ); font-style: var( --e-global-typography-c99705b-font-style ); font-weight: var( --e-global-typography-c99705b-font-weight ); letter-spacing: var( --e-global-typography-c99705b-letter-spacing ); text-transform: var( --e-global-typography-c99705b-text-transform ); word-spacing: var( --e-global-typography-c99705b-word-spacing );\">\u00a0(WGI) &#8211; desde 2016.<\/span><\/p>\t\t\t\t\t\t<\/div>\n\t\t\t\t<\/div>\n\t\t\t\t\t<\/div>\n\t\t<\/div>\n\t\t\t\t<div class=\"elementor-column elementor-col-25 elementor-top-column elementor-element elementor-element-7cdb4ec elementor-hidden-tablet elementor-hidden-mobile\" data-id=\"7cdb4ec\" data-element_type=\"column\">\n\t\t\t<div class=\"elementor-widget-wrap\">\n\t\t\t\t\t\t\t<\/div>\n\t\t<\/div>\n\t\t\t\t\t<\/div>\n\t\t<\/section>\n\t\t\t\t<section class=\"elementor-section elementor-top-section elementor-element elementor-element-740597f elementor-section-boxed elementor-section-height-default elementor-section-height-default\" data-id=\"740597f\" data-element_type=\"section\">\n\t\t\t\t\t\t<div class=\"elementor-container elementor-column-gap-no\">\n\t\t\t\t\t<div class=\"elementor-column elementor-col-100 elementor-top-column elementor-element elementor-element-fc48aef\" data-id=\"fc48aef\" data-element_type=\"column\">\n\t\t\t<div class=\"elementor-widget-wrap elementor-element-populated\">\n\t\t\t\t\t\t<div class=\"elementor-element elementor-element-c36a8a9 elementor-widget elementor-widget-global elementor-global-500 elementor-widget-spacer\" data-id=\"c36a8a9\" data-element_type=\"widget\" data-widget_type=\"spacer.default\">\n\t\t\t\t<div class=\"elementor-widget-container\">\n\t\t\t\t\t<div class=\"elementor-spacer\">\n\t\t\t<div class=\"elementor-spacer-inner\"><\/div>\n\t\t<\/div>\n\t\t\t\t<\/div>\n\t\t\t\t<\/div>\n\t\t\t\t\t<\/div>\n\t\t<\/div>\n\t\t\t\t\t<\/div>\n\t\t<\/section>\n\t\t\t\t<\/div>\n\t\t","protected":false},"excerpt":{"rendered":"<p>Presidentes das Comiss\u00f5es Directivas Susana Neto Presidente da Comiss\u00e3o Diretiva entre 2018 e 2021\u00a0(bi\u00e9nio prolongado excecionalmente). Associada N\u00ba 681 da APRH Licenciada em Engenharia Civil (IST, 1982), concluiu o Mestrado e o Doutoramento em Planeamento Regional e Urbano (UTL, 1987 e 2010 respetivamente). Tem desenvolvido trabalho acad\u00e9mico e profissional nas \u00e1reas da Integra\u00e7\u00e3o Territorial da [&hellip;]<\/p>\n","protected":false},"author":1,"featured_media":0,"parent":45468,"menu_order":0,"comment_status":"closed","ping_status":"closed","template":"","meta":{"footnotes":""},"class_list":["post-8460","page","type-page","status-publish","hentry"],"yoast_head":"<!-- This site is optimized with the Yoast SEO plugin v23.8 - https:\/\/yoast.com\/wordpress\/plugins\/seo\/ -->\n<title>Susana Neto - APRH<\/title>\n<meta name=\"robots\" content=\"index, follow, max-snippet:-1, max-image-preview:large, max-video-preview:-1\" \/>\n<link rel=\"canonical\" href=\"https:\/\/aprh.pt\/pt\/quem-somos\/historia\/susana-neto\/\" \/>\n<meta property=\"og:locale\" content=\"pt_PT\" \/>\n<meta property=\"og:type\" content=\"article\" \/>\n<meta property=\"og:title\" content=\"Susana Neto - APRH\" \/>\n<meta property=\"og:description\" content=\"Presidentes das Comiss\u00f5es Directivas Susana Neto Presidente da Comiss\u00e3o Diretiva entre 2018 e 2021\u00a0(bi\u00e9nio prolongado excecionalmente). Associada N\u00ba 681 da APRH Licenciada em Engenharia Civil (IST, 1982), concluiu o Mestrado e o Doutoramento em Planeamento Regional e Urbano (UTL, 1987 e 2010 respetivamente). Tem desenvolvido trabalho acad\u00e9mico e profissional nas \u00e1reas da Integra\u00e7\u00e3o Territorial da [&hellip;]\" \/>\n<meta property=\"og:url\" content=\"https:\/\/aprh.pt\/pt\/quem-somos\/historia\/susana-neto\/\" \/>\n<meta property=\"og:site_name\" content=\"APRH\" \/>\n<meta property=\"article:modified_time\" content=\"2022-11-21T15:35:40+00:00\" \/>\n<meta property=\"og:image\" content=\"https:\/\/www.aprh.pt\/wp-content\/uploads\/2014\/06\/susana-neto.jpg\" \/>\n<meta name=\"twitter:card\" content=\"summary_large_image\" \/>\n<meta name=\"twitter:label1\" content=\"Tempo estimado de leitura\" \/>\n\t<meta name=\"twitter:data1\" content=\"2 minutos\" \/>\n<script type=\"application\/ld+json\" class=\"yoast-schema-graph\">{\"@context\":\"https:\/\/schema.org\",\"@graph\":[{\"@type\":\"WebPage\",\"@id\":\"https:\/\/aprh.pt\/pt\/quem-somos\/historia\/susana-neto\/\",\"url\":\"https:\/\/aprh.pt\/pt\/quem-somos\/historia\/susana-neto\/\",\"name\":\"Susana Neto - APRH\",\"isPartOf\":{\"@id\":\"https:\/\/aprh.pt\/pt\/#website\"},\"primaryImageOfPage\":{\"@id\":\"https:\/\/aprh.pt\/pt\/quem-somos\/historia\/susana-neto\/#primaryimage\"},\"image\":{\"@id\":\"https:\/\/aprh.pt\/pt\/quem-somos\/historia\/susana-neto\/#primaryimage\"},\"thumbnailUrl\":\"https:\/\/www.aprh.pt\/wp-content\/uploads\/2014\/06\/susana-neto.jpg\",\"datePublished\":\"2022-05-19T14:06:49+00:00\",\"dateModified\":\"2022-11-21T15:35:40+00:00\",\"breadcrumb\":{\"@id\":\"https:\/\/aprh.pt\/pt\/quem-somos\/historia\/susana-neto\/#breadcrumb\"},\"inLanguage\":\"pt-PT\",\"potentialAction\":[{\"@type\":\"ReadAction\",\"target\":[\"https:\/\/aprh.pt\/pt\/quem-somos\/historia\/susana-neto\/\"]}]},{\"@type\":\"ImageObject\",\"inLanguage\":\"pt-PT\",\"@id\":\"https:\/\/aprh.pt\/pt\/quem-somos\/historia\/susana-neto\/#primaryimage\",\"url\":\"https:\/\/www.aprh.pt\/wp-content\/uploads\/2014\/06\/susana-neto.jpg\",\"contentUrl\":\"https:\/\/www.aprh.pt\/wp-content\/uploads\/2014\/06\/susana-neto.jpg\"},{\"@type\":\"BreadcrumbList\",\"@id\":\"https:\/\/aprh.pt\/pt\/quem-somos\/historia\/susana-neto\/#breadcrumb\",\"itemListElement\":[{\"@type\":\"ListItem\",\"position\":1,\"name\":\"Home\",\"item\":\"https:\/\/aprh.pt\/pt\/\"},{\"@type\":\"ListItem\",\"position\":2,\"name\":\"Quem somos\",\"item\":\"https:\/\/aprh.pt\/pt\/quem-somos\/\"},{\"@type\":\"ListItem\",\"position\":3,\"name\":\"Hist\u00f3ria\",\"item\":\"https:\/\/aprh.pt\/pt\/quem-somos\/historia\/\"},{\"@type\":\"ListItem\",\"position\":4,\"name\":\"Susana Neto\"}]},{\"@type\":\"WebSite\",\"@id\":\"https:\/\/aprh.pt\/pt\/#website\",\"url\":\"https:\/\/aprh.pt\/pt\/\",\"name\":\"APRH\",\"description\":\"Associa\u00e7\u00e3o Portuguesa dos Recursos H\u00eddricos\",\"publisher\":{\"@id\":\"https:\/\/aprh.pt\/pt\/#organization\"},\"potentialAction\":[{\"@type\":\"SearchAction\",\"target\":{\"@type\":\"EntryPoint\",\"urlTemplate\":\"https:\/\/aprh.pt\/pt\/?s={search_term_string}\"},\"query-input\":{\"@type\":\"PropertyValueSpecification\",\"valueRequired\":true,\"valueName\":\"search_term_string\"}}],\"inLanguage\":\"pt-PT\"},{\"@type\":\"Organization\",\"@id\":\"https:\/\/aprh.pt\/pt\/#organization\",\"name\":\"APRH\",\"url\":\"https:\/\/aprh.pt\/pt\/\",\"logo\":{\"@type\":\"ImageObject\",\"inLanguage\":\"pt-PT\",\"@id\":\"https:\/\/aprh.pt\/pt\/#\/schema\/logo\/image\/\",\"url\":\"https:\/\/aprh.pt\/wp-content\/uploads\/2022\/04\/logotipo.png\",\"contentUrl\":\"https:\/\/aprh.pt\/wp-content\/uploads\/2022\/04\/logotipo.png\",\"width\":181,\"height\":80,\"caption\":\"APRH\"},\"image\":{\"@id\":\"https:\/\/aprh.pt\/pt\/#\/schema\/logo\/image\/\"}}]}<\/script>\n<!-- \/ Yoast SEO plugin. -->","yoast_head_json":{"title":"Susana Neto - APRH","robots":{"index":"index","follow":"follow","max-snippet":"max-snippet:-1","max-image-preview":"max-image-preview:large","max-video-preview":"max-video-preview:-1"},"canonical":"https:\/\/aprh.pt\/pt\/quem-somos\/historia\/susana-neto\/","og_locale":"pt_PT","og_type":"article","og_title":"Susana Neto - APRH","og_description":"Presidentes das Comiss\u00f5es Directivas Susana Neto Presidente da Comiss\u00e3o Diretiva entre 2018 e 2021\u00a0(bi\u00e9nio prolongado excecionalmente). Associada N\u00ba 681 da APRH Licenciada em Engenharia Civil (IST, 1982), concluiu o Mestrado e o Doutoramento em Planeamento Regional e Urbano (UTL, 1987 e 2010 respetivamente). Tem desenvolvido trabalho acad\u00e9mico e profissional nas \u00e1reas da Integra\u00e7\u00e3o Territorial da [&hellip;]","og_url":"https:\/\/aprh.pt\/pt\/quem-somos\/historia\/susana-neto\/","og_site_name":"APRH","article_modified_time":"2022-11-21T15:35:40+00:00","og_image":[{"url":"https:\/\/www.aprh.pt\/wp-content\/uploads\/2014\/06\/susana-neto.jpg"}],"twitter_card":"summary_large_image","twitter_misc":{"Tempo estimado de leitura":"2 minutos"},"schema":{"@context":"https:\/\/schema.org","@graph":[{"@type":"WebPage","@id":"https:\/\/aprh.pt\/pt\/quem-somos\/historia\/susana-neto\/","url":"https:\/\/aprh.pt\/pt\/quem-somos\/historia\/susana-neto\/","name":"Susana Neto - APRH","isPartOf":{"@id":"https:\/\/aprh.pt\/pt\/#website"},"primaryImageOfPage":{"@id":"https:\/\/aprh.pt\/pt\/quem-somos\/historia\/susana-neto\/#primaryimage"},"image":{"@id":"https:\/\/aprh.pt\/pt\/quem-somos\/historia\/susana-neto\/#primaryimage"},"thumbnailUrl":"https:\/\/www.aprh.pt\/wp-content\/uploads\/2014\/06\/susana-neto.jpg","datePublished":"2022-05-19T14:06:49+00:00","dateModified":"2022-11-21T15:35:40+00:00","breadcrumb":{"@id":"https:\/\/aprh.pt\/pt\/quem-somos\/historia\/susana-neto\/#breadcrumb"},"inLanguage":"pt-PT","potentialAction":[{"@type":"ReadAction","target":["https:\/\/aprh.pt\/pt\/quem-somos\/historia\/susana-neto\/"]}]},{"@type":"ImageObject","inLanguage":"pt-PT","@id":"https:\/\/aprh.pt\/pt\/quem-somos\/historia\/susana-neto\/#primaryimage","url":"https:\/\/www.aprh.pt\/wp-content\/uploads\/2014\/06\/susana-neto.jpg","contentUrl":"https:\/\/www.aprh.pt\/wp-content\/uploads\/2014\/06\/susana-neto.jpg"},{"@type":"BreadcrumbList","@id":"https:\/\/aprh.pt\/pt\/quem-somos\/historia\/susana-neto\/#breadcrumb","itemListElement":[{"@type":"ListItem","position":1,"name":"Home","item":"https:\/\/aprh.pt\/pt\/"},{"@type":"ListItem","position":2,"name":"Quem somos","item":"https:\/\/aprh.pt\/pt\/quem-somos\/"},{"@type":"ListItem","position":3,"name":"Hist\u00f3ria","item":"https:\/\/aprh.pt\/pt\/quem-somos\/historia\/"},{"@type":"ListItem","position":4,"name":"Susana Neto"}]},{"@type":"WebSite","@id":"https:\/\/aprh.pt\/pt\/#website","url":"https:\/\/aprh.pt\/pt\/","name":"APRH","description":"Associa\u00e7\u00e3o Portuguesa dos Recursos H\u00eddricos","publisher":{"@id":"https:\/\/aprh.pt\/pt\/#organization"},"potentialAction":[{"@type":"SearchAction","target":{"@type":"EntryPoint","urlTemplate":"https:\/\/aprh.pt\/pt\/?s={search_term_string}"},"query-input":{"@type":"PropertyValueSpecification","valueRequired":true,"valueName":"search_term_string"}}],"inLanguage":"pt-PT"},{"@type":"Organization","@id":"https:\/\/aprh.pt\/pt\/#organization","name":"APRH","url":"https:\/\/aprh.pt\/pt\/","logo":{"@type":"ImageObject","inLanguage":"pt-PT","@id":"https:\/\/aprh.pt\/pt\/#\/schema\/logo\/image\/","url":"https:\/\/aprh.pt\/wp-content\/uploads\/2022\/04\/logotipo.png","contentUrl":"https:\/\/aprh.pt\/wp-content\/uploads\/2022\/04\/logotipo.png","width":181,"height":80,"caption":"APRH"},"image":{"@id":"https:\/\/aprh.pt\/pt\/#\/schema\/logo\/image\/"}}]}},"_links":{"self":[{"href":"https:\/\/aprh.pt\/pt\/wp-json\/wp\/v2\/pages\/8460","targetHints":{"allow":["GET"]}}],"collection":[{"href":"https:\/\/aprh.pt\/pt\/wp-json\/wp\/v2\/pages"}],"about":[{"href":"https:\/\/aprh.pt\/pt\/wp-json\/wp\/v2\/types\/page"}],"author":[{"embeddable":true,"href":"https:\/\/aprh.pt\/pt\/wp-json\/wp\/v2\/users\/1"}],"replies":[{"embeddable":true,"href":"https:\/\/aprh.pt\/pt\/wp-json\/wp\/v2\/comments?post=8460"}],"version-history":[{"count":8,"href":"https:\/\/aprh.pt\/pt\/wp-json\/wp\/v2\/pages\/8460\/revisions"}],"predecessor-version":[{"id":60233,"href":"https:\/\/aprh.pt\/pt\/wp-json\/wp\/v2\/pages\/8460\/revisions\/60233"}],"up":[{"embeddable":true,"href":"https:\/\/aprh.pt\/pt\/wp-json\/wp\/v2\/pages\/45468"}],"wp:attachment":[{"href":"https:\/\/aprh.pt\/pt\/wp-json\/wp\/v2\/media?parent=8460"}],"curies":[{"name":"wp","href":"https:\/\/api.w.org\/{rel}","templated":true}]}}